{"id":146,"date":"2023-10-04T15:27:45","date_gmt":"2023-10-04T07:27:45","guid":{"rendered":"https:\/\/qqpets.com\/?post_type=product&#038;p=146"},"modified":"2024-09-02T15:03:14","modified_gmt":"2024-09-02T07:03:14","slug":"training-walking-no-pull-service-dog-harness","status":"publish","type":"product","link":"https:\/\/qqpets.com\/cs\/produkt\/training-walking-no-pull-service-dog-harness\/","title":{"rendered":"V\u00fdcvik Walking No Pull Service Dog Harness"},"content":{"rendered":"<p>P\u0159edstavujeme v\u00e1m n\u00e1\u0161 pr\u00e9miov\u00fd postroj pro slu\u017eebn\u00ed psy, kter\u00fd je navr\u017een tak, aby vyhovoval pot\u0159eb\u00e1m slu\u017eebn\u00edch ps\u016f, kte\u0159\u00ed poskytuj\u00ed nezbytnou podporu. Tento postroj je vyroben tak, aby zajistil maxim\u00e1ln\u00ed pohodl\u00ed a funk\u010dnost b\u011bhem dlouh\u00fdch hodin pr\u00e1ce.<\/p>\n<p>N\u00e1\u0161 postroj je vybaven vysoce viditeln\u00fdmi n\u00e1\u0161ivkami, kter\u00e9 jasn\u011b identifikuj\u00ed va\u0161eho psa jako slu\u017eebn\u00ed zv\u00ed\u0159e, co\u017e je na ve\u0159ejnosti velmi d\u016fle\u017eit\u00e9. Tyto n\u00e1\u0161ivky jsou vyrobeny z reflexn\u00edho materi\u00e1lu, kter\u00fd zvy\u0161uje bezpe\u010dnost p\u0159i no\u010dn\u00edch vych\u00e1zk\u00e1ch nebo za zhor\u0161en\u00fdch sv\u011bteln\u00fdch podm\u00ednek.<\/p>\n<p>Nastavitelnost je kl\u00ed\u010dem k jak\u00e9mukoli p\u0159\u00edslu\u0161enstv\u00ed pro pracovn\u00ed psy a n\u00e1\u0161 postroj nab\u00edz\u00ed snadno nastaviteln\u00e9 popruhy, kter\u00e9 zajist\u00ed pevn\u00e9 a bezpe\u010dn\u00e9 uchycen\u00ed pro ka\u017ed\u00e9 plemeno psa. Ergonomick\u00fd design zabra\u0148uje od\u00edr\u00e1n\u00ed a nam\u00e1h\u00e1n\u00ed a poskytuje va\u0161emu psovi pohodl\u00ed po cel\u00fd den.<\/p>\n<p>Postroj je nav\u00edc vybaven robustn\u00ed rukojet\u00ed, kter\u00e1 umo\u017e\u0148uje lep\u0161\u00ed ovl\u00e1d\u00e1n\u00ed v p\u0159epln\u011bn\u00fdch prostor\u00e1ch nebo v nouzov\u00fdch situac\u00edch. Tato rukoje\u0165 je tak\u00e9 u\u017eite\u010dn\u00e1 pro asistenci p\u0159i pohybu a pom\u00e1h\u00e1 psovod\u016fm s fyzick\u00fdmi probl\u00e9my snadn\u011bji se pohybovat v prost\u0159ed\u00ed.<\/p>\n<p>N\u00e1\u0161 postroj pro slu\u017eebn\u00ed psy je vyroben z odoln\u00fdch materi\u00e1l\u016f a je odoln\u00fd proti opot\u0159eben\u00ed, tak\u017ee je vhodn\u00fd pro ka\u017edodenn\u00ed pou\u017e\u00edv\u00e1n\u00ed za jak\u00e9hokoli po\u010das\u00ed. Snadno se \u010dist\u00ed a udr\u017euje, co\u017e zaru\u010duje, \u017ee z\u016fstane ve vynikaj\u00edc\u00edm stavu a bude p\u0159ipraven na dal\u0161\u00ed pracovn\u00ed den va\u0161eho psa.<\/p>\n<p>N\u00e1\u0161 postroj pro slu\u017eebn\u00ed psy, kter\u00fd je ide\u00e1ln\u00ed pro slu\u017eebn\u00ed psy v r\u016fzn\u00fdch rol\u00edch, v\u010detn\u011b l\u00e9ka\u0159sk\u00e9 asistence, asistence p\u0159i pohybu a dal\u0161\u00edch, v sob\u011b spojuje prakti\u010dnost a profesion\u00e1ln\u00ed viditelnost, tak\u017ee je pro va\u0161e slu\u017eebn\u00ed zv\u00ed\u0159e nepostradateln\u00fdm n\u00e1strojem.<\/p>\n<h5><strong>Jakou barvu postroje by m\u011bl slu\u017eebn\u00ed pes nosit?<\/strong><\/h5>\n<p>Slu\u017eebn\u00ed psi obvykle nos\u00ed postroje nebo vesty modr\u00e9 nebo \u010derven\u00e9 barvy, proto\u017ee tyto barvy jsou v\u0161eobecn\u011b zn\u00e1m\u00e9 a \u010dasto znamenaj\u00ed, \u017ee pes pracuje.<\/p>\n<h5><strong>M\u016f\u017ee nosit vestu pro slu\u017eebn\u00ed psy jak\u00fdkoli pes?<\/strong><\/h5>\n<p>Podle z\u00e1kona mohou vestu pro slu\u017eebn\u00ed psy nosit pouze psi, kte\u0159\u00ed jsou vycvi\u010deni k pln\u011bn\u00ed specifick\u00fdch \u00fakol\u016f pro osoby se zdravotn\u00edm posti\u017een\u00edm. Vyd\u00e1vat dom\u00e1c\u00edho mazl\u00ed\u010dka za slu\u017eebn\u00edho psa je neetick\u00e9 a v n\u011bkter\u00fdch oblastech m\u016f\u017ee b\u00fdt nez\u00e1konn\u00e9.<\/p>\n<h5><strong>Pro\u010d nos\u00ed slu\u017eebn\u00ed psi postroje?<\/strong><\/h5>\n<p>Slu\u017eebn\u00ed psi nos\u00ed postroje, aby byli l\u00e9pe viditeln\u00ed, signalizovali sv\u016fj pracovn\u00ed status a umo\u017enili lep\u0161\u00ed kontrolu a komunikaci mezi psem a psovodem, zejm\u00e9na na ve\u0159ejn\u00fdch m\u00edstech.<\/p>\n<h5><strong>Jak vyrobit vestu pro asisten\u010dn\u00ed psy?<\/strong><\/h5>\n<p>V\u00fdroba vesty pro asisten\u010dn\u00ed psy obvykle zahrnuje v\u00fdb\u011br odoln\u00e9ho a pohodln\u00e9ho materi\u00e1lu, m\u011b\u0159en\u00ed psa, aby spr\u00e1vn\u011b sed\u011bla, a jasn\u00e9 ozna\u010den\u00ed, jako je \"slu\u017eebn\u00ed pes\" nebo specifick\u00e9 n\u00e1\u0161ivky souvisej\u00edc\u00ed s \u00fakolem. Obvykle jsou nutn\u00e9 \u0161ic\u00ed dovednosti a materi\u00e1ly jako such\u00fd zip pro p\u0159ipevn\u011bn\u00ed n\u00e1\u0161ivek.<\/p>\n<h5><strong>Co znamen\u00e1 r\u016f\u017eov\u00e1 vesta pro slu\u017eebn\u00ed psy?<\/strong><\/h5>\n<p>R\u016f\u017eov\u00e1 vesta pro slu\u017eebn\u00ed psy nem\u00e1 specifick\u00fd regula\u010dn\u00ed v\u00fdznam, ale \u010dasto se pou\u017e\u00edv\u00e1 pro personalizaci nebo pro lep\u0161\u00ed p\u0159\u00edstupnost slu\u017eebn\u00edho psa na ve\u0159ejnosti.<\/p>\n<h5><strong>Co znamen\u00e1 \u010derven\u00fd postroj na psovi?<\/strong><\/h5>\n<p>\u010cerven\u00fd postroj \u010dasto znamen\u00e1, \u017ee pes je slu\u017eebn\u00ed. M\u016f\u017ee tak\u00e9 nazna\u010dovat, \u017ee pes by nem\u011bl b\u00fdt ru\u0161en nebo \u017ee pracuje na specifick\u00fdch \u00fakolech.<\/p>\n<h5><strong>Co znamen\u00e1 \u017elut\u00e1 vesta na psovi?<\/strong><\/h5>\n<p>\u017dlut\u00e1 vesta obvykle znamen\u00e1, \u017ee pes pot\u0159ebuje prostor a nem\u011bl by se k n\u011bmu p\u0159ibli\u017eovat bez svolen\u00ed psovoda. M\u016f\u017ee signalizovat, \u017ee pes je ve v\u00fdcviku nebo je nerv\u00f3zn\u00ed\/nepokojn\u00fd.<\/p>\n<h5><strong>Co znamen\u00e1 modr\u00e1 vesta na psovi?<\/strong><\/h5>\n<p>Modr\u00e1 vesta b\u011b\u017en\u011b ozna\u010duje psa jako slu\u017eebn\u00edho, co\u017e znamen\u00e1, \u017ee pes je vycvi\u010den k pomoci p\u0159i posti\u017een\u00ed a nem\u011bl by b\u00fdt ru\u0161en.<\/p>","protected":false},"excerpt":{"rendered":"<p class=\"a-spacing-mini\">Posilte sv\u00e9ho slu\u017eebn\u00edho psa pomoc\u00ed na\u0161eho specializovan\u00e9ho postroje, kter\u00fd je navr\u017een tak, aby byl odoln\u00fd a pohodln\u00fd. Je vybaven dob\u0159e viditeln\u00fdm ozna\u010den\u00edm, nastaviteln\u00fdmi popruhy pro dokonal\u00e9 p\u0159izp\u016fsoben\u00ed a robustn\u00edmi \u00fachyty pro lep\u0161\u00ed ovl\u00e1d\u00e1n\u00ed. Tento postroj je vyroben z odoln\u00fdch materi\u00e1l\u016f, aby vydr\u017eel ka\u017edodenn\u00ed pou\u017e\u00edv\u00e1n\u00ed a z\u00e1rove\u0148 poskytoval optim\u00e1ln\u00ed podporu a identifikaci pro va\u0161eho slu\u017eebn\u00edho psa. Je nezbytn\u00fd pro pomoc p\u0159i mobilit\u011b a zaji\u0161t\u011bn\u00ed informovanosti ve\u0159ejnosti.<\/p>","protected":false},"featured_media":7319,"template":"","meta":[],"product_brand":[],"product_cat":[23],"product_tag":[24],"class_list":{"0":"post-146","1":"product","2":"type-product","3":"status-publish","4":"has-post-thumbnail","6":"product_cat-dog-harness","7":"product_tag-tactical-harness","9":"first","10":"instock","11":"shipping-taxable","12":"product-type-simple"},"yoast_head":"<!-- This site is optimized with the Yoast SEO plugin v26.6 - https:\/\/yoast.com\/wordpress\/plugins\/seo\/ -->\n<title>Training Walking No Pull Service Dog Harness | QQPETS<\/title>\n<meta name=\"description\" content=\"Equip your service dog with our high-quality harness. Built for comfort and visibility. Essential for duty.\" \/>\n<meta name=\"robots\" content=\"index, follow, max-snippet:-1, max-image-preview:large, max-video-preview:-1\" \/>\n<link rel=\"canonical\" href=\"https:\/\/qqpets.com\/cs\/produkt\/training-walking-no-pull-service-dog-harness\/\" \/>\n<meta property=\"og:locale\" content=\"cs_CZ\" \/>\n<meta property=\"og:type\" content=\"article\" \/>\n<meta property=\"og:title\" content=\"Training Walking No Pull Service Dog Harness | QQPETS\" \/>\n<meta property=\"og:description\" content=\"Equip your service dog with our high-quality harness. Built for comfort and visibility. Essential for duty.\" \/>\n<meta property=\"og:url\" content=\"https:\/\/qqpets.com\/cs\/produkt\/training-walking-no-pull-service-dog-harness\/\" \/>\n<meta property=\"og:site_name\" content=\"QQPETS\" \/>\n<meta property=\"article:publisher\" content=\"https:\/\/www.facebook.com\/QQpetsdogcollars\" \/>\n<meta property=\"article:modified_time\" content=\"2024-09-02T07:03:14+00:00\" \/>\n<meta property=\"og:image\" content=\"https:\/\/qqpets.com\/wp-content\/uploads\/2023\/09\/service-dog-harness.jpg\" \/>\n\t<meta property=\"og:image:width\" content=\"1200\" \/>\n\t<meta property=\"og:image:height\" content=\"1200\" \/>\n\t<meta property=\"og:image:type\" content=\"image\/jpeg\" \/>\n<meta name=\"twitter:card\" content=\"summary_large_image\" \/>\n<meta name=\"twitter:label1\" content=\"Odhadovan\u00e1 doba \u010dten\u00ed\" \/>\n\t<meta name=\"twitter:data1\" content=\"3 minuty\" \/>\n<script type=\"application\/ld+json\" class=\"yoast-schema-graph\">{\"@context\":\"https:\/\/schema.org\",\"@graph\":[{\"@type\":\"WebPage\",\"@id\":\"https:\/\/qqpets.com\/product\/training-walking-no-pull-service-dog-harness\/\",\"url\":\"https:\/\/qqpets.com\/product\/training-walking-no-pull-service-dog-harness\/\",\"name\":\"Training Walking No Pull Service Dog Harness | QQPETS\",\"isPartOf\":{\"@id\":\"https:\/\/qqpets.com\/#website\"},\"primaryImageOfPage\":{\"@id\":\"https:\/\/qqpets.com\/product\/training-walking-no-pull-service-dog-harness\/#primaryimage\"},\"image\":{\"@id\":\"https:\/\/qqpets.com\/product\/training-walking-no-pull-service-dog-harness\/#primaryimage\"},\"thumbnailUrl\":\"https:\/\/qqpets.com\/wp-content\/uploads\/2023\/09\/service-dog-harness.jpg\",\"datePublished\":\"2023-10-04T07:27:45+00:00\",\"dateModified\":\"2024-09-02T07:03:14+00:00\",\"description\":\"Equip your service dog with our high-quality harness. Built for comfort and visibility. Essential for duty.\",\"breadcrumb\":{\"@id\":\"https:\/\/qqpets.com\/product\/training-walking-no-pull-service-dog-harness\/#breadcrumb\"},\"inLanguage\":\"cs\",\"potentialAction\":[{\"@type\":\"ReadAction\",\"target\":[\"https:\/\/qqpets.com\/product\/training-walking-no-pull-service-dog-harness\/\"]}]},{\"@type\":\"ImageObject\",\"inLanguage\":\"cs\",\"@id\":\"https:\/\/qqpets.com\/product\/training-walking-no-pull-service-dog-harness\/#primaryimage\",\"url\":\"https:\/\/qqpets.com\/wp-content\/uploads\/2023\/09\/service-dog-harness.jpg\",\"contentUrl\":\"https:\/\/qqpets.com\/wp-content\/uploads\/2023\/09\/service-dog-harness.jpg\",\"width\":1200,\"height\":1200,\"caption\":\"service dog harness\"},{\"@type\":\"BreadcrumbList\",\"@id\":\"https:\/\/qqpets.com\/product\/training-walking-no-pull-service-dog-harness\/#breadcrumb\",\"itemListElement\":[{\"@type\":\"ListItem\",\"position\":1,\"name\":\"Home\",\"item\":\"https:\/\/qqpets.com\/\"},{\"@type\":\"ListItem\",\"position\":2,\"name\":\"Products\",\"item\":\"https:\/\/qqpets.com\/pet-products-manufacturer\/\"},{\"@type\":\"ListItem\",\"position\":3,\"name\":\"Training Walking No Pull Service Dog Harness\"}]},{\"@type\":\"WebSite\",\"@id\":\"https:\/\/qqpets.com\/#website\",\"url\":\"https:\/\/qqpets.com\/\",\"name\":\"QQPETS\",\"description\":\"QQPETS is a pet products factory for dog harnesses, dog collars, dog leashes and dog accessories with professional customized service since 2005.\",\"publisher\":{\"@id\":\"https:\/\/qqpets.com\/#organization\"},\"potentialAction\":[{\"@type\":\"SearchAction\",\"target\":{\"@type\":\"EntryPoint\",\"urlTemplate\":\"https:\/\/qqpets.com\/?s={search_term_string}\"},\"query-input\":{\"@type\":\"PropertyValueSpecification\",\"valueRequired\":true,\"valueName\":\"search_term_string\"}}],\"inLanguage\":\"cs\"},{\"@type\":\"Organization\",\"@id\":\"https:\/\/qqpets.com\/#organization\",\"name\":\"QQPETS\",\"url\":\"https:\/\/qqpets.com\/\",\"logo\":{\"@type\":\"ImageObject\",\"inLanguage\":\"cs\",\"@id\":\"https:\/\/qqpets.com\/#\/schema\/logo\/image\/\",\"url\":\"https:\/\/qqpets.com\/wp-content\/uploads\/2023\/09\/cropped-cropped-qqpets-tiktok.jpg\",\"contentUrl\":\"https:\/\/qqpets.com\/wp-content\/uploads\/2023\/09\/cropped-cropped-qqpets-tiktok.jpg\",\"width\":511,\"height\":511,\"caption\":\"QQPETS\"},\"image\":{\"@id\":\"https:\/\/qqpets.com\/#\/schema\/logo\/image\/\"},\"sameAs\":[\"https:\/\/www.facebook.com\/QQpetsdogcollars\",\"https:\/\/www.instagram.com\/qqpetscollar\/\",\"https:\/\/www.pinterest.com\/qqpetsdogcollarsfactory\/\"]}]}<\/script>\n<!-- \/ Yoast SEO plugin. -->","yoast_head_json":{"title":"V\u00fdcvik proch\u00e1zky bez tah\u00e1n\u00ed slu\u017eebn\u00edch ps\u016f | QQPETS","description":"Vybavte sv\u00e9ho slu\u017eebn\u00edho psa na\u0161\u00edm vysoce kvalitn\u00edm postrojem. Je vyroben pro pohodl\u00ed a viditelnost. Nezbytn\u00fd pro slu\u017ebu.","robots":{"index":"index","follow":"follow","max-snippet":"max-snippet:-1","max-image-preview":"max-image-preview:large","max-video-preview":"max-video-preview:-1"},"canonical":"https:\/\/qqpets.com\/cs\/produkt\/training-walking-no-pull-service-dog-harness\/","og_locale":"cs_CZ","og_type":"article","og_title":"Training Walking No Pull Service Dog Harness | QQPETS","og_description":"Equip your service dog with our high-quality harness. Built for comfort and visibility. Essential for duty.","og_url":"https:\/\/qqpets.com\/cs\/produkt\/training-walking-no-pull-service-dog-harness\/","og_site_name":"QQPETS","article_publisher":"https:\/\/www.facebook.com\/QQpetsdogcollars","article_modified_time":"2024-09-02T07:03:14+00:00","og_image":[{"width":1200,"height":1200,"url":"https:\/\/qqpets.com\/wp-content\/uploads\/2023\/09\/service-dog-harness.jpg","type":"image\/jpeg"}],"twitter_card":"summary_large_image","twitter_misc":{"Odhadovan\u00e1 doba \u010dten\u00ed":"3 minuty"},"schema":{"@context":"https:\/\/schema.org","@graph":[{"@type":"WebPage","@id":"https:\/\/qqpets.com\/product\/training-walking-no-pull-service-dog-harness\/","url":"https:\/\/qqpets.com\/product\/training-walking-no-pull-service-dog-harness\/","name":"V\u00fdcvik proch\u00e1zky bez tah\u00e1n\u00ed slu\u017eebn\u00edch ps\u016f | QQPETS","isPartOf":{"@id":"https:\/\/qqpets.com\/#website"},"primaryImageOfPage":{"@id":"https:\/\/qqpets.com\/product\/training-walking-no-pull-service-dog-harness\/#primaryimage"},"image":{"@id":"https:\/\/qqpets.com\/product\/training-walking-no-pull-service-dog-harness\/#primaryimage"},"thumbnailUrl":"https:\/\/qqpets.com\/wp-content\/uploads\/2023\/09\/service-dog-harness.jpg","datePublished":"2023-10-04T07:27:45+00:00","dateModified":"2024-09-02T07:03:14+00:00","description":"Vybavte sv\u00e9ho slu\u017eebn\u00edho psa na\u0161\u00edm vysoce kvalitn\u00edm postrojem. Je vyroben pro pohodl\u00ed a viditelnost. Nezbytn\u00fd pro slu\u017ebu.","breadcrumb":{"@id":"https:\/\/qqpets.com\/product\/training-walking-no-pull-service-dog-harness\/#breadcrumb"},"inLanguage":"cs","potentialAction":[{"@type":"ReadAction","target":["https:\/\/qqpets.com\/product\/training-walking-no-pull-service-dog-harness\/"]}]},{"@type":"ImageObject","inLanguage":"cs","@id":"https:\/\/qqpets.com\/product\/training-walking-no-pull-service-dog-harness\/#primaryimage","url":"https:\/\/qqpets.com\/wp-content\/uploads\/2023\/09\/service-dog-harness.jpg","contentUrl":"https:\/\/qqpets.com\/wp-content\/uploads\/2023\/09\/service-dog-harness.jpg","width":1200,"height":1200,"caption":"service dog harness"},{"@type":"BreadcrumbList","@id":"https:\/\/qqpets.com\/product\/training-walking-no-pull-service-dog-harness\/#breadcrumb","itemListElement":[{"@type":"ListItem","position":1,"name":"Home","item":"https:\/\/qqpets.com\/"},{"@type":"ListItem","position":2,"name":"Products","item":"https:\/\/qqpets.com\/pet-products-manufacturer\/"},{"@type":"ListItem","position":3,"name":"Training Walking No Pull Service Dog Harness"}]},{"@type":"WebSite","@id":"https:\/\/qqpets.com\/#website","url":"https:\/\/qqpets.com\/","name":"QQPETS","description":"QQPETS je tov\u00e1rna na v\u00fdrobky pro dom\u00e1c\u00ed mazl\u00ed\u010dky pro ps\u00ed postroje, obojky, vod\u00edtka a dopl\u0148ky pro psy s profesion\u00e1ln\u00edmi slu\u017ebami na m\u00edru od roku 2005.","publisher":{"@id":"https:\/\/qqpets.com\/#organization"},"potentialAction":[{"@type":"SearchAction","target":{"@type":"EntryPoint","urlTemplate":"https:\/\/qqpets.com\/?s={search_term_string}"},"query-input":{"@type":"PropertyValueSpecification","valueRequired":true,"valueName":"search_term_string"}}],"inLanguage":"cs"},{"@type":"Organization","@id":"https:\/\/qqpets.com\/#organization","name":"QQPETS","url":"https:\/\/qqpets.com\/","logo":{"@type":"ImageObject","inLanguage":"cs","@id":"https:\/\/qqpets.com\/#\/schema\/logo\/image\/","url":"https:\/\/qqpets.com\/wp-content\/uploads\/2023\/09\/cropped-cropped-qqpets-tiktok.jpg","contentUrl":"https:\/\/qqpets.com\/wp-content\/uploads\/2023\/09\/cropped-cropped-qqpets-tiktok.jpg","width":511,"height":511,"caption":"QQPETS"},"image":{"@id":"https:\/\/qqpets.com\/#\/schema\/logo\/image\/"},"sameAs":["https:\/\/www.facebook.com\/QQpetsdogcollars","https:\/\/www.instagram.com\/qqpetscollar\/","https:\/\/www.pinterest.com\/qqpetsdogcollarsfactory\/"]}]}},"_links":{"self":[{"href":"https:\/\/qqpets.com\/cs\/wp-json\/wp\/v2\/product\/146","targetHints":{"allow":["GET"]}}],"collection":[{"href":"https:\/\/qqpets.com\/cs\/wp-json\/wp\/v2\/product"}],"about":[{"href":"https:\/\/qqpets.com\/cs\/wp-json\/wp\/v2\/types\/product"}],"wp:featuredmedia":[{"embeddable":true,"href":"https:\/\/qqpets.com\/cs\/wp-json\/wp\/v2\/media\/7319"}],"wp:attachment":[{"href":"https:\/\/qqpets.com\/cs\/wp-json\/wp\/v2\/media?parent=146"}],"wp:term":[{"taxonomy":"product_brand","embeddable":true,"href":"https:\/\/qqpets.com\/cs\/wp-json\/wp\/v2\/product_brand?post=146"},{"taxonomy":"product_cat","embeddable":true,"href":"https:\/\/qqpets.com\/cs\/wp-json\/wp\/v2\/product_cat?post=146"},{"taxonomy":"product_tag","embeddable":true,"href":"https:\/\/qqpets.com\/cs\/wp-json\/wp\/v2\/product_tag?post=146"}],"curies":[{"name":"wp","href":"https:\/\/api.w.org\/{rel}","templated":true}]}}