{"id":4645,"date":"2024-08-30T16:59:56","date_gmt":"2024-08-30T08:59:56","guid":{"rendered":"https:\/\/qqpets.com\/?post_type=product&#038;p=4645"},"modified":"2024-08-31T17:08:46","modified_gmt":"2024-08-31T09:08:46","slug":"reflective-adjustable-step-in-dog-harness","status":"publish","type":"product","link":"https:\/\/qqpets.com\/cs\/produkt\/reflective-adjustable-step-in-dog-harness\/","title":{"rendered":"Reflexn\u00ed nastaviteln\u00fd postroj pro psy Step in"},"content":{"rendered":"<p>S na\u0161\u00edm reflexn\u00edm nastaviteln\u00fdm postrojem pro psy Step In z\u00edsk\u00e1te novou \u00farove\u0148 bezpe\u010dnosti a pohodl\u00ed p\u0159i ka\u017edodenn\u00edch proch\u00e1zk\u00e1ch va\u0161eho mazl\u00ed\u010dka. Tento postroj je speci\u00e1ln\u011b navr\u017een pro snadn\u00e9 pou\u017eit\u00ed a lep\u0161\u00ed viditelnost v noci. Je vybaven z\u00e1\u0159iv\u00fdmi reflexn\u00edmi prou\u017eky a zaji\u0161\u0165uje, \u017ee v\u00e1\u0161 pes z\u016fstane viditeln\u00fd pro \u0159idi\u010de a chodce i za \u0161patn\u00fdch sv\u011bteln\u00fdch podm\u00ednek, co\u017e v\u00fdrazn\u011b zvy\u0161uje bezpe\u010dnost p\u0159i ve\u010dern\u00edch nebo \u010dasn\u00fdch rann\u00edch proch\u00e1zk\u00e1ch.<\/p>\n<p>Konstrukce step-in zjednodu\u0161uje proces nasazov\u00e1n\u00ed postroje, tak\u017ee je ide\u00e1ln\u00ed pro zv\u00ed\u0159ata (a majitele!), kte\u0159\u00ed d\u00e1vaj\u00ed p\u0159ednost bezprobl\u00e9mov\u00e9mu nasazov\u00e1n\u00ed. Postroj jednodu\u0161e polo\u017ete na plocho, nechte psa nastoupit, p\u0159ipoutejte se a m\u016f\u017eete vyrazit. Popruhy jsou pln\u011b nastaviteln\u00e9 a poskytuj\u00ed pohodln\u00e9 a p\u0159il\u00e9hav\u00e9 no\u0161en\u00ed, kter\u00e9 se p\u0159izp\u016fsob\u00ed ps\u016fm r\u016fzn\u00fdch tvar\u016f a velikost\u00ed.<\/p>\n<p>Tento postroj je vyroben z vysoce kvalitn\u00edch a odoln\u00fdch materi\u00e1l\u016f a je konstruov\u00e1n tak, aby vydr\u017eel ka\u017edodenn\u00ed pou\u017e\u00edv\u00e1n\u00ed a z\u00e1rove\u0148 zajistil va\u0161emu psovi pohodl\u00ed. Lehk\u00e1 konstrukce zaji\u0161\u0165uje, \u017ee se v\u00e1\u0161 mazl\u00ed\u010dek m\u016f\u017ee voln\u011b pohybovat, ani\u017e by se c\u00edtil zat\u00ed\u017een\u00fd.<\/p>\n<p>N\u00e1\u0161 reflexn\u00ed nastaviteln\u00fd postroj Step In je nejen praktick\u00fd, ale tak\u00e9 stylov\u00fd. Je k dispozici v n\u011bkolika barv\u00e1ch, kter\u00e9 se hod\u00ed ke stylu va\u0161eho mazl\u00ed\u010dka, tak\u017ee je m\u00f3dn\u00ed volbou pro ka\u017edodenn\u00ed proch\u00e1zky. A\u0165 u\u017e se pohybujete v ru\u0161n\u00fdch m\u011bstsk\u00fdch ulic\u00edch, nebo si u\u017e\u00edv\u00e1te klidnou proch\u00e1zku parkem, tento postroj zajist\u00ed va\u0161emu mazl\u00ed\u010dkovi bezpe\u010d\u00ed i pohodl\u00ed.<\/p>\n<p>Vybavte sv\u00e9ho mazl\u00ed\u010dka na\u0161\u00edm postrojem, kter\u00fd zv\u00fd\u0161\u00ed jeho viditelnost a zajist\u00ed pohodl\u00ed na ka\u017ed\u00e9 proch\u00e1zce, co\u017e v\u00e1m poskytne klid a va\u0161emu mazl\u00ed\u010dkovi svobodu bezpe\u010dn\u00e9ho prozkoum\u00e1v\u00e1n\u00ed.<\/p>\n<div class=\"flex max-w-full flex-col flex-grow\">\n<div class=\"min-h-[20px] text-message flex w-full flex-col items-end gap-2 break-words [.text-message+&amp;]:mt-5 overflow-x-auto whitespace-normal\" dir=\"auto\" data-message-author-role=\"assistant\" data-message-id=\"e46110a1-b220-42e7-a97e-37831f310d5a\">\n<div class=\"flex w-full flex-col gap-1 empty:hidden first:pt-[3px]\">\n<div class=\"markdown prose w-full break-words dark:prose-invert light\">\n<h6><strong>Jsou postroje step-in vhodn\u00e9 pro psy?<\/strong><\/h6>\n<p>Ano, postroje step-in jsou pro psy vhodn\u00e9, proto\u017ee se snadno nasazuj\u00ed, rovnom\u011brn\u011b rozkl\u00e1daj\u00ed tlak na hrudn\u00edk a ramena a jsou vhodn\u00e9 pro psy, kte\u0159\u00ed nemaj\u00ed r\u00e1di postroje p\u0159eta\u017een\u00e9 p\u0159es hlavu.<\/p>\n<h6><strong>Jsou polstrovan\u00e9 postroje pro psy lep\u0161\u00ed?<\/strong><\/h6>\n<p>Ano, polstrovan\u00e9 postroje jsou pro psy vhodn\u011bj\u0161\u00ed, proto\u017ee poskytuj\u00ed v\u011bt\u0161\u00ed pohodl\u00ed, sni\u017euj\u00ed riziko t\u0159en\u00ed a od\u00edr\u00e1n\u00ed a jsou zvl\u00e1\u0161t\u011b v\u00fdhodn\u00e9 pro psy s citlivou k\u016f\u017e\u00ed nebo \u0159\u00eddkou srst\u00ed.<\/p>\n<h6><strong>Jak se pou\u017e\u00edv\u00e1 postroj pro psy step-in?<\/strong><\/h6>\n<p>Postroj polo\u017ete rovn\u011b na zem, nechte psa vstoupit do otvor\u016f pro nohy, vyt\u00e1hn\u011bte postroj nahoru kolem t\u011bla psa a pot\u00e9 zapn\u011bte sponu na z\u00e1dech psa.<\/p>\n<h6><strong>Co je nastaviteln\u00fd postroj?<\/strong><\/h6>\n<p>Nastaviteln\u00fd postroj je navr\u017een tak, aby m\u011bl n\u011bkolik bod\u016f, kde m\u016f\u017eete nastavit popruhy a zajistit tak t\u011bsn\u00e9 a pohodln\u00e9 uchycen\u00ed va\u0161eho psa a p\u0159izp\u016fsobit se zm\u011bn\u00e1m jeho velikosti nebo hmotnosti.<\/p>\n<h6><strong>Pro\u010d pou\u017e\u00edvat postroj step-in?<\/strong><\/h6>\n<p>Pro snadn\u011bj\u0161\u00ed pou\u017e\u00edv\u00e1n\u00ed pou\u017e\u00edvejte postroje s krokov\u00e1n\u00edm, zejm\u00e9na u klidn\u00fdch ps\u016f nebo u ps\u016f, kter\u00fdm nevyhovuj\u00ed postroje, kter\u00e9 se nasazuj\u00ed p\u0159es hlavu. Jsou tak\u00e9 vynikaj\u00edc\u00ed pro zaji\u0161t\u011bn\u00ed pohodln\u00e9 opory bez tlaku na krk.<\/p>\n<\/div>\n<\/div>\n<\/div>\n<\/div>\n<div class=\"mt-1 flex gap-3 empty:hidden -ml-2\">\n<div class=\"items-center justify-start rounded-xl p-1 flex\">\n<div class=\"flex items-center\">\n<p>&nbsp;<\/p>\n<div class=\"flex\"><\/div>\n<div class=\"flex items-center pb-0\">\n<div class=\"[&amp;_svg]:h-full [&amp;_svg]:w-full icon-md h-4 w-4\"><\/div>\n<p><span class=\"overflow-hidden text-clip whitespace-nowrap text-sm\">4<\/span><\/p>\n<\/div>\n<\/div>\n<\/div>\n<\/div>","protected":false},"excerpt":{"rendered":"<p>S na\u0161\u00edm reflexn\u00edm nastaviteln\u00fdm postrojem Step In pro psy se dostanete do bezpe\u010d\u00ed. Tento postroj je navr\u017een pro snadn\u00e9 nasazen\u00ed a lep\u0161\u00ed viditelnost a je vybaven jasn\u00fdmi reflexn\u00edmi prou\u017eky, kter\u00e9 va\u0161eho psa v noci zviditeln\u00ed. Nastaviteln\u00e1 konstrukce zaji\u0161\u0165uje dokonal\u00e9 p\u0159izp\u016fsoben\u00ed pro ka\u017ed\u00e9 plemeno a podporuje pohodl\u00ed a bezpe\u010dnost. Je lehk\u00fd a odoln\u00fd, ide\u00e1ln\u00ed pro ka\u017edodenn\u00ed proch\u00e1zky a zaji\u0161\u0165uje, \u017ee v\u00e1\u0161 mazl\u00ed\u010dek bude vid\u011bn i za zhor\u0161en\u00fdch sv\u011bteln\u00fdch podm\u00ednek.<\/p>","protected":false},"featured_media":7691,"template":"","meta":[],"product_brand":[],"product_cat":[23],"product_tag":[],"class_list":{"0":"post-4645","1":"product","2":"type-product","3":"status-publish","4":"has-post-thumbnail","6":"product_cat-dog-harness","7":"pa_brand-qqpets","9":"first","10":"instock","11":"shipping-taxable","12":"product-type-simple"},"yoast_head":"<!-- This site is optimized with the Yoast SEO plugin v26.6 - https:\/\/yoast.com\/wordpress\/plugins\/seo\/ -->\n<title>Reflective Adjustable Step in Dog Harness | QQPETS<\/title>\n<meta name=\"description\" content=\"Keep your dog safe with our Reflective Adjustable Step In Harness. Perfect for night walks. Secure and stylish!\" \/>\n<meta name=\"robots\" content=\"index, follow, max-snippet:-1, max-image-preview:large, max-video-preview:-1\" \/>\n<link rel=\"canonical\" href=\"https:\/\/qqpets.com\/cs\/produkt\/reflective-adjustable-step-in-dog-harness\/\" \/>\n<meta property=\"og:locale\" content=\"cs_CZ\" \/>\n<meta property=\"og:type\" content=\"article\" \/>\n<meta property=\"og:title\" content=\"Reflective Adjustable Step in Dog Harness | QQPETS\" \/>\n<meta property=\"og:description\" content=\"Keep your dog safe with our Reflective Adjustable Step In Harness. Perfect for night walks. Secure and stylish!\" \/>\n<meta property=\"og:url\" content=\"https:\/\/qqpets.com\/cs\/produkt\/reflective-adjustable-step-in-dog-harness\/\" \/>\n<meta property=\"og:site_name\" content=\"QQPETS\" \/>\n<meta property=\"article:publisher\" content=\"https:\/\/www.facebook.com\/QQpetsdogcollars\" \/>\n<meta property=\"article:modified_time\" content=\"2024-08-31T09:08:46+00:00\" \/>\n<meta property=\"og:image\" content=\"https:\/\/qqpets.com\/wp-content\/uploads\/2023\/09\/qqpets-tiktok.jpg\" \/>\n\t<meta property=\"og:image:width\" content=\"800\" \/>\n\t<meta property=\"og:image:height\" content=\"800\" \/>\n\t<meta property=\"og:image:type\" content=\"image\/jpeg\" \/>\n<meta name=\"twitter:card\" content=\"summary_large_image\" \/>\n<meta name=\"twitter:label1\" content=\"Odhadovan\u00e1 doba \u010dten\u00ed\" \/>\n\t<meta name=\"twitter:data1\" content=\"3 minuty\" \/>\n<script type=\"application\/ld+json\" class=\"yoast-schema-graph\">{\"@context\":\"https:\/\/schema.org\",\"@graph\":[{\"@type\":\"WebPage\",\"@id\":\"https:\/\/qqpets.com\/product\/reflective-adjustable-step-in-dog-harness\/\",\"url\":\"https:\/\/qqpets.com\/product\/reflective-adjustable-step-in-dog-harness\/\",\"name\":\"Reflective Adjustable Step in Dog Harness | QQPETS\",\"isPartOf\":{\"@id\":\"https:\/\/qqpets.com\/#website\"},\"primaryImageOfPage\":{\"@id\":\"https:\/\/qqpets.com\/product\/reflective-adjustable-step-in-dog-harness\/#primaryimage\"},\"image\":{\"@id\":\"https:\/\/qqpets.com\/product\/reflective-adjustable-step-in-dog-harness\/#primaryimage\"},\"thumbnailUrl\":\"https:\/\/qqpets.com\/wp-content\/uploads\/2024\/08\/3.avif\",\"datePublished\":\"2024-08-30T08:59:56+00:00\",\"dateModified\":\"2024-08-31T09:08:46+00:00\",\"description\":\"Keep your dog safe with our Reflective Adjustable Step In Harness. Perfect for night walks. Secure and stylish!\",\"breadcrumb\":{\"@id\":\"https:\/\/qqpets.com\/product\/reflective-adjustable-step-in-dog-harness\/#breadcrumb\"},\"inLanguage\":\"cs\",\"potentialAction\":[{\"@type\":\"ReadAction\",\"target\":[\"https:\/\/qqpets.com\/product\/reflective-adjustable-step-in-dog-harness\/\"]}]},{\"@type\":\"ImageObject\",\"inLanguage\":\"cs\",\"@id\":\"https:\/\/qqpets.com\/product\/reflective-adjustable-step-in-dog-harness\/#primaryimage\",\"url\":\"https:\/\/qqpets.com\/wp-content\/uploads\/2024\/08\/3.avif\",\"contentUrl\":\"https:\/\/qqpets.com\/wp-content\/uploads\/2024\/08\/3.avif\",\"width\":800,\"height\":800},{\"@type\":\"BreadcrumbList\",\"@id\":\"https:\/\/qqpets.com\/product\/reflective-adjustable-step-in-dog-harness\/#breadcrumb\",\"itemListElement\":[{\"@type\":\"ListItem\",\"position\":1,\"name\":\"Home\",\"item\":\"https:\/\/qqpets.com\/\"},{\"@type\":\"ListItem\",\"position\":2,\"name\":\"Products\",\"item\":\"https:\/\/qqpets.com\/pet-products-manufacturer\/\"},{\"@type\":\"ListItem\",\"position\":3,\"name\":\"Reflective Adjustable Step in Dog Harness\"}]},{\"@type\":\"WebSite\",\"@id\":\"https:\/\/qqpets.com\/#website\",\"url\":\"https:\/\/qqpets.com\/\",\"name\":\"QQPETS\",\"description\":\"QQPETS is a pet products factory for dog harnesses, dog collars, dog leashes and dog accessories with professional customized service since 2005.\",\"publisher\":{\"@id\":\"https:\/\/qqpets.com\/#organization\"},\"potentialAction\":[{\"@type\":\"SearchAction\",\"target\":{\"@type\":\"EntryPoint\",\"urlTemplate\":\"https:\/\/qqpets.com\/?s={search_term_string}\"},\"query-input\":{\"@type\":\"PropertyValueSpecification\",\"valueRequired\":true,\"valueName\":\"search_term_string\"}}],\"inLanguage\":\"cs\"},{\"@type\":\"Organization\",\"@id\":\"https:\/\/qqpets.com\/#organization\",\"name\":\"QQPETS\",\"url\":\"https:\/\/qqpets.com\/\",\"logo\":{\"@type\":\"ImageObject\",\"inLanguage\":\"cs\",\"@id\":\"https:\/\/qqpets.com\/#\/schema\/logo\/image\/\",\"url\":\"https:\/\/qqpets.com\/wp-content\/uploads\/2023\/09\/cropped-cropped-qqpets-tiktok.jpg\",\"contentUrl\":\"https:\/\/qqpets.com\/wp-content\/uploads\/2023\/09\/cropped-cropped-qqpets-tiktok.jpg\",\"width\":511,\"height\":511,\"caption\":\"QQPETS\"},\"image\":{\"@id\":\"https:\/\/qqpets.com\/#\/schema\/logo\/image\/\"},\"sameAs\":[\"https:\/\/www.facebook.com\/QQpetsdogcollars\",\"https:\/\/www.instagram.com\/qqpetscollar\/\",\"https:\/\/www.pinterest.com\/qqpetsdogcollarsfactory\/\"]}]}<\/script>\n<!-- \/ Yoast SEO plugin. -->","yoast_head_json":{"title":"Reflexn\u00ed nastaviteln\u00fd postroj pro psy | QQPETS","description":"Udr\u017eujte sv\u00e9ho psa v bezpe\u010d\u00ed s na\u0161\u00edm reflexn\u00edm nastaviteln\u00fdm postrojem Step In. Ide\u00e1ln\u00ed na no\u010dn\u00ed proch\u00e1zky. Bezpe\u010dn\u00fd a stylov\u00fd!","robots":{"index":"index","follow":"follow","max-snippet":"max-snippet:-1","max-image-preview":"max-image-preview:large","max-video-preview":"max-video-preview:-1"},"canonical":"https:\/\/qqpets.com\/cs\/produkt\/reflective-adjustable-step-in-dog-harness\/","og_locale":"cs_CZ","og_type":"article","og_title":"Reflective Adjustable Step in Dog Harness | QQPETS","og_description":"Keep your dog safe with our Reflective Adjustable Step In Harness. Perfect for night walks. Secure and stylish!","og_url":"https:\/\/qqpets.com\/cs\/produkt\/reflective-adjustable-step-in-dog-harness\/","og_site_name":"QQPETS","article_publisher":"https:\/\/www.facebook.com\/QQpetsdogcollars","article_modified_time":"2024-08-31T09:08:46+00:00","og_image":[{"width":800,"height":800,"url":"https:\/\/qqpets.com\/wp-content\/uploads\/2023\/09\/qqpets-tiktok.jpg","type":"image\/jpeg"}],"twitter_card":"summary_large_image","twitter_misc":{"Odhadovan\u00e1 doba \u010dten\u00ed":"3 minuty"},"schema":{"@context":"https:\/\/schema.org","@graph":[{"@type":"WebPage","@id":"https:\/\/qqpets.com\/product\/reflective-adjustable-step-in-dog-harness\/","url":"https:\/\/qqpets.com\/product\/reflective-adjustable-step-in-dog-harness\/","name":"Reflexn\u00ed nastaviteln\u00fd postroj pro psy | QQPETS","isPartOf":{"@id":"https:\/\/qqpets.com\/#website"},"primaryImageOfPage":{"@id":"https:\/\/qqpets.com\/product\/reflective-adjustable-step-in-dog-harness\/#primaryimage"},"image":{"@id":"https:\/\/qqpets.com\/product\/reflective-adjustable-step-in-dog-harness\/#primaryimage"},"thumbnailUrl":"https:\/\/qqpets.com\/wp-content\/uploads\/2024\/08\/3.avif","datePublished":"2024-08-30T08:59:56+00:00","dateModified":"2024-08-31T09:08:46+00:00","description":"Udr\u017eujte sv\u00e9ho psa v bezpe\u010d\u00ed s na\u0161\u00edm reflexn\u00edm nastaviteln\u00fdm postrojem Step In. Ide\u00e1ln\u00ed na no\u010dn\u00ed proch\u00e1zky. Bezpe\u010dn\u00fd a stylov\u00fd!","breadcrumb":{"@id":"https:\/\/qqpets.com\/product\/reflective-adjustable-step-in-dog-harness\/#breadcrumb"},"inLanguage":"cs","potentialAction":[{"@type":"ReadAction","target":["https:\/\/qqpets.com\/product\/reflective-adjustable-step-in-dog-harness\/"]}]},{"@type":"ImageObject","inLanguage":"cs","@id":"https:\/\/qqpets.com\/product\/reflective-adjustable-step-in-dog-harness\/#primaryimage","url":"https:\/\/qqpets.com\/wp-content\/uploads\/2024\/08\/3.avif","contentUrl":"https:\/\/qqpets.com\/wp-content\/uploads\/2024\/08\/3.avif","width":800,"height":800},{"@type":"BreadcrumbList","@id":"https:\/\/qqpets.com\/product\/reflective-adjustable-step-in-dog-harness\/#breadcrumb","itemListElement":[{"@type":"ListItem","position":1,"name":"Home","item":"https:\/\/qqpets.com\/"},{"@type":"ListItem","position":2,"name":"Products","item":"https:\/\/qqpets.com\/pet-products-manufacturer\/"},{"@type":"ListItem","position":3,"name":"Reflective Adjustable Step in Dog Harness"}]},{"@type":"WebSite","@id":"https:\/\/qqpets.com\/#website","url":"https:\/\/qqpets.com\/","name":"QQPETS","description":"QQPETS je tov\u00e1rna na v\u00fdrobky pro dom\u00e1c\u00ed mazl\u00ed\u010dky pro ps\u00ed postroje, obojky, vod\u00edtka a dopl\u0148ky pro psy s profesion\u00e1ln\u00edmi slu\u017ebami na m\u00edru od roku 2005.","publisher":{"@id":"https:\/\/qqpets.com\/#organization"},"potentialAction":[{"@type":"SearchAction","target":{"@type":"EntryPoint","urlTemplate":"https:\/\/qqpets.com\/?s={search_term_string}"},"query-input":{"@type":"PropertyValueSpecification","valueRequired":true,"valueName":"search_term_string"}}],"inLanguage":"cs"},{"@type":"Organization","@id":"https:\/\/qqpets.com\/#organization","name":"QQPETS","url":"https:\/\/qqpets.com\/","logo":{"@type":"ImageObject","inLanguage":"cs","@id":"https:\/\/qqpets.com\/#\/schema\/logo\/image\/","url":"https:\/\/qqpets.com\/wp-content\/uploads\/2023\/09\/cropped-cropped-qqpets-tiktok.jpg","contentUrl":"https:\/\/qqpets.com\/wp-content\/uploads\/2023\/09\/cropped-cropped-qqpets-tiktok.jpg","width":511,"height":511,"caption":"QQPETS"},"image":{"@id":"https:\/\/qqpets.com\/#\/schema\/logo\/image\/"},"sameAs":["https:\/\/www.facebook.com\/QQpetsdogcollars","https:\/\/www.instagram.com\/qqpetscollar\/","https:\/\/www.pinterest.com\/qqpetsdogcollarsfactory\/"]}]}},"_links":{"self":[{"href":"https:\/\/qqpets.com\/cs\/wp-json\/wp\/v2\/product\/4645","targetHints":{"allow":["GET"]}}],"collection":[{"href":"https:\/\/qqpets.com\/cs\/wp-json\/wp\/v2\/product"}],"about":[{"href":"https:\/\/qqpets.com\/cs\/wp-json\/wp\/v2\/types\/product"}],"wp:featuredmedia":[{"embeddable":true,"href":"https:\/\/qqpets.com\/cs\/wp-json\/wp\/v2\/media\/7691"}],"wp:attachment":[{"href":"https:\/\/qqpets.com\/cs\/wp-json\/wp\/v2\/media?parent=4645"}],"wp:term":[{"taxonomy":"product_brand","embeddable":true,"href":"https:\/\/qqpets.com\/cs\/wp-json\/wp\/v2\/product_brand?post=4645"},{"taxonomy":"product_cat","embeddable":true,"href":"https:\/\/qqpets.com\/cs\/wp-json\/wp\/v2\/product_cat?post=4645"},{"taxonomy":"product_tag","embeddable":true,"href":"https:\/\/qqpets.com\/cs\/wp-json\/wp\/v2\/product_tag?post=4645"}],"curies":[{"name":"wp","href":"https:\/\/api.w.org\/{rel}","templated":true}]}}