{"id":4950,"date":"2024-03-14T10:00:15","date_gmt":"2024-03-14T02:00:15","guid":{"rendered":"https:\/\/qqpets.com\/?post_type=product&#038;p=4950"},"modified":"2024-11-11T15:15:16","modified_gmt":"2024-11-11T07:15:16","slug":"hands-free-no-pull-dog-leash","status":"publish","type":"product","link":"https:\/\/qqpets.com\/cs\/produkt\/hands-free-no-pull-dog-leash\/","title":{"rendered":"Vod\u00edtko pro psy bez tah\u00e1n\u00ed"},"content":{"rendered":"<p>Zvy\u0161te bezpe\u010dnost sv\u00e9ho dom\u00e1c\u00edho mazl\u00ed\u010dka i sv\u00e9 vlastn\u00ed pohodl\u00ed s na\u0161\u00edm inovativn\u00edm vod\u00edtkem pro psy na proch\u00e1zky a b\u011bh\u00e1n\u00ed s voln\u00fdma rukama, kter\u00e9 je vybaveno integrovan\u00fdm bezpe\u010dnostn\u00edm p\u00e1sem do auta a popruhem pohlcuj\u00edc\u00edm n\u00e1razy. Toto multifunk\u010dn\u00ed vod\u00edtko v\u00e1m umo\u017en\u00ed zachovat si aktivn\u00ed \u017eivotn\u00ed styl a z\u00e1rove\u0148 zajistit bezpe\u010dnost a pohodl\u00ed va\u0161eho mazl\u00ed\u010dka p\u0159i jak\u00e9koli \u010dinnosti - a\u0165 u\u017e b\u011bh\u00e1te v parku, nebo jedete za dal\u0161\u00edm dobrodru\u017estv\u00edm.<\/p>\n<p>Kl\u00ed\u010dovou vlastnost\u00ed tohoto vod\u00edtka je jeho pru\u017enost, a to d\u00edky tlumic\u00edmu lanu, kter\u00e9 zabra\u0148uje trh\u00e1n\u00ed a tah\u00e1n\u00ed, \u010d\u00edm\u017e sni\u017euje z\u00e1t\u011b\u017e va\u0161eho mazl\u00ed\u010dka i v\u00e1s. Plynule p\u0159ech\u00e1z\u00ed z dopl\u0148ku pro ven\u010den\u00ed a b\u011bh\u00e1n\u00ed na bezpe\u010dnostn\u00ed p\u00e1s do auta, bezpe\u010dn\u011b ukotvuje va\u0161eho mazl\u00ed\u010dka b\u011bhem j\u00edzdy a sni\u017euje rozptylov\u00e1n\u00ed pro bezpe\u010dn\u011bj\u0161\u00ed \u0159\u00edzen\u00ed.<\/p>\n<p>Na\u0161e vod\u00edtko bylo navr\u017eeno s ohledem na prakti\u010dnost a je vybaveno bedern\u00edm p\u00e1sem bez pou\u017eit\u00ed rukou, kter\u00fd se p\u0159izp\u016fsob\u00ed \u0161irok\u00e9 \u0161k\u00e1le velikost\u00ed a umo\u017en\u00ed v\u00e1m voln\u011b b\u011bhat, chodit nebo se pohybovat, ani\u017e byste se museli dr\u017eet vod\u00edtka. Reflexn\u00ed pro\u0161it\u00ed na vod\u00edtku zaji\u0161\u0165uje dobrou viditelnost za zhor\u0161en\u00fdch sv\u011bteln\u00fdch podm\u00ednek, co\u017e zvy\u0161uje bezpe\u010dnost p\u0159i rann\u00edch nebo ve\u010dern\u00edch proch\u00e1zk\u00e1ch.<\/p>\n<p>Vod\u00edtko je vyrobeno z robustn\u00edch materi\u00e1l\u016f odoln\u00fdch proti pov\u011btrnostn\u00edm vliv\u016fm a vydr\u017e\u00ed n\u00e1ro\u010dn\u00e9 venkovn\u00ed pou\u017eit\u00ed i ka\u017edodenn\u00ed doj\u00ed\u017ed\u011bn\u00ed. D\u00edky univerz\u00e1ln\u00ed kompatibilit\u011b s v\u011bt\u0161inou syst\u00e9m\u016f bezpe\u010dnostn\u00edch p\u00e1s\u016f ve vozidle je instalace rychl\u00e1 a bezprobl\u00e9mov\u00e1, tak\u017ee jste b\u011bhem okam\u017eiku p\u0159ipraveni vyrazit.<\/p>\n<p>A\u0165 u\u017e jste v\u00e1\u0161niv\u00fd b\u011b\u017eec, denn\u011b doj\u00ed\u017ed\u00edte do pr\u00e1ce, nebo milujete dlouh\u00e9 t\u00fary se psem, na\u0161e vod\u00edtko pro psy s bezpe\u010dnostn\u00edm p\u00e1sem do auta a tlumic\u00edm popruhem je ide\u00e1ln\u00ed volbou pro majitele zv\u00ed\u0159at, kte\u0159\u00ed dbaj\u00ed na bezpe\u010dnost a odm\u00edtaj\u00ed d\u011blat kompromisy v oblasti funk\u010dnosti a stylu.<\/p>\n<h6><strong>Jsou bungee vod\u00edtka vhodn\u00e1 pro psy?<\/strong><\/h6>\n<p>Bungee vod\u00edtka mohou b\u00fdt pro psy vhodn\u00e1, proto\u017ee sni\u017euj\u00ed ot\u0159esy zp\u016fsoben\u00e9 n\u00e1hl\u00fdmi pohyby a tah\u00e1n\u00edm, tak\u017ee proch\u00e1zky jsou pohodln\u011bj\u0161\u00ed pro psa i majitele. Nemus\u00ed v\u0161ak b\u00fdt vhodn\u00e1 pro velmi siln\u00e9 nebo reaktivn\u00ed psy, proto\u017ee jejich pru\u017enost m\u016f\u017ee podporovat tah\u00e1n\u00ed.<\/p>\n<h6><strong>Jak se pou\u017e\u00edv\u00e1 vod\u00edtko pro psy?<\/strong><\/h6>\n<p>P\u0159ipevn\u011bte klip bungee vod\u00edtka k postroji nebo obojku va\u0161eho psa. Pevn\u011b dr\u017ete rukoje\u0165, aby bungee \u010d\u00e1st absorbovala n\u00e1razy a tahy b\u011bhem proch\u00e1zky. Je obzvl\u00e1\u0161t\u011b u\u017eite\u010dn\u00e9 p\u0159i b\u011bh\u00e1n\u00ed nebo p\u011b\u0161\u00ed turistice, kde se m\u016f\u017eete setkat s n\u00e1hl\u00fdm \u0161kubnut\u00edm.<\/p>\n<h6><strong>Jak\u00e1 d\u00e9lka vod\u00edtka pro b\u011bh se psem?<\/strong><\/h6>\n<p>Pro b\u011bh\u00e1n\u00ed se obvykle doporu\u010duje vod\u00edtko dlouh\u00e9 asi 4 a\u017e 6 stop, kter\u00e9 poskytuje dostatek prostoru pro pohodlnou d\u00e9lku kroku, ale z\u00e1rove\u0148 je dostate\u010dn\u011b kr\u00e1tk\u00e9, abyste m\u011bli psa pod kontrolou.<\/p>\n<h6><strong>P\u0159estanou bungee vod\u00edtka tahat?<\/strong><\/h6>\n<p>Ne, bungee vod\u00edtka nep\u0159est\u00e1vaj\u00ed t\u00e1hnout. D\u00edky sv\u00e9 pru\u017en\u00e9 povaze mohou sn\u00ed\u017eit dopad tah\u00e1n\u00ed, ale neodrazuj\u00ed od samotn\u00e9ho chov\u00e1n\u00ed.<\/p>\n<h6><strong>Jak\u00e9 vod\u00edtko je nejlep\u0161\u00ed pro psa, kter\u00fd tah\u00e1?<\/strong><\/h6>\n<p>Pro psa, kter\u00fd tah\u00e1, je nejlep\u0161\u00ed postroj bez tah\u00e1n\u00ed spojen\u00fd se siln\u00fdm, nepru\u017en\u00fdm vod\u00edtkem. Postroj odrad\u00ed psa od tah\u00e1n\u00ed t\u00edm, \u017ee ho nasm\u011bruje zp\u011bt k v\u00e1m, zat\u00edmco stabiln\u00ed vod\u00edtko zajist\u00ed kontrolu, ani\u017e by tah\u00e1n\u00ed podporovalo natahov\u00e1n\u00edm.<\/p>","protected":false},"excerpt":{"rendered":"<p>Prom\u011b\u0148te sv\u00e9 vych\u00e1zky s na\u0161\u00edm vod\u00edtkem pro psy s voln\u00fdma rukama, kter\u00e9 je vybaveno bezpe\u010dnostn\u00edm bezpe\u010dnostn\u00edm p\u00e1sem a tlumic\u00edm popruhem. Je ide\u00e1ln\u00ed na proch\u00e1zky, b\u011bh\u00e1n\u00ed nebo j\u00edzdu autem, zaji\u0161\u0165uje bezpe\u010dnost va\u0161eho mazl\u00ed\u010dka a z\u00e1rove\u0148 mu poskytuje volnost pohybu. Nastaviteln\u00e9 reflexn\u00ed vod\u00edtko zvy\u0161uje viditelnost a flexibilitu, tak\u017ee je ide\u00e1ln\u00ed pro denn\u00ed i no\u010dn\u00ed pou\u017eit\u00ed. Je vyrobeno z odoln\u00fdch a vysoce kvalitn\u00edch materi\u00e1l\u016f a je ur\u010deno pro aktivn\u00ed majitele dom\u00e1c\u00edch mazl\u00ed\u010dk\u016f, kte\u0159\u00ed hledaj\u00ed pohodl\u00ed, ani\u017e by museli d\u011blat kompromisy v oblasti bezpe\u010dnosti. Toto vod\u00edtko se snadno pou\u017e\u00edv\u00e1 a je univerz\u00e1ln\u011b kompatibiln\u00ed s v\u011bt\u0161inou vozidel, tak\u017ee ka\u017ed\u00e1 cesta s va\u0161\u00edm mazl\u00ed\u010dkem bude hra\u010dka.<\/p>","protected":false},"featured_media":4951,"template":"","meta":[],"product_brand":[],"product_cat":[27],"product_tag":[],"class_list":{"0":"post-4950","1":"product","2":"type-product","3":"status-publish","4":"has-post-thumbnail","6":"product_cat-dog-leash","7":"pa_brand-qqpets","9":"first","10":"instock","11":"shipping-taxable","12":"product-type-simple"},"yoast_head":"<!-- This site is optimized with the Yoast SEO plugin v26.6 - https:\/\/yoast.com\/wordpress\/plugins\/seo\/ -->\n<title>Hands Free No Pull Dog Leash | QQPETS<\/title>\n<meta name=\"description\" content=\"Shop our Hands Free Dog Leash with Car Seat Belt for safe, shock-absorbing walks and runs. Perfect for active pet owners!\" \/>\n<meta name=\"robots\" content=\"index, follow, max-snippet:-1, max-image-preview:large, max-video-preview:-1\" \/>\n<link rel=\"canonical\" href=\"https:\/\/qqpets.com\/cs\/produkt\/hands-free-no-pull-dog-leash\/\" \/>\n<meta property=\"og:locale\" content=\"cs_CZ\" \/>\n<meta property=\"og:type\" content=\"article\" \/>\n<meta property=\"og:title\" content=\"Hands Free No Pull Dog Leash | QQPETS\" \/>\n<meta property=\"og:description\" content=\"Shop our Hands Free Dog Leash with Car Seat Belt for safe, shock-absorbing walks and runs. Perfect for active pet owners!\" \/>\n<meta property=\"og:url\" content=\"https:\/\/qqpets.com\/cs\/produkt\/hands-free-no-pull-dog-leash\/\" \/>\n<meta property=\"og:site_name\" content=\"QQPETS\" \/>\n<meta property=\"article:publisher\" content=\"https:\/\/www.facebook.com\/QQpetsdogcollars\" \/>\n<meta property=\"article:modified_time\" content=\"2024-11-11T07:15:16+00:00\" \/>\n<meta property=\"og:image\" content=\"https:\/\/qqpets.com\/wp-content\/uploads\/2024\/03\/1.webp\" \/>\n\t<meta property=\"og:image:width\" content=\"1000\" \/>\n\t<meta property=\"og:image:height\" content=\"1000\" \/>\n\t<meta property=\"og:image:type\" content=\"image\/webp\" \/>\n<meta name=\"twitter:card\" content=\"summary_large_image\" \/>\n<meta name=\"twitter:label1\" content=\"Odhadovan\u00e1 doba \u010dten\u00ed\" \/>\n\t<meta name=\"twitter:data1\" content=\"3 minuty\" \/>\n<script type=\"application\/ld+json\" class=\"yoast-schema-graph\">{\"@context\":\"https:\/\/schema.org\",\"@graph\":[{\"@type\":\"WebPage\",\"@id\":\"https:\/\/qqpets.com\/product\/hands-free-no-pull-dog-leash\/\",\"url\":\"https:\/\/qqpets.com\/product\/hands-free-no-pull-dog-leash\/\",\"name\":\"Hands Free No Pull Dog Leash | QQPETS\",\"isPartOf\":{\"@id\":\"https:\/\/qqpets.com\/#website\"},\"primaryImageOfPage\":{\"@id\":\"https:\/\/qqpets.com\/product\/hands-free-no-pull-dog-leash\/#primaryimage\"},\"image\":{\"@id\":\"https:\/\/qqpets.com\/product\/hands-free-no-pull-dog-leash\/#primaryimage\"},\"thumbnailUrl\":\"https:\/\/qqpets.com\/wp-content\/uploads\/2024\/03\/1.webp\",\"datePublished\":\"2024-03-14T02:00:15+00:00\",\"dateModified\":\"2024-11-11T07:15:16+00:00\",\"description\":\"Shop our Hands Free Dog Leash with Car Seat Belt for safe, shock-absorbing walks and runs. Perfect for active pet owners!\",\"breadcrumb\":{\"@id\":\"https:\/\/qqpets.com\/product\/hands-free-no-pull-dog-leash\/#breadcrumb\"},\"inLanguage\":\"cs\",\"potentialAction\":[{\"@type\":\"ReadAction\",\"target\":[\"https:\/\/qqpets.com\/product\/hands-free-no-pull-dog-leash\/\"]}]},{\"@type\":\"ImageObject\",\"inLanguage\":\"cs\",\"@id\":\"https:\/\/qqpets.com\/product\/hands-free-no-pull-dog-leash\/#primaryimage\",\"url\":\"https:\/\/qqpets.com\/wp-content\/uploads\/2024\/03\/1.webp\",\"contentUrl\":\"https:\/\/qqpets.com\/wp-content\/uploads\/2024\/03\/1.webp\",\"width\":1000,\"height\":1000,\"caption\":\"car sear belt bungee dog leash\"},{\"@type\":\"BreadcrumbList\",\"@id\":\"https:\/\/qqpets.com\/product\/hands-free-no-pull-dog-leash\/#breadcrumb\",\"itemListElement\":[{\"@type\":\"ListItem\",\"position\":1,\"name\":\"Home\",\"item\":\"https:\/\/qqpets.com\/\"},{\"@type\":\"ListItem\",\"position\":2,\"name\":\"Products\",\"item\":\"https:\/\/qqpets.com\/pet-products-manufacturer\/\"},{\"@type\":\"ListItem\",\"position\":3,\"name\":\"Hands Free No Pull Dog Leash\"}]},{\"@type\":\"WebSite\",\"@id\":\"https:\/\/qqpets.com\/#website\",\"url\":\"https:\/\/qqpets.com\/\",\"name\":\"QQPETS\",\"description\":\"QQPETS is a pet products factory for dog harnesses, dog collars, dog leashes and dog accessories with professional customized service since 2005.\",\"publisher\":{\"@id\":\"https:\/\/qqpets.com\/#organization\"},\"potentialAction\":[{\"@type\":\"SearchAction\",\"target\":{\"@type\":\"EntryPoint\",\"urlTemplate\":\"https:\/\/qqpets.com\/?s={search_term_string}\"},\"query-input\":{\"@type\":\"PropertyValueSpecification\",\"valueRequired\":true,\"valueName\":\"search_term_string\"}}],\"inLanguage\":\"cs\"},{\"@type\":\"Organization\",\"@id\":\"https:\/\/qqpets.com\/#organization\",\"name\":\"QQPETS\",\"url\":\"https:\/\/qqpets.com\/\",\"logo\":{\"@type\":\"ImageObject\",\"inLanguage\":\"cs\",\"@id\":\"https:\/\/qqpets.com\/#\/schema\/logo\/image\/\",\"url\":\"https:\/\/qqpets.com\/wp-content\/uploads\/2023\/09\/cropped-cropped-qqpets-tiktok.jpg\",\"contentUrl\":\"https:\/\/qqpets.com\/wp-content\/uploads\/2023\/09\/cropped-cropped-qqpets-tiktok.jpg\",\"width\":511,\"height\":511,\"caption\":\"QQPETS\"},\"image\":{\"@id\":\"https:\/\/qqpets.com\/#\/schema\/logo\/image\/\"},\"sameAs\":[\"https:\/\/www.facebook.com\/QQpetsdogcollars\",\"https:\/\/www.instagram.com\/qqpetscollar\/\",\"https:\/\/www.pinterest.com\/qqpetsdogcollarsfactory\/\"]}]}<\/script>\n<!-- \/ Yoast SEO plugin. -->","yoast_head_json":{"title":"Vod\u00edtko pro psy bez tah\u00e1n\u00ed | QQPETS","description":"Kupte si na\u0161e vod\u00edtko pro psy s bezpe\u010dnostn\u00edm p\u00e1sem do auta pro bezpe\u010dn\u00e9 proch\u00e1zky a b\u011bh\u00e1n\u00ed, kter\u00e9 tlum\u00ed n\u00e1razy. Ide\u00e1ln\u00ed pro aktivn\u00ed majitele dom\u00e1c\u00edch mazl\u00ed\u010dk\u016f!","robots":{"index":"index","follow":"follow","max-snippet":"max-snippet:-1","max-image-preview":"max-image-preview:large","max-video-preview":"max-video-preview:-1"},"canonical":"https:\/\/qqpets.com\/cs\/produkt\/hands-free-no-pull-dog-leash\/","og_locale":"cs_CZ","og_type":"article","og_title":"Hands Free No Pull Dog Leash | QQPETS","og_description":"Shop our Hands Free Dog Leash with Car Seat Belt for safe, shock-absorbing walks and runs. Perfect for active pet owners!","og_url":"https:\/\/qqpets.com\/cs\/produkt\/hands-free-no-pull-dog-leash\/","og_site_name":"QQPETS","article_publisher":"https:\/\/www.facebook.com\/QQpetsdogcollars","article_modified_time":"2024-11-11T07:15:16+00:00","og_image":[{"width":1000,"height":1000,"url":"https:\/\/qqpets.com\/wp-content\/uploads\/2024\/03\/1.webp","type":"image\/webp"}],"twitter_card":"summary_large_image","twitter_misc":{"Odhadovan\u00e1 doba \u010dten\u00ed":"3 minuty"},"schema":{"@context":"https:\/\/schema.org","@graph":[{"@type":"WebPage","@id":"https:\/\/qqpets.com\/product\/hands-free-no-pull-dog-leash\/","url":"https:\/\/qqpets.com\/product\/hands-free-no-pull-dog-leash\/","name":"Vod\u00edtko pro psy bez tah\u00e1n\u00ed | QQPETS","isPartOf":{"@id":"https:\/\/qqpets.com\/#website"},"primaryImageOfPage":{"@id":"https:\/\/qqpets.com\/product\/hands-free-no-pull-dog-leash\/#primaryimage"},"image":{"@id":"https:\/\/qqpets.com\/product\/hands-free-no-pull-dog-leash\/#primaryimage"},"thumbnailUrl":"https:\/\/qqpets.com\/wp-content\/uploads\/2024\/03\/1.webp","datePublished":"2024-03-14T02:00:15+00:00","dateModified":"2024-11-11T07:15:16+00:00","description":"Kupte si na\u0161e vod\u00edtko pro psy s bezpe\u010dnostn\u00edm p\u00e1sem do auta pro bezpe\u010dn\u00e9 proch\u00e1zky a b\u011bh\u00e1n\u00ed, kter\u00e9 tlum\u00ed n\u00e1razy. Ide\u00e1ln\u00ed pro aktivn\u00ed majitele dom\u00e1c\u00edch mazl\u00ed\u010dk\u016f!","breadcrumb":{"@id":"https:\/\/qqpets.com\/product\/hands-free-no-pull-dog-leash\/#breadcrumb"},"inLanguage":"cs","potentialAction":[{"@type":"ReadAction","target":["https:\/\/qqpets.com\/product\/hands-free-no-pull-dog-leash\/"]}]},{"@type":"ImageObject","inLanguage":"cs","@id":"https:\/\/qqpets.com\/product\/hands-free-no-pull-dog-leash\/#primaryimage","url":"https:\/\/qqpets.com\/wp-content\/uploads\/2024\/03\/1.webp","contentUrl":"https:\/\/qqpets.com\/wp-content\/uploads\/2024\/03\/1.webp","width":1000,"height":1000,"caption":"car sear belt bungee dog leash"},{"@type":"BreadcrumbList","@id":"https:\/\/qqpets.com\/product\/hands-free-no-pull-dog-leash\/#breadcrumb","itemListElement":[{"@type":"ListItem","position":1,"name":"Home","item":"https:\/\/qqpets.com\/"},{"@type":"ListItem","position":2,"name":"Products","item":"https:\/\/qqpets.com\/pet-products-manufacturer\/"},{"@type":"ListItem","position":3,"name":"Hands Free No Pull Dog Leash"}]},{"@type":"WebSite","@id":"https:\/\/qqpets.com\/#website","url":"https:\/\/qqpets.com\/","name":"QQPETS","description":"QQPETS je tov\u00e1rna na v\u00fdrobky pro dom\u00e1c\u00ed mazl\u00ed\u010dky pro ps\u00ed postroje, obojky, vod\u00edtka a dopl\u0148ky pro psy s profesion\u00e1ln\u00edmi slu\u017ebami na m\u00edru od roku 2005.","publisher":{"@id":"https:\/\/qqpets.com\/#organization"},"potentialAction":[{"@type":"SearchAction","target":{"@type":"EntryPoint","urlTemplate":"https:\/\/qqpets.com\/?s={search_term_string}"},"query-input":{"@type":"PropertyValueSpecification","valueRequired":true,"valueName":"search_term_string"}}],"inLanguage":"cs"},{"@type":"Organization","@id":"https:\/\/qqpets.com\/#organization","name":"QQPETS","url":"https:\/\/qqpets.com\/","logo":{"@type":"ImageObject","inLanguage":"cs","@id":"https:\/\/qqpets.com\/#\/schema\/logo\/image\/","url":"https:\/\/qqpets.com\/wp-content\/uploads\/2023\/09\/cropped-cropped-qqpets-tiktok.jpg","contentUrl":"https:\/\/qqpets.com\/wp-content\/uploads\/2023\/09\/cropped-cropped-qqpets-tiktok.jpg","width":511,"height":511,"caption":"QQPETS"},"image":{"@id":"https:\/\/qqpets.com\/#\/schema\/logo\/image\/"},"sameAs":["https:\/\/www.facebook.com\/QQpetsdogcollars","https:\/\/www.instagram.com\/qqpetscollar\/","https:\/\/www.pinterest.com\/qqpetsdogcollarsfactory\/"]}]}},"_links":{"self":[{"href":"https:\/\/qqpets.com\/cs\/wp-json\/wp\/v2\/product\/4950","targetHints":{"allow":["GET"]}}],"collection":[{"href":"https:\/\/qqpets.com\/cs\/wp-json\/wp\/v2\/product"}],"about":[{"href":"https:\/\/qqpets.com\/cs\/wp-json\/wp\/v2\/types\/product"}],"wp:featuredmedia":[{"embeddable":true,"href":"https:\/\/qqpets.com\/cs\/wp-json\/wp\/v2\/media\/4951"}],"wp:attachment":[{"href":"https:\/\/qqpets.com\/cs\/wp-json\/wp\/v2\/media?parent=4950"}],"wp:term":[{"taxonomy":"product_brand","embeddable":true,"href":"https:\/\/qqpets.com\/cs\/wp-json\/wp\/v2\/product_brand?post=4950"},{"taxonomy":"product_cat","embeddable":true,"href":"https:\/\/qqpets.com\/cs\/wp-json\/wp\/v2\/product_cat?post=4950"},{"taxonomy":"product_tag","embeddable":true,"href":"https:\/\/qqpets.com\/cs\/wp-json\/wp\/v2\/product_tag?post=4950"}],"curies":[{"name":"wp","href":"https:\/\/api.w.org\/{rel}","templated":true}]}}