{"id":7587,"date":"2024-08-30T13:58:07","date_gmt":"2024-08-30T05:58:07","guid":{"rendered":"https:\/\/qqpets.com\/?post_type=product&#038;p=7587"},"modified":"2024-12-12T16:27:14","modified_gmt":"2024-12-12T08:27:14","slug":"h-shaped-dog-harness","status":"publish","type":"product","link":"https:\/\/qqpets.com\/cs\/produkt\/h-shaped-dog-harness\/","title":{"rendered":"Postroj pro psy ve tvaru p\u00edsmene H"},"content":{"rendered":"<p>P\u0159edstavujeme v\u00e1m n\u00e1\u0161 pe\u010dliv\u011b vyroben\u00fd postroj pro psy ve tvaru p\u00edsmene H, kter\u00fd byl navr\u017een s ohledem na pohodl\u00ed zv\u00ed\u0159ete i majitele. Tento inovativn\u00ed postroj m\u00e1 jedine\u010dnou konstrukci ve tvaru p\u00edsmene H, kter\u00e1 rovnom\u011brn\u011b rozkl\u00e1d\u00e1 tlak na hrudn\u00edk a ramena, \u010d\u00edm\u017e zabra\u0148uje jak\u00e9mukoli nam\u00e1h\u00e1n\u00ed krku va\u0161eho psa. D\u00edky pln\u011b nastaviteln\u00fdm kr\u010dn\u00edm a hrudn\u00edm popruh\u016fm zaji\u0161\u0165uje pevn\u00e9 a bezpe\u010dn\u00e9 uchycen\u00ed pro plemena v\u0161ech velikost\u00ed.<\/p>\n<p>Postroj je vyroben z vysoce kvalitn\u00edch materi\u00e1l\u016f \u0161etrn\u00fdch k \u017eivotn\u00edmu prost\u0159ed\u00ed, kter\u00e9 jsou m\u011bkk\u00e9 na dotek a z\u00e1rove\u0148 neuv\u011b\u0159iteln\u011b odoln\u00e9. Prody\u0161n\u00e1 tkanina zaji\u0161\u0165uje, \u017ee v\u00e1\u0161 pes z\u016fstane v pohodl\u00ed a komfortu i p\u0159i del\u0161\u00edm pou\u017e\u00edv\u00e1n\u00ed nebo v teplej\u0161\u00edm podneb\u00ed. Reflexn\u00ed pro\u0161\u00edv\u00e1n\u00ed zvy\u0161uje viditelnost p\u0159i no\u010dn\u00edch proch\u00e1zk\u00e1ch a dod\u00e1v\u00e1 dal\u0161\u00ed vrstvu bezpe\u010dnosti.<\/p>\n<p>N\u00e1\u0161 postroj ve tvaru p\u00edsmene H je ide\u00e1ln\u00ed pro v\u00fdcvik, ka\u017edodenn\u00ed proch\u00e1zky a venkovn\u00ed dobrodru\u017estv\u00ed a nab\u00edz\u00ed lep\u0161\u00ed kontrolu, ani\u017e by to bylo na \u00fakor pohodl\u00ed va\u0161eho mazl\u00ed\u010dka. D\u00edky snadn\u00e9mu nasazov\u00e1n\u00ed a sund\u00e1v\u00e1n\u00ed je u\u017eivatelsky p\u0159\u00edv\u011btiv\u00fd, co\u017e v\u00fdrazn\u011b sni\u017euje pot\u00ed\u017ee s obl\u00e9k\u00e1n\u00edm psa na vych\u00e1zky. Ka\u017ed\u00fd postroj je vybaven robustn\u00edm D-krou\u017ekem pro p\u0159ipevn\u011bn\u00ed vod\u00edtka, kter\u00fd zaji\u0161\u0165uje spolehliv\u00e9 spojen\u00ed za v\u0161ech okolnost\u00ed.<\/p>\n<p>Na\u0161e postroje, kter\u00e9 jsou k dispozici v r\u016fzn\u00fdch z\u00e1\u0159iv\u00fdch barv\u00e1ch a vzorech, jsou nejen prioritou pro pohodl\u00ed a bezpe\u010dnost va\u0161eho psa, ale tak\u00e9 p\u0159id\u00e1vaj\u00ed styl do jeho ka\u017edodenn\u00ed rutiny. A\u0165 u\u017e se jen proch\u00e1z\u00edte kolem bloku, nebo vyr\u00e1\u017e\u00edte na v\u00edkendov\u00e9 dobrodru\u017estv\u00ed, n\u00e1\u0161 postroj pro psy ve tvaru p\u00edsmene H je ide\u00e1ln\u00ed volbou pro sv\u011bdomit\u00e9 majitele zv\u00ed\u0159at, kte\u0159\u00ed si cen\u00ed kvality a stylu.<\/p>\n<p><strong>Je postroj H vhodn\u00fd pro psy?<\/strong><\/p>\n<p>Ano, postroj typu H m\u016f\u017ee b\u00fdt pro psy vhodn\u00fd, proto\u017ee rovnom\u011brn\u011bji rozkl\u00e1d\u00e1 tlak na hrudn\u00edk a z\u00e1da, \u010d\u00edm\u017e sni\u017euje zat\u00ed\u017een\u00ed krku. Je vhodn\u00fd pro m\u00edrn\u00e9 chodce a m\u016f\u017ee b\u00fdt docela pohodln\u00fd.<\/p>\n<p><strong>Jak se nasazuje postroj H na psa?<\/strong><\/p>\n<ul>\n<li>Postroj H nasad\u00edte tak, \u017ee psa nech\u00e1te vstoupit do smy\u010dek postroje, do ka\u017ed\u00e9 smy\u010dky vlo\u017e\u00edte jednu packu, postroj obepnete kolem hrudn\u00edku a zad a pot\u00e9 ho na z\u00e1dech zapnete. Nastavte popruhy tak, aby dob\u0159e sed\u011bly.<\/li>\n<\/ul>\n<p><strong>Je lep\u0161\u00ed postroj H nebo Y?<\/strong><\/p>\n<ul>\n<li>Zda je lep\u0161\u00ed postroj typu H nebo Y, z\u00e1vis\u00ed na velikosti, plemeni a chov\u00e1n\u00ed psa. Postroj ve tvaru Y m\u016f\u017ee poskytovat lep\u0161\u00ed kontrolu a \u010dasto se doporu\u010duje pro aktivn\u00ed psy nebo psy, kte\u0159\u00ed t\u00e1hnou, proto\u017ee poskytuje v\u011bt\u0161\u00ed oporu kolem ramen a m\u00e9n\u011b omezuje pohyb.<\/li>\n<\/ul>\n<p><strong>Doporu\u010duj\u00ed veterin\u00e1\u0159i postroje?<\/strong><\/p>\n<ul>\n<li>Ano, mnoho veterin\u00e1\u0159\u016f doporu\u010duje postroje, zejm\u00e9na u ps\u016f se sklonem k d\u00fdchac\u00edm pot\u00ed\u017e\u00edm nebo u ps\u016f, kte\u0159\u00ed maj\u00ed tendenci tahat, proto\u017ee postroje sni\u017euj\u00ed z\u00e1t\u011b\u017e krku a zvy\u0161uj\u00ed celkovou bezpe\u010dnost a pohodl\u00ed.<\/li>\n<\/ul>\n<p><strong>Je postroj pro psa lep\u0161\u00ed ne\u017e vod\u00edtko?<\/strong><\/p>\n<ul>\n<li>Postroj spojen\u00fd s vod\u00edtkem poskytuje lep\u0161\u00ed kontrolu a bezpe\u010dnost ne\u017e vod\u00edtko p\u0159ipevn\u011bn\u00e9 k obojku. Postroje rovnom\u011brn\u011bji rozkl\u00e1daj\u00ed tlak a sni\u017euj\u00ed riziko zran\u011bn\u00ed, tak\u017ee jsou lep\u0161\u00ed volbou pro v\u011bt\u0161inu ps\u016f, zejm\u00e9na pro ty, kte\u0159\u00ed t\u00e1hnou nebo maj\u00ed zdravotn\u00ed probl\u00e9my, jako je nap\u0159\u00edklad kolaps pr\u016fdu\u0161nice.<\/li>\n<\/ul>","protected":false},"excerpt":{"rendered":"<p>P\u0159ejd\u011bte na n\u00e1\u0161 postroj pro psy ve tvaru p\u00edsmene H a z\u00edskejte bezkonkuren\u010dn\u00ed pohodl\u00ed a kontrolu. Je nastaviteln\u00fd, odoln\u00fd a navr\u017een\u00fd pro ka\u017edodenn\u00ed pou\u017e\u00edv\u00e1n\u00ed, tak\u017ee va\u0161emu mazl\u00ed\u010dkovi dokonale padne a zajist\u00ed mu bezpe\u010dn\u00e9 dobrodru\u017estv\u00ed. K dispozici v r\u016fzn\u00fdch velikostech a barv\u00e1ch.<\/p>","protected":false},"featured_media":9677,"template":"","meta":[],"product_brand":[],"product_cat":[23],"product_tag":[],"class_list":{"0":"post-7587","1":"product","2":"type-product","3":"status-publish","4":"has-post-thumbnail","6":"product_cat-dog-harness","7":"pa_brand-qqpets","9":"first","10":"instock","11":"shipping-taxable","12":"product-type-simple"},"yoast_head":"<!-- This site is optimized with the Yoast SEO plugin v26.6 - https:\/\/yoast.com\/wordpress\/plugins\/seo\/ -->\n<title>H Shaped Dog Harness | QQPETS<\/title>\n<meta name=\"description\" content=\"Discover the comfort and control of our H-shaped dog harnesses. Perfect fit for any breed. Shop now for premium quality\" \/>\n<meta name=\"robots\" content=\"index, follow, max-snippet:-1, max-image-preview:large, max-video-preview:-1\" \/>\n<link rel=\"canonical\" href=\"https:\/\/qqpets.com\/cs\/produkt\/h-shaped-dog-harness\/\" \/>\n<meta property=\"og:locale\" content=\"cs_CZ\" \/>\n<meta property=\"og:type\" content=\"article\" \/>\n<meta property=\"og:title\" content=\"H Shaped Dog Harness | QQPETS\" \/>\n<meta property=\"og:description\" content=\"Discover the comfort and control of our H-shaped dog harnesses. Perfect fit for any breed. Shop now for premium quality\" \/>\n<meta property=\"og:url\" content=\"https:\/\/qqpets.com\/cs\/produkt\/h-shaped-dog-harness\/\" \/>\n<meta property=\"og:site_name\" content=\"QQPETS\" \/>\n<meta property=\"article:publisher\" content=\"https:\/\/www.facebook.com\/QQpetsdogcollars\" \/>\n<meta property=\"article:modified_time\" content=\"2024-12-12T08:27:14+00:00\" \/>\n<meta property=\"og:image\" content=\"https:\/\/qqpets.com\/wp-content\/uploads\/2024\/08\/H-shape-dog-harness.jpg\" \/>\n\t<meta property=\"og:image:width\" content=\"800\" \/>\n\t<meta property=\"og:image:height\" content=\"800\" \/>\n\t<meta property=\"og:image:type\" content=\"image\/jpeg\" \/>\n<meta name=\"twitter:card\" content=\"summary_large_image\" \/>\n<meta name=\"twitter:label1\" content=\"Odhadovan\u00e1 doba \u010dten\u00ed\" \/>\n\t<meta name=\"twitter:data1\" content=\"3 minuty\" \/>\n<script type=\"application\/ld+json\" class=\"yoast-schema-graph\">{\"@context\":\"https:\/\/schema.org\",\"@graph\":[{\"@type\":\"WebPage\",\"@id\":\"https:\/\/qqpets.com\/product\/h-shaped-dog-harness\/\",\"url\":\"https:\/\/qqpets.com\/product\/h-shaped-dog-harness\/\",\"name\":\"H Shaped Dog Harness | QQPETS\",\"isPartOf\":{\"@id\":\"https:\/\/qqpets.com\/#website\"},\"primaryImageOfPage\":{\"@id\":\"https:\/\/qqpets.com\/product\/h-shaped-dog-harness\/#primaryimage\"},\"image\":{\"@id\":\"https:\/\/qqpets.com\/product\/h-shaped-dog-harness\/#primaryimage\"},\"thumbnailUrl\":\"https:\/\/qqpets.com\/wp-content\/uploads\/2024\/08\/H-shape-dog-harness.jpg\",\"datePublished\":\"2024-08-30T05:58:07+00:00\",\"dateModified\":\"2024-12-12T08:27:14+00:00\",\"description\":\"Discover the comfort and control of our H-shaped dog harnesses. Perfect fit for any breed. Shop now for premium quality\",\"breadcrumb\":{\"@id\":\"https:\/\/qqpets.com\/product\/h-shaped-dog-harness\/#breadcrumb\"},\"inLanguage\":\"cs\",\"potentialAction\":[{\"@type\":\"ReadAction\",\"target\":[\"https:\/\/qqpets.com\/product\/h-shaped-dog-harness\/\"]}]},{\"@type\":\"ImageObject\",\"inLanguage\":\"cs\",\"@id\":\"https:\/\/qqpets.com\/product\/h-shaped-dog-harness\/#primaryimage\",\"url\":\"https:\/\/qqpets.com\/wp-content\/uploads\/2024\/08\/H-shape-dog-harness.jpg\",\"contentUrl\":\"https:\/\/qqpets.com\/wp-content\/uploads\/2024\/08\/H-shape-dog-harness.jpg\",\"width\":1000,\"height\":1000},{\"@type\":\"BreadcrumbList\",\"@id\":\"https:\/\/qqpets.com\/product\/h-shaped-dog-harness\/#breadcrumb\",\"itemListElement\":[{\"@type\":\"ListItem\",\"position\":1,\"name\":\"Home\",\"item\":\"https:\/\/qqpets.com\/\"},{\"@type\":\"ListItem\",\"position\":2,\"name\":\"Products\",\"item\":\"https:\/\/qqpets.com\/pet-products-manufacturer\/\"},{\"@type\":\"ListItem\",\"position\":3,\"name\":\"H Shaped Dog Harness\"}]},{\"@type\":\"WebSite\",\"@id\":\"https:\/\/qqpets.com\/#website\",\"url\":\"https:\/\/qqpets.com\/\",\"name\":\"QQPETS\",\"description\":\"QQPETS is a pet products factory for dog harnesses, dog collars, dog leashes and dog accessories with professional customized service since 2005.\",\"publisher\":{\"@id\":\"https:\/\/qqpets.com\/#organization\"},\"potentialAction\":[{\"@type\":\"SearchAction\",\"target\":{\"@type\":\"EntryPoint\",\"urlTemplate\":\"https:\/\/qqpets.com\/?s={search_term_string}\"},\"query-input\":{\"@type\":\"PropertyValueSpecification\",\"valueRequired\":true,\"valueName\":\"search_term_string\"}}],\"inLanguage\":\"cs\"},{\"@type\":\"Organization\",\"@id\":\"https:\/\/qqpets.com\/#organization\",\"name\":\"QQPETS\",\"url\":\"https:\/\/qqpets.com\/\",\"logo\":{\"@type\":\"ImageObject\",\"inLanguage\":\"cs\",\"@id\":\"https:\/\/qqpets.com\/#\/schema\/logo\/image\/\",\"url\":\"https:\/\/qqpets.com\/wp-content\/uploads\/2023\/09\/cropped-cropped-qqpets-tiktok.jpg\",\"contentUrl\":\"https:\/\/qqpets.com\/wp-content\/uploads\/2023\/09\/cropped-cropped-qqpets-tiktok.jpg\",\"width\":511,\"height\":511,\"caption\":\"QQPETS\"},\"image\":{\"@id\":\"https:\/\/qqpets.com\/#\/schema\/logo\/image\/\"},\"sameAs\":[\"https:\/\/www.facebook.com\/QQpetsdogcollars\",\"https:\/\/www.instagram.com\/qqpetscollar\/\",\"https:\/\/www.pinterest.com\/qqpetsdogcollarsfactory\/\"]}]}<\/script>\n<!-- \/ Yoast SEO plugin. -->","yoast_head_json":{"title":"Postroj pro psy ve tvaru p\u00edsmene H | QQPETS","description":"Objevte pohodl\u00ed a kontrolu na\u0161ich postroj\u016f pro psy ve tvaru p\u00edsmene H. Perfektn\u011b se hod\u00ed pro ka\u017ed\u00e9 plemeno. Nakupujte nyn\u00ed v prvot\u0159\u00eddn\u00ed kvalit\u011b","robots":{"index":"index","follow":"follow","max-snippet":"max-snippet:-1","max-image-preview":"max-image-preview:large","max-video-preview":"max-video-preview:-1"},"canonical":"https:\/\/qqpets.com\/cs\/produkt\/h-shaped-dog-harness\/","og_locale":"cs_CZ","og_type":"article","og_title":"H Shaped Dog Harness | QQPETS","og_description":"Discover the comfort and control of our H-shaped dog harnesses. Perfect fit for any breed. Shop now for premium quality","og_url":"https:\/\/qqpets.com\/cs\/produkt\/h-shaped-dog-harness\/","og_site_name":"QQPETS","article_publisher":"https:\/\/www.facebook.com\/QQpetsdogcollars","article_modified_time":"2024-12-12T08:27:14+00:00","og_image":[{"url":"https:\/\/qqpets.com\/wp-content\/uploads\/2024\/08\/H-shape-dog-harness.jpg","width":800,"height":800,"type":"image\/jpeg"}],"twitter_card":"summary_large_image","twitter_misc":{"Odhadovan\u00e1 doba \u010dten\u00ed":"3 minuty"},"schema":{"@context":"https:\/\/schema.org","@graph":[{"@type":"WebPage","@id":"https:\/\/qqpets.com\/product\/h-shaped-dog-harness\/","url":"https:\/\/qqpets.com\/product\/h-shaped-dog-harness\/","name":"Postroj pro psy ve tvaru p\u00edsmene H | QQPETS","isPartOf":{"@id":"https:\/\/qqpets.com\/#website"},"primaryImageOfPage":{"@id":"https:\/\/qqpets.com\/product\/h-shaped-dog-harness\/#primaryimage"},"image":{"@id":"https:\/\/qqpets.com\/product\/h-shaped-dog-harness\/#primaryimage"},"thumbnailUrl":"https:\/\/qqpets.com\/wp-content\/uploads\/2024\/08\/H-shape-dog-harness.jpg","datePublished":"2024-08-30T05:58:07+00:00","dateModified":"2024-12-12T08:27:14+00:00","description":"Objevte pohodl\u00ed a kontrolu na\u0161ich postroj\u016f pro psy ve tvaru p\u00edsmene H. Perfektn\u011b se hod\u00ed pro ka\u017ed\u00e9 plemeno. Nakupujte nyn\u00ed v prvot\u0159\u00eddn\u00ed kvalit\u011b","breadcrumb":{"@id":"https:\/\/qqpets.com\/product\/h-shaped-dog-harness\/#breadcrumb"},"inLanguage":"cs","potentialAction":[{"@type":"ReadAction","target":["https:\/\/qqpets.com\/product\/h-shaped-dog-harness\/"]}]},{"@type":"ImageObject","inLanguage":"cs","@id":"https:\/\/qqpets.com\/product\/h-shaped-dog-harness\/#primaryimage","url":"https:\/\/qqpets.com\/wp-content\/uploads\/2024\/08\/H-shape-dog-harness.jpg","contentUrl":"https:\/\/qqpets.com\/wp-content\/uploads\/2024\/08\/H-shape-dog-harness.jpg","width":1000,"height":1000},{"@type":"BreadcrumbList","@id":"https:\/\/qqpets.com\/product\/h-shaped-dog-harness\/#breadcrumb","itemListElement":[{"@type":"ListItem","position":1,"name":"Home","item":"https:\/\/qqpets.com\/"},{"@type":"ListItem","position":2,"name":"Products","item":"https:\/\/qqpets.com\/pet-products-manufacturer\/"},{"@type":"ListItem","position":3,"name":"H Shaped Dog Harness"}]},{"@type":"WebSite","@id":"https:\/\/qqpets.com\/#website","url":"https:\/\/qqpets.com\/","name":"QQPETS","description":"QQPETS je tov\u00e1rna na v\u00fdrobky pro dom\u00e1c\u00ed mazl\u00ed\u010dky pro ps\u00ed postroje, obojky, vod\u00edtka a dopl\u0148ky pro psy s profesion\u00e1ln\u00edmi slu\u017ebami na m\u00edru od roku 2005.","publisher":{"@id":"https:\/\/qqpets.com\/#organization"},"potentialAction":[{"@type":"SearchAction","target":{"@type":"EntryPoint","urlTemplate":"https:\/\/qqpets.com\/?s={search_term_string}"},"query-input":{"@type":"PropertyValueSpecification","valueRequired":true,"valueName":"search_term_string"}}],"inLanguage":"cs"},{"@type":"Organization","@id":"https:\/\/qqpets.com\/#organization","name":"QQPETS","url":"https:\/\/qqpets.com\/","logo":{"@type":"ImageObject","inLanguage":"cs","@id":"https:\/\/qqpets.com\/#\/schema\/logo\/image\/","url":"https:\/\/qqpets.com\/wp-content\/uploads\/2023\/09\/cropped-cropped-qqpets-tiktok.jpg","contentUrl":"https:\/\/qqpets.com\/wp-content\/uploads\/2023\/09\/cropped-cropped-qqpets-tiktok.jpg","width":511,"height":511,"caption":"QQPETS"},"image":{"@id":"https:\/\/qqpets.com\/#\/schema\/logo\/image\/"},"sameAs":["https:\/\/www.facebook.com\/QQpetsdogcollars","https:\/\/www.instagram.com\/qqpetscollar\/","https:\/\/www.pinterest.com\/qqpetsdogcollarsfactory\/"]}]}},"_links":{"self":[{"href":"https:\/\/qqpets.com\/cs\/wp-json\/wp\/v2\/product\/7587","targetHints":{"allow":["GET"]}}],"collection":[{"href":"https:\/\/qqpets.com\/cs\/wp-json\/wp\/v2\/product"}],"about":[{"href":"https:\/\/qqpets.com\/cs\/wp-json\/wp\/v2\/types\/product"}],"wp:featuredmedia":[{"embeddable":true,"href":"https:\/\/qqpets.com\/cs\/wp-json\/wp\/v2\/media\/9677"}],"wp:attachment":[{"href":"https:\/\/qqpets.com\/cs\/wp-json\/wp\/v2\/media?parent=7587"}],"wp:term":[{"taxonomy":"product_brand","embeddable":true,"href":"https:\/\/qqpets.com\/cs\/wp-json\/wp\/v2\/product_brand?post=7587"},{"taxonomy":"product_cat","embeddable":true,"href":"https:\/\/qqpets.com\/cs\/wp-json\/wp\/v2\/product_cat?post=7587"},{"taxonomy":"product_tag","embeddable":true,"href":"https:\/\/qqpets.com\/cs\/wp-json\/wp\/v2\/product_tag?post=7587"}],"curies":[{"name":"wp","href":"https:\/\/api.w.org\/{rel}","templated":true}]}}