{"id":7618,"date":"2024-08-30T17:15:21","date_gmt":"2024-08-30T09:15:21","guid":{"rendered":"https:\/\/qqpets.com\/?post_type=product&#038;p=7618"},"modified":"2024-08-30T17:26:32","modified_gmt":"2024-08-30T09:26:32","slug":"led-dog-harness","status":"publish","type":"product","link":"https:\/\/qqpets.com\/cs\/produkt\/led-dog-harness\/","title":{"rendered":"LED postroj pro psy"},"content":{"rendered":"<p>Zvy\u0161te bezpe\u010dnost sv\u00fdch ve\u010dern\u00edch proch\u00e1zek s na\u0161\u00edm LED obojkem pro psy, kter\u00fd je speci\u00e1ln\u011b navr\u017een tak, aby zlep\u0161il viditelnost va\u0161eho mazl\u00ed\u010dka za zhor\u0161en\u00fdch sv\u011bteln\u00fdch podm\u00ednek. Tento obojek je osazen vysoce sv\u00edtiv\u00fdmi diodami LED, d\u00edky nim\u017e je v\u00e1\u0161 pes viditeln\u00fd na zna\u010dnou vzd\u00e1lenost, co\u017e zvy\u0161uje bezpe\u010dnost va\u0161ich no\u010dn\u00edch vych\u00e1zek.<\/p>\n<p>L\u00edmec je vyroben z vysoce kvalitn\u00edch a odoln\u00fdch materi\u00e1l\u016f a je ide\u00e1ln\u00ed pro such\u00e9 podm\u00ednky a pravideln\u00e9 pou\u017e\u00edv\u00e1n\u00ed. Je vybaven nastavitelnou konstrukc\u00ed, kter\u00e1 zaji\u0161\u0165uje pohodln\u00e9 no\u0161en\u00ed pro psy v\u0161ech velikost\u00ed. Dob\u00edjec\u00ed baterie poskytuje n\u011bkolik hodin sv\u00edcen\u00ed a lze ji snadno nab\u00edjet p\u0159es USB, co\u017e nab\u00edz\u00ed pohodl\u00ed a spolehlivost.<\/p>\n<p>M\u016f\u017eete si vybrat z n\u011bkolika re\u017eim\u016f osv\u011btlen\u00ed, v\u010detn\u011b st\u00e1l\u00e9ho, pomal\u00e9ho a rychl\u00e9ho z\u00e1blesku, co\u017e v\u00e1m umo\u017en\u00ed p\u0159izp\u016fsobit viditelnost podle konkr\u00e9tn\u00edch pot\u0159eb prost\u0159ed\u00ed.<\/p>\n<p>N\u00e1\u0161 LED obojek pro psy je vynikaj\u00edc\u00ed volbou pro ty, kte\u0159\u00ed cht\u011bj\u00ed zajistit bezpe\u010d\u00ed sv\u00fdch mazl\u00ed\u010dk\u016f b\u011bhem tmav\u00fdch hodin, ani\u017e by museli slevit ze sv\u00e9ho stylu. Hod\u00ed se zejm\u00e9na do m\u00edst, kde nehroz\u00ed vlhkost a voda, a zajist\u00ed, \u017ee v\u00e1\u0161 mazl\u00ed\u010dek z\u016fstane na ve\u010dern\u00edch cest\u00e1ch st\u0159edem pozornosti a v bezpe\u010d\u00ed.<\/p>\n<h3><strong>Jsou LED obojky pro psy bezpe\u010dn\u00e9?<\/strong><\/h3>\n<p>Ano, obojky LED jsou pro psy bezpe\u010dn\u00e9. Jsou navr\u017eeny tak, aby zvy\u0161ovaly viditelnost a bezpe\u010dnost p\u0159i no\u010dn\u00edch proch\u00e1zk\u00e1ch, ani\u017e by psovi zp\u016fsobovaly nepohodl\u00ed nebo \u00fajmu.<\/p>\n<h3><strong>Jak funguje obojek LED pro psy?<\/strong><\/h3>\n<p>Obojek pro psy s LED diodami funguje tak, \u017ee jsou diody LED zabudov\u00e1ny do l\u00e1tky obojku nebo jsou p\u0159ipojeny jako p\u00e1sek nap\u00e1jen\u00fd mal\u00fdmi bateriemi, tak\u017ee obojek ve tm\u011b sv\u00edt\u00ed.<\/p>\n<h3><strong>Pom\u00e1haj\u00ed LED sv\u011btla ps\u016fm?<\/strong><\/h3>\n<p>LED sv\u011btla pom\u00e1haj\u00ed zv\u00fd\u0161it viditelnost psa pro \u0159idi\u010de, cyklisty a dal\u0161\u00ed osoby za zhor\u0161en\u00fdch sv\u011bteln\u00fdch podm\u00ednek, \u010d\u00edm\u017e zvy\u0161uj\u00ed bezpe\u010dnost, ale neposkytuj\u00ed p\u0159\u00edm\u00e9 v\u00fdhody, jako je zlep\u0161en\u00ed vid\u011bn\u00ed psa.<\/p>\n<h3><strong>Jak nab\u00edjet obojek LED pro psy?<\/strong><\/h3>\n<p>V\u011bt\u0161ina obojk\u016f LED pro psy se nab\u00edj\u00ed pomoc\u00ed kabelu USB. Kabel sta\u010d\u00ed p\u0159ipojit k nab\u00edjec\u00edmu portu obojku a druh\u00fd konec p\u0159ipojit k USB nab\u00edje\u010dce nebo po\u010d\u00edta\u010di.<\/p>\n<h3><strong>P\u0159itahuj\u00ed ps\u00ed obojky blesky?<\/strong><\/h3>\n<p>Ne, obojky pro psy nep\u0159itahuj\u00ed blesky. Riziko, \u017ee blesk zas\u00e1hne ps\u00ed obojek, je velmi n\u00edzk\u00e9 a nep\u0159edstavuje v\u00fdznamn\u00fd probl\u00e9m.<\/p>\n<h3><strong>Jak\u00e9 obojky doporu\u010duj\u00ed veterin\u00e1\u0159i?<\/strong><\/h3>\n<p>Veterin\u00e1\u0159i obvykle doporu\u010duj\u00ed obojky, kter\u00e9 jsou bezpe\u010dn\u00e9, pohodln\u00e9 a vhodn\u00e9 pro velikost a plemeno psa. Pro ka\u017edodenn\u00ed pou\u017e\u00edv\u00e1n\u00ed se \u010dasto doporu\u010duj\u00ed odep\u00ednac\u00ed obojky nebo nastaviteln\u00e9 ploch\u00e9 obojky.<\/p>\n<h3><strong>Jak\u00e1 barva LED je pro psy nejlep\u0161\u00ed?<\/strong><\/h3>\n<p>Jasn\u00e9 barvy, jako je b\u00edl\u00e1 nebo modr\u00e1, jsou pro viditelnost obojk\u016f LED pro psy nejlep\u0161\u00ed, proto\u017ee jsou v noci l\u00e9pe viditeln\u00e9 ve srovn\u00e1n\u00ed s teplej\u0161\u00edmi barvami, kter\u00e9 by mohly splynout se sv\u011bteln\u00fdm zne\u010di\u0161t\u011bn\u00edm ve m\u011bst\u011b.<\/p>","protected":false},"excerpt":{"rendered":"<p>Zvy\u0161te viditelnost sv\u00e9ho psa p\u0159i ve\u010dern\u00edch proch\u00e1zk\u00e1ch pomoc\u00ed na\u0161eho LED obojku pro psy. Tento obojek je vybaven jasn\u00fdmi, energeticky \u00fasporn\u00fdmi LED diodami a zaji\u0161\u0165uje viditelnost va\u0161eho mazl\u00ed\u010dka i za zhor\u0161en\u00fdch sv\u011bteln\u00fdch podm\u00ednek. Obojek je nastaviteln\u00fd pro dokonal\u00e9 p\u0159izp\u016fsoben\u00ed a je vyroben z odoln\u00fdch materi\u00e1l\u016f pro ka\u017edodenn\u00ed pou\u017eit\u00ed. Obsahuje dob\u00edjec\u00ed baterii s dlouhou \u017eivotnost\u00ed a nab\u00edz\u00ed n\u011bkolik sv\u011bteln\u00fdch re\u017eim\u016f pro zv\u00fd\u0161en\u00ed viditelnosti. Ide\u00e1ln\u00ed pro no\u010dn\u00ed proch\u00e1zky za such\u00fdch ve\u010der\u016f.<\/p>","protected":false},"featured_media":7220,"template":"","meta":[],"product_brand":[],"product_cat":[26],"product_tag":[],"class_list":{"0":"post-7618","1":"product","2":"type-product","3":"status-publish","4":"has-post-thumbnail","6":"product_cat-dog-collar","8":"first","9":"instock","10":"shipping-taxable","11":"product-type-simple"},"yoast_head":"<!-- This site is optimized with the Yoast SEO plugin v26.6 - https:\/\/yoast.com\/wordpress\/plugins\/seo\/ -->\n<title>LED Dog Harness | QQPETS<\/title>\n<meta name=\"description\" content=\"Light up your pet&#039;s night with our LED Dog Collar. Bright, stylish, and perfect for evening visibility. Shop now!\" \/>\n<meta name=\"robots\" content=\"index, follow, max-snippet:-1, max-image-preview:large, max-video-preview:-1\" \/>\n<link rel=\"canonical\" href=\"https:\/\/qqpets.com\/cs\/produkt\/led-dog-harness\/\" \/>\n<meta property=\"og:locale\" content=\"cs_CZ\" \/>\n<meta property=\"og:type\" content=\"article\" \/>\n<meta property=\"og:title\" content=\"LED Dog Harness | QQPETS\" \/>\n<meta property=\"og:description\" content=\"Light up your pet&#039;s night with our LED Dog Collar. Bright, stylish, and perfect for evening visibility. Shop now!\" \/>\n<meta property=\"og:url\" content=\"https:\/\/qqpets.com\/cs\/produkt\/led-dog-harness\/\" \/>\n<meta property=\"og:site_name\" content=\"QQPETS\" \/>\n<meta property=\"article:publisher\" content=\"https:\/\/www.facebook.com\/QQpetsdogcollars\" \/>\n<meta property=\"article:modified_time\" content=\"2024-08-30T09:26:32+00:00\" \/>\n<meta property=\"og:image\" content=\"https:\/\/qqpets.com\/wp-content\/uploads\/2023\/09\/led-dog-collar.webp\" \/>\n\t<meta property=\"og:image:width\" content=\"800\" \/>\n\t<meta property=\"og:image:height\" content=\"800\" \/>\n\t<meta property=\"og:image:type\" content=\"image\/webp\" \/>\n<meta name=\"twitter:card\" content=\"summary_large_image\" \/>\n<meta name=\"twitter:label1\" content=\"Odhadovan\u00e1 doba \u010dten\u00ed\" \/>\n\t<meta name=\"twitter:data1\" content=\"3 minuty\" \/>\n<script type=\"application\/ld+json\" class=\"yoast-schema-graph\">{\"@context\":\"https:\/\/schema.org\",\"@graph\":[{\"@type\":\"WebPage\",\"@id\":\"https:\/\/qqpets.com\/product\/led-dog-harness\/\",\"url\":\"https:\/\/qqpets.com\/product\/led-dog-harness\/\",\"name\":\"LED Dog Harness | QQPETS\",\"isPartOf\":{\"@id\":\"https:\/\/qqpets.com\/#website\"},\"primaryImageOfPage\":{\"@id\":\"https:\/\/qqpets.com\/product\/led-dog-harness\/#primaryimage\"},\"image\":{\"@id\":\"https:\/\/qqpets.com\/product\/led-dog-harness\/#primaryimage\"},\"thumbnailUrl\":\"https:\/\/qqpets.com\/wp-content\/uploads\/2023\/09\/led-dog-collar.webp\",\"datePublished\":\"2024-08-30T09:15:21+00:00\",\"dateModified\":\"2024-08-30T09:26:32+00:00\",\"description\":\"Light up your pet's night with our LED Dog Collar. Bright, stylish, and perfect for evening visibility. Shop now!\",\"breadcrumb\":{\"@id\":\"https:\/\/qqpets.com\/product\/led-dog-harness\/#breadcrumb\"},\"inLanguage\":\"cs\",\"potentialAction\":[{\"@type\":\"ReadAction\",\"target\":[\"https:\/\/qqpets.com\/product\/led-dog-harness\/\"]}]},{\"@type\":\"ImageObject\",\"inLanguage\":\"cs\",\"@id\":\"https:\/\/qqpets.com\/product\/led-dog-harness\/#primaryimage\",\"url\":\"https:\/\/qqpets.com\/wp-content\/uploads\/2023\/09\/led-dog-collar.webp\",\"contentUrl\":\"https:\/\/qqpets.com\/wp-content\/uploads\/2023\/09\/led-dog-collar.webp\",\"width\":800,\"height\":800,\"caption\":\"led dog collar\"},{\"@type\":\"BreadcrumbList\",\"@id\":\"https:\/\/qqpets.com\/product\/led-dog-harness\/#breadcrumb\",\"itemListElement\":[{\"@type\":\"ListItem\",\"position\":1,\"name\":\"Home\",\"item\":\"https:\/\/qqpets.com\/\"},{\"@type\":\"ListItem\",\"position\":2,\"name\":\"Products\",\"item\":\"https:\/\/qqpets.com\/pet-products-manufacturer\/\"},{\"@type\":\"ListItem\",\"position\":3,\"name\":\"LED Dog Harness\"}]},{\"@type\":\"WebSite\",\"@id\":\"https:\/\/qqpets.com\/#website\",\"url\":\"https:\/\/qqpets.com\/\",\"name\":\"QQPETS\",\"description\":\"QQPETS is a pet products factory for dog harnesses, dog collars, dog leashes and dog accessories with professional customized service since 2005.\",\"publisher\":{\"@id\":\"https:\/\/qqpets.com\/#organization\"},\"potentialAction\":[{\"@type\":\"SearchAction\",\"target\":{\"@type\":\"EntryPoint\",\"urlTemplate\":\"https:\/\/qqpets.com\/?s={search_term_string}\"},\"query-input\":{\"@type\":\"PropertyValueSpecification\",\"valueRequired\":true,\"valueName\":\"search_term_string\"}}],\"inLanguage\":\"cs\"},{\"@type\":\"Organization\",\"@id\":\"https:\/\/qqpets.com\/#organization\",\"name\":\"QQPETS\",\"url\":\"https:\/\/qqpets.com\/\",\"logo\":{\"@type\":\"ImageObject\",\"inLanguage\":\"cs\",\"@id\":\"https:\/\/qqpets.com\/#\/schema\/logo\/image\/\",\"url\":\"https:\/\/qqpets.com\/wp-content\/uploads\/2023\/09\/cropped-cropped-qqpets-tiktok.jpg\",\"contentUrl\":\"https:\/\/qqpets.com\/wp-content\/uploads\/2023\/09\/cropped-cropped-qqpets-tiktok.jpg\",\"width\":511,\"height\":511,\"caption\":\"QQPETS\"},\"image\":{\"@id\":\"https:\/\/qqpets.com\/#\/schema\/logo\/image\/\"},\"sameAs\":[\"https:\/\/www.facebook.com\/QQpetsdogcollars\",\"https:\/\/www.instagram.com\/qqpetscollar\/\",\"https:\/\/www.pinterest.com\/qqpetsdogcollarsfactory\/\"]}]}<\/script>\n<!-- \/ Yoast SEO plugin. -->","yoast_head_json":{"title":"LED postroj pro psy | QQPETS","description":"Rozsvi\u0165te noc sv\u00e9ho mazl\u00ed\u010dka pomoc\u00ed na\u0161eho LED obojku pro psy. Jasn\u00fd, stylov\u00fd a ide\u00e1ln\u00ed pro ve\u010dern\u00ed viditelnost. Nakupujte nyn\u00ed!","robots":{"index":"index","follow":"follow","max-snippet":"max-snippet:-1","max-image-preview":"max-image-preview:large","max-video-preview":"max-video-preview:-1"},"canonical":"https:\/\/qqpets.com\/cs\/produkt\/led-dog-harness\/","og_locale":"cs_CZ","og_type":"article","og_title":"LED Dog Harness | QQPETS","og_description":"Light up your pet's night with our LED Dog Collar. Bright, stylish, and perfect for evening visibility. Shop now!","og_url":"https:\/\/qqpets.com\/cs\/produkt\/led-dog-harness\/","og_site_name":"QQPETS","article_publisher":"https:\/\/www.facebook.com\/QQpetsdogcollars","article_modified_time":"2024-08-30T09:26:32+00:00","og_image":[{"width":800,"height":800,"url":"https:\/\/qqpets.com\/wp-content\/uploads\/2023\/09\/led-dog-collar.webp","type":"image\/webp"}],"twitter_card":"summary_large_image","twitter_misc":{"Odhadovan\u00e1 doba \u010dten\u00ed":"3 minuty"},"schema":{"@context":"https:\/\/schema.org","@graph":[{"@type":"WebPage","@id":"https:\/\/qqpets.com\/product\/led-dog-harness\/","url":"https:\/\/qqpets.com\/product\/led-dog-harness\/","name":"LED postroj pro psy | QQPETS","isPartOf":{"@id":"https:\/\/qqpets.com\/#website"},"primaryImageOfPage":{"@id":"https:\/\/qqpets.com\/product\/led-dog-harness\/#primaryimage"},"image":{"@id":"https:\/\/qqpets.com\/product\/led-dog-harness\/#primaryimage"},"thumbnailUrl":"https:\/\/qqpets.com\/wp-content\/uploads\/2023\/09\/led-dog-collar.webp","datePublished":"2024-08-30T09:15:21+00:00","dateModified":"2024-08-30T09:26:32+00:00","description":"Rozsvi\u0165te noc sv\u00e9ho mazl\u00ed\u010dka pomoc\u00ed na\u0161eho LED obojku pro psy. Jasn\u00fd, stylov\u00fd a ide\u00e1ln\u00ed pro ve\u010dern\u00ed viditelnost. Nakupujte nyn\u00ed!","breadcrumb":{"@id":"https:\/\/qqpets.com\/product\/led-dog-harness\/#breadcrumb"},"inLanguage":"cs","potentialAction":[{"@type":"ReadAction","target":["https:\/\/qqpets.com\/product\/led-dog-harness\/"]}]},{"@type":"ImageObject","inLanguage":"cs","@id":"https:\/\/qqpets.com\/product\/led-dog-harness\/#primaryimage","url":"https:\/\/qqpets.com\/wp-content\/uploads\/2023\/09\/led-dog-collar.webp","contentUrl":"https:\/\/qqpets.com\/wp-content\/uploads\/2023\/09\/led-dog-collar.webp","width":800,"height":800,"caption":"led dog collar"},{"@type":"BreadcrumbList","@id":"https:\/\/qqpets.com\/product\/led-dog-harness\/#breadcrumb","itemListElement":[{"@type":"ListItem","position":1,"name":"Home","item":"https:\/\/qqpets.com\/"},{"@type":"ListItem","position":2,"name":"Products","item":"https:\/\/qqpets.com\/pet-products-manufacturer\/"},{"@type":"ListItem","position":3,"name":"LED Dog Harness"}]},{"@type":"WebSite","@id":"https:\/\/qqpets.com\/#website","url":"https:\/\/qqpets.com\/","name":"QQPETS","description":"QQPETS je tov\u00e1rna na v\u00fdrobky pro dom\u00e1c\u00ed mazl\u00ed\u010dky pro ps\u00ed postroje, obojky, vod\u00edtka a dopl\u0148ky pro psy s profesion\u00e1ln\u00edmi slu\u017ebami na m\u00edru od roku 2005.","publisher":{"@id":"https:\/\/qqpets.com\/#organization"},"potentialAction":[{"@type":"SearchAction","target":{"@type":"EntryPoint","urlTemplate":"https:\/\/qqpets.com\/?s={search_term_string}"},"query-input":{"@type":"PropertyValueSpecification","valueRequired":true,"valueName":"search_term_string"}}],"inLanguage":"cs"},{"@type":"Organization","@id":"https:\/\/qqpets.com\/#organization","name":"QQPETS","url":"https:\/\/qqpets.com\/","logo":{"@type":"ImageObject","inLanguage":"cs","@id":"https:\/\/qqpets.com\/#\/schema\/logo\/image\/","url":"https:\/\/qqpets.com\/wp-content\/uploads\/2023\/09\/cropped-cropped-qqpets-tiktok.jpg","contentUrl":"https:\/\/qqpets.com\/wp-content\/uploads\/2023\/09\/cropped-cropped-qqpets-tiktok.jpg","width":511,"height":511,"caption":"QQPETS"},"image":{"@id":"https:\/\/qqpets.com\/#\/schema\/logo\/image\/"},"sameAs":["https:\/\/www.facebook.com\/QQpetsdogcollars","https:\/\/www.instagram.com\/qqpetscollar\/","https:\/\/www.pinterest.com\/qqpetsdogcollarsfactory\/"]}]}},"_links":{"self":[{"href":"https:\/\/qqpets.com\/cs\/wp-json\/wp\/v2\/product\/7618","targetHints":{"allow":["GET"]}}],"collection":[{"href":"https:\/\/qqpets.com\/cs\/wp-json\/wp\/v2\/product"}],"about":[{"href":"https:\/\/qqpets.com\/cs\/wp-json\/wp\/v2\/types\/product"}],"wp:featuredmedia":[{"embeddable":true,"href":"https:\/\/qqpets.com\/cs\/wp-json\/wp\/v2\/media\/7220"}],"wp:attachment":[{"href":"https:\/\/qqpets.com\/cs\/wp-json\/wp\/v2\/media?parent=7618"}],"wp:term":[{"taxonomy":"product_brand","embeddable":true,"href":"https:\/\/qqpets.com\/cs\/wp-json\/wp\/v2\/product_brand?post=7618"},{"taxonomy":"product_cat","embeddable":true,"href":"https:\/\/qqpets.com\/cs\/wp-json\/wp\/v2\/product_cat?post=7618"},{"taxonomy":"product_tag","embeddable":true,"href":"https:\/\/qqpets.com\/cs\/wp-json\/wp\/v2\/product_tag?post=7618"}],"curies":[{"name":"wp","href":"https:\/\/api.w.org\/{rel}","templated":true}]}}