{"id":7639,"date":"2024-08-30T17:55:25","date_gmt":"2024-08-30T09:55:25","guid":{"rendered":"https:\/\/qqpets.com\/?post_type=product&#038;p=7639"},"modified":"2024-11-11T15:18:38","modified_gmt":"2024-11-11T07:18:38","slug":"no-pull-led-dog-harness","status":"publish","type":"product","link":"https:\/\/qqpets.com\/cs\/produkt\/no-pull-led-dog-harness\/","title":{"rendered":"Postroj pro psy LED No Pull"},"content":{"rendered":"<p>P\u0159edstavujeme v\u00e1m n\u00e1\u0161 inovativn\u00ed postroj pro psy No Pull Light Up, kter\u00fd byl navr\u017een speci\u00e1ln\u011b pro bezpe\u010dnost a pohodl\u00ed va\u0161eho psa b\u011bhem no\u010dn\u00edch v\u00fdlet\u016f. Tento postroj obsahuje v\u00fdkonn\u00e1 LED sv\u011btla a reflexn\u00ed p\u00e1sky s vysokou viditelnost\u00ed, kter\u00e9 zaji\u0161\u0165uj\u00ed, \u017ee v\u00e1\u0161 mazl\u00ed\u010dek z\u016fstane viditeln\u00fd i za zhor\u0161en\u00fdch sv\u011bteln\u00fdch podm\u00ednek, co\u017e zvy\u0161uje bezpe\u010dnost p\u0159i ven\u010den\u00ed nebo v ru\u0161n\u00fdch oblastech.<\/p>\n<p>Postroj je vyroben tak, aby zabra\u0148oval tah\u00e1n\u00ed, a je vybaven konstrukc\u00ed bez tah\u00e1n\u00ed, kter\u00e1 jemn\u011b odrazuje psa od tah\u00e1n\u00ed t\u00edm, \u017ee rozkl\u00e1d\u00e1 tlak na hrudn\u00edk, nikoli na krk. To nejen pom\u00e1h\u00e1 \u0159\u00eddit pohyb va\u0161eho mazl\u00ed\u010dka, ale tak\u00e9 zaji\u0161\u0165uje jeho pohodl\u00ed b\u011bhem proch\u00e1zek, \u010d\u00edm\u017e se sni\u017euje stres pro zv\u00ed\u0159e i majitele.<\/p>\n<p>Nastaviteln\u00e9 popruhy umo\u017e\u0148uj\u00ed p\u0159izp\u016fsoben\u00ed velikosti a tvaru va\u0161eho psa, tak\u017ee postroj z\u016fst\u00e1v\u00e1 pevn\u011b na sv\u00e9m m\u00edst\u011b a neomezuje v pohybu. Ergonomick\u00fd design d\u00e1le pom\u00e1h\u00e1 rovnom\u011brn\u011b rozlo\u017eit tlak, aby se zabr\u00e1nilo jak\u00e9mukoli zran\u011bn\u00ed, a je tak vhodn\u00fd pro ka\u017edodenn\u00ed pou\u017e\u00edv\u00e1n\u00ed.<\/p>\n<p>N\u00e1\u0161 postroj No Pull Light Up je vyroben z odoln\u00fdch materi\u00e1l\u016f, kter\u00e9 vydr\u017e\u00ed nespo\u010det proch\u00e1zek a dobrodru\u017estv\u00ed. Snadno se pou\u017e\u00edv\u00e1, m\u00e1 jednoduch\u00fd mechanismus pro zapnut\u00ed a vypnut\u00ed sv\u011btel a je nap\u00e1jen malou, snadno vym\u011bnitelnou bateri\u00ed.<\/p>\n<p>Tento postroj je ide\u00e1ln\u00ed pro majitele dom\u00e1c\u00edch mazl\u00ed\u010dk\u016f, kte\u0159\u00ed berou bezpe\u010dnost v\u00e1\u017en\u011b, a kombinuje praktickou funk\u010dnost s pokro\u010dil\u00fdmi bezpe\u010dnostn\u00edmi prvky, tak\u017ee no\u010dn\u00ed proch\u00e1zky budou p\u0159\u00edjemn\u00e9 a bezpe\u010dn\u00e9. Vybavte sv\u00e9ho psa na\u0161\u00edm postrojem No Pull Light Up a u\u017e\u00edvejte si klidu s v\u011bdom\u00edm, \u017ee je v bezpe\u010d\u00ed a viditeln\u00fd bez ohledu na denn\u00ed \u010di no\u010dn\u00ed dobu.<\/p>\n<p><strong>Jsou LED obojky pro psy bezpe\u010dn\u00e9?<\/strong><\/p>\n<p>Ano, obojky LED jsou pro psy bezpe\u010dn\u00e9. Jsou navr\u017eeny tak, aby zvy\u0161ovaly viditelnost a bezpe\u010dnost p\u0159i no\u010dn\u00edch proch\u00e1zk\u00e1ch, ani\u017e by psovi zp\u016fsobovaly nepohodl\u00ed nebo \u00fajmu.<\/p>\n<p><strong>Jak funguje obojek LED pro psy?<\/strong><\/p>\n<p>Obojek pro psy s LED diodami funguje tak, \u017ee jsou diody LED zabudov\u00e1ny do l\u00e1tky obojku nebo jsou p\u0159ipojeny jako p\u00e1sek nap\u00e1jen\u00fd mal\u00fdmi bateriemi, tak\u017ee obojek ve tm\u011b sv\u00edt\u00ed.<\/p>\n<p><strong>Pom\u00e1haj\u00ed LED sv\u011btla ps\u016fm?<\/strong><\/p>\n<p>LED sv\u011btla pom\u00e1haj\u00ed zv\u00fd\u0161it viditelnost psa pro \u0159idi\u010de, cyklisty a dal\u0161\u00ed osoby za zhor\u0161en\u00fdch sv\u011bteln\u00fdch podm\u00ednek, \u010d\u00edm\u017e zvy\u0161uj\u00ed bezpe\u010dnost, ale neposkytuj\u00ed p\u0159\u00edm\u00e9 v\u00fdhody, jako je zlep\u0161en\u00ed vid\u011bn\u00ed psa.<\/p>\n<p><strong>Jak vyprat obojek LED pro psy?<\/strong><\/p>\n<p>Chcete-li obojek LED pro psy vyprat, odstra\u0148te pokud mo\u017eno v\u0161echny elektronick\u00e9 sou\u010d\u00e1sti a obojek jemn\u011b vyperte v ruce s pou\u017eit\u00edm jemn\u00e9ho m\u00fddla. \u017d\u00e1dn\u00e9 elektrick\u00e9 sou\u010d\u00e1sti, kter\u00e9 nejsou vodot\u011bsn\u00e9, nepono\u0159ujte do vody.<\/p>\n<p><strong>Jak nab\u00edjet obojek LED pro psy?<\/strong><\/p>\n<p>V\u011bt\u0161ina obojk\u016f LED pro psy se nab\u00edj\u00ed pomoc\u00ed kabelu USB. Kabel sta\u010d\u00ed p\u0159ipojit k nab\u00edjec\u00edmu portu obojku a druh\u00fd konec p\u0159ipojit k USB nab\u00edje\u010dce nebo po\u010d\u00edta\u010di.<\/p>\n<p><strong>P\u0159itahuj\u00ed ps\u00ed obojky blesky?<\/strong><\/p>\n<p>Ne, obojky pro psy nep\u0159itahuj\u00ed blesky. Riziko, \u017ee blesk zas\u00e1hne ps\u00ed obojek, je velmi n\u00edzk\u00e9 a nep\u0159edstavuje v\u00fdznamn\u00fd probl\u00e9m.<\/p>\n<p><strong>Jak\u00e9 obojky doporu\u010duj\u00ed veterin\u00e1\u0159i?<\/strong><\/p>\n<p>Veterin\u00e1\u0159i obvykle doporu\u010duj\u00ed obojky, kter\u00e9 jsou bezpe\u010dn\u00e9, pohodln\u00e9 a vhodn\u00e9 pro velikost a plemeno psa. Pro ka\u017edodenn\u00ed pou\u017e\u00edv\u00e1n\u00ed se \u010dasto doporu\u010duj\u00ed odep\u00ednac\u00ed obojky nebo nastaviteln\u00e9 ploch\u00e9 obojky.<\/p>\n<p><strong>Jak\u00e1 barva LED je pro psy nejlep\u0161\u00ed?<\/strong><\/p>\n<p>Jasn\u00e9 barvy, jako je b\u00edl\u00e1 nebo modr\u00e1, jsou pro viditelnost obojk\u016f LED pro psy nejlep\u0161\u00ed, proto\u017ee jsou v noci l\u00e9pe viditeln\u00e9 ve srovn\u00e1n\u00ed s teplej\u0161\u00edmi barvami, kter\u00e9 by mohly splynout se sv\u011bteln\u00fdm zne\u010di\u0161t\u011bn\u00edm ve m\u011bst\u011b.<\/p>","protected":false},"excerpt":{"rendered":"<p>Maximalizujte bezpe\u010dnost sv\u00e9ho psa s na\u0161\u00edm postrojem No Pull Light Up, kter\u00fd je vybaven reflexn\u00edmi popruhy a vestav\u011bn\u00fdmi sv\u011btly pro lep\u0161\u00ed viditelnost. Tento postroj nab\u00edz\u00ed konstrukci bez tah\u00e1n\u00ed, kter\u00e1 kontroluje chov\u00e1n\u00ed psa p\u0159i tah\u00e1n\u00ed a zaji\u0161\u0165uje pohodln\u00e9 proch\u00e1zky bez stresu. Je nastaviteln\u00fd pro dokonal\u00e9 p\u0159izp\u016fsoben\u00ed a je ide\u00e1ln\u00ed pro no\u010dn\u00ed bezpe\u010dnost, aby byl v\u00e1\u0161 mazl\u00ed\u010dek viditeln\u00fd a bezpe\u010dn\u00fd. Ergonomick\u00e1 konstrukce rovnom\u011brn\u011b rozkl\u00e1d\u00e1 tlak a chr\u00e1n\u00ed krk a z\u00e1da va\u0161eho psa b\u011bhem proch\u00e1zek.<\/p>","protected":false},"featured_media":7642,"template":"","meta":[],"product_brand":[],"product_cat":[23,21],"product_tag":[],"class_list":{"0":"post-7639","1":"product","2":"type-product","3":"status-publish","4":"has-post-thumbnail","6":"product_cat-dog-harness","7":"product_cat-led-product","8":"pa_brand-qqpets","10":"first","11":"instock","12":"shipping-taxable","13":"product-type-simple"},"yoast_head":"<!-- This site is optimized with the Yoast SEO plugin v26.6 - https:\/\/yoast.com\/wordpress\/plugins\/seo\/ -->\n<title>No Pull LED Dog Harness | QQPETS<\/title>\n<meta name=\"description\" content=\"Ensure safety with our No Pull Light Up Dog Harness. Reflective, comfortable, and secure. Perfect for night walks!\" \/>\n<meta name=\"robots\" content=\"index, follow, max-snippet:-1, max-image-preview:large, max-video-preview:-1\" \/>\n<link rel=\"canonical\" href=\"https:\/\/qqpets.com\/cs\/produkt\/no-pull-led-dog-harness\/\" \/>\n<meta property=\"og:locale\" content=\"cs_CZ\" \/>\n<meta property=\"og:type\" content=\"article\" \/>\n<meta property=\"og:title\" content=\"No Pull LED Dog Harness | QQPETS\" \/>\n<meta property=\"og:description\" content=\"Ensure safety with our No Pull Light Up Dog Harness. Reflective, comfortable, and secure. Perfect for night walks!\" \/>\n<meta property=\"og:url\" content=\"https:\/\/qqpets.com\/cs\/produkt\/no-pull-led-dog-harness\/\" \/>\n<meta property=\"og:site_name\" content=\"QQPETS\" \/>\n<meta property=\"article:publisher\" content=\"https:\/\/www.facebook.com\/QQpetsdogcollars\" \/>\n<meta property=\"article:modified_time\" content=\"2024-11-11T07:18:38+00:00\" \/>\n<meta property=\"og:image\" content=\"https:\/\/qqpets.com\/wp-content\/uploads\/2024\/08\/No-Pull-Light-Up-Dog-Harness-With-Reflective-Straps.webp\" \/>\n\t<meta property=\"og:image:width\" content=\"1600\" \/>\n\t<meta property=\"og:image:height\" content=\"1600\" \/>\n\t<meta property=\"og:image:type\" content=\"image\/webp\" \/>\n<meta name=\"twitter:card\" content=\"summary_large_image\" \/>\n<meta name=\"twitter:label1\" content=\"Odhadovan\u00e1 doba \u010dten\u00ed\" \/>\n\t<meta name=\"twitter:data1\" content=\"3 minuty\" \/>\n<script type=\"application\/ld+json\" class=\"yoast-schema-graph\">{\"@context\":\"https:\/\/schema.org\",\"@graph\":[{\"@type\":\"WebPage\",\"@id\":\"https:\/\/qqpets.com\/product\/no-pull-led-dog-harness\/\",\"url\":\"https:\/\/qqpets.com\/product\/no-pull-led-dog-harness\/\",\"name\":\"No Pull LED Dog Harness | QQPETS\",\"isPartOf\":{\"@id\":\"https:\/\/qqpets.com\/#website\"},\"primaryImageOfPage\":{\"@id\":\"https:\/\/qqpets.com\/product\/no-pull-led-dog-harness\/#primaryimage\"},\"image\":{\"@id\":\"https:\/\/qqpets.com\/product\/no-pull-led-dog-harness\/#primaryimage\"},\"thumbnailUrl\":\"https:\/\/qqpets.com\/wp-content\/uploads\/2024\/08\/No-Pull-Light-Up-Dog-Harness-With-Reflective-Straps.webp\",\"datePublished\":\"2024-08-30T09:55:25+00:00\",\"dateModified\":\"2024-11-11T07:18:38+00:00\",\"description\":\"Ensure safety with our No Pull Light Up Dog Harness. Reflective, comfortable, and secure. Perfect for night walks!\",\"breadcrumb\":{\"@id\":\"https:\/\/qqpets.com\/product\/no-pull-led-dog-harness\/#breadcrumb\"},\"inLanguage\":\"cs\",\"potentialAction\":[{\"@type\":\"ReadAction\",\"target\":[\"https:\/\/qqpets.com\/product\/no-pull-led-dog-harness\/\"]}]},{\"@type\":\"ImageObject\",\"inLanguage\":\"cs\",\"@id\":\"https:\/\/qqpets.com\/product\/no-pull-led-dog-harness\/#primaryimage\",\"url\":\"https:\/\/qqpets.com\/wp-content\/uploads\/2024\/08\/No-Pull-Light-Up-Dog-Harness-With-Reflective-Straps.webp\",\"contentUrl\":\"https:\/\/qqpets.com\/wp-content\/uploads\/2024\/08\/No-Pull-Light-Up-Dog-Harness-With-Reflective-Straps.webp\",\"width\":1600,\"height\":1600},{\"@type\":\"BreadcrumbList\",\"@id\":\"https:\/\/qqpets.com\/product\/no-pull-led-dog-harness\/#breadcrumb\",\"itemListElement\":[{\"@type\":\"ListItem\",\"position\":1,\"name\":\"Home\",\"item\":\"https:\/\/qqpets.com\/\"},{\"@type\":\"ListItem\",\"position\":2,\"name\":\"Products\",\"item\":\"https:\/\/qqpets.com\/pet-products-manufacturer\/\"},{\"@type\":\"ListItem\",\"position\":3,\"name\":\"No Pull LED Dog Harness\"}]},{\"@type\":\"WebSite\",\"@id\":\"https:\/\/qqpets.com\/#website\",\"url\":\"https:\/\/qqpets.com\/\",\"name\":\"QQPETS\",\"description\":\"QQPETS is a pet products factory for dog harnesses, dog collars, dog leashes and dog accessories with professional customized service since 2005.\",\"publisher\":{\"@id\":\"https:\/\/qqpets.com\/#organization\"},\"potentialAction\":[{\"@type\":\"SearchAction\",\"target\":{\"@type\":\"EntryPoint\",\"urlTemplate\":\"https:\/\/qqpets.com\/?s={search_term_string}\"},\"query-input\":{\"@type\":\"PropertyValueSpecification\",\"valueRequired\":true,\"valueName\":\"search_term_string\"}}],\"inLanguage\":\"cs\"},{\"@type\":\"Organization\",\"@id\":\"https:\/\/qqpets.com\/#organization\",\"name\":\"QQPETS\",\"url\":\"https:\/\/qqpets.com\/\",\"logo\":{\"@type\":\"ImageObject\",\"inLanguage\":\"cs\",\"@id\":\"https:\/\/qqpets.com\/#\/schema\/logo\/image\/\",\"url\":\"https:\/\/qqpets.com\/wp-content\/uploads\/2023\/09\/cropped-cropped-qqpets-tiktok.jpg\",\"contentUrl\":\"https:\/\/qqpets.com\/wp-content\/uploads\/2023\/09\/cropped-cropped-qqpets-tiktok.jpg\",\"width\":511,\"height\":511,\"caption\":\"QQPETS\"},\"image\":{\"@id\":\"https:\/\/qqpets.com\/#\/schema\/logo\/image\/\"},\"sameAs\":[\"https:\/\/www.facebook.com\/QQpetsdogcollars\",\"https:\/\/www.instagram.com\/qqpetscollar\/\",\"https:\/\/www.pinterest.com\/qqpetsdogcollarsfactory\/\"]}]}<\/script>\n<!-- \/ Yoast SEO plugin. -->","yoast_head_json":{"title":"Postroj pro psy LED bez tah\u00e1n\u00ed | QQPETS","description":"Zajist\u011bte si bezpe\u010dnost s na\u0161\u00edm postrojem pro psy bez tah\u00e1n\u00ed. Reflexn\u00ed, pohodln\u00fd a bezpe\u010dn\u00fd. Ide\u00e1ln\u00ed na no\u010dn\u00ed proch\u00e1zky!","robots":{"index":"index","follow":"follow","max-snippet":"max-snippet:-1","max-image-preview":"max-image-preview:large","max-video-preview":"max-video-preview:-1"},"canonical":"https:\/\/qqpets.com\/cs\/produkt\/no-pull-led-dog-harness\/","og_locale":"cs_CZ","og_type":"article","og_title":"No Pull LED Dog Harness | QQPETS","og_description":"Ensure safety with our No Pull Light Up Dog Harness. Reflective, comfortable, and secure. Perfect for night walks!","og_url":"https:\/\/qqpets.com\/cs\/produkt\/no-pull-led-dog-harness\/","og_site_name":"QQPETS","article_publisher":"https:\/\/www.facebook.com\/QQpetsdogcollars","article_modified_time":"2024-11-11T07:18:38+00:00","og_image":[{"width":1600,"height":1600,"url":"https:\/\/qqpets.com\/wp-content\/uploads\/2024\/08\/No-Pull-Light-Up-Dog-Harness-With-Reflective-Straps.webp","type":"image\/webp"}],"twitter_card":"summary_large_image","twitter_misc":{"Odhadovan\u00e1 doba \u010dten\u00ed":"3 minuty"},"schema":{"@context":"https:\/\/schema.org","@graph":[{"@type":"WebPage","@id":"https:\/\/qqpets.com\/product\/no-pull-led-dog-harness\/","url":"https:\/\/qqpets.com\/product\/no-pull-led-dog-harness\/","name":"Postroj pro psy LED bez tah\u00e1n\u00ed | QQPETS","isPartOf":{"@id":"https:\/\/qqpets.com\/#website"},"primaryImageOfPage":{"@id":"https:\/\/qqpets.com\/product\/no-pull-led-dog-harness\/#primaryimage"},"image":{"@id":"https:\/\/qqpets.com\/product\/no-pull-led-dog-harness\/#primaryimage"},"thumbnailUrl":"https:\/\/qqpets.com\/wp-content\/uploads\/2024\/08\/No-Pull-Light-Up-Dog-Harness-With-Reflective-Straps.webp","datePublished":"2024-08-30T09:55:25+00:00","dateModified":"2024-11-11T07:18:38+00:00","description":"Zajist\u011bte si bezpe\u010dnost s na\u0161\u00edm postrojem pro psy bez tah\u00e1n\u00ed. Reflexn\u00ed, pohodln\u00fd a bezpe\u010dn\u00fd. Ide\u00e1ln\u00ed na no\u010dn\u00ed proch\u00e1zky!","breadcrumb":{"@id":"https:\/\/qqpets.com\/product\/no-pull-led-dog-harness\/#breadcrumb"},"inLanguage":"cs","potentialAction":[{"@type":"ReadAction","target":["https:\/\/qqpets.com\/product\/no-pull-led-dog-harness\/"]}]},{"@type":"ImageObject","inLanguage":"cs","@id":"https:\/\/qqpets.com\/product\/no-pull-led-dog-harness\/#primaryimage","url":"https:\/\/qqpets.com\/wp-content\/uploads\/2024\/08\/No-Pull-Light-Up-Dog-Harness-With-Reflective-Straps.webp","contentUrl":"https:\/\/qqpets.com\/wp-content\/uploads\/2024\/08\/No-Pull-Light-Up-Dog-Harness-With-Reflective-Straps.webp","width":1600,"height":1600},{"@type":"BreadcrumbList","@id":"https:\/\/qqpets.com\/product\/no-pull-led-dog-harness\/#breadcrumb","itemListElement":[{"@type":"ListItem","position":1,"name":"Home","item":"https:\/\/qqpets.com\/"},{"@type":"ListItem","position":2,"name":"Products","item":"https:\/\/qqpets.com\/pet-products-manufacturer\/"},{"@type":"ListItem","position":3,"name":"No Pull LED Dog Harness"}]},{"@type":"WebSite","@id":"https:\/\/qqpets.com\/#website","url":"https:\/\/qqpets.com\/","name":"QQPETS","description":"QQPETS je tov\u00e1rna na v\u00fdrobky pro dom\u00e1c\u00ed mazl\u00ed\u010dky pro ps\u00ed postroje, obojky, vod\u00edtka a dopl\u0148ky pro psy s profesion\u00e1ln\u00edmi slu\u017ebami na m\u00edru od roku 2005.","publisher":{"@id":"https:\/\/qqpets.com\/#organization"},"potentialAction":[{"@type":"SearchAction","target":{"@type":"EntryPoint","urlTemplate":"https:\/\/qqpets.com\/?s={search_term_string}"},"query-input":{"@type":"PropertyValueSpecification","valueRequired":true,"valueName":"search_term_string"}}],"inLanguage":"cs"},{"@type":"Organization","@id":"https:\/\/qqpets.com\/#organization","name":"QQPETS","url":"https:\/\/qqpets.com\/","logo":{"@type":"ImageObject","inLanguage":"cs","@id":"https:\/\/qqpets.com\/#\/schema\/logo\/image\/","url":"https:\/\/qqpets.com\/wp-content\/uploads\/2023\/09\/cropped-cropped-qqpets-tiktok.jpg","contentUrl":"https:\/\/qqpets.com\/wp-content\/uploads\/2023\/09\/cropped-cropped-qqpets-tiktok.jpg","width":511,"height":511,"caption":"QQPETS"},"image":{"@id":"https:\/\/qqpets.com\/#\/schema\/logo\/image\/"},"sameAs":["https:\/\/www.facebook.com\/QQpetsdogcollars","https:\/\/www.instagram.com\/qqpetscollar\/","https:\/\/www.pinterest.com\/qqpetsdogcollarsfactory\/"]}]}},"_links":{"self":[{"href":"https:\/\/qqpets.com\/cs\/wp-json\/wp\/v2\/product\/7639","targetHints":{"allow":["GET"]}}],"collection":[{"href":"https:\/\/qqpets.com\/cs\/wp-json\/wp\/v2\/product"}],"about":[{"href":"https:\/\/qqpets.com\/cs\/wp-json\/wp\/v2\/types\/product"}],"wp:featuredmedia":[{"embeddable":true,"href":"https:\/\/qqpets.com\/cs\/wp-json\/wp\/v2\/media\/7642"}],"wp:attachment":[{"href":"https:\/\/qqpets.com\/cs\/wp-json\/wp\/v2\/media?parent=7639"}],"wp:term":[{"taxonomy":"product_brand","embeddable":true,"href":"https:\/\/qqpets.com\/cs\/wp-json\/wp\/v2\/product_brand?post=7639"},{"taxonomy":"product_cat","embeddable":true,"href":"https:\/\/qqpets.com\/cs\/wp-json\/wp\/v2\/product_cat?post=7639"},{"taxonomy":"product_tag","embeddable":true,"href":"https:\/\/qqpets.com\/cs\/wp-json\/wp\/v2\/product_tag?post=7639"}],"curies":[{"name":"wp","href":"https:\/\/api.w.org\/{rel}","templated":true}]}}