{"id":7663,"date":"2024-08-31T14:26:13","date_gmt":"2024-08-31T06:26:13","guid":{"rendered":"https:\/\/qqpets.com\/?post_type=product&#038;p=7663"},"modified":"2024-08-31T14:26:13","modified_gmt":"2024-08-31T06:26:13","slug":"basic-step-in-dog-harness","status":"publish","type":"product","link":"https:\/\/qqpets.com\/cs\/produkt\/basic-step-in-dog-harness\/","title":{"rendered":"Z\u00e1kladn\u00ed postroj pro psy Step In"},"content":{"rendered":"<p>Vneste do sv\u00fdch ka\u017edodenn\u00edch proch\u00e1zek jednoduchost a pohodl\u00ed s na\u0161\u00edm postrojem Basic Step In. Tento postroj je ur\u010den pro majitele dom\u00e1c\u00edch mazl\u00ed\u010dk\u016f, kte\u0159\u00ed hledaj\u00ed jednoduch\u00e9 a nen\u00e1ro\u010dn\u00e9 \u0159e\u0161en\u00ed pro venkovn\u00ed dobrodru\u017estv\u00ed sv\u00e9ho psa. Konstrukce step-in umo\u017e\u0148uje va\u0161emu mazl\u00ed\u010dkovi snadno vstoupit do postroje a rychle a bezpe\u010dn\u011b ho upevnit, \u010d\u00edm\u017e se eliminuj\u00ed pot\u00ed\u017ee spojen\u00e9 s postroji p\u0159es hlavu.<\/p>\n<p>Postroj je vyroben z odoln\u00fdch a lehk\u00fdch materi\u00e1l\u016f, kter\u00e9 zaji\u0161\u0165uj\u00ed pohodln\u00e9 no\u0161en\u00ed, ani\u017e by va\u0161eho mazl\u00ed\u010dka zat\u011b\u017eovaly. Nastaviteln\u00e9 popruhy kolem pasu a ramen lze p\u0159izp\u016fsobit jedine\u010dn\u00e9 velikosti a tvaru va\u0161eho psa a zajistit tak t\u011bsn\u00e9 uchycen\u00ed, kter\u00e9 zabra\u0148uje sklouz\u00e1v\u00e1n\u00ed a od\u00edr\u00e1n\u00ed.<\/p>\n<p>Postroj pro psy Basic Step In je ide\u00e1ln\u00ed pro ka\u017edodenn\u00ed pou\u017eit\u00ed a je vybaven siln\u00fdm, uprost\u0159ed um\u00edst\u011bn\u00fdm D-krou\u017ekem, kter\u00fd podporuje rovnom\u011brn\u00e9 rozlo\u017een\u00ed tlaku a kontrolu p\u0159i p\u0159ipnut\u00ed na vod\u00edtko. Tato konstrukce pom\u00e1h\u00e1 zabr\u00e1nit tah\u00e1n\u00ed t\u00edm, \u017ee p\u0159esm\u011bruje pozornost psa na v\u00e1s, co\u017e usnad\u0148uje jeho \u0159\u00edzen\u00ed a veden\u00ed b\u011bhem proch\u00e1zek.<\/p>\n<p>Na\u0161e postroje jsou nejen praktick\u00e9, ale tak\u00e9 stylov\u00e9 a jsou k dispozici v r\u016fzn\u00fdch barv\u00e1ch, kter\u00e9 se hod\u00ed k osobnosti va\u0161eho mazl\u00ed\u010dka. A\u0165 u\u017e m\u00ed\u0159\u00edte do parku, k veterin\u00e1\u0159i nebo jen tak kolem bloku, tento postroj kombinuje funk\u010dnost s lehkost\u00ed, tak\u017ee je ide\u00e1ln\u00ed volbou pro zku\u0161en\u00e9 i za\u010d\u00ednaj\u00edc\u00ed majitele zv\u00ed\u0159at.<\/p>\n<p>Vybavte sv\u00e9ho psa na\u0161\u00edm z\u00e1kladn\u00edm postrojem Step In a u\u017e\u00edvejte si klidn\u011bj\u0161\u00ed a p\u0159\u00edjemn\u011bj\u0161\u00ed proch\u00e1zky s v\u011bdom\u00edm, \u017ee v\u00e1\u0161 mazl\u00ed\u010dek je v\u017edy v pohodl\u00ed, bezpe\u010d\u00ed a jistot\u011b.<\/p>\n<p><strong>Co je to postroj pro psy step-in?<\/strong><\/p>\n<p>Postroj step-in je typ postroje, kter\u00fd le\u017e\u00ed na zemi a pes do n\u011bj m\u016f\u017ee jednodu\u0161e vstoupit p\u0159edn\u00edma nohama. Postroj se pak zap\u00edn\u00e1 vzadu nebo na boku.<\/p>\n<p><strong>Jak krok za krokem nasadit postroj pro psa?<\/strong><\/p>\n<ul>\n<li style=\"list-style-type: none;\">\n<ul>\n<li>Polo\u017ete postroj na zem a nechte psa, aby si do n\u011bj stoupl.<\/li>\n<li>Vyt\u00e1hn\u011bte postroj nahoru kolem bok\u016f t\u011bla psa.<\/li>\n<li>Zapn\u011bte sponu na zadn\u00ed stran\u011b.<\/li>\n<li>Nastavte popruhy tak, aby v\u00e1m dob\u0159e padly a p\u0159esto jste mohli pod ka\u017ed\u00fd popruh vsunout dva prsty.<\/li>\n<\/ul>\n<\/li>\n<\/ul>\n<p><strong>Je postroj step-in pro psy nejbezpe\u010dn\u011bj\u0161\u00ed?<\/strong><\/p>\n<p>Postroje Step-in mohou b\u00fdt velmi bezpe\u010dn\u00e9, zejm\u00e9na pro men\u0161\u00ed plemena nebo psy s citliv\u00fdm krkem, proto\u017ee rovnom\u011brn\u011bji rozkl\u00e1daj\u00ed tlak kolem hrudn\u00edku a ramen. Nejbezpe\u010dn\u011bj\u0161\u00ed postroj v\u0161ak z\u00e1vis\u00ed na velikosti, plemeni a chov\u00e1n\u00ed konkr\u00e9tn\u00edho psa.<\/p>\n<p><strong>Jak\u00fd je rozd\u00edl mezi postrojem step-in a postrojem nad hlavou?<\/strong><\/p>\n<p>Na zemi je um\u00edst\u011bn postroj step-in, do kter\u00e9ho pes m\u016f\u017ee vstoupit, zat\u00edmco postroj p\u0159es hlavu se nasad\u00ed psovi na hlavu a pot\u00e9 se p\u0159ipevn\u00ed kolem hrudn\u00edku. Postroje Step-in jsou \u010dasto jednodu\u0161\u0161\u00ed pro psy, kte\u0159\u00ed se krout\u00ed, nebo pro psy, kte\u0159\u00ed nemaj\u00ed r\u00e1di, kdy\u017e jim n\u011bco p\u0159ech\u00e1z\u00ed p\u0159es hlavu.<\/p>\n<p><strong>Je v po\u0159\u00e1dku, aby pes nosil postroj po celou dobu?<\/strong><\/p>\n<p>Nedoporu\u010duje se, aby pes nosil postroj po celou dobu. Neust\u00e1l\u00e9 no\u0161en\u00ed m\u016f\u017ee v\u00e9st k podr\u00e1\u017ed\u011bn\u00ed k\u016f\u017ee, zacuch\u00e1n\u00ed srsti a nepohodl\u00ed. Postroj je nejlep\u0161\u00ed sundat, kdy\u017e je pes uvnit\u0159 nebo nen\u00ed na vod\u00edtku, abyste zajistili jeho pohodl\u00ed a bezpe\u010d\u00ed.<\/p>","protected":false},"excerpt":{"rendered":"<p>Objevte jednoduchost na\u0161eho postroje Basic Step In, kter\u00fd je navr\u017een pro rychl\u00e9 nasazen\u00ed a bezprobl\u00e9mov\u00e9 proch\u00e1zky. Tento postroj je ide\u00e1ln\u00ed pro v\u0161echny psy a vyzna\u010duje se jednoduchou konstrukc\u00ed step-in, kter\u00e1 umo\u017e\u0148uje rychl\u00e9 a snadn\u00e9 nasazen\u00ed. Jeho nastaviteln\u00e9 popruhy zaji\u0161\u0165uj\u00ed pevn\u00e9 a pohodln\u00e9 uchycen\u00ed, zat\u00edmco lehk\u00fd materi\u00e1l udr\u017euje va\u0161eho mazl\u00ed\u010dka b\u011bhem proch\u00e1zek v pohod\u011b. Je ide\u00e1ln\u00ed pro ka\u017edodenn\u00ed pou\u017e\u00edv\u00e1n\u00ed, poskytuje bezpe\u010dnost i pohodl\u00ed a zvy\u0161uje z\u00e1\u017eitek z proch\u00e1zek bez slo\u017eit\u00fdch tradi\u010dn\u00edch postroj\u016f.<\/p>","protected":false},"featured_media":7670,"template":"","meta":[],"product_brand":[],"product_cat":[23],"product_tag":[],"class_list":{"0":"post-7663","1":"product","2":"type-product","3":"status-publish","4":"has-post-thumbnail","6":"product_cat-dog-harness","7":"pa_brand-qqpets","9":"first","10":"instock","11":"shipping-taxable","12":"product-type-simple"},"yoast_head":"<!-- This site is optimized with the Yoast SEO plugin v26.6 - https:\/\/yoast.com\/wordpress\/plugins\/seo\/ -->\n<title>Basic Step In Dog Harness | QQPETS<\/title>\n<meta name=\"description\" content=\"Secure and simplify your walks with our Basic Step In Dog Harness. Easy to use, comfortable fit. Shop now!\" \/>\n<meta name=\"robots\" content=\"index, follow, max-snippet:-1, max-image-preview:large, max-video-preview:-1\" \/>\n<link rel=\"canonical\" href=\"https:\/\/qqpets.com\/cs\/produkt\/basic-step-in-dog-harness\/\" \/>\n<meta property=\"og:locale\" content=\"cs_CZ\" \/>\n<meta property=\"og:type\" content=\"article\" \/>\n<meta property=\"og:title\" content=\"Basic Step In Dog Harness | QQPETS\" \/>\n<meta property=\"og:description\" content=\"Secure and simplify your walks with our Basic Step In Dog Harness. Easy to use, comfortable fit. Shop now!\" \/>\n<meta property=\"og:url\" content=\"https:\/\/qqpets.com\/cs\/produkt\/basic-step-in-dog-harness\/\" \/>\n<meta property=\"og:site_name\" content=\"QQPETS\" \/>\n<meta property=\"article:publisher\" content=\"https:\/\/www.facebook.com\/QQpetsdogcollars\" \/>\n<meta property=\"og:image\" content=\"https:\/\/qqpets.com\/wp-content\/uploads\/2024\/08\/Basic-Step-In-Dog-Harness.webp\" \/>\n\t<meta property=\"og:image:width\" content=\"1600\" \/>\n\t<meta property=\"og:image:height\" content=\"1600\" \/>\n\t<meta property=\"og:image:type\" content=\"image\/webp\" \/>\n<meta name=\"twitter:card\" content=\"summary_large_image\" \/>\n<meta name=\"twitter:label1\" content=\"Odhadovan\u00e1 doba \u010dten\u00ed\" \/>\n\t<meta name=\"twitter:data1\" content=\"3 minuty\" \/>\n<script type=\"application\/ld+json\" class=\"yoast-schema-graph\">{\"@context\":\"https:\/\/schema.org\",\"@graph\":[{\"@type\":\"WebPage\",\"@id\":\"https:\/\/qqpets.com\/product\/basic-step-in-dog-harness\/\",\"url\":\"https:\/\/qqpets.com\/product\/basic-step-in-dog-harness\/\",\"name\":\"Basic Step In Dog Harness | QQPETS\",\"isPartOf\":{\"@id\":\"https:\/\/qqpets.com\/#website\"},\"primaryImageOfPage\":{\"@id\":\"https:\/\/qqpets.com\/product\/basic-step-in-dog-harness\/#primaryimage\"},\"image\":{\"@id\":\"https:\/\/qqpets.com\/product\/basic-step-in-dog-harness\/#primaryimage\"},\"thumbnailUrl\":\"https:\/\/qqpets.com\/wp-content\/uploads\/2024\/08\/Basic-Step-In-Dog-Harness.webp\",\"datePublished\":\"2024-08-31T06:26:13+00:00\",\"description\":\"Secure and simplify your walks with our Basic Step In Dog Harness. Easy to use, comfortable fit. Shop now!\",\"breadcrumb\":{\"@id\":\"https:\/\/qqpets.com\/product\/basic-step-in-dog-harness\/#breadcrumb\"},\"inLanguage\":\"cs\",\"potentialAction\":[{\"@type\":\"ReadAction\",\"target\":[\"https:\/\/qqpets.com\/product\/basic-step-in-dog-harness\/\"]}]},{\"@type\":\"ImageObject\",\"inLanguage\":\"cs\",\"@id\":\"https:\/\/qqpets.com\/product\/basic-step-in-dog-harness\/#primaryimage\",\"url\":\"https:\/\/qqpets.com\/wp-content\/uploads\/2024\/08\/Basic-Step-In-Dog-Harness.webp\",\"contentUrl\":\"https:\/\/qqpets.com\/wp-content\/uploads\/2024\/08\/Basic-Step-In-Dog-Harness.webp\",\"width\":1600,\"height\":1600},{\"@type\":\"BreadcrumbList\",\"@id\":\"https:\/\/qqpets.com\/product\/basic-step-in-dog-harness\/#breadcrumb\",\"itemListElement\":[{\"@type\":\"ListItem\",\"position\":1,\"name\":\"Home\",\"item\":\"https:\/\/qqpets.com\/\"},{\"@type\":\"ListItem\",\"position\":2,\"name\":\"Products\",\"item\":\"https:\/\/qqpets.com\/pet-products-manufacturer\/\"},{\"@type\":\"ListItem\",\"position\":3,\"name\":\"Basic Step In Dog Harness\"}]},{\"@type\":\"WebSite\",\"@id\":\"https:\/\/qqpets.com\/#website\",\"url\":\"https:\/\/qqpets.com\/\",\"name\":\"QQPETS\",\"description\":\"QQPETS is a pet products factory for dog harnesses, dog collars, dog leashes and dog accessories with professional customized service since 2005.\",\"publisher\":{\"@id\":\"https:\/\/qqpets.com\/#organization\"},\"potentialAction\":[{\"@type\":\"SearchAction\",\"target\":{\"@type\":\"EntryPoint\",\"urlTemplate\":\"https:\/\/qqpets.com\/?s={search_term_string}\"},\"query-input\":{\"@type\":\"PropertyValueSpecification\",\"valueRequired\":true,\"valueName\":\"search_term_string\"}}],\"inLanguage\":\"cs\"},{\"@type\":\"Organization\",\"@id\":\"https:\/\/qqpets.com\/#organization\",\"name\":\"QQPETS\",\"url\":\"https:\/\/qqpets.com\/\",\"logo\":{\"@type\":\"ImageObject\",\"inLanguage\":\"cs\",\"@id\":\"https:\/\/qqpets.com\/#\/schema\/logo\/image\/\",\"url\":\"https:\/\/qqpets.com\/wp-content\/uploads\/2023\/09\/cropped-cropped-qqpets-tiktok.jpg\",\"contentUrl\":\"https:\/\/qqpets.com\/wp-content\/uploads\/2023\/09\/cropped-cropped-qqpets-tiktok.jpg\",\"width\":511,\"height\":511,\"caption\":\"QQPETS\"},\"image\":{\"@id\":\"https:\/\/qqpets.com\/#\/schema\/logo\/image\/\"},\"sameAs\":[\"https:\/\/www.facebook.com\/QQpetsdogcollars\",\"https:\/\/www.instagram.com\/qqpetscollar\/\",\"https:\/\/www.pinterest.com\/qqpetsdogcollarsfactory\/\"]}]}<\/script>\n<!-- \/ Yoast SEO plugin. -->","yoast_head_json":{"title":"Z\u00e1kladn\u00ed postroj pro psy Step In | QQPETS","description":"Zajist\u011bte si bezpe\u010d\u00ed a zjednodu\u0161te si proch\u00e1zky s na\u0161\u00edm postrojem Basic Step In. Snadn\u00e9 pou\u017eit\u00ed, pohodln\u00e9 no\u0161en\u00ed. Nakupujte nyn\u00ed!","robots":{"index":"index","follow":"follow","max-snippet":"max-snippet:-1","max-image-preview":"max-image-preview:large","max-video-preview":"max-video-preview:-1"},"canonical":"https:\/\/qqpets.com\/cs\/produkt\/basic-step-in-dog-harness\/","og_locale":"cs_CZ","og_type":"article","og_title":"Basic Step In Dog Harness | QQPETS","og_description":"Secure and simplify your walks with our Basic Step In Dog Harness. Easy to use, comfortable fit. Shop now!","og_url":"https:\/\/qqpets.com\/cs\/produkt\/basic-step-in-dog-harness\/","og_site_name":"QQPETS","article_publisher":"https:\/\/www.facebook.com\/QQpetsdogcollars","og_image":[{"width":1600,"height":1600,"url":"https:\/\/qqpets.com\/wp-content\/uploads\/2024\/08\/Basic-Step-In-Dog-Harness.webp","type":"image\/webp"}],"twitter_card":"summary_large_image","twitter_misc":{"Odhadovan\u00e1 doba \u010dten\u00ed":"3 minuty"},"schema":{"@context":"https:\/\/schema.org","@graph":[{"@type":"WebPage","@id":"https:\/\/qqpets.com\/product\/basic-step-in-dog-harness\/","url":"https:\/\/qqpets.com\/product\/basic-step-in-dog-harness\/","name":"Z\u00e1kladn\u00ed postroj pro psy Step In | QQPETS","isPartOf":{"@id":"https:\/\/qqpets.com\/#website"},"primaryImageOfPage":{"@id":"https:\/\/qqpets.com\/product\/basic-step-in-dog-harness\/#primaryimage"},"image":{"@id":"https:\/\/qqpets.com\/product\/basic-step-in-dog-harness\/#primaryimage"},"thumbnailUrl":"https:\/\/qqpets.com\/wp-content\/uploads\/2024\/08\/Basic-Step-In-Dog-Harness.webp","datePublished":"2024-08-31T06:26:13+00:00","description":"Zajist\u011bte si bezpe\u010d\u00ed a zjednodu\u0161te si proch\u00e1zky s na\u0161\u00edm postrojem Basic Step In. Snadn\u00e9 pou\u017eit\u00ed, pohodln\u00e9 no\u0161en\u00ed. Nakupujte nyn\u00ed!","breadcrumb":{"@id":"https:\/\/qqpets.com\/product\/basic-step-in-dog-harness\/#breadcrumb"},"inLanguage":"cs","potentialAction":[{"@type":"ReadAction","target":["https:\/\/qqpets.com\/product\/basic-step-in-dog-harness\/"]}]},{"@type":"ImageObject","inLanguage":"cs","@id":"https:\/\/qqpets.com\/product\/basic-step-in-dog-harness\/#primaryimage","url":"https:\/\/qqpets.com\/wp-content\/uploads\/2024\/08\/Basic-Step-In-Dog-Harness.webp","contentUrl":"https:\/\/qqpets.com\/wp-content\/uploads\/2024\/08\/Basic-Step-In-Dog-Harness.webp","width":1600,"height":1600},{"@type":"BreadcrumbList","@id":"https:\/\/qqpets.com\/product\/basic-step-in-dog-harness\/#breadcrumb","itemListElement":[{"@type":"ListItem","position":1,"name":"Home","item":"https:\/\/qqpets.com\/"},{"@type":"ListItem","position":2,"name":"Products","item":"https:\/\/qqpets.com\/pet-products-manufacturer\/"},{"@type":"ListItem","position":3,"name":"Basic Step In Dog Harness"}]},{"@type":"WebSite","@id":"https:\/\/qqpets.com\/#website","url":"https:\/\/qqpets.com\/","name":"QQPETS","description":"QQPETS je tov\u00e1rna na v\u00fdrobky pro dom\u00e1c\u00ed mazl\u00ed\u010dky pro ps\u00ed postroje, obojky, vod\u00edtka a dopl\u0148ky pro psy s profesion\u00e1ln\u00edmi slu\u017ebami na m\u00edru od roku 2005.","publisher":{"@id":"https:\/\/qqpets.com\/#organization"},"potentialAction":[{"@type":"SearchAction","target":{"@type":"EntryPoint","urlTemplate":"https:\/\/qqpets.com\/?s={search_term_string}"},"query-input":{"@type":"PropertyValueSpecification","valueRequired":true,"valueName":"search_term_string"}}],"inLanguage":"cs"},{"@type":"Organization","@id":"https:\/\/qqpets.com\/#organization","name":"QQPETS","url":"https:\/\/qqpets.com\/","logo":{"@type":"ImageObject","inLanguage":"cs","@id":"https:\/\/qqpets.com\/#\/schema\/logo\/image\/","url":"https:\/\/qqpets.com\/wp-content\/uploads\/2023\/09\/cropped-cropped-qqpets-tiktok.jpg","contentUrl":"https:\/\/qqpets.com\/wp-content\/uploads\/2023\/09\/cropped-cropped-qqpets-tiktok.jpg","width":511,"height":511,"caption":"QQPETS"},"image":{"@id":"https:\/\/qqpets.com\/#\/schema\/logo\/image\/"},"sameAs":["https:\/\/www.facebook.com\/QQpetsdogcollars","https:\/\/www.instagram.com\/qqpetscollar\/","https:\/\/www.pinterest.com\/qqpetsdogcollarsfactory\/"]}]}},"_links":{"self":[{"href":"https:\/\/qqpets.com\/cs\/wp-json\/wp\/v2\/product\/7663","targetHints":{"allow":["GET"]}}],"collection":[{"href":"https:\/\/qqpets.com\/cs\/wp-json\/wp\/v2\/product"}],"about":[{"href":"https:\/\/qqpets.com\/cs\/wp-json\/wp\/v2\/types\/product"}],"wp:featuredmedia":[{"embeddable":true,"href":"https:\/\/qqpets.com\/cs\/wp-json\/wp\/v2\/media\/7670"}],"wp:attachment":[{"href":"https:\/\/qqpets.com\/cs\/wp-json\/wp\/v2\/media?parent=7663"}],"wp:term":[{"taxonomy":"product_brand","embeddable":true,"href":"https:\/\/qqpets.com\/cs\/wp-json\/wp\/v2\/product_brand?post=7663"},{"taxonomy":"product_cat","embeddable":true,"href":"https:\/\/qqpets.com\/cs\/wp-json\/wp\/v2\/product_cat?post=7663"},{"taxonomy":"product_tag","embeddable":true,"href":"https:\/\/qqpets.com\/cs\/wp-json\/wp\/v2\/product_tag?post=7663"}],"curies":[{"name":"wp","href":"https:\/\/api.w.org\/{rel}","templated":true}]}}