{"id":7672,"date":"2024-08-31T15:01:03","date_gmt":"2024-08-31T07:01:03","guid":{"rendered":"https:\/\/qqpets.com\/?post_type=product&#038;p=7672"},"modified":"2024-12-12T17:21:28","modified_gmt":"2024-12-12T09:21:28","slug":"adjustable-print-basic-dog-collar","status":"publish","type":"product","link":"https:\/\/qqpets.com\/cs\/produkt\/adjustable-print-basic-dog-collar\/","title":{"rendered":"Nastaviteln\u00fd z\u00e1kladn\u00ed obojek pro psy s potiskem"},"content":{"rendered":"<p>P\u0159edstavujeme v\u00e1m n\u00e1\u0161 z\u00e1kladn\u00ed obojek pro psy, kter\u00fd je nezbytn\u00fdm dopl\u0148kem pro ka\u017ed\u00e9ho majitele dom\u00e1c\u00edho mazl\u00ed\u010dka. Tento obojek kombinuje funk\u010dnost s klasick\u00fdm designem, tak\u017ee je ide\u00e1ln\u00ed volbou pro ka\u017edodenn\u00ed pou\u017eit\u00ed. Tento obojek je vyroben z prvot\u0159\u00eddn\u00edch materi\u00e1l\u016f a nab\u00edz\u00ed trvanlivost a pohodl\u00ed, co\u017e zaru\u010duje, \u017ee vydr\u017e\u00ed ka\u017edodenn\u00ed n\u00e1roky aktivn\u00edch dom\u00e1c\u00edch mazl\u00ed\u010dk\u016f.<\/p>\n<p>Nastaviteln\u00e1 konstrukce umo\u017e\u0148uje p\u0159esn\u00e9 p\u0159izp\u016fsoben\u00ed ps\u016fm v\u0161ech velikost\u00ed a plemen. Robustn\u00ed p\u0159ezka zaji\u0161\u0165uje bezpe\u010dn\u00e9 zap\u00edn\u00e1n\u00ed, tak\u017ee se snadno nasazuje a sund\u00e1v\u00e1, zat\u00edmco odoln\u00fd D-krou\u017eek zaji\u0161\u0165uje, \u017ee m\u016f\u017eete bez obav p\u0159ipnout vod\u00edtko na proch\u00e1zku.<\/p>\n<p>N\u00e1\u0161 z\u00e1kladn\u00ed obojek pro psy je nejen praktick\u00fd, ale tak\u00e9 stylov\u00fd. Je k dispozici v r\u016fzn\u00fdch barv\u00e1ch, tak\u017ee si m\u016f\u017eete vybrat tu, kter\u00e1 nejl\u00e9pe odpov\u00edd\u00e1 osobnosti va\u0161eho psa nebo dopl\u0148uje jeho srst. Materi\u00e1l obojku se snadno \u010dist\u00ed, tak\u017ee si zachov\u00e1v\u00e1 sv\u016fj vzhled bez ohledu na dobrodru\u017estv\u00ed, do kter\u00fdch se se sv\u00fdm mazl\u00ed\u010dkem pust\u00edte.<\/p>\n<p>A\u0165 u\u017e cvi\u010d\u00edte, ven\u010d\u00edte nebo jen vybavujete sv\u00e9ho mazl\u00ed\u010dka ka\u017edodenn\u00edmi pot\u0159ebami, n\u00e1\u0161 z\u00e1kladn\u00ed obojek pro psy je pro tento \u00fakol vhodn\u00fd. Poskytuje kombinaci bezpe\u010dnosti, pohodl\u00ed a stylu, kter\u00e1 je bezkonkuren\u010dn\u00ed, a je tak ide\u00e1ln\u00ed volbou pro va\u0161eho chlupat\u00e9ho p\u0159\u00edtele.<\/p>\n<h4><strong>Jak\u00fd je nejb\u011b\u017en\u011bj\u0161\u00ed obojek pro psy?<\/strong><\/h4>\n<p>Ploch\u00fd obojek je nejb\u011b\u017en\u011bj\u0161\u00edm typem obojku pro psy. Je jednoduch\u00fd, nastaviteln\u00fd a vhodn\u00fd pro p\u0159ipevn\u011bn\u00ed identifika\u010dn\u00edch zn\u00e1mek a vod\u00edtka.<\/p>\n<h4><strong>Jak\u00fd obojek je pro psa nejlep\u0161\u00ed?<\/strong><\/h4>\n<p>Nejlep\u0161\u00ed druh obojku pro psa z\u00e1vis\u00ed na konkr\u00e9tn\u00edch pot\u0159eb\u00e1ch psa a majitele. Obecn\u011b se doporu\u010duje polstrovan\u00fd, nastaviteln\u00fd nylonov\u00fd nebo ko\u017een\u00fd obojek, kter\u00fd je pohodln\u00fd a odoln\u00fd.<\/p>\n<h4><strong>Jsou \u0161krtic\u00ed obojky nez\u00e1konn\u00e9?<\/strong><\/h4>\n<p>\u0160krt\u00edc\u00ed obojky nejsou na v\u011bt\u0161in\u011b m\u00edst nez\u00e1konn\u00e9, ale jejich pou\u017e\u00edv\u00e1n\u00ed je velmi kontroverzn\u00ed a v mnoha zem\u00edch je st\u00e1le v\u00edce nedoporu\u010dov\u00e1no nebo regulov\u00e1no z d\u016fvodu obav o dobr\u00e9 \u017eivotn\u00ed podm\u00ednky zv\u00ed\u0159at.<\/p>\n<h4><strong>Co by m\u011bl m\u00edt pes na obojku?<\/strong><\/h4>\n<p>Na obojku by m\u011bla b\u00fdt identifika\u010dn\u00ed zn\u00e1mka, kter\u00e1 obsahuje jm\u00e9no psa, jm\u00e9no majitele a kontaktn\u00ed \u00fadaje. N\u011bkte\u0159\u00ed majitel\u00e9 k obojku p\u0159ikl\u00e1daj\u00ed tak\u00e9 o\u010dkovac\u00ed zn\u00e1mky nebo mikro\u010dip.<\/p>\n<h4><strong>Je lep\u0161\u00ed ven\u010dit psa s postrojem nebo obojkem?<\/strong><\/h4>\n<p>Obecn\u011b je lep\u0161\u00ed ven\u010dit psa s postrojem, zejm\u00e9na pokud pes t\u00e1hne. Postroj rovnom\u011brn\u011bji rozkl\u00e1d\u00e1 tlak na cel\u00e9 t\u011blo a sni\u017euje zat\u00ed\u017een\u00ed krku a hrdla.<\/p>\n<h4><strong>M\u011bli by psi sp\u00e1t s obojkem?<\/strong><\/h4>\n<p>Obecn\u011b je pro psy bezpe\u010dn\u011bj\u0161\u00ed nesp\u00e1t s obojkem, aby se p\u0159ede\u0161lo riziku udu\u0161en\u00ed nebo zachycen\u00ed o n\u011bjakou v\u011bc, kdy\u017e se b\u011bhem sp\u00e1nku pohybuj\u00ed.<\/p>","protected":false},"excerpt":{"rendered":"<p>Vylep\u0161ete ka\u017edodenn\u00ed rutinu sv\u00e9ho dom\u00e1c\u00edho mazl\u00ed\u010dka pomoc\u00ed na\u0161eho z\u00e1kladn\u00edho obojku pro psy, kter\u00fd je navr\u017een tak, aby byl odoln\u00fd a pohodln\u00fd. Tento obojek m\u00e1 jednoduch\u00fd, nastaviteln\u00fd design, kter\u00fd zajist\u00ed dokonal\u00e9 p\u0159izp\u016fsoben\u00ed pro ka\u017ed\u00e9 plemeno. Je vyroben z vysoce kvalitn\u00edch materi\u00e1l\u016f, je odoln\u00fd a snadno se \u010dist\u00ed. Je ide\u00e1ln\u00ed pro ka\u017edodenn\u00ed no\u0161en\u00ed, obsahuje robustn\u00ed p\u0159ezku pro rychl\u00e9 odepnut\u00ed a D-krou\u017eek pro bezpe\u010dn\u00e9 p\u0159ipevn\u011bn\u00ed vod\u00edtka. Je k dispozici v r\u016fzn\u00fdch barv\u00e1ch a p\u0159edstavuje dokonalou kombinaci funk\u010dnosti a stylu pro va\u0161eho psa.<\/p>","protected":false},"featured_media":9678,"template":"","meta":[],"product_brand":[],"product_cat":[26],"product_tag":[],"class_list":{"0":"post-7672","1":"product","2":"type-product","3":"status-publish","4":"has-post-thumbnail","6":"product_cat-dog-collar","7":"pa_brand-qqpets","9":"first","10":"instock","11":"shipping-taxable","12":"product-type-simple"},"yoast_head":"<!-- This site is optimized with the Yoast SEO plugin v26.6 - https:\/\/yoast.com\/wordpress\/plugins\/seo\/ -->\n<title>Adjustable Print Basic Dog Collar | QQPETS<\/title>\n<meta name=\"description\" content=\"Discover our durable Basic Dog Collar for everyday use. Comfortable, adjustable, and stylish. Shop now!\" \/>\n<meta name=\"robots\" content=\"index, follow, max-snippet:-1, max-image-preview:large, max-video-preview:-1\" \/>\n<link rel=\"canonical\" href=\"https:\/\/qqpets.com\/cs\/produkt\/adjustable-print-basic-dog-collar\/\" \/>\n<meta property=\"og:locale\" content=\"cs_CZ\" \/>\n<meta property=\"og:type\" content=\"article\" \/>\n<meta property=\"og:title\" content=\"Adjustable Print Basic Dog Collar | QQPETS\" \/>\n<meta property=\"og:description\" content=\"Discover our durable Basic Dog Collar for everyday use. Comfortable, adjustable, and stylish. Shop now!\" \/>\n<meta property=\"og:url\" content=\"https:\/\/qqpets.com\/cs\/produkt\/adjustable-print-basic-dog-collar\/\" \/>\n<meta property=\"og:site_name\" content=\"QQPETS\" \/>\n<meta property=\"article:publisher\" content=\"https:\/\/www.facebook.com\/QQpetsdogcollars\" \/>\n<meta property=\"article:modified_time\" content=\"2024-12-12T09:21:28+00:00\" \/>\n<meta property=\"og:image\" content=\"https:\/\/qqpets.com\/wp-content\/uploads\/2024\/08\/soft-dog-collar.webp\" \/>\n\t<meta property=\"og:image:width\" content=\"800\" \/>\n\t<meta property=\"og:image:height\" content=\"800\" \/>\n\t<meta property=\"og:image:type\" content=\"image\/webp\" \/>\n<meta name=\"twitter:card\" content=\"summary_large_image\" \/>\n<meta name=\"twitter:label1\" content=\"Odhadovan\u00e1 doba \u010dten\u00ed\" \/>\n\t<meta name=\"twitter:data1\" content=\"2 minuty\" \/>\n<script type=\"application\/ld+json\" class=\"yoast-schema-graph\">{\"@context\":\"https:\/\/schema.org\",\"@graph\":[{\"@type\":\"WebPage\",\"@id\":\"https:\/\/qqpets.com\/product\/adjustable-print-basic-dog-collar\/\",\"url\":\"https:\/\/qqpets.com\/product\/adjustable-print-basic-dog-collar\/\",\"name\":\"Adjustable Print Basic Dog Collar | QQPETS\",\"isPartOf\":{\"@id\":\"https:\/\/qqpets.com\/#website\"},\"primaryImageOfPage\":{\"@id\":\"https:\/\/qqpets.com\/product\/adjustable-print-basic-dog-collar\/#primaryimage\"},\"image\":{\"@id\":\"https:\/\/qqpets.com\/product\/adjustable-print-basic-dog-collar\/#primaryimage\"},\"thumbnailUrl\":\"https:\/\/qqpets.com\/wp-content\/uploads\/2024\/08\/soft-dog-collar.webp\",\"datePublished\":\"2024-08-31T07:01:03+00:00\",\"dateModified\":\"2024-12-12T09:21:28+00:00\",\"description\":\"Discover our durable Basic Dog Collar for everyday use. Comfortable, adjustable, and stylish. Shop now!\",\"breadcrumb\":{\"@id\":\"https:\/\/qqpets.com\/product\/adjustable-print-basic-dog-collar\/#breadcrumb\"},\"inLanguage\":\"cs\",\"potentialAction\":[{\"@type\":\"ReadAction\",\"target\":[\"https:\/\/qqpets.com\/product\/adjustable-print-basic-dog-collar\/\"]}]},{\"@type\":\"ImageObject\",\"inLanguage\":\"cs\",\"@id\":\"https:\/\/qqpets.com\/product\/adjustable-print-basic-dog-collar\/#primaryimage\",\"url\":\"https:\/\/qqpets.com\/wp-content\/uploads\/2024\/08\/soft-dog-collar.webp\",\"contentUrl\":\"https:\/\/qqpets.com\/wp-content\/uploads\/2024\/08\/soft-dog-collar.webp\",\"width\":800,\"height\":800,\"caption\":\"soft dog collar\"},{\"@type\":\"BreadcrumbList\",\"@id\":\"https:\/\/qqpets.com\/product\/adjustable-print-basic-dog-collar\/#breadcrumb\",\"itemListElement\":[{\"@type\":\"ListItem\",\"position\":1,\"name\":\"Home\",\"item\":\"https:\/\/qqpets.com\/\"},{\"@type\":\"ListItem\",\"position\":2,\"name\":\"Products\",\"item\":\"https:\/\/qqpets.com\/pet-products-manufacturer\/\"},{\"@type\":\"ListItem\",\"position\":3,\"name\":\"Adjustable Print Basic Dog Collar\"}]},{\"@type\":\"WebSite\",\"@id\":\"https:\/\/qqpets.com\/#website\",\"url\":\"https:\/\/qqpets.com\/\",\"name\":\"QQPETS\",\"description\":\"QQPETS is a pet products factory for dog harnesses, dog collars, dog leashes and dog accessories with professional customized service since 2005.\",\"publisher\":{\"@id\":\"https:\/\/qqpets.com\/#organization\"},\"potentialAction\":[{\"@type\":\"SearchAction\",\"target\":{\"@type\":\"EntryPoint\",\"urlTemplate\":\"https:\/\/qqpets.com\/?s={search_term_string}\"},\"query-input\":{\"@type\":\"PropertyValueSpecification\",\"valueRequired\":true,\"valueName\":\"search_term_string\"}}],\"inLanguage\":\"cs\"},{\"@type\":\"Organization\",\"@id\":\"https:\/\/qqpets.com\/#organization\",\"name\":\"QQPETS\",\"url\":\"https:\/\/qqpets.com\/\",\"logo\":{\"@type\":\"ImageObject\",\"inLanguage\":\"cs\",\"@id\":\"https:\/\/qqpets.com\/#\/schema\/logo\/image\/\",\"url\":\"https:\/\/qqpets.com\/wp-content\/uploads\/2023\/09\/cropped-cropped-qqpets-tiktok.jpg\",\"contentUrl\":\"https:\/\/qqpets.com\/wp-content\/uploads\/2023\/09\/cropped-cropped-qqpets-tiktok.jpg\",\"width\":511,\"height\":511,\"caption\":\"QQPETS\"},\"image\":{\"@id\":\"https:\/\/qqpets.com\/#\/schema\/logo\/image\/\"},\"sameAs\":[\"https:\/\/www.facebook.com\/QQpetsdogcollars\",\"https:\/\/www.instagram.com\/qqpetscollar\/\",\"https:\/\/www.pinterest.com\/qqpetsdogcollarsfactory\/\"]}]}<\/script>\n<!-- \/ Yoast SEO plugin. -->","yoast_head_json":{"title":"Nastaviteln\u00fd z\u00e1kladn\u00ed obojek pro psy | QQPETS","description":"Objevte n\u00e1\u0161 odoln\u00fd obojek Basic pro ka\u017edodenn\u00ed pou\u017eit\u00ed. Pohodln\u00fd, nastaviteln\u00fd a stylov\u00fd. Nakupujte nyn\u00ed!","robots":{"index":"index","follow":"follow","max-snippet":"max-snippet:-1","max-image-preview":"max-image-preview:large","max-video-preview":"max-video-preview:-1"},"canonical":"https:\/\/qqpets.com\/cs\/produkt\/adjustable-print-basic-dog-collar\/","og_locale":"cs_CZ","og_type":"article","og_title":"Adjustable Print Basic Dog Collar | QQPETS","og_description":"Discover our durable Basic Dog Collar for everyday use. Comfortable, adjustable, and stylish. Shop now!","og_url":"https:\/\/qqpets.com\/cs\/produkt\/adjustable-print-basic-dog-collar\/","og_site_name":"QQPETS","article_publisher":"https:\/\/www.facebook.com\/QQpetsdogcollars","article_modified_time":"2024-12-12T09:21:28+00:00","og_image":[{"width":800,"height":800,"url":"https:\/\/qqpets.com\/wp-content\/uploads\/2024\/08\/soft-dog-collar.webp","type":"image\/webp"}],"twitter_card":"summary_large_image","twitter_misc":{"Odhadovan\u00e1 doba \u010dten\u00ed":"2 minuty"},"schema":{"@context":"https:\/\/schema.org","@graph":[{"@type":"WebPage","@id":"https:\/\/qqpets.com\/product\/adjustable-print-basic-dog-collar\/","url":"https:\/\/qqpets.com\/product\/adjustable-print-basic-dog-collar\/","name":"Nastaviteln\u00fd z\u00e1kladn\u00ed obojek pro psy | QQPETS","isPartOf":{"@id":"https:\/\/qqpets.com\/#website"},"primaryImageOfPage":{"@id":"https:\/\/qqpets.com\/product\/adjustable-print-basic-dog-collar\/#primaryimage"},"image":{"@id":"https:\/\/qqpets.com\/product\/adjustable-print-basic-dog-collar\/#primaryimage"},"thumbnailUrl":"https:\/\/qqpets.com\/wp-content\/uploads\/2024\/08\/soft-dog-collar.webp","datePublished":"2024-08-31T07:01:03+00:00","dateModified":"2024-12-12T09:21:28+00:00","description":"Objevte n\u00e1\u0161 odoln\u00fd obojek Basic pro ka\u017edodenn\u00ed pou\u017eit\u00ed. Pohodln\u00fd, nastaviteln\u00fd a stylov\u00fd. Nakupujte nyn\u00ed!","breadcrumb":{"@id":"https:\/\/qqpets.com\/product\/adjustable-print-basic-dog-collar\/#breadcrumb"},"inLanguage":"cs","potentialAction":[{"@type":"ReadAction","target":["https:\/\/qqpets.com\/product\/adjustable-print-basic-dog-collar\/"]}]},{"@type":"ImageObject","inLanguage":"cs","@id":"https:\/\/qqpets.com\/product\/adjustable-print-basic-dog-collar\/#primaryimage","url":"https:\/\/qqpets.com\/wp-content\/uploads\/2024\/08\/soft-dog-collar.webp","contentUrl":"https:\/\/qqpets.com\/wp-content\/uploads\/2024\/08\/soft-dog-collar.webp","width":800,"height":800,"caption":"soft dog collar"},{"@type":"BreadcrumbList","@id":"https:\/\/qqpets.com\/product\/adjustable-print-basic-dog-collar\/#breadcrumb","itemListElement":[{"@type":"ListItem","position":1,"name":"Home","item":"https:\/\/qqpets.com\/"},{"@type":"ListItem","position":2,"name":"Products","item":"https:\/\/qqpets.com\/pet-products-manufacturer\/"},{"@type":"ListItem","position":3,"name":"Adjustable Print Basic Dog Collar"}]},{"@type":"WebSite","@id":"https:\/\/qqpets.com\/#website","url":"https:\/\/qqpets.com\/","name":"QQPETS","description":"QQPETS je tov\u00e1rna na v\u00fdrobky pro dom\u00e1c\u00ed mazl\u00ed\u010dky pro ps\u00ed postroje, obojky, vod\u00edtka a dopl\u0148ky pro psy s profesion\u00e1ln\u00edmi slu\u017ebami na m\u00edru od roku 2005.","publisher":{"@id":"https:\/\/qqpets.com\/#organization"},"potentialAction":[{"@type":"SearchAction","target":{"@type":"EntryPoint","urlTemplate":"https:\/\/qqpets.com\/?s={search_term_string}"},"query-input":{"@type":"PropertyValueSpecification","valueRequired":true,"valueName":"search_term_string"}}],"inLanguage":"cs"},{"@type":"Organization","@id":"https:\/\/qqpets.com\/#organization","name":"QQPETS","url":"https:\/\/qqpets.com\/","logo":{"@type":"ImageObject","inLanguage":"cs","@id":"https:\/\/qqpets.com\/#\/schema\/logo\/image\/","url":"https:\/\/qqpets.com\/wp-content\/uploads\/2023\/09\/cropped-cropped-qqpets-tiktok.jpg","contentUrl":"https:\/\/qqpets.com\/wp-content\/uploads\/2023\/09\/cropped-cropped-qqpets-tiktok.jpg","width":511,"height":511,"caption":"QQPETS"},"image":{"@id":"https:\/\/qqpets.com\/#\/schema\/logo\/image\/"},"sameAs":["https:\/\/www.facebook.com\/QQpetsdogcollars","https:\/\/www.instagram.com\/qqpetscollar\/","https:\/\/www.pinterest.com\/qqpetsdogcollarsfactory\/"]}]}},"_links":{"self":[{"href":"https:\/\/qqpets.com\/cs\/wp-json\/wp\/v2\/product\/7672","targetHints":{"allow":["GET"]}}],"collection":[{"href":"https:\/\/qqpets.com\/cs\/wp-json\/wp\/v2\/product"}],"about":[{"href":"https:\/\/qqpets.com\/cs\/wp-json\/wp\/v2\/types\/product"}],"wp:featuredmedia":[{"embeddable":true,"href":"https:\/\/qqpets.com\/cs\/wp-json\/wp\/v2\/media\/9678"}],"wp:attachment":[{"href":"https:\/\/qqpets.com\/cs\/wp-json\/wp\/v2\/media?parent=7672"}],"wp:term":[{"taxonomy":"product_brand","embeddable":true,"href":"https:\/\/qqpets.com\/cs\/wp-json\/wp\/v2\/product_brand?post=7672"},{"taxonomy":"product_cat","embeddable":true,"href":"https:\/\/qqpets.com\/cs\/wp-json\/wp\/v2\/product_cat?post=7672"},{"taxonomy":"product_tag","embeddable":true,"href":"https:\/\/qqpets.com\/cs\/wp-json\/wp\/v2\/product_tag?post=7672"}],"curies":[{"name":"wp","href":"https:\/\/api.w.org\/{rel}","templated":true}]}}