{"id":7680,"date":"2024-08-31T15:37:28","date_gmt":"2024-08-31T07:37:28","guid":{"rendered":"https:\/\/qqpets.com\/?post_type=product&#038;p=7680"},"modified":"2024-08-31T15:37:28","modified_gmt":"2024-08-31T07:37:28","slug":"no-pull-reflective-dog-harness-with-handle","status":"publish","type":"product","link":"https:\/\/qqpets.com\/cs\/produkt\/no-pull-reflective-dog-harness-with-handle\/","title":{"rendered":"Reflexn\u00ed postroj pro psy bez tahu s rukojet\u00ed"},"content":{"rendered":"<p>P\u0159edstavujeme v\u00e1m reflexn\u00ed postroj pro psy s rukojet\u00ed No Pull, kter\u00fd je dokonal\u00fdm \u0159e\u0161en\u00edm pro \u0159\u00edzen\u00ed pohybu va\u0161eho dom\u00e1c\u00edho mazl\u00ed\u010dka a z\u00e1rove\u0148 zaji\u0161\u0165uje jeho bezpe\u010dnost. Tento postroj je navr\u017een speci\u00e1ln\u011b tak, aby zabra\u0148oval tah\u00e1n\u00ed, a pom\u00e1h\u00e1 udr\u017eovat rovnov\u00e1hu a kontrolu b\u011bhem proch\u00e1zek, \u010d\u00edm\u017e sni\u017euje z\u00e1t\u011b\u017e na t\u011blo va\u0161eho psa a zp\u0159\u00edjem\u0148uje va\u0161e vych\u00e1zky.<\/p>\n<p>Kl\u00ed\u010dov\u00fdm prvkem tohoto postroje jsou reflexn\u00ed p\u00e1sky, kter\u00e9 zaji\u0161\u0165uj\u00ed dobrou viditelnost p\u0159i ve\u010dern\u00edch nebo rann\u00edch proch\u00e1zk\u00e1ch. Tato vlastnost je z\u00e1sadn\u00ed pro zaji\u0161t\u011bn\u00ed bezpe\u010dnosti va\u0161eho zv\u00ed\u0159ete p\u0159ed dopravn\u00edmi prost\u0159edky a pom\u00e1h\u00e1 v\u00e1m m\u00edt na n\u011bj za \u0161era p\u0159ehled. Nav\u00edc vestav\u011bn\u00e1 rukoje\u0165 na zadn\u00ed stran\u011b poskytuje dodate\u010dnou kontrolu v ru\u0161n\u00fdch oblastech nebo v situac\u00edch, kdy pot\u0159ebujete m\u00edt sv\u00e9ho mazl\u00ed\u010dka nabl\u00edzku.<\/p>\n<p>Postroj je vyroben z vysoce kvalitn\u00edch materi\u00e1l\u016f a je odoln\u00fd v\u016f\u010di ka\u017edodenn\u00edmu pou\u017e\u00edv\u00e1n\u00ed. Popruhy jsou pln\u011b nastaviteln\u00e9 a zaji\u0161\u0165uj\u00ed pohodln\u00e9 no\u0161en\u00ed, kter\u00e9 zabra\u0148uje od\u00edr\u00e1n\u00ed a nepohodl\u00ed. Jeho prody\u0161n\u00e1 s\u00ed\u0165ovan\u00e1 pod\u0161\u00edvka zaji\u0161\u0165uje, \u017ee v\u00e1\u0161 mazl\u00ed\u010dek z\u016fstane v pohodl\u00ed a komfortu bez ohledu na po\u010das\u00ed.<\/p>\n<p>N\u00e1\u0161 reflexn\u00ed postroj pro psy s rukojet\u00ed No Pull je ide\u00e1ln\u00ed pro ka\u017edodenn\u00ed pou\u017eit\u00ed, v\u00fdcvik a bezpe\u010dn\u011bj\u0161\u00ed proch\u00e1zky a je ide\u00e1ln\u00ed pro majitele dom\u00e1c\u00edch mazl\u00ed\u010dk\u016f, kte\u0159\u00ed vy\u017eaduj\u00ed to nejlep\u0161\u00ed bezpe\u010d\u00ed, pohodl\u00ed a kontrolu. Vybavte sv\u00e9ho psa t\u00edmto postrojem a za\u017eijte ka\u017edodenn\u00ed p\u0159\u00edjemn\u00e9 proch\u00e1zky bez stresu.<\/p>\n<h6><strong>Pro\u010d je na postroji pro psy rukoje\u0165?<\/strong><\/h6>\n<p>Rukoje\u0165 na postroji poskytuje majiteli v\u011bt\u0161\u00ed kontrolu nad psem, zejm\u00e9na v p\u0159epln\u011bn\u00fdch nebo potenci\u00e1ln\u011b nebezpe\u010dn\u00fdch situac\u00edch. Je tak\u00e9 u\u017eite\u010dn\u00e9 pro pomoc ps\u016fm p\u0159i p\u0159ekon\u00e1v\u00e1n\u00ed p\u0159ek\u00e1\u017eek nebo jako opora pro star\u0161\u00ed nebo pohybov\u011b posti\u017een\u00e9 psy.<\/p>\n<h6><strong>Jak\u00fd je rozd\u00edl mezi postrojem pro psa a postrojem bez tah\u00e1n\u00ed?<\/strong><\/h6>\n<p>Standardn\u00ed postroj pro psy m\u016f\u017ee m\u00edt na zadn\u00ed stran\u011b uchycen\u00ed vod\u00edtka a slou\u017e\u00ed p\u0159edev\u0161\u00edm k pohodln\u00e9mu zaji\u0161t\u011bn\u00ed psa. Postroj proti tah\u00e1n\u00ed je obvykle vybaven p\u0159edn\u00edm uchycen\u00edm vod\u00edtka nebo dv\u011bma uchycen\u00edmi (vp\u0159edu a vzadu), kter\u00e9 jsou speci\u00e1ln\u011b navr\u017eeny tak, aby omezily nebo odradily psa od tah\u00e1n\u00ed t\u00edm, \u017ee ho p\u0159i pokusu o tah\u00e1n\u00ed p\u0159esm\u011bruj\u00ed sm\u011brem k majiteli.<\/p>\n<h6><strong>Zabra\u0148uj\u00ed postroje ps\u016fm v tah\u00e1n\u00ed?<\/strong><\/h6>\n<p>Standardn\u00ed postroje pro psy nemus\u00ed nutn\u011b br\u00e1nit ps\u016fm v tah\u00e1n\u00ed, proto\u017ee mohou ps\u016fm umo\u017enit, aby pou\u017eili celou s\u00edlu sv\u00e9ho t\u011bla k tah\u00e1n\u00ed dop\u0159edu. Postroje bez tah\u00e1n\u00ed s p\u0159edn\u00edm uchycen\u00edm jsou navr\u017eeny tak, aby pomohly omezit tah\u00e1n\u00ed t\u00edm, \u017ee p\u0159esm\u011bruj\u00ed pohyb psa zp\u011bt k majiteli.<\/p>\n<h6><strong>Jak zabr\u00e1n\u00edm tomu, aby se m\u016fj pes vyvl\u00e9kl z postroje?<\/strong><\/h6>\n<p>Ujist\u011bte se, \u017ee postroj spr\u00e1vn\u011b sed\u00ed a je p\u0159il\u00e9hav\u00fd, ale ne p\u0159\u00edli\u0161 t\u011bsn\u00fd, bez prostoru pro vykroucen\u00ed psa. Pravideln\u011b kontrolujte a podle pot\u0159eby upravujte st\u0159ih, zejm\u00e9na pokud pes roste nebo se m\u011bn\u00ed jeho hmotnost.<\/p>\n<h6><strong>Pro\u010d m\u016fj pes tah\u00e1 i s postrojem bez tah\u00e1n\u00ed?<\/strong><\/h6>\n<p>I s postrojem bez tah\u00e1n\u00ed mohou n\u011bkte\u0159\u00ed psi tahat kv\u016fli vzru\u0161en\u00ed, nedostate\u010dn\u00e9mu v\u00fdcviku nebo siln\u00fdm ko\u0159istnick\u00fdm instinkt\u016fm. K tomu, aby se pes nau\u010dil netahat, je vedle mechanick\u00e9 pomoci postroje zapot\u0159eb\u00ed i d\u016fsledn\u00fd v\u00fdcvik a posilov\u00e1n\u00ed.<\/p>","protected":false},"excerpt":{"rendered":"<p>Zajist\u011bte si maxim\u00e1ln\u00ed bezpe\u010dnost a pohodl\u00ed s na\u0161\u00edm reflexn\u00edm postrojem pro psy No Pull, kter\u00fd je vybaven robustn\u00ed rukojet\u00ed pro lep\u0161\u00ed ovl\u00e1d\u00e1n\u00ed. Tento postroj je navr\u017een tak, aby zabra\u0148oval tah\u00e1n\u00ed a zp\u0159\u00edjem\u0148oval proch\u00e1zky. Reflexn\u00ed popruhy zvy\u0161uj\u00ed viditelnost za zhor\u0161en\u00fdch sv\u011bteln\u00fdch podm\u00ednek a zvy\u0161uj\u00ed tak bezpe\u010dnost. Postroj je nastaviteln\u00fd pro dokonal\u00e9 p\u0159izp\u016fsoben\u00ed a je vyroben z odoln\u00fdch materi\u00e1l\u016f, kter\u00e9 jsou pohodln\u00e9 a maj\u00ed dlouhou \u017eivotnost. Je ide\u00e1ln\u00ed pro tr\u00e9nink i ka\u017edodenn\u00ed proch\u00e1zky a poskytuje pot\u0159ebnou kontrolu a bezpe\u010d\u00ed.<\/p>","protected":false},"featured_media":6378,"template":"","meta":[],"product_brand":[],"product_cat":[23],"product_tag":[],"class_list":{"0":"post-7680","1":"product","2":"type-product","3":"status-publish","4":"has-post-thumbnail","6":"product_cat-dog-harness","7":"pa_brand-qqpets","9":"first","10":"instock","11":"shipping-taxable","12":"product-type-simple"},"yoast_head":"<!-- This site is optimized with the Yoast SEO plugin v26.6 - https:\/\/yoast.com\/wordpress\/plugins\/seo\/ -->\n<title>No Pull Reflective Dog Harness With Handle | QQPETS<\/title>\n<meta name=\"description\" content=\"Secure your pet with our No Pull Reflective Dog Harness. Enhanced with a handle for control. Shop safety first!\" \/>\n<meta name=\"robots\" content=\"index, follow, max-snippet:-1, max-image-preview:large, max-video-preview:-1\" \/>\n<link rel=\"canonical\" href=\"https:\/\/qqpets.com\/cs\/produkt\/no-pull-reflective-dog-harness-with-handle\/\" \/>\n<meta property=\"og:locale\" content=\"cs_CZ\" \/>\n<meta property=\"og:type\" content=\"article\" \/>\n<meta property=\"og:title\" content=\"No Pull Reflective Dog Harness With Handle | QQPETS\" \/>\n<meta property=\"og:description\" content=\"Secure your pet with our No Pull Reflective Dog Harness. Enhanced with a handle for control. Shop safety first!\" \/>\n<meta property=\"og:url\" content=\"https:\/\/qqpets.com\/cs\/produkt\/no-pull-reflective-dog-harness-with-handle\/\" \/>\n<meta property=\"og:site_name\" content=\"QQPETS\" \/>\n<meta property=\"article:publisher\" content=\"https:\/\/www.facebook.com\/QQpetsdogcollars\" \/>\n<meta property=\"og:image\" content=\"https:\/\/qqpets.com\/wp-content\/uploads\/2024\/05\/\u767d\u5e95\u4e3b\u56fe_4.webp\" \/>\n\t<meta property=\"og:image:width\" content=\"1000\" \/>\n\t<meta property=\"og:image:height\" content=\"1000\" \/>\n\t<meta property=\"og:image:type\" content=\"image\/webp\" \/>\n<meta name=\"twitter:card\" content=\"summary_large_image\" \/>\n<meta name=\"twitter:label1\" content=\"Odhadovan\u00e1 doba \u010dten\u00ed\" \/>\n\t<meta name=\"twitter:data1\" content=\"3 minuty\" \/>\n<script type=\"application\/ld+json\" class=\"yoast-schema-graph\">{\"@context\":\"https:\/\/schema.org\",\"@graph\":[{\"@type\":\"WebPage\",\"@id\":\"https:\/\/qqpets.com\/product\/no-pull-reflective-dog-harness-with-handle\/\",\"url\":\"https:\/\/qqpets.com\/product\/no-pull-reflective-dog-harness-with-handle\/\",\"name\":\"No Pull Reflective Dog Harness With Handle | QQPETS\",\"isPartOf\":{\"@id\":\"https:\/\/qqpets.com\/#website\"},\"primaryImageOfPage\":{\"@id\":\"https:\/\/qqpets.com\/product\/no-pull-reflective-dog-harness-with-handle\/#primaryimage\"},\"image\":{\"@id\":\"https:\/\/qqpets.com\/product\/no-pull-reflective-dog-harness-with-handle\/#primaryimage\"},\"thumbnailUrl\":\"https:\/\/qqpets.com\/wp-content\/uploads\/2024\/05\/\u767d\u5e95\u4e3b\u56fe_4.webp\",\"datePublished\":\"2024-08-31T07:37:28+00:00\",\"description\":\"Secure your pet with our No Pull Reflective Dog Harness. Enhanced with a handle for control. Shop safety first!\",\"breadcrumb\":{\"@id\":\"https:\/\/qqpets.com\/product\/no-pull-reflective-dog-harness-with-handle\/#breadcrumb\"},\"inLanguage\":\"cs\",\"potentialAction\":[{\"@type\":\"ReadAction\",\"target\":[\"https:\/\/qqpets.com\/product\/no-pull-reflective-dog-harness-with-handle\/\"]}]},{\"@type\":\"ImageObject\",\"inLanguage\":\"cs\",\"@id\":\"https:\/\/qqpets.com\/product\/no-pull-reflective-dog-harness-with-handle\/#primaryimage\",\"url\":\"https:\/\/qqpets.com\/wp-content\/uploads\/2024\/05\/\u767d\u5e95\u4e3b\u56fe_4.webp\",\"contentUrl\":\"https:\/\/qqpets.com\/wp-content\/uploads\/2024\/05\/\u767d\u5e95\u4e3b\u56fe_4.webp\",\"width\":1000,\"height\":1000,\"caption\":\"QQPETS No Pull Reflective dog harness\"},{\"@type\":\"BreadcrumbList\",\"@id\":\"https:\/\/qqpets.com\/product\/no-pull-reflective-dog-harness-with-handle\/#breadcrumb\",\"itemListElement\":[{\"@type\":\"ListItem\",\"position\":1,\"name\":\"Home\",\"item\":\"https:\/\/qqpets.com\/\"},{\"@type\":\"ListItem\",\"position\":2,\"name\":\"Products\",\"item\":\"https:\/\/qqpets.com\/pet-products-manufacturer\/\"},{\"@type\":\"ListItem\",\"position\":3,\"name\":\"No Pull Reflective Dog Harness With Handle\"}]},{\"@type\":\"WebSite\",\"@id\":\"https:\/\/qqpets.com\/#website\",\"url\":\"https:\/\/qqpets.com\/\",\"name\":\"QQPETS\",\"description\":\"QQPETS is a pet products factory for dog harnesses, dog collars, dog leashes and dog accessories with professional customized service since 2005.\",\"publisher\":{\"@id\":\"https:\/\/qqpets.com\/#organization\"},\"potentialAction\":[{\"@type\":\"SearchAction\",\"target\":{\"@type\":\"EntryPoint\",\"urlTemplate\":\"https:\/\/qqpets.com\/?s={search_term_string}\"},\"query-input\":{\"@type\":\"PropertyValueSpecification\",\"valueRequired\":true,\"valueName\":\"search_term_string\"}}],\"inLanguage\":\"cs\"},{\"@type\":\"Organization\",\"@id\":\"https:\/\/qqpets.com\/#organization\",\"name\":\"QQPETS\",\"url\":\"https:\/\/qqpets.com\/\",\"logo\":{\"@type\":\"ImageObject\",\"inLanguage\":\"cs\",\"@id\":\"https:\/\/qqpets.com\/#\/schema\/logo\/image\/\",\"url\":\"https:\/\/qqpets.com\/wp-content\/uploads\/2023\/09\/cropped-cropped-qqpets-tiktok.jpg\",\"contentUrl\":\"https:\/\/qqpets.com\/wp-content\/uploads\/2023\/09\/cropped-cropped-qqpets-tiktok.jpg\",\"width\":511,\"height\":511,\"caption\":\"QQPETS\"},\"image\":{\"@id\":\"https:\/\/qqpets.com\/#\/schema\/logo\/image\/\"},\"sameAs\":[\"https:\/\/www.facebook.com\/QQpetsdogcollars\",\"https:\/\/www.instagram.com\/qqpetscollar\/\",\"https:\/\/www.pinterest.com\/qqpetsdogcollarsfactory\/\"]}]}<\/script>\n<!-- \/ Yoast SEO plugin. -->","yoast_head_json":{"title":"Reflexn\u00ed postroj pro psy bez tahu s rukojet\u00ed | QQPETS","description":"Zajist\u011bte sv\u00e9ho mazl\u00ed\u010dka pomoc\u00ed na\u0161eho reflexn\u00edho postroje pro psy bez tah\u00e1n\u00ed. Vylep\u0161en\u00fd rukojet\u00ed pro kontrolu. Nakupujte p\u0159edev\u0161\u00edm bezpe\u010dnost!","robots":{"index":"index","follow":"follow","max-snippet":"max-snippet:-1","max-image-preview":"max-image-preview:large","max-video-preview":"max-video-preview:-1"},"canonical":"https:\/\/qqpets.com\/cs\/produkt\/no-pull-reflective-dog-harness-with-handle\/","og_locale":"cs_CZ","og_type":"article","og_title":"No Pull Reflective Dog Harness With Handle | QQPETS","og_description":"Secure your pet with our No Pull Reflective Dog Harness. Enhanced with a handle for control. Shop safety first!","og_url":"https:\/\/qqpets.com\/cs\/produkt\/no-pull-reflective-dog-harness-with-handle\/","og_site_name":"QQPETS","article_publisher":"https:\/\/www.facebook.com\/QQpetsdogcollars","og_image":[{"width":1000,"height":1000,"url":"https:\/\/qqpets.com\/wp-content\/uploads\/2024\/05\/\u767d\u5e95\u4e3b\u56fe_4.webp","type":"image\/webp"}],"twitter_card":"summary_large_image","twitter_misc":{"Odhadovan\u00e1 doba \u010dten\u00ed":"3 minuty"},"schema":{"@context":"https:\/\/schema.org","@graph":[{"@type":"WebPage","@id":"https:\/\/qqpets.com\/product\/no-pull-reflective-dog-harness-with-handle\/","url":"https:\/\/qqpets.com\/product\/no-pull-reflective-dog-harness-with-handle\/","name":"Reflexn\u00ed postroj pro psy bez tahu s rukojet\u00ed | QQPETS","isPartOf":{"@id":"https:\/\/qqpets.com\/#website"},"primaryImageOfPage":{"@id":"https:\/\/qqpets.com\/product\/no-pull-reflective-dog-harness-with-handle\/#primaryimage"},"image":{"@id":"https:\/\/qqpets.com\/product\/no-pull-reflective-dog-harness-with-handle\/#primaryimage"},"thumbnailUrl":"https:\/\/qqpets.com\/wp-content\/uploads\/2024\/05\/\u767d\u5e95\u4e3b\u56fe_4.webp","datePublished":"2024-08-31T07:37:28+00:00","description":"Zajist\u011bte sv\u00e9ho mazl\u00ed\u010dka pomoc\u00ed na\u0161eho reflexn\u00edho postroje pro psy bez tah\u00e1n\u00ed. Vylep\u0161en\u00fd rukojet\u00ed pro kontrolu. Nakupujte p\u0159edev\u0161\u00edm bezpe\u010dnost!","breadcrumb":{"@id":"https:\/\/qqpets.com\/product\/no-pull-reflective-dog-harness-with-handle\/#breadcrumb"},"inLanguage":"cs","potentialAction":[{"@type":"ReadAction","target":["https:\/\/qqpets.com\/product\/no-pull-reflective-dog-harness-with-handle\/"]}]},{"@type":"ImageObject","inLanguage":"cs","@id":"https:\/\/qqpets.com\/product\/no-pull-reflective-dog-harness-with-handle\/#primaryimage","url":"https:\/\/qqpets.com\/wp-content\/uploads\/2024\/05\/\u767d\u5e95\u4e3b\u56fe_4.webp","contentUrl":"https:\/\/qqpets.com\/wp-content\/uploads\/2024\/05\/\u767d\u5e95\u4e3b\u56fe_4.webp","width":1000,"height":1000,"caption":"QQPETS No Pull Reflective dog harness"},{"@type":"BreadcrumbList","@id":"https:\/\/qqpets.com\/product\/no-pull-reflective-dog-harness-with-handle\/#breadcrumb","itemListElement":[{"@type":"ListItem","position":1,"name":"Home","item":"https:\/\/qqpets.com\/"},{"@type":"ListItem","position":2,"name":"Products","item":"https:\/\/qqpets.com\/pet-products-manufacturer\/"},{"@type":"ListItem","position":3,"name":"No Pull Reflective Dog Harness With Handle"}]},{"@type":"WebSite","@id":"https:\/\/qqpets.com\/#website","url":"https:\/\/qqpets.com\/","name":"QQPETS","description":"QQPETS je tov\u00e1rna na v\u00fdrobky pro dom\u00e1c\u00ed mazl\u00ed\u010dky pro ps\u00ed postroje, obojky, vod\u00edtka a dopl\u0148ky pro psy s profesion\u00e1ln\u00edmi slu\u017ebami na m\u00edru od roku 2005.","publisher":{"@id":"https:\/\/qqpets.com\/#organization"},"potentialAction":[{"@type":"SearchAction","target":{"@type":"EntryPoint","urlTemplate":"https:\/\/qqpets.com\/?s={search_term_string}"},"query-input":{"@type":"PropertyValueSpecification","valueRequired":true,"valueName":"search_term_string"}}],"inLanguage":"cs"},{"@type":"Organization","@id":"https:\/\/qqpets.com\/#organization","name":"QQPETS","url":"https:\/\/qqpets.com\/","logo":{"@type":"ImageObject","inLanguage":"cs","@id":"https:\/\/qqpets.com\/#\/schema\/logo\/image\/","url":"https:\/\/qqpets.com\/wp-content\/uploads\/2023\/09\/cropped-cropped-qqpets-tiktok.jpg","contentUrl":"https:\/\/qqpets.com\/wp-content\/uploads\/2023\/09\/cropped-cropped-qqpets-tiktok.jpg","width":511,"height":511,"caption":"QQPETS"},"image":{"@id":"https:\/\/qqpets.com\/#\/schema\/logo\/image\/"},"sameAs":["https:\/\/www.facebook.com\/QQpetsdogcollars","https:\/\/www.instagram.com\/qqpetscollar\/","https:\/\/www.pinterest.com\/qqpetsdogcollarsfactory\/"]}]}},"_links":{"self":[{"href":"https:\/\/qqpets.com\/cs\/wp-json\/wp\/v2\/product\/7680","targetHints":{"allow":["GET"]}}],"collection":[{"href":"https:\/\/qqpets.com\/cs\/wp-json\/wp\/v2\/product"}],"about":[{"href":"https:\/\/qqpets.com\/cs\/wp-json\/wp\/v2\/types\/product"}],"wp:featuredmedia":[{"embeddable":true,"href":"https:\/\/qqpets.com\/cs\/wp-json\/wp\/v2\/media\/6378"}],"wp:attachment":[{"href":"https:\/\/qqpets.com\/cs\/wp-json\/wp\/v2\/media?parent=7680"}],"wp:term":[{"taxonomy":"product_brand","embeddable":true,"href":"https:\/\/qqpets.com\/cs\/wp-json\/wp\/v2\/product_brand?post=7680"},{"taxonomy":"product_cat","embeddable":true,"href":"https:\/\/qqpets.com\/cs\/wp-json\/wp\/v2\/product_cat?post=7680"},{"taxonomy":"product_tag","embeddable":true,"href":"https:\/\/qqpets.com\/cs\/wp-json\/wp\/v2\/product_tag?post=7680"}],"curies":[{"name":"wp","href":"https:\/\/api.w.org\/{rel}","templated":true}]}}