{"id":7682,"date":"2024-08-31T16:29:37","date_gmt":"2024-08-31T08:29:37","guid":{"rendered":"https:\/\/qqpets.com\/?post_type=product&#038;p=7682"},"modified":"2024-11-13T14:00:30","modified_gmt":"2024-11-13T06:00:30","slug":"adjustable-dog-harness-and-leash-set","status":"publish","type":"product","link":"https:\/\/qqpets.com\/cs\/produkt\/adjustable-dog-harness-and-leash-set\/","title":{"rendered":"Sada nastaviteln\u00e9ho postroje a vod\u00edtka pro psy s neoprenov\u00fdm polstrov\u00e1n\u00edm"},"content":{"rendered":"<p>P\u0159edstavujeme v\u00e1m dokonalou kombinaci stylu, pohodl\u00ed a odolnosti - n\u00e1\u0161 neoprenov\u00fd nastaviteln\u00fd postroj a vod\u00edtko. Tato sada je speci\u00e1ln\u011b navr\u017eena pro majitele dom\u00e1c\u00edch mazl\u00ed\u010dk\u016f, kte\u0159\u00ed si cen\u00ed estetiky i funk\u010dnosti. Postroj je vyroben z vysoce kvalitn\u00edho neoprenu, kter\u00fd je zn\u00e1m\u00fd sv\u00fdmi vlastnostmi odoln\u00fdmi v\u016f\u010di pov\u011btrnostn\u00edm vliv\u016fm a tlum\u00edc\u00edmi n\u00e1razy, a poskytuje m\u011bkk\u00fd pol\u0161t\u00e1\u0159, kter\u00fd pohodln\u011b obepne t\u011blo va\u0161eho psa.<\/p>\n<p>Nastaviteln\u00e9 popruhy umo\u017e\u0148uj\u00ed p\u0159izp\u016fsobit no\u0161en\u00ed jedine\u010dn\u00e9mu tvaru va\u0161eho psa a zaji\u0161\u0165uj\u00ed, \u017ee z\u016fstane v bezpe\u010d\u00ed bez jak\u00e9hokoli nepohodl\u00ed. Neoprenov\u00fd materi\u00e1l je nejen odoln\u00fd, ale tak\u00e9 se snadno \u010dist\u00ed, tak\u017ee jeho \u00fadr\u017eba je hra\u010dka.<\/p>\n<p>Na\u0161e odpov\u00eddaj\u00edc\u00ed vod\u00edtko kr\u00e1sn\u011b dopl\u0148uje postroj a vytv\u00e1\u0159\u00ed jednotn\u00fd vzhled, kter\u00fd bude va\u0161emu psovi z\u00e1vid\u011bt cel\u00fd park. Vod\u00edtko je vybaveno pohodln\u00fdm poutkem na ruku a robustn\u00ed sponou pro snadn\u00e9 p\u0159ipevn\u011bn\u00ed k postroji. Dohromady tato sada p\u0159edstavuje spolehliv\u00e9 a stylov\u00e9 \u0159e\u0161en\u00ed pro v\u0161echna va\u0161e venkovn\u00ed dobrodru\u017estv\u00ed.<\/p>\n<p>Na\u0161e neoprenov\u00e1 sada nastaviteln\u00e9ho postroje a vod\u00edtka pro psy je ide\u00e1ln\u00ed pro ka\u017edodenn\u00ed pou\u017eit\u00ed, a\u0165 u\u017e jde o proch\u00e1zku v parku, v\u00fdlet do m\u011bsta nebo b\u011bh\u00e1n\u00ed po pl\u00e1\u017ei, a zajist\u00ed va\u0161emu mazl\u00ed\u010dkovi prvot\u0159\u00eddn\u00ed pohodl\u00ed a styl. Investujte do t\u00e9to sady, abyste z\u00edskali bezprobl\u00e9mov\u00e9 a p\u0159\u00edjemn\u00e9 z\u00e1\u017eitky z proch\u00e1zek, a dop\u0159ejte sv\u00e9mu psovi volnost p\u0159i prozkoum\u00e1v\u00e1n\u00ed a z\u00e1rove\u0148 ho m\u011bjte bezpe\u010dn\u011b pod kontrolou.<\/p>\n<h6><strong>Je neopren vhodn\u00fd materi\u00e1l pro postroj pro psy?<\/strong><\/h6>\n<p>Ano, neopren je vhodn\u00fdm materi\u00e1lem pro postroj pro psy, proto\u017ee je m\u011bkk\u00fd, polstrovan\u00fd a vod\u011bodoln\u00fd, tak\u017ee je pro psa pohodln\u00fd za r\u016fzn\u00fdch pov\u011btrnostn\u00edch podm\u00ednek.<\/p>\n<h6><strong>Jak\u00fd je nejpevn\u011bj\u0161\u00ed materi\u00e1l na vod\u00edtko pro psy?<\/strong><\/h6>\n<p>Nylon a k\u016f\u017ee jsou nejpevn\u011bj\u0161\u00ed materi\u00e1ly pro vod\u00edtka pro psy, kter\u00e9 nab\u00edzej\u00ed odolnost a spolehlivou pevnost pro psy v\u0161ech velikost\u00ed.<\/p>\n<h6><strong>Jak\u00fd postroj doporu\u010duj\u00ed veterin\u00e1\u0159i?<\/strong><\/h6>\n<p>Veterin\u00e1\u0159i obecn\u011b doporu\u010duj\u00ed polstrovan\u00e9, nastaviteln\u00e9 postroje, kter\u00e9 rovnom\u011brn\u011b rozkl\u00e1daj\u00ed tlak a neomezuj\u00ed d\u00fdch\u00e1n\u00ed ani pohyb, zejm\u00e9na u ps\u016f se sklonem k d\u00fdchac\u00edm probl\u00e9m\u016fm nebo kolapsu pr\u016fdu\u0161nice.<\/p>\n<h6><strong>Jak\u00fd postroj je nejlep\u0161\u00ed pro psa, kter\u00fd tah\u00e1?<\/strong><\/h6>\n<p>Pro psa, kter\u00fd tah\u00e1, je nejlep\u0161\u00ed postroj bez tah\u00e1n\u00ed s p\u0159edn\u00edm vod\u00edtkem, proto\u017ee poskytuje kontrolu t\u00edm, \u017ee psa p\u0159i pokusu o tah\u00e1n\u00ed p\u0159esm\u011bruje zp\u011bt k majiteli.<\/p>\n<h6><strong>M\u011bl by m\u016fj pes nosit postroj neust\u00e1le?<\/strong><\/h6>\n<p>Ne, nedoporu\u010duje se, aby pes nosil postroj neust\u00e1le, proto\u017ee m\u016f\u017ee zp\u016fsobit podr\u00e1\u017ed\u011bn\u00ed k\u016f\u017ee nebo nepohodl\u00ed. M\u011bl by se sund\u00e1vat, kdy\u017e se nepou\u017e\u00edv\u00e1, zejm\u00e9na v interi\u00e9ru.<\/p>\n<h6><strong>Jak\u00fd je nejlep\u0161\u00ed pohodln\u00fd postroj pro psy?<\/strong><\/h6>\n<p>Postroj Ruffwear Front Range je v\u0161eobecn\u011b pova\u017eov\u00e1n za jeden z nejpohodln\u011bj\u0161\u00edch postroj\u016f pro psy. M\u00e1 dostate\u010dn\u00e9 polstrov\u00e1n\u00ed, nastaviteln\u00e9 popruhy a ergonomick\u00fd design, kter\u00fd zaji\u0161\u0165uje pohodl\u00ed a snadn\u00fd pohyb psa.<\/p>\n<h6><strong>Co je nastaviteln\u00fd postroj?<\/strong><\/h6>\n<p>Nastaviteln\u00fd postroj je typ postroje pro psy s n\u011bkolika body nastaven\u00ed, kter\u00e9 umo\u017e\u0148uj\u00ed p\u0159izp\u016fsoben\u00ed velikosti a tvaru psa. T\u00edm je zaji\u0161t\u011bno pevn\u00e9 uchycen\u00ed p\u0159i zachov\u00e1n\u00ed pohodl\u00ed, kter\u00e9 je z\u00e1sadn\u00ed pro zabr\u00e1n\u011bn\u00ed \u00fat\u011bku a rovnom\u011brn\u00e9 rozlo\u017een\u00ed tlaku.<\/p>\n<h6><strong>Jak\u00fd je rozd\u00edl mezi postrojem pro psa a postrojem bez tah\u00e1n\u00ed?<\/strong><\/h6>\n<p>Standardn\u00ed postroj pro psy m\u00e1 obvykle na zadn\u00ed stran\u011b \u00fachyt na vod\u00edtko a slou\u017e\u00ed k pohodln\u011bj\u0161\u00edmu zaji\u0161t\u011bn\u00ed psa ne\u017e obojek. Postroj proti tah\u00e1n\u00ed je obvykle vybaven p\u0159edn\u00edm uchycen\u00edm vod\u00edtka nebo dv\u011bma uchycen\u00edmi (vp\u0159edu a vzadu) a je speci\u00e1ln\u011b navr\u017een tak, aby zabra\u0148oval tah\u00e1n\u00ed t\u00edm, \u017ee p\u0159esm\u011bruje pohyb psa sm\u011brem k v\u00e1m, kdy\u017e se sna\u017e\u00ed t\u00e1hnout dop\u0159edu.<\/p>\n<h6><strong>Zabra\u0148uj\u00ed postroje ps\u016fm v tah\u00e1n\u00ed?<\/strong><\/h6>\n<p>B\u011b\u017en\u00e9 postroje nemus\u00ed nutn\u011b br\u00e1nit ps\u016fm v tah\u00e1n\u00ed, proto\u017ee mohou ps\u016fm st\u00e1le umo\u017enit, aby se v\u0161\u00ed silou t\u00e1hli dop\u0159edu, zejm\u00e9na pokud je vod\u00edtko p\u0159ipevn\u011bno na zadn\u00ed stran\u011b. Postroje bez tah\u00e1n\u00ed s p\u0159edn\u00edm p\u0159ipevn\u011bn\u00edm jsou pro omezen\u00ed tah\u00e1n\u00ed \u00fa\u010dinn\u011bj\u0161\u00ed, proto\u017ee p\u0159esm\u011brov\u00e1vaj\u00ed s\u00edlu tah\u00e1n\u00ed a \u010din\u00ed ji pro psa m\u00e9n\u011b odm\u011b\u0148uj\u00edc\u00ed.<\/p>\n<h6><strong>Jak\u00e9 jsou nev\u00fdhody postroje bez tah\u00e1n\u00ed?<\/strong><\/h6>\n<ul>\n<li style=\"list-style-type: none;\">\n<ul>\n<li><strong>Nepohodl\u00ed nebo od\u011brky<\/strong>: Nespr\u00e1vn\u00fd st\u0159ih, zejm\u00e9na v p\u0159edn\u00ed \u010d\u00e1sti hrudn\u00edku, m\u016f\u017ee v\u00e9st k nepohodl\u00ed nebo od\u0159en\u00ed.<\/li>\n<li><strong>Slo\u017eitost pou\u017eit\u00ed<\/strong>: Spr\u00e1vn\u00e9 nasazen\u00ed n\u011bkter\u00fdch postroj\u016f bez tah\u00e1n\u00ed m\u016f\u017ee b\u00fdt slo\u017eit\u011bj\u0161\u00ed, zejm\u00e9na t\u011bch s v\u00edce body nastaven\u00ed a popruhy.<\/li>\n<li><strong>Potenci\u00e1ln\u00ed odpor chov\u00e1n\u00ed<\/strong>: N\u011bkte\u0159\u00ed psi se mohou br\u00e1nit nebo negativn\u011b reagovat na pocit, \u017ee jsou \u0159\u00edzeni, nebo na tlak vyv\u00edjen\u00fd p\u0159i tahu. Tento probl\u00e9m lze zm\u00edrnit spr\u00e1vn\u00fdm v\u00fdcvikem a postupnou aklimatizac\u00ed na postroj.<\/li>\n<li><strong>Z\u00e1vislost<\/strong>: Spol\u00e9h\u00e1n\u00ed se pouze na postroj proti tah\u00e1n\u00ed bez \u0159\u00e1dn\u00e9ho v\u00fdcviku m\u016f\u017ee v\u00e9st k z\u00e1vislosti na za\u0159\u00edzen\u00ed, kter\u00e9 kontroluje tah\u00e1n\u00ed, m\u00edsto aby se pes nau\u010dil netahat pomoc\u00ed v\u00fdcviku a posilov\u00e1n\u00ed.<\/li>\n<\/ul>\n<\/li>\n<\/ul>","protected":false},"excerpt":{"rendered":"<p>Vylep\u0161ete v\u00fdbavu sv\u00e9ho psa pomoc\u00ed na\u0161\u00ed neoprenov\u00e9 nastaviteln\u00e9 sady postroje a vod\u00edtka. Tato sada je navr\u017eena pro pohodl\u00ed a styl, m\u00e1 m\u011bkk\u00e9 neoprenov\u00e9 polstrov\u00e1n\u00ed pro maxim\u00e1ln\u00ed pohodl\u00ed a nastaviteln\u00e9 popruhy pro dokonal\u00e9 p\u0159izp\u016fsoben\u00ed. Odpov\u00eddaj\u00edc\u00ed vod\u00edtko poskytuje ucelen\u00fd vzhled a odoln\u00fd hardware zaji\u0161\u0165uje dlouhou \u017eivotnost. Tato sada je ide\u00e1ln\u00ed pro ka\u017edodenn\u00ed proch\u00e1zky, kombinuje funk\u010dnost s elegantn\u00edm designem a zaji\u0161\u0165uje, \u017ee v\u00e1\u0161 mazl\u00ed\u010dek bude chodit pohodln\u011b a stylov\u011b.<\/p>","protected":false},"featured_media":7683,"template":"","meta":[],"product_brand":[],"product_cat":[23],"product_tag":[],"class_list":{"0":"post-7682","1":"product","2":"type-product","3":"status-publish","4":"has-post-thumbnail","6":"product_cat-dog-harness","7":"pa_brand-qqpets","9":"first","10":"instock","11":"shipping-taxable","12":"product-type-simple"},"yoast_head":"<!-- This site is optimized with the Yoast SEO plugin v26.6 - https:\/\/yoast.com\/wordpress\/plugins\/seo\/ -->\n<title>Neoprene Padding Adjustable Dog Harness And Leash Set | QQPETS<\/title>\n<meta name=\"description\" content=\"Comfort meets style with our Neoprene Adjustable Dog Harness. Perfect fit for any dog. Durable &amp; stylish. Shop now!\" \/>\n<meta name=\"robots\" content=\"index, follow, max-snippet:-1, max-image-preview:large, max-video-preview:-1\" \/>\n<link rel=\"canonical\" href=\"https:\/\/qqpets.com\/cs\/produkt\/adjustable-dog-harness-and-leash-set\/\" \/>\n<meta property=\"og:locale\" content=\"cs_CZ\" \/>\n<meta property=\"og:type\" content=\"article\" \/>\n<meta property=\"og:title\" content=\"Neoprene Padding Adjustable Dog Harness And Leash Set | QQPETS\" \/>\n<meta property=\"og:description\" content=\"Comfort meets style with our Neoprene Adjustable Dog Harness. Perfect fit for any dog. Durable &amp; stylish. Shop now!\" \/>\n<meta property=\"og:url\" content=\"https:\/\/qqpets.com\/cs\/produkt\/adjustable-dog-harness-and-leash-set\/\" \/>\n<meta property=\"og:site_name\" content=\"QQPETS\" \/>\n<meta property=\"article:publisher\" content=\"https:\/\/www.facebook.com\/QQpetsdogcollars\" \/>\n<meta property=\"article:modified_time\" content=\"2024-11-13T06:00:30+00:00\" \/>\n<meta property=\"og:image\" content=\"https:\/\/qqpets.com\/wp-content\/uploads\/2024\/08\/padding-dog-harness.webp\" \/>\n\t<meta property=\"og:image:width\" content=\"1600\" \/>\n\t<meta property=\"og:image:height\" content=\"1600\" \/>\n\t<meta property=\"og:image:type\" content=\"image\/webp\" \/>\n<meta name=\"twitter:card\" content=\"summary_large_image\" \/>\n<meta name=\"twitter:label1\" content=\"Odhadovan\u00e1 doba \u010dten\u00ed\" \/>\n\t<meta name=\"twitter:data1\" content=\"4 minuty\" \/>\n<script type=\"application\/ld+json\" class=\"yoast-schema-graph\">{\"@context\":\"https:\/\/schema.org\",\"@graph\":[{\"@type\":\"WebPage\",\"@id\":\"https:\/\/qqpets.com\/product\/adjustable-dog-harness-and-leash-set\/\",\"url\":\"https:\/\/qqpets.com\/product\/adjustable-dog-harness-and-leash-set\/\",\"name\":\"Neoprene Padding Adjustable Dog Harness And Leash Set | QQPETS\",\"isPartOf\":{\"@id\":\"https:\/\/qqpets.com\/#website\"},\"primaryImageOfPage\":{\"@id\":\"https:\/\/qqpets.com\/product\/adjustable-dog-harness-and-leash-set\/#primaryimage\"},\"image\":{\"@id\":\"https:\/\/qqpets.com\/product\/adjustable-dog-harness-and-leash-set\/#primaryimage\"},\"thumbnailUrl\":\"https:\/\/qqpets.com\/wp-content\/uploads\/2024\/08\/padding-dog-harness.webp\",\"datePublished\":\"2024-08-31T08:29:37+00:00\",\"dateModified\":\"2024-11-13T06:00:30+00:00\",\"description\":\"Comfort meets style with our Neoprene Adjustable Dog Harness. Perfect fit for any dog. Durable & stylish. Shop now!\",\"breadcrumb\":{\"@id\":\"https:\/\/qqpets.com\/product\/adjustable-dog-harness-and-leash-set\/#breadcrumb\"},\"inLanguage\":\"cs\",\"potentialAction\":[{\"@type\":\"ReadAction\",\"target\":[\"https:\/\/qqpets.com\/product\/adjustable-dog-harness-and-leash-set\/\"]}]},{\"@type\":\"ImageObject\",\"inLanguage\":\"cs\",\"@id\":\"https:\/\/qqpets.com\/product\/adjustable-dog-harness-and-leash-set\/#primaryimage\",\"url\":\"https:\/\/qqpets.com\/wp-content\/uploads\/2024\/08\/padding-dog-harness.webp\",\"contentUrl\":\"https:\/\/qqpets.com\/wp-content\/uploads\/2024\/08\/padding-dog-harness.webp\",\"width\":1600,\"height\":1600},{\"@type\":\"BreadcrumbList\",\"@id\":\"https:\/\/qqpets.com\/product\/adjustable-dog-harness-and-leash-set\/#breadcrumb\",\"itemListElement\":[{\"@type\":\"ListItem\",\"position\":1,\"name\":\"Home\",\"item\":\"https:\/\/qqpets.com\/\"},{\"@type\":\"ListItem\",\"position\":2,\"name\":\"Products\",\"item\":\"https:\/\/qqpets.com\/pet-products-manufacturer\/\"},{\"@type\":\"ListItem\",\"position\":3,\"name\":\"Neoprene Padding Adjustable Dog Harness And Leash Set\"}]},{\"@type\":\"WebSite\",\"@id\":\"https:\/\/qqpets.com\/#website\",\"url\":\"https:\/\/qqpets.com\/\",\"name\":\"QQPETS\",\"description\":\"QQPETS is a pet products factory for dog harnesses, dog collars, dog leashes and dog accessories with professional customized service since 2005.\",\"publisher\":{\"@id\":\"https:\/\/qqpets.com\/#organization\"},\"potentialAction\":[{\"@type\":\"SearchAction\",\"target\":{\"@type\":\"EntryPoint\",\"urlTemplate\":\"https:\/\/qqpets.com\/?s={search_term_string}\"},\"query-input\":{\"@type\":\"PropertyValueSpecification\",\"valueRequired\":true,\"valueName\":\"search_term_string\"}}],\"inLanguage\":\"cs\"},{\"@type\":\"Organization\",\"@id\":\"https:\/\/qqpets.com\/#organization\",\"name\":\"QQPETS\",\"url\":\"https:\/\/qqpets.com\/\",\"logo\":{\"@type\":\"ImageObject\",\"inLanguage\":\"cs\",\"@id\":\"https:\/\/qqpets.com\/#\/schema\/logo\/image\/\",\"url\":\"https:\/\/qqpets.com\/wp-content\/uploads\/2023\/09\/cropped-cropped-qqpets-tiktok.jpg\",\"contentUrl\":\"https:\/\/qqpets.com\/wp-content\/uploads\/2023\/09\/cropped-cropped-qqpets-tiktok.jpg\",\"width\":511,\"height\":511,\"caption\":\"QQPETS\"},\"image\":{\"@id\":\"https:\/\/qqpets.com\/#\/schema\/logo\/image\/\"},\"sameAs\":[\"https:\/\/www.facebook.com\/QQpetsdogcollars\",\"https:\/\/www.instagram.com\/qqpetscollar\/\",\"https:\/\/www.pinterest.com\/qqpetsdogcollarsfactory\/\"]}]}<\/script>\n<!-- \/ Yoast SEO plugin. -->","yoast_head_json":{"title":"Neoprenov\u00e9 polstrov\u00e1n\u00ed Nastaviteln\u00fd postroj a vod\u00edtko pro psy | QQPETS","description":"N\u00e1\u0161 neoprenov\u00fd nastaviteln\u00fd postroj pro psy spojuje pohodl\u00ed se stylem. Perfektn\u011b padne ka\u017ed\u00e9mu psovi. Odoln\u00fd a stylov\u00fd. Nakupujte nyn\u00ed!","robots":{"index":"index","follow":"follow","max-snippet":"max-snippet:-1","max-image-preview":"max-image-preview:large","max-video-preview":"max-video-preview:-1"},"canonical":"https:\/\/qqpets.com\/cs\/produkt\/adjustable-dog-harness-and-leash-set\/","og_locale":"cs_CZ","og_type":"article","og_title":"Neoprene Padding Adjustable Dog Harness And Leash Set | QQPETS","og_description":"Comfort meets style with our Neoprene Adjustable Dog Harness. Perfect fit for any dog. Durable & stylish. Shop now!","og_url":"https:\/\/qqpets.com\/cs\/produkt\/adjustable-dog-harness-and-leash-set\/","og_site_name":"QQPETS","article_publisher":"https:\/\/www.facebook.com\/QQpetsdogcollars","article_modified_time":"2024-11-13T06:00:30+00:00","og_image":[{"width":1600,"height":1600,"url":"https:\/\/qqpets.com\/wp-content\/uploads\/2024\/08\/padding-dog-harness.webp","type":"image\/webp"}],"twitter_card":"summary_large_image","twitter_misc":{"Odhadovan\u00e1 doba \u010dten\u00ed":"4 minuty"},"schema":{"@context":"https:\/\/schema.org","@graph":[{"@type":"WebPage","@id":"https:\/\/qqpets.com\/product\/adjustable-dog-harness-and-leash-set\/","url":"https:\/\/qqpets.com\/product\/adjustable-dog-harness-and-leash-set\/","name":"Neoprenov\u00e9 polstrov\u00e1n\u00ed Nastaviteln\u00fd postroj a vod\u00edtko pro psy | QQPETS","isPartOf":{"@id":"https:\/\/qqpets.com\/#website"},"primaryImageOfPage":{"@id":"https:\/\/qqpets.com\/product\/adjustable-dog-harness-and-leash-set\/#primaryimage"},"image":{"@id":"https:\/\/qqpets.com\/product\/adjustable-dog-harness-and-leash-set\/#primaryimage"},"thumbnailUrl":"https:\/\/qqpets.com\/wp-content\/uploads\/2024\/08\/padding-dog-harness.webp","datePublished":"2024-08-31T08:29:37+00:00","dateModified":"2024-11-13T06:00:30+00:00","description":"N\u00e1\u0161 neoprenov\u00fd nastaviteln\u00fd postroj pro psy spojuje pohodl\u00ed se stylem. Perfektn\u011b padne ka\u017ed\u00e9mu psovi. Odoln\u00fd a stylov\u00fd. Nakupujte nyn\u00ed!","breadcrumb":{"@id":"https:\/\/qqpets.com\/product\/adjustable-dog-harness-and-leash-set\/#breadcrumb"},"inLanguage":"cs","potentialAction":[{"@type":"ReadAction","target":["https:\/\/qqpets.com\/product\/adjustable-dog-harness-and-leash-set\/"]}]},{"@type":"ImageObject","inLanguage":"cs","@id":"https:\/\/qqpets.com\/product\/adjustable-dog-harness-and-leash-set\/#primaryimage","url":"https:\/\/qqpets.com\/wp-content\/uploads\/2024\/08\/padding-dog-harness.webp","contentUrl":"https:\/\/qqpets.com\/wp-content\/uploads\/2024\/08\/padding-dog-harness.webp","width":1600,"height":1600},{"@type":"BreadcrumbList","@id":"https:\/\/qqpets.com\/product\/adjustable-dog-harness-and-leash-set\/#breadcrumb","itemListElement":[{"@type":"ListItem","position":1,"name":"Home","item":"https:\/\/qqpets.com\/"},{"@type":"ListItem","position":2,"name":"Products","item":"https:\/\/qqpets.com\/pet-products-manufacturer\/"},{"@type":"ListItem","position":3,"name":"Neoprene Padding Adjustable Dog Harness And Leash Set"}]},{"@type":"WebSite","@id":"https:\/\/qqpets.com\/#website","url":"https:\/\/qqpets.com\/","name":"QQPETS","description":"QQPETS je tov\u00e1rna na v\u00fdrobky pro dom\u00e1c\u00ed mazl\u00ed\u010dky pro ps\u00ed postroje, obojky, vod\u00edtka a dopl\u0148ky pro psy s profesion\u00e1ln\u00edmi slu\u017ebami na m\u00edru od roku 2005.","publisher":{"@id":"https:\/\/qqpets.com\/#organization"},"potentialAction":[{"@type":"SearchAction","target":{"@type":"EntryPoint","urlTemplate":"https:\/\/qqpets.com\/?s={search_term_string}"},"query-input":{"@type":"PropertyValueSpecification","valueRequired":true,"valueName":"search_term_string"}}],"inLanguage":"cs"},{"@type":"Organization","@id":"https:\/\/qqpets.com\/#organization","name":"QQPETS","url":"https:\/\/qqpets.com\/","logo":{"@type":"ImageObject","inLanguage":"cs","@id":"https:\/\/qqpets.com\/#\/schema\/logo\/image\/","url":"https:\/\/qqpets.com\/wp-content\/uploads\/2023\/09\/cropped-cropped-qqpets-tiktok.jpg","contentUrl":"https:\/\/qqpets.com\/wp-content\/uploads\/2023\/09\/cropped-cropped-qqpets-tiktok.jpg","width":511,"height":511,"caption":"QQPETS"},"image":{"@id":"https:\/\/qqpets.com\/#\/schema\/logo\/image\/"},"sameAs":["https:\/\/www.facebook.com\/QQpetsdogcollars","https:\/\/www.instagram.com\/qqpetscollar\/","https:\/\/www.pinterest.com\/qqpetsdogcollarsfactory\/"]}]}},"_links":{"self":[{"href":"https:\/\/qqpets.com\/cs\/wp-json\/wp\/v2\/product\/7682","targetHints":{"allow":["GET"]}}],"collection":[{"href":"https:\/\/qqpets.com\/cs\/wp-json\/wp\/v2\/product"}],"about":[{"href":"https:\/\/qqpets.com\/cs\/wp-json\/wp\/v2\/types\/product"}],"wp:featuredmedia":[{"embeddable":true,"href":"https:\/\/qqpets.com\/cs\/wp-json\/wp\/v2\/media\/7683"}],"wp:attachment":[{"href":"https:\/\/qqpets.com\/cs\/wp-json\/wp\/v2\/media?parent=7682"}],"wp:term":[{"taxonomy":"product_brand","embeddable":true,"href":"https:\/\/qqpets.com\/cs\/wp-json\/wp\/v2\/product_brand?post=7682"},{"taxonomy":"product_cat","embeddable":true,"href":"https:\/\/qqpets.com\/cs\/wp-json\/wp\/v2\/product_cat?post=7682"},{"taxonomy":"product_tag","embeddable":true,"href":"https:\/\/qqpets.com\/cs\/wp-json\/wp\/v2\/product_tag?post=7682"}],"curies":[{"name":"wp","href":"https:\/\/api.w.org\/{rel}","templated":true}]}}