{"id":7695,"date":"2024-08-31T17:24:16","date_gmt":"2024-08-31T09:24:16","guid":{"rendered":"https:\/\/qqpets.com\/?post_type=product&#038;p=7695"},"modified":"2024-08-31T17:25:22","modified_gmt":"2024-08-31T09:25:22","slug":"mesh-step-in-dog-harness","status":"publish","type":"product","link":"https:\/\/qqpets.com\/cs\/produkt\/mesh-step-in-dog-harness\/","title":{"rendered":"S\u00ed\u0165ovan\u00fd postroj pro psy Step in"},"content":{"rendered":"<p>P\u0159edstavte sv\u00e9mu psovi pohodl\u00ed a komfort s na\u0161\u00edm postrojem Mesh Step In, kter\u00fd je p\u0159izp\u016fsoben pro snadn\u00e9 no\u0161en\u00ed a v\u00fdjime\u010dnou prody\u0161nost. Tento postroj je navr\u017een tak, aby va\u0161e ka\u017edodenn\u00ed vych\u00e1zky byly plynulej\u0161\u00ed a p\u0159\u00edjemn\u011bj\u0161\u00ed pro v\u00e1s i va\u0161eho mazl\u00ed\u010dka. D\u00edky konstrukci step-in nen\u00ed nutn\u00e9 p\u0159etahovat postroj p\u0159es hlavu psa, tak\u017ee se pes rychle a bez stresu p\u0159iprav\u00ed.<\/p>\n<p>Postroj je vyroben z m\u011bkk\u00e9ho a lehk\u00e9ho s\u00ed\u0165ovan\u00e9ho materi\u00e1lu a zaji\u0161\u0165uje, \u017ee v\u00e1\u0161 pes z\u016fstane v pohodl\u00ed i b\u011bhem teplej\u0161\u00edho po\u010das\u00ed. Prody\u0161n\u00e1 s\u00ed\u0165ovina umo\u017e\u0148uje dostate\u010dnou cirkulaci vzduchu, zabra\u0148uje p\u0159eh\u0159\u00e1t\u00ed a zaji\u0161\u0165uje, \u017ee se v\u00e1\u0161 mazl\u00ed\u010dek c\u00edt\u00ed sv\u011b\u017e\u00ed po celou dobu proch\u00e1zky.<\/p>\n<p>Nastavitelnost je u na\u0161ich postroj\u016f kl\u00ed\u010dov\u00e1, proto\u017ee jsou vybaveny snadno ovladateln\u00fdmi popruhy, kter\u00e9 v\u00e1m umo\u017en\u00ed vytvo\u0159it si p\u0159izp\u016fsoben\u00ed, kter\u00e9 bude pro va\u0161eho psa bezpe\u010dn\u00e9 a pohodln\u00e9. Tento st\u0159ih zabra\u0148uje t\u0159en\u00ed nebo od\u00edr\u00e1n\u00ed postroje a z\u00e1rove\u0148 poskytuje dostate\u010dnou oporu a kontrolu p\u0159i proch\u00e1zk\u00e1ch.<\/p>\n<p>N\u00e1\u0161 postroj Mesh Step In je nejen funk\u010dn\u00ed, ale tak\u00e9 stylov\u00fd. Je k dispozici v r\u016fzn\u00fdch barv\u00e1ch a velikostech a je ide\u00e1ln\u00ed pro dom\u00e1c\u00ed mazl\u00ed\u010dky v\u0161ech tvar\u016f a plemen. A\u0165 u\u017e se chyst\u00e1te na rychlou proch\u00e1zku kolem bloku nebo na del\u0161\u00ed dobrodru\u017estv\u00ed v parku, tento postroj kombinuje odolnost, styl a pohodl\u00ed v jednom nezbytn\u00e9m dopl\u0148ku pro va\u0161eho mazl\u00ed\u010dka.<\/p>\n<p>Vybavte sv\u00e9ho psa na\u0161\u00edm postrojem Mesh Step In, kter\u00fd mu zajist\u00ed pohodl\u00ed a lehkost p\u0159i ka\u017ed\u00e9m ven\u010den\u00ed, zat\u00edmco vy si budete u\u017e\u00edvat jednoduchost a \u00fa\u010dinnost dob\u0159e navr\u017een\u00e9ho postroje.<\/p>\n<div class=\"flex max-w-full flex-col flex-grow\">\n<div class=\"min-h-[20px] text-message flex w-full flex-col items-end gap-2 break-words [.text-message+&amp;]:mt-5 overflow-x-auto whitespace-normal\" dir=\"auto\" data-message-author-role=\"assistant\" data-message-id=\"ef04834b-61b9-4d06-98fe-1d0d44d63bf5\">\n<div class=\"flex w-full flex-col gap-1 empty:hidden first:pt-[3px]\">\n<div class=\"markdown prose w-full break-words dark:prose-invert light\">\n<h6><strong>Jsou s\u00ed\u0165ov\u00e9 postroje vhodn\u00e9 pro psy?<\/strong><\/h6>\n<p>Ano, s\u00ed\u0165ovan\u00e9 postroje jsou pro psy vhodn\u00e9, proto\u017ee poskytuj\u00ed prody\u0161nost a pohodl\u00ed, zejm\u00e9na v teplej\u0161\u00edm podneb\u00ed, a z\u00e1rove\u0148 jsou lehk\u00e9.<\/p>\n<h6><strong>Jsou postroje step-in vhodn\u00e9 pro psy?<\/strong><\/h6>\n<p>Ano, postroje step-in jsou pro psy v\u00fdhodn\u00e9, proto\u017ee se snadno nasazuj\u00ed a rovnom\u011brn\u011b rozkl\u00e1daj\u00ed tlak na hrudn\u00edk a ramena, tak\u017ee jsou pro v\u011bt\u0161inu ps\u016f pohodln\u00e9.<\/p>\n<h6><strong>Mohou psi uniknout z postroje step-in?<\/strong><\/h6>\n<p>Psi mohou z postroj\u016f step-in uniknout, pokud nejsou spr\u00e1vn\u011b p\u0159ipevn\u011bny. Je d\u016fle\u017eit\u00e9 zajistit, aby byl postroj t\u011bsn\u00fd a spr\u00e1vn\u011b nastaven\u00fd, aby se zabr\u00e1nilo \u00fat\u011bku.<\/p>\n<h6><strong>Jak se pou\u017e\u00edv\u00e1 postroj pro psy step-in?<\/strong><\/h6>\n<p>Postroj polo\u017ete naplocho na zem, ve\u010fte p\u0159edn\u00ed nohy psa do otvor\u016f, pot\u00e9 postroj vyt\u00e1hn\u011bte nahoru a kolem trupu a zajist\u011bte p\u0159ezku na zadn\u00ed stran\u011b.<\/p>\n<h6><strong>Co je to s\u00ed\u0165 pro psy?<\/strong><\/h6>\n<p>S\u00ed\u0165ovina pro psy je druh tkaniny pou\u017e\u00edvan\u00fd ve v\u00fdrobc\u00edch pro dom\u00e1c\u00ed zv\u00ed\u0159ata, zejm\u00e9na v postroj\u00edch a nos\u00edtk\u00e1ch. Jedn\u00e1 se o prody\u0161n\u00fd, lehk\u00fd materi\u00e1l, kter\u00fd umo\u017e\u0148uje proud\u011bn\u00ed vzduchu, tak\u017ee je pro psa pohodln\u00fd.<\/p>\n<h6><strong>Jak\u00fd typ postroje je pro psa nejlep\u0161\u00ed?<\/strong><\/h6>\n<p>Nejlep\u0161\u00ed typ postroje pro psa obecn\u011b z\u00e1vis\u00ed na jeho velikosti, plemeni a chov\u00e1n\u00ed. Pro v\u011bt\u0161inu ps\u016f, zejm\u00e9na pro ty, kte\u0159\u00ed tahaj\u00ed, je ide\u00e1ln\u00ed postroj bez tah\u00e1n\u00ed s p\u0159edn\u00edm upevn\u011bn\u00edm vod\u00edtka, proto\u017ee poskytuje lep\u0161\u00ed kontrolu p\u0159i proch\u00e1zk\u00e1ch a sni\u017euje z\u00e1t\u011b\u017e na krk a z\u00e1da psa.<\/p>\n<\/div>\n<\/div>\n<\/div>\n<\/div>","protected":false},"excerpt":{"rendered":"<p>Za\u017eijte maxim\u00e1ln\u00ed pohodl\u00ed s na\u0161\u00edm postrojem Mesh Step In, kter\u00fd je navr\u017een pro snadn\u00e9 no\u0161en\u00ed a prody\u0161n\u00e9 pohodl\u00ed. Tento lehk\u00fd postroj m\u00e1 step-in konstrukci pro bezprobl\u00e9mov\u00e9 nasazov\u00e1n\u00ed a s\u00ed\u0165ovanou tkaninu, kter\u00e1 udr\u017e\u00ed va\u0161eho psa v chladu i v tepl\u00fdch dnech. Nastaviteln\u00e9 popruhy zaji\u0161\u0165uj\u00ed dokonal\u00e9 p\u0159izp\u016fsoben\u00ed, zat\u00edmco odoln\u00e1 konstrukce nab\u00edz\u00ed spolehlivost p\u0159i proch\u00e1zk\u00e1ch. Ide\u00e1ln\u00ed pro aktivn\u00ed psy a majitele, kte\u0159\u00ed si cen\u00ed pohodl\u00ed a komfortu.<\/p>","protected":false},"featured_media":7697,"template":"","meta":[],"product_brand":[],"product_cat":[23],"product_tag":[],"class_list":{"0":"post-7695","1":"product","2":"type-product","3":"status-publish","4":"has-post-thumbnail","6":"product_cat-dog-harness","7":"pa_brand-qqpets","9":"first","10":"instock","11":"shipping-taxable","12":"product-type-simple"},"yoast_head":"<!-- This site is optimized with the Yoast SEO plugin v26.6 - https:\/\/yoast.com\/wordpress\/plugins\/seo\/ -->\n<title>Mesh Step in Dog Harness | QQPETS<\/title>\n<meta name=\"description\" content=\"Explore our Mesh Step In Dog Harness for breathable comfort. Perfect fit, easy to use. Shop now for quality!\" \/>\n<meta name=\"robots\" content=\"index, follow, max-snippet:-1, max-image-preview:large, max-video-preview:-1\" \/>\n<link rel=\"canonical\" href=\"https:\/\/qqpets.com\/cs\/produkt\/mesh-step-in-dog-harness\/\" \/>\n<meta property=\"og:locale\" content=\"cs_CZ\" \/>\n<meta property=\"og:type\" content=\"article\" \/>\n<meta property=\"og:title\" content=\"Mesh Step in Dog Harness | QQPETS\" \/>\n<meta property=\"og:description\" content=\"Explore our Mesh Step In Dog Harness for breathable comfort. Perfect fit, easy to use. Shop now for quality!\" \/>\n<meta property=\"og:url\" content=\"https:\/\/qqpets.com\/cs\/produkt\/mesh-step-in-dog-harness\/\" \/>\n<meta property=\"og:site_name\" content=\"QQPETS\" \/>\n<meta property=\"article:publisher\" content=\"https:\/\/www.facebook.com\/QQpetsdogcollars\" \/>\n<meta property=\"article:modified_time\" content=\"2024-08-31T09:25:22+00:00\" \/>\n<meta property=\"og:image\" content=\"https:\/\/qqpets.com\/wp-content\/uploads\/2024\/08\/step-in-dog-harness1.webp\" \/>\n\t<meta property=\"og:image:width\" content=\"1600\" \/>\n\t<meta property=\"og:image:height\" content=\"1600\" \/>\n\t<meta property=\"og:image:type\" content=\"image\/webp\" \/>\n<meta name=\"twitter:card\" content=\"summary_large_image\" \/>\n<meta name=\"twitter:label1\" content=\"Odhadovan\u00e1 doba \u010dten\u00ed\" \/>\n\t<meta name=\"twitter:data1\" content=\"3 minuty\" \/>\n<script type=\"application\/ld+json\" class=\"yoast-schema-graph\">{\"@context\":\"https:\/\/schema.org\",\"@graph\":[{\"@type\":\"WebPage\",\"@id\":\"https:\/\/qqpets.com\/product\/mesh-step-in-dog-harness\/\",\"url\":\"https:\/\/qqpets.com\/product\/mesh-step-in-dog-harness\/\",\"name\":\"Mesh Step in Dog Harness | QQPETS\",\"isPartOf\":{\"@id\":\"https:\/\/qqpets.com\/#website\"},\"primaryImageOfPage\":{\"@id\":\"https:\/\/qqpets.com\/product\/mesh-step-in-dog-harness\/#primaryimage\"},\"image\":{\"@id\":\"https:\/\/qqpets.com\/product\/mesh-step-in-dog-harness\/#primaryimage\"},\"thumbnailUrl\":\"https:\/\/qqpets.com\/wp-content\/uploads\/2024\/08\/step-in-dog-harness1.webp\",\"datePublished\":\"2024-08-31T09:24:16+00:00\",\"dateModified\":\"2024-08-31T09:25:22+00:00\",\"description\":\"Explore our Mesh Step In Dog Harness for breathable comfort. Perfect fit, easy to use. Shop now for quality!\",\"breadcrumb\":{\"@id\":\"https:\/\/qqpets.com\/product\/mesh-step-in-dog-harness\/#breadcrumb\"},\"inLanguage\":\"cs\",\"potentialAction\":[{\"@type\":\"ReadAction\",\"target\":[\"https:\/\/qqpets.com\/product\/mesh-step-in-dog-harness\/\"]}]},{\"@type\":\"ImageObject\",\"inLanguage\":\"cs\",\"@id\":\"https:\/\/qqpets.com\/product\/mesh-step-in-dog-harness\/#primaryimage\",\"url\":\"https:\/\/qqpets.com\/wp-content\/uploads\/2024\/08\/step-in-dog-harness1.webp\",\"contentUrl\":\"https:\/\/qqpets.com\/wp-content\/uploads\/2024\/08\/step-in-dog-harness1.webp\",\"width\":1600,\"height\":1600},{\"@type\":\"BreadcrumbList\",\"@id\":\"https:\/\/qqpets.com\/product\/mesh-step-in-dog-harness\/#breadcrumb\",\"itemListElement\":[{\"@type\":\"ListItem\",\"position\":1,\"name\":\"Home\",\"item\":\"https:\/\/qqpets.com\/\"},{\"@type\":\"ListItem\",\"position\":2,\"name\":\"Products\",\"item\":\"https:\/\/qqpets.com\/pet-products-manufacturer\/\"},{\"@type\":\"ListItem\",\"position\":3,\"name\":\"Mesh Step in Dog Harness\"}]},{\"@type\":\"WebSite\",\"@id\":\"https:\/\/qqpets.com\/#website\",\"url\":\"https:\/\/qqpets.com\/\",\"name\":\"QQPETS\",\"description\":\"QQPETS is a pet products factory for dog harnesses, dog collars, dog leashes and dog accessories with professional customized service since 2005.\",\"publisher\":{\"@id\":\"https:\/\/qqpets.com\/#organization\"},\"potentialAction\":[{\"@type\":\"SearchAction\",\"target\":{\"@type\":\"EntryPoint\",\"urlTemplate\":\"https:\/\/qqpets.com\/?s={search_term_string}\"},\"query-input\":{\"@type\":\"PropertyValueSpecification\",\"valueRequired\":true,\"valueName\":\"search_term_string\"}}],\"inLanguage\":\"cs\"},{\"@type\":\"Organization\",\"@id\":\"https:\/\/qqpets.com\/#organization\",\"name\":\"QQPETS\",\"url\":\"https:\/\/qqpets.com\/\",\"logo\":{\"@type\":\"ImageObject\",\"inLanguage\":\"cs\",\"@id\":\"https:\/\/qqpets.com\/#\/schema\/logo\/image\/\",\"url\":\"https:\/\/qqpets.com\/wp-content\/uploads\/2023\/09\/cropped-cropped-qqpets-tiktok.jpg\",\"contentUrl\":\"https:\/\/qqpets.com\/wp-content\/uploads\/2023\/09\/cropped-cropped-qqpets-tiktok.jpg\",\"width\":511,\"height\":511,\"caption\":\"QQPETS\"},\"image\":{\"@id\":\"https:\/\/qqpets.com\/#\/schema\/logo\/image\/\"},\"sameAs\":[\"https:\/\/www.facebook.com\/QQpetsdogcollars\",\"https:\/\/www.instagram.com\/qqpetscollar\/\",\"https:\/\/www.pinterest.com\/qqpetsdogcollarsfactory\/\"]}]}<\/script>\n<!-- \/ Yoast SEO plugin. -->","yoast_head_json":{"title":"S\u00ed\u0165ovan\u00fd postroj pro psy Step in | QQPETS","description":"Prozkoumejte n\u00e1\u0161 postroj Mesh Step In pro prody\u0161n\u00e9 pohodl\u00ed. Perfektn\u011b padne, snadno se pou\u017e\u00edv\u00e1. Nakupujte nyn\u00ed a z\u00edskejte kvalitu!","robots":{"index":"index","follow":"follow","max-snippet":"max-snippet:-1","max-image-preview":"max-image-preview:large","max-video-preview":"max-video-preview:-1"},"canonical":"https:\/\/qqpets.com\/cs\/produkt\/mesh-step-in-dog-harness\/","og_locale":"cs_CZ","og_type":"article","og_title":"Mesh Step in Dog Harness | QQPETS","og_description":"Explore our Mesh Step In Dog Harness for breathable comfort. Perfect fit, easy to use. Shop now for quality!","og_url":"https:\/\/qqpets.com\/cs\/produkt\/mesh-step-in-dog-harness\/","og_site_name":"QQPETS","article_publisher":"https:\/\/www.facebook.com\/QQpetsdogcollars","article_modified_time":"2024-08-31T09:25:22+00:00","og_image":[{"width":1600,"height":1600,"url":"https:\/\/qqpets.com\/wp-content\/uploads\/2024\/08\/step-in-dog-harness1.webp","type":"image\/webp"}],"twitter_card":"summary_large_image","twitter_misc":{"Odhadovan\u00e1 doba \u010dten\u00ed":"3 minuty"},"schema":{"@context":"https:\/\/schema.org","@graph":[{"@type":"WebPage","@id":"https:\/\/qqpets.com\/product\/mesh-step-in-dog-harness\/","url":"https:\/\/qqpets.com\/product\/mesh-step-in-dog-harness\/","name":"S\u00ed\u0165ovan\u00fd postroj pro psy Step in | QQPETS","isPartOf":{"@id":"https:\/\/qqpets.com\/#website"},"primaryImageOfPage":{"@id":"https:\/\/qqpets.com\/product\/mesh-step-in-dog-harness\/#primaryimage"},"image":{"@id":"https:\/\/qqpets.com\/product\/mesh-step-in-dog-harness\/#primaryimage"},"thumbnailUrl":"https:\/\/qqpets.com\/wp-content\/uploads\/2024\/08\/step-in-dog-harness1.webp","datePublished":"2024-08-31T09:24:16+00:00","dateModified":"2024-08-31T09:25:22+00:00","description":"Prozkoumejte n\u00e1\u0161 postroj Mesh Step In pro prody\u0161n\u00e9 pohodl\u00ed. Perfektn\u011b padne, snadno se pou\u017e\u00edv\u00e1. Nakupujte nyn\u00ed a z\u00edskejte kvalitu!","breadcrumb":{"@id":"https:\/\/qqpets.com\/product\/mesh-step-in-dog-harness\/#breadcrumb"},"inLanguage":"cs","potentialAction":[{"@type":"ReadAction","target":["https:\/\/qqpets.com\/product\/mesh-step-in-dog-harness\/"]}]},{"@type":"ImageObject","inLanguage":"cs","@id":"https:\/\/qqpets.com\/product\/mesh-step-in-dog-harness\/#primaryimage","url":"https:\/\/qqpets.com\/wp-content\/uploads\/2024\/08\/step-in-dog-harness1.webp","contentUrl":"https:\/\/qqpets.com\/wp-content\/uploads\/2024\/08\/step-in-dog-harness1.webp","width":1600,"height":1600},{"@type":"BreadcrumbList","@id":"https:\/\/qqpets.com\/product\/mesh-step-in-dog-harness\/#breadcrumb","itemListElement":[{"@type":"ListItem","position":1,"name":"Home","item":"https:\/\/qqpets.com\/"},{"@type":"ListItem","position":2,"name":"Products","item":"https:\/\/qqpets.com\/pet-products-manufacturer\/"},{"@type":"ListItem","position":3,"name":"Mesh Step in Dog Harness"}]},{"@type":"WebSite","@id":"https:\/\/qqpets.com\/#website","url":"https:\/\/qqpets.com\/","name":"QQPETS","description":"QQPETS je tov\u00e1rna na v\u00fdrobky pro dom\u00e1c\u00ed mazl\u00ed\u010dky pro ps\u00ed postroje, obojky, vod\u00edtka a dopl\u0148ky pro psy s profesion\u00e1ln\u00edmi slu\u017ebami na m\u00edru od roku 2005.","publisher":{"@id":"https:\/\/qqpets.com\/#organization"},"potentialAction":[{"@type":"SearchAction","target":{"@type":"EntryPoint","urlTemplate":"https:\/\/qqpets.com\/?s={search_term_string}"},"query-input":{"@type":"PropertyValueSpecification","valueRequired":true,"valueName":"search_term_string"}}],"inLanguage":"cs"},{"@type":"Organization","@id":"https:\/\/qqpets.com\/#organization","name":"QQPETS","url":"https:\/\/qqpets.com\/","logo":{"@type":"ImageObject","inLanguage":"cs","@id":"https:\/\/qqpets.com\/#\/schema\/logo\/image\/","url":"https:\/\/qqpets.com\/wp-content\/uploads\/2023\/09\/cropped-cropped-qqpets-tiktok.jpg","contentUrl":"https:\/\/qqpets.com\/wp-content\/uploads\/2023\/09\/cropped-cropped-qqpets-tiktok.jpg","width":511,"height":511,"caption":"QQPETS"},"image":{"@id":"https:\/\/qqpets.com\/#\/schema\/logo\/image\/"},"sameAs":["https:\/\/www.facebook.com\/QQpetsdogcollars","https:\/\/www.instagram.com\/qqpetscollar\/","https:\/\/www.pinterest.com\/qqpetsdogcollarsfactory\/"]}]}},"_links":{"self":[{"href":"https:\/\/qqpets.com\/cs\/wp-json\/wp\/v2\/product\/7695","targetHints":{"allow":["GET"]}}],"collection":[{"href":"https:\/\/qqpets.com\/cs\/wp-json\/wp\/v2\/product"}],"about":[{"href":"https:\/\/qqpets.com\/cs\/wp-json\/wp\/v2\/types\/product"}],"wp:featuredmedia":[{"embeddable":true,"href":"https:\/\/qqpets.com\/cs\/wp-json\/wp\/v2\/media\/7697"}],"wp:attachment":[{"href":"https:\/\/qqpets.com\/cs\/wp-json\/wp\/v2\/media?parent=7695"}],"wp:term":[{"taxonomy":"product_brand","embeddable":true,"href":"https:\/\/qqpets.com\/cs\/wp-json\/wp\/v2\/product_brand?post=7695"},{"taxonomy":"product_cat","embeddable":true,"href":"https:\/\/qqpets.com\/cs\/wp-json\/wp\/v2\/product_cat?post=7695"},{"taxonomy":"product_tag","embeddable":true,"href":"https:\/\/qqpets.com\/cs\/wp-json\/wp\/v2\/product_tag?post=7695"}],"curies":[{"name":"wp","href":"https:\/\/api.w.org\/{rel}","templated":true}]}}