{"id":7727,"date":"2024-09-02T10:28:26","date_gmt":"2024-09-02T02:28:26","guid":{"rendered":"https:\/\/qqpets.com\/?post_type=product&#038;p=7727"},"modified":"2024-09-24T17:54:22","modified_gmt":"2024-09-24T09:54:22","slug":"no-pull-dog-harness","status":"publish","type":"product","link":"https:\/\/qqpets.com\/cs\/produkt\/no-pull-dog-harness\/","title":{"rendered":"Postroj pro psy bez tah\u00e1n\u00ed"},"content":{"rendered":"<p>P\u0159edstavujeme v\u00e1m postroj pro psy bez tah\u00e1n\u00ed, kter\u00fd je dokonal\u00fdm \u0159e\u0161en\u00edm pro kontrolovan\u011bj\u0161\u00ed a pohodln\u011bj\u0161\u00ed proch\u00e1zky. Tento inovativn\u00ed postroj je speci\u00e1ln\u011b navr\u017een tak, aby zabra\u0148oval tah\u00e1n\u00ed, pom\u00e1hal v\u00e1m snadno \u0159\u00eddit pohyb va\u0161eho psa a p\u0159edch\u00e1zet stresu z tah\u00e1n\u00ed.<\/p>\n<p>Kl\u00ed\u010dovou vlastnost\u00ed tohoto postroje je jedine\u010dn\u00e9 uchycen\u00ed vod\u00edtka zep\u0159edu, kter\u00e9 jemn\u011b p\u0159esm\u011bruje pohyb psa dop\u0159edu do strany, m\u00edsto aby umo\u017e\u0148ovalo p\u0159\u00edm\u00e9 tah\u00e1n\u00ed za vod\u00edtko. Tato metoda nejen sni\u017euje tah\u00e1n\u00ed, ale tak\u00e9 pom\u00e1h\u00e1 p\u0159i v\u00fdcviku psa, aby chodil vedle v\u00e1s bez nutnosti tvrd\u00fdch korekc\u00ed.<\/p>\n<p>Nastavitelnost je kl\u00ed\u010dov\u00e1 a tento postroj ji zaji\u0161\u0165uje d\u00edky pln\u011b nastaviteln\u00fdm popruh\u016fm, kter\u00e9 zajist\u00ed pevn\u00e9 a bezpe\u010dn\u00e9 uchycen\u00ed psa jak\u00e9hokoli plemene. Je vyroben z vysoce kvalitn\u00edch a odoln\u00fdch materi\u00e1l\u016f, tak\u017ee vydr\u017e\u00ed ka\u017edodenn\u00ed n\u00e1mahu p\u0159i venkovn\u00edch proch\u00e1zk\u00e1ch a aktivit\u00e1ch a zajist\u00ed dlouhodob\u00e9 pou\u017e\u00edv\u00e1n\u00ed.<\/p>\n<p>Postroj No Pull Dog Harness je ide\u00e1ln\u00ed pro za\u010d\u00ednaj\u00edc\u00ed majitele zv\u00ed\u0159at i zku\u0161en\u00e9 tren\u00e9ry a je nezbytn\u00fdm n\u00e1strojem pro zlep\u0161en\u00ed n\u00e1vyk\u016f p\u0159i ven\u010den\u00ed a pos\u00edlen\u00ed pouta mezi v\u00e1mi a va\u0161\u00edm mazl\u00ed\u010dkem. A\u0165 u\u017e m\u00e1te co do \u010din\u011bn\u00ed s nad\u0161en\u00fdm \u0161t\u011bn\u011btem nebo siln\u00fdm dosp\u011bl\u00fdm psem, s t\u00edmto postrojem se pro v\u00e1s proch\u00e1zky stanou pot\u011b\u0161en\u00edm, nikoliv povinnost\u00ed.<\/p>\n<h6><strong>Jak\u00fd je nejlep\u0161\u00ed postroj, aby pes netahal?<\/strong><\/h6>\n<p>Postroj PetSafe Easy Walk je doporu\u010dov\u00e1n pro zastaven\u00ed tah\u00e1n\u00ed ps\u016f, proto\u017ee je vybaven p\u0159edn\u00edm upevn\u011bn\u00edm vod\u00edtka, kter\u00e9 psa p\u0159i pokusu o tah\u00e1n\u00ed p\u0159esm\u011bruje sm\u011brem k v\u00e1m.<\/p>\n<h6><strong>Opravdu funguj\u00ed postroje pro psy bez tah\u00e1n\u00ed?<\/strong><\/h6>\n<p>Ano, postroje pro psy bez tah\u00e1n\u00ed mohou b\u00fdt \u00fa\u010dinn\u00e9, proto\u017ee odrad\u00ed psa od tah\u00e1n\u00ed t\u00edm, \u017ee ho nasm\u011bruj\u00ed a jemn\u011b na n\u011bj zatla\u010d\u00ed, \u010d\u00edm\u017e mu znep\u0159\u00edjemn\u00ed dal\u0161\u00ed tah\u00e1n\u00ed.<\/p>\n<h6><strong>Jak\u00fd je rozd\u00edl mezi postrojem bez tah\u00e1n\u00ed a b\u011b\u017en\u00fdm postrojem?<\/strong><\/h6>\n<p>Postroje bez tah\u00e1n\u00ed jsou obvykle vybaveny p\u0159edn\u00edmi \u00fachyty na vod\u00edtko nebo speci\u00e1ln\u00edmi konstrukcemi, kter\u00e9 jemn\u00fdm tlakem zabra\u0148uj\u00ed tah\u00e1n\u00ed, zat\u00edmco b\u011b\u017en\u00e9 postroje maj\u00ed \u010dasto \u00fachyt na vod\u00edtko na zadn\u00ed stran\u011b a nebr\u00e1n\u00ed tah\u00e1n\u00ed.<\/p>\n<h6><strong>Pro\u010d nemaj\u00ed tren\u00e9\u0159i ps\u016f r\u00e1di postroje?<\/strong><\/h6>\n<p>N\u011bkte\u0159\u00ed cvi\u010ditel\u00e9 ps\u016f se domn\u00edvaj\u00ed, \u017ee postroje mohou podporovat tah\u00e1n\u00ed, proto\u017ee umo\u017e\u0148uj\u00ed ps\u016fm efektivn\u011bji vyu\u017e\u00edvat v\u00e1hu sv\u00e9ho t\u011bla k tah\u00e1n\u00ed a p\u0159i v\u00fdcviku n\u011bkter\u00fdch chov\u00e1n\u00ed nemus\u00ed poskytovat dostate\u010dnou kontrolu.<\/p>\n<h6><strong>Jak zabr\u00e1n\u00edm sv\u00e9mu psovi v extr\u00e9mn\u00edm tah\u00e1n\u00ed?<\/strong><\/h6>\n<p>D\u016fsledn\u00fd v\u00fdcvik s vyu\u017eit\u00edm pozitivn\u00edho posilov\u00e1n\u00ed v kombinaci s pou\u017eit\u00edm postroje proti tah\u00e1n\u00ed m\u016f\u017ee \u00fa\u010dinn\u011b omezit extr\u00e9mn\u00ed tah\u00e1n\u00ed. V\u00fdcvik by m\u011bl zahrnovat povely jako \"pata\" a odm\u011b\u0148ov\u00e1n\u00ed psa za udr\u017een\u00ed voln\u00e9ho vod\u00edtka.<\/p>\n<h6><strong>Je pro tah\u00e1n\u00ed lep\u0161\u00ed obojek nebo postroj?<\/strong><\/h6>\n<p>Pro psy, kte\u0159\u00ed tahaj\u00ed, je obecn\u011b lep\u0161\u00ed postroj ne\u017e obojek. Postroj rovnom\u011brn\u011bji rozkl\u00e1d\u00e1 tlak kolem t\u011bla psa, \u010d\u00edm\u017e sni\u017euje zat\u00ed\u017een\u00ed krku a poskytuje majiteli lep\u0161\u00ed kontrolu.<\/p>","protected":false},"excerpt":{"rendered":"<p>Zm\u011b\u0148te sv\u00e9 proch\u00e1zky s na\u0161\u00edm postrojem No Pull, kter\u00fd je navr\u017een tak, aby zabr\u00e1nil tah\u00e1n\u00ed a zlep\u0161il kontrolu nad psem. Tento postroj m\u00e1 jedine\u010dnou konstrukci s p\u0159edn\u00ed smy\u010dkou, kter\u00e1 jemn\u011b usm\u011br\u0148uje pohyb va\u0161eho psa, ani\u017e by mu zp\u016fsobovala nepohodl\u00ed. Je nastaviteln\u00fd pro dokonal\u00e9 p\u0159izp\u016fsoben\u00ed a je vyroben z odoln\u00fdch materi\u00e1l\u016f pro dlouhodob\u00e9 pou\u017e\u00edv\u00e1n\u00ed. Postroj je ide\u00e1ln\u00ed pro v\u00fdcvik nebo ka\u017edodenn\u00ed proch\u00e1zky a zaji\u0161\u0165uje pohodl\u00ed bez stresu pro zv\u00ed\u0159e i majitele.<\/p>","protected":false},"featured_media":8231,"template":"","meta":[],"product_brand":[],"product_cat":[23],"product_tag":[],"class_list":{"0":"post-7727","1":"product","2":"type-product","3":"status-publish","4":"has-post-thumbnail","6":"product_cat-dog-harness","7":"pa_brand-qqpets","9":"first","10":"instock","11":"shipping-taxable","12":"product-type-simple"},"yoast_head":"<!-- This site is optimized with the Yoast SEO plugin v26.6 - https:\/\/yoast.com\/wordpress\/plugins\/seo\/ -->\n<title>No Pull Dog Harness | QQPETS<\/title>\n<meta name=\"description\" content=\"Master the walk with our No Pull Dog Harness. Reduce pulling and enhance control. Shop now for comfort!\" \/>\n<meta name=\"robots\" content=\"index, follow, max-snippet:-1, max-image-preview:large, max-video-preview:-1\" \/>\n<link rel=\"canonical\" href=\"https:\/\/qqpets.com\/cs\/produkt\/no-pull-dog-harness\/\" \/>\n<meta property=\"og:locale\" content=\"cs_CZ\" \/>\n<meta property=\"og:type\" content=\"article\" \/>\n<meta property=\"og:title\" content=\"No Pull Dog Harness | QQPETS\" \/>\n<meta property=\"og:description\" content=\"Master the walk with our No Pull Dog Harness. Reduce pulling and enhance control. Shop now for comfort!\" \/>\n<meta property=\"og:url\" content=\"https:\/\/qqpets.com\/cs\/produkt\/no-pull-dog-harness\/\" \/>\n<meta property=\"og:site_name\" content=\"QQPETS\" \/>\n<meta property=\"article:publisher\" content=\"https:\/\/www.facebook.com\/QQpetsdogcollars\" \/>\n<meta property=\"article:modified_time\" content=\"2024-09-24T09:54:22+00:00\" \/>\n<meta property=\"og:image\" content=\"https:\/\/qqpets.com\/wp-content\/uploads\/2024\/09\/no-pull-dog-harness-black-extra-large.webp\" \/>\n\t<meta property=\"og:image:width\" content=\"1000\" \/>\n\t<meta property=\"og:image:height\" content=\"1000\" \/>\n\t<meta property=\"og:image:type\" content=\"image\/webp\" \/>\n<meta name=\"twitter:card\" content=\"summary_large_image\" \/>\n<meta name=\"twitter:label1\" content=\"Odhadovan\u00e1 doba \u010dten\u00ed\" \/>\n\t<meta name=\"twitter:data1\" content=\"3 minuty\" \/>\n<script type=\"application\/ld+json\" class=\"yoast-schema-graph\">{\"@context\":\"https:\/\/schema.org\",\"@graph\":[{\"@type\":\"WebPage\",\"@id\":\"https:\/\/qqpets.com\/product\/no-pull-dog-harness\/\",\"url\":\"https:\/\/qqpets.com\/product\/no-pull-dog-harness\/\",\"name\":\"No Pull Dog Harness | QQPETS\",\"isPartOf\":{\"@id\":\"https:\/\/qqpets.com\/#website\"},\"primaryImageOfPage\":{\"@id\":\"https:\/\/qqpets.com\/product\/no-pull-dog-harness\/#primaryimage\"},\"image\":{\"@id\":\"https:\/\/qqpets.com\/product\/no-pull-dog-harness\/#primaryimage\"},\"thumbnailUrl\":\"https:\/\/qqpets.com\/wp-content\/uploads\/2024\/09\/no-pull-dog-harness-black-extra-large.webp\",\"datePublished\":\"2024-09-02T02:28:26+00:00\",\"dateModified\":\"2024-09-24T09:54:22+00:00\",\"description\":\"Master the walk with our No Pull Dog Harness. Reduce pulling and enhance control. Shop now for comfort!\",\"breadcrumb\":{\"@id\":\"https:\/\/qqpets.com\/product\/no-pull-dog-harness\/#breadcrumb\"},\"inLanguage\":\"cs\",\"potentialAction\":[{\"@type\":\"ReadAction\",\"target\":[\"https:\/\/qqpets.com\/product\/no-pull-dog-harness\/\"]}]},{\"@type\":\"ImageObject\",\"inLanguage\":\"cs\",\"@id\":\"https:\/\/qqpets.com\/product\/no-pull-dog-harness\/#primaryimage\",\"url\":\"https:\/\/qqpets.com\/wp-content\/uploads\/2024\/09\/no-pull-dog-harness-black-extra-large.webp\",\"contentUrl\":\"https:\/\/qqpets.com\/wp-content\/uploads\/2024\/09\/no-pull-dog-harness-black-extra-large.webp\",\"width\":1000,\"height\":1000,\"caption\":\"no-pull-dog-harness-black-extra-large\"},{\"@type\":\"BreadcrumbList\",\"@id\":\"https:\/\/qqpets.com\/product\/no-pull-dog-harness\/#breadcrumb\",\"itemListElement\":[{\"@type\":\"ListItem\",\"position\":1,\"name\":\"Home\",\"item\":\"https:\/\/qqpets.com\/\"},{\"@type\":\"ListItem\",\"position\":2,\"name\":\"Products\",\"item\":\"https:\/\/qqpets.com\/pet-products-manufacturer\/\"},{\"@type\":\"ListItem\",\"position\":3,\"name\":\"No Pull Dog Harness\"}]},{\"@type\":\"WebSite\",\"@id\":\"https:\/\/qqpets.com\/#website\",\"url\":\"https:\/\/qqpets.com\/\",\"name\":\"QQPETS\",\"description\":\"QQPETS is a pet products factory for dog harnesses, dog collars, dog leashes and dog accessories with professional customized service since 2005.\",\"publisher\":{\"@id\":\"https:\/\/qqpets.com\/#organization\"},\"potentialAction\":[{\"@type\":\"SearchAction\",\"target\":{\"@type\":\"EntryPoint\",\"urlTemplate\":\"https:\/\/qqpets.com\/?s={search_term_string}\"},\"query-input\":{\"@type\":\"PropertyValueSpecification\",\"valueRequired\":true,\"valueName\":\"search_term_string\"}}],\"inLanguage\":\"cs\"},{\"@type\":\"Organization\",\"@id\":\"https:\/\/qqpets.com\/#organization\",\"name\":\"QQPETS\",\"url\":\"https:\/\/qqpets.com\/\",\"logo\":{\"@type\":\"ImageObject\",\"inLanguage\":\"cs\",\"@id\":\"https:\/\/qqpets.com\/#\/schema\/logo\/image\/\",\"url\":\"https:\/\/qqpets.com\/wp-content\/uploads\/2023\/09\/cropped-cropped-qqpets-tiktok.jpg\",\"contentUrl\":\"https:\/\/qqpets.com\/wp-content\/uploads\/2023\/09\/cropped-cropped-qqpets-tiktok.jpg\",\"width\":511,\"height\":511,\"caption\":\"QQPETS\"},\"image\":{\"@id\":\"https:\/\/qqpets.com\/#\/schema\/logo\/image\/\"},\"sameAs\":[\"https:\/\/www.facebook.com\/QQpetsdogcollars\",\"https:\/\/www.instagram.com\/qqpetscollar\/\",\"https:\/\/www.pinterest.com\/qqpetsdogcollarsfactory\/\"]}]}<\/script>\n<!-- \/ Yoast SEO plugin. -->","yoast_head_json":{"title":"Postroj pro psy bez tah\u00e1n\u00ed | QQPETS","description":"Zvl\u00e1dn\u011bte proch\u00e1zku s na\u0161\u00edm postrojem pro psy bez tah\u00e1n\u00ed. Omezte tah\u00e1n\u00ed a zlep\u0161ete kontrolu. Nakupujte nyn\u00ed a z\u00edskejte pohodl\u00ed!","robots":{"index":"index","follow":"follow","max-snippet":"max-snippet:-1","max-image-preview":"max-image-preview:large","max-video-preview":"max-video-preview:-1"},"canonical":"https:\/\/qqpets.com\/cs\/produkt\/no-pull-dog-harness\/","og_locale":"cs_CZ","og_type":"article","og_title":"No Pull Dog Harness | QQPETS","og_description":"Master the walk with our No Pull Dog Harness. Reduce pulling and enhance control. Shop now for comfort!","og_url":"https:\/\/qqpets.com\/cs\/produkt\/no-pull-dog-harness\/","og_site_name":"QQPETS","article_publisher":"https:\/\/www.facebook.com\/QQpetsdogcollars","article_modified_time":"2024-09-24T09:54:22+00:00","og_image":[{"width":1000,"height":1000,"url":"https:\/\/qqpets.com\/wp-content\/uploads\/2024\/09\/no-pull-dog-harness-black-extra-large.webp","type":"image\/webp"}],"twitter_card":"summary_large_image","twitter_misc":{"Odhadovan\u00e1 doba \u010dten\u00ed":"3 minuty"},"schema":{"@context":"https:\/\/schema.org","@graph":[{"@type":"WebPage","@id":"https:\/\/qqpets.com\/product\/no-pull-dog-harness\/","url":"https:\/\/qqpets.com\/product\/no-pull-dog-harness\/","name":"Postroj pro psy bez tah\u00e1n\u00ed | QQPETS","isPartOf":{"@id":"https:\/\/qqpets.com\/#website"},"primaryImageOfPage":{"@id":"https:\/\/qqpets.com\/product\/no-pull-dog-harness\/#primaryimage"},"image":{"@id":"https:\/\/qqpets.com\/product\/no-pull-dog-harness\/#primaryimage"},"thumbnailUrl":"https:\/\/qqpets.com\/wp-content\/uploads\/2024\/09\/no-pull-dog-harness-black-extra-large.webp","datePublished":"2024-09-02T02:28:26+00:00","dateModified":"2024-09-24T09:54:22+00:00","description":"Zvl\u00e1dn\u011bte proch\u00e1zku s na\u0161\u00edm postrojem pro psy bez tah\u00e1n\u00ed. Omezte tah\u00e1n\u00ed a zlep\u0161ete kontrolu. Nakupujte nyn\u00ed a z\u00edskejte pohodl\u00ed!","breadcrumb":{"@id":"https:\/\/qqpets.com\/product\/no-pull-dog-harness\/#breadcrumb"},"inLanguage":"cs","potentialAction":[{"@type":"ReadAction","target":["https:\/\/qqpets.com\/product\/no-pull-dog-harness\/"]}]},{"@type":"ImageObject","inLanguage":"cs","@id":"https:\/\/qqpets.com\/product\/no-pull-dog-harness\/#primaryimage","url":"https:\/\/qqpets.com\/wp-content\/uploads\/2024\/09\/no-pull-dog-harness-black-extra-large.webp","contentUrl":"https:\/\/qqpets.com\/wp-content\/uploads\/2024\/09\/no-pull-dog-harness-black-extra-large.webp","width":1000,"height":1000,"caption":"no-pull-dog-harness-black-extra-large"},{"@type":"BreadcrumbList","@id":"https:\/\/qqpets.com\/product\/no-pull-dog-harness\/#breadcrumb","itemListElement":[{"@type":"ListItem","position":1,"name":"Home","item":"https:\/\/qqpets.com\/"},{"@type":"ListItem","position":2,"name":"Products","item":"https:\/\/qqpets.com\/pet-products-manufacturer\/"},{"@type":"ListItem","position":3,"name":"No Pull Dog Harness"}]},{"@type":"WebSite","@id":"https:\/\/qqpets.com\/#website","url":"https:\/\/qqpets.com\/","name":"QQPETS","description":"QQPETS je tov\u00e1rna na v\u00fdrobky pro dom\u00e1c\u00ed mazl\u00ed\u010dky pro ps\u00ed postroje, obojky, vod\u00edtka a dopl\u0148ky pro psy s profesion\u00e1ln\u00edmi slu\u017ebami na m\u00edru od roku 2005.","publisher":{"@id":"https:\/\/qqpets.com\/#organization"},"potentialAction":[{"@type":"SearchAction","target":{"@type":"EntryPoint","urlTemplate":"https:\/\/qqpets.com\/?s={search_term_string}"},"query-input":{"@type":"PropertyValueSpecification","valueRequired":true,"valueName":"search_term_string"}}],"inLanguage":"cs"},{"@type":"Organization","@id":"https:\/\/qqpets.com\/#organization","name":"QQPETS","url":"https:\/\/qqpets.com\/","logo":{"@type":"ImageObject","inLanguage":"cs","@id":"https:\/\/qqpets.com\/#\/schema\/logo\/image\/","url":"https:\/\/qqpets.com\/wp-content\/uploads\/2023\/09\/cropped-cropped-qqpets-tiktok.jpg","contentUrl":"https:\/\/qqpets.com\/wp-content\/uploads\/2023\/09\/cropped-cropped-qqpets-tiktok.jpg","width":511,"height":511,"caption":"QQPETS"},"image":{"@id":"https:\/\/qqpets.com\/#\/schema\/logo\/image\/"},"sameAs":["https:\/\/www.facebook.com\/QQpetsdogcollars","https:\/\/www.instagram.com\/qqpetscollar\/","https:\/\/www.pinterest.com\/qqpetsdogcollarsfactory\/"]}]}},"_links":{"self":[{"href":"https:\/\/qqpets.com\/cs\/wp-json\/wp\/v2\/product\/7727","targetHints":{"allow":["GET"]}}],"collection":[{"href":"https:\/\/qqpets.com\/cs\/wp-json\/wp\/v2\/product"}],"about":[{"href":"https:\/\/qqpets.com\/cs\/wp-json\/wp\/v2\/types\/product"}],"wp:featuredmedia":[{"embeddable":true,"href":"https:\/\/qqpets.com\/cs\/wp-json\/wp\/v2\/media\/8231"}],"wp:attachment":[{"href":"https:\/\/qqpets.com\/cs\/wp-json\/wp\/v2\/media?parent=7727"}],"wp:term":[{"taxonomy":"product_brand","embeddable":true,"href":"https:\/\/qqpets.com\/cs\/wp-json\/wp\/v2\/product_brand?post=7727"},{"taxonomy":"product_cat","embeddable":true,"href":"https:\/\/qqpets.com\/cs\/wp-json\/wp\/v2\/product_cat?post=7727"},{"taxonomy":"product_tag","embeddable":true,"href":"https:\/\/qqpets.com\/cs\/wp-json\/wp\/v2\/product_tag?post=7727"}],"curies":[{"name":"wp","href":"https:\/\/api.w.org\/{rel}","templated":true}]}}