{"id":7740,"date":"2024-09-02T15:02:10","date_gmt":"2024-09-02T07:02:10","guid":{"rendered":"https:\/\/qqpets.com\/?post_type=product&#038;p=7740"},"modified":"2024-11-13T14:56:51","modified_gmt":"2024-11-13T06:56:51","slug":"tactical-dog-collar","status":"publish","type":"product","link":"https:\/\/qqpets.com\/cs\/produkt\/tactical-dog-collar\/","title":{"rendered":"Taktick\u00fd obojek pro psy Heavy Duty Kovov\u00e1 spona s rukojet\u00ed pro v\u00fdcvik ps\u016f"},"content":{"rendered":"<p>S na\u0161\u00edm taktick\u00fdm obojkem pro psy z\u00edsk\u00e1te do dopl\u0148k\u016f sv\u00e9ho psa odolnost a funk\u010dnost vojensk\u00e9 \u00farovn\u011b. Tento obojek je speci\u00e1ln\u011b navr\u017een pro pracovn\u00ed psy a kombinuje robustn\u00ed konstrukci s praktick\u00fdm designem, aby odolal i t\u011bm nejn\u00e1ro\u010dn\u011bj\u0161\u00edm podm\u00ednk\u00e1m.<\/p>\n<p>Obojek je vyroben z vysoce odoln\u00e9 nylonov\u00e9 tkaniny, m\u00e1 odolnou kovovou p\u0159ezku a D-krou\u017eek, kter\u00fd poskytuje spolehliv\u00e9 body pro p\u0159ipevn\u011bn\u00ed vod\u00edtka. D\u00edky tomu z\u016fstane obojek bezpe\u010dn\u011b p\u0159ipevn\u011bn bez ohledu na \u00farove\u0148 aktivity.<\/p>\n<p>Obojek je navr\u017een se \u0161irok\u00fdm popruhem, kter\u00fd rovnom\u011brn\u011b rozkl\u00e1d\u00e1 tlak, co\u017e pom\u00e1h\u00e1 p\u0159edch\u00e1zet du\u0161en\u00ed a nepohodl\u00ed p\u0159i intenzivn\u00edch aktivit\u00e1ch. Nastaviteln\u00fd st\u0159ih umo\u017e\u0148uje p\u0159izp\u016fsobit t\u011bsnost tak, aby vyhovovala velikosti krku va\u0161eho psa, a zajistit jeho pohodl\u00ed b\u011bhem dlouh\u00fdch hodin no\u0161en\u00ed.<\/p>\n<p>Pro psovody, kte\u0159\u00ed od sv\u00e9 v\u00fdstroje vy\u017eaduj\u00ed v\u00edce, je tento obojek vybaven dal\u0161\u00edmi prvky, jako je panel s h\u00e1\u010dky a smy\u010dkami pro p\u0159ipevn\u011bn\u00ed identifika\u010dn\u00edch n\u00e1\u0161ivek nebo jin\u00e9ho taktick\u00e9ho vybaven\u00ed. A\u0165 u\u017e jste na v\u00fdcviku, na hl\u00eddce nebo si prost\u011b u\u017e\u00edv\u00e1te dobrodru\u017estv\u00ed v p\u0159\u00edrod\u011b, tento obojek je vyroben tak, aby poskytoval vynikaj\u00edc\u00ed kontrolu a dlouhou \u017eivotnost.<\/p>\n<p>N\u00e1\u0161 taktick\u00fd obojek je ide\u00e1ln\u00ed pro osobn\u00ed hl\u00eddac\u00ed psy a spojuje v sob\u011b pevnost, pohodl\u00ed a spolehlivost. Je nezbytnou pom\u016fckou pro ka\u017ed\u00e9ho tren\u00e9ra ps\u016f s nejn\u00e1ro\u010dn\u011bj\u0161\u00edm vybaven\u00edm, kter\u00fd pot\u0159ebuje zajistit, aby jeho psi pod\u00e1vali co nejlep\u0161\u00ed v\u00fdkony.<\/p>\n<h4><strong>Jsou taktick\u00e9 postroje vhodn\u00e9 pro psy?<\/strong><\/h4>\n<p>Taktick\u00e9 postroje mohou b\u00fdt v\u00fdhodn\u00e9 pro specifick\u00e9 \u00fa\u010dely. Jsou odoln\u00e9, dob\u0159e se ovl\u00e1daj\u00ed a mohou n\u00e9st vybaven\u00ed, tak\u017ee jsou vhodn\u00e9 pro pracovn\u00ed nebo slu\u017eebn\u00ed psy zapojen\u00e9 do \u010dinnost\u00ed, jako je p\u00e1tr\u00e1n\u00ed a z\u00e1chrana, policejn\u00ed pr\u00e1ce nebo vojensk\u00e9 \u00fakoly.<\/p>\n<h4><strong>Pro\u010d by pes pot\u0159eboval taktickou vestu?<\/strong><\/h4>\n<p>Pes m\u016f\u017ee pot\u0159ebovat taktickou vestu, pokud se \u00fa\u010dastn\u00ed vym\u00e1h\u00e1n\u00ed pr\u00e1va, vojensk\u00fdch operac\u00ed nebo p\u00e1trac\u00edch a z\u00e1chrann\u00fdch akc\u00ed. Vesta m\u016f\u017ee pojmout v\u00fdstroj, zlep\u0161it viditelnost, poskytnout ochranu t\u011bla a obsahovat \u00fachyty pro ovl\u00e1d\u00e1n\u00ed psovoda.<\/p>\n<h4><strong>Jsou taktick\u00e9 obojky pro psy bezpe\u010dn\u00e9?<\/strong><\/h4>\n<p>Taktick\u00e9 obojky pro psy jsou p\u0159i vhodn\u00e9m pou\u017eit\u00ed obecn\u011b bezpe\u010dn\u00e9. Jsou navr\u017eeny tak, aby byly odoln\u00e9 a poskytovaly mimo\u0159\u00e1dnou kontrolu. Jako ka\u017ed\u00fd obojek v\u0161ak mus\u00ed spr\u00e1vn\u011b sed\u011bt, aby nezp\u016fsobovaly nepohodl\u00ed nebo zran\u011bn\u00ed.<\/p>\n<h4><strong>K \u010demu se pou\u017e\u00edv\u00e1 taktick\u00fd obojek pro psy?<\/strong><\/h4>\n<p>Taktick\u00fd obojek pro psy se pou\u017e\u00edv\u00e1 pro lep\u0161\u00ed kontrolu a odolnost p\u0159i n\u00e1ro\u010dn\u00fdch aktivit\u00e1ch. \u010casto jsou vyrobeny z odoln\u00fdch materi\u00e1l\u016f a mohou obsahovat \u00fachyty nebo body pro p\u0159ipevn\u011bn\u00ed vod\u00edtek a vybaven\u00ed, co\u017e je u\u017eite\u010dn\u00e9 p\u0159i v\u00fdcviku a v pracovn\u00edch situac\u00edch.<\/p>\n<h4><strong>Pro\u010d tren\u00e9\u0159i ps\u016f nepou\u017e\u00edvaj\u00ed postroje?<\/strong><\/h4>\n<p>N\u011bkte\u0159\u00ed tren\u00e9\u0159i ps\u016f postroje rad\u011bji nepou\u017e\u00edvaj\u00ed, proto\u017ee mohou podporovat tah\u00e1n\u00ed a umo\u017e\u0148uj\u00ed ps\u016fm efektivn\u011bji vyu\u017e\u00edvat s\u00edlu sv\u00e9ho t\u011bla. Tren\u00e9\u0159i, kte\u0159\u00ed se sna\u017e\u00ed nau\u010dit psa chov\u00e1n\u00ed na vod\u00edtku, mohou volit obojky, kter\u00e9 umo\u017e\u0148uj\u00ed lep\u0161\u00ed kontrolu nad hlavou a sm\u011brem t\u011bla psa.<\/p>\n<h4><strong>Doporu\u010duj\u00ed veterin\u00e1\u0159i postroje?<\/strong><\/h4>\n<p>Mnoho veterin\u00e1rn\u00edch l\u00e9ka\u0159\u016f doporu\u010duje postroje zejm\u00e9na pro psy s d\u00fdchac\u00edmi probl\u00e9my, poran\u011bn\u00edm krku nebo probl\u00e9my s pr\u016fdu\u0161nic\u00ed, proto\u017ee postroje rovnom\u011brn\u011bji rozkl\u00e1daj\u00ed tlak kolem t\u011bla a sni\u017euj\u00ed tak z\u00e1t\u011b\u017e na krk.<\/p>","protected":false},"excerpt":{"rendered":"<p>Posilte v\u00fdbavu sv\u00e9ho psa s na\u0161\u00edm taktick\u00fdm obojkem pro psy, kter\u00fd je navr\u017een s ohledem na odolnost a v\u00fdkon. Tento obojek, kter\u00fd je vybaven odoln\u00fdmi materi\u00e1ly, robustn\u00ed sponou a D-krou\u017ekem pro bezpe\u010dn\u00e9 p\u0159ipevn\u011bn\u00ed vod\u00edtka, je ide\u00e1ln\u00ed pro v\u00fdcvik a aktivn\u00ed slu\u017ebu. Nastaviteln\u00e1 konstrukce zaji\u0161\u0165uje pohodln\u00e9 a bezpe\u010dn\u00e9 no\u0161en\u00ed, zat\u00edmco zes\u00edlen\u00e9 pro\u0161\u00edv\u00e1n\u00ed nab\u00edz\u00ed extra pevnost. Ide\u00e1ln\u00ed pro pracovn\u00ed psy a psy v\u011bnuj\u00edc\u00ed se venkovn\u00edm aktivit\u00e1m.<\/p>","protected":false},"featured_media":7234,"template":"","meta":[],"product_brand":[],"product_cat":[26],"product_tag":[],"class_list":{"0":"post-7740","1":"product","2":"type-product","3":"status-publish","4":"has-post-thumbnail","6":"product_cat-dog-collar","7":"pa_brand-qqpets","9":"first","10":"instock","11":"shipping-taxable","12":"product-type-simple"},"yoast_head":"<!-- This site is optimized with the Yoast SEO plugin v26.6 - https:\/\/yoast.com\/wordpress\/plugins\/seo\/ -->\n<title>Tactical Dog Collar Heavy Duty Metal Buckle with Handle for Dog Training | QQPETS<\/title>\n<meta name=\"description\" content=\"Durable Tactical Dog Collar for enhanced control and reliability. Built for training and field use. Shop now!\" \/>\n<meta name=\"robots\" content=\"index, follow, max-snippet:-1, max-image-preview:large, max-video-preview:-1\" \/>\n<link rel=\"canonical\" href=\"https:\/\/qqpets.com\/cs\/produkt\/tactical-dog-collar\/\" \/>\n<meta property=\"og:locale\" content=\"cs_CZ\" \/>\n<meta property=\"og:type\" content=\"article\" \/>\n<meta property=\"og:title\" content=\"Tactical Dog Collar Heavy Duty Metal Buckle with Handle for Dog Training | QQPETS\" \/>\n<meta property=\"og:description\" content=\"Durable Tactical Dog Collar for enhanced control and reliability. Built for training and field use. Shop now!\" \/>\n<meta property=\"og:url\" content=\"https:\/\/qqpets.com\/cs\/produkt\/tactical-dog-collar\/\" \/>\n<meta property=\"og:site_name\" content=\"QQPETS\" \/>\n<meta property=\"article:publisher\" content=\"https:\/\/www.facebook.com\/QQpetsdogcollars\" \/>\n<meta property=\"article:modified_time\" content=\"2024-11-13T06:56:51+00:00\" \/>\n<meta property=\"og:image\" content=\"https:\/\/qqpets.com\/wp-content\/uploads\/2023\/09\/large-dog-collar.webp\" \/>\n\t<meta property=\"og:image:width\" content=\"1000\" \/>\n\t<meta property=\"og:image:height\" content=\"929\" \/>\n\t<meta property=\"og:image:type\" content=\"image\/webp\" \/>\n<meta name=\"twitter:card\" content=\"summary_large_image\" \/>\n<meta name=\"twitter:label1\" content=\"Odhadovan\u00e1 doba \u010dten\u00ed\" \/>\n\t<meta name=\"twitter:data1\" content=\"3 minuty\" \/>\n<script type=\"application\/ld+json\" class=\"yoast-schema-graph\">{\"@context\":\"https:\/\/schema.org\",\"@graph\":[{\"@type\":\"WebPage\",\"@id\":\"https:\/\/qqpets.com\/product\/tactical-dog-collar\/\",\"url\":\"https:\/\/qqpets.com\/product\/tactical-dog-collar\/\",\"name\":\"Tactical Dog Collar Heavy Duty Metal Buckle with Handle for Dog Training | QQPETS\",\"isPartOf\":{\"@id\":\"https:\/\/qqpets.com\/#website\"},\"primaryImageOfPage\":{\"@id\":\"https:\/\/qqpets.com\/product\/tactical-dog-collar\/#primaryimage\"},\"image\":{\"@id\":\"https:\/\/qqpets.com\/product\/tactical-dog-collar\/#primaryimage\"},\"thumbnailUrl\":\"https:\/\/qqpets.com\/wp-content\/uploads\/2023\/09\/large-dog-collar.webp\",\"datePublished\":\"2024-09-02T07:02:10+00:00\",\"dateModified\":\"2024-11-13T06:56:51+00:00\",\"description\":\"Durable Tactical Dog Collar for enhanced control and reliability. Built for training and field use. Shop now!\",\"breadcrumb\":{\"@id\":\"https:\/\/qqpets.com\/product\/tactical-dog-collar\/#breadcrumb\"},\"inLanguage\":\"cs\",\"potentialAction\":[{\"@type\":\"ReadAction\",\"target\":[\"https:\/\/qqpets.com\/product\/tactical-dog-collar\/\"]}]},{\"@type\":\"ImageObject\",\"inLanguage\":\"cs\",\"@id\":\"https:\/\/qqpets.com\/product\/tactical-dog-collar\/#primaryimage\",\"url\":\"https:\/\/qqpets.com\/wp-content\/uploads\/2023\/09\/large-dog-collar.webp\",\"contentUrl\":\"https:\/\/qqpets.com\/wp-content\/uploads\/2023\/09\/large-dog-collar.webp\",\"width\":1000,\"height\":929,\"caption\":\"tactical dog collar\"},{\"@type\":\"BreadcrumbList\",\"@id\":\"https:\/\/qqpets.com\/product\/tactical-dog-collar\/#breadcrumb\",\"itemListElement\":[{\"@type\":\"ListItem\",\"position\":1,\"name\":\"Home\",\"item\":\"https:\/\/qqpets.com\/\"},{\"@type\":\"ListItem\",\"position\":2,\"name\":\"Products\",\"item\":\"https:\/\/qqpets.com\/pet-products-manufacturer\/\"},{\"@type\":\"ListItem\",\"position\":3,\"name\":\"Tactical Dog Collar Heavy Duty Metal Buckle with Handle for Dog Training\"}]},{\"@type\":\"WebSite\",\"@id\":\"https:\/\/qqpets.com\/#website\",\"url\":\"https:\/\/qqpets.com\/\",\"name\":\"QQPETS\",\"description\":\"QQPETS is a pet products factory for dog harnesses, dog collars, dog leashes and dog accessories with professional customized service since 2005.\",\"publisher\":{\"@id\":\"https:\/\/qqpets.com\/#organization\"},\"potentialAction\":[{\"@type\":\"SearchAction\",\"target\":{\"@type\":\"EntryPoint\",\"urlTemplate\":\"https:\/\/qqpets.com\/?s={search_term_string}\"},\"query-input\":{\"@type\":\"PropertyValueSpecification\",\"valueRequired\":true,\"valueName\":\"search_term_string\"}}],\"inLanguage\":\"cs\"},{\"@type\":\"Organization\",\"@id\":\"https:\/\/qqpets.com\/#organization\",\"name\":\"QQPETS\",\"url\":\"https:\/\/qqpets.com\/\",\"logo\":{\"@type\":\"ImageObject\",\"inLanguage\":\"cs\",\"@id\":\"https:\/\/qqpets.com\/#\/schema\/logo\/image\/\",\"url\":\"https:\/\/qqpets.com\/wp-content\/uploads\/2023\/09\/cropped-cropped-qqpets-tiktok.jpg\",\"contentUrl\":\"https:\/\/qqpets.com\/wp-content\/uploads\/2023\/09\/cropped-cropped-qqpets-tiktok.jpg\",\"width\":511,\"height\":511,\"caption\":\"QQPETS\"},\"image\":{\"@id\":\"https:\/\/qqpets.com\/#\/schema\/logo\/image\/\"},\"sameAs\":[\"https:\/\/www.facebook.com\/QQpetsdogcollars\",\"https:\/\/www.instagram.com\/qqpetscollar\/\",\"https:\/\/www.pinterest.com\/qqpetsdogcollarsfactory\/\"]}]}<\/script>\n<!-- \/ Yoast SEO plugin. -->","yoast_head_json":{"title":"Taktick\u00fd obojek pro psy Heavy Duty Kovov\u00e1 p\u0159ezka s rukojet\u00ed pro v\u00fdcvik ps\u016f | QQPETS","description":"Odoln\u00fd taktick\u00fd obojek pro psy pro lep\u0161\u00ed kontrolu a spolehlivost. Stvo\u0159en pro v\u00fdcvik a pou\u017eit\u00ed v ter\u00e9nu. Nakupujte nyn\u00ed!","robots":{"index":"index","follow":"follow","max-snippet":"max-snippet:-1","max-image-preview":"max-image-preview:large","max-video-preview":"max-video-preview:-1"},"canonical":"https:\/\/qqpets.com\/cs\/produkt\/tactical-dog-collar\/","og_locale":"cs_CZ","og_type":"article","og_title":"Tactical Dog Collar Heavy Duty Metal Buckle with Handle for Dog Training | QQPETS","og_description":"Durable Tactical Dog Collar for enhanced control and reliability. Built for training and field use. Shop now!","og_url":"https:\/\/qqpets.com\/cs\/produkt\/tactical-dog-collar\/","og_site_name":"QQPETS","article_publisher":"https:\/\/www.facebook.com\/QQpetsdogcollars","article_modified_time":"2024-11-13T06:56:51+00:00","og_image":[{"width":1000,"height":929,"url":"https:\/\/qqpets.com\/wp-content\/uploads\/2023\/09\/large-dog-collar.webp","type":"image\/webp"}],"twitter_card":"summary_large_image","twitter_misc":{"Odhadovan\u00e1 doba \u010dten\u00ed":"3 minuty"},"schema":{"@context":"https:\/\/schema.org","@graph":[{"@type":"WebPage","@id":"https:\/\/qqpets.com\/product\/tactical-dog-collar\/","url":"https:\/\/qqpets.com\/product\/tactical-dog-collar\/","name":"Taktick\u00fd obojek pro psy Heavy Duty Kovov\u00e1 p\u0159ezka s rukojet\u00ed pro v\u00fdcvik ps\u016f | QQPETS","isPartOf":{"@id":"https:\/\/qqpets.com\/#website"},"primaryImageOfPage":{"@id":"https:\/\/qqpets.com\/product\/tactical-dog-collar\/#primaryimage"},"image":{"@id":"https:\/\/qqpets.com\/product\/tactical-dog-collar\/#primaryimage"},"thumbnailUrl":"https:\/\/qqpets.com\/wp-content\/uploads\/2023\/09\/large-dog-collar.webp","datePublished":"2024-09-02T07:02:10+00:00","dateModified":"2024-11-13T06:56:51+00:00","description":"Odoln\u00fd taktick\u00fd obojek pro psy pro lep\u0161\u00ed kontrolu a spolehlivost. Stvo\u0159en pro v\u00fdcvik a pou\u017eit\u00ed v ter\u00e9nu. Nakupujte nyn\u00ed!","breadcrumb":{"@id":"https:\/\/qqpets.com\/product\/tactical-dog-collar\/#breadcrumb"},"inLanguage":"cs","potentialAction":[{"@type":"ReadAction","target":["https:\/\/qqpets.com\/product\/tactical-dog-collar\/"]}]},{"@type":"ImageObject","inLanguage":"cs","@id":"https:\/\/qqpets.com\/product\/tactical-dog-collar\/#primaryimage","url":"https:\/\/qqpets.com\/wp-content\/uploads\/2023\/09\/large-dog-collar.webp","contentUrl":"https:\/\/qqpets.com\/wp-content\/uploads\/2023\/09\/large-dog-collar.webp","width":1000,"height":929,"caption":"tactical dog collar"},{"@type":"BreadcrumbList","@id":"https:\/\/qqpets.com\/product\/tactical-dog-collar\/#breadcrumb","itemListElement":[{"@type":"ListItem","position":1,"name":"Home","item":"https:\/\/qqpets.com\/"},{"@type":"ListItem","position":2,"name":"Products","item":"https:\/\/qqpets.com\/pet-products-manufacturer\/"},{"@type":"ListItem","position":3,"name":"Tactical Dog Collar Heavy Duty Metal Buckle with Handle for Dog Training"}]},{"@type":"WebSite","@id":"https:\/\/qqpets.com\/#website","url":"https:\/\/qqpets.com\/","name":"QQPETS","description":"QQPETS je tov\u00e1rna na v\u00fdrobky pro dom\u00e1c\u00ed mazl\u00ed\u010dky pro ps\u00ed postroje, obojky, vod\u00edtka a dopl\u0148ky pro psy s profesion\u00e1ln\u00edmi slu\u017ebami na m\u00edru od roku 2005.","publisher":{"@id":"https:\/\/qqpets.com\/#organization"},"potentialAction":[{"@type":"SearchAction","target":{"@type":"EntryPoint","urlTemplate":"https:\/\/qqpets.com\/?s={search_term_string}"},"query-input":{"@type":"PropertyValueSpecification","valueRequired":true,"valueName":"search_term_string"}}],"inLanguage":"cs"},{"@type":"Organization","@id":"https:\/\/qqpets.com\/#organization","name":"QQPETS","url":"https:\/\/qqpets.com\/","logo":{"@type":"ImageObject","inLanguage":"cs","@id":"https:\/\/qqpets.com\/#\/schema\/logo\/image\/","url":"https:\/\/qqpets.com\/wp-content\/uploads\/2023\/09\/cropped-cropped-qqpets-tiktok.jpg","contentUrl":"https:\/\/qqpets.com\/wp-content\/uploads\/2023\/09\/cropped-cropped-qqpets-tiktok.jpg","width":511,"height":511,"caption":"QQPETS"},"image":{"@id":"https:\/\/qqpets.com\/#\/schema\/logo\/image\/"},"sameAs":["https:\/\/www.facebook.com\/QQpetsdogcollars","https:\/\/www.instagram.com\/qqpetscollar\/","https:\/\/www.pinterest.com\/qqpetsdogcollarsfactory\/"]}]}},"_links":{"self":[{"href":"https:\/\/qqpets.com\/cs\/wp-json\/wp\/v2\/product\/7740","targetHints":{"allow":["GET"]}}],"collection":[{"href":"https:\/\/qqpets.com\/cs\/wp-json\/wp\/v2\/product"}],"about":[{"href":"https:\/\/qqpets.com\/cs\/wp-json\/wp\/v2\/types\/product"}],"wp:featuredmedia":[{"embeddable":true,"href":"https:\/\/qqpets.com\/cs\/wp-json\/wp\/v2\/media\/7234"}],"wp:attachment":[{"href":"https:\/\/qqpets.com\/cs\/wp-json\/wp\/v2\/media?parent=7740"}],"wp:term":[{"taxonomy":"product_brand","embeddable":true,"href":"https:\/\/qqpets.com\/cs\/wp-json\/wp\/v2\/product_brand?post=7740"},{"taxonomy":"product_cat","embeddable":true,"href":"https:\/\/qqpets.com\/cs\/wp-json\/wp\/v2\/product_cat?post=7740"},{"taxonomy":"product_tag","embeddable":true,"href":"https:\/\/qqpets.com\/cs\/wp-json\/wp\/v2\/product_tag?post=7740"}],"curies":[{"name":"wp","href":"https:\/\/api.w.org\/{rel}","templated":true}]}}