{"id":7748,"date":"2024-09-02T15:40:07","date_gmt":"2024-09-02T07:40:07","guid":{"rendered":"https:\/\/qqpets.com\/?post_type=product&#038;p=7748"},"modified":"2024-09-03T16:47:29","modified_gmt":"2024-09-03T08:47:29","slug":"reflective-dog-collar","status":"publish","type":"product","link":"https:\/\/qqpets.com\/cs\/produkt\/reflective-dog-collar\/","title":{"rendered":"Reflexn\u00ed obojek pro psy"},"content":{"rendered":"<p>P\u0159edstavujeme v\u00e1m n\u00e1\u0161 reflexn\u00ed obojek pro psy, kter\u00fd je nezbytn\u00fdm bezpe\u010dnostn\u00edm dopl\u0148kem pro v\u0161echny dom\u00e1c\u00ed mazl\u00ed\u010dky, kte\u0159\u00ed se pohybuj\u00ed ve\u010der nebo brzy r\u00e1no. Tento obojek je navr\u017een tak, aby maximalizoval viditelnost va\u0161eho psa za zhor\u0161en\u00fdch sv\u011bteln\u00fdch podm\u00ednek, a to d\u00edky vysoce kvalitn\u00edmu reflexn\u00edmu materi\u00e1lu, kter\u00fd zachycuje sv\u011btlo z pouli\u010dn\u00edch lamp a sv\u011btlomet\u016f a zaji\u0161\u0165uje, \u017ee je pes vid\u011bt na d\u00e1lku.<\/p>\n<p>L\u00edmec je vyroben z odoln\u00fdch a vysoce pevn\u00fdch materi\u00e1l\u016f, tak\u017ee odol\u00e1v\u00e1 ka\u017edodenn\u00edmu pou\u017e\u00edv\u00e1n\u00ed a z\u00e1rove\u0148 si zachov\u00e1v\u00e1 pohodl\u00ed. Nastaviteln\u00e1 konstrukce umo\u017e\u0148uje p\u0159izp\u016fsoben\u00ed na m\u00edru a zaji\u0161\u0165uje, aby byl obojek t\u011bsn\u00fd, ale z\u00e1rove\u0148 pohodln\u00fd pro va\u0161eho psa, a zabra\u0148uje tak jeho sklouz\u00e1v\u00e1n\u00ed a od\u00edr\u00e1n\u00ed.<\/p>\n<p>Krom\u011b reflexn\u00edch prvk\u016f je tento obojek vybaven odolnou sponou pro bezpe\u010dn\u00e9 zap\u00edn\u00e1n\u00ed a robustn\u00edm D-krou\u017ekem pro spolehliv\u00e9 p\u0159ipevn\u011bn\u00ed vod\u00edtka. A\u0165 u\u017e jste na b\u011b\u017en\u00e9 ve\u010dern\u00ed proch\u00e1zce nebo na rann\u00edm b\u011bhu, tento obojek zajist\u00ed, \u017ee v\u00e1\u0161 mazl\u00ed\u010dek bude v\u017edy viditeln\u00fd a v bezpe\u010d\u00ed.<\/p>\n<p>N\u00e1\u0161 reflexn\u00ed obojek pro psy je nejen funk\u010dn\u00ed, ale tak\u00e9 stylov\u00fd. Je k dispozici v r\u016fzn\u00fdch barv\u00e1ch, tak\u017ee si m\u016f\u017eete vybrat dokonal\u00fd dopln\u011bk k osobnosti a stylu va\u0161eho mazl\u00ed\u010dka, kter\u00fd se stane skv\u011bl\u00fdm dopl\u0148kem jeho \u0161atn\u00edku. Je ide\u00e1ln\u00ed volbou pro ka\u017ed\u00e9ho, kdo chce zv\u00fd\u0161it bezpe\u010dnost sv\u00e9ho psa p\u0159i jeho ka\u017edodenn\u00edch aktivit\u00e1ch, a poskytuje kombinaci bezpe\u010dnosti, stylu a klidu.<\/p>\n<h5><strong>Jsou reflexn\u00ed obojky pro psy vhodn\u00e9?<\/strong><\/h5>\n<p>Ano, reflexn\u00ed obojky jsou pro psy vhodn\u00e9, proto\u017ee zlep\u0161uj\u00ed viditelnost za zhor\u0161en\u00fdch sv\u011bteln\u00fdch podm\u00ednek, nap\u0159\u00edklad p\u0159i ve\u010dern\u00edch proch\u00e1zk\u00e1ch nebo za mlhav\u00e9ho po\u010das\u00ed, a zvy\u0161uj\u00ed tak bezpe\u010dnost, proto\u017ee zviditel\u0148uj\u00ed psa pro \u0159idi\u010de a ostatn\u00ed.<\/p>\n<h5><strong>M\u016f\u017eete vyrobit reflexn\u00ed obojek pro psa?<\/strong><\/h5>\n<p>Ano, obojek pro psa m\u016f\u017eete reflexn\u011b vylep\u0161it p\u0159id\u00e1n\u00edm reflexn\u00ed p\u00e1sky nebo zakoupen\u00edm p\u0159ip\u00ednac\u00edch sv\u011btel \u010di reflexn\u00edch p\u0159\u00edv\u011bsk\u016f, kter\u00e9 se na obojek p\u0159ipevn\u00ed.<\/p>\n<h5><strong>Jsou sv\u00edt\u00edc\u00ed obojky pro psy bezpe\u010dn\u00e9?<\/strong><\/h5>\n<p>Ano, sv\u00edt\u00edc\u00ed obojky pro psy jsou obecn\u011b bezpe\u010dn\u00e9. Pom\u00e1haj\u00ed udr\u017eet psa viditeln\u00e9ho ve tm\u011b. Dbejte v\u0161ak na to, aby byl obojek spr\u00e1vn\u011b nasazen, aby byly sv\u011bteln\u00e9 komponenty bezpe\u010dn\u011b p\u0159ipevn\u011bny a aby byl kryt bateri\u00ed vodot\u011bsn\u00fd a odoln\u00fd proti manipulaci, aby se v\u00e1\u0161 pes nemohl dostat k bateri\u00edm.<\/p>\n<h5><strong>Vyplat\u00ed se sledovac\u00ed obojky pro psy?<\/strong><\/h5>\n<p>Sledovac\u00ed obojky pro psy se mohou vyplatit zejm\u00e9na majitel\u016fm zv\u00ed\u0159at, kte\u0159\u00ed \u017eij\u00ed na venkov\u011b nebo jejich\u017e psi maj\u00ed tendenci se toulat nebo ut\u00edkat. Tyto obojky vyu\u017e\u00edvaj\u00ed GPS nebo jinou technologii, kter\u00e1 pom\u016f\u017ee lokalizovat va\u0161eho psa, pokud se ztrat\u00ed.<\/p>\n<h5><strong>Je v po\u0159\u00e1dku, aby psi nosili obojky po celou dobu?<\/strong><\/h5>\n<p>Pro psy je obecn\u011b bezpe\u010dn\u00e9 nosit obojky po celou dobu, pokud jsou dob\u0159e p\u0159izp\u016fsoben\u00e9, pohodln\u00e9 a vyroben\u00e9 z nedr\u00e1\u017ediv\u00fdch materi\u00e1l\u016f. Je v\u0161ak d\u016fle\u017eit\u00e9 ob\u010das zkontrolovat, zda obojek nevykazuje zn\u00e1mky opot\u0159eben\u00ed nebo podr\u00e1\u017ed\u011bn\u00ed, a v p\u0159\u00edpad\u011b rizika zachycen\u00ed jej v bezpe\u010dn\u00e9m, uzav\u0159en\u00e9m prost\u0159ed\u00ed sundat.<\/p>\n<h5><strong>Jak\u00fd je nejlep\u0161\u00ed obojek pro psa?<\/strong><\/h5>\n<p>Nejlep\u0161\u00ed obojek pro psa z\u00e1vis\u00ed na konkr\u00e9tn\u00edch pot\u0159eb\u00e1ch a aktivit\u00e1ch psa. Pro b\u011b\u017en\u00e9 pou\u017eit\u00ed se \u010dasto doporu\u010duje ploch\u00fd nastaviteln\u00fd nylonov\u00fd nebo ko\u017een\u00fd obojek pro jeho odolnost, pohodl\u00ed a snadn\u00e9 pou\u017e\u00edv\u00e1n\u00ed. M\u011bl by m\u00edt bezpe\u010dnou p\u0159ezku a krou\u017eek pro p\u0159ipevn\u011bn\u00ed identifika\u010dn\u00ed zn\u00e1mky a vod\u00edtka.<\/p>","protected":false},"excerpt":{"rendered":"<p>Zvy\u0161te bezpe\u010dnost sv\u00e9ho psa v noci pomoc\u00ed na\u0161eho reflexn\u00edho obojku. Tento obojek je navr\u017een tak, aby byl dob\u0159e viditeln\u00fd, a je vybaven jasn\u00fdm reflexn\u00edm materi\u00e1lem, kter\u00fd zajist\u00ed, \u017ee v\u00e1\u0161 mazl\u00ed\u010dek bude vid\u011bt i za zhor\u0161en\u00fdch sv\u011bteln\u00fdch podm\u00ednek. Je nastaviteln\u00fd pro dokonal\u00e9 p\u0159izp\u016fsoben\u00ed a vyroben\u00fd z odoln\u00fdch materi\u00e1l\u016f pro dlouhodob\u00e9 pou\u017e\u00edv\u00e1n\u00ed. Je ide\u00e1ln\u00ed na ve\u010dern\u00ed proch\u00e1zky, kombinuje bezpe\u010dnost s pohodl\u00edm a zaji\u0161\u0165uje klid na ka\u017ed\u00e9 vych\u00e1zce.<\/p>","protected":false},"featured_media":7673,"template":"","meta":[],"product_brand":[],"product_cat":[26],"product_tag":[],"class_list":{"0":"post-7748","1":"product","2":"type-product","3":"status-publish","4":"has-post-thumbnail","6":"product_cat-dog-collar","7":"pa_brand-qqpets","9":"first","10":"instock","11":"shipping-taxable","12":"product-type-simple"},"yoast_head":"<!-- This site is optimized with the Yoast SEO plugin v26.6 - https:\/\/yoast.com\/wordpress\/plugins\/seo\/ -->\n<title>Reflective Dog Collar | QQPETS<\/title>\n<meta name=\"description\" content=\"Boost nighttime safety with our Reflective Dog Collar. High visibility for evening walks. Secure and stylish!\" \/>\n<meta name=\"robots\" content=\"index, follow, max-snippet:-1, max-image-preview:large, max-video-preview:-1\" \/>\n<link rel=\"canonical\" href=\"https:\/\/qqpets.com\/cs\/produkt\/reflective-dog-collar\/\" \/>\n<meta property=\"og:locale\" content=\"cs_CZ\" \/>\n<meta property=\"og:type\" content=\"article\" \/>\n<meta property=\"og:title\" content=\"Reflective Dog Collar | QQPETS\" \/>\n<meta property=\"og:description\" content=\"Boost nighttime safety with our Reflective Dog Collar. High visibility for evening walks. Secure and stylish!\" \/>\n<meta property=\"og:url\" content=\"https:\/\/qqpets.com\/cs\/produkt\/reflective-dog-collar\/\" \/>\n<meta property=\"og:site_name\" content=\"QQPETS\" \/>\n<meta property=\"article:publisher\" content=\"https:\/\/www.facebook.com\/QQpetsdogcollars\" \/>\n<meta property=\"article:modified_time\" content=\"2024-09-03T08:47:29+00:00\" \/>\n<meta property=\"og:image\" content=\"https:\/\/qqpets.com\/wp-content\/uploads\/2024\/08\/Adjustable-Print-Basic-Dog-Collar-1.webp\" \/>\n\t<meta property=\"og:image:width\" content=\"1600\" \/>\n\t<meta property=\"og:image:height\" content=\"1600\" \/>\n\t<meta property=\"og:image:type\" content=\"image\/webp\" \/>\n<meta name=\"twitter:card\" content=\"summary_large_image\" \/>\n<meta name=\"twitter:label1\" content=\"Odhadovan\u00e1 doba \u010dten\u00ed\" \/>\n\t<meta name=\"twitter:data1\" content=\"3 minuty\" \/>\n<script type=\"application\/ld+json\" class=\"yoast-schema-graph\">{\"@context\":\"https:\/\/schema.org\",\"@graph\":[{\"@type\":\"WebPage\",\"@id\":\"https:\/\/qqpets.com\/product\/reflective-dog-collar\/\",\"url\":\"https:\/\/qqpets.com\/product\/reflective-dog-collar\/\",\"name\":\"Reflective Dog Collar | QQPETS\",\"isPartOf\":{\"@id\":\"https:\/\/qqpets.com\/#website\"},\"primaryImageOfPage\":{\"@id\":\"https:\/\/qqpets.com\/product\/reflective-dog-collar\/#primaryimage\"},\"image\":{\"@id\":\"https:\/\/qqpets.com\/product\/reflective-dog-collar\/#primaryimage\"},\"thumbnailUrl\":\"https:\/\/qqpets.com\/wp-content\/uploads\/2024\/08\/Adjustable-Print-Basic-Dog-Collar-1.webp\",\"datePublished\":\"2024-09-02T07:40:07+00:00\",\"dateModified\":\"2024-09-03T08:47:29+00:00\",\"description\":\"Boost nighttime safety with our Reflective Dog Collar. High visibility for evening walks. Secure and stylish!\",\"breadcrumb\":{\"@id\":\"https:\/\/qqpets.com\/product\/reflective-dog-collar\/#breadcrumb\"},\"inLanguage\":\"cs\",\"potentialAction\":[{\"@type\":\"ReadAction\",\"target\":[\"https:\/\/qqpets.com\/product\/reflective-dog-collar\/\"]}]},{\"@type\":\"ImageObject\",\"inLanguage\":\"cs\",\"@id\":\"https:\/\/qqpets.com\/product\/reflective-dog-collar\/#primaryimage\",\"url\":\"https:\/\/qqpets.com\/wp-content\/uploads\/2024\/08\/Adjustable-Print-Basic-Dog-Collar-1.webp\",\"contentUrl\":\"https:\/\/qqpets.com\/wp-content\/uploads\/2024\/08\/Adjustable-Print-Basic-Dog-Collar-1.webp\",\"width\":1600,\"height\":1600},{\"@type\":\"BreadcrumbList\",\"@id\":\"https:\/\/qqpets.com\/product\/reflective-dog-collar\/#breadcrumb\",\"itemListElement\":[{\"@type\":\"ListItem\",\"position\":1,\"name\":\"Home\",\"item\":\"https:\/\/qqpets.com\/\"},{\"@type\":\"ListItem\",\"position\":2,\"name\":\"Products\",\"item\":\"https:\/\/qqpets.com\/pet-products-manufacturer\/\"},{\"@type\":\"ListItem\",\"position\":3,\"name\":\"Reflective Dog Collar\"}]},{\"@type\":\"WebSite\",\"@id\":\"https:\/\/qqpets.com\/#website\",\"url\":\"https:\/\/qqpets.com\/\",\"name\":\"QQPETS\",\"description\":\"QQPETS is a pet products factory for dog harnesses, dog collars, dog leashes and dog accessories with professional customized service since 2005.\",\"publisher\":{\"@id\":\"https:\/\/qqpets.com\/#organization\"},\"potentialAction\":[{\"@type\":\"SearchAction\",\"target\":{\"@type\":\"EntryPoint\",\"urlTemplate\":\"https:\/\/qqpets.com\/?s={search_term_string}\"},\"query-input\":{\"@type\":\"PropertyValueSpecification\",\"valueRequired\":true,\"valueName\":\"search_term_string\"}}],\"inLanguage\":\"cs\"},{\"@type\":\"Organization\",\"@id\":\"https:\/\/qqpets.com\/#organization\",\"name\":\"QQPETS\",\"url\":\"https:\/\/qqpets.com\/\",\"logo\":{\"@type\":\"ImageObject\",\"inLanguage\":\"cs\",\"@id\":\"https:\/\/qqpets.com\/#\/schema\/logo\/image\/\",\"url\":\"https:\/\/qqpets.com\/wp-content\/uploads\/2023\/09\/cropped-cropped-qqpets-tiktok.jpg\",\"contentUrl\":\"https:\/\/qqpets.com\/wp-content\/uploads\/2023\/09\/cropped-cropped-qqpets-tiktok.jpg\",\"width\":511,\"height\":511,\"caption\":\"QQPETS\"},\"image\":{\"@id\":\"https:\/\/qqpets.com\/#\/schema\/logo\/image\/\"},\"sameAs\":[\"https:\/\/www.facebook.com\/QQpetsdogcollars\",\"https:\/\/www.instagram.com\/qqpetscollar\/\",\"https:\/\/www.pinterest.com\/qqpetsdogcollarsfactory\/\"]}]}<\/script>\n<!-- \/ Yoast SEO plugin. -->","yoast_head_json":{"title":"Reflexn\u00ed obojek pro psy | QQPETS","description":"Zvy\u0161te no\u010dn\u00ed bezpe\u010dnost pomoc\u00ed na\u0161eho reflexn\u00edho obojku pro psy. Vysok\u00e1 viditelnost pro ve\u010dern\u00ed proch\u00e1zky. Bezpe\u010dn\u00fd a stylov\u00fd!","robots":{"index":"index","follow":"follow","max-snippet":"max-snippet:-1","max-image-preview":"max-image-preview:large","max-video-preview":"max-video-preview:-1"},"canonical":"https:\/\/qqpets.com\/cs\/produkt\/reflective-dog-collar\/","og_locale":"cs_CZ","og_type":"article","og_title":"Reflective Dog Collar | QQPETS","og_description":"Boost nighttime safety with our Reflective Dog Collar. High visibility for evening walks. Secure and stylish!","og_url":"https:\/\/qqpets.com\/cs\/produkt\/reflective-dog-collar\/","og_site_name":"QQPETS","article_publisher":"https:\/\/www.facebook.com\/QQpetsdogcollars","article_modified_time":"2024-09-03T08:47:29+00:00","og_image":[{"width":1600,"height":1600,"url":"https:\/\/qqpets.com\/wp-content\/uploads\/2024\/08\/Adjustable-Print-Basic-Dog-Collar-1.webp","type":"image\/webp"}],"twitter_card":"summary_large_image","twitter_misc":{"Odhadovan\u00e1 doba \u010dten\u00ed":"3 minuty"},"schema":{"@context":"https:\/\/schema.org","@graph":[{"@type":"WebPage","@id":"https:\/\/qqpets.com\/product\/reflective-dog-collar\/","url":"https:\/\/qqpets.com\/product\/reflective-dog-collar\/","name":"Reflexn\u00ed obojek pro psy | QQPETS","isPartOf":{"@id":"https:\/\/qqpets.com\/#website"},"primaryImageOfPage":{"@id":"https:\/\/qqpets.com\/product\/reflective-dog-collar\/#primaryimage"},"image":{"@id":"https:\/\/qqpets.com\/product\/reflective-dog-collar\/#primaryimage"},"thumbnailUrl":"https:\/\/qqpets.com\/wp-content\/uploads\/2024\/08\/Adjustable-Print-Basic-Dog-Collar-1.webp","datePublished":"2024-09-02T07:40:07+00:00","dateModified":"2024-09-03T08:47:29+00:00","description":"Zvy\u0161te no\u010dn\u00ed bezpe\u010dnost pomoc\u00ed na\u0161eho reflexn\u00edho obojku pro psy. Vysok\u00e1 viditelnost pro ve\u010dern\u00ed proch\u00e1zky. Bezpe\u010dn\u00fd a stylov\u00fd!","breadcrumb":{"@id":"https:\/\/qqpets.com\/product\/reflective-dog-collar\/#breadcrumb"},"inLanguage":"cs","potentialAction":[{"@type":"ReadAction","target":["https:\/\/qqpets.com\/product\/reflective-dog-collar\/"]}]},{"@type":"ImageObject","inLanguage":"cs","@id":"https:\/\/qqpets.com\/product\/reflective-dog-collar\/#primaryimage","url":"https:\/\/qqpets.com\/wp-content\/uploads\/2024\/08\/Adjustable-Print-Basic-Dog-Collar-1.webp","contentUrl":"https:\/\/qqpets.com\/wp-content\/uploads\/2024\/08\/Adjustable-Print-Basic-Dog-Collar-1.webp","width":1600,"height":1600},{"@type":"BreadcrumbList","@id":"https:\/\/qqpets.com\/product\/reflective-dog-collar\/#breadcrumb","itemListElement":[{"@type":"ListItem","position":1,"name":"Home","item":"https:\/\/qqpets.com\/"},{"@type":"ListItem","position":2,"name":"Products","item":"https:\/\/qqpets.com\/pet-products-manufacturer\/"},{"@type":"ListItem","position":3,"name":"Reflective Dog Collar"}]},{"@type":"WebSite","@id":"https:\/\/qqpets.com\/#website","url":"https:\/\/qqpets.com\/","name":"QQPETS","description":"QQPETS je tov\u00e1rna na v\u00fdrobky pro dom\u00e1c\u00ed mazl\u00ed\u010dky pro ps\u00ed postroje, obojky, vod\u00edtka a dopl\u0148ky pro psy s profesion\u00e1ln\u00edmi slu\u017ebami na m\u00edru od roku 2005.","publisher":{"@id":"https:\/\/qqpets.com\/#organization"},"potentialAction":[{"@type":"SearchAction","target":{"@type":"EntryPoint","urlTemplate":"https:\/\/qqpets.com\/?s={search_term_string}"},"query-input":{"@type":"PropertyValueSpecification","valueRequired":true,"valueName":"search_term_string"}}],"inLanguage":"cs"},{"@type":"Organization","@id":"https:\/\/qqpets.com\/#organization","name":"QQPETS","url":"https:\/\/qqpets.com\/","logo":{"@type":"ImageObject","inLanguage":"cs","@id":"https:\/\/qqpets.com\/#\/schema\/logo\/image\/","url":"https:\/\/qqpets.com\/wp-content\/uploads\/2023\/09\/cropped-cropped-qqpets-tiktok.jpg","contentUrl":"https:\/\/qqpets.com\/wp-content\/uploads\/2023\/09\/cropped-cropped-qqpets-tiktok.jpg","width":511,"height":511,"caption":"QQPETS"},"image":{"@id":"https:\/\/qqpets.com\/#\/schema\/logo\/image\/"},"sameAs":["https:\/\/www.facebook.com\/QQpetsdogcollars","https:\/\/www.instagram.com\/qqpetscollar\/","https:\/\/www.pinterest.com\/qqpetsdogcollarsfactory\/"]}]}},"_links":{"self":[{"href":"https:\/\/qqpets.com\/cs\/wp-json\/wp\/v2\/product\/7748","targetHints":{"allow":["GET"]}}],"collection":[{"href":"https:\/\/qqpets.com\/cs\/wp-json\/wp\/v2\/product"}],"about":[{"href":"https:\/\/qqpets.com\/cs\/wp-json\/wp\/v2\/types\/product"}],"wp:featuredmedia":[{"embeddable":true,"href":"https:\/\/qqpets.com\/cs\/wp-json\/wp\/v2\/media\/7673"}],"wp:attachment":[{"href":"https:\/\/qqpets.com\/cs\/wp-json\/wp\/v2\/media?parent=7748"}],"wp:term":[{"taxonomy":"product_brand","embeddable":true,"href":"https:\/\/qqpets.com\/cs\/wp-json\/wp\/v2\/product_brand?post=7748"},{"taxonomy":"product_cat","embeddable":true,"href":"https:\/\/qqpets.com\/cs\/wp-json\/wp\/v2\/product_cat?post=7748"},{"taxonomy":"product_tag","embeddable":true,"href":"https:\/\/qqpets.com\/cs\/wp-json\/wp\/v2\/product_tag?post=7748"}],"curies":[{"name":"wp","href":"https:\/\/api.w.org\/{rel}","templated":true}]}}