{"id":7762,"date":"2024-09-02T16:36:21","date_gmt":"2024-09-02T08:36:21","guid":{"rendered":"https:\/\/qqpets.com\/?post_type=product&#038;p=7762"},"modified":"2024-09-02T16:36:21","modified_gmt":"2024-09-02T08:36:21","slug":"nylon-dog-collar","status":"publish","type":"product","link":"https:\/\/qqpets.com\/cs\/produkt\/nylon-dog-collar\/","title":{"rendered":"Nylonov\u00fd obojek pro psy"},"content":{"rendered":"<p>S na\u0161\u00edm nylonov\u00fdm obojkem pro psy m\u016f\u017eete do ka\u017edodenn\u00ed rutiny sv\u00e9ho mazl\u00ed\u010dka vn\u00e9st kombinaci pohodl\u00ed, stylu a odolnosti. Tento vysoce kvalitn\u00ed obojek je vyroben z prvot\u0159\u00eddn\u00edho nylonov\u00e9ho materi\u00e1lu, kter\u00fd je zn\u00e1m\u00fd svou pevnost\u00ed a dlouhou \u017eivotnost\u00ed. Lehk\u00e1 konstrukce zaji\u0161\u0165uje, \u017ee ho v\u00e1\u0161 mazl\u00ed\u010dek bude pohodln\u011b nosit po cel\u00fd den, a\u0165 u\u017e doma, na proch\u00e1zce nebo p\u0159i h\u0159e.<\/p>\n<p>Nastaviteln\u00fd obojek umo\u017e\u0148uje p\u0159esn\u00e9 p\u0159izp\u016fsoben\u00ed ps\u016fm v\u0161ech velikost\u00ed a plemen. D\u00edky snadno pou\u017eiteln\u00e9 p\u0159ezce je nasazov\u00e1n\u00ed a sund\u00e1v\u00e1n\u00ed obojku hra\u010dka, co\u017e zaji\u0161\u0165uje bezprobl\u00e9mov\u00fd z\u00e1\u017eitek pro zv\u00ed\u0159e i majitele.<\/p>\n<p>N\u00e1\u0161 obojek je vybaven robustn\u00edm D-krou\u017ekem, kter\u00fd zaji\u0161\u0165uje bezpe\u010dn\u00e9 uchycen\u00ed vod\u00edtka a je ide\u00e1ln\u00ed pro ka\u017edodenn\u00ed proch\u00e1zky a v\u00fdcvik. Pevnost nylonu zaji\u0161\u0165uje, \u017ee obojek vydr\u017e\u00ed tlak, a vy tak m\u00e1te jistotu, \u017ee je v\u00e1\u0161 mazl\u00ed\u010dek bezpe\u010dn\u011b zaji\u0161t\u011bn.<\/p>\n<p>N\u00e1\u0161 nylonov\u00fd obojek pro psy je k dispozici v r\u016fzn\u00fdch z\u00e1\u0159iv\u00fdch barv\u00e1ch a umo\u017e\u0148uje p\u0159izp\u016fsobit vzhled va\u0161eho mazl\u00ed\u010dka. A\u0165 u\u017e d\u00e1v\u00e1te p\u0159ednost klasick\u00fdm nebo jasn\u00fdm odst\u00edn\u016fm, m\u016f\u017eete naj\u00edt dokonalou barvu, kter\u00e1 bude odr\u00e1\u017eet osobnost a styl va\u0161eho psa.<\/p>\n<p>N\u00e1\u0161 nylonov\u00fd obojek pro psy je ide\u00e1ln\u00ed pro majitele dom\u00e1c\u00edch mazl\u00ed\u010dk\u016f, kte\u0159\u00ed hledaj\u00ed spolehliv\u00fd obojek bez zbyte\u010dn\u00fdch starost\u00ed, a nab\u00edz\u00ed praktick\u00e9 \u0159e\u0161en\u00ed, kter\u00e9 neub\u00edr\u00e1 na kvalit\u011b ani estetice. Vybavte sv\u00e9ho mazl\u00ed\u010dka t\u00edmto nezbytn\u00fdm dopl\u0148kem pro jeho ka\u017edodenn\u00ed dobrodru\u017estv\u00ed a u\u017eijte si dokonalou kombinaci funk\u010dnosti a m\u00f3dy.<\/p>\n<h5><strong>Jsou nylonov\u00e9 obojky vhodn\u00e9 pro psy?<\/strong><\/h5>\n<p>Ano, nylonov\u00e9 obojky jsou pro psy vhodn\u00e9, proto\u017ee jsou odoln\u00e9, lehk\u00e9 a dostupn\u00e9 v r\u016fzn\u00fdch barv\u00e1ch a stylech. Snadno se tak\u00e9 \u010dist\u00ed a udr\u017euj\u00ed, co\u017e z nich \u010din\u00ed obl\u00edbenou volbu pro ka\u017edodenn\u00ed pou\u017eit\u00ed.<\/p>\n<h5><strong>Jak\u00fd materi\u00e1l je nejlep\u0161\u00ed pro ps\u00ed obojky?<\/strong><\/h5>\n<p>Nejlep\u0161\u00ed materi\u00e1l pro ps\u00ed obojky z\u00e1vis\u00ed na pot\u0159eb\u00e1ch a aktivit\u00e1ch va\u0161eho psa. Nylon je skv\u011bl\u00fd pro svou odolnost a snadnou \u00fadr\u017ebu, zat\u00edmco k\u016f\u017ee je preferov\u00e1na pro svou pevnost a estetick\u00fd vzhled. Pro citlivou poko\u017eku mohou b\u00fdt vhodn\u011bj\u0161\u00ed materi\u00e1ly jako bavlna nebo konop\u00ed d\u00edky sv\u00fdm p\u0159\u00edrodn\u00edm a hypoalergenn\u00edm vlastnostem.<\/p>\n<h5><strong>Je nylonov\u00e1 tkanina bezpe\u010dn\u00e1 pro psy?<\/strong><\/h5>\n<p>Ano, nylonov\u00e1 tkanina je pro psy bezpe\u010dn\u00e1. Je to pevn\u00fd a odoln\u00fd materi\u00e1l, kter\u00fd odol\u00e1v\u00e1 opot\u0159eben\u00ed. Dbejte v\u0161ak na spr\u00e1vn\u00e9 nasazen\u00ed obojku, aby nedoch\u00e1zelo k podr\u00e1\u017ed\u011bn\u00ed nebo od\u00edr\u00e1n\u00ed, zejm\u00e9na pokud m\u00e1 v\u00e1\u0161 pes citlivou poko\u017eku.<\/p>\n<h5><strong>Jak\u00fd obojek je pro psa nejlep\u0161\u00ed?<\/strong><\/h5>\n<p>Nejlep\u0161\u00ed obojek pro psa je takov\u00fd, kter\u00fd dob\u0159e padne, je vyroben z pohodln\u00e9ho materi\u00e1lu a vyhovuje velikosti, plemeni a \u017eivotn\u00edmu stylu va\u0161eho psa. Ploch\u00e9 obojky jsou obecn\u011b vhodn\u00e9 pro v\u011bt\u0161inu ps\u016f a \u010dinnost\u00ed.<\/p>\n<h5><strong>Jak\u00fd obojek doporu\u010duj\u00ed veterin\u00e1\u0159i?<\/strong><\/h5>\n<p>Veterin\u00e1\u0159i obvykle doporu\u010duj\u00ed ploch\u00e9 obojky z odoln\u00fdch materi\u00e1l\u016f, jako je nylon nebo k\u016f\u017ee, vybaven\u00e9 rychloup\u00ednac\u00ed sponou pro zaji\u0161t\u011bn\u00ed bezpe\u010dnosti. Doporu\u010duj\u00ed tak\u00e9 obojky, kter\u00e9 jsou dostate\u010dn\u011b \u0161irok\u00e9, aby rovnom\u011brn\u011b rozkl\u00e1daly tlak, a ne p\u0159\u00edli\u0161 t\u011bsn\u00e9, aby nedoch\u00e1zelo k du\u0161en\u00ed nebo nepohodl\u00ed.<\/p>\n<h5><strong>Jak\u00fd je nejpevn\u011bj\u0161\u00ed materi\u00e1l na vod\u00edtko pro psy?<\/strong><\/h5>\n<p>Nejpevn\u011bj\u0161\u00edmi materi\u00e1ly pro vod\u00edtka pro psy jsou nylon a k\u016f\u017ee. Nylonov\u00e1 vod\u00edtka jsou zn\u00e1m\u00e1 pro svou pevnost a odolnost v\u016f\u010di pov\u011btrnostn\u00edm vliv\u016fm a opot\u0159eben\u00ed, zat\u00edmco ko\u017een\u00e1 vod\u00edtka jsou obl\u00edben\u00e1 pro svou trvanlivost a p\u0159irozen\u00fd pocit, zejm\u00e9na pro siln\u00e9 tahouny.<\/p>","protected":false},"excerpt":{"rendered":"<p>Vyberte si odolnost a styl s na\u0161\u00edm nylonov\u00fdm obojkem pro psy. Je navr\u017een pro ka\u017edodenn\u00ed no\u0161en\u00ed a m\u00e1 robustn\u00ed nylonovou konstrukci s nastavitelnou sponou pro dokonal\u00e9 p\u0159izp\u016fsoben\u00ed. Tento obojek je lehk\u00fd a z\u00e1rove\u0148 pevn\u00fd, co\u017e zaji\u0161\u0165uje pohodl\u00ed a spolehlivost. Je ide\u00e1ln\u00ed pro v\u0161echna plemena a obsahuje odoln\u00fd D-krou\u017eek pro bezpe\u010dn\u00e9 p\u0159ipevn\u011bn\u00ed vod\u00edtka. K dispozici v r\u016fzn\u00fdch barv\u00e1ch, kter\u00e9 se hod\u00ed k osobnosti va\u0161eho dom\u00e1c\u00edho mazl\u00ed\u010dka.<\/p>","protected":false},"featured_media":7235,"template":"","meta":[],"product_brand":[],"product_cat":[26],"product_tag":[],"class_list":{"0":"post-7762","1":"product","2":"type-product","3":"status-publish","4":"has-post-thumbnail","6":"product_cat-dog-collar","7":"pa_brand-qqpets","9":"first","10":"instock","11":"shipping-taxable","12":"product-type-simple"},"yoast_head":"<!-- This site is optimized with the Yoast SEO plugin v26.6 - https:\/\/yoast.com\/wordpress\/plugins\/seo\/ -->\n<title>Nylon Dog Collar | QQPETS<\/title>\n<meta name=\"description\" content=\"Durable Nylon Dog Collar for everyday use. Comfortable, adjustable, and stylish. Perfect for all breeds!\" \/>\n<meta name=\"robots\" content=\"index, follow, max-snippet:-1, max-image-preview:large, max-video-preview:-1\" \/>\n<link rel=\"canonical\" href=\"https:\/\/qqpets.com\/cs\/produkt\/nylon-dog-collar\/\" \/>\n<meta property=\"og:locale\" content=\"cs_CZ\" \/>\n<meta property=\"og:type\" content=\"article\" \/>\n<meta property=\"og:title\" content=\"Nylon Dog Collar | QQPETS\" \/>\n<meta property=\"og:description\" content=\"Durable Nylon Dog Collar for everyday use. Comfortable, adjustable, and stylish. Perfect for all breeds!\" \/>\n<meta property=\"og:url\" content=\"https:\/\/qqpets.com\/cs\/produkt\/nylon-dog-collar\/\" \/>\n<meta property=\"og:site_name\" content=\"QQPETS\" \/>\n<meta property=\"article:publisher\" content=\"https:\/\/www.facebook.com\/QQpetsdogcollars\" \/>\n<meta property=\"og:image\" content=\"https:\/\/qqpets.com\/wp-content\/uploads\/2023\/09\/black-nylon-dog-collar.webp\" \/>\n\t<meta property=\"og:image:width\" content=\"1280\" \/>\n\t<meta property=\"og:image:height\" content=\"1280\" \/>\n\t<meta property=\"og:image:type\" content=\"image\/webp\" \/>\n<meta name=\"twitter:card\" content=\"summary_large_image\" \/>\n<meta name=\"twitter:label1\" content=\"Odhadovan\u00e1 doba \u010dten\u00ed\" \/>\n\t<meta name=\"twitter:data1\" content=\"3 minuty\" \/>\n<script type=\"application\/ld+json\" class=\"yoast-schema-graph\">{\"@context\":\"https:\/\/schema.org\",\"@graph\":[{\"@type\":\"WebPage\",\"@id\":\"https:\/\/qqpets.com\/product\/nylon-dog-collar\/\",\"url\":\"https:\/\/qqpets.com\/product\/nylon-dog-collar\/\",\"name\":\"Nylon Dog Collar | QQPETS\",\"isPartOf\":{\"@id\":\"https:\/\/qqpets.com\/#website\"},\"primaryImageOfPage\":{\"@id\":\"https:\/\/qqpets.com\/product\/nylon-dog-collar\/#primaryimage\"},\"image\":{\"@id\":\"https:\/\/qqpets.com\/product\/nylon-dog-collar\/#primaryimage\"},\"thumbnailUrl\":\"https:\/\/qqpets.com\/wp-content\/uploads\/2023\/09\/black-nylon-dog-collar.webp\",\"datePublished\":\"2024-09-02T08:36:21+00:00\",\"description\":\"Durable Nylon Dog Collar for everyday use. Comfortable, adjustable, and stylish. Perfect for all breeds!\",\"breadcrumb\":{\"@id\":\"https:\/\/qqpets.com\/product\/nylon-dog-collar\/#breadcrumb\"},\"inLanguage\":\"cs\",\"potentialAction\":[{\"@type\":\"ReadAction\",\"target\":[\"https:\/\/qqpets.com\/product\/nylon-dog-collar\/\"]}]},{\"@type\":\"ImageObject\",\"inLanguage\":\"cs\",\"@id\":\"https:\/\/qqpets.com\/product\/nylon-dog-collar\/#primaryimage\",\"url\":\"https:\/\/qqpets.com\/wp-content\/uploads\/2023\/09\/black-nylon-dog-collar.webp\",\"contentUrl\":\"https:\/\/qqpets.com\/wp-content\/uploads\/2023\/09\/black-nylon-dog-collar.webp\",\"width\":1280,\"height\":1280,\"caption\":\"black-nylon-dog-collar\"},{\"@type\":\"BreadcrumbList\",\"@id\":\"https:\/\/qqpets.com\/product\/nylon-dog-collar\/#breadcrumb\",\"itemListElement\":[{\"@type\":\"ListItem\",\"position\":1,\"name\":\"Home\",\"item\":\"https:\/\/qqpets.com\/\"},{\"@type\":\"ListItem\",\"position\":2,\"name\":\"Products\",\"item\":\"https:\/\/qqpets.com\/pet-products-manufacturer\/\"},{\"@type\":\"ListItem\",\"position\":3,\"name\":\"Nylon Dog Collar\"}]},{\"@type\":\"WebSite\",\"@id\":\"https:\/\/qqpets.com\/#website\",\"url\":\"https:\/\/qqpets.com\/\",\"name\":\"QQPETS\",\"description\":\"QQPETS is a pet products factory for dog harnesses, dog collars, dog leashes and dog accessories with professional customized service since 2005.\",\"publisher\":{\"@id\":\"https:\/\/qqpets.com\/#organization\"},\"potentialAction\":[{\"@type\":\"SearchAction\",\"target\":{\"@type\":\"EntryPoint\",\"urlTemplate\":\"https:\/\/qqpets.com\/?s={search_term_string}\"},\"query-input\":{\"@type\":\"PropertyValueSpecification\",\"valueRequired\":true,\"valueName\":\"search_term_string\"}}],\"inLanguage\":\"cs\"},{\"@type\":\"Organization\",\"@id\":\"https:\/\/qqpets.com\/#organization\",\"name\":\"QQPETS\",\"url\":\"https:\/\/qqpets.com\/\",\"logo\":{\"@type\":\"ImageObject\",\"inLanguage\":\"cs\",\"@id\":\"https:\/\/qqpets.com\/#\/schema\/logo\/image\/\",\"url\":\"https:\/\/qqpets.com\/wp-content\/uploads\/2023\/09\/cropped-cropped-qqpets-tiktok.jpg\",\"contentUrl\":\"https:\/\/qqpets.com\/wp-content\/uploads\/2023\/09\/cropped-cropped-qqpets-tiktok.jpg\",\"width\":511,\"height\":511,\"caption\":\"QQPETS\"},\"image\":{\"@id\":\"https:\/\/qqpets.com\/#\/schema\/logo\/image\/\"},\"sameAs\":[\"https:\/\/www.facebook.com\/QQpetsdogcollars\",\"https:\/\/www.instagram.com\/qqpetscollar\/\",\"https:\/\/www.pinterest.com\/qqpetsdogcollarsfactory\/\"]}]}<\/script>\n<!-- \/ Yoast SEO plugin. -->","yoast_head_json":{"title":"Nylonov\u00fd obojek pro psy | QQPETS","description":"Odoln\u00fd nylonov\u00fd obojek pro psy pro ka\u017edodenn\u00ed pou\u017eit\u00ed. Pohodln\u00fd, nastaviteln\u00fd a stylov\u00fd. Ide\u00e1ln\u00ed pro v\u0161echna plemena!","robots":{"index":"index","follow":"follow","max-snippet":"max-snippet:-1","max-image-preview":"max-image-preview:large","max-video-preview":"max-video-preview:-1"},"canonical":"https:\/\/qqpets.com\/cs\/produkt\/nylon-dog-collar\/","og_locale":"cs_CZ","og_type":"article","og_title":"Nylon Dog Collar | QQPETS","og_description":"Durable Nylon Dog Collar for everyday use. Comfortable, adjustable, and stylish. Perfect for all breeds!","og_url":"https:\/\/qqpets.com\/cs\/produkt\/nylon-dog-collar\/","og_site_name":"QQPETS","article_publisher":"https:\/\/www.facebook.com\/QQpetsdogcollars","og_image":[{"width":1280,"height":1280,"url":"https:\/\/qqpets.com\/wp-content\/uploads\/2023\/09\/black-nylon-dog-collar.webp","type":"image\/webp"}],"twitter_card":"summary_large_image","twitter_misc":{"Odhadovan\u00e1 doba \u010dten\u00ed":"3 minuty"},"schema":{"@context":"https:\/\/schema.org","@graph":[{"@type":"WebPage","@id":"https:\/\/qqpets.com\/product\/nylon-dog-collar\/","url":"https:\/\/qqpets.com\/product\/nylon-dog-collar\/","name":"Nylonov\u00fd obojek pro psy | QQPETS","isPartOf":{"@id":"https:\/\/qqpets.com\/#website"},"primaryImageOfPage":{"@id":"https:\/\/qqpets.com\/product\/nylon-dog-collar\/#primaryimage"},"image":{"@id":"https:\/\/qqpets.com\/product\/nylon-dog-collar\/#primaryimage"},"thumbnailUrl":"https:\/\/qqpets.com\/wp-content\/uploads\/2023\/09\/black-nylon-dog-collar.webp","datePublished":"2024-09-02T08:36:21+00:00","description":"Odoln\u00fd nylonov\u00fd obojek pro psy pro ka\u017edodenn\u00ed pou\u017eit\u00ed. Pohodln\u00fd, nastaviteln\u00fd a stylov\u00fd. Ide\u00e1ln\u00ed pro v\u0161echna plemena!","breadcrumb":{"@id":"https:\/\/qqpets.com\/product\/nylon-dog-collar\/#breadcrumb"},"inLanguage":"cs","potentialAction":[{"@type":"ReadAction","target":["https:\/\/qqpets.com\/product\/nylon-dog-collar\/"]}]},{"@type":"ImageObject","inLanguage":"cs","@id":"https:\/\/qqpets.com\/product\/nylon-dog-collar\/#primaryimage","url":"https:\/\/qqpets.com\/wp-content\/uploads\/2023\/09\/black-nylon-dog-collar.webp","contentUrl":"https:\/\/qqpets.com\/wp-content\/uploads\/2023\/09\/black-nylon-dog-collar.webp","width":1280,"height":1280,"caption":"black-nylon-dog-collar"},{"@type":"BreadcrumbList","@id":"https:\/\/qqpets.com\/product\/nylon-dog-collar\/#breadcrumb","itemListElement":[{"@type":"ListItem","position":1,"name":"Home","item":"https:\/\/qqpets.com\/"},{"@type":"ListItem","position":2,"name":"Products","item":"https:\/\/qqpets.com\/pet-products-manufacturer\/"},{"@type":"ListItem","position":3,"name":"Nylon Dog Collar"}]},{"@type":"WebSite","@id":"https:\/\/qqpets.com\/#website","url":"https:\/\/qqpets.com\/","name":"QQPETS","description":"QQPETS je tov\u00e1rna na v\u00fdrobky pro dom\u00e1c\u00ed mazl\u00ed\u010dky pro ps\u00ed postroje, obojky, vod\u00edtka a dopl\u0148ky pro psy s profesion\u00e1ln\u00edmi slu\u017ebami na m\u00edru od roku 2005.","publisher":{"@id":"https:\/\/qqpets.com\/#organization"},"potentialAction":[{"@type":"SearchAction","target":{"@type":"EntryPoint","urlTemplate":"https:\/\/qqpets.com\/?s={search_term_string}"},"query-input":{"@type":"PropertyValueSpecification","valueRequired":true,"valueName":"search_term_string"}}],"inLanguage":"cs"},{"@type":"Organization","@id":"https:\/\/qqpets.com\/#organization","name":"QQPETS","url":"https:\/\/qqpets.com\/","logo":{"@type":"ImageObject","inLanguage":"cs","@id":"https:\/\/qqpets.com\/#\/schema\/logo\/image\/","url":"https:\/\/qqpets.com\/wp-content\/uploads\/2023\/09\/cropped-cropped-qqpets-tiktok.jpg","contentUrl":"https:\/\/qqpets.com\/wp-content\/uploads\/2023\/09\/cropped-cropped-qqpets-tiktok.jpg","width":511,"height":511,"caption":"QQPETS"},"image":{"@id":"https:\/\/qqpets.com\/#\/schema\/logo\/image\/"},"sameAs":["https:\/\/www.facebook.com\/QQpetsdogcollars","https:\/\/www.instagram.com\/qqpetscollar\/","https:\/\/www.pinterest.com\/qqpetsdogcollarsfactory\/"]}]}},"_links":{"self":[{"href":"https:\/\/qqpets.com\/cs\/wp-json\/wp\/v2\/product\/7762","targetHints":{"allow":["GET"]}}],"collection":[{"href":"https:\/\/qqpets.com\/cs\/wp-json\/wp\/v2\/product"}],"about":[{"href":"https:\/\/qqpets.com\/cs\/wp-json\/wp\/v2\/types\/product"}],"wp:featuredmedia":[{"embeddable":true,"href":"https:\/\/qqpets.com\/cs\/wp-json\/wp\/v2\/media\/7235"}],"wp:attachment":[{"href":"https:\/\/qqpets.com\/cs\/wp-json\/wp\/v2\/media?parent=7762"}],"wp:term":[{"taxonomy":"product_brand","embeddable":true,"href":"https:\/\/qqpets.com\/cs\/wp-json\/wp\/v2\/product_brand?post=7762"},{"taxonomy":"product_cat","embeddable":true,"href":"https:\/\/qqpets.com\/cs\/wp-json\/wp\/v2\/product_cat?post=7762"},{"taxonomy":"product_tag","embeddable":true,"href":"https:\/\/qqpets.com\/cs\/wp-json\/wp\/v2\/product_tag?post=7762"}],"curies":[{"name":"wp","href":"https:\/\/api.w.org\/{rel}","templated":true}]}}