{"id":7768,"date":"2024-09-02T17:28:21","date_gmt":"2024-09-02T09:28:21","guid":{"rendered":"https:\/\/qqpets.com\/?post_type=product&#038;p=7768"},"modified":"2024-11-13T14:14:56","modified_gmt":"2024-11-13T06:14:56","slug":"dog-collar-and-dog-leash-set-with-padded-handle","status":"publish","type":"product","link":"https:\/\/qqpets.com\/cs\/produkt\/dog-collar-and-dog-leash-set-with-padded-handle\/","title":{"rendered":"V\u00fdcvikov\u00fd reflexn\u00ed obojek a sada vod\u00edtek pro psy"},"content":{"rendered":"<p>P\u0159edstavujeme v\u00e1m na\u0161i komplexn\u00ed sadu reflexn\u00edho obojku a vod\u00edtka pro psy s polstrovanou rukojet\u00ed, kter\u00e1 je navr\u017eena tak, aby nab\u00edzela kombinaci bezpe\u010dnosti, pohodl\u00ed a odolnosti. Tato nezbytn\u00e1 sada zajist\u00ed, \u017ee v\u00e1\u0161 pes bude b\u011bhem no\u010dn\u00edch nebo rann\u00edch proch\u00e1zek viditeln\u00fd a bezpe\u010dn\u00fd, a to d\u00edky reflexn\u00edm \u0161v\u016fm, kter\u00e9 sv\u00edt\u00ed p\u0159i slab\u00e9m osv\u011btlen\u00ed, \u010d\u00edm\u017e zvy\u0161uj\u00ed viditelnost va\u0161i i va\u0161eho mazl\u00ed\u010dka pro ostatn\u00ed.<\/p>\n<p>Obojek je snadno nastaviteln\u00fd, tak\u017ee dob\u0159e padne ps\u016fm r\u016fzn\u00fdch velikost\u00ed a plemen. Je vyroben z vysoce kvalitn\u00edch materi\u00e1l\u016f, kter\u00e9 jsou konstruov\u00e1ny tak, aby odolaly ka\u017edodenn\u00edmu pou\u017e\u00edv\u00e1n\u00ed a z\u00e1rove\u0148 zajistily pohodl\u00ed va\u0161eho mazl\u00ed\u010dka.<\/p>\n<p>Odpov\u00eddaj\u00edc\u00ed vod\u00edtko m\u00e1 pohodln\u011b polstrovanou rukoje\u0165, kter\u00e1 je navr\u017eena tak, aby se zabr\u00e1nilo \u00fanav\u011b rukou a poskytla m\u011bkk\u00fd \u00fachop b\u011bhem dlouh\u00fdch proch\u00e1zek nebo pokud m\u00e1 v\u00e1\u0161 pes tendenci tahat. Tuto vlastnost ocen\u00ed zejm\u00e9na majitel\u00e9 dom\u00e1c\u00edch mazl\u00ed\u010dk\u016f, kte\u0159\u00ed si cen\u00ed pohodl\u00ed spolu s kontrolou.<\/p>\n<p>Obojek i vod\u00edtko jsou vybaveny odoln\u00fdm kov\u00e1n\u00edm, kter\u00e9 zaji\u0161\u0165uje dlouhou \u017eivotnost a spolehlivost. Pevn\u00e9 spony a h\u00e1\u010dky zaji\u0161\u0165uj\u00ed bezpe\u010dn\u00e9 spojen\u00ed, tak\u017ee m\u00e1te jistotu, \u017ee v\u00e1\u0161 mazl\u00ed\u010dek bude v bezpe\u010d\u00ed bez ohledu na prost\u0159ed\u00ed, kter\u00e9 prozkoum\u00e1v\u00e1te.<\/p>\n<p>Tato sada je ide\u00e1ln\u00ed pro aktivn\u00ed psy a majitele, kte\u0159\u00ed r\u00e1di chod\u00ed brzy r\u00e1no nebo pozd\u011b ve\u010der na proch\u00e1zky, a nejen\u017ee zvy\u0161uje bezpe\u010dnost d\u00edky reflexn\u00edm prvk\u016fm, ale tak\u00e9 podporuje pohodln\u00e9 a p\u0159\u00edjemn\u00e9 ven\u010den\u00ed. Upgradujte na na\u0161i reflexn\u00ed sadu obojku a vod\u00edtka pro psy s polstrovanou rukojet\u00ed je\u0161t\u011b dnes a z\u00edskejte dokonal\u00e9 vybaven\u00ed pro ven\u010den\u00ed dom\u00e1c\u00edch mazl\u00ed\u010dk\u016f.<\/p>\n<h5><strong>Jak\u00fd typ vod\u00edtka je pro psy nejlep\u0161\u00ed?<\/strong><\/h5>\n<p>Nejlep\u0161\u00ed typ vod\u00edtka z\u00e1vis\u00ed na velikosti psa, jeho chov\u00e1n\u00ed a prost\u0159ed\u00ed, ve kter\u00e9m se pohybujete. Ve v\u011bt\u0161in\u011b situac\u00ed poskytuje standardn\u00ed nylonov\u00e9 nebo ko\u017een\u00e9 vod\u00edtko o d\u00e9lce asi 6 stop dobrou kontrolu a odolnost. Pro v\u00fdcvik nebo specifick\u00e9 pot\u0159eby kontroly m\u016f\u017ee v\u011bt\u0161\u00ed flexibilitu nab\u00eddnout zatahovac\u00ed vod\u00edtko.<\/p>\n<h5><strong>Co je to vod\u00edtko a vod\u00edtko pro psa?<\/strong><\/h5>\n<p>Pojmy \"vod\u00edtko pro psy\" a \"vod\u00edtko pro psy\" se \u010dasto pou\u017e\u00edvaj\u00ed zam\u011bniteln\u011b a ozna\u010duj\u00ed stejn\u00fd p\u0159edm\u011bt, kter\u00fdm je \u0161\u0148\u016fra nebo popruh slou\u017e\u00edc\u00ed k ovl\u00e1d\u00e1n\u00ed psa p\u0159ipevn\u011bn\u00edm k obojku nebo postroji. V n\u011bkter\u00fdch kontextech se m\u016f\u017ee m\u00edrn\u011b rozli\u0161ovat, kdy \"vod\u00edtko\" m\u016f\u017ee ozna\u010dovat krat\u0161\u00ed vod\u00edtka pou\u017e\u00edvan\u00e1 p\u0159edev\u0161\u00edm k p\u0159\u00edm\u011bj\u0161\u00edmu ovl\u00e1d\u00e1n\u00ed nebo v\u00fdcviku.<\/p>\n<h5><strong>Je dobr\u00e9 m\u00edt psa na vod\u00edtku?<\/strong><\/h5>\n<p>Ano, vodit psa na vod\u00edtku je obecn\u011b dobr\u00e9 a \u010dasto i nutn\u00e9 z d\u016fvodu bezpe\u010dnosti, kontroly a dodr\u017eov\u00e1n\u00ed m\u00edstn\u00edch z\u00e1kon\u016f o vod\u00edtku. Zabra\u0148uje ps\u016fm vb\u011bhnout do nebezpe\u010dn\u00fdch situac\u00ed, jako je dopravn\u00ed provoz nebo nekontrolovan\u00e1 interakce s jin\u00fdmi zv\u00ed\u0159aty a lidmi.<\/p>\n<h5><strong>Je v po\u0159\u00e1dku tahat psa na vod\u00edtku?<\/strong><\/h5>\n<p>Nedoporu\u010duje se tahat psa na vod\u00edtku, proto\u017ee to m\u016f\u017ee v\u00e9st ke zran\u011bn\u00ed, stresu a zhor\u0161en\u00ed tah\u00e1n\u00ed. M\u00edsto toho pou\u017e\u00edvejte jemn\u00e9 veden\u00ed a v\u00fdcvikov\u00e9 techniky, kter\u00e9 podporuj\u00ed spr\u00e1vn\u00e9 chov\u00e1n\u00ed na vod\u00edtku.<\/p>\n<h5><strong>Jak\u00fd je trik #1, aby v\u00e1\u0161 pes netahal za vod\u00edtko?<\/strong><\/h5>\n<p>Jedn\u00edm z \u00fa\u010dinn\u00fdch trik\u016f, jak zabr\u00e1nit psovi v tah\u00e1n\u00ed, je technika \"zastav a jdi\". Pokud v\u00e1\u0161 pes za\u010dne tahat, jednodu\u0161e p\u0159esta\u0148te chodit. Pokra\u010dujte, a\u017e kdy\u017e je vod\u00edtko op\u011bt voln\u00e9. T\u00edm psa nau\u010d\u00edte, \u017ee tah\u00e1n\u00edm se nepohne dop\u0159edu a \u017ee ch\u016fze p\u011bkn\u011b po va\u0161em boku je nejlep\u0161\u00ed zp\u016fsob, jak se dostat tam, kam chce.<\/p>\n<h5><strong>Jsou psi \u0161\u0165astn\u011bj\u0161\u00ed bez vod\u00edtka?<\/strong><\/h5>\n<p>Mnoz\u00ed psi jsou \u0161\u0165astn\u011bj\u0161\u00ed bez vod\u00edtka, proto\u017ee jim to umo\u017e\u0148uje v\u011bt\u0161\u00ed volnost p\u0159i zkoum\u00e1n\u00ed a hran\u00ed si vlastn\u00edm tempem, co\u017e m\u016f\u017ee b\u00fdt skv\u011bl\u00e9 pro jejich du\u0161evn\u00ed i fyzick\u00e9 zdrav\u00ed. Z\u00e1le\u017e\u00ed v\u0161ak na temperamentu psa, \u00farovni v\u00fdcviku a bezpe\u010dnosti prost\u0159ed\u00ed. Aktivity mimo vod\u00edtko by m\u011bly b\u00fdt v\u017edy prov\u00e1d\u011bny v bezpe\u010dn\u00fdch, uzav\u0159en\u00fdch oblastech, kde to m\u00edstn\u00ed z\u00e1kony umo\u017e\u0148uj\u00ed.<\/p>","protected":false},"excerpt":{"rendered":"<p>Zajist\u011bte bezpe\u010dnost sv\u00e9ho dom\u00e1c\u00edho mazl\u00ed\u010dka s na\u0161\u00ed reflexn\u00ed sadou obojku a vod\u00edtka pro psy, kter\u00e1 je vybavena polstrovanou rukojet\u00ed pro v\u011bt\u0161\u00ed pohodl\u00ed. Tato sada zvy\u0161uje viditelnost p\u0159i proch\u00e1zk\u00e1ch za \u0161patn\u00e9ho osv\u011btlen\u00ed d\u00edky reflexn\u00edmu pro\u0161\u00edv\u00e1n\u00ed. Obojek a vod\u00edtko jsou vyrobeny z odoln\u00fdch materi\u00e1l\u016f, jsou nastaviteln\u00e9 pro dokonal\u00e9 p\u0159izp\u016fsoben\u00ed a jsou ur\u010deny pro ka\u017edodenn\u00ed pou\u017e\u00edv\u00e1n\u00ed. M\u011bkk\u00e1 polstrovan\u00e1 rukoje\u0165, kter\u00e1 je ide\u00e1ln\u00ed pro ve\u010dern\u00ed proch\u00e1zky, poskytuje pohodln\u00e9 uchopen\u00ed a sni\u017euje nam\u00e1h\u00e1n\u00ed rukou.<\/p>","protected":false},"featured_media":7774,"template":"","meta":[],"product_brand":[],"product_cat":[26,27],"product_tag":[],"class_list":{"0":"post-7768","1":"product","2":"type-product","3":"status-publish","4":"has-post-thumbnail","6":"product_cat-dog-collar","7":"product_cat-dog-leash","8":"pa_brand-qqpets","10":"first","11":"instock","12":"shipping-taxable","13":"product-type-simple"},"yoast_head":"<!-- This site is optimized with the Yoast SEO plugin v26.6 - https:\/\/yoast.com\/wordpress\/plugins\/seo\/ -->\n<title>Training Reflective Dog Collar And Dog Leash Set | QQPETS<\/title>\n<meta name=\"description\" content=\"Get the Reflective Dog Collar and Leash Set with a padded handle for comfortable, safe walks. Shop for visibility!\" \/>\n<meta name=\"robots\" content=\"index, follow, max-snippet:-1, max-image-preview:large, max-video-preview:-1\" \/>\n<link rel=\"canonical\" href=\"https:\/\/qqpets.com\/cs\/produkt\/dog-collar-and-dog-leash-set-with-padded-handle\/\" \/>\n<meta property=\"og:locale\" content=\"cs_CZ\" \/>\n<meta property=\"og:type\" content=\"article\" \/>\n<meta property=\"og:title\" content=\"Training Reflective Dog Collar And Dog Leash Set | QQPETS\" \/>\n<meta property=\"og:description\" content=\"Get the Reflective Dog Collar and Leash Set with a padded handle for comfortable, safe walks. Shop for visibility!\" \/>\n<meta property=\"og:url\" content=\"https:\/\/qqpets.com\/cs\/produkt\/dog-collar-and-dog-leash-set-with-padded-handle\/\" \/>\n<meta property=\"og:site_name\" content=\"QQPETS\" \/>\n<meta property=\"article:publisher\" content=\"https:\/\/www.facebook.com\/QQpetsdogcollars\" \/>\n<meta property=\"article:modified_time\" content=\"2024-11-13T06:14:56+00:00\" \/>\n<meta property=\"og:image\" content=\"https:\/\/qqpets.com\/wp-content\/uploads\/2024\/09\/2_7_11zon_1_11zon.webp\" \/>\n\t<meta property=\"og:image:width\" content=\"1600\" \/>\n\t<meta property=\"og:image:height\" content=\"1600\" \/>\n\t<meta property=\"og:image:type\" content=\"image\/webp\" \/>\n<meta name=\"twitter:card\" content=\"summary_large_image\" \/>\n<meta name=\"twitter:label1\" content=\"Odhadovan\u00e1 doba \u010dten\u00ed\" \/>\n\t<meta name=\"twitter:data1\" content=\"3 minuty\" \/>\n<script type=\"application\/ld+json\" class=\"yoast-schema-graph\">{\"@context\":\"https:\/\/schema.org\",\"@graph\":[{\"@type\":\"WebPage\",\"@id\":\"https:\/\/qqpets.com\/product\/dog-collar-and-dog-leash-set-with-padded-handle\/\",\"url\":\"https:\/\/qqpets.com\/product\/dog-collar-and-dog-leash-set-with-padded-handle\/\",\"name\":\"Training Reflective Dog Collar And Dog Leash Set | QQPETS\",\"isPartOf\":{\"@id\":\"https:\/\/qqpets.com\/#website\"},\"primaryImageOfPage\":{\"@id\":\"https:\/\/qqpets.com\/product\/dog-collar-and-dog-leash-set-with-padded-handle\/#primaryimage\"},\"image\":{\"@id\":\"https:\/\/qqpets.com\/product\/dog-collar-and-dog-leash-set-with-padded-handle\/#primaryimage\"},\"thumbnailUrl\":\"https:\/\/qqpets.com\/wp-content\/uploads\/2024\/09\/2_7_11zon_1_11zon.webp\",\"datePublished\":\"2024-09-02T09:28:21+00:00\",\"dateModified\":\"2024-11-13T06:14:56+00:00\",\"description\":\"Get the Reflective Dog Collar and Leash Set with a padded handle for comfortable, safe walks. Shop for visibility!\",\"breadcrumb\":{\"@id\":\"https:\/\/qqpets.com\/product\/dog-collar-and-dog-leash-set-with-padded-handle\/#breadcrumb\"},\"inLanguage\":\"cs\",\"potentialAction\":[{\"@type\":\"ReadAction\",\"target\":[\"https:\/\/qqpets.com\/product\/dog-collar-and-dog-leash-set-with-padded-handle\/\"]}]},{\"@type\":\"ImageObject\",\"inLanguage\":\"cs\",\"@id\":\"https:\/\/qqpets.com\/product\/dog-collar-and-dog-leash-set-with-padded-handle\/#primaryimage\",\"url\":\"https:\/\/qqpets.com\/wp-content\/uploads\/2024\/09\/2_7_11zon_1_11zon.webp\",\"contentUrl\":\"https:\/\/qqpets.com\/wp-content\/uploads\/2024\/09\/2_7_11zon_1_11zon.webp\",\"width\":1600,\"height\":1600,\"caption\":\"Reflective Dog Collar and Dog Leash set\"},{\"@type\":\"BreadcrumbList\",\"@id\":\"https:\/\/qqpets.com\/product\/dog-collar-and-dog-leash-set-with-padded-handle\/#breadcrumb\",\"itemListElement\":[{\"@type\":\"ListItem\",\"position\":1,\"name\":\"Home\",\"item\":\"https:\/\/qqpets.com\/\"},{\"@type\":\"ListItem\",\"position\":2,\"name\":\"Products\",\"item\":\"https:\/\/qqpets.com\/pet-products-manufacturer\/\"},{\"@type\":\"ListItem\",\"position\":3,\"name\":\"Training Reflective Dog Collar And Dog Leash Set\"}]},{\"@type\":\"WebSite\",\"@id\":\"https:\/\/qqpets.com\/#website\",\"url\":\"https:\/\/qqpets.com\/\",\"name\":\"QQPETS\",\"description\":\"QQPETS is a pet products factory for dog harnesses, dog collars, dog leashes and dog accessories with professional customized service since 2005.\",\"publisher\":{\"@id\":\"https:\/\/qqpets.com\/#organization\"},\"potentialAction\":[{\"@type\":\"SearchAction\",\"target\":{\"@type\":\"EntryPoint\",\"urlTemplate\":\"https:\/\/qqpets.com\/?s={search_term_string}\"},\"query-input\":{\"@type\":\"PropertyValueSpecification\",\"valueRequired\":true,\"valueName\":\"search_term_string\"}}],\"inLanguage\":\"cs\"},{\"@type\":\"Organization\",\"@id\":\"https:\/\/qqpets.com\/#organization\",\"name\":\"QQPETS\",\"url\":\"https:\/\/qqpets.com\/\",\"logo\":{\"@type\":\"ImageObject\",\"inLanguage\":\"cs\",\"@id\":\"https:\/\/qqpets.com\/#\/schema\/logo\/image\/\",\"url\":\"https:\/\/qqpets.com\/wp-content\/uploads\/2023\/09\/cropped-cropped-qqpets-tiktok.jpg\",\"contentUrl\":\"https:\/\/qqpets.com\/wp-content\/uploads\/2023\/09\/cropped-cropped-qqpets-tiktok.jpg\",\"width\":511,\"height\":511,\"caption\":\"QQPETS\"},\"image\":{\"@id\":\"https:\/\/qqpets.com\/#\/schema\/logo\/image\/\"},\"sameAs\":[\"https:\/\/www.facebook.com\/QQpetsdogcollars\",\"https:\/\/www.instagram.com\/qqpetscollar\/\",\"https:\/\/www.pinterest.com\/qqpetsdogcollarsfactory\/\"]}]}<\/script>\n<!-- \/ Yoast SEO plugin. -->","yoast_head_json":{"title":"V\u00fdcvikov\u00fd reflexn\u00ed obojek a sada vod\u00edtek pro psy | QQPETS","description":"Po\u0159i\u010fte si reflexn\u00ed sadu obojku a vod\u00edtka pro psy s polstrovanou rukojet\u00ed pro pohodln\u00e9 a bezpe\u010dn\u00e9 proch\u00e1zky. Nakupujte pro zviditeln\u011bn\u00ed!","robots":{"index":"index","follow":"follow","max-snippet":"max-snippet:-1","max-image-preview":"max-image-preview:large","max-video-preview":"max-video-preview:-1"},"canonical":"https:\/\/qqpets.com\/cs\/produkt\/dog-collar-and-dog-leash-set-with-padded-handle\/","og_locale":"cs_CZ","og_type":"article","og_title":"Training Reflective Dog Collar And Dog Leash Set | QQPETS","og_description":"Get the Reflective Dog Collar and Leash Set with a padded handle for comfortable, safe walks. Shop for visibility!","og_url":"https:\/\/qqpets.com\/cs\/produkt\/dog-collar-and-dog-leash-set-with-padded-handle\/","og_site_name":"QQPETS","article_publisher":"https:\/\/www.facebook.com\/QQpetsdogcollars","article_modified_time":"2024-11-13T06:14:56+00:00","og_image":[{"width":1600,"height":1600,"url":"https:\/\/qqpets.com\/wp-content\/uploads\/2024\/09\/2_7_11zon_1_11zon.webp","type":"image\/webp"}],"twitter_card":"summary_large_image","twitter_misc":{"Odhadovan\u00e1 doba \u010dten\u00ed":"3 minuty"},"schema":{"@context":"https:\/\/schema.org","@graph":[{"@type":"WebPage","@id":"https:\/\/qqpets.com\/product\/dog-collar-and-dog-leash-set-with-padded-handle\/","url":"https:\/\/qqpets.com\/product\/dog-collar-and-dog-leash-set-with-padded-handle\/","name":"V\u00fdcvikov\u00fd reflexn\u00ed obojek a sada vod\u00edtek pro psy | QQPETS","isPartOf":{"@id":"https:\/\/qqpets.com\/#website"},"primaryImageOfPage":{"@id":"https:\/\/qqpets.com\/product\/dog-collar-and-dog-leash-set-with-padded-handle\/#primaryimage"},"image":{"@id":"https:\/\/qqpets.com\/product\/dog-collar-and-dog-leash-set-with-padded-handle\/#primaryimage"},"thumbnailUrl":"https:\/\/qqpets.com\/wp-content\/uploads\/2024\/09\/2_7_11zon_1_11zon.webp","datePublished":"2024-09-02T09:28:21+00:00","dateModified":"2024-11-13T06:14:56+00:00","description":"Po\u0159i\u010fte si reflexn\u00ed sadu obojku a vod\u00edtka pro psy s polstrovanou rukojet\u00ed pro pohodln\u00e9 a bezpe\u010dn\u00e9 proch\u00e1zky. Nakupujte pro zviditeln\u011bn\u00ed!","breadcrumb":{"@id":"https:\/\/qqpets.com\/product\/dog-collar-and-dog-leash-set-with-padded-handle\/#breadcrumb"},"inLanguage":"cs","potentialAction":[{"@type":"ReadAction","target":["https:\/\/qqpets.com\/product\/dog-collar-and-dog-leash-set-with-padded-handle\/"]}]},{"@type":"ImageObject","inLanguage":"cs","@id":"https:\/\/qqpets.com\/product\/dog-collar-and-dog-leash-set-with-padded-handle\/#primaryimage","url":"https:\/\/qqpets.com\/wp-content\/uploads\/2024\/09\/2_7_11zon_1_11zon.webp","contentUrl":"https:\/\/qqpets.com\/wp-content\/uploads\/2024\/09\/2_7_11zon_1_11zon.webp","width":1600,"height":1600,"caption":"Reflective Dog Collar and Dog Leash set"},{"@type":"BreadcrumbList","@id":"https:\/\/qqpets.com\/product\/dog-collar-and-dog-leash-set-with-padded-handle\/#breadcrumb","itemListElement":[{"@type":"ListItem","position":1,"name":"Home","item":"https:\/\/qqpets.com\/"},{"@type":"ListItem","position":2,"name":"Products","item":"https:\/\/qqpets.com\/pet-products-manufacturer\/"},{"@type":"ListItem","position":3,"name":"Training Reflective Dog Collar And Dog Leash Set"}]},{"@type":"WebSite","@id":"https:\/\/qqpets.com\/#website","url":"https:\/\/qqpets.com\/","name":"QQPETS","description":"QQPETS je tov\u00e1rna na v\u00fdrobky pro dom\u00e1c\u00ed mazl\u00ed\u010dky pro ps\u00ed postroje, obojky, vod\u00edtka a dopl\u0148ky pro psy s profesion\u00e1ln\u00edmi slu\u017ebami na m\u00edru od roku 2005.","publisher":{"@id":"https:\/\/qqpets.com\/#organization"},"potentialAction":[{"@type":"SearchAction","target":{"@type":"EntryPoint","urlTemplate":"https:\/\/qqpets.com\/?s={search_term_string}"},"query-input":{"@type":"PropertyValueSpecification","valueRequired":true,"valueName":"search_term_string"}}],"inLanguage":"cs"},{"@type":"Organization","@id":"https:\/\/qqpets.com\/#organization","name":"QQPETS","url":"https:\/\/qqpets.com\/","logo":{"@type":"ImageObject","inLanguage":"cs","@id":"https:\/\/qqpets.com\/#\/schema\/logo\/image\/","url":"https:\/\/qqpets.com\/wp-content\/uploads\/2023\/09\/cropped-cropped-qqpets-tiktok.jpg","contentUrl":"https:\/\/qqpets.com\/wp-content\/uploads\/2023\/09\/cropped-cropped-qqpets-tiktok.jpg","width":511,"height":511,"caption":"QQPETS"},"image":{"@id":"https:\/\/qqpets.com\/#\/schema\/logo\/image\/"},"sameAs":["https:\/\/www.facebook.com\/QQpetsdogcollars","https:\/\/www.instagram.com\/qqpetscollar\/","https:\/\/www.pinterest.com\/qqpetsdogcollarsfactory\/"]}]}},"_links":{"self":[{"href":"https:\/\/qqpets.com\/cs\/wp-json\/wp\/v2\/product\/7768","targetHints":{"allow":["GET"]}}],"collection":[{"href":"https:\/\/qqpets.com\/cs\/wp-json\/wp\/v2\/product"}],"about":[{"href":"https:\/\/qqpets.com\/cs\/wp-json\/wp\/v2\/types\/product"}],"wp:featuredmedia":[{"embeddable":true,"href":"https:\/\/qqpets.com\/cs\/wp-json\/wp\/v2\/media\/7774"}],"wp:attachment":[{"href":"https:\/\/qqpets.com\/cs\/wp-json\/wp\/v2\/media?parent=7768"}],"wp:term":[{"taxonomy":"product_brand","embeddable":true,"href":"https:\/\/qqpets.com\/cs\/wp-json\/wp\/v2\/product_brand?post=7768"},{"taxonomy":"product_cat","embeddable":true,"href":"https:\/\/qqpets.com\/cs\/wp-json\/wp\/v2\/product_cat?post=7768"},{"taxonomy":"product_tag","embeddable":true,"href":"https:\/\/qqpets.com\/cs\/wp-json\/wp\/v2\/product_tag?post=7768"}],"curies":[{"name":"wp","href":"https:\/\/api.w.org\/{rel}","templated":true}]}}