{"id":7780,"date":"2024-09-02T17:55:49","date_gmt":"2024-09-02T09:55:49","guid":{"rendered":"https:\/\/qqpets.com\/?post_type=product&#038;p=7780"},"modified":"2024-09-24T17:44:04","modified_gmt":"2024-09-24T09:44:04","slug":"gentle-leader-no-pull-dog-head-collar","status":"publish","type":"product","link":"https:\/\/qqpets.com\/cs\/produkt\/gentle-leader-no-pull-dog-head-collar\/","title":{"rendered":"Obojek pro psy Gentle Leader No Pull Head Collar"},"content":{"rendered":"<p>P\u0159edstavte revoluci ve v\u00fdcviku a ven\u010den\u00ed va\u0161eho psa s na\u0161\u00edm obojkem Gentle Leader No Pull Dog Head Collar. Tato inovativn\u00ed pom\u016fcka je speci\u00e1ln\u011b navr\u017eena tak, aby poskytovala okam\u017eitou, jemnou kontrolu bez pou\u017eit\u00ed s\u00edly. T\u00edm, \u017ee usm\u011br\u0148uje hlavu va\u0161eho psa, p\u0159irozen\u011b vede jeho t\u011blo, zabra\u0148uje tah\u00e1n\u00ed a poskytuje v\u00e1m naprostou kontrolu b\u011bhem proch\u00e1zek, v\u00fdcviku nebo p\u0159i \u0159e\u0161en\u00ed agresivn\u00edho chov\u00e1n\u00ed.<\/p>\n<p>Na rozd\u00edl od tradi\u010dn\u00edch obojk\u016f vyv\u00edj\u00ed obojek Gentle Leader Head Collar tlak na zadn\u00ed \u010d\u00e1st krku, nikoli na krk, co\u017e je pro psa hum\u00e1nn\u011bj\u0161\u00ed a bezbolestn\u011bj\u0161\u00ed. Nosn\u00ed smy\u010dka je polstrovan\u00e1, aby bylo zaji\u0161t\u011bno maxim\u00e1ln\u00ed pohodl\u00ed, a zabra\u0148uje tak jak\u00e9mukoli podr\u00e1\u017ed\u011bn\u00ed nebo nepohodl\u00ed.<\/p>\n<p>Tento obojek je obzvl\u00e1\u0161t\u011b \u00fa\u010dinn\u00fd pro psy, kte\u0159\u00ed jsou agresivn\u00ed tahouni nebo se snadno rozpt\u00fdl\u00ed. Umo\u017en\u00ed v\u00e1m je nasm\u011brovat po\u017eadovan\u00fdm sm\u011brem a zam\u011b\u0159it jejich pozornost zp\u011bt na v\u00e1s s minim\u00e1ln\u00edm \u00fasil\u00edm. Je \u0161iroce doporu\u010dov\u00e1n veterin\u00e1\u0159i a tren\u00e9ry jako bezpe\u010dn\u00e1 a \u00fa\u010dinn\u00e1 metoda kontroly ps\u016f bez vyvol\u00e1v\u00e1n\u00ed stresu nebo \u00fazkosti.<\/p>\n<p>Vod\u00edtko Gentle Leader se snadno nasazuje a lze jej nastavit tak, aby vyhovovalo v\u0161em velikostem a plemen\u016fm. Konstrukce zaji\u0161\u0165uje, \u017ee z\u016fstane na sv\u00e9m m\u00edst\u011b, ani\u017e by zbyte\u010dn\u011b klouzal nebo se utahoval, co\u017e je nezbytn\u00e9 pro udr\u017een\u00ed \u00fa\u010dinn\u00e9 komunikace a kontroly.<\/p>\n<p>A\u0165 u\u017e se jedn\u00e1 o \u0161t\u011bn\u011b, kter\u00e9 se u\u010d\u00ed chodit na vod\u00edtku, nebo o dosp\u011bl\u00e9ho psa s probl\u00e9my s chov\u00e1n\u00edm, n\u00e1\u0161 obojek Gentle Leader No Pull Dog Head Collar je neoceniteln\u00fdm n\u00e1strojem pro podporu pozitivn\u00edho chov\u00e1n\u00ed p\u0159i proch\u00e1zk\u00e1ch. Podporuje zdvo\u0159ilou ch\u016fzi a pom\u00e1h\u00e1 p\u0159i p\u0159ekon\u00e1v\u00e1n\u00ed probl\u00e9m\u016f s chov\u00e1n\u00edm souvisej\u00edc\u00edch s vod\u00edtkem, d\u00edky \u010demu\u017e budou va\u0161e proch\u00e1zky p\u0159\u00edjemn\u00e9 a bez stresu.<\/p>\n<div class=\"flex-shrink-0 flex flex-col relative items-end\">\n<div>\n<div class=\"pt-0\">\n<div class=\"gizmo-bot-avatar flex h-8 w-8 items-center justify-center overflow-hidden rounded-full\">\n<div class=\"relative p-1 rounded-sm flex items-center justify-center bg-token-main-surface-primary text-token-text-primary h-8 w-8\"><\/div>\n<\/div>\n<\/div>\n<\/div>\n<\/div>\n<div class=\"group\/conversation-turn relative flex w-full min-w-0 flex-col agent-turn\">\n<div class=\"flex-col gap-1 md:gap-3\">\n<div class=\"flex max-w-full flex-col flex-grow\">\n<div class=\"min-h-[20px] text-message flex w-full flex-col items-end gap-2 break-words [.text-message+&amp;]:mt-5 overflow-x-auto whitespace-normal\" dir=\"auto\" data-message-author-role=\"assistant\" data-message-id=\"c98a0c2a-7b64-4805-8feb-b84270904e09\">\n<div class=\"flex w-full flex-col gap-1 empty:hidden first:pt-[3px]\">\n<div class=\"markdown prose w-full break-words dark:prose-invert light\">\n<h5><strong>Jsou jemn\u00ed v\u016fdci vhodn\u00ed pro psy, kte\u0159\u00ed t\u00e1hnou?<\/strong><\/h5>\n<p>Ano, jemn\u00e9 vod\u00edtko je \u00fa\u010dinn\u00e9 pro psy, kte\u0159\u00ed t\u00e1hnou. Funguj\u00ed tak, \u017ee kdy\u017e se pes sna\u017e\u00ed t\u00e1hnout, p\u0159esm\u011bruj\u00ed jeho hlavu sm\u011brem k v\u00e1m, \u010d\u00edm\u017e mu zt\u00ed\u017e\u00ed pou\u017eit\u00ed cel\u00e9 s\u00edly t\u011bla k tahu vp\u0159ed. To umo\u017e\u0148uje lep\u0161\u00ed kontrolu a pom\u00e1h\u00e1 p\u0159i v\u00fdcviku psa, aby netahal.<\/p>\n<h5><strong>Jak p\u0159im\u011bt psa, aby p\u0159estal tahat za jemn\u00e9 vod\u00edtko?<\/strong><\/h5>\n<p>Abyste psovi pomohli p\u0159estat tahat p\u0159i pou\u017e\u00edv\u00e1n\u00ed jemn\u00e9ho vod\u00edtka, d\u016fsledn\u011b mu jemn\u011b vra\u0165te hlavu sm\u011brem k sob\u011b, kdykoli za\u010dne tahat. Toto usm\u011br\u0148ov\u00e1n\u00ed spojte s pozitivn\u00edm posilov\u00e1n\u00edm, nap\u0159\u00edklad pamlsky nebo pochvalou, kdy\u017e pes chod\u00ed hezky a netah\u00e1. Je tak\u00e9 d\u016fle\u017eit\u00e9 zajistit, aby byl Gentle Leader na psovi spr\u00e1vn\u011b a pohodln\u011b nasazen.<\/p>\n<h5><strong>Je jemn\u00fd v\u016fdce lep\u0161\u00ed ne\u017e halti?<\/strong><\/h5>\n<p>Gentle Leader i Halti maj\u00ed podobn\u00e9 v\u00fdhody, proto\u017ee kontroluj\u00ed hlavu psa a omezuj\u00ed tak tah\u00e1n\u00ed. Volba mezi nimi m\u016f\u017ee z\u00e1viset na tom, kter\u00fd z nich se psovi na hlav\u011b l\u00e9pe dr\u017e\u00ed, a na jeho konkr\u00e9tn\u00ed reakci na ka\u017ed\u00fd z nich. N\u011bkte\u0159\u00ed psi mohou l\u00e9pe reagovat na Gentle Leader, zat\u00edmco pro jin\u00e9 m\u016f\u017ee b\u00fdt pohodln\u011bj\u0161\u00ed Halti.<\/p>\n<h5><strong>Jak dlouho m\u016f\u017eete psovi nechat jemn\u00e9 vod\u00edtko?<\/strong><\/h5>\n<p>Vod\u00edtko Gentle Leader by se m\u011blo nosit pouze b\u011bhem aktivit pod dohledem, jako jsou proch\u00e1zky nebo tr\u00e9nink, a nem\u011blo by se nech\u00e1vat nasazen\u00e9 del\u0161\u00ed dobu. Nen\u00ed ur\u010den k celodenn\u00edmu no\u0161en\u00ed, proto\u017ee p\u0159i p\u0159\u00edli\u0161 dlouh\u00e9m no\u0161en\u00ed m\u016f\u017ee potenci\u00e1ln\u011b zp\u016fsobit nepohodl\u00ed nebo podr\u00e1\u017ed\u011bn\u00ed, zejm\u00e9na pokud pes nen\u00ed aktivn\u00ed.<\/p>\n<\/div>\n<\/div>\n<\/div>\n<\/div>\n<\/div>\n<\/div>","protected":false},"excerpt":{"rendered":"<p>Prom\u011b\u0148te sv\u00e9 proch\u00e1zky s obojkem Gentle Leader No Pull. Tento hlavov\u00fd obojek vyv\u00edj\u00ed jemn\u00fd tlak, kter\u00fd zklid\u0148uje hyperaktivn\u00ed chov\u00e1n\u00ed a omezuje tah\u00e1n\u00ed na vod\u00edtku. Je navr\u017een tak, aby byl pohodln\u00fd d\u00edky polstrovan\u00e9mu poutku na n\u00e1nosn\u00edku, co\u017e zaji\u0161\u0165uje jeho \u00fa\u010dinnost i hum\u00e1nnost. Tento obojek je ide\u00e1ln\u00ed pro v\u00fdcvik, ani\u017e by psovi p\u016fsobil utrpen\u00ed, a pom\u00e1h\u00e1 p\u0159irozen\u011b v\u00e9st va\u0161eho mazl\u00ed\u010dka pohyby hlavy, co\u017e usnad\u0148uje lep\u0161\u00ed komunikaci a korekci chov\u00e1n\u00ed.<\/p>","protected":false},"featured_media":8230,"template":"","meta":[],"product_brand":[],"product_cat":[26],"product_tag":[],"class_list":{"0":"post-7780","1":"product","2":"type-product","3":"status-publish","4":"has-post-thumbnail","6":"product_cat-dog-collar","7":"pa_brand-qqpets","9":"first","10":"instock","11":"shipping-taxable","12":"product-type-simple"},"yoast_head":"<!-- This site is optimized with the Yoast SEO plugin v26.6 - https:\/\/yoast.com\/wordpress\/plugins\/seo\/ -->\n<title>Gentle Leader No Pull Dog Head Collar | QQPETS<\/title>\n<meta name=\"description\" content=\"Master gentle control with our No Pull Dog Head Collar. Train with ease and comfort. Effective and humane!\" \/>\n<meta name=\"robots\" content=\"index, follow, max-snippet:-1, max-image-preview:large, max-video-preview:-1\" \/>\n<link rel=\"canonical\" href=\"https:\/\/qqpets.com\/cs\/produkt\/gentle-leader-no-pull-dog-head-collar\/\" \/>\n<meta property=\"og:locale\" content=\"cs_CZ\" \/>\n<meta property=\"og:type\" content=\"article\" \/>\n<meta property=\"og:title\" content=\"Gentle Leader No Pull Dog Head Collar | QQPETS\" \/>\n<meta property=\"og:description\" content=\"Master gentle control with our No Pull Dog Head Collar. Train with ease and comfort. Effective and humane!\" \/>\n<meta property=\"og:url\" content=\"https:\/\/qqpets.com\/cs\/produkt\/gentle-leader-no-pull-dog-head-collar\/\" \/>\n<meta property=\"og:site_name\" content=\"QQPETS\" \/>\n<meta property=\"article:publisher\" content=\"https:\/\/www.facebook.com\/QQpetsdogcollars\" \/>\n<meta property=\"article:modified_time\" content=\"2024-09-24T09:44:04+00:00\" \/>\n<meta property=\"og:image\" content=\"https:\/\/qqpets.com\/wp-content\/uploads\/2024\/09\/Dog-Head-Collar.webp\" \/>\n\t<meta property=\"og:image:width\" content=\"700\" \/>\n\t<meta property=\"og:image:height\" content=\"700\" \/>\n\t<meta property=\"og:image:type\" content=\"image\/webp\" \/>\n<meta name=\"twitter:card\" content=\"summary_large_image\" \/>\n<meta name=\"twitter:label1\" content=\"Odhadovan\u00e1 doba \u010dten\u00ed\" \/>\n\t<meta name=\"twitter:data1\" content=\"3 minuty\" \/>\n<script type=\"application\/ld+json\" class=\"yoast-schema-graph\">{\"@context\":\"https:\/\/schema.org\",\"@graph\":[{\"@type\":\"WebPage\",\"@id\":\"https:\/\/qqpets.com\/product\/gentle-leader-no-pull-dog-head-collar\/\",\"url\":\"https:\/\/qqpets.com\/product\/gentle-leader-no-pull-dog-head-collar\/\",\"name\":\"Gentle Leader No Pull Dog Head Collar | QQPETS\",\"isPartOf\":{\"@id\":\"https:\/\/qqpets.com\/#website\"},\"primaryImageOfPage\":{\"@id\":\"https:\/\/qqpets.com\/product\/gentle-leader-no-pull-dog-head-collar\/#primaryimage\"},\"image\":{\"@id\":\"https:\/\/qqpets.com\/product\/gentle-leader-no-pull-dog-head-collar\/#primaryimage\"},\"thumbnailUrl\":\"https:\/\/qqpets.com\/wp-content\/uploads\/2024\/09\/Dog-Head-Collar.webp\",\"datePublished\":\"2024-09-02T09:55:49+00:00\",\"dateModified\":\"2024-09-24T09:44:04+00:00\",\"description\":\"Master gentle control with our No Pull Dog Head Collar. Train with ease and comfort. Effective and humane!\",\"breadcrumb\":{\"@id\":\"https:\/\/qqpets.com\/product\/gentle-leader-no-pull-dog-head-collar\/#breadcrumb\"},\"inLanguage\":\"cs\",\"potentialAction\":[{\"@type\":\"ReadAction\",\"target\":[\"https:\/\/qqpets.com\/product\/gentle-leader-no-pull-dog-head-collar\/\"]}]},{\"@type\":\"ImageObject\",\"inLanguage\":\"cs\",\"@id\":\"https:\/\/qqpets.com\/product\/gentle-leader-no-pull-dog-head-collar\/#primaryimage\",\"url\":\"https:\/\/qqpets.com\/wp-content\/uploads\/2024\/09\/Dog-Head-Collar.webp\",\"contentUrl\":\"https:\/\/qqpets.com\/wp-content\/uploads\/2024\/09\/Dog-Head-Collar.webp\",\"width\":700,\"height\":700,\"caption\":\"Dog-Head-Collar\"},{\"@type\":\"BreadcrumbList\",\"@id\":\"https:\/\/qqpets.com\/product\/gentle-leader-no-pull-dog-head-collar\/#breadcrumb\",\"itemListElement\":[{\"@type\":\"ListItem\",\"position\":1,\"name\":\"Home\",\"item\":\"https:\/\/qqpets.com\/\"},{\"@type\":\"ListItem\",\"position\":2,\"name\":\"Products\",\"item\":\"https:\/\/qqpets.com\/pet-products-manufacturer\/\"},{\"@type\":\"ListItem\",\"position\":3,\"name\":\"Gentle Leader No Pull Dog Head Collar\"}]},{\"@type\":\"WebSite\",\"@id\":\"https:\/\/qqpets.com\/#website\",\"url\":\"https:\/\/qqpets.com\/\",\"name\":\"QQPETS\",\"description\":\"QQPETS is a pet products factory for dog harnesses, dog collars, dog leashes and dog accessories with professional customized service since 2005.\",\"publisher\":{\"@id\":\"https:\/\/qqpets.com\/#organization\"},\"potentialAction\":[{\"@type\":\"SearchAction\",\"target\":{\"@type\":\"EntryPoint\",\"urlTemplate\":\"https:\/\/qqpets.com\/?s={search_term_string}\"},\"query-input\":{\"@type\":\"PropertyValueSpecification\",\"valueRequired\":true,\"valueName\":\"search_term_string\"}}],\"inLanguage\":\"cs\"},{\"@type\":\"Organization\",\"@id\":\"https:\/\/qqpets.com\/#organization\",\"name\":\"QQPETS\",\"url\":\"https:\/\/qqpets.com\/\",\"logo\":{\"@type\":\"ImageObject\",\"inLanguage\":\"cs\",\"@id\":\"https:\/\/qqpets.com\/#\/schema\/logo\/image\/\",\"url\":\"https:\/\/qqpets.com\/wp-content\/uploads\/2023\/09\/cropped-cropped-qqpets-tiktok.jpg\",\"contentUrl\":\"https:\/\/qqpets.com\/wp-content\/uploads\/2023\/09\/cropped-cropped-qqpets-tiktok.jpg\",\"width\":511,\"height\":511,\"caption\":\"QQPETS\"},\"image\":{\"@id\":\"https:\/\/qqpets.com\/#\/schema\/logo\/image\/\"},\"sameAs\":[\"https:\/\/www.facebook.com\/QQpetsdogcollars\",\"https:\/\/www.instagram.com\/qqpetscollar\/\",\"https:\/\/www.pinterest.com\/qqpetsdogcollarsfactory\/\"]}]}<\/script>\n<!-- \/ Yoast SEO plugin. -->","yoast_head_json":{"title":"Obojek pro psy Gentle Leader No Pull | QQPETS","description":"Zvl\u00e1dn\u011bte jemnou kontrolu s na\u0161\u00edm obojkem No Pull Head. Tr\u00e9nujte snadno a pohodln\u011b. \u00da\u010dinn\u00fd a hum\u00e1nn\u00ed!","robots":{"index":"index","follow":"follow","max-snippet":"max-snippet:-1","max-image-preview":"max-image-preview:large","max-video-preview":"max-video-preview:-1"},"canonical":"https:\/\/qqpets.com\/cs\/produkt\/gentle-leader-no-pull-dog-head-collar\/","og_locale":"cs_CZ","og_type":"article","og_title":"Gentle Leader No Pull Dog Head Collar | QQPETS","og_description":"Master gentle control with our No Pull Dog Head Collar. Train with ease and comfort. Effective and humane!","og_url":"https:\/\/qqpets.com\/cs\/produkt\/gentle-leader-no-pull-dog-head-collar\/","og_site_name":"QQPETS","article_publisher":"https:\/\/www.facebook.com\/QQpetsdogcollars","article_modified_time":"2024-09-24T09:44:04+00:00","og_image":[{"width":700,"height":700,"url":"https:\/\/qqpets.com\/wp-content\/uploads\/2024\/09\/Dog-Head-Collar.webp","type":"image\/webp"}],"twitter_card":"summary_large_image","twitter_misc":{"Odhadovan\u00e1 doba \u010dten\u00ed":"3 minuty"},"schema":{"@context":"https:\/\/schema.org","@graph":[{"@type":"WebPage","@id":"https:\/\/qqpets.com\/product\/gentle-leader-no-pull-dog-head-collar\/","url":"https:\/\/qqpets.com\/product\/gentle-leader-no-pull-dog-head-collar\/","name":"Obojek pro psy Gentle Leader No Pull | QQPETS","isPartOf":{"@id":"https:\/\/qqpets.com\/#website"},"primaryImageOfPage":{"@id":"https:\/\/qqpets.com\/product\/gentle-leader-no-pull-dog-head-collar\/#primaryimage"},"image":{"@id":"https:\/\/qqpets.com\/product\/gentle-leader-no-pull-dog-head-collar\/#primaryimage"},"thumbnailUrl":"https:\/\/qqpets.com\/wp-content\/uploads\/2024\/09\/Dog-Head-Collar.webp","datePublished":"2024-09-02T09:55:49+00:00","dateModified":"2024-09-24T09:44:04+00:00","description":"Zvl\u00e1dn\u011bte jemnou kontrolu s na\u0161\u00edm obojkem No Pull Head. Tr\u00e9nujte snadno a pohodln\u011b. \u00da\u010dinn\u00fd a hum\u00e1nn\u00ed!","breadcrumb":{"@id":"https:\/\/qqpets.com\/product\/gentle-leader-no-pull-dog-head-collar\/#breadcrumb"},"inLanguage":"cs","potentialAction":[{"@type":"ReadAction","target":["https:\/\/qqpets.com\/product\/gentle-leader-no-pull-dog-head-collar\/"]}]},{"@type":"ImageObject","inLanguage":"cs","@id":"https:\/\/qqpets.com\/product\/gentle-leader-no-pull-dog-head-collar\/#primaryimage","url":"https:\/\/qqpets.com\/wp-content\/uploads\/2024\/09\/Dog-Head-Collar.webp","contentUrl":"https:\/\/qqpets.com\/wp-content\/uploads\/2024\/09\/Dog-Head-Collar.webp","width":700,"height":700,"caption":"Dog-Head-Collar"},{"@type":"BreadcrumbList","@id":"https:\/\/qqpets.com\/product\/gentle-leader-no-pull-dog-head-collar\/#breadcrumb","itemListElement":[{"@type":"ListItem","position":1,"name":"Home","item":"https:\/\/qqpets.com\/"},{"@type":"ListItem","position":2,"name":"Products","item":"https:\/\/qqpets.com\/pet-products-manufacturer\/"},{"@type":"ListItem","position":3,"name":"Gentle Leader No Pull Dog Head Collar"}]},{"@type":"WebSite","@id":"https:\/\/qqpets.com\/#website","url":"https:\/\/qqpets.com\/","name":"QQPETS","description":"QQPETS je tov\u00e1rna na v\u00fdrobky pro dom\u00e1c\u00ed mazl\u00ed\u010dky pro ps\u00ed postroje, obojky, vod\u00edtka a dopl\u0148ky pro psy s profesion\u00e1ln\u00edmi slu\u017ebami na m\u00edru od roku 2005.","publisher":{"@id":"https:\/\/qqpets.com\/#organization"},"potentialAction":[{"@type":"SearchAction","target":{"@type":"EntryPoint","urlTemplate":"https:\/\/qqpets.com\/?s={search_term_string}"},"query-input":{"@type":"PropertyValueSpecification","valueRequired":true,"valueName":"search_term_string"}}],"inLanguage":"cs"},{"@type":"Organization","@id":"https:\/\/qqpets.com\/#organization","name":"QQPETS","url":"https:\/\/qqpets.com\/","logo":{"@type":"ImageObject","inLanguage":"cs","@id":"https:\/\/qqpets.com\/#\/schema\/logo\/image\/","url":"https:\/\/qqpets.com\/wp-content\/uploads\/2023\/09\/cropped-cropped-qqpets-tiktok.jpg","contentUrl":"https:\/\/qqpets.com\/wp-content\/uploads\/2023\/09\/cropped-cropped-qqpets-tiktok.jpg","width":511,"height":511,"caption":"QQPETS"},"image":{"@id":"https:\/\/qqpets.com\/#\/schema\/logo\/image\/"},"sameAs":["https:\/\/www.facebook.com\/QQpetsdogcollars","https:\/\/www.instagram.com\/qqpetscollar\/","https:\/\/www.pinterest.com\/qqpetsdogcollarsfactory\/"]}]}},"_links":{"self":[{"href":"https:\/\/qqpets.com\/cs\/wp-json\/wp\/v2\/product\/7780","targetHints":{"allow":["GET"]}}],"collection":[{"href":"https:\/\/qqpets.com\/cs\/wp-json\/wp\/v2\/product"}],"about":[{"href":"https:\/\/qqpets.com\/cs\/wp-json\/wp\/v2\/types\/product"}],"wp:featuredmedia":[{"embeddable":true,"href":"https:\/\/qqpets.com\/cs\/wp-json\/wp\/v2\/media\/8230"}],"wp:attachment":[{"href":"https:\/\/qqpets.com\/cs\/wp-json\/wp\/v2\/media?parent=7780"}],"wp:term":[{"taxonomy":"product_brand","embeddable":true,"href":"https:\/\/qqpets.com\/cs\/wp-json\/wp\/v2\/product_brand?post=7780"},{"taxonomy":"product_cat","embeddable":true,"href":"https:\/\/qqpets.com\/cs\/wp-json\/wp\/v2\/product_cat?post=7780"},{"taxonomy":"product_tag","embeddable":true,"href":"https:\/\/qqpets.com\/cs\/wp-json\/wp\/v2\/product_tag?post=7780"}],"curies":[{"name":"wp","href":"https:\/\/api.w.org\/{rel}","templated":true}]}}