{"id":7790,"date":"2024-09-03T17:20:44","date_gmt":"2024-09-03T09:20:44","guid":{"rendered":"https:\/\/qqpets.com\/?post_type=product&#038;p=7790"},"modified":"2024-09-03T17:20:44","modified_gmt":"2024-09-03T09:20:44","slug":"reflective-rope-dog-leash","status":"publish","type":"product","link":"https:\/\/qqpets.com\/cs\/produkt\/reflective-rope-dog-leash\/","title":{"rendered":"Reflexn\u00ed lanov\u00e9 vod\u00edtko pro psy"},"content":{"rendered":"<p>Vneste do sv\u00fdch ka\u017edodenn\u00edch proch\u00e1zek novou \u00farove\u0148 stylu a pevnosti s na\u0161\u00edm pr\u00e9miov\u00fdm lanov\u00fdm vod\u00edtkem pro psy. Toto vod\u00edtko je pe\u010dliv\u011b vyrobeno z vysoce kvalitn\u00edho pleten\u00e9ho lana, kter\u00e9 je navr\u017eeno tak, aby vydr\u017eelo i to nejsiln\u011bj\u0161\u00ed tah\u00e1n\u00ed a \u0161kub\u00e1n\u00ed i t\u011bch nejnad\u0161en\u011bj\u0161\u00edch ps\u016f. Robustn\u00ed konstrukce zaji\u0161\u0165uje dlouhou \u017eivotnost, tak\u017ee je ide\u00e1ln\u00ed volbou pro v\u0161echna plemena, velikosti a v\u011bkov\u00e9 kategorie.<\/p>\n<p>Ergonomicky navr\u017een\u00e1 rukoje\u0165 je pohodln\u011b polstrovan\u00e1, co\u017e sni\u017euje \u00fanavu rukou a poskytuje p\u0159\u00edjemn\u00fd z\u00e1\u017eitek z ch\u016fze i p\u0159i del\u0161\u00edch v\u00fdletech. Tato funkce je obzvl\u00e1\u0161t\u011b v\u00fdhodn\u00e1 pro majitele dom\u00e1c\u00edch mazl\u00ed\u010dk\u016f v\u011bt\u0161\u00edch plemen nebo pro ty, kte\u0159\u00ed maj\u00ed r\u00e1di aktivn\u00ed dobrodru\u017estv\u00ed vy\u017eaduj\u00edc\u00ed spolehliv\u00fd \u00fachop.<\/p>\n<p>Na\u0161e lanov\u00e9 vod\u00edtko pro psy je vybaveno odolnou sponou, kter\u00e1 zaji\u0161\u0165uje bezpe\u010dn\u00e9 p\u0159ipojen\u00ed k obojku nebo postroji va\u0161eho psa a poskytuje jistotu, \u017ee je v\u00e1\u0161 spole\u010dn\u00edk v\u017edy bezpe\u010dn\u011b p\u0159ipout\u00e1n. Elegantn\u00ed pleten\u00fd design nejen\u017ee dod\u00e1v\u00e1 vod\u00edtku n\u00e1dech elegance, ale tak\u00e9 zaji\u0161\u0165uje, \u017ee se snadno \u010dist\u00ed a udr\u017euje a odol\u00e1 v\u0161em pov\u011btrnostn\u00edm podm\u00ednk\u00e1m, ani\u017e by se rozt\u0159epilo nebo vybledlo.<\/p>\n<p>Na\u0161e lanov\u00e9 vod\u00edtko pro psy, kter\u00e9 je k dispozici v r\u016fzn\u00fdch barv\u00e1ch, v\u00e1m umo\u017en\u00ed vyj\u00e1d\u0159it osobn\u00ed styl v\u00e1\u0161 i va\u0161eho dom\u00e1c\u00edho mazl\u00ed\u010dka a z\u00e1rove\u0148 zajist\u00ed, \u017ee bezpe\u010dnost a funk\u010dnost nebudou nikdy ohro\u017eeny. A\u0165 u\u017e se pohybujete v ru\u0161n\u00fdch m\u011bstsk\u00fdch ulic\u00edch, nebo prozkoum\u00e1v\u00e1te drsn\u00e9 stezky, toto vod\u00edtko je dokonal\u00fdm spole\u010dn\u00edkem pro v\u0161echna va\u0161e venkovn\u00ed dobrodru\u017estv\u00ed a kombinuje bezkonkuren\u010dn\u00ed pevnost s m\u00f3dn\u00edm vzhledem.<\/p>\n<p>Zvolte si na\u0161e provazov\u00e9 vod\u00edtko pro psy, kter\u00e9 je spolehliv\u00fdm, stylov\u00fdm a praktick\u00fdm \u0159e\u0161en\u00edm pot\u0159eb va\u0161eho dom\u00e1c\u00edho mazl\u00ed\u010dka p\u0159i ven\u010den\u00ed a zajist\u00ed mu p\u0159\u00edjemn\u00e9 a bezpe\u010dn\u00e9 ven\u010den\u00ed.<\/p>\n<h5><strong>Jsou provazov\u00e1 vod\u00edtka pro psy lep\u0161\u00ed?<\/strong><\/h5>\n<p>Provazov\u00e1 vod\u00edtka mohou b\u00fdt pro psy, zejm\u00e9na pro ty, kte\u0159\u00ed tahaj\u00ed, vhodn\u011bj\u0161\u00ed d\u00edky sv\u00e9 odolnosti a pevnosti. Majitel\u016fm tak\u00e9 poskytuj\u00ed dobr\u00fd \u00fachop, co\u017e je u\u017eite\u010dn\u00e9 p\u0159i v\u00fdcviku nebo v situac\u00edch, kdy je kontrola kl\u00ed\u010dov\u00e1.<\/p>\n<h5><strong>Jak\u00e9 lano je vhodn\u00e9 na vod\u00edtko pro psy?<\/strong><\/h5>\n<p>Pro vod\u00edtka pro psy se \u010dasto pou\u017e\u00edv\u00e1 nylonov\u00e9 lano pro horolezectv\u00ed, proto\u017ee je pevn\u00e9, odoln\u00e9 a pohodln\u011b se dr\u017e\u00ed. Je tak\u00e9 odoln\u00e9 v\u016f\u010di pov\u011btrnostn\u00edm vliv\u016fm a vydr\u017e\u00ed s\u00edlu p\u0159i tah\u00e1n\u00ed ps\u016f.<\/p>\n<h5><strong>Jsou provazov\u00e9 obojky pro psy bezpe\u010dn\u00e9?<\/strong><\/h5>\n<p>Provazov\u00e9 obojky pro psy mohou b\u00fdt bezpe\u010dn\u00e9, pokud maj\u00ed spr\u00e1vnou velikost a jsou vyrobeny z m\u011bkk\u00e9ho a odoln\u00e9ho materi\u00e1lu. Nem\u011bly by se v\u0161ak pou\u017e\u00edvat jako prim\u00e1rn\u00ed obojek pro p\u0159ipevn\u011bn\u00ed identifika\u010dn\u00edch zn\u00e1mek nebo pro psy, kte\u0159\u00ed v\u00fdrazn\u011b tahaj\u00ed, proto\u017ee provaz m\u016f\u017ee opot\u0159ebov\u00e1vat srst a \u010dasem zp\u016fsobit podr\u00e1\u017ed\u011bn\u00ed.<\/p>\n<h5><strong>Jak se \u0159ekne provaz pro psa?<\/strong><\/h5>\n<p>B\u011b\u017en\u011b se pro ps\u00ed lano pou\u017e\u00edv\u00e1 term\u00edn \"vod\u00edtko\" nebo n\u011bkdy \"vod\u00edtko\", kter\u00fd se vztahuje na lano pou\u017e\u00edvan\u00e9 k veden\u00ed nebo ovl\u00e1d\u00e1n\u00ed psa p\u0159i proch\u00e1zk\u00e1ch nebo v\u00fdcviku.<\/p>","protected":false},"excerpt":{"rendered":"<p>Vyzkou\u0161ejte dokonalou kombinaci odolnosti a stylu s na\u0161\u00edm lanov\u00fdm vod\u00edtkem pro psy. Toto vod\u00edtko je vyrobeno z vysoce kvalitn\u00edho pleten\u00e9ho lana a nab\u00edz\u00ed vynikaj\u00edc\u00ed pevnost pro v\u0161echny velikosti ps\u016f. Pohodln\u00e1 rukoje\u0165 zaji\u0161\u0165uje snadn\u00e9 pou\u017e\u00edv\u00e1n\u00ed p\u0159i dlouh\u00fdch proch\u00e1zk\u00e1ch, zat\u00edmco odoln\u00e1 spona poskytuje bezpe\u010dn\u00e9 p\u0159ipevn\u011bn\u00ed k obojku va\u0161eho psa. Vod\u00edtko je ide\u00e1ln\u00ed pro ka\u017edodenn\u00ed pou\u017eit\u00ed a kombinuje funk\u010dnost s elegantn\u00edm, modern\u00edm designem, kter\u00fd zaji\u0161\u0165uje bezpe\u010dnost i styl p\u0159i va\u0161ich dobrodru\u017estv\u00edch.<\/p>","protected":false},"featured_media":7791,"template":"","meta":[],"product_brand":[],"product_cat":[27],"product_tag":[],"class_list":{"0":"post-7790","1":"product","2":"type-product","3":"status-publish","4":"has-post-thumbnail","6":"product_cat-dog-leash","7":"pa_brand-qqpets","9":"first","10":"instock","11":"shipping-taxable","12":"product-type-simple"},"yoast_head":"<!-- This site is optimized with the Yoast SEO plugin v26.6 - https:\/\/yoast.com\/wordpress\/plugins\/seo\/ -->\n<title>Reflective Rope Dog Leash | QQPETS<\/title>\n<meta name=\"description\" content=\"Discover the durability of our Rope Dog Leash. Strong, stylish, and secure. Ideal for daily walks. Shop now!\" \/>\n<meta name=\"robots\" content=\"index, follow, max-snippet:-1, max-image-preview:large, max-video-preview:-1\" \/>\n<link rel=\"canonical\" href=\"https:\/\/qqpets.com\/cs\/produkt\/reflective-rope-dog-leash\/\" \/>\n<meta property=\"og:locale\" content=\"cs_CZ\" \/>\n<meta property=\"og:type\" content=\"article\" \/>\n<meta property=\"og:title\" content=\"Reflective Rope Dog Leash | QQPETS\" \/>\n<meta property=\"og:description\" content=\"Discover the durability of our Rope Dog Leash. Strong, stylish, and secure. Ideal for daily walks. Shop now!\" \/>\n<meta property=\"og:url\" content=\"https:\/\/qqpets.com\/cs\/produkt\/reflective-rope-dog-leash\/\" \/>\n<meta property=\"og:site_name\" content=\"QQPETS\" \/>\n<meta property=\"article:publisher\" content=\"https:\/\/www.facebook.com\/QQpetsdogcollars\" \/>\n<meta property=\"og:image\" content=\"https:\/\/qqpets.com\/wp-content\/uploads\/2024\/09\/rope-dog-leash1.webp\" \/>\n\t<meta property=\"og:image:width\" content=\"892\" \/>\n\t<meta property=\"og:image:height\" content=\"968\" \/>\n\t<meta property=\"og:image:type\" content=\"image\/webp\" \/>\n<meta name=\"twitter:card\" content=\"summary_large_image\" \/>\n<meta name=\"twitter:label1\" content=\"Odhadovan\u00e1 doba \u010dten\u00ed\" \/>\n\t<meta name=\"twitter:data1\" content=\"3 minuty\" \/>\n<script type=\"application\/ld+json\" class=\"yoast-schema-graph\">{\"@context\":\"https:\/\/schema.org\",\"@graph\":[{\"@type\":\"WebPage\",\"@id\":\"https:\/\/qqpets.com\/product\/reflective-rope-dog-leash\/\",\"url\":\"https:\/\/qqpets.com\/product\/reflective-rope-dog-leash\/\",\"name\":\"Reflective Rope Dog Leash | QQPETS\",\"isPartOf\":{\"@id\":\"https:\/\/qqpets.com\/#website\"},\"primaryImageOfPage\":{\"@id\":\"https:\/\/qqpets.com\/product\/reflective-rope-dog-leash\/#primaryimage\"},\"image\":{\"@id\":\"https:\/\/qqpets.com\/product\/reflective-rope-dog-leash\/#primaryimage\"},\"thumbnailUrl\":\"https:\/\/qqpets.com\/wp-content\/uploads\/2024\/09\/rope-dog-leash1.webp\",\"datePublished\":\"2024-09-03T09:20:44+00:00\",\"description\":\"Discover the durability of our Rope Dog Leash. Strong, stylish, and secure. Ideal for daily walks. Shop now!\",\"breadcrumb\":{\"@id\":\"https:\/\/qqpets.com\/product\/reflective-rope-dog-leash\/#breadcrumb\"},\"inLanguage\":\"cs\",\"potentialAction\":[{\"@type\":\"ReadAction\",\"target\":[\"https:\/\/qqpets.com\/product\/reflective-rope-dog-leash\/\"]}]},{\"@type\":\"ImageObject\",\"inLanguage\":\"cs\",\"@id\":\"https:\/\/qqpets.com\/product\/reflective-rope-dog-leash\/#primaryimage\",\"url\":\"https:\/\/qqpets.com\/wp-content\/uploads\/2024\/09\/rope-dog-leash1.webp\",\"contentUrl\":\"https:\/\/qqpets.com\/wp-content\/uploads\/2024\/09\/rope-dog-leash1.webp\",\"width\":892,\"height\":968},{\"@type\":\"BreadcrumbList\",\"@id\":\"https:\/\/qqpets.com\/product\/reflective-rope-dog-leash\/#breadcrumb\",\"itemListElement\":[{\"@type\":\"ListItem\",\"position\":1,\"name\":\"Home\",\"item\":\"https:\/\/qqpets.com\/\"},{\"@type\":\"ListItem\",\"position\":2,\"name\":\"Products\",\"item\":\"https:\/\/qqpets.com\/pet-products-manufacturer\/\"},{\"@type\":\"ListItem\",\"position\":3,\"name\":\"Reflective Rope Dog Leash\"}]},{\"@type\":\"WebSite\",\"@id\":\"https:\/\/qqpets.com\/#website\",\"url\":\"https:\/\/qqpets.com\/\",\"name\":\"QQPETS\",\"description\":\"QQPETS is a pet products factory for dog harnesses, dog collars, dog leashes and dog accessories with professional customized service since 2005.\",\"publisher\":{\"@id\":\"https:\/\/qqpets.com\/#organization\"},\"potentialAction\":[{\"@type\":\"SearchAction\",\"target\":{\"@type\":\"EntryPoint\",\"urlTemplate\":\"https:\/\/qqpets.com\/?s={search_term_string}\"},\"query-input\":{\"@type\":\"PropertyValueSpecification\",\"valueRequired\":true,\"valueName\":\"search_term_string\"}}],\"inLanguage\":\"cs\"},{\"@type\":\"Organization\",\"@id\":\"https:\/\/qqpets.com\/#organization\",\"name\":\"QQPETS\",\"url\":\"https:\/\/qqpets.com\/\",\"logo\":{\"@type\":\"ImageObject\",\"inLanguage\":\"cs\",\"@id\":\"https:\/\/qqpets.com\/#\/schema\/logo\/image\/\",\"url\":\"https:\/\/qqpets.com\/wp-content\/uploads\/2023\/09\/cropped-cropped-qqpets-tiktok.jpg\",\"contentUrl\":\"https:\/\/qqpets.com\/wp-content\/uploads\/2023\/09\/cropped-cropped-qqpets-tiktok.jpg\",\"width\":511,\"height\":511,\"caption\":\"QQPETS\"},\"image\":{\"@id\":\"https:\/\/qqpets.com\/#\/schema\/logo\/image\/\"},\"sameAs\":[\"https:\/\/www.facebook.com\/QQpetsdogcollars\",\"https:\/\/www.instagram.com\/qqpetscollar\/\",\"https:\/\/www.pinterest.com\/qqpetsdogcollarsfactory\/\"]}]}<\/script>\n<!-- \/ Yoast SEO plugin. -->","yoast_head_json":{"title":"Reflexn\u00ed lanov\u00e9 vod\u00edtko pro psy | QQPETS","description":"Objevte odolnost na\u0161eho lanov\u00e9ho vod\u00edtka pro psy. Siln\u00e9, stylov\u00e9 a bezpe\u010dn\u00e9. Ide\u00e1ln\u00ed pro ka\u017edodenn\u00ed proch\u00e1zky. Nakupujte nyn\u00ed!","robots":{"index":"index","follow":"follow","max-snippet":"max-snippet:-1","max-image-preview":"max-image-preview:large","max-video-preview":"max-video-preview:-1"},"canonical":"https:\/\/qqpets.com\/cs\/produkt\/reflective-rope-dog-leash\/","og_locale":"cs_CZ","og_type":"article","og_title":"Reflective Rope Dog Leash | QQPETS","og_description":"Discover the durability of our Rope Dog Leash. Strong, stylish, and secure. Ideal for daily walks. Shop now!","og_url":"https:\/\/qqpets.com\/cs\/produkt\/reflective-rope-dog-leash\/","og_site_name":"QQPETS","article_publisher":"https:\/\/www.facebook.com\/QQpetsdogcollars","og_image":[{"width":892,"height":968,"url":"https:\/\/qqpets.com\/wp-content\/uploads\/2024\/09\/rope-dog-leash1.webp","type":"image\/webp"}],"twitter_card":"summary_large_image","twitter_misc":{"Odhadovan\u00e1 doba \u010dten\u00ed":"3 minuty"},"schema":{"@context":"https:\/\/schema.org","@graph":[{"@type":"WebPage","@id":"https:\/\/qqpets.com\/product\/reflective-rope-dog-leash\/","url":"https:\/\/qqpets.com\/product\/reflective-rope-dog-leash\/","name":"Reflexn\u00ed lanov\u00e9 vod\u00edtko pro psy | QQPETS","isPartOf":{"@id":"https:\/\/qqpets.com\/#website"},"primaryImageOfPage":{"@id":"https:\/\/qqpets.com\/product\/reflective-rope-dog-leash\/#primaryimage"},"image":{"@id":"https:\/\/qqpets.com\/product\/reflective-rope-dog-leash\/#primaryimage"},"thumbnailUrl":"https:\/\/qqpets.com\/wp-content\/uploads\/2024\/09\/rope-dog-leash1.webp","datePublished":"2024-09-03T09:20:44+00:00","description":"Objevte odolnost na\u0161eho lanov\u00e9ho vod\u00edtka pro psy. Siln\u00e9, stylov\u00e9 a bezpe\u010dn\u00e9. Ide\u00e1ln\u00ed pro ka\u017edodenn\u00ed proch\u00e1zky. Nakupujte nyn\u00ed!","breadcrumb":{"@id":"https:\/\/qqpets.com\/product\/reflective-rope-dog-leash\/#breadcrumb"},"inLanguage":"cs","potentialAction":[{"@type":"ReadAction","target":["https:\/\/qqpets.com\/product\/reflective-rope-dog-leash\/"]}]},{"@type":"ImageObject","inLanguage":"cs","@id":"https:\/\/qqpets.com\/product\/reflective-rope-dog-leash\/#primaryimage","url":"https:\/\/qqpets.com\/wp-content\/uploads\/2024\/09\/rope-dog-leash1.webp","contentUrl":"https:\/\/qqpets.com\/wp-content\/uploads\/2024\/09\/rope-dog-leash1.webp","width":892,"height":968},{"@type":"BreadcrumbList","@id":"https:\/\/qqpets.com\/product\/reflective-rope-dog-leash\/#breadcrumb","itemListElement":[{"@type":"ListItem","position":1,"name":"Home","item":"https:\/\/qqpets.com\/"},{"@type":"ListItem","position":2,"name":"Products","item":"https:\/\/qqpets.com\/pet-products-manufacturer\/"},{"@type":"ListItem","position":3,"name":"Reflective Rope Dog Leash"}]},{"@type":"WebSite","@id":"https:\/\/qqpets.com\/#website","url":"https:\/\/qqpets.com\/","name":"QQPETS","description":"QQPETS je tov\u00e1rna na v\u00fdrobky pro dom\u00e1c\u00ed mazl\u00ed\u010dky pro ps\u00ed postroje, obojky, vod\u00edtka a dopl\u0148ky pro psy s profesion\u00e1ln\u00edmi slu\u017ebami na m\u00edru od roku 2005.","publisher":{"@id":"https:\/\/qqpets.com\/#organization"},"potentialAction":[{"@type":"SearchAction","target":{"@type":"EntryPoint","urlTemplate":"https:\/\/qqpets.com\/?s={search_term_string}"},"query-input":{"@type":"PropertyValueSpecification","valueRequired":true,"valueName":"search_term_string"}}],"inLanguage":"cs"},{"@type":"Organization","@id":"https:\/\/qqpets.com\/#organization","name":"QQPETS","url":"https:\/\/qqpets.com\/","logo":{"@type":"ImageObject","inLanguage":"cs","@id":"https:\/\/qqpets.com\/#\/schema\/logo\/image\/","url":"https:\/\/qqpets.com\/wp-content\/uploads\/2023\/09\/cropped-cropped-qqpets-tiktok.jpg","contentUrl":"https:\/\/qqpets.com\/wp-content\/uploads\/2023\/09\/cropped-cropped-qqpets-tiktok.jpg","width":511,"height":511,"caption":"QQPETS"},"image":{"@id":"https:\/\/qqpets.com\/#\/schema\/logo\/image\/"},"sameAs":["https:\/\/www.facebook.com\/QQpetsdogcollars","https:\/\/www.instagram.com\/qqpetscollar\/","https:\/\/www.pinterest.com\/qqpetsdogcollarsfactory\/"]}]}},"_links":{"self":[{"href":"https:\/\/qqpets.com\/cs\/wp-json\/wp\/v2\/product\/7790","targetHints":{"allow":["GET"]}}],"collection":[{"href":"https:\/\/qqpets.com\/cs\/wp-json\/wp\/v2\/product"}],"about":[{"href":"https:\/\/qqpets.com\/cs\/wp-json\/wp\/v2\/types\/product"}],"wp:featuredmedia":[{"embeddable":true,"href":"https:\/\/qqpets.com\/cs\/wp-json\/wp\/v2\/media\/7791"}],"wp:attachment":[{"href":"https:\/\/qqpets.com\/cs\/wp-json\/wp\/v2\/media?parent=7790"}],"wp:term":[{"taxonomy":"product_brand","embeddable":true,"href":"https:\/\/qqpets.com\/cs\/wp-json\/wp\/v2\/product_brand?post=7790"},{"taxonomy":"product_cat","embeddable":true,"href":"https:\/\/qqpets.com\/cs\/wp-json\/wp\/v2\/product_cat?post=7790"},{"taxonomy":"product_tag","embeddable":true,"href":"https:\/\/qqpets.com\/cs\/wp-json\/wp\/v2\/product_tag?post=7790"}],"curies":[{"name":"wp","href":"https:\/\/api.w.org\/{rel}","templated":true}]}}