{"id":7797,"date":"2024-09-03T16:36:52","date_gmt":"2024-09-03T08:36:52","guid":{"rendered":"https:\/\/qqpets.com\/?post_type=product&#038;p=7797"},"modified":"2024-09-03T16:36:52","modified_gmt":"2024-09-03T08:36:52","slug":"martingale-dog-collar","status":"publish","type":"product","link":"https:\/\/qqpets.com\/cs\/produkt\/martingale-dog-collar\/","title":{"rendered":"Obojek pro psy Martingale"},"content":{"rendered":"<p>P\u0159edstavujeme v\u00e1m n\u00e1\u0161 obojek Martingale pro psy, z\u00e1kladn\u00ed n\u00e1stroj pro efektivn\u00ed a bezpe\u010dn\u00fd v\u00fdcvik. Tento obojek je speci\u00e1ln\u011b navr\u017een tak, aby poskytoval v\u011bt\u0161\u00ed kontrolu nad psy, kte\u0159\u00ed maj\u00ed tendenci tahat, bez hrubosti tradi\u010dn\u00edch \u0161krt\u00edc\u00edch obojk\u016f. Je vybaven konstrukc\u00ed se dv\u011bma smy\u010dkami, kter\u00e1 umo\u017e\u0148uje obojek \u00fam\u011brn\u011b utahovat v reakci na tah\u00e1n\u00ed, co\u017e zaji\u0161\u0165uje jemnou korekci.<\/p>\n<p>N\u00e1\u0161 obojek Martingale je vyroben z prvot\u0159\u00eddn\u00edch materi\u00e1l\u016f, kter\u00e9 zaji\u0161\u0165uj\u00ed jeho trvanlivost a odolnost p\u0159i ka\u017edodenn\u00edm pou\u017e\u00edv\u00e1n\u00ed. Jedine\u010dn\u00e1 konstrukce zahrnuje omezen\u00e9 zap\u00edn\u00e1n\u00ed, co\u017e znamen\u00e1, \u017ee obojek se ut\u00e1hne do bodu, ale ne\u0161krt\u00ed, tak\u017ee je bezpe\u010dn\u00fd a \u00fa\u010dinn\u00fd pro v\u00fdcvikov\u00e9 \u00fa\u010dely. Tato funkce je obzvl\u00e1\u0161t\u011b v\u00fdhodn\u00e1 pro plemena se sklonem k vyklouz\u00e1v\u00e1n\u00ed z b\u011b\u017en\u00fdch obojk\u016f, proto\u017ee poskytuje bezpe\u010dn\u00e9 uchycen\u00ed a z\u00e1rove\u0148 zaji\u0161\u0165uje pohodl\u00ed va\u0161eho psa.<\/p>\n<p>Kl\u00ed\u010dovou sou\u010d\u00e1st\u00ed na\u0161eho obojku je mo\u017enost nastaven\u00ed, kter\u00e9 umo\u017e\u0148uje p\u0159izp\u016fsoben\u00ed velikosti krku va\u0161eho psa. D\u00edky t\u00e9to p\u0159izp\u016fsobivosti je obojek vhodn\u00fd pro t\u00e9m\u011b\u0159 v\u0161echna plemena a zaji\u0161\u0165uje spr\u00e1vnou m\u00edru korekce bez nepohodl\u00ed.<\/p>\n<p>Obojek Martingale je ide\u00e1ln\u00ed pro pou\u017eit\u00ed p\u0159i v\u00fdcviku, pravideln\u00fdch proch\u00e1zk\u00e1ch a v p\u0159epln\u011bn\u00e9m prost\u0159ed\u00ed, kde pot\u0159ebujete v\u011bt\u0161\u00ed kontrolu.Pom\u00e1h\u00e1 v\u00e9st psa t\u00edm, \u017ee vyv\u00edj\u00ed rovnom\u011brn\u00fd tlak kolem krku a nesoust\u0159e\u010fuje ho na jedno m\u00edsto. Tato metoda je tren\u00e9ry uzn\u00e1v\u00e1na pro svou \u00fa\u010dinnost a hum\u00e1nn\u00ed p\u0159\u00edstup k v\u00fduce spr\u00e1vn\u00e9ho chov\u00e1n\u00ed na vod\u00edtku.<\/p>\n<p>Vybavte sv\u00e9ho psa na\u0161\u00edm obojkem Martingale a zajist\u011bte mu bezpe\u010dn\u011bj\u0161\u00ed a p\u0159\u00edjemn\u011bj\u0161\u00ed proch\u00e1zky a v\u00fdcvik. Je to spolehliv\u00e1, hum\u00e1nn\u00ed a stylov\u00e1 volba pro majitele zv\u00ed\u0159at, kte\u0159\u00ed se sna\u017e\u00ed sv\u00fdm mazl\u00ed\u010dk\u016fm poskytovat tu nejlep\u0161\u00ed p\u00e9\u010di a v\u00fdcvik.<\/p>\n<h5><strong>Jsou obojky martingale pro psy vhodn\u00e9?<\/strong><\/h5>\n<p>Ano, obojky martingale jsou vhodn\u00e9 pro psy, zejm\u00e9na pro ty, kte\u0159\u00ed maj\u00ed tendenci vyklouz\u00e1vat z b\u011b\u017en\u00fdch obojk\u016f. Poskytuj\u00ed bezpe\u010dn\u011bj\u0161\u00ed alternativu, proto\u017ee se m\u00edrn\u011b utahuj\u00ed pod nap\u011bt\u00edm, \u010d\u00edm\u017e zaji\u0161\u0165uj\u00ed bezpe\u010dn\u00e9 uchycen\u00ed bez rizik spojen\u00fdch se \u0161krt\u00edc\u00edmi obojky.<\/p>\n<h5><strong>K \u010demu je psovi martingal?<\/strong><\/h5>\n<p>Obojek martingale je navr\u017een tak, aby se jemn\u011b ut\u00e1hl, kdy\u017e pes t\u00e1hne za vod\u00edtko, poskytoval kontrolu a zabra\u0148oval vyklouznut\u00ed psa z obojku. Utahuje se dostate\u010dn\u011b, aby byl \u00fa\u010dinn\u00fd, ale ne natolik, aby psa \u0161krtil nebo mu ubl\u00ed\u017eil, tak\u017ee je ide\u00e1ln\u00ed pro v\u00fdcvik a ven\u010den\u00ed.<\/p>\n<h5><strong>Zastavuj\u00ed obojky martingale tah\u00e1n\u00ed?<\/strong><\/h5>\n<p>Obojky Martingale nezabra\u0148uj\u00ed psovi v tah\u00e1n\u00ed ze sv\u00e9 podstaty. Jejich \u00fa\u010delem je zajistit bezpe\u010dn\u011bj\u0161\u00ed kontrolu ps\u016f, kte\u0159\u00ed by se mohli pokusit z obojku vycouvat. Lze je v\u0161ak \u00fa\u010dinn\u011b pou\u017e\u00edvat jako sou\u010d\u00e1st v\u00fdcvikov\u00e9 strategie k u\u010den\u00ed lep\u0161\u00edmu chov\u00e1n\u00ed na vod\u00edtku t\u00edm, \u017ee poskytuj\u00ed jemnou zp\u011btnou vazbu, kdy\u017e pes t\u00e1hne.<\/p>\n<h5><strong>M\u016f\u017ee pes nosit martingal neust\u00e1le?<\/strong><\/h5>\n<p>Nedoporu\u010duje se, aby pes nosil martingalov\u00fd obojek neust\u00e1le. Obojek je navr\u017een tak, aby se nap\u00ednal, co\u017e nen\u00ed ide\u00e1ln\u00ed pro nep\u0159etr\u017eit\u00e9 no\u0161en\u00ed, zejm\u00e9na bez dozoru. M\u011bl by b\u00fdt pou\u017e\u00edv\u00e1n p\u0159edev\u0161\u00edm b\u011bhem proch\u00e1zek nebo v\u00fdcviku a pot\u00e9 sund\u00e1n, aby se p\u0159ede\u0161lo riziku n\u00e1hodn\u00e9ho uta\u017een\u00ed nebo zran\u011bn\u00ed.<\/p>","protected":false},"excerpt":{"rendered":"<p>Optimalizujte v\u00fdcvik pomoc\u00ed na\u0161eho obojku Martingale, kter\u00fd je navr\u017een pro jemnou korekci bez \u0161krcen\u00ed. Tento obojek se utahuje pod nap\u011bt\u00edm, ale m\u00e1 omezen\u00e9 zap\u00edn\u00e1n\u00ed, aby bylo zaji\u0161t\u011bno, \u017ee je bezpe\u010dn\u00fd a hum\u00e1nn\u00ed. Je vyroben z vysoce kvalitn\u00edch materi\u00e1l\u016f a nab\u00edz\u00ed odolnost a pohodl\u00ed, tak\u017ee je ide\u00e1ln\u00ed pro ka\u017edodenn\u00ed proch\u00e1zky a v\u00fdcvik. Snadno nastaviteln\u00e1 konstrukce zaji\u0161\u0165uje dokonal\u00e9 p\u0159izp\u016fsoben\u00ed pro v\u0161echna plemena, zvy\u0161uje kontrolu a z\u00e1rove\u0148 chr\u00e1n\u00ed krk va\u0161eho psa.<\/p>","protected":false},"featured_media":7323,"template":"","meta":[],"product_brand":[],"product_cat":[26],"product_tag":[],"class_list":{"0":"post-7797","1":"product","2":"type-product","3":"status-publish","4":"has-post-thumbnail","6":"product_cat-dog-collar","7":"pa_brand-qqpets","9":"first","10":"instock","11":"shipping-taxable","12":"product-type-simple"},"yoast_head":"<!-- This site is optimized with the Yoast SEO plugin v26.6 - https:\/\/yoast.com\/wordpress\/plugins\/seo\/ -->\n<title>Martingale Dog Collar | QQPETS<\/title>\n<meta name=\"description\" content=\"Ensure safety with our Martingale Dog Collar. Perfect for training with gentle control. Durable and reliable!\" \/>\n<meta name=\"robots\" content=\"index, follow, max-snippet:-1, max-image-preview:large, max-video-preview:-1\" \/>\n<link rel=\"canonical\" href=\"https:\/\/qqpets.com\/cs\/produkt\/martingale-dog-collar\/\" \/>\n<meta property=\"og:locale\" content=\"cs_CZ\" \/>\n<meta property=\"og:type\" content=\"article\" \/>\n<meta property=\"og:title\" content=\"Martingale Dog Collar | QQPETS\" \/>\n<meta property=\"og:description\" content=\"Ensure safety with our Martingale Dog Collar. Perfect for training with gentle control. Durable and reliable!\" \/>\n<meta property=\"og:url\" content=\"https:\/\/qqpets.com\/cs\/produkt\/martingale-dog-collar\/\" \/>\n<meta property=\"og:site_name\" content=\"QQPETS\" \/>\n<meta property=\"article:publisher\" content=\"https:\/\/www.facebook.com\/QQpetsdogcollars\" \/>\n<meta property=\"og:image\" content=\"https:\/\/qqpets.com\/wp-content\/uploads\/2023\/09\/martingale-dog-collar.webp\" \/>\n\t<meta property=\"og:image:width\" content=\"1000\" \/>\n\t<meta property=\"og:image:height\" content=\"1000\" \/>\n\t<meta property=\"og:image:type\" content=\"image\/webp\" \/>\n<meta name=\"twitter:card\" content=\"summary_large_image\" \/>\n<meta name=\"twitter:label1\" content=\"Odhadovan\u00e1 doba \u010dten\u00ed\" \/>\n\t<meta name=\"twitter:data1\" content=\"3 minuty\" \/>\n<script type=\"application\/ld+json\" class=\"yoast-schema-graph\">{\"@context\":\"https:\/\/schema.org\",\"@graph\":[{\"@type\":\"WebPage\",\"@id\":\"https:\/\/qqpets.com\/product\/martingale-dog-collar\/\",\"url\":\"https:\/\/qqpets.com\/product\/martingale-dog-collar\/\",\"name\":\"Martingale Dog Collar | QQPETS\",\"isPartOf\":{\"@id\":\"https:\/\/qqpets.com\/#website\"},\"primaryImageOfPage\":{\"@id\":\"https:\/\/qqpets.com\/product\/martingale-dog-collar\/#primaryimage\"},\"image\":{\"@id\":\"https:\/\/qqpets.com\/product\/martingale-dog-collar\/#primaryimage\"},\"thumbnailUrl\":\"https:\/\/qqpets.com\/wp-content\/uploads\/2023\/09\/martingale-dog-collar.webp\",\"datePublished\":\"2024-09-03T08:36:52+00:00\",\"description\":\"Ensure safety with our Martingale Dog Collar. Perfect for training with gentle control. Durable and reliable!\",\"breadcrumb\":{\"@id\":\"https:\/\/qqpets.com\/product\/martingale-dog-collar\/#breadcrumb\"},\"inLanguage\":\"cs\",\"potentialAction\":[{\"@type\":\"ReadAction\",\"target\":[\"https:\/\/qqpets.com\/product\/martingale-dog-collar\/\"]}]},{\"@type\":\"ImageObject\",\"inLanguage\":\"cs\",\"@id\":\"https:\/\/qqpets.com\/product\/martingale-dog-collar\/#primaryimage\",\"url\":\"https:\/\/qqpets.com\/wp-content\/uploads\/2023\/09\/martingale-dog-collar.webp\",\"contentUrl\":\"https:\/\/qqpets.com\/wp-content\/uploads\/2023\/09\/martingale-dog-collar.webp\",\"width\":1000,\"height\":1000,\"caption\":\"martingale dog collar\"},{\"@type\":\"BreadcrumbList\",\"@id\":\"https:\/\/qqpets.com\/product\/martingale-dog-collar\/#breadcrumb\",\"itemListElement\":[{\"@type\":\"ListItem\",\"position\":1,\"name\":\"Home\",\"item\":\"https:\/\/qqpets.com\/\"},{\"@type\":\"ListItem\",\"position\":2,\"name\":\"Products\",\"item\":\"https:\/\/qqpets.com\/pet-products-manufacturer\/\"},{\"@type\":\"ListItem\",\"position\":3,\"name\":\"Martingale Dog Collar\"}]},{\"@type\":\"WebSite\",\"@id\":\"https:\/\/qqpets.com\/#website\",\"url\":\"https:\/\/qqpets.com\/\",\"name\":\"QQPETS\",\"description\":\"QQPETS is a pet products factory for dog harnesses, dog collars, dog leashes and dog accessories with professional customized service since 2005.\",\"publisher\":{\"@id\":\"https:\/\/qqpets.com\/#organization\"},\"potentialAction\":[{\"@type\":\"SearchAction\",\"target\":{\"@type\":\"EntryPoint\",\"urlTemplate\":\"https:\/\/qqpets.com\/?s={search_term_string}\"},\"query-input\":{\"@type\":\"PropertyValueSpecification\",\"valueRequired\":true,\"valueName\":\"search_term_string\"}}],\"inLanguage\":\"cs\"},{\"@type\":\"Organization\",\"@id\":\"https:\/\/qqpets.com\/#organization\",\"name\":\"QQPETS\",\"url\":\"https:\/\/qqpets.com\/\",\"logo\":{\"@type\":\"ImageObject\",\"inLanguage\":\"cs\",\"@id\":\"https:\/\/qqpets.com\/#\/schema\/logo\/image\/\",\"url\":\"https:\/\/qqpets.com\/wp-content\/uploads\/2023\/09\/cropped-cropped-qqpets-tiktok.jpg\",\"contentUrl\":\"https:\/\/qqpets.com\/wp-content\/uploads\/2023\/09\/cropped-cropped-qqpets-tiktok.jpg\",\"width\":511,\"height\":511,\"caption\":\"QQPETS\"},\"image\":{\"@id\":\"https:\/\/qqpets.com\/#\/schema\/logo\/image\/\"},\"sameAs\":[\"https:\/\/www.facebook.com\/QQpetsdogcollars\",\"https:\/\/www.instagram.com\/qqpetscollar\/\",\"https:\/\/www.pinterest.com\/qqpetsdogcollarsfactory\/\"]}]}<\/script>\n<!-- \/ Yoast SEO plugin. -->","yoast_head_json":{"title":"Martingale obojek pro psy | QQPETS","description":"Zajist\u011bte si bezpe\u010dnost s na\u0161\u00edm obojkem Martingale. Ide\u00e1ln\u00ed pro v\u00fdcvik s jemnou kontrolou. Odoln\u00fd a spolehliv\u00fd!","robots":{"index":"index","follow":"follow","max-snippet":"max-snippet:-1","max-image-preview":"max-image-preview:large","max-video-preview":"max-video-preview:-1"},"canonical":"https:\/\/qqpets.com\/cs\/produkt\/martingale-dog-collar\/","og_locale":"cs_CZ","og_type":"article","og_title":"Martingale Dog Collar | QQPETS","og_description":"Ensure safety with our Martingale Dog Collar. Perfect for training with gentle control. Durable and reliable!","og_url":"https:\/\/qqpets.com\/cs\/produkt\/martingale-dog-collar\/","og_site_name":"QQPETS","article_publisher":"https:\/\/www.facebook.com\/QQpetsdogcollars","og_image":[{"width":1000,"height":1000,"url":"https:\/\/qqpets.com\/wp-content\/uploads\/2023\/09\/martingale-dog-collar.webp","type":"image\/webp"}],"twitter_card":"summary_large_image","twitter_misc":{"Odhadovan\u00e1 doba \u010dten\u00ed":"3 minuty"},"schema":{"@context":"https:\/\/schema.org","@graph":[{"@type":"WebPage","@id":"https:\/\/qqpets.com\/product\/martingale-dog-collar\/","url":"https:\/\/qqpets.com\/product\/martingale-dog-collar\/","name":"Martingale obojek pro psy | QQPETS","isPartOf":{"@id":"https:\/\/qqpets.com\/#website"},"primaryImageOfPage":{"@id":"https:\/\/qqpets.com\/product\/martingale-dog-collar\/#primaryimage"},"image":{"@id":"https:\/\/qqpets.com\/product\/martingale-dog-collar\/#primaryimage"},"thumbnailUrl":"https:\/\/qqpets.com\/wp-content\/uploads\/2023\/09\/martingale-dog-collar.webp","datePublished":"2024-09-03T08:36:52+00:00","description":"Zajist\u011bte si bezpe\u010dnost s na\u0161\u00edm obojkem Martingale. Ide\u00e1ln\u00ed pro v\u00fdcvik s jemnou kontrolou. Odoln\u00fd a spolehliv\u00fd!","breadcrumb":{"@id":"https:\/\/qqpets.com\/product\/martingale-dog-collar\/#breadcrumb"},"inLanguage":"cs","potentialAction":[{"@type":"ReadAction","target":["https:\/\/qqpets.com\/product\/martingale-dog-collar\/"]}]},{"@type":"ImageObject","inLanguage":"cs","@id":"https:\/\/qqpets.com\/product\/martingale-dog-collar\/#primaryimage","url":"https:\/\/qqpets.com\/wp-content\/uploads\/2023\/09\/martingale-dog-collar.webp","contentUrl":"https:\/\/qqpets.com\/wp-content\/uploads\/2023\/09\/martingale-dog-collar.webp","width":1000,"height":1000,"caption":"martingale dog collar"},{"@type":"BreadcrumbList","@id":"https:\/\/qqpets.com\/product\/martingale-dog-collar\/#breadcrumb","itemListElement":[{"@type":"ListItem","position":1,"name":"Home","item":"https:\/\/qqpets.com\/"},{"@type":"ListItem","position":2,"name":"Products","item":"https:\/\/qqpets.com\/pet-products-manufacturer\/"},{"@type":"ListItem","position":3,"name":"Martingale Dog Collar"}]},{"@type":"WebSite","@id":"https:\/\/qqpets.com\/#website","url":"https:\/\/qqpets.com\/","name":"QQPETS","description":"QQPETS je tov\u00e1rna na v\u00fdrobky pro dom\u00e1c\u00ed mazl\u00ed\u010dky pro ps\u00ed postroje, obojky, vod\u00edtka a dopl\u0148ky pro psy s profesion\u00e1ln\u00edmi slu\u017ebami na m\u00edru od roku 2005.","publisher":{"@id":"https:\/\/qqpets.com\/#organization"},"potentialAction":[{"@type":"SearchAction","target":{"@type":"EntryPoint","urlTemplate":"https:\/\/qqpets.com\/?s={search_term_string}"},"query-input":{"@type":"PropertyValueSpecification","valueRequired":true,"valueName":"search_term_string"}}],"inLanguage":"cs"},{"@type":"Organization","@id":"https:\/\/qqpets.com\/#organization","name":"QQPETS","url":"https:\/\/qqpets.com\/","logo":{"@type":"ImageObject","inLanguage":"cs","@id":"https:\/\/qqpets.com\/#\/schema\/logo\/image\/","url":"https:\/\/qqpets.com\/wp-content\/uploads\/2023\/09\/cropped-cropped-qqpets-tiktok.jpg","contentUrl":"https:\/\/qqpets.com\/wp-content\/uploads\/2023\/09\/cropped-cropped-qqpets-tiktok.jpg","width":511,"height":511,"caption":"QQPETS"},"image":{"@id":"https:\/\/qqpets.com\/#\/schema\/logo\/image\/"},"sameAs":["https:\/\/www.facebook.com\/QQpetsdogcollars","https:\/\/www.instagram.com\/qqpetscollar\/","https:\/\/www.pinterest.com\/qqpetsdogcollarsfactory\/"]}]}},"_links":{"self":[{"href":"https:\/\/qqpets.com\/cs\/wp-json\/wp\/v2\/product\/7797","targetHints":{"allow":["GET"]}}],"collection":[{"href":"https:\/\/qqpets.com\/cs\/wp-json\/wp\/v2\/product"}],"about":[{"href":"https:\/\/qqpets.com\/cs\/wp-json\/wp\/v2\/types\/product"}],"wp:featuredmedia":[{"embeddable":true,"href":"https:\/\/qqpets.com\/cs\/wp-json\/wp\/v2\/media\/7323"}],"wp:attachment":[{"href":"https:\/\/qqpets.com\/cs\/wp-json\/wp\/v2\/media?parent=7797"}],"wp:term":[{"taxonomy":"product_brand","embeddable":true,"href":"https:\/\/qqpets.com\/cs\/wp-json\/wp\/v2\/product_brand?post=7797"},{"taxonomy":"product_cat","embeddable":true,"href":"https:\/\/qqpets.com\/cs\/wp-json\/wp\/v2\/product_cat?post=7797"},{"taxonomy":"product_tag","embeddable":true,"href":"https:\/\/qqpets.com\/cs\/wp-json\/wp\/v2\/product_tag?post=7797"}],"curies":[{"name":"wp","href":"https:\/\/api.w.org\/{rel}","templated":true}]}}