{"id":7803,"date":"2024-09-03T16:46:00","date_gmt":"2024-09-03T08:46:00","guid":{"rendered":"https:\/\/qqpets.com\/?post_type=product&#038;p=7803"},"modified":"2024-09-24T17:32:49","modified_gmt":"2024-09-24T09:32:49","slug":"no-pull-training-slip-dog-leash","status":"publish","type":"product","link":"https:\/\/qqpets.com\/cs\/produkt\/no-pull-training-slip-dog-leash\/","title":{"rendered":"V\u00fdcvikov\u00e9 vod\u00edtko pro psy bez tahu"},"content":{"rendered":"<p>Vneste do sv\u00e9ho v\u00fdcvikov\u00e9ho re\u017eimu p\u0159esnost a lehkost s na\u0161\u00edm skluzov\u00fdm vod\u00edtkem pro psy, univerz\u00e1ln\u00edm n\u00e1strojem navr\u017een\u00fdm tak, aby pomohl prosadit spr\u00e1vn\u00e9 chov\u00e1n\u00ed a zlep\u0161it dovednosti na vod\u00edtku. Toto vod\u00edtko funguje jako obojek i jako vod\u00edtko a poskytuje pohodln\u00e9 \u0159e\u0161en\u00ed pro rychl\u00e9 ven\u010den\u00ed a efektivn\u00ed v\u00fdcvik.<\/p>\n<p>Na\u0161e vod\u00edtko pro psy Slip je vyrobeno z vysoce kvalitn\u00edch a odoln\u00fdch materi\u00e1l\u016f a je odoln\u00e9 v\u016f\u010di ka\u017edodenn\u00edmu pou\u017e\u00edv\u00e1n\u00ed. Jedine\u010dn\u00e1 kluzn\u00e1 konstrukce umo\u017e\u0148uje jeho uta\u017een\u00ed v reakci na tah\u00e1n\u00ed, co\u017e pom\u00e1h\u00e1 p\u0159irozen\u011b a jemn\u011b korigovat ne\u017e\u00e1douc\u00ed chov\u00e1n\u00ed. Jakmile v\u00e1\u0161 pes p\u0159estane tahat, vod\u00edtko se okam\u017eit\u011b uvoln\u00ed a nab\u00edz\u00ed pohodl\u00ed a \u00falevu, \u010d\u00edm\u017e posiluje pozitivn\u00ed chov\u00e1n\u00ed bez hrubosti.<\/p>\n<p>D\u00edky jednoduchosti skluzn\u00e9ho vod\u00edtka je ide\u00e1ln\u00ed pro rychl\u00e9 v\u00fdlety ven, a\u0165 u\u017e jde o p\u0159est\u00e1vky na z\u00e1chod nebo kr\u00e1tk\u00e9 proch\u00e1zky, a nen\u00ed tak t\u0159eba pou\u017e\u00edvat samostatn\u00fd obojek a vod\u00edtko. Tato funkce je obzvl\u00e1\u0161t\u011b v\u00fdhodn\u00e1 v prost\u0159ed\u00ed v\u00fdcviku, kde je nejd\u016fle\u017eit\u011bj\u0161\u00ed kontrola a rychl\u00e1 korekce.<\/p>\n<p>Na\u0161e kluzn\u00e9 vod\u00edtko pro psy je nejen praktick\u00e9, ale tak\u00e9 stylov\u00e9, dostupn\u00e9 v r\u016fzn\u00fdch barv\u00e1ch, kter\u00e9 vyhovuj\u00ed va\u0161emu stylu i stylu va\u0161eho psa. Jeho pou\u017eit\u00ed je neuv\u011b\u0159iteln\u011b snadn\u00e9 - jednodu\u0161e ho nasad\u00edte psovi na hlavu a m\u016f\u017eete vyrazit. Vod\u00edtko je tak\u00e9 na konci opat\u0159eno rukojet\u00ed se smy\u010dkou, kter\u00e1 poskytuje pohodln\u00e9 uchopen\u00ed a zabra\u0148uje sp\u00e1len\u00ed lana a \u00fanav\u011b p\u0159i dlouh\u00fdch proch\u00e1zk\u00e1ch nebo aktivn\u00edm v\u00fdcviku.<\/p>\n<p>Na\u0161e vod\u00edtko Slip Dog Leash je ide\u00e1ln\u00ed pro tren\u00e9ry, \u00fatulky a majitele dom\u00e1c\u00edch mazl\u00ed\u010dk\u016f, kte\u0159\u00ed hledaj\u00ed \u00fa\u010dinn\u00fd a hum\u00e1nn\u00ed zp\u016fsob v\u00fduky chov\u00e1n\u00ed na vod\u00edtku, a nab\u00edz\u00ed jednoduch\u00fd a \u00fa\u010dinn\u00fd p\u0159\u00edstup ke kontrole a v\u00fdcviku ps\u016f. Vybavte se touto z\u00e1kladn\u00ed pom\u016fckou, kter\u00e1 v\u00e1m zajist\u00ed bezpe\u010dn\u011bj\u0161\u00ed, p\u0159\u00edjemn\u011bj\u0161\u00ed a kontrolovan\u011bj\u0161\u00ed ven\u010den\u00ed nebo v\u00fdcvik.<\/p>\n<h5><strong>Jsou pro psy vhodn\u00e1 kluzn\u00e1 vod\u00edtka?<\/strong><\/h5>\n<p>Kluzn\u00e1 vod\u00edtka mohou b\u00fdt pro psy p\u0159i spr\u00e1vn\u00e9m pou\u017e\u00edv\u00e1n\u00ed vhodn\u00e1, zejm\u00e9na pro \u00fa\u010dely v\u00fdcviku nebo rychl\u00fdch proch\u00e1zek. Je v\u0161ak t\u0159eba je pou\u017e\u00edvat opatrn\u011b, aby nedo\u0161lo k nepohodl\u00ed nebo udu\u0161en\u00ed, zejm\u00e9na u ps\u016f se sklonem k tah\u00e1n\u00ed nebo u ps\u016f, kte\u0159\u00ed je\u0161t\u011b nejsou na vod\u00edtko nau\u010deni.<\/p>\n<h5><strong>Je v po\u0159\u00e1dku ven\u010dit psa na vod\u00edtku?<\/strong><\/h5>\n<p>Ven\u010den\u00ed psa na vod\u00edtku je p\u0159ijateln\u00e9, zejm\u00e9na pokud je pes vycvi\u010den k ch\u016fzi bez tah\u00e1n\u00ed. Vod\u00edtko umo\u017e\u0148uje rychlou kontrolu a snadno se nasazuje a sund\u00e1v\u00e1. Pro psy, kte\u0159\u00ed tahaj\u00ed nebo maj\u00ed probl\u00e9my s d\u00fdch\u00e1n\u00edm, v\u0161ak m\u016f\u017ee b\u00fdt postroj bezpe\u010dn\u011bj\u0161\u00ed a pohodln\u011bj\u0161\u00ed volbou.<\/p>\n<h5><strong>P\u0159estanou klouzav\u00e9 vodi\u010de t\u00e1hnout?<\/strong><\/h5>\n<p>Kluzn\u00e1 veden\u00ed ze sv\u00e9 podstaty nezastavuj\u00ed tah. Ve skute\u010dnosti mohou u n\u011bkter\u00fdch ps\u016f tah\u00e1n\u00ed podporovat, proto\u017ee pocit uta\u017een\u00ed m\u016f\u017ee u psa vyvolat reflex odporu, co\u017e ho vede k siln\u011bj\u0161\u00edmu tah\u00e1n\u00ed. K tomu, aby se pes nau\u010dil netahat, je t\u0159eba spr\u00e1vn\u00fd v\u00fdcvik.<\/p>\n<h5><strong>Je skluzn\u00e9 vod\u00edtko lep\u0161\u00ed ne\u017e postroj?<\/strong><\/h5>\n<p>To, zda je prokluzovac\u00ed vod\u00edtko lep\u0161\u00ed ne\u017e postroj, z\u00e1vis\u00ed na konkr\u00e9tn\u00edm psovi a situaci. Pro psy, kte\u0159\u00ed t\u00e1hnou, jsou ve v\u00fdcviku nebo maj\u00ed ur\u010dit\u00e9 zdravotn\u00ed pot\u00ed\u017ee, jako je nap\u0159\u00edklad kolaps pr\u016fdu\u0161nice, je postroj obvykle lep\u0161\u00ed, proto\u017ee rozkl\u00e1d\u00e1 tlak z krku na t\u011blo. Kluzn\u00e9 vod\u00edtko nab\u00edz\u00ed bezprost\u0159edn\u011bj\u0161\u00ed kontrolu a \u010dasto se up\u0159ednost\u0148uje u dob\u0159e vycvi\u010den\u00fdch ps\u016f nebo p\u0159i specifick\u00fdch v\u00fdcvikov\u00fdch sc\u00e9n\u00e1\u0159\u00edch, kdy psovod pot\u0159ebuje rychl\u00e9 a jemn\u00e9 korekce.<\/p>","protected":false},"excerpt":{"rendered":"<p>Zlep\u0161ete sv\u016fj v\u00fdcvik s na\u0161\u00edm kluzn\u00fdm vod\u00edtkem pro psy, kter\u00e9 je navr\u017eeno pro snadnou kontrolu a rychl\u00e9 korekce. Tento univerz\u00e1ln\u00ed syst\u00e9m vod\u00edtka a obojku se ut\u00e1hne, kdy\u017e pes t\u00e1hne, a nab\u00edz\u00ed jemnou korekci, a uvoln\u00ed se, kdy\u017e pes vyhov\u00ed. Je vyrobeno z vysoce kvalitn\u00edch a odoln\u00fdch materi\u00e1l\u016f, je ide\u00e1ln\u00ed pro pou\u017eit\u00ed na cest\u00e1ch a \u00fa\u010dinn\u00e9 pro v\u00fduku lep\u0161\u00edho chov\u00e1n\u00ed na vod\u00edtku. Je lehk\u00fd a snadno se pou\u017e\u00edv\u00e1, a proto je nezbytnou pom\u016fckou jak pro nov\u00e9 majitele zv\u00ed\u0159at, tak pro zku\u0161en\u00e9 tren\u00e9ry.<\/p>","protected":false},"featured_media":8229,"template":"","meta":[],"product_brand":[],"product_cat":[27],"product_tag":[],"class_list":{"0":"post-7803","1":"product","2":"type-product","3":"status-publish","4":"has-post-thumbnail","6":"product_cat-dog-leash","7":"pa_brand-qqpets","9":"first","10":"instock","11":"shipping-taxable","12":"product-type-simple"},"yoast_head":"<!-- This site is optimized with the Yoast SEO plugin v26.6 - https:\/\/yoast.com\/wordpress\/plugins\/seo\/ -->\n<title>No Pull Training Slip Dog Leash | QQPETS<\/title>\n<meta name=\"description\" content=\"Master control with our Slip Dog Leash. Ideal for training and quick walks. Durable, easy to use. Shop now!\" \/>\n<meta name=\"robots\" content=\"index, follow, max-snippet:-1, max-image-preview:large, max-video-preview:-1\" \/>\n<link rel=\"canonical\" href=\"https:\/\/qqpets.com\/cs\/produkt\/no-pull-training-slip-dog-leash\/\" \/>\n<meta property=\"og:locale\" content=\"cs_CZ\" \/>\n<meta property=\"og:type\" content=\"article\" \/>\n<meta property=\"og:title\" content=\"No Pull Training Slip Dog Leash | QQPETS\" \/>\n<meta property=\"og:description\" content=\"Master control with our Slip Dog Leash. Ideal for training and quick walks. Durable, easy to use. Shop now!\" \/>\n<meta property=\"og:url\" content=\"https:\/\/qqpets.com\/cs\/produkt\/no-pull-training-slip-dog-leash\/\" \/>\n<meta property=\"og:site_name\" content=\"QQPETS\" \/>\n<meta property=\"article:publisher\" content=\"https:\/\/www.facebook.com\/QQpetsdogcollars\" \/>\n<meta property=\"article:modified_time\" content=\"2024-09-24T09:32:49+00:00\" \/>\n<meta property=\"og:image\" content=\"https:\/\/qqpets.com\/wp-content\/uploads\/2024\/09\/slip-dog-leash8.webp\" \/>\n\t<meta property=\"og:image:width\" content=\"1000\" \/>\n\t<meta property=\"og:image:height\" content=\"1000\" \/>\n\t<meta property=\"og:image:type\" content=\"image\/webp\" \/>\n<meta name=\"twitter:card\" content=\"summary_large_image\" \/>\n<meta name=\"twitter:label1\" content=\"Odhadovan\u00e1 doba \u010dten\u00ed\" \/>\n\t<meta name=\"twitter:data1\" content=\"3 minuty\" \/>\n<script type=\"application\/ld+json\" class=\"yoast-schema-graph\">{\"@context\":\"https:\/\/schema.org\",\"@graph\":[{\"@type\":\"WebPage\",\"@id\":\"https:\/\/qqpets.com\/product\/no-pull-training-slip-dog-leash\/\",\"url\":\"https:\/\/qqpets.com\/product\/no-pull-training-slip-dog-leash\/\",\"name\":\"No Pull Training Slip Dog Leash | QQPETS\",\"isPartOf\":{\"@id\":\"https:\/\/qqpets.com\/#website\"},\"primaryImageOfPage\":{\"@id\":\"https:\/\/qqpets.com\/product\/no-pull-training-slip-dog-leash\/#primaryimage\"},\"image\":{\"@id\":\"https:\/\/qqpets.com\/product\/no-pull-training-slip-dog-leash\/#primaryimage\"},\"thumbnailUrl\":\"https:\/\/qqpets.com\/wp-content\/uploads\/2024\/09\/slip-dog-leash8.webp\",\"datePublished\":\"2024-09-03T08:46:00+00:00\",\"dateModified\":\"2024-09-24T09:32:49+00:00\",\"description\":\"Master control with our Slip Dog Leash. Ideal for training and quick walks. Durable, easy to use. Shop now!\",\"breadcrumb\":{\"@id\":\"https:\/\/qqpets.com\/product\/no-pull-training-slip-dog-leash\/#breadcrumb\"},\"inLanguage\":\"cs\",\"potentialAction\":[{\"@type\":\"ReadAction\",\"target\":[\"https:\/\/qqpets.com\/product\/no-pull-training-slip-dog-leash\/\"]}]},{\"@type\":\"ImageObject\",\"inLanguage\":\"cs\",\"@id\":\"https:\/\/qqpets.com\/product\/no-pull-training-slip-dog-leash\/#primaryimage\",\"url\":\"https:\/\/qqpets.com\/wp-content\/uploads\/2024\/09\/slip-dog-leash8.webp\",\"contentUrl\":\"https:\/\/qqpets.com\/wp-content\/uploads\/2024\/09\/slip-dog-leash8.webp\",\"width\":1000,\"height\":1000},{\"@type\":\"BreadcrumbList\",\"@id\":\"https:\/\/qqpets.com\/product\/no-pull-training-slip-dog-leash\/#breadcrumb\",\"itemListElement\":[{\"@type\":\"ListItem\",\"position\":1,\"name\":\"Home\",\"item\":\"https:\/\/qqpets.com\/\"},{\"@type\":\"ListItem\",\"position\":2,\"name\":\"Products\",\"item\":\"https:\/\/qqpets.com\/pet-products-manufacturer\/\"},{\"@type\":\"ListItem\",\"position\":3,\"name\":\"No Pull Training Slip Dog Leash\"}]},{\"@type\":\"WebSite\",\"@id\":\"https:\/\/qqpets.com\/#website\",\"url\":\"https:\/\/qqpets.com\/\",\"name\":\"QQPETS\",\"description\":\"QQPETS is a pet products factory for dog harnesses, dog collars, dog leashes and dog accessories with professional customized service since 2005.\",\"publisher\":{\"@id\":\"https:\/\/qqpets.com\/#organization\"},\"potentialAction\":[{\"@type\":\"SearchAction\",\"target\":{\"@type\":\"EntryPoint\",\"urlTemplate\":\"https:\/\/qqpets.com\/?s={search_term_string}\"},\"query-input\":{\"@type\":\"PropertyValueSpecification\",\"valueRequired\":true,\"valueName\":\"search_term_string\"}}],\"inLanguage\":\"cs\"},{\"@type\":\"Organization\",\"@id\":\"https:\/\/qqpets.com\/#organization\",\"name\":\"QQPETS\",\"url\":\"https:\/\/qqpets.com\/\",\"logo\":{\"@type\":\"ImageObject\",\"inLanguage\":\"cs\",\"@id\":\"https:\/\/qqpets.com\/#\/schema\/logo\/image\/\",\"url\":\"https:\/\/qqpets.com\/wp-content\/uploads\/2023\/09\/cropped-cropped-qqpets-tiktok.jpg\",\"contentUrl\":\"https:\/\/qqpets.com\/wp-content\/uploads\/2023\/09\/cropped-cropped-qqpets-tiktok.jpg\",\"width\":511,\"height\":511,\"caption\":\"QQPETS\"},\"image\":{\"@id\":\"https:\/\/qqpets.com\/#\/schema\/logo\/image\/\"},\"sameAs\":[\"https:\/\/www.facebook.com\/QQpetsdogcollars\",\"https:\/\/www.instagram.com\/qqpetscollar\/\",\"https:\/\/www.pinterest.com\/qqpetsdogcollarsfactory\/\"]}]}<\/script>\n<!-- \/ Yoast SEO plugin. -->","yoast_head_json":{"title":"V\u00fdcvikov\u00e9 vod\u00edtko pro psy bez tahu | QQPETS","description":"Ovl\u00e1dejte se s na\u0161\u00edm kluzn\u00fdm vod\u00edtkem pro psy. Ide\u00e1ln\u00ed pro v\u00fdcvik a rychl\u00e9 proch\u00e1zky. Odoln\u00e9, snadno pou\u017eiteln\u00e9. Nakupujte nyn\u00ed!","robots":{"index":"index","follow":"follow","max-snippet":"max-snippet:-1","max-image-preview":"max-image-preview:large","max-video-preview":"max-video-preview:-1"},"canonical":"https:\/\/qqpets.com\/cs\/produkt\/no-pull-training-slip-dog-leash\/","og_locale":"cs_CZ","og_type":"article","og_title":"No Pull Training Slip Dog Leash | QQPETS","og_description":"Master control with our Slip Dog Leash. Ideal for training and quick walks. Durable, easy to use. Shop now!","og_url":"https:\/\/qqpets.com\/cs\/produkt\/no-pull-training-slip-dog-leash\/","og_site_name":"QQPETS","article_publisher":"https:\/\/www.facebook.com\/QQpetsdogcollars","article_modified_time":"2024-09-24T09:32:49+00:00","og_image":[{"width":1000,"height":1000,"url":"https:\/\/qqpets.com\/wp-content\/uploads\/2024\/09\/slip-dog-leash8.webp","type":"image\/webp"}],"twitter_card":"summary_large_image","twitter_misc":{"Odhadovan\u00e1 doba \u010dten\u00ed":"3 minuty"},"schema":{"@context":"https:\/\/schema.org","@graph":[{"@type":"WebPage","@id":"https:\/\/qqpets.com\/product\/no-pull-training-slip-dog-leash\/","url":"https:\/\/qqpets.com\/product\/no-pull-training-slip-dog-leash\/","name":"V\u00fdcvikov\u00e9 vod\u00edtko pro psy bez tahu | QQPETS","isPartOf":{"@id":"https:\/\/qqpets.com\/#website"},"primaryImageOfPage":{"@id":"https:\/\/qqpets.com\/product\/no-pull-training-slip-dog-leash\/#primaryimage"},"image":{"@id":"https:\/\/qqpets.com\/product\/no-pull-training-slip-dog-leash\/#primaryimage"},"thumbnailUrl":"https:\/\/qqpets.com\/wp-content\/uploads\/2024\/09\/slip-dog-leash8.webp","datePublished":"2024-09-03T08:46:00+00:00","dateModified":"2024-09-24T09:32:49+00:00","description":"Ovl\u00e1dejte se s na\u0161\u00edm kluzn\u00fdm vod\u00edtkem pro psy. Ide\u00e1ln\u00ed pro v\u00fdcvik a rychl\u00e9 proch\u00e1zky. Odoln\u00e9, snadno pou\u017eiteln\u00e9. Nakupujte nyn\u00ed!","breadcrumb":{"@id":"https:\/\/qqpets.com\/product\/no-pull-training-slip-dog-leash\/#breadcrumb"},"inLanguage":"cs","potentialAction":[{"@type":"ReadAction","target":["https:\/\/qqpets.com\/product\/no-pull-training-slip-dog-leash\/"]}]},{"@type":"ImageObject","inLanguage":"cs","@id":"https:\/\/qqpets.com\/product\/no-pull-training-slip-dog-leash\/#primaryimage","url":"https:\/\/qqpets.com\/wp-content\/uploads\/2024\/09\/slip-dog-leash8.webp","contentUrl":"https:\/\/qqpets.com\/wp-content\/uploads\/2024\/09\/slip-dog-leash8.webp","width":1000,"height":1000},{"@type":"BreadcrumbList","@id":"https:\/\/qqpets.com\/product\/no-pull-training-slip-dog-leash\/#breadcrumb","itemListElement":[{"@type":"ListItem","position":1,"name":"Home","item":"https:\/\/qqpets.com\/"},{"@type":"ListItem","position":2,"name":"Products","item":"https:\/\/qqpets.com\/pet-products-manufacturer\/"},{"@type":"ListItem","position":3,"name":"No Pull Training Slip Dog Leash"}]},{"@type":"WebSite","@id":"https:\/\/qqpets.com\/#website","url":"https:\/\/qqpets.com\/","name":"QQPETS","description":"QQPETS je tov\u00e1rna na v\u00fdrobky pro dom\u00e1c\u00ed mazl\u00ed\u010dky pro ps\u00ed postroje, obojky, vod\u00edtka a dopl\u0148ky pro psy s profesion\u00e1ln\u00edmi slu\u017ebami na m\u00edru od roku 2005.","publisher":{"@id":"https:\/\/qqpets.com\/#organization"},"potentialAction":[{"@type":"SearchAction","target":{"@type":"EntryPoint","urlTemplate":"https:\/\/qqpets.com\/?s={search_term_string}"},"query-input":{"@type":"PropertyValueSpecification","valueRequired":true,"valueName":"search_term_string"}}],"inLanguage":"cs"},{"@type":"Organization","@id":"https:\/\/qqpets.com\/#organization","name":"QQPETS","url":"https:\/\/qqpets.com\/","logo":{"@type":"ImageObject","inLanguage":"cs","@id":"https:\/\/qqpets.com\/#\/schema\/logo\/image\/","url":"https:\/\/qqpets.com\/wp-content\/uploads\/2023\/09\/cropped-cropped-qqpets-tiktok.jpg","contentUrl":"https:\/\/qqpets.com\/wp-content\/uploads\/2023\/09\/cropped-cropped-qqpets-tiktok.jpg","width":511,"height":511,"caption":"QQPETS"},"image":{"@id":"https:\/\/qqpets.com\/#\/schema\/logo\/image\/"},"sameAs":["https:\/\/www.facebook.com\/QQpetsdogcollars","https:\/\/www.instagram.com\/qqpetscollar\/","https:\/\/www.pinterest.com\/qqpetsdogcollarsfactory\/"]}]}},"_links":{"self":[{"href":"https:\/\/qqpets.com\/cs\/wp-json\/wp\/v2\/product\/7803","targetHints":{"allow":["GET"]}}],"collection":[{"href":"https:\/\/qqpets.com\/cs\/wp-json\/wp\/v2\/product"}],"about":[{"href":"https:\/\/qqpets.com\/cs\/wp-json\/wp\/v2\/types\/product"}],"wp:featuredmedia":[{"embeddable":true,"href":"https:\/\/qqpets.com\/cs\/wp-json\/wp\/v2\/media\/8229"}],"wp:attachment":[{"href":"https:\/\/qqpets.com\/cs\/wp-json\/wp\/v2\/media?parent=7803"}],"wp:term":[{"taxonomy":"product_brand","embeddable":true,"href":"https:\/\/qqpets.com\/cs\/wp-json\/wp\/v2\/product_brand?post=7803"},{"taxonomy":"product_cat","embeddable":true,"href":"https:\/\/qqpets.com\/cs\/wp-json\/wp\/v2\/product_cat?post=7803"},{"taxonomy":"product_tag","embeddable":true,"href":"https:\/\/qqpets.com\/cs\/wp-json\/wp\/v2\/product_tag?post=7803"}],"curies":[{"name":"wp","href":"https:\/\/api.w.org\/{rel}","templated":true}]}}