{"id":7895,"date":"2024-09-07T15:13:22","date_gmt":"2024-09-07T07:13:22","guid":{"rendered":"https:\/\/qqpets.com\/?post_type=product&#038;p=7895"},"modified":"2024-11-14T16:43:27","modified_gmt":"2024-11-14T08:43:27","slug":"led-no-pull-leash","status":"publish","type":"product","link":"https:\/\/qqpets.com\/cs\/produkt\/led-no-pull-leash\/","title":{"rendered":"Sv\u011btlo do rukou voln\u00e9 auto sedadlo p\u0159ezka Bungee vod\u00edtko pro psy"},"content":{"rendered":"<p>P\u0159edstavujeme inovativn\u00ed sv\u011bteln\u00e9 hands-free vod\u00edtko pro psy s p\u0159ezkou na autoseda\u010dce, kter\u00e9 je ide\u00e1ln\u00edm \u0159e\u0161en\u00edm pro majitele dom\u00e1c\u00edch mazl\u00ed\u010dk\u016f, kte\u0159\u00ed jsou neust\u00e1le na cest\u00e1ch. Toto multifunk\u010dn\u00ed vod\u00edtko je navr\u017eeno tak, aby udr\u017eelo va\u0161eho mazl\u00ed\u010dka v bezpe\u010d\u00ed na proch\u00e1zk\u00e1ch i v aut\u011b.<\/p>\n<p><strong>Kl\u00ed\u010dov\u00e9 vlastnosti:<\/strong><\/p>\n<ul>\n<li><strong>Osv\u011btlen\u00ed LED:<\/strong> Toto vod\u00edtko je vybaveno jasn\u00fdmi LED sv\u011btly, kter\u00e1 zvy\u0161uj\u00ed viditelnost va\u0161eho psa b\u011bhem ve\u010dern\u00edch nebo rann\u00edch vych\u00e1zek a zaji\u0161\u0165uj\u00ed bezpe\u010dnost za zhor\u0161en\u00fdch sv\u011bteln\u00fdch podm\u00ednek.<\/li>\n<li><strong>Bungee Design:<\/strong> Vestav\u011bn\u00e1 bungee \u0161\u0148\u016fra pom\u00e1h\u00e1 tlumit n\u00e1razy p\u0159i prudk\u00fdch pohybech, tak\u017ee proch\u00e1zky jsou pohodln\u011bj\u0161\u00ed pro v\u00e1s i va\u0161eho mazl\u00ed\u010dka, proto\u017ee sni\u017euje tahov\u00e9 nap\u011bt\u00ed.<\/li>\n<li><strong>Hands-free spona autoseda\u010dky:<\/strong> Vod\u00edtko snadno p\u0159ipevn\u00edte k syst\u00e9mu z\u00e1mk\u016f sedadel v aut\u011b a zajist\u00edte si tak bezpe\u010dnou j\u00edzdu. Tato funkce zajist\u00ed, \u017ee v\u00e1\u0161 mazl\u00ed\u010dek z\u016fstane b\u011bhem j\u00edzdy bezpe\u010dn\u011b p\u0159ipout\u00e1n, \u010d\u00edm\u017e se sn\u00ed\u017e\u00ed rozptylov\u00e1n\u00ed a zv\u00fd\u0161\u00ed bezpe\u010dnost.<\/li>\n<li><strong>Odoln\u00e9 materi\u00e1ly:<\/strong> Toto vod\u00edtko je vyrobeno z vysoce kvalitn\u00edch materi\u00e1l\u016f a je odoln\u00e9 v\u016f\u010di ka\u017edodenn\u00edm proch\u00e1zk\u00e1m i cestov\u00e1n\u00ed.<\/li>\n<\/ul>\n<p>A\u0165 u\u017e se chyst\u00e1te na v\u00fdlet, nebo si jen jdete zab\u011bhat, na\u0161e sv\u011bteln\u00e9 hands-free vod\u00edtko Bungee pro psy s p\u0159ezkou na sedadle v aut\u011b v\u00e1m umo\u017en\u00ed udr\u017eet kontrolu a bezpe\u010dnost, ani\u017e by to bylo na \u00fakor pohodl\u00ed va\u0161eho dom\u00e1c\u00edho mazl\u00ed\u010dka. D\u00e9lka vod\u00edtka je ide\u00e1ln\u00ed pro to, aby m\u011bl v\u00e1\u0161 pes dostatek volnosti k prozkoum\u00e1v\u00e1n\u00ed a z\u00e1rove\u0148 byl st\u00e1le pod kontrolou.<\/p>\n<p>Toto vod\u00edtko je ide\u00e1ln\u00ed pro no\u010dn\u00ed dobrodruhy i milovn\u00edky cestov\u00e1n\u00ed a spojuje v sob\u011b bezpe\u010dnost, pohodl\u00ed a komfort, tak\u017ee ka\u017ed\u00e1 cesta s va\u0161\u00edm mazl\u00ed\u010dkem bude p\u0159\u00edjemn\u00e1 a bez stresu. Upgradujte na na\u0161e pokro\u010dil\u00e9 vod\u00edtko a zm\u011b\u0148te zp\u016fsob cestov\u00e1n\u00ed a proch\u00e1zek se sv\u00fdm mazl\u00ed\u010dkem.<\/p>\n<h5 data-immersive-translate-walked=\"e4de329b-2f8f-4525-aa5e-eeca8caeb592\" data-immersive-translate-paragraph=\"1\"><strong data-immersive-translate-walked=\"e4de329b-2f8f-4525-aa5e-eeca8caeb592\">Jsou bungee vod\u00edtka vhodn\u00e1 pro psy?<\/strong><\/h5>\n<p data-immersive-translate-walked=\"e4de329b-2f8f-4525-aa5e-eeca8caeb592\" data-immersive-translate-paragraph=\"1\">Bungee vod\u00edtka mohou b\u00fdt pro psy vhodn\u00e1, proto\u017ee pom\u00e1haj\u00ed tlumit n\u00e1razy p\u0159i n\u00e1hl\u00fdch pohybech a zaji\u0161\u0165uj\u00ed pohodln\u011bj\u0161\u00ed ch\u016fzi pro psa i pro psovoda. Nemus\u00ed v\u0161ak b\u00fdt ide\u00e1ln\u00ed pro velmi siln\u00e9 tahouny, proto\u017ee jejich pru\u017enost m\u016f\u017ee tah\u00e1n\u00ed podporovat.<\/p>\n<h5 data-immersive-translate-walked=\"e4de329b-2f8f-4525-aa5e-eeca8caeb592\" data-immersive-translate-paragraph=\"1\"><strong data-immersive-translate-walked=\"e4de329b-2f8f-4525-aa5e-eeca8caeb592\">Jsou hands-free vod\u00edtka vhodn\u00e1 pro psy, kte\u0159\u00ed tahaj\u00ed?<\/strong><\/h5>\n<p data-immersive-translate-walked=\"e4de329b-2f8f-4525-aa5e-eeca8caeb592\" data-immersive-translate-paragraph=\"1\">Vod\u00edtka bez rukou se obecn\u011b nedoporu\u010duj\u00ed pro psy, kte\u0159\u00ed t\u00e1hnou, proto\u017ee poskytuj\u00ed men\u0161\u00ed bezprost\u0159edn\u00ed kontrolu nad psem, co\u017e m\u016f\u017ee zt\u00ed\u017eit ovl\u00e1d\u00e1n\u00ed psa, kter\u00fd m\u00e1 tendenci siln\u011b t\u00e1hnout.<\/p>\n<h5 data-immersive-translate-walked=\"e4de329b-2f8f-4525-aa5e-eeca8caeb592\" data-immersive-translate-paragraph=\"1\"><strong data-immersive-translate-walked=\"e4de329b-2f8f-4525-aa5e-eeca8caeb592\">Co je to hands-free vod\u00edtko?<\/strong><\/h5>\n<p data-immersive-translate-walked=\"e4de329b-2f8f-4525-aa5e-eeca8caeb592\" data-immersive-translate-paragraph=\"1\">Vod\u00edtko s voln\u00fdma rukama je typ vod\u00edtka pro psy, kter\u00e9 se obvykle p\u0159ipev\u0148uje k pasu nebo p\u0159es t\u011blo psovoda a umo\u017e\u0148uje ch\u016fzi nebo b\u011bh bez pou\u017eit\u00ed rukou. Je navr\u017eeno tak, aby udr\u017eelo psa v bl\u00edzkosti a z\u00e1rove\u0148 ponechalo ruce psovoda voln\u00e9.<\/p>\n<h5><strong>Jsou hands-free vod\u00edtka pro psy bezpe\u010dn\u00e1?<\/strong><\/h5>\n<p>Vod\u00edtka pro psy s hands-free mohou b\u00fdt bezpe\u010dn\u00e1, pokud se pou\u017e\u00edvaj\u00ed spr\u00e1vn\u011b a za spr\u00e1vn\u00fdch okolnost\u00ed. Jsou skv\u011bl\u00e1 pro aktivity, jako je b\u011bh\u00e1n\u00ed nebo turistika, kde pot\u0159ebujete m\u00edt voln\u00e9 ruce, ale nemus\u00ed poskytovat takovou kontrolu jako tradi\u010dn\u00ed vod\u00edtko, zejm\u00e9na u ps\u016f, kte\u0159\u00ed maj\u00ed sklon k tah\u00e1n\u00ed nebo n\u00e1hl\u00fdm v\u00fdpad\u016fm. Bezpe\u010dnost tak\u00e9 z\u00e1vis\u00ed na tom, zda je vod\u00edtko bezpe\u010dn\u011b p\u0159ipevn\u011bno v pase a zda je vybaveno spolehliv\u00fdm rychloup\u00ednac\u00edm prvkem.<\/p>\n<h5><strong>Jak\u00e9 vod\u00edtko br\u00e1n\u00ed ps\u016fm v tah\u00e1n\u00ed?<\/strong><\/h5>\n<p>Vod\u00edtko samo o sob\u011b nem\u016f\u017ee zcela zabr\u00e1nit tah\u00e1n\u00ed psa, ale ur\u010dit\u00e9 typy vod\u00edtek a postroj\u016f mohou pomoci tah\u00e1n\u00ed zvl\u00e1dnout a omezit. Nej\u00fa\u010dinn\u011bj\u0161\u00ed jsou obvykle postroje bez tah\u00e1n\u00ed, kter\u00e9 maj\u00ed p\u0159edn\u00ed bod pro p\u0159ipevn\u011bn\u00ed vod\u00edtka. Kdy\u017e pes t\u00e1hne, postroj ho p\u0159esm\u011bruje sm\u011brem k psovodovi, \u010d\u00edm\u017e se tah\u00e1n\u00ed m\u00e9n\u011b vypl\u00e1c\u00ed a sn\u00e1ze se ovl\u00e1d\u00e1. Tento typ nastaven\u00ed m\u016f\u017ee v kombinaci s d\u016fsledn\u00fdm v\u00fdcvikem v\u00fdrazn\u011b odradit od tah\u00e1n\u00ed.<\/p>\n<h5><strong>Jsou bungee vod\u00edtka vhodn\u00e1 pro psy?<\/strong><\/h5>\n<p>Bungee vod\u00edtka mohou b\u00fdt prosp\u011b\u0161n\u00e1 jak pro psy, tak pro jejich majitele, proto\u017ee pom\u00e1haj\u00ed tlumit n\u00e1razy p\u0159i n\u00e1hl\u00fdch pohybech nebo tah\u00e1n\u00ed a sni\u017euj\u00ed tak z\u00e1t\u011b\u017e na t\u011blo psa i psovoda. Jsou obzvl\u00e1\u0161t\u011b u\u017eite\u010dn\u00e1 p\u0159i \u010dinnostech, jako je b\u011bh\u00e1n\u00ed, kdy by jinak nep\u0159edv\u00eddateln\u00e9 pohyby psa mohly vod\u00edtkem trhnout.<\/p>\n<h5><strong>P\u0159estanou bungee vod\u00edtka t\u00e1hnout?<\/strong><\/h5>\n<p>Bungee vod\u00edtka ze sv\u00e9 podstaty nezabra\u0148uj\u00ed ps\u016fm v tah\u00e1n\u00ed. A\u010dkoli mohou tah\u00e1n\u00ed zm\u00edrnit t\u00edm, \u017ee absorbuj\u00ed \u010d\u00e1st s\u00edly, mohou n\u011bkdy u n\u011bkter\u00fdch ps\u016f tah\u00e1n\u00ed podporovat, proto\u017ee kladou odpor, kter\u00fd se jim vyplat\u00ed tahat.<\/p>\n<h5><strong>Jak\u00e9 je nejlep\u0161\u00ed vod\u00edtko pro v\u00fdcvik psa, aby netahal?<\/strong><\/h5>\n<p>Nejlep\u0161\u00edm typem vod\u00edtka pro v\u00fdcvik psa, aby netahal, je obvykle standardn\u00ed nenatahovac\u00ed vod\u00edtko pou\u017e\u00edvan\u00e9 ve spojen\u00ed s postrojem bez tah\u00e1n\u00ed, kter\u00fd m\u00e1 p\u0159edn\u00ed upev\u0148ovac\u00ed bod. Toto nastaven\u00ed pom\u00e1h\u00e1 p\u0159esm\u011brovat psa sm\u011brem k v\u00e1m, kdy\u017e se sna\u017e\u00ed t\u00e1hnout, co\u017e usnad\u0148uje zvl\u00e1dnut\u00ed a n\u00e1pravu chov\u00e1n\u00ed.<\/p>\n<p>&nbsp;<\/p>","protected":false},"excerpt":{"rendered":"<p>Vyzkou\u0161ejte maxim\u00e1ln\u00ed pohodl\u00ed s na\u0161\u00edm sv\u011bteln\u00fdm hands-free vod\u00edtkem Bungee pro psy na autoseda\u010dce. Toto vod\u00edtko je navr\u017eeno pro bezpe\u010dnost a v\u0161estrannost a je vybaveno jasn\u00fdm LED sv\u011btlem pro no\u010dn\u00ed viditelnost, bungee \u0161\u0148\u016frou pro tlumen\u00ed n\u00e1raz\u016f a hands-free sponou na autoseda\u010dku pro bezpe\u010dn\u00e9 cestov\u00e1n\u00ed. Je ide\u00e1ln\u00ed pro majitele aktivn\u00edch dom\u00e1c\u00edch mazl\u00ed\u010dk\u016f, kter\u00fdm poskytuje volnost pohybu a z\u00e1rove\u0148 zaji\u0161\u0165uje bezpe\u010dnost va\u0161eho mazl\u00ed\u010dka p\u0159i proch\u00e1zk\u00e1ch a j\u00edzd\u00e1ch.<\/p>","protected":false},"featured_media":7900,"template":"","meta":[],"product_brand":[],"product_cat":[27,21],"product_tag":[],"class_list":{"0":"post-7895","1":"product","2":"type-product","3":"status-publish","4":"has-post-thumbnail","6":"product_cat-dog-leash","7":"product_cat-led-product","8":"pa_brand-qqpets","10":"first","11":"instock","12":"shipping-taxable","13":"product-type-simple"},"yoast_head":"<!-- This site is optimized with the Yoast SEO plugin v26.6 - https:\/\/yoast.com\/wordpress\/plugins\/seo\/ -->\n<title>Light Up Hands Free Car Seat Buckle Bungee Dog Leash | QQPETS<\/title>\n<meta name=\"description\" content=\"Enhance safety with our Light Up Hands Free Dog Leash. Buckle up for car rides and enjoy bungee flexibility!\" \/>\n<meta name=\"robots\" content=\"index, follow, max-snippet:-1, max-image-preview:large, max-video-preview:-1\" \/>\n<link rel=\"canonical\" href=\"https:\/\/qqpets.com\/cs\/produkt\/led-no-pull-leash\/\" \/>\n<meta property=\"og:locale\" content=\"cs_CZ\" \/>\n<meta property=\"og:type\" content=\"article\" \/>\n<meta property=\"og:title\" content=\"Light Up Hands Free Car Seat Buckle Bungee Dog Leash | QQPETS\" \/>\n<meta property=\"og:description\" content=\"Enhance safety with our Light Up Hands Free Dog Leash. Buckle up for car rides and enjoy bungee flexibility!\" \/>\n<meta property=\"og:url\" content=\"https:\/\/qqpets.com\/cs\/produkt\/led-no-pull-leash\/\" \/>\n<meta property=\"og:site_name\" content=\"QQPETS\" \/>\n<meta property=\"article:publisher\" content=\"https:\/\/www.facebook.com\/QQpetsdogcollars\" \/>\n<meta property=\"article:modified_time\" content=\"2024-11-14T08:43:27+00:00\" \/>\n<meta property=\"og:image\" content=\"https:\/\/qqpets.com\/wp-content\/uploads\/2024\/09\/3.webp\" \/>\n\t<meta property=\"og:image:width\" content=\"800\" \/>\n\t<meta property=\"og:image:height\" content=\"800\" \/>\n\t<meta property=\"og:image:type\" content=\"image\/webp\" \/>\n<meta name=\"twitter:card\" content=\"summary_large_image\" \/>\n<meta name=\"twitter:label1\" content=\"Odhadovan\u00e1 doba \u010dten\u00ed\" \/>\n\t<meta name=\"twitter:data1\" content=\"4 minuty\" \/>\n<script type=\"application\/ld+json\" class=\"yoast-schema-graph\">{\"@context\":\"https:\/\/schema.org\",\"@graph\":[{\"@type\":\"WebPage\",\"@id\":\"https:\/\/qqpets.com\/product\/led-no-pull-leash\/\",\"url\":\"https:\/\/qqpets.com\/product\/led-no-pull-leash\/\",\"name\":\"Light Up Hands Free Car Seat Buckle Bungee Dog Leash | QQPETS\",\"isPartOf\":{\"@id\":\"https:\/\/qqpets.com\/#website\"},\"primaryImageOfPage\":{\"@id\":\"https:\/\/qqpets.com\/product\/led-no-pull-leash\/#primaryimage\"},\"image\":{\"@id\":\"https:\/\/qqpets.com\/product\/led-no-pull-leash\/#primaryimage\"},\"thumbnailUrl\":\"https:\/\/qqpets.com\/wp-content\/uploads\/2024\/09\/3.webp\",\"datePublished\":\"2024-09-07T07:13:22+00:00\",\"dateModified\":\"2024-11-14T08:43:27+00:00\",\"description\":\"Enhance safety with our Light Up Hands Free Dog Leash. Buckle up for car rides and enjoy bungee flexibility!\",\"breadcrumb\":{\"@id\":\"https:\/\/qqpets.com\/product\/led-no-pull-leash\/#breadcrumb\"},\"inLanguage\":\"cs\",\"potentialAction\":[{\"@type\":\"ReadAction\",\"target\":[\"https:\/\/qqpets.com\/product\/led-no-pull-leash\/\"]}]},{\"@type\":\"ImageObject\",\"inLanguage\":\"cs\",\"@id\":\"https:\/\/qqpets.com\/product\/led-no-pull-leash\/#primaryimage\",\"url\":\"https:\/\/qqpets.com\/wp-content\/uploads\/2024\/09\/3.webp\",\"contentUrl\":\"https:\/\/qqpets.com\/wp-content\/uploads\/2024\/09\/3.webp\",\"width\":800,\"height\":800},{\"@type\":\"BreadcrumbList\",\"@id\":\"https:\/\/qqpets.com\/product\/led-no-pull-leash\/#breadcrumb\",\"itemListElement\":[{\"@type\":\"ListItem\",\"position\":1,\"name\":\"Home\",\"item\":\"https:\/\/qqpets.com\/\"},{\"@type\":\"ListItem\",\"position\":2,\"name\":\"Products\",\"item\":\"https:\/\/qqpets.com\/pet-products-manufacturer\/\"},{\"@type\":\"ListItem\",\"position\":3,\"name\":\"Light Up Hands Free Car Seat Buckle Bungee Dog Leash\"}]},{\"@type\":\"WebSite\",\"@id\":\"https:\/\/qqpets.com\/#website\",\"url\":\"https:\/\/qqpets.com\/\",\"name\":\"QQPETS\",\"description\":\"QQPETS is a pet products factory for dog harnesses, dog collars, dog leashes and dog accessories with professional customized service since 2005.\",\"publisher\":{\"@id\":\"https:\/\/qqpets.com\/#organization\"},\"potentialAction\":[{\"@type\":\"SearchAction\",\"target\":{\"@type\":\"EntryPoint\",\"urlTemplate\":\"https:\/\/qqpets.com\/?s={search_term_string}\"},\"query-input\":{\"@type\":\"PropertyValueSpecification\",\"valueRequired\":true,\"valueName\":\"search_term_string\"}}],\"inLanguage\":\"cs\"},{\"@type\":\"Organization\",\"@id\":\"https:\/\/qqpets.com\/#organization\",\"name\":\"QQPETS\",\"url\":\"https:\/\/qqpets.com\/\",\"logo\":{\"@type\":\"ImageObject\",\"inLanguage\":\"cs\",\"@id\":\"https:\/\/qqpets.com\/#\/schema\/logo\/image\/\",\"url\":\"https:\/\/qqpets.com\/wp-content\/uploads\/2023\/09\/cropped-cropped-qqpets-tiktok.jpg\",\"contentUrl\":\"https:\/\/qqpets.com\/wp-content\/uploads\/2023\/09\/cropped-cropped-qqpets-tiktok.jpg\",\"width\":511,\"height\":511,\"caption\":\"QQPETS\"},\"image\":{\"@id\":\"https:\/\/qqpets.com\/#\/schema\/logo\/image\/\"},\"sameAs\":[\"https:\/\/www.facebook.com\/QQpetsdogcollars\",\"https:\/\/www.instagram.com\/qqpetscollar\/\",\"https:\/\/www.pinterest.com\/qqpetsdogcollarsfactory\/\"]}]}<\/script>\n<!-- \/ Yoast SEO plugin. -->","yoast_head_json":{"title":"Sv\u011bteln\u00e1 voln\u00e1 ruce autoseda\u010dka spona Bungee vod\u00edtko pro psy | QQPETS","description":"Zvy\u0161te bezpe\u010dnost s na\u0161\u00edm sv\u011bteln\u00fdm vod\u00edtkem pro psy s voln\u00fdma rukama. P\u0159ipoutejte se p\u0159i j\u00edzd\u011b autem a u\u017eijte si bungee flexibilitu!","robots":{"index":"index","follow":"follow","max-snippet":"max-snippet:-1","max-image-preview":"max-image-preview:large","max-video-preview":"max-video-preview:-1"},"canonical":"https:\/\/qqpets.com\/cs\/produkt\/led-no-pull-leash\/","og_locale":"cs_CZ","og_type":"article","og_title":"Light Up Hands Free Car Seat Buckle Bungee Dog Leash | QQPETS","og_description":"Enhance safety with our Light Up Hands Free Dog Leash. Buckle up for car rides and enjoy bungee flexibility!","og_url":"https:\/\/qqpets.com\/cs\/produkt\/led-no-pull-leash\/","og_site_name":"QQPETS","article_publisher":"https:\/\/www.facebook.com\/QQpetsdogcollars","article_modified_time":"2024-11-14T08:43:27+00:00","og_image":[{"width":800,"height":800,"url":"https:\/\/qqpets.com\/wp-content\/uploads\/2024\/09\/3.webp","type":"image\/webp"}],"twitter_card":"summary_large_image","twitter_misc":{"Odhadovan\u00e1 doba \u010dten\u00ed":"4 minuty"},"schema":{"@context":"https:\/\/schema.org","@graph":[{"@type":"WebPage","@id":"https:\/\/qqpets.com\/product\/led-no-pull-leash\/","url":"https:\/\/qqpets.com\/product\/led-no-pull-leash\/","name":"Sv\u011bteln\u00e1 voln\u00e1 ruce autoseda\u010dka spona Bungee vod\u00edtko pro psy | QQPETS","isPartOf":{"@id":"https:\/\/qqpets.com\/#website"},"primaryImageOfPage":{"@id":"https:\/\/qqpets.com\/product\/led-no-pull-leash\/#primaryimage"},"image":{"@id":"https:\/\/qqpets.com\/product\/led-no-pull-leash\/#primaryimage"},"thumbnailUrl":"https:\/\/qqpets.com\/wp-content\/uploads\/2024\/09\/3.webp","datePublished":"2024-09-07T07:13:22+00:00","dateModified":"2024-11-14T08:43:27+00:00","description":"Zvy\u0161te bezpe\u010dnost s na\u0161\u00edm sv\u011bteln\u00fdm vod\u00edtkem pro psy s voln\u00fdma rukama. P\u0159ipoutejte se p\u0159i j\u00edzd\u011b autem a u\u017eijte si bungee flexibilitu!","breadcrumb":{"@id":"https:\/\/qqpets.com\/product\/led-no-pull-leash\/#breadcrumb"},"inLanguage":"cs","potentialAction":[{"@type":"ReadAction","target":["https:\/\/qqpets.com\/product\/led-no-pull-leash\/"]}]},{"@type":"ImageObject","inLanguage":"cs","@id":"https:\/\/qqpets.com\/product\/led-no-pull-leash\/#primaryimage","url":"https:\/\/qqpets.com\/wp-content\/uploads\/2024\/09\/3.webp","contentUrl":"https:\/\/qqpets.com\/wp-content\/uploads\/2024\/09\/3.webp","width":800,"height":800},{"@type":"BreadcrumbList","@id":"https:\/\/qqpets.com\/product\/led-no-pull-leash\/#breadcrumb","itemListElement":[{"@type":"ListItem","position":1,"name":"Home","item":"https:\/\/qqpets.com\/"},{"@type":"ListItem","position":2,"name":"Products","item":"https:\/\/qqpets.com\/pet-products-manufacturer\/"},{"@type":"ListItem","position":3,"name":"Light Up Hands Free Car Seat Buckle Bungee Dog Leash"}]},{"@type":"WebSite","@id":"https:\/\/qqpets.com\/#website","url":"https:\/\/qqpets.com\/","name":"QQPETS","description":"QQPETS je tov\u00e1rna na v\u00fdrobky pro dom\u00e1c\u00ed mazl\u00ed\u010dky pro ps\u00ed postroje, obojky, vod\u00edtka a dopl\u0148ky pro psy s profesion\u00e1ln\u00edmi slu\u017ebami na m\u00edru od roku 2005.","publisher":{"@id":"https:\/\/qqpets.com\/#organization"},"potentialAction":[{"@type":"SearchAction","target":{"@type":"EntryPoint","urlTemplate":"https:\/\/qqpets.com\/?s={search_term_string}"},"query-input":{"@type":"PropertyValueSpecification","valueRequired":true,"valueName":"search_term_string"}}],"inLanguage":"cs"},{"@type":"Organization","@id":"https:\/\/qqpets.com\/#organization","name":"QQPETS","url":"https:\/\/qqpets.com\/","logo":{"@type":"ImageObject","inLanguage":"cs","@id":"https:\/\/qqpets.com\/#\/schema\/logo\/image\/","url":"https:\/\/qqpets.com\/wp-content\/uploads\/2023\/09\/cropped-cropped-qqpets-tiktok.jpg","contentUrl":"https:\/\/qqpets.com\/wp-content\/uploads\/2023\/09\/cropped-cropped-qqpets-tiktok.jpg","width":511,"height":511,"caption":"QQPETS"},"image":{"@id":"https:\/\/qqpets.com\/#\/schema\/logo\/image\/"},"sameAs":["https:\/\/www.facebook.com\/QQpetsdogcollars","https:\/\/www.instagram.com\/qqpetscollar\/","https:\/\/www.pinterest.com\/qqpetsdogcollarsfactory\/"]}]}},"_links":{"self":[{"href":"https:\/\/qqpets.com\/cs\/wp-json\/wp\/v2\/product\/7895","targetHints":{"allow":["GET"]}}],"collection":[{"href":"https:\/\/qqpets.com\/cs\/wp-json\/wp\/v2\/product"}],"about":[{"href":"https:\/\/qqpets.com\/cs\/wp-json\/wp\/v2\/types\/product"}],"wp:featuredmedia":[{"embeddable":true,"href":"https:\/\/qqpets.com\/cs\/wp-json\/wp\/v2\/media\/7900"}],"wp:attachment":[{"href":"https:\/\/qqpets.com\/cs\/wp-json\/wp\/v2\/media?parent=7895"}],"wp:term":[{"taxonomy":"product_brand","embeddable":true,"href":"https:\/\/qqpets.com\/cs\/wp-json\/wp\/v2\/product_brand?post=7895"},{"taxonomy":"product_cat","embeddable":true,"href":"https:\/\/qqpets.com\/cs\/wp-json\/wp\/v2\/product_cat?post=7895"},{"taxonomy":"product_tag","embeddable":true,"href":"https:\/\/qqpets.com\/cs\/wp-json\/wp\/v2\/product_tag?post=7895"}],"curies":[{"name":"wp","href":"https:\/\/api.w.org\/{rel}","templated":true}]}}