{"id":8041,"date":"2024-09-20T11:32:59","date_gmt":"2024-09-20T03:32:59","guid":{"rendered":"https:\/\/qqpets.com\/?post_type=product&#038;p=8041"},"modified":"2024-09-24T17:22:01","modified_gmt":"2024-09-24T09:22:01","slug":"reversible-dog-harness","status":"publish","type":"product","link":"https:\/\/qqpets.com\/cs\/produkt\/reversible-dog-harness\/","title":{"rendered":"Oboustrann\u00fd postroj pro psy"},"content":{"rendered":"<p>P\u0159edstavujeme v\u00e1m n\u00e1\u0161 v\u0161estrann\u00fd oboustrann\u00fd postroj pro psy, kter\u00fd je dokonal\u00fdm dopl\u0148kem pro psy, kte\u0159\u00ed maj\u00ed r\u00e1di stejn\u011b dynamick\u00fd \u0161atn\u00edk jako proch\u00e1zky. Tento inovativn\u00ed postroj umo\u017e\u0148uje jednoduch\u00fdm oto\u010den\u00edm p\u0159ep\u00ednat mezi dv\u011bma m\u00f3dn\u00edmi vzory, a t\u00edm zajistit nov\u00fd vzhled pro ka\u017edou vych\u00e1zku.<\/p>\n<p><strong>Kl\u00ed\u010dov\u00e9 vlastnosti:<\/strong><\/p>\n<ul>\n<li><strong>Du\u00e1ln\u00ed design:<\/strong> Ka\u017ed\u00fd postroj se dod\u00e1v\u00e1 se dv\u011bma jedine\u010dn\u00fdmi, poutav\u00fdmi vzory. A\u0165 u\u017e m\u00e1te chu\u0165 na v\u00fdrazn\u00fd potisk, nebo na decentn\u00ed klasiku, m\u016f\u017eete postroj snadno obr\u00e1tit a z\u00edskat nov\u00fd vzhled.<\/li>\n<li><strong>Zam\u011b\u0159en\u00ed na pohodl\u00ed:<\/strong> Jsou vyrobeny z m\u011bkk\u00fdch a prody\u0161n\u00fdch materi\u00e1l\u016f, kter\u00e9 nedr\u00e1\u017ed\u00ed poko\u017eku va\u0161eho mazl\u00ed\u010dka a zaji\u0161\u0165uj\u00ed pohodl\u00ed i p\u0159i dlouh\u00fdch proch\u00e1zk\u00e1ch.<\/li>\n<li><strong>Nastaviteln\u00fd st\u0159ih:<\/strong> Pln\u011b nastaviteln\u00e9 popruhy umo\u017e\u0148uj\u00ed p\u0159izp\u016fsoben\u00ed r\u016fstu nebo zm\u011bn\u00e1m velikosti psa. Dokonal\u00e9 p\u0159izp\u016fsoben\u00ed zaji\u0161\u0165uje va\u0161emu psovi bezpe\u010d\u00ed a pohodl\u00ed a sni\u017euje riziko \u00fat\u011bku.<\/li>\n<li><strong>Snadn\u00e9 pou\u017eit\u00ed:<\/strong> Funkce, jako jsou rychloup\u00ednac\u00ed p\u0159ezky, usnad\u0148uj\u00ed nasazov\u00e1n\u00ed a sund\u00e1v\u00e1n\u00ed postroje, tak\u017ee p\u0159\u00edprava na proch\u00e1zku je rychl\u00e1 a bezprobl\u00e9mov\u00e1.<\/li>\n<li><strong>Odoln\u00e1 konstrukce:<\/strong> Postroj je vyroben z vysoce kvalitn\u00edch materi\u00e1l\u016f a je navr\u017een tak, aby odolal n\u00e1ro\u010dn\u00fdm podm\u00ednk\u00e1m aktivn\u00edho pou\u017e\u00edv\u00e1n\u00ed a zajistil dlouhou \u017eivotnost bez ztr\u00e1ty stylu.<\/li>\n<\/ul>\n<p>A\u0165 u\u017e se chyst\u00e1te do ps\u00edho parku, na proch\u00e1zku po m\u011bst\u011b nebo na setk\u00e1n\u00ed, kde v\u00e1\u0161 mazl\u00ed\u010dek pot\u0159ebuje vypadat co nejl\u00e9pe, n\u00e1\u0161 oboustrann\u00fd postroj pro psy vydr\u017e\u00ed n\u00e1roky ka\u017edodenn\u00edho pou\u017e\u00edv\u00e1n\u00ed a p\u0159itom bude v\u00e1\u0161 pes vypadat stylov\u011b. Je ide\u00e1ln\u00ed volbou pro majitele dom\u00e1c\u00edch mazl\u00ed\u010dk\u016f, kte\u0159\u00ed u ps\u00edch dopl\u0148k\u016f oce\u0148uj\u00ed funk\u010dnost, styl a v\u0161estrannost.<\/p>\n<p>Vyberte si n\u00e1\u0161 oboustrann\u00fd postroj pro psy, kter\u00fd dod\u00e1 va\u0161im proch\u00e1zk\u00e1m styl a rozmanitost, tak\u017ee ka\u017ed\u00fd v\u00fdlet s va\u0161\u00edm mazl\u00ed\u010dkem bude jedine\u010dn\u00fd a p\u0159\u00edjemn\u00fd. Je to v\u00edc ne\u017e jen postroj, je to m\u00f3dn\u00ed dopln\u011bk, kter\u00fd spl\u0148uje praktick\u00e9 pot\u0159eby.<\/p>\n<h5><strong>Co je to oboustrann\u00fd postroj?<\/strong><\/h5>\n<p>Oboustrann\u00fd postroj je typ postroje pro psy, kter\u00fd lze nosit na obou stran\u00e1ch. Obvykle m\u00e1 dva r\u016fzn\u00e9 vzory nebo barvy, na ka\u017ed\u00e9 stran\u011b jednu, co\u017e majiteli umo\u017e\u0148uje p\u0159ep\u00ednat mezi nimi, ani\u017e by pot\u0159eboval dva samostatn\u00e9 postroje.<\/p>\n<h5><strong>Z jak\u00e9ho postroje pes nem\u016f\u017ee vycouvat?<\/strong><\/h5>\n<p>Postroje s pevn\u00fdm uchycen\u00edm a n\u011bkolika nastavovac\u00edmi body, jako jsou nap\u0159\u00edklad postroje se smy\u010dkou martingale na hrudi, jsou navr\u017eeny tak, aby zabr\u00e1nily ps\u016fm v couv\u00e1n\u00ed. Tyto postroje jsou obvykle velmi p\u0159il\u00e9hav\u00e9 a p\u0159i tahu psa se m\u00edrn\u011b dotahuj\u00ed, \u010d\u00edm\u017e zabra\u0148uj\u00ed \u00fat\u011bku.<\/p>\n<h5><strong>Mohou psi s postrojem t\u00e1hnout siln\u011bji?<\/strong><\/h5>\n<p>Ano, n\u011bkte\u0159\u00ed psi mohou s postrojem se zadn\u00ed sponou t\u00e1hnout siln\u011bji, proto\u017ee jim umo\u017e\u0148uje vyu\u017e\u00edvat celou v\u00e1hu t\u011bla k tahu vp\u0159ed, ani\u017e by to zp\u016fsobilo nepohodl\u00ed jejich krku. Postroje s p\u0159edn\u00ed sponou nebo postroje bez tahu jsou navr\u017eeny tak, aby tento probl\u00e9m zm\u00edrnily t\u00edm, \u017ee p\u0159esm\u011bruj\u00ed s\u00edlu tahu do strany nebo sm\u011brem k majiteli, co\u017e psovi zt\u011b\u017euje tah.<\/p>\n<h5><strong>M\u016f\u017ee pes nosit postroj neust\u00e1le?<\/strong><\/h5>\n<p>Nedoporu\u010duje se, aby pes nosil postroj po celou dobu. Neust\u00e1l\u00e9 no\u0161en\u00ed m\u016f\u017ee v\u00e9st k podr\u00e1\u017ed\u011bn\u00ed k\u016f\u017ee, zplstnat\u011bn\u00ed srsti nebo nepohodl\u00ed, zejm\u00e9na v podpa\u017e\u00ed. Postroj je nejlep\u0161\u00ed sundat, kdy\u017e se nepou\u017e\u00edv\u00e1, nap\u0159\u00edklad v interi\u00e9ru nebo kdy\u017e pes odpo\u010d\u00edv\u00e1.<\/p>","protected":false},"excerpt":{"rendered":"<p>Osv\u011b\u017ete sv\u00e9 proch\u00e1zky s na\u0161\u00edm oboustrann\u00fdm postrojem pro psy, kter\u00fd nab\u00edz\u00ed dva stylov\u00e9 vzory v jednom praktick\u00e9m proveden\u00ed. Tento postroj je ide\u00e1ln\u00ed pro m\u00f3dn\u00ed mazl\u00ed\u010dky a majitele a je vyroben s ohledem na pohodl\u00ed a odolnost. Je vybaven nastaviteln\u00fdmi popruhy pro dokonal\u00e9 p\u0159izp\u016fsoben\u00ed a rychloup\u00ednac\u00edmi p\u0159ezkami pro snadn\u00e9 zap\u00edn\u00e1n\u00ed a vyp\u00edn\u00e1n\u00ed. Je lehk\u00fd, ale p\u0159esto pevn\u00fd a poskytuje optim\u00e1ln\u00ed kontrolu a pohodl\u00ed p\u0159i proch\u00e1zk\u00e1ch. Ide\u00e1ln\u00ed pro ka\u017edou p\u0159\u00edle\u017eitost, s na\u0161\u00edm oboustrann\u00fdm postrojem m\u016f\u017eete bez n\u00e1mahy m\u011bnit vzhled.<\/p>","protected":false},"featured_media":8227,"template":"","meta":[],"product_brand":[],"product_cat":[23],"product_tag":[],"class_list":{"0":"post-8041","1":"product","2":"type-product","3":"status-publish","4":"has-post-thumbnail","6":"product_cat-dog-harness","7":"pa_brand-qqpets","9":"first","10":"instock","11":"shipping-taxable","12":"product-type-simple"},"yoast_head":"<!-- This site is optimized with the Yoast SEO plugin v26.6 - https:\/\/yoast.com\/wordpress\/plugins\/seo\/ -->\n<title>Reversible Dog Harness | QQPETS<\/title>\n<meta name=\"description\" content=\"Switch up your style with our Reversible Dog Harness. Two looks in one for every adventure. Shop now for versatility!\" \/>\n<meta name=\"robots\" content=\"index, follow, max-snippet:-1, max-image-preview:large, max-video-preview:-1\" \/>\n<link rel=\"canonical\" href=\"https:\/\/qqpets.com\/cs\/produkt\/reversible-dog-harness\/\" \/>\n<meta property=\"og:locale\" content=\"cs_CZ\" \/>\n<meta property=\"og:type\" content=\"article\" \/>\n<meta property=\"og:title\" content=\"Reversible Dog Harness | QQPETS\" \/>\n<meta property=\"og:description\" content=\"Switch up your style with our Reversible Dog Harness. Two looks in one for every adventure. Shop now for versatility!\" \/>\n<meta property=\"og:url\" content=\"https:\/\/qqpets.com\/cs\/produkt\/reversible-dog-harness\/\" \/>\n<meta property=\"og:site_name\" content=\"QQPETS\" \/>\n<meta property=\"article:publisher\" content=\"https:\/\/www.facebook.com\/QQpetsdogcollars\" \/>\n<meta property=\"article:modified_time\" content=\"2024-09-24T09:22:01+00:00\" \/>\n<meta property=\"og:image\" content=\"https:\/\/qqpets.com\/wp-content\/uploads\/2024\/09\/Reversible-dog-Harness1-2.webp\" \/>\n\t<meta property=\"og:image:width\" content=\"1000\" \/>\n\t<meta property=\"og:image:height\" content=\"1000\" \/>\n\t<meta property=\"og:image:type\" content=\"image\/webp\" \/>\n<meta name=\"twitter:card\" content=\"summary_large_image\" \/>\n<meta name=\"twitter:label1\" content=\"Odhadovan\u00e1 doba \u010dten\u00ed\" \/>\n\t<meta name=\"twitter:data1\" content=\"3 minuty\" \/>\n<script type=\"application\/ld+json\" class=\"yoast-schema-graph\">{\"@context\":\"https:\/\/schema.org\",\"@graph\":[{\"@type\":\"WebPage\",\"@id\":\"https:\/\/qqpets.com\/product\/reversible-dog-harness\/\",\"url\":\"https:\/\/qqpets.com\/product\/reversible-dog-harness\/\",\"name\":\"Reversible Dog Harness | QQPETS\",\"isPartOf\":{\"@id\":\"https:\/\/qqpets.com\/#website\"},\"primaryImageOfPage\":{\"@id\":\"https:\/\/qqpets.com\/product\/reversible-dog-harness\/#primaryimage\"},\"image\":{\"@id\":\"https:\/\/qqpets.com\/product\/reversible-dog-harness\/#primaryimage\"},\"thumbnailUrl\":\"https:\/\/qqpets.com\/wp-content\/uploads\/2024\/09\/Reversible-dog-Harness1-2.webp\",\"datePublished\":\"2024-09-20T03:32:59+00:00\",\"dateModified\":\"2024-09-24T09:22:01+00:00\",\"description\":\"Switch up your style with our Reversible Dog Harness. Two looks in one for every adventure. Shop now for versatility!\",\"breadcrumb\":{\"@id\":\"https:\/\/qqpets.com\/product\/reversible-dog-harness\/#breadcrumb\"},\"inLanguage\":\"cs\",\"potentialAction\":[{\"@type\":\"ReadAction\",\"target\":[\"https:\/\/qqpets.com\/product\/reversible-dog-harness\/\"]}]},{\"@type\":\"ImageObject\",\"inLanguage\":\"cs\",\"@id\":\"https:\/\/qqpets.com\/product\/reversible-dog-harness\/#primaryimage\",\"url\":\"https:\/\/qqpets.com\/wp-content\/uploads\/2024\/09\/Reversible-dog-Harness1-2.webp\",\"contentUrl\":\"https:\/\/qqpets.com\/wp-content\/uploads\/2024\/09\/Reversible-dog-Harness1-2.webp\",\"width\":1000,\"height\":1000,\"caption\":\"Reversible-dog-Harness1 (2)\"},{\"@type\":\"BreadcrumbList\",\"@id\":\"https:\/\/qqpets.com\/product\/reversible-dog-harness\/#breadcrumb\",\"itemListElement\":[{\"@type\":\"ListItem\",\"position\":1,\"name\":\"Home\",\"item\":\"https:\/\/qqpets.com\/\"},{\"@type\":\"ListItem\",\"position\":2,\"name\":\"Products\",\"item\":\"https:\/\/qqpets.com\/pet-products-manufacturer\/\"},{\"@type\":\"ListItem\",\"position\":3,\"name\":\"Reversible Dog Harness\"}]},{\"@type\":\"WebSite\",\"@id\":\"https:\/\/qqpets.com\/#website\",\"url\":\"https:\/\/qqpets.com\/\",\"name\":\"QQPETS\",\"description\":\"QQPETS is a pet products factory for dog harnesses, dog collars, dog leashes and dog accessories with professional customized service since 2005.\",\"publisher\":{\"@id\":\"https:\/\/qqpets.com\/#organization\"},\"potentialAction\":[{\"@type\":\"SearchAction\",\"target\":{\"@type\":\"EntryPoint\",\"urlTemplate\":\"https:\/\/qqpets.com\/?s={search_term_string}\"},\"query-input\":{\"@type\":\"PropertyValueSpecification\",\"valueRequired\":true,\"valueName\":\"search_term_string\"}}],\"inLanguage\":\"cs\"},{\"@type\":\"Organization\",\"@id\":\"https:\/\/qqpets.com\/#organization\",\"name\":\"QQPETS\",\"url\":\"https:\/\/qqpets.com\/\",\"logo\":{\"@type\":\"ImageObject\",\"inLanguage\":\"cs\",\"@id\":\"https:\/\/qqpets.com\/#\/schema\/logo\/image\/\",\"url\":\"https:\/\/qqpets.com\/wp-content\/uploads\/2023\/09\/cropped-cropped-qqpets-tiktok.jpg\",\"contentUrl\":\"https:\/\/qqpets.com\/wp-content\/uploads\/2023\/09\/cropped-cropped-qqpets-tiktok.jpg\",\"width\":511,\"height\":511,\"caption\":\"QQPETS\"},\"image\":{\"@id\":\"https:\/\/qqpets.com\/#\/schema\/logo\/image\/\"},\"sameAs\":[\"https:\/\/www.facebook.com\/QQpetsdogcollars\",\"https:\/\/www.instagram.com\/qqpetscollar\/\",\"https:\/\/www.pinterest.com\/qqpetsdogcollarsfactory\/\"]}]}<\/script>\n<!-- \/ Yoast SEO plugin. -->","yoast_head_json":{"title":"Oboustrann\u00fd postroj pro psy | QQPETS","description":"Zm\u011b\u0148te sv\u016fj styl s na\u0161\u00edm oboustrann\u00fdm postrojem pro psy. Dva vzhledy v jednom pro ka\u017ed\u00e9 dobrodru\u017estv\u00ed. Nakupujte nyn\u00ed a z\u00edskejte v\u0161estrannost!","robots":{"index":"index","follow":"follow","max-snippet":"max-snippet:-1","max-image-preview":"max-image-preview:large","max-video-preview":"max-video-preview:-1"},"canonical":"https:\/\/qqpets.com\/cs\/produkt\/reversible-dog-harness\/","og_locale":"cs_CZ","og_type":"article","og_title":"Reversible Dog Harness | QQPETS","og_description":"Switch up your style with our Reversible Dog Harness. Two looks in one for every adventure. Shop now for versatility!","og_url":"https:\/\/qqpets.com\/cs\/produkt\/reversible-dog-harness\/","og_site_name":"QQPETS","article_publisher":"https:\/\/www.facebook.com\/QQpetsdogcollars","article_modified_time":"2024-09-24T09:22:01+00:00","og_image":[{"width":1000,"height":1000,"url":"https:\/\/qqpets.com\/wp-content\/uploads\/2024\/09\/Reversible-dog-Harness1-2.webp","type":"image\/webp"}],"twitter_card":"summary_large_image","twitter_misc":{"Odhadovan\u00e1 doba \u010dten\u00ed":"3 minuty"},"schema":{"@context":"https:\/\/schema.org","@graph":[{"@type":"WebPage","@id":"https:\/\/qqpets.com\/product\/reversible-dog-harness\/","url":"https:\/\/qqpets.com\/product\/reversible-dog-harness\/","name":"Oboustrann\u00fd postroj pro psy | QQPETS","isPartOf":{"@id":"https:\/\/qqpets.com\/#website"},"primaryImageOfPage":{"@id":"https:\/\/qqpets.com\/product\/reversible-dog-harness\/#primaryimage"},"image":{"@id":"https:\/\/qqpets.com\/product\/reversible-dog-harness\/#primaryimage"},"thumbnailUrl":"https:\/\/qqpets.com\/wp-content\/uploads\/2024\/09\/Reversible-dog-Harness1-2.webp","datePublished":"2024-09-20T03:32:59+00:00","dateModified":"2024-09-24T09:22:01+00:00","description":"Zm\u011b\u0148te sv\u016fj styl s na\u0161\u00edm oboustrann\u00fdm postrojem pro psy. Dva vzhledy v jednom pro ka\u017ed\u00e9 dobrodru\u017estv\u00ed. Nakupujte nyn\u00ed a z\u00edskejte v\u0161estrannost!","breadcrumb":{"@id":"https:\/\/qqpets.com\/product\/reversible-dog-harness\/#breadcrumb"},"inLanguage":"cs","potentialAction":[{"@type":"ReadAction","target":["https:\/\/qqpets.com\/product\/reversible-dog-harness\/"]}]},{"@type":"ImageObject","inLanguage":"cs","@id":"https:\/\/qqpets.com\/product\/reversible-dog-harness\/#primaryimage","url":"https:\/\/qqpets.com\/wp-content\/uploads\/2024\/09\/Reversible-dog-Harness1-2.webp","contentUrl":"https:\/\/qqpets.com\/wp-content\/uploads\/2024\/09\/Reversible-dog-Harness1-2.webp","width":1000,"height":1000,"caption":"Reversible-dog-Harness1 (2)"},{"@type":"BreadcrumbList","@id":"https:\/\/qqpets.com\/product\/reversible-dog-harness\/#breadcrumb","itemListElement":[{"@type":"ListItem","position":1,"name":"Home","item":"https:\/\/qqpets.com\/"},{"@type":"ListItem","position":2,"name":"Products","item":"https:\/\/qqpets.com\/pet-products-manufacturer\/"},{"@type":"ListItem","position":3,"name":"Reversible Dog Harness"}]},{"@type":"WebSite","@id":"https:\/\/qqpets.com\/#website","url":"https:\/\/qqpets.com\/","name":"QQPETS","description":"QQPETS je tov\u00e1rna na v\u00fdrobky pro dom\u00e1c\u00ed mazl\u00ed\u010dky pro ps\u00ed postroje, obojky, vod\u00edtka a dopl\u0148ky pro psy s profesion\u00e1ln\u00edmi slu\u017ebami na m\u00edru od roku 2005.","publisher":{"@id":"https:\/\/qqpets.com\/#organization"},"potentialAction":[{"@type":"SearchAction","target":{"@type":"EntryPoint","urlTemplate":"https:\/\/qqpets.com\/?s={search_term_string}"},"query-input":{"@type":"PropertyValueSpecification","valueRequired":true,"valueName":"search_term_string"}}],"inLanguage":"cs"},{"@type":"Organization","@id":"https:\/\/qqpets.com\/#organization","name":"QQPETS","url":"https:\/\/qqpets.com\/","logo":{"@type":"ImageObject","inLanguage":"cs","@id":"https:\/\/qqpets.com\/#\/schema\/logo\/image\/","url":"https:\/\/qqpets.com\/wp-content\/uploads\/2023\/09\/cropped-cropped-qqpets-tiktok.jpg","contentUrl":"https:\/\/qqpets.com\/wp-content\/uploads\/2023\/09\/cropped-cropped-qqpets-tiktok.jpg","width":511,"height":511,"caption":"QQPETS"},"image":{"@id":"https:\/\/qqpets.com\/#\/schema\/logo\/image\/"},"sameAs":["https:\/\/www.facebook.com\/QQpetsdogcollars","https:\/\/www.instagram.com\/qqpetscollar\/","https:\/\/www.pinterest.com\/qqpetsdogcollarsfactory\/"]}]}},"_links":{"self":[{"href":"https:\/\/qqpets.com\/cs\/wp-json\/wp\/v2\/product\/8041","targetHints":{"allow":["GET"]}}],"collection":[{"href":"https:\/\/qqpets.com\/cs\/wp-json\/wp\/v2\/product"}],"about":[{"href":"https:\/\/qqpets.com\/cs\/wp-json\/wp\/v2\/types\/product"}],"wp:featuredmedia":[{"embeddable":true,"href":"https:\/\/qqpets.com\/cs\/wp-json\/wp\/v2\/media\/8227"}],"wp:attachment":[{"href":"https:\/\/qqpets.com\/cs\/wp-json\/wp\/v2\/media?parent=8041"}],"wp:term":[{"taxonomy":"product_brand","embeddable":true,"href":"https:\/\/qqpets.com\/cs\/wp-json\/wp\/v2\/product_brand?post=8041"},{"taxonomy":"product_cat","embeddable":true,"href":"https:\/\/qqpets.com\/cs\/wp-json\/wp\/v2\/product_cat?post=8041"},{"taxonomy":"product_tag","embeddable":true,"href":"https:\/\/qqpets.com\/cs\/wp-json\/wp\/v2\/product_tag?post=8041"}],"curies":[{"name":"wp","href":"https:\/\/api.w.org\/{rel}","templated":true}]}}