{"id":8076,"date":"2024-09-20T16:26:25","date_gmt":"2024-09-20T08:26:25","guid":{"rendered":"https:\/\/qqpets.com\/?post_type=product&#038;p=8076"},"modified":"2024-09-20T16:26:25","modified_gmt":"2024-09-20T08:26:25","slug":"waterproof-dog-harness-leash-collar-set","status":"publish","type":"product","link":"https:\/\/qqpets.com\/cs\/produkt\/waterproof-dog-harness-leash-collar-set\/","title":{"rendered":"Vodot\u011bsn\u00fd postroj pro psy Sada obojk\u016f s vod\u00edtkem"},"content":{"rendered":"<p>P\u0159edstavujeme na\u0161i sadu vod\u011bodoln\u00fdch obojk\u016f s postrojem a vod\u00edtkem \"v\u0161e v jednom\", kter\u00e1 je dokonal\u00fdm \u0159e\u0161en\u00edm pro majitele dom\u00e1c\u00edch mazl\u00ed\u010dk\u016f, kte\u0159\u00ed si nenechaj\u00ed diktovat po\u010das\u00ed p\u0159i sv\u00fdch venkovn\u00edch dobrodru\u017estv\u00edch. Tato komplexn\u00ed sada zajist\u00ed, \u017ee v\u00e1\u0161 pes bude vybaven do jak\u00fdchkoli podm\u00ednek, a\u0165 pr\u0161\u00ed nebo sv\u00edt\u00ed slunce.<\/p>\n<p><strong>Kl\u00ed\u010dov\u00e9 vlastnosti:<\/strong><\/p>\n<ul>\n<li><strong>Vod\u011bodoln\u00e9 materi\u00e1ly:<\/strong> Ka\u017ed\u00e1 sou\u010d\u00e1st je vyrobena z nepromokav\u00fdch materi\u00e1l\u016f, kter\u00e9 zabra\u0148uj\u00ed absorpci vlhkosti, tak\u017ee v\u00e1\u0161 pes z\u016fstane v suchu a pohodl\u00ed b\u011bhem de\u0161tiv\u00fdch proch\u00e1zek nebo v bl\u00e1tiv\u00e9m prost\u0159ed\u00ed.<\/li>\n<li><strong>Nastaviteln\u00fd st\u0159ih:<\/strong> Postroj a obojek jsou vybaveny pln\u011b nastaviteln\u00fdmi popruhy, kter\u00e9 zaji\u0161\u0165uj\u00ed pevn\u00e9 a bezpe\u010dn\u00e9 uchycen\u00ed pro psy v\u0161ech velikost\u00ed. Tato p\u0159izp\u016fsobivost zabra\u0148uje sklouz\u00e1v\u00e1n\u00ed a nepohodl\u00ed a zvy\u0161uje bezpe\u010dnost a radost z proch\u00e1zek.<\/li>\n<li><strong>Odoln\u00fd design:<\/strong> Na\u0161e sada je vyrobena tak, aby vydr\u017eela, a pou\u017e\u00edv\u00e1 vysoce kvalitn\u00ed materi\u00e1ly, kter\u00e9 jsou odoln\u00e9 proti opot\u0159eben\u00ed. Robustn\u00ed kov\u00e1n\u00ed zaji\u0161\u0165uje, \u017ee vod\u00edtko, obojek a postroj vydr\u017e\u00ed n\u00e1ro\u010dn\u00e9 po\u017eadavky aktivn\u00edch dom\u00e1c\u00edch mazl\u00ed\u010dk\u016f.<\/li>\n<li><strong>Komfort a ovl\u00e1d\u00e1n\u00ed:<\/strong> Postroj rovnom\u011brn\u011b rozkl\u00e1d\u00e1 tlak na hrudn\u00edk a z\u00e1da psa, \u010d\u00edm\u017e sni\u017euje zat\u00ed\u017een\u00ed jeho krku a zaji\u0161\u0165uje lep\u0161\u00ed kontrolu p\u0159i proch\u00e1zk\u00e1ch.<\/li>\n<li><strong>Snadn\u00e1 \u00fadr\u017eba:<\/strong> Cel\u00e1 sada je navr\u017eena s ohledem na prakti\u010dnost, snadno se \u010dist\u00ed a rychle schne, tak\u017ee jej\u00ed \u00fadr\u017eba po bl\u00e1tiv\u00fdch nebo mokr\u00fdch v\u00fdletech je hra\u010dka.<\/li>\n<\/ul>\n<p>Na\u0161e vod\u011bodoln\u00e1 sada obojk\u016f s postrojem a vod\u00edtkem je ide\u00e1ln\u00ed pro ty, kte\u0159\u00ed maj\u00ed r\u00e1di ka\u017edodenn\u00ed proch\u00e1zky bez ohledu na po\u010das\u00ed, a je navr\u017eena tak, aby byl v\u00e1\u0161 pes pohodln\u00fd, bezpe\u010dn\u00fd a stylov\u00fd. A\u0165 u\u017e prozkoum\u00e1v\u00e1te m\u011bstsk\u00e9 ulice v de\u0161tiv\u00fdch dnech, nebo se vyd\u00e1v\u00e1te na dobrodru\u017enou v\u00fdpravu po mokr\u00fdch stezk\u00e1ch, tato sada va\u0161eho mazl\u00ed\u010dka p\u0159iprav\u00ed a ochr\u00e1n\u00ed a zajist\u00ed, \u017ee po\u010das\u00ed nikdy nezkaz\u00ed va\u0161e spole\u010dn\u00e9 chv\u00edle.<\/p>\n<p>Vyberte si na\u0161i sadu vod\u011bodoln\u00fdch obojk\u016f s postrojem a vod\u00edtkem, kter\u00e1 je kombinac\u00ed funk\u010dnosti, stylu a odolnosti a zajist\u00ed, \u017ee si v\u00e1\u0161 mazl\u00ed\u010dek u\u017eije ka\u017ed\u00fd v\u00fdlet do p\u0159\u00edrody pohodln\u011b a stylov\u011b.<\/p>","protected":false},"excerpt":{"rendered":"<p>Vybavte se do ka\u017ed\u00e9ho po\u010das\u00ed na\u0161\u00ed sadou vod\u011bodoln\u00fdch obojk\u016f s postrojem a vod\u00edtkem. Tato sada je navr\u017eena tak, aby odolala p\u0159\u00edrodn\u00edm \u017eivl\u016fm, a obsahuje vod\u011bodoln\u00fd postroj, vod\u00edtko a obojek, kter\u00e9 zajist\u00ed, \u017ee v\u00e1\u0161 mazl\u00ed\u010dek z\u016fstane v pohodl\u00ed a suchu i za mokra. Nastaviteln\u00fd pro dokonal\u00e9 p\u0159izp\u016fsoben\u00ed a vyroben\u00fd z odoln\u00fdch materi\u00e1l\u016f nab\u00edz\u00ed lep\u0161\u00ed kontrolu a bezpe\u010dnost p\u0159i ka\u017edodenn\u00edch proch\u00e1zk\u00e1ch. Je ide\u00e1ln\u00ed pro de\u0161tiv\u00e9 dny nebo bl\u00e1tiv\u00e9 stezky, udr\u017euje va\u0161eho mazl\u00ed\u010dka p\u0159ipraven\u00e9ho na venkovn\u00ed dobrodru\u017estv\u00ed p\u0159i zachov\u00e1n\u00ed snadn\u00e9 p\u00e9\u010de a vysok\u00e9 odolnosti.<\/p>","protected":false},"featured_media":8077,"template":"","meta":[],"product_brand":[],"product_cat":[23],"product_tag":[],"class_list":{"0":"post-8076","1":"product","2":"type-product","3":"status-publish","4":"has-post-thumbnail","6":"product_cat-dog-harness","7":"pa_brand-qqpets","9":"first","10":"instock","11":"shipping-taxable","12":"product-type-simple"},"yoast_head":"<!-- This site is optimized with the Yoast SEO plugin v26.6 - https:\/\/yoast.com\/wordpress\/plugins\/seo\/ -->\n<title>Waterproof Dog Harness Leash Collar Set | QQPETS<\/title>\n<meta name=\"description\" content=\"Explore our Waterproof Dog Harness Leash Collar Set for all-weather adventures. Durable, stylish, and practical!\" \/>\n<meta name=\"robots\" content=\"index, follow, max-snippet:-1, max-image-preview:large, max-video-preview:-1\" \/>\n<link rel=\"canonical\" href=\"https:\/\/qqpets.com\/cs\/produkt\/waterproof-dog-harness-leash-collar-set\/\" \/>\n<meta property=\"og:locale\" content=\"cs_CZ\" \/>\n<meta property=\"og:type\" content=\"article\" \/>\n<meta property=\"og:title\" content=\"Waterproof Dog Harness Leash Collar Set | QQPETS\" \/>\n<meta property=\"og:description\" content=\"Explore our Waterproof Dog Harness Leash Collar Set for all-weather adventures. Durable, stylish, and practical!\" \/>\n<meta property=\"og:url\" content=\"https:\/\/qqpets.com\/cs\/produkt\/waterproof-dog-harness-leash-collar-set\/\" \/>\n<meta property=\"og:site_name\" content=\"QQPETS\" \/>\n<meta property=\"article:publisher\" content=\"https:\/\/www.facebook.com\/QQpetsdogcollars\" \/>\n<meta property=\"og:image\" content=\"https:\/\/qqpets.com\/wp-content\/uploads\/2024\/09\/waterprood-dog-harness-collar-leash-set1.webp\" \/>\n\t<meta property=\"og:image:width\" content=\"1000\" \/>\n\t<meta property=\"og:image:height\" content=\"1000\" \/>\n\t<meta property=\"og:image:type\" content=\"image\/webp\" \/>\n<meta name=\"twitter:card\" content=\"summary_large_image\" \/>\n<meta name=\"twitter:label1\" content=\"Odhadovan\u00e1 doba \u010dten\u00ed\" \/>\n\t<meta name=\"twitter:data1\" content=\"2 minuty\" \/>\n<script type=\"application\/ld+json\" class=\"yoast-schema-graph\">{\"@context\":\"https:\/\/schema.org\",\"@graph\":[{\"@type\":\"WebPage\",\"@id\":\"https:\/\/qqpets.com\/product\/waterproof-dog-harness-leash-collar-set\/\",\"url\":\"https:\/\/qqpets.com\/product\/waterproof-dog-harness-leash-collar-set\/\",\"name\":\"Waterproof Dog Harness Leash Collar Set | QQPETS\",\"isPartOf\":{\"@id\":\"https:\/\/qqpets.com\/#website\"},\"primaryImageOfPage\":{\"@id\":\"https:\/\/qqpets.com\/product\/waterproof-dog-harness-leash-collar-set\/#primaryimage\"},\"image\":{\"@id\":\"https:\/\/qqpets.com\/product\/waterproof-dog-harness-leash-collar-set\/#primaryimage\"},\"thumbnailUrl\":\"https:\/\/qqpets.com\/wp-content\/uploads\/2024\/09\/waterprood-dog-harness-collar-leash-set1.webp\",\"datePublished\":\"2024-09-20T08:26:25+00:00\",\"description\":\"Explore our Waterproof Dog Harness Leash Collar Set for all-weather adventures. Durable, stylish, and practical!\",\"breadcrumb\":{\"@id\":\"https:\/\/qqpets.com\/product\/waterproof-dog-harness-leash-collar-set\/#breadcrumb\"},\"inLanguage\":\"cs\",\"potentialAction\":[{\"@type\":\"ReadAction\",\"target\":[\"https:\/\/qqpets.com\/product\/waterproof-dog-harness-leash-collar-set\/\"]}]},{\"@type\":\"ImageObject\",\"inLanguage\":\"cs\",\"@id\":\"https:\/\/qqpets.com\/product\/waterproof-dog-harness-leash-collar-set\/#primaryimage\",\"url\":\"https:\/\/qqpets.com\/wp-content\/uploads\/2024\/09\/waterprood-dog-harness-collar-leash-set1.webp\",\"contentUrl\":\"https:\/\/qqpets.com\/wp-content\/uploads\/2024\/09\/waterprood-dog-harness-collar-leash-set1.webp\",\"width\":1000,\"height\":1000},{\"@type\":\"BreadcrumbList\",\"@id\":\"https:\/\/qqpets.com\/product\/waterproof-dog-harness-leash-collar-set\/#breadcrumb\",\"itemListElement\":[{\"@type\":\"ListItem\",\"position\":1,\"name\":\"Home\",\"item\":\"https:\/\/qqpets.com\/\"},{\"@type\":\"ListItem\",\"position\":2,\"name\":\"Products\",\"item\":\"https:\/\/qqpets.com\/pet-products-manufacturer\/\"},{\"@type\":\"ListItem\",\"position\":3,\"name\":\"Waterproof Dog Harness Leash Collar Set\"}]},{\"@type\":\"WebSite\",\"@id\":\"https:\/\/qqpets.com\/#website\",\"url\":\"https:\/\/qqpets.com\/\",\"name\":\"QQPETS\",\"description\":\"QQPETS is a pet products factory for dog harnesses, dog collars, dog leashes and dog accessories with professional customized service since 2005.\",\"publisher\":{\"@id\":\"https:\/\/qqpets.com\/#organization\"},\"potentialAction\":[{\"@type\":\"SearchAction\",\"target\":{\"@type\":\"EntryPoint\",\"urlTemplate\":\"https:\/\/qqpets.com\/?s={search_term_string}\"},\"query-input\":{\"@type\":\"PropertyValueSpecification\",\"valueRequired\":true,\"valueName\":\"search_term_string\"}}],\"inLanguage\":\"cs\"},{\"@type\":\"Organization\",\"@id\":\"https:\/\/qqpets.com\/#organization\",\"name\":\"QQPETS\",\"url\":\"https:\/\/qqpets.com\/\",\"logo\":{\"@type\":\"ImageObject\",\"inLanguage\":\"cs\",\"@id\":\"https:\/\/qqpets.com\/#\/schema\/logo\/image\/\",\"url\":\"https:\/\/qqpets.com\/wp-content\/uploads\/2023\/09\/cropped-cropped-qqpets-tiktok.jpg\",\"contentUrl\":\"https:\/\/qqpets.com\/wp-content\/uploads\/2023\/09\/cropped-cropped-qqpets-tiktok.jpg\",\"width\":511,\"height\":511,\"caption\":\"QQPETS\"},\"image\":{\"@id\":\"https:\/\/qqpets.com\/#\/schema\/logo\/image\/\"},\"sameAs\":[\"https:\/\/www.facebook.com\/QQpetsdogcollars\",\"https:\/\/www.instagram.com\/qqpetscollar\/\",\"https:\/\/www.pinterest.com\/qqpetsdogcollarsfactory\/\"]}]}<\/script>\n<!-- \/ Yoast SEO plugin. -->","yoast_head_json":{"title":"Vod\u011bodoln\u00fd postroj pro psy Sada obojk\u016f | QQPETS","description":"Prozkoumejte na\u0161i sadu vod\u011bodoln\u00fdch obojk\u016f s postrojem a vod\u00edtkem pro psy pro dobrodru\u017estv\u00ed za ka\u017ed\u00e9ho po\u010das\u00ed. Odoln\u00e9, stylov\u00e9 a praktick\u00e9!","robots":{"index":"index","follow":"follow","max-snippet":"max-snippet:-1","max-image-preview":"max-image-preview:large","max-video-preview":"max-video-preview:-1"},"canonical":"https:\/\/qqpets.com\/cs\/produkt\/waterproof-dog-harness-leash-collar-set\/","og_locale":"cs_CZ","og_type":"article","og_title":"Waterproof Dog Harness Leash Collar Set | QQPETS","og_description":"Explore our Waterproof Dog Harness Leash Collar Set for all-weather adventures. Durable, stylish, and practical!","og_url":"https:\/\/qqpets.com\/cs\/produkt\/waterproof-dog-harness-leash-collar-set\/","og_site_name":"QQPETS","article_publisher":"https:\/\/www.facebook.com\/QQpetsdogcollars","og_image":[{"width":1000,"height":1000,"url":"https:\/\/qqpets.com\/wp-content\/uploads\/2024\/09\/waterprood-dog-harness-collar-leash-set1.webp","type":"image\/webp"}],"twitter_card":"summary_large_image","twitter_misc":{"Odhadovan\u00e1 doba \u010dten\u00ed":"2 minuty"},"schema":{"@context":"https:\/\/schema.org","@graph":[{"@type":"WebPage","@id":"https:\/\/qqpets.com\/product\/waterproof-dog-harness-leash-collar-set\/","url":"https:\/\/qqpets.com\/product\/waterproof-dog-harness-leash-collar-set\/","name":"Vod\u011bodoln\u00fd postroj pro psy Sada obojk\u016f | QQPETS","isPartOf":{"@id":"https:\/\/qqpets.com\/#website"},"primaryImageOfPage":{"@id":"https:\/\/qqpets.com\/product\/waterproof-dog-harness-leash-collar-set\/#primaryimage"},"image":{"@id":"https:\/\/qqpets.com\/product\/waterproof-dog-harness-leash-collar-set\/#primaryimage"},"thumbnailUrl":"https:\/\/qqpets.com\/wp-content\/uploads\/2024\/09\/waterprood-dog-harness-collar-leash-set1.webp","datePublished":"2024-09-20T08:26:25+00:00","description":"Prozkoumejte na\u0161i sadu vod\u011bodoln\u00fdch obojk\u016f s postrojem a vod\u00edtkem pro psy pro dobrodru\u017estv\u00ed za ka\u017ed\u00e9ho po\u010das\u00ed. Odoln\u00e9, stylov\u00e9 a praktick\u00e9!","breadcrumb":{"@id":"https:\/\/qqpets.com\/product\/waterproof-dog-harness-leash-collar-set\/#breadcrumb"},"inLanguage":"cs","potentialAction":[{"@type":"ReadAction","target":["https:\/\/qqpets.com\/product\/waterproof-dog-harness-leash-collar-set\/"]}]},{"@type":"ImageObject","inLanguage":"cs","@id":"https:\/\/qqpets.com\/product\/waterproof-dog-harness-leash-collar-set\/#primaryimage","url":"https:\/\/qqpets.com\/wp-content\/uploads\/2024\/09\/waterprood-dog-harness-collar-leash-set1.webp","contentUrl":"https:\/\/qqpets.com\/wp-content\/uploads\/2024\/09\/waterprood-dog-harness-collar-leash-set1.webp","width":1000,"height":1000},{"@type":"BreadcrumbList","@id":"https:\/\/qqpets.com\/product\/waterproof-dog-harness-leash-collar-set\/#breadcrumb","itemListElement":[{"@type":"ListItem","position":1,"name":"Home","item":"https:\/\/qqpets.com\/"},{"@type":"ListItem","position":2,"name":"Products","item":"https:\/\/qqpets.com\/pet-products-manufacturer\/"},{"@type":"ListItem","position":3,"name":"Waterproof Dog Harness Leash Collar Set"}]},{"@type":"WebSite","@id":"https:\/\/qqpets.com\/#website","url":"https:\/\/qqpets.com\/","name":"QQPETS","description":"QQPETS je tov\u00e1rna na v\u00fdrobky pro dom\u00e1c\u00ed mazl\u00ed\u010dky pro ps\u00ed postroje, obojky, vod\u00edtka a dopl\u0148ky pro psy s profesion\u00e1ln\u00edmi slu\u017ebami na m\u00edru od roku 2005.","publisher":{"@id":"https:\/\/qqpets.com\/#organization"},"potentialAction":[{"@type":"SearchAction","target":{"@type":"EntryPoint","urlTemplate":"https:\/\/qqpets.com\/?s={search_term_string}"},"query-input":{"@type":"PropertyValueSpecification","valueRequired":true,"valueName":"search_term_string"}}],"inLanguage":"cs"},{"@type":"Organization","@id":"https:\/\/qqpets.com\/#organization","name":"QQPETS","url":"https:\/\/qqpets.com\/","logo":{"@type":"ImageObject","inLanguage":"cs","@id":"https:\/\/qqpets.com\/#\/schema\/logo\/image\/","url":"https:\/\/qqpets.com\/wp-content\/uploads\/2023\/09\/cropped-cropped-qqpets-tiktok.jpg","contentUrl":"https:\/\/qqpets.com\/wp-content\/uploads\/2023\/09\/cropped-cropped-qqpets-tiktok.jpg","width":511,"height":511,"caption":"QQPETS"},"image":{"@id":"https:\/\/qqpets.com\/#\/schema\/logo\/image\/"},"sameAs":["https:\/\/www.facebook.com\/QQpetsdogcollars","https:\/\/www.instagram.com\/qqpetscollar\/","https:\/\/www.pinterest.com\/qqpetsdogcollarsfactory\/"]}]}},"_links":{"self":[{"href":"https:\/\/qqpets.com\/cs\/wp-json\/wp\/v2\/product\/8076","targetHints":{"allow":["GET"]}}],"collection":[{"href":"https:\/\/qqpets.com\/cs\/wp-json\/wp\/v2\/product"}],"about":[{"href":"https:\/\/qqpets.com\/cs\/wp-json\/wp\/v2\/types\/product"}],"wp:featuredmedia":[{"embeddable":true,"href":"https:\/\/qqpets.com\/cs\/wp-json\/wp\/v2\/media\/8077"}],"wp:attachment":[{"href":"https:\/\/qqpets.com\/cs\/wp-json\/wp\/v2\/media?parent=8076"}],"wp:term":[{"taxonomy":"product_brand","embeddable":true,"href":"https:\/\/qqpets.com\/cs\/wp-json\/wp\/v2\/product_brand?post=8076"},{"taxonomy":"product_cat","embeddable":true,"href":"https:\/\/qqpets.com\/cs\/wp-json\/wp\/v2\/product_cat?post=8076"},{"taxonomy":"product_tag","embeddable":true,"href":"https:\/\/qqpets.com\/cs\/wp-json\/wp\/v2\/product_tag?post=8076"}],"curies":[{"name":"wp","href":"https:\/\/api.w.org\/{rel}","templated":true}]}}