{"id":8191,"date":"2024-09-24T15:42:45","date_gmt":"2024-09-24T07:42:45","guid":{"rendered":"https:\/\/qqpets.com\/?post_type=product&#038;p=8191"},"modified":"2024-09-24T15:42:45","modified_gmt":"2024-09-24T07:42:45","slug":"qr-code-training-dog-harness","status":"publish","type":"product","link":"https:\/\/qqpets.com\/cs\/produkt\/qr-code-training-dog-harness\/","title":{"rendered":"V\u00fdcvikov\u00fd postroj pro psy s QR k\u00f3dem"},"content":{"rendered":"<p>S na\u0161\u00edm postrojem pro psy s QR k\u00f3dem m\u016f\u017eete do ka\u017edodenn\u00edho \u017eivota sv\u00e9ho mazl\u00ed\u010dka zav\u00e9st nejmodern\u011bj\u0161\u00ed technologie a robustn\u00ed funkce. Tento postroj kombinuje vojenskou odolnost s pokro\u010dil\u00fdmi bezpe\u010dnostn\u00edmi funkcemi a zajist\u00ed, \u017ee v\u00e1\u0161 mazl\u00ed\u010dek bude vybaven pro ka\u017ed\u00e9 dobrodru\u017estv\u00ed.<\/p>\n<h5><strong>Kl\u00ed\u010dov\u00e9 vlastnosti:<\/strong><\/h5>\n<ul>\n<li><strong>Integrovan\u00fd k\u00f3d QR:<\/strong> K\u00f3d QR, um\u00edst\u011bn\u00fd na viditeln\u00e9m m\u00edst\u011b na postroji, uchov\u00e1v\u00e1 d\u016fle\u017eit\u00e9 informace, kter\u00e9 lze okam\u017eit\u011b z\u00edskat naskenov\u00e1n\u00edm pomoc\u00ed chytr\u00e9ho telefonu, co\u017e je ide\u00e1ln\u00ed pro rychlou identifikaci a z\u00edsk\u00e1n\u00ed podrobnost\u00ed v p\u0159\u00edpad\u011b nouze.<\/li>\n<li><strong>Odoln\u00e9 materi\u00e1ly:<\/strong> Tento postroj je vyroben z odoln\u00fdch, vysoce kvalitn\u00edch tkanin s maskovac\u00edm vzorem a je navr\u017een pro styl i odolnost. Siln\u00e9 pro\u0161it\u00ed zaji\u0161\u0165uje, \u017ee vydr\u017e\u00ed i n\u00e1ro\u010dn\u00e9 aktivity.<\/li>\n<li><strong>Pohodl\u00ed a p\u0159izp\u016fsoben\u00ed:<\/strong> M\u011bkk\u00e9 polstrov\u00e1n\u00ed pod\u00e9l hrudn\u00edku a zad poskytuje maxim\u00e1ln\u00ed pohodl\u00ed pro va\u0161eho psa a sni\u017euje p\u0159\u00edpadn\u00e9 podr\u00e1\u017ed\u011bn\u00ed p\u0159i del\u0161\u00edm no\u0161en\u00ed. Nastaviteln\u00e9 popruhy umo\u017e\u0148uj\u00ed p\u0159izp\u016fsoben\u00ed ps\u016fm r\u016fzn\u00fdch velikost\u00ed.<\/li>\n<li><strong>Reflexn\u00ed akcenty:<\/strong> Pro zv\u00fd\u0161en\u00ed bezpe\u010dnosti p\u0159i no\u010dn\u00edch nebo rann\u00edch vych\u00e1zk\u00e1ch jsou po cel\u00e9m popruhu vetk\u00e1ny reflexn\u00ed nit\u011b a prvky, kter\u00e9 zaji\u0161\u0165uj\u00ed lep\u0161\u00ed viditelnost.<\/li>\n<li><strong>Tr\u00e9ninkov\u00e1 rukoje\u0165:<\/strong> Robustn\u00ed rukoje\u0165 na zadn\u00ed stran\u011b v\u00e1m poskytne dodate\u010dnou kontrolu b\u011bhem tr\u00e9ninku nebo kdy\u017e pot\u0159ebujete m\u00edt psa nabl\u00edzku, a dod\u00e1 mu tak dal\u0161\u00ed vrstvu bezpe\u010d\u00ed.<\/li>\n<\/ul>\n<p>N\u00e1\u0161 postroj pro psy s QR k\u00f3dem je ide\u00e1ln\u00ed pro aktivn\u00ed psy a majitele, kte\u0159\u00ed si cen\u00ed bezpe\u010dnosti a pohodl\u00ed, a je nezbytn\u00fdm dopl\u0148kem pro zlep\u0161en\u00ed va\u0161ich venkovn\u00edch z\u00e1\u017eitk\u016f. Nen\u00ed to jen postroj, je to d\u016fle\u017eit\u00fd bezpe\u010dnostn\u00ed n\u00e1stroj, kter\u00fd zajist\u00ed identifikaci a bezpe\u010d\u00ed va\u0161eho mazl\u00ed\u010dka, a\u0165 jste kdekoli.<\/p>","protected":false},"excerpt":{"rendered":"<p>Maximalizujte kontrolu a bezpe\u010dnost s na\u0161\u00edm postrojem pro psy s k\u00f3dem QR, kter\u00fd m\u00e1 odoln\u00fd a stylov\u00fd design s integrovan\u00fdm k\u00f3dem QR pro snadnou identifikaci zv\u00ed\u0159ete. Tento postroj je ide\u00e1ln\u00ed pro v\u00fdcvik i ka\u017edodenn\u00ed proch\u00e1zky, je nastaviteln\u00fd a vyroben\u00fd z prody\u0161n\u00e9ho, polstrovan\u00e9ho materi\u00e1lu pro v\u011bt\u0161\u00ed pohodl\u00ed. Jeho reflexn\u00ed pro\u0161\u00edv\u00e1n\u00ed zvy\u0161uje viditelnost a zaji\u0161\u0165uje bezpe\u010dnost za zhor\u0161en\u00fdch sv\u011bteln\u00fdch podm\u00ednek.<\/p>","protected":false},"featured_media":8202,"template":"","meta":[],"product_brand":[],"product_cat":[23],"product_tag":[],"class_list":{"0":"post-8191","1":"product","2":"type-product","3":"status-publish","4":"has-post-thumbnail","6":"product_cat-dog-harness","7":"pa_brand-qqpets","9":"first","10":"instock","11":"shipping-taxable","12":"product-type-simple"},"yoast_head":"<!-- This site is optimized with the Yoast SEO plugin v26.6 - https:\/\/yoast.com\/wordpress\/plugins\/seo\/ -->\n<title>QR Code Training Dog Harness | QQPETS<\/title>\n<meta name=\"description\" content=\"Ensure safety with our QR Code Training Dog Harness. Perfect for training and instant ID. Secure and smart!\" \/>\n<meta name=\"robots\" content=\"index, follow, max-snippet:-1, max-image-preview:large, max-video-preview:-1\" \/>\n<link rel=\"canonical\" href=\"https:\/\/qqpets.com\/cs\/produkt\/qr-code-training-dog-harness\/\" \/>\n<meta property=\"og:locale\" content=\"cs_CZ\" \/>\n<meta property=\"og:type\" content=\"article\" \/>\n<meta property=\"og:title\" content=\"QR Code Training Dog Harness | QQPETS\" \/>\n<meta property=\"og:description\" content=\"Ensure safety with our QR Code Training Dog Harness. Perfect for training and instant ID. Secure and smart!\" \/>\n<meta property=\"og:url\" content=\"https:\/\/qqpets.com\/cs\/produkt\/qr-code-training-dog-harness\/\" \/>\n<meta property=\"og:site_name\" content=\"QQPETS\" \/>\n<meta property=\"article:publisher\" content=\"https:\/\/www.facebook.com\/QQpetsdogcollars\" \/>\n<meta property=\"og:image\" content=\"https:\/\/qqpets.com\/wp-content\/uploads\/2024\/09\/QR-Code-Training-Dog-Harness3.webp\" \/>\n\t<meta property=\"og:image:width\" content=\"1000\" \/>\n\t<meta property=\"og:image:height\" content=\"1000\" \/>\n\t<meta property=\"og:image:type\" content=\"image\/webp\" \/>\n<meta name=\"twitter:card\" content=\"summary_large_image\" \/>\n<meta name=\"twitter:label1\" content=\"Odhadovan\u00e1 doba \u010dten\u00ed\" \/>\n\t<meta name=\"twitter:data1\" content=\"2 minuty\" \/>\n<script type=\"application\/ld+json\" class=\"yoast-schema-graph\">{\"@context\":\"https:\/\/schema.org\",\"@graph\":[{\"@type\":\"WebPage\",\"@id\":\"https:\/\/qqpets.com\/product\/qr-code-training-dog-harness\/\",\"url\":\"https:\/\/qqpets.com\/product\/qr-code-training-dog-harness\/\",\"name\":\"QR Code Training Dog Harness | QQPETS\",\"isPartOf\":{\"@id\":\"https:\/\/qqpets.com\/#website\"},\"primaryImageOfPage\":{\"@id\":\"https:\/\/qqpets.com\/product\/qr-code-training-dog-harness\/#primaryimage\"},\"image\":{\"@id\":\"https:\/\/qqpets.com\/product\/qr-code-training-dog-harness\/#primaryimage\"},\"thumbnailUrl\":\"https:\/\/qqpets.com\/wp-content\/uploads\/2024\/09\/QR-Code-Training-Dog-Harness3.webp\",\"datePublished\":\"2024-09-24T07:42:45+00:00\",\"description\":\"Ensure safety with our QR Code Training Dog Harness. Perfect for training and instant ID. Secure and smart!\",\"breadcrumb\":{\"@id\":\"https:\/\/qqpets.com\/product\/qr-code-training-dog-harness\/#breadcrumb\"},\"inLanguage\":\"cs\",\"potentialAction\":[{\"@type\":\"ReadAction\",\"target\":[\"https:\/\/qqpets.com\/product\/qr-code-training-dog-harness\/\"]}]},{\"@type\":\"ImageObject\",\"inLanguage\":\"cs\",\"@id\":\"https:\/\/qqpets.com\/product\/qr-code-training-dog-harness\/#primaryimage\",\"url\":\"https:\/\/qqpets.com\/wp-content\/uploads\/2024\/09\/QR-Code-Training-Dog-Harness3.webp\",\"contentUrl\":\"https:\/\/qqpets.com\/wp-content\/uploads\/2024\/09\/QR-Code-Training-Dog-Harness3.webp\",\"width\":1000,\"height\":1000},{\"@type\":\"BreadcrumbList\",\"@id\":\"https:\/\/qqpets.com\/product\/qr-code-training-dog-harness\/#breadcrumb\",\"itemListElement\":[{\"@type\":\"ListItem\",\"position\":1,\"name\":\"Home\",\"item\":\"https:\/\/qqpets.com\/\"},{\"@type\":\"ListItem\",\"position\":2,\"name\":\"Products\",\"item\":\"https:\/\/qqpets.com\/pet-products-manufacturer\/\"},{\"@type\":\"ListItem\",\"position\":3,\"name\":\"QR Code Training Dog Harness\"}]},{\"@type\":\"WebSite\",\"@id\":\"https:\/\/qqpets.com\/#website\",\"url\":\"https:\/\/qqpets.com\/\",\"name\":\"QQPETS\",\"description\":\"QQPETS is a pet products factory for dog harnesses, dog collars, dog leashes and dog accessories with professional customized service since 2005.\",\"publisher\":{\"@id\":\"https:\/\/qqpets.com\/#organization\"},\"potentialAction\":[{\"@type\":\"SearchAction\",\"target\":{\"@type\":\"EntryPoint\",\"urlTemplate\":\"https:\/\/qqpets.com\/?s={search_term_string}\"},\"query-input\":{\"@type\":\"PropertyValueSpecification\",\"valueRequired\":true,\"valueName\":\"search_term_string\"}}],\"inLanguage\":\"cs\"},{\"@type\":\"Organization\",\"@id\":\"https:\/\/qqpets.com\/#organization\",\"name\":\"QQPETS\",\"url\":\"https:\/\/qqpets.com\/\",\"logo\":{\"@type\":\"ImageObject\",\"inLanguage\":\"cs\",\"@id\":\"https:\/\/qqpets.com\/#\/schema\/logo\/image\/\",\"url\":\"https:\/\/qqpets.com\/wp-content\/uploads\/2023\/09\/cropped-cropped-qqpets-tiktok.jpg\",\"contentUrl\":\"https:\/\/qqpets.com\/wp-content\/uploads\/2023\/09\/cropped-cropped-qqpets-tiktok.jpg\",\"width\":511,\"height\":511,\"caption\":\"QQPETS\"},\"image\":{\"@id\":\"https:\/\/qqpets.com\/#\/schema\/logo\/image\/\"},\"sameAs\":[\"https:\/\/www.facebook.com\/QQpetsdogcollars\",\"https:\/\/www.instagram.com\/qqpetscollar\/\",\"https:\/\/www.pinterest.com\/qqpetsdogcollarsfactory\/\"]}]}<\/script>\n<!-- \/ Yoast SEO plugin. -->","yoast_head_json":{"title":"V\u00fdcvikov\u00fd postroj pro psy s QR k\u00f3dem | QQPETS","description":"Zajist\u011bte si bezpe\u010dnost s na\u0161\u00edm postrojem pro v\u00fdcvik ps\u016f s QR k\u00f3dem. Ide\u00e1ln\u00ed pro v\u00fdcvik a okam\u017eitou identifikaci. Bezpe\u010dn\u00fd a chytr\u00fd!","robots":{"index":"index","follow":"follow","max-snippet":"max-snippet:-1","max-image-preview":"max-image-preview:large","max-video-preview":"max-video-preview:-1"},"canonical":"https:\/\/qqpets.com\/cs\/produkt\/qr-code-training-dog-harness\/","og_locale":"cs_CZ","og_type":"article","og_title":"QR Code Training Dog Harness | QQPETS","og_description":"Ensure safety with our QR Code Training Dog Harness. Perfect for training and instant ID. Secure and smart!","og_url":"https:\/\/qqpets.com\/cs\/produkt\/qr-code-training-dog-harness\/","og_site_name":"QQPETS","article_publisher":"https:\/\/www.facebook.com\/QQpetsdogcollars","og_image":[{"width":1000,"height":1000,"url":"https:\/\/qqpets.com\/wp-content\/uploads\/2024\/09\/QR-Code-Training-Dog-Harness3.webp","type":"image\/webp"}],"twitter_card":"summary_large_image","twitter_misc":{"Odhadovan\u00e1 doba \u010dten\u00ed":"2 minuty"},"schema":{"@context":"https:\/\/schema.org","@graph":[{"@type":"WebPage","@id":"https:\/\/qqpets.com\/product\/qr-code-training-dog-harness\/","url":"https:\/\/qqpets.com\/product\/qr-code-training-dog-harness\/","name":"V\u00fdcvikov\u00fd postroj pro psy s QR k\u00f3dem | QQPETS","isPartOf":{"@id":"https:\/\/qqpets.com\/#website"},"primaryImageOfPage":{"@id":"https:\/\/qqpets.com\/product\/qr-code-training-dog-harness\/#primaryimage"},"image":{"@id":"https:\/\/qqpets.com\/product\/qr-code-training-dog-harness\/#primaryimage"},"thumbnailUrl":"https:\/\/qqpets.com\/wp-content\/uploads\/2024\/09\/QR-Code-Training-Dog-Harness3.webp","datePublished":"2024-09-24T07:42:45+00:00","description":"Zajist\u011bte si bezpe\u010dnost s na\u0161\u00edm postrojem pro v\u00fdcvik ps\u016f s QR k\u00f3dem. Ide\u00e1ln\u00ed pro v\u00fdcvik a okam\u017eitou identifikaci. Bezpe\u010dn\u00fd a chytr\u00fd!","breadcrumb":{"@id":"https:\/\/qqpets.com\/product\/qr-code-training-dog-harness\/#breadcrumb"},"inLanguage":"cs","potentialAction":[{"@type":"ReadAction","target":["https:\/\/qqpets.com\/product\/qr-code-training-dog-harness\/"]}]},{"@type":"ImageObject","inLanguage":"cs","@id":"https:\/\/qqpets.com\/product\/qr-code-training-dog-harness\/#primaryimage","url":"https:\/\/qqpets.com\/wp-content\/uploads\/2024\/09\/QR-Code-Training-Dog-Harness3.webp","contentUrl":"https:\/\/qqpets.com\/wp-content\/uploads\/2024\/09\/QR-Code-Training-Dog-Harness3.webp","width":1000,"height":1000},{"@type":"BreadcrumbList","@id":"https:\/\/qqpets.com\/product\/qr-code-training-dog-harness\/#breadcrumb","itemListElement":[{"@type":"ListItem","position":1,"name":"Home","item":"https:\/\/qqpets.com\/"},{"@type":"ListItem","position":2,"name":"Products","item":"https:\/\/qqpets.com\/pet-products-manufacturer\/"},{"@type":"ListItem","position":3,"name":"QR Code Training Dog Harness"}]},{"@type":"WebSite","@id":"https:\/\/qqpets.com\/#website","url":"https:\/\/qqpets.com\/","name":"QQPETS","description":"QQPETS je tov\u00e1rna na v\u00fdrobky pro dom\u00e1c\u00ed mazl\u00ed\u010dky pro ps\u00ed postroje, obojky, vod\u00edtka a dopl\u0148ky pro psy s profesion\u00e1ln\u00edmi slu\u017ebami na m\u00edru od roku 2005.","publisher":{"@id":"https:\/\/qqpets.com\/#organization"},"potentialAction":[{"@type":"SearchAction","target":{"@type":"EntryPoint","urlTemplate":"https:\/\/qqpets.com\/?s={search_term_string}"},"query-input":{"@type":"PropertyValueSpecification","valueRequired":true,"valueName":"search_term_string"}}],"inLanguage":"cs"},{"@type":"Organization","@id":"https:\/\/qqpets.com\/#organization","name":"QQPETS","url":"https:\/\/qqpets.com\/","logo":{"@type":"ImageObject","inLanguage":"cs","@id":"https:\/\/qqpets.com\/#\/schema\/logo\/image\/","url":"https:\/\/qqpets.com\/wp-content\/uploads\/2023\/09\/cropped-cropped-qqpets-tiktok.jpg","contentUrl":"https:\/\/qqpets.com\/wp-content\/uploads\/2023\/09\/cropped-cropped-qqpets-tiktok.jpg","width":511,"height":511,"caption":"QQPETS"},"image":{"@id":"https:\/\/qqpets.com\/#\/schema\/logo\/image\/"},"sameAs":["https:\/\/www.facebook.com\/QQpetsdogcollars","https:\/\/www.instagram.com\/qqpetscollar\/","https:\/\/www.pinterest.com\/qqpetsdogcollarsfactory\/"]}]}},"_links":{"self":[{"href":"https:\/\/qqpets.com\/cs\/wp-json\/wp\/v2\/product\/8191","targetHints":{"allow":["GET"]}}],"collection":[{"href":"https:\/\/qqpets.com\/cs\/wp-json\/wp\/v2\/product"}],"about":[{"href":"https:\/\/qqpets.com\/cs\/wp-json\/wp\/v2\/types\/product"}],"wp:featuredmedia":[{"embeddable":true,"href":"https:\/\/qqpets.com\/cs\/wp-json\/wp\/v2\/media\/8202"}],"wp:attachment":[{"href":"https:\/\/qqpets.com\/cs\/wp-json\/wp\/v2\/media?parent=8191"}],"wp:term":[{"taxonomy":"product_brand","embeddable":true,"href":"https:\/\/qqpets.com\/cs\/wp-json\/wp\/v2\/product_brand?post=8191"},{"taxonomy":"product_cat","embeddable":true,"href":"https:\/\/qqpets.com\/cs\/wp-json\/wp\/v2\/product_cat?post=8191"},{"taxonomy":"product_tag","embeddable":true,"href":"https:\/\/qqpets.com\/cs\/wp-json\/wp\/v2\/product_tag?post=8191"}],"curies":[{"name":"wp","href":"https:\/\/api.w.org\/{rel}","templated":true}]}}