{"id":8219,"date":"2024-09-24T15:55:57","date_gmt":"2024-09-24T07:55:57","guid":{"rendered":"https:\/\/qqpets.com\/?post_type=product&#038;p=8219"},"modified":"2024-09-24T15:58:32","modified_gmt":"2024-09-24T07:58:32","slug":"qr-code-adjustable-dog-harness","status":"publish","type":"product","link":"https:\/\/qqpets.com\/cs\/produkt\/qr-code-adjustable-dog-harness\/","title":{"rendered":"Nastaviteln\u00fd postroj pro psy s QR k\u00f3dem"},"content":{"rendered":"<p>P\u0159edstavujeme v\u00e1m n\u00e1\u0161 nastaviteln\u00fd postroj pro psy s QR k\u00f3dem, kter\u00fd je navr\u017een pro bezpe\u010dnost, pohodl\u00ed a styl. Tento postroj mus\u00ed m\u00edt majitel\u00e9 zv\u00ed\u0159at, kte\u0159\u00ed cht\u011bj\u00ed m\u00edt sv\u00e9 mazl\u00ed\u010dky v bezpe\u010d\u00ed a snadno identifikovateln\u00e9.<\/p>\n<p><strong>Kl\u00ed\u010dov\u00e9 vlastnosti:<\/strong><\/p>\n<ul>\n<li><strong>Integrovan\u00fd \u0161t\u00edtek s k\u00f3dem QR:<\/strong> Dod\u00e1v\u00e1 se se sn\u00edmateln\u00fdm QR k\u00f3dem, kter\u00fd odkazuje na podrobn\u00fd online profil a umo\u017e\u0148uje z\u00edskat d\u016fle\u017eit\u00e9 informace o va\u0161em dom\u00e1c\u00edm mazl\u00ed\u010dkovi pouh\u00fdm naskenov\u00e1n\u00edm. Tato funkce je kl\u00ed\u010dov\u00e1 pro rychlou identifikaci a nalezen\u00ed zv\u00ed\u0159ete, pokud se n\u011bkdy ztrat\u00ed.<\/li>\n<li><strong>Nastaviteln\u00fd st\u0159ih:<\/strong> P\u0159izp\u016fsobte postroj velikosti sv\u00e9ho psa d\u00edky nastaviteln\u00fdm popruh\u016fm, kter\u00e9 zajist\u00ed dokonal\u00e9 p\u0159izp\u016fsoben\u00ed, aby byl pes bezpe\u010dn\u00fd a pohodln\u00fd p\u0159i v\u0161ech aktivit\u00e1ch.<\/li>\n<li><strong>Prody\u0161n\u00fd komfort:<\/strong> Je vyrobena z lehk\u00e9, prody\u0161n\u00e9 s\u00ed\u0165oviny, kter\u00e1 udr\u017euje va\u0161eho mazl\u00ed\u010dka v chladu a pohodl\u00ed i v teplej\u0161\u00edch dnech.<\/li>\n<li><strong>Stylov\u00fd design:<\/strong> Postroj m\u00e1 z\u00e1\u0159iv\u011b r\u016f\u017eov\u00fd kv\u011btinov\u00fd vzor, kter\u00fd je poutav\u00fd a m\u00f3dn\u00ed, tak\u017ee v\u00e1\u0161 mazl\u00ed\u010dek vynikne a z\u00e1rove\u0148 z\u016fstane viditeln\u00fd pro v\u00e1s i ostatn\u00ed b\u011bhem vych\u00e1zek.<\/li>\n<li><strong>Odoln\u00fd materi\u00e1l:<\/strong> Postroj je vyroben tak, aby odolal ka\u017edodenn\u00edmu pou\u017e\u00edv\u00e1n\u00ed, je odoln\u00fd a snadno se udr\u017euje, lze jej pravideln\u011b pr\u00e1t, ani\u017e by ztratil na atraktivit\u011b.<\/li>\n<\/ul>\n<p>N\u00e1\u0161 nastaviteln\u00fd postroj pro psy s QR k\u00f3dem kombinuje funk\u010dnost s m\u00f3dou a poskytuje bezpe\u010dn\u00fd zp\u016fsob, jak udr\u017eet va\u0161eho dom\u00e1c\u00edho mazl\u00ed\u010dka identifikovan\u00e9ho, ani\u017e byste museli ob\u011btovat styl nebo pohodl\u00ed. Je ide\u00e1ln\u00ed na ka\u017edodenn\u00ed proch\u00e1zky, v\u00fdlety do parku nebo jak\u00e1koli venkovn\u00ed dobrodru\u017estv\u00ed, proto\u017ee zajist\u00ed, \u017ee v\u00e1\u0161 mazl\u00ed\u010dek z\u016fstane v bezpe\u010d\u00ed a z\u00e1rove\u0148 bude skv\u011ble vypadat. Vybavte sv\u00e9ho chlupat\u00e9ho p\u0159\u00edtele t\u00edmto postrojem a u\u017e\u00edvejte si bezstarostn\u00e1 dobrodru\u017estv\u00ed s v\u011bdom\u00edm, \u017ee je v\u017edy jen na skok od domova.<\/p>","protected":false},"excerpt":{"rendered":"<p>Zajist\u011bte bezpe\u010dnost sv\u00e9ho dom\u00e1c\u00edho mazl\u00ed\u010dka pomoc\u00ed na\u0161eho nastaviteln\u00e9ho postroje pro psy s QR k\u00f3dem. Tento postroj je vybaven sn\u00edmateln\u00fdm QR k\u00f3dem pro rychl\u00fd p\u0159\u00edstup k informac\u00edm o va\u0161em dom\u00e1c\u00edm mazl\u00ed\u010dkovi a zaji\u0161\u0165uje jeho neust\u00e1lou identifikaci. Je vyroben z prody\u0161n\u00e9 s\u00ed\u0165oviny a nastaviteln\u00fdch popruh\u016f pro pohodln\u00e9 no\u0161en\u00ed a je ide\u00e1ln\u00ed pro ka\u017edodenn\u00ed proch\u00e1zky. Z\u00e1\u0159iv\u00fd r\u016f\u017eov\u00fd kv\u011btinov\u00fd design dod\u00e1v\u00e1 psovi styl.<\/p>","protected":false},"featured_media":8210,"template":"","meta":[],"product_brand":[],"product_cat":[23],"product_tag":[],"class_list":{"0":"post-8219","1":"product","2":"type-product","3":"status-publish","4":"has-post-thumbnail","6":"product_cat-dog-harness","7":"pa_brand-qqpets","9":"first","10":"instock","11":"shipping-taxable","12":"product-type-simple"},"yoast_head":"<!-- This site is optimized with the Yoast SEO plugin v26.6 - https:\/\/yoast.com\/wordpress\/plugins\/seo\/ -->\n<title>QR Code Adjustable Dog Harness | QQPETS<\/title>\n<meta name=\"description\" content=\"Secure and stylish QR Code Adjustable Dog Harness. Easy identification with a smart QR tag. Perfect fit!\" \/>\n<meta name=\"robots\" content=\"index, follow, max-snippet:-1, max-image-preview:large, max-video-preview:-1\" \/>\n<link rel=\"canonical\" href=\"https:\/\/qqpets.com\/cs\/produkt\/qr-code-adjustable-dog-harness\/\" \/>\n<meta property=\"og:locale\" content=\"cs_CZ\" \/>\n<meta property=\"og:type\" content=\"article\" \/>\n<meta property=\"og:title\" content=\"QR Code Adjustable Dog Harness | QQPETS\" \/>\n<meta property=\"og:description\" content=\"Secure and stylish QR Code Adjustable Dog Harness. Easy identification with a smart QR tag. Perfect fit!\" \/>\n<meta property=\"og:url\" content=\"https:\/\/qqpets.com\/cs\/produkt\/qr-code-adjustable-dog-harness\/\" \/>\n<meta property=\"og:site_name\" content=\"QQPETS\" \/>\n<meta property=\"article:publisher\" content=\"https:\/\/www.facebook.com\/QQpetsdogcollars\" \/>\n<meta property=\"article:modified_time\" content=\"2024-09-24T07:58:32+00:00\" \/>\n<meta property=\"og:image\" content=\"https:\/\/qqpets.com\/wp-content\/uploads\/2024\/09\/QR-Code-Adjustable-Dog-Harness2.webp\" \/>\n\t<meta property=\"og:image:width\" content=\"1000\" \/>\n\t<meta property=\"og:image:height\" content=\"1000\" \/>\n\t<meta property=\"og:image:type\" content=\"image\/webp\" \/>\n<meta name=\"twitter:card\" content=\"summary_large_image\" \/>\n<meta name=\"twitter:label1\" content=\"Odhadovan\u00e1 doba \u010dten\u00ed\" \/>\n\t<meta name=\"twitter:data1\" content=\"2 minuty\" \/>\n<script type=\"application\/ld+json\" class=\"yoast-schema-graph\">{\"@context\":\"https:\/\/schema.org\",\"@graph\":[{\"@type\":\"WebPage\",\"@id\":\"https:\/\/qqpets.com\/product\/qr-code-adjustable-dog-harness\/\",\"url\":\"https:\/\/qqpets.com\/product\/qr-code-adjustable-dog-harness\/\",\"name\":\"QR Code Adjustable Dog Harness | QQPETS\",\"isPartOf\":{\"@id\":\"https:\/\/qqpets.com\/#website\"},\"primaryImageOfPage\":{\"@id\":\"https:\/\/qqpets.com\/product\/qr-code-adjustable-dog-harness\/#primaryimage\"},\"image\":{\"@id\":\"https:\/\/qqpets.com\/product\/qr-code-adjustable-dog-harness\/#primaryimage\"},\"thumbnailUrl\":\"https:\/\/qqpets.com\/wp-content\/uploads\/2024\/09\/QR-Code-Adjustable-Dog-Harness2.webp\",\"datePublished\":\"2024-09-24T07:55:57+00:00\",\"dateModified\":\"2024-09-24T07:58:32+00:00\",\"description\":\"Secure and stylish QR Code Adjustable Dog Harness. Easy identification with a smart QR tag. Perfect fit!\",\"breadcrumb\":{\"@id\":\"https:\/\/qqpets.com\/product\/qr-code-adjustable-dog-harness\/#breadcrumb\"},\"inLanguage\":\"cs\",\"potentialAction\":[{\"@type\":\"ReadAction\",\"target\":[\"https:\/\/qqpets.com\/product\/qr-code-adjustable-dog-harness\/\"]}]},{\"@type\":\"ImageObject\",\"inLanguage\":\"cs\",\"@id\":\"https:\/\/qqpets.com\/product\/qr-code-adjustable-dog-harness\/#primaryimage\",\"url\":\"https:\/\/qqpets.com\/wp-content\/uploads\/2024\/09\/QR-Code-Adjustable-Dog-Harness2.webp\",\"contentUrl\":\"https:\/\/qqpets.com\/wp-content\/uploads\/2024\/09\/QR-Code-Adjustable-Dog-Harness2.webp\",\"width\":1000,\"height\":1000},{\"@type\":\"BreadcrumbList\",\"@id\":\"https:\/\/qqpets.com\/product\/qr-code-adjustable-dog-harness\/#breadcrumb\",\"itemListElement\":[{\"@type\":\"ListItem\",\"position\":1,\"name\":\"Home\",\"item\":\"https:\/\/qqpets.com\/\"},{\"@type\":\"ListItem\",\"position\":2,\"name\":\"Products\",\"item\":\"https:\/\/qqpets.com\/pet-products-manufacturer\/\"},{\"@type\":\"ListItem\",\"position\":3,\"name\":\"QR Code Adjustable Dog Harness\"}]},{\"@type\":\"WebSite\",\"@id\":\"https:\/\/qqpets.com\/#website\",\"url\":\"https:\/\/qqpets.com\/\",\"name\":\"QQPETS\",\"description\":\"QQPETS is a pet products factory for dog harnesses, dog collars, dog leashes and dog accessories with professional customized service since 2005.\",\"publisher\":{\"@id\":\"https:\/\/qqpets.com\/#organization\"},\"potentialAction\":[{\"@type\":\"SearchAction\",\"target\":{\"@type\":\"EntryPoint\",\"urlTemplate\":\"https:\/\/qqpets.com\/?s={search_term_string}\"},\"query-input\":{\"@type\":\"PropertyValueSpecification\",\"valueRequired\":true,\"valueName\":\"search_term_string\"}}],\"inLanguage\":\"cs\"},{\"@type\":\"Organization\",\"@id\":\"https:\/\/qqpets.com\/#organization\",\"name\":\"QQPETS\",\"url\":\"https:\/\/qqpets.com\/\",\"logo\":{\"@type\":\"ImageObject\",\"inLanguage\":\"cs\",\"@id\":\"https:\/\/qqpets.com\/#\/schema\/logo\/image\/\",\"url\":\"https:\/\/qqpets.com\/wp-content\/uploads\/2023\/09\/cropped-cropped-qqpets-tiktok.jpg\",\"contentUrl\":\"https:\/\/qqpets.com\/wp-content\/uploads\/2023\/09\/cropped-cropped-qqpets-tiktok.jpg\",\"width\":511,\"height\":511,\"caption\":\"QQPETS\"},\"image\":{\"@id\":\"https:\/\/qqpets.com\/#\/schema\/logo\/image\/\"},\"sameAs\":[\"https:\/\/www.facebook.com\/QQpetsdogcollars\",\"https:\/\/www.instagram.com\/qqpetscollar\/\",\"https:\/\/www.pinterest.com\/qqpetsdogcollarsfactory\/\"]}]}<\/script>\n<!-- \/ Yoast SEO plugin. -->","yoast_head_json":{"title":"Nastaviteln\u00fd postroj pro psy s QR k\u00f3dem | QQPETS","description":"Bezpe\u010dn\u00fd a stylov\u00fd postroj pro psy s nastaviteln\u00fdm QR k\u00f3dem. Snadn\u00e1 identifikace pomoc\u00ed chytr\u00e9ho QR \u0161t\u00edtku. Perfektn\u011b sed\u00ed!","robots":{"index":"index","follow":"follow","max-snippet":"max-snippet:-1","max-image-preview":"max-image-preview:large","max-video-preview":"max-video-preview:-1"},"canonical":"https:\/\/qqpets.com\/cs\/produkt\/qr-code-adjustable-dog-harness\/","og_locale":"cs_CZ","og_type":"article","og_title":"QR Code Adjustable Dog Harness | QQPETS","og_description":"Secure and stylish QR Code Adjustable Dog Harness. Easy identification with a smart QR tag. Perfect fit!","og_url":"https:\/\/qqpets.com\/cs\/produkt\/qr-code-adjustable-dog-harness\/","og_site_name":"QQPETS","article_publisher":"https:\/\/www.facebook.com\/QQpetsdogcollars","article_modified_time":"2024-09-24T07:58:32+00:00","og_image":[{"width":1000,"height":1000,"url":"https:\/\/qqpets.com\/wp-content\/uploads\/2024\/09\/QR-Code-Adjustable-Dog-Harness2.webp","type":"image\/webp"}],"twitter_card":"summary_large_image","twitter_misc":{"Odhadovan\u00e1 doba \u010dten\u00ed":"2 minuty"},"schema":{"@context":"https:\/\/schema.org","@graph":[{"@type":"WebPage","@id":"https:\/\/qqpets.com\/product\/qr-code-adjustable-dog-harness\/","url":"https:\/\/qqpets.com\/product\/qr-code-adjustable-dog-harness\/","name":"Nastaviteln\u00fd postroj pro psy s QR k\u00f3dem | QQPETS","isPartOf":{"@id":"https:\/\/qqpets.com\/#website"},"primaryImageOfPage":{"@id":"https:\/\/qqpets.com\/product\/qr-code-adjustable-dog-harness\/#primaryimage"},"image":{"@id":"https:\/\/qqpets.com\/product\/qr-code-adjustable-dog-harness\/#primaryimage"},"thumbnailUrl":"https:\/\/qqpets.com\/wp-content\/uploads\/2024\/09\/QR-Code-Adjustable-Dog-Harness2.webp","datePublished":"2024-09-24T07:55:57+00:00","dateModified":"2024-09-24T07:58:32+00:00","description":"Bezpe\u010dn\u00fd a stylov\u00fd postroj pro psy s nastaviteln\u00fdm QR k\u00f3dem. Snadn\u00e1 identifikace pomoc\u00ed chytr\u00e9ho QR \u0161t\u00edtku. Perfektn\u011b sed\u00ed!","breadcrumb":{"@id":"https:\/\/qqpets.com\/product\/qr-code-adjustable-dog-harness\/#breadcrumb"},"inLanguage":"cs","potentialAction":[{"@type":"ReadAction","target":["https:\/\/qqpets.com\/product\/qr-code-adjustable-dog-harness\/"]}]},{"@type":"ImageObject","inLanguage":"cs","@id":"https:\/\/qqpets.com\/product\/qr-code-adjustable-dog-harness\/#primaryimage","url":"https:\/\/qqpets.com\/wp-content\/uploads\/2024\/09\/QR-Code-Adjustable-Dog-Harness2.webp","contentUrl":"https:\/\/qqpets.com\/wp-content\/uploads\/2024\/09\/QR-Code-Adjustable-Dog-Harness2.webp","width":1000,"height":1000},{"@type":"BreadcrumbList","@id":"https:\/\/qqpets.com\/product\/qr-code-adjustable-dog-harness\/#breadcrumb","itemListElement":[{"@type":"ListItem","position":1,"name":"Home","item":"https:\/\/qqpets.com\/"},{"@type":"ListItem","position":2,"name":"Products","item":"https:\/\/qqpets.com\/pet-products-manufacturer\/"},{"@type":"ListItem","position":3,"name":"QR Code Adjustable Dog Harness"}]},{"@type":"WebSite","@id":"https:\/\/qqpets.com\/#website","url":"https:\/\/qqpets.com\/","name":"QQPETS","description":"QQPETS je tov\u00e1rna na v\u00fdrobky pro dom\u00e1c\u00ed mazl\u00ed\u010dky pro ps\u00ed postroje, obojky, vod\u00edtka a dopl\u0148ky pro psy s profesion\u00e1ln\u00edmi slu\u017ebami na m\u00edru od roku 2005.","publisher":{"@id":"https:\/\/qqpets.com\/#organization"},"potentialAction":[{"@type":"SearchAction","target":{"@type":"EntryPoint","urlTemplate":"https:\/\/qqpets.com\/?s={search_term_string}"},"query-input":{"@type":"PropertyValueSpecification","valueRequired":true,"valueName":"search_term_string"}}],"inLanguage":"cs"},{"@type":"Organization","@id":"https:\/\/qqpets.com\/#organization","name":"QQPETS","url":"https:\/\/qqpets.com\/","logo":{"@type":"ImageObject","inLanguage":"cs","@id":"https:\/\/qqpets.com\/#\/schema\/logo\/image\/","url":"https:\/\/qqpets.com\/wp-content\/uploads\/2023\/09\/cropped-cropped-qqpets-tiktok.jpg","contentUrl":"https:\/\/qqpets.com\/wp-content\/uploads\/2023\/09\/cropped-cropped-qqpets-tiktok.jpg","width":511,"height":511,"caption":"QQPETS"},"image":{"@id":"https:\/\/qqpets.com\/#\/schema\/logo\/image\/"},"sameAs":["https:\/\/www.facebook.com\/QQpetsdogcollars","https:\/\/www.instagram.com\/qqpetscollar\/","https:\/\/www.pinterest.com\/qqpetsdogcollarsfactory\/"]}]}},"_links":{"self":[{"href":"https:\/\/qqpets.com\/cs\/wp-json\/wp\/v2\/product\/8219","targetHints":{"allow":["GET"]}}],"collection":[{"href":"https:\/\/qqpets.com\/cs\/wp-json\/wp\/v2\/product"}],"about":[{"href":"https:\/\/qqpets.com\/cs\/wp-json\/wp\/v2\/types\/product"}],"wp:featuredmedia":[{"embeddable":true,"href":"https:\/\/qqpets.com\/cs\/wp-json\/wp\/v2\/media\/8210"}],"wp:attachment":[{"href":"https:\/\/qqpets.com\/cs\/wp-json\/wp\/v2\/media?parent=8219"}],"wp:term":[{"taxonomy":"product_brand","embeddable":true,"href":"https:\/\/qqpets.com\/cs\/wp-json\/wp\/v2\/product_brand?post=8219"},{"taxonomy":"product_cat","embeddable":true,"href":"https:\/\/qqpets.com\/cs\/wp-json\/wp\/v2\/product_cat?post=8219"},{"taxonomy":"product_tag","embeddable":true,"href":"https:\/\/qqpets.com\/cs\/wp-json\/wp\/v2\/product_tag?post=8219"}],"curies":[{"name":"wp","href":"https:\/\/api.w.org\/{rel}","templated":true}]}}