{"id":8416,"date":"2024-09-30T11:31:44","date_gmt":"2024-09-30T03:31:44","guid":{"rendered":"https:\/\/qqpets.com\/?post_type=product&#038;p=8416"},"modified":"2024-09-30T11:31:44","modified_gmt":"2024-09-30T03:31:44","slug":"dog-leash-car-seat-belt","status":"publish","type":"product","link":"https:\/\/qqpets.com\/cs\/produkt\/dog-leash-car-seat-belt\/","title":{"rendered":"Vod\u00edtko pro psa Bezpe\u010dnostn\u00ed p\u00e1s do auta"},"content":{"rendered":"<p>P\u0159edstavujeme v\u00e1m bezpe\u010dnostn\u00ed p\u00e1s do auta s vod\u00edtkem pro psy - dokonal\u00e9 \u0159e\u0161en\u00ed pro bezpe\u010dnost dom\u00e1c\u00edch mazl\u00ed\u010dk\u016f b\u011bhem j\u00edzdy. Tento speci\u00e1ln\u011b navr\u017een\u00fd bezpe\u010dnostn\u00ed p\u00e1s do auta pro psy zajist\u00ed, \u017ee v\u00e1\u0161 chlupat\u00fd p\u0159\u00edtel bude b\u011bhem j\u00edzdy bezpe\u010dn\u011b p\u0159ipout\u00e1n, a sn\u00ed\u017e\u00ed tak riziko zran\u011bn\u00ed p\u0159i n\u00e1hl\u00e9m zastaven\u00ed nebo nehod\u011b.<\/p>\n<p><strong>Kl\u00ed\u010dov\u00e9 vlastnosti:<\/strong><\/p>\n<ul>\n<li><strong>Univerz\u00e1ln\u00ed pou\u017eit\u00ed:<\/strong> Tento bezpe\u010dnostn\u00ed p\u00e1s je kompatibiln\u00ed se syst\u00e9my bezpe\u010dnostn\u00edch p\u00e1s\u016f v\u011bt\u0161iny vozidel a je vybaven univerz\u00e1ln\u00ed sponou, kter\u00e1 bezpe\u010dn\u011b zapad\u00e1 do z\u00e1mk\u016f bezpe\u010dnostn\u00edch p\u00e1s\u016f.<\/li>\n<li><strong>Nastaviteln\u00e1 d\u00e9lka:<\/strong> D\u00e9lku bezpe\u010dnostn\u00edho p\u00e1su snadno nastav\u00edte tak, aby v\u00e1\u0161 mazl\u00ed\u010dek mohl v autoseda\u010dce pohodln\u011b sed\u011bt, le\u017eet nebo st\u00e1t.<\/li>\n<li><strong>Vysoce kvalitn\u00ed materi\u00e1l:<\/strong> Toto vod\u00edtko je vyrobeno z odoln\u00e9 nylonov\u00e9 tkaniny a je konstruov\u00e1no tak, aby zvl\u00e1dlo z\u00e1t\u011b\u017e a nap\u011bt\u00ed p\u0159i pou\u017e\u00edv\u00e1n\u00ed s aktivn\u00edmi dom\u00e1c\u00edmi mazl\u00ed\u010dky. Je tak\u00e9 odoln\u00e9 v\u016f\u010di pov\u011btrnostn\u00edm vliv\u016fm, tak\u017ee je vhodn\u00e9 do v\u0161ech podm\u00ednek.<\/li>\n<li><strong>Bezpe\u010dn\u00e9 p\u0159ipevn\u011bn\u00ed:<\/strong> Vod\u00edtko je vybaveno robustn\u00ed kovovou sponou a klipem, d\u00edky \u010demu\u017e z\u016fst\u00e1v\u00e1 bezpe\u010dn\u011b p\u0159ipevn\u011bno k postroji nebo obojku va\u0161eho dom\u00e1c\u00edho mazl\u00ed\u010dka a zaji\u0161\u0165uje pevnou a spolehlivou kontrolu ve vozidle.<\/li>\n<li><strong>Snadn\u00e9 pou\u017eit\u00ed a v\u0161estrannost:<\/strong> Rychle se odep\u00edn\u00e1 a p\u0159ip\u00edn\u00e1 a slou\u017e\u00ed jako b\u011b\u017en\u00e9 vod\u00edtko na proch\u00e1zky, tak\u017ee je ide\u00e1ln\u00ed na cesty.<\/li>\n<\/ul>\n<p>P\u00e1s do auta s vod\u00edtkem pro psy je navr\u017een nejen pro bezpe\u010dnost, ale tak\u00e9 pro pohodl\u00ed va\u0161eho mazl\u00ed\u010dka. A\u0165 u\u017e se chyst\u00e1te na kr\u00e1tkou cestu do parku, nebo na dlouhou cestu, tento bezpe\u010dnostn\u00ed p\u00e1s v\u00e1m usnadn\u00ed, zklidn\u00ed a zp\u0159\u00edjemn\u00ed cestov\u00e1n\u00ed s va\u0161\u00edm mazl\u00ed\u010dkem. Vybavte sv\u00e9 auto t\u00edmto nezbytn\u00fdm cestovn\u00edm dopl\u0148kem pro dom\u00e1c\u00ed mazl\u00ed\u010dky a u\u017e\u00edvejte si klidn\u00e9 a bezpe\u010dn\u00e9 cesty se sv\u00fdm nejlep\u0161\u00edm p\u0159\u00edtelem.<\/p>\n<h5><strong>Opravdu funguj\u00ed bezpe\u010dnostn\u00ed p\u00e1sy pro psy?<\/strong><\/h5>\n<p>Ano, bezpe\u010dnostn\u00ed p\u00e1sy pro psy mohou \u00fa\u010dinn\u011b sn\u00ed\u017eit riziko zran\u011bn\u00ed psa p\u0159i dopravn\u00ed nehod\u011b nebo n\u00e1hl\u00e9m zastaven\u00ed, proto\u017ee ho udr\u017euj\u00ed v z\u00e1dr\u017en\u00e9m syst\u00e9mu a omezuj\u00ed jeho pohyb ve vozidle.<\/p>\n<h5><strong>Maj\u00ed psi nosit bezpe\u010dnostn\u00ed p\u00e1sy?<\/strong><\/h5>\n<p>A\u010dkoli to nen\u00ed v\u0161ude povinn\u00e9, pro bezpe\u010dnost ps\u016f i cestuj\u00edc\u00edch se doporu\u010duje, aby se p\u0159i j\u00edzd\u011b autem p\u0159ipoutali bezpe\u010dnostn\u00edmi p\u00e1sy. V n\u011bkter\u00fdch oblastech plat\u00ed z\u00e1kony, kter\u00e9 vy\u017eaduj\u00ed, aby byla zv\u00ed\u0159ata ve vozidle p\u0159ipout\u00e1na.<\/p>\n<h5><strong>Jak\u00fd je nejlep\u0161\u00ed bezpe\u010dnostn\u00ed p\u00e1s do auta pro psy?<\/strong><\/h5>\n<p>Nejlep\u0161\u00ed bezpe\u010dnostn\u00ed p\u00e1s pro psy je takov\u00fd, kter\u00fd je testov\u00e1n p\u0159i n\u00e1razu a certifikov\u00e1n renomovanou organizac\u00ed. Hledejte nastaviteln\u00e9 a odoln\u00e9 bezpe\u010dnostn\u00ed p\u00e1sy, kter\u00e9 lze p\u0159ipevnit k postroji psa (nikoli k obojku) a bezpe\u010dn\u011b zajistit k syst\u00e9mu bezpe\u010dnostn\u00edch p\u00e1s\u016f vozidla.<\/p>\n<h5><strong>Jak pou\u017e\u00edvat bezpe\u010dnostn\u00ed p\u00e1sy pro psa?<\/strong><\/h5>\n<p>P\u0159ipevn\u011bte klip bezpe\u010dnostn\u00edho p\u00e1su k postroji psa (nikdy ne k obojku kv\u016fli riziku poran\u011bn\u00ed krku). Pot\u00e9 jej p\u0159ipn\u011bte do syst\u00e9mu bezpe\u010dnostn\u00edch p\u00e1s\u016f v aut\u011b. Ujist\u011bte se, \u017ee je p\u00e1s dostate\u010dn\u011b t\u011bsn\u00fd, aby zabr\u00e1nil nadm\u011brn\u00e9mu pohybu, ale z\u00e1rove\u0148 umo\u017enil psovi pohodln\u011b sed\u011bt nebo le\u017eet. Podle pot\u0159eby jej upravte, aby v\u00e1m dob\u0159e sed\u011bl a byl pohodln\u00fd.<\/p>","protected":false},"excerpt":{"rendered":"<p>Cestujte bezpe\u010dn\u011b se sv\u00fdm dom\u00e1c\u00edm mazl\u00ed\u010dkem pomoc\u00ed na\u0161eho bezpe\u010dnostn\u00edho p\u00e1su do auta s vod\u00edtkem pro psy. Tento bezpe\u010dnostn\u00ed p\u00e1s je navr\u017een s ohledem na odolnost a bezpe\u010dnost a bezpe\u010dn\u011b se p\u0159ipev\u0148uje ke klipu bezpe\u010dnostn\u00edho p\u00e1su va\u0161eho vozidla. Je vybaven nastavitelnou d\u00e9lkou, kter\u00e1 se p\u0159izp\u016fsob\u00ed r\u016fzn\u00fdm velikostem ps\u016f a vozidel a zajist\u00ed, \u017ee v\u00e1\u0161 mazl\u00ed\u010dek z\u016fstane bezpe\u010dn\u011b na m\u00edst\u011b. Pevn\u00fd syst\u00e9m klipu a p\u0159ezky zabra\u0148uje vysko\u010den\u00ed va\u0161eho mazl\u00ed\u010dka, tak\u017ee ka\u017ed\u00e1 cesta bude bez starost\u00ed. Ide\u00e1ln\u00ed pro v\u0161echna plemena a velikosti ps\u016f.<\/p>","protected":false},"featured_media":8417,"template":"","meta":[],"product_brand":[],"product_cat":[27],"product_tag":[],"class_list":{"0":"post-8416","1":"product","2":"type-product","3":"status-publish","4":"has-post-thumbnail","6":"product_cat-dog-leash","7":"pa_brand-qqpets","9":"first","10":"instock","11":"shipping-taxable","12":"product-type-simple"},"yoast_head":"<!-- This site is optimized with the Yoast SEO plugin v26.6 - https:\/\/yoast.com\/wordpress\/plugins\/seo\/ -->\n<title>Dog Leash Car Seat Belt | QQPETS<\/title>\n<meta name=\"description\" content=\"Ensure your pet\u2019s safety on the road with our durable Dog Leash Car Seat Belt. Adjustable and secure!\" \/>\n<meta name=\"robots\" content=\"index, follow, max-snippet:-1, max-image-preview:large, max-video-preview:-1\" \/>\n<link rel=\"canonical\" href=\"https:\/\/qqpets.com\/cs\/produkt\/dog-leash-car-seat-belt\/\" \/>\n<meta property=\"og:locale\" content=\"cs_CZ\" \/>\n<meta property=\"og:type\" content=\"article\" \/>\n<meta property=\"og:title\" content=\"Dog Leash Car Seat Belt | QQPETS\" \/>\n<meta property=\"og:description\" content=\"Ensure your pet\u2019s safety on the road with our durable Dog Leash Car Seat Belt. Adjustable and secure!\" \/>\n<meta property=\"og:url\" content=\"https:\/\/qqpets.com\/cs\/produkt\/dog-leash-car-seat-belt\/\" \/>\n<meta property=\"og:site_name\" content=\"QQPETS\" \/>\n<meta property=\"article:publisher\" content=\"https:\/\/www.facebook.com\/QQpetsdogcollars\" \/>\n<meta property=\"og:image\" content=\"https:\/\/qqpets.com\/wp-content\/uploads\/2024\/09\/Car-Seat-Belt.webp\" \/>\n\t<meta property=\"og:image:width\" content=\"1486\" \/>\n\t<meta property=\"og:image:height\" content=\"1500\" \/>\n\t<meta property=\"og:image:type\" content=\"image\/webp\" \/>\n<meta name=\"twitter:card\" content=\"summary_large_image\" \/>\n<meta name=\"twitter:label1\" content=\"Odhadovan\u00e1 doba \u010dten\u00ed\" \/>\n\t<meta name=\"twitter:data1\" content=\"3 minuty\" \/>\n<script type=\"application\/ld+json\" class=\"yoast-schema-graph\">{\"@context\":\"https:\/\/schema.org\",\"@graph\":[{\"@type\":\"WebPage\",\"@id\":\"https:\/\/qqpets.com\/product\/dog-leash-car-seat-belt\/\",\"url\":\"https:\/\/qqpets.com\/product\/dog-leash-car-seat-belt\/\",\"name\":\"Dog Leash Car Seat Belt | QQPETS\",\"isPartOf\":{\"@id\":\"https:\/\/qqpets.com\/#website\"},\"primaryImageOfPage\":{\"@id\":\"https:\/\/qqpets.com\/product\/dog-leash-car-seat-belt\/#primaryimage\"},\"image\":{\"@id\":\"https:\/\/qqpets.com\/product\/dog-leash-car-seat-belt\/#primaryimage\"},\"thumbnailUrl\":\"https:\/\/qqpets.com\/wp-content\/uploads\/2024\/09\/Car-Seat-Belt.webp\",\"datePublished\":\"2024-09-30T03:31:44+00:00\",\"description\":\"Ensure your pet\u2019s safety on the road with our durable Dog Leash Car Seat Belt. Adjustable and secure!\",\"breadcrumb\":{\"@id\":\"https:\/\/qqpets.com\/product\/dog-leash-car-seat-belt\/#breadcrumb\"},\"inLanguage\":\"cs\",\"potentialAction\":[{\"@type\":\"ReadAction\",\"target\":[\"https:\/\/qqpets.com\/product\/dog-leash-car-seat-belt\/\"]}]},{\"@type\":\"ImageObject\",\"inLanguage\":\"cs\",\"@id\":\"https:\/\/qqpets.com\/product\/dog-leash-car-seat-belt\/#primaryimage\",\"url\":\"https:\/\/qqpets.com\/wp-content\/uploads\/2024\/09\/Car-Seat-Belt.webp\",\"contentUrl\":\"https:\/\/qqpets.com\/wp-content\/uploads\/2024\/09\/Car-Seat-Belt.webp\",\"width\":1486,\"height\":1500},{\"@type\":\"BreadcrumbList\",\"@id\":\"https:\/\/qqpets.com\/product\/dog-leash-car-seat-belt\/#breadcrumb\",\"itemListElement\":[{\"@type\":\"ListItem\",\"position\":1,\"name\":\"Home\",\"item\":\"https:\/\/qqpets.com\/\"},{\"@type\":\"ListItem\",\"position\":2,\"name\":\"Products\",\"item\":\"https:\/\/qqpets.com\/pet-products-manufacturer\/\"},{\"@type\":\"ListItem\",\"position\":3,\"name\":\"Dog Leash Car Seat Belt\"}]},{\"@type\":\"WebSite\",\"@id\":\"https:\/\/qqpets.com\/#website\",\"url\":\"https:\/\/qqpets.com\/\",\"name\":\"QQPETS\",\"description\":\"QQPETS is a pet products factory for dog harnesses, dog collars, dog leashes and dog accessories with professional customized service since 2005.\",\"publisher\":{\"@id\":\"https:\/\/qqpets.com\/#organization\"},\"potentialAction\":[{\"@type\":\"SearchAction\",\"target\":{\"@type\":\"EntryPoint\",\"urlTemplate\":\"https:\/\/qqpets.com\/?s={search_term_string}\"},\"query-input\":{\"@type\":\"PropertyValueSpecification\",\"valueRequired\":true,\"valueName\":\"search_term_string\"}}],\"inLanguage\":\"cs\"},{\"@type\":\"Organization\",\"@id\":\"https:\/\/qqpets.com\/#organization\",\"name\":\"QQPETS\",\"url\":\"https:\/\/qqpets.com\/\",\"logo\":{\"@type\":\"ImageObject\",\"inLanguage\":\"cs\",\"@id\":\"https:\/\/qqpets.com\/#\/schema\/logo\/image\/\",\"url\":\"https:\/\/qqpets.com\/wp-content\/uploads\/2023\/09\/cropped-cropped-qqpets-tiktok.jpg\",\"contentUrl\":\"https:\/\/qqpets.com\/wp-content\/uploads\/2023\/09\/cropped-cropped-qqpets-tiktok.jpg\",\"width\":511,\"height\":511,\"caption\":\"QQPETS\"},\"image\":{\"@id\":\"https:\/\/qqpets.com\/#\/schema\/logo\/image\/\"},\"sameAs\":[\"https:\/\/www.facebook.com\/QQpetsdogcollars\",\"https:\/\/www.instagram.com\/qqpetscollar\/\",\"https:\/\/www.pinterest.com\/qqpetsdogcollarsfactory\/\"]}]}<\/script>\n<!-- \/ Yoast SEO plugin. -->","yoast_head_json":{"title":"Vod\u00edtko pro psy Bezpe\u010dnostn\u00ed p\u00e1s do auta | QQPETS","description":"Zajist\u011bte bezpe\u010dnost sv\u00e9ho dom\u00e1c\u00edho mazl\u00ed\u010dka na cest\u00e1ch s na\u0161\u00edm odoln\u00fdm vod\u00edtkem pro psy a bezpe\u010dnostn\u00edm p\u00e1sem do auta. Nastaviteln\u00fd a bezpe\u010dn\u00fd!","robots":{"index":"index","follow":"follow","max-snippet":"max-snippet:-1","max-image-preview":"max-image-preview:large","max-video-preview":"max-video-preview:-1"},"canonical":"https:\/\/qqpets.com\/cs\/produkt\/dog-leash-car-seat-belt\/","og_locale":"cs_CZ","og_type":"article","og_title":"Dog Leash Car Seat Belt | QQPETS","og_description":"Ensure your pet\u2019s safety on the road with our durable Dog Leash Car Seat Belt. Adjustable and secure!","og_url":"https:\/\/qqpets.com\/cs\/produkt\/dog-leash-car-seat-belt\/","og_site_name":"QQPETS","article_publisher":"https:\/\/www.facebook.com\/QQpetsdogcollars","og_image":[{"width":1486,"height":1500,"url":"https:\/\/qqpets.com\/wp-content\/uploads\/2024\/09\/Car-Seat-Belt.webp","type":"image\/webp"}],"twitter_card":"summary_large_image","twitter_misc":{"Odhadovan\u00e1 doba \u010dten\u00ed":"3 minuty"},"schema":{"@context":"https:\/\/schema.org","@graph":[{"@type":"WebPage","@id":"https:\/\/qqpets.com\/product\/dog-leash-car-seat-belt\/","url":"https:\/\/qqpets.com\/product\/dog-leash-car-seat-belt\/","name":"Vod\u00edtko pro psy Bezpe\u010dnostn\u00ed p\u00e1s do auta | QQPETS","isPartOf":{"@id":"https:\/\/qqpets.com\/#website"},"primaryImageOfPage":{"@id":"https:\/\/qqpets.com\/product\/dog-leash-car-seat-belt\/#primaryimage"},"image":{"@id":"https:\/\/qqpets.com\/product\/dog-leash-car-seat-belt\/#primaryimage"},"thumbnailUrl":"https:\/\/qqpets.com\/wp-content\/uploads\/2024\/09\/Car-Seat-Belt.webp","datePublished":"2024-09-30T03:31:44+00:00","description":"Zajist\u011bte bezpe\u010dnost sv\u00e9ho dom\u00e1c\u00edho mazl\u00ed\u010dka na cest\u00e1ch s na\u0161\u00edm odoln\u00fdm vod\u00edtkem pro psy a bezpe\u010dnostn\u00edm p\u00e1sem do auta. Nastaviteln\u00fd a bezpe\u010dn\u00fd!","breadcrumb":{"@id":"https:\/\/qqpets.com\/product\/dog-leash-car-seat-belt\/#breadcrumb"},"inLanguage":"cs","potentialAction":[{"@type":"ReadAction","target":["https:\/\/qqpets.com\/product\/dog-leash-car-seat-belt\/"]}]},{"@type":"ImageObject","inLanguage":"cs","@id":"https:\/\/qqpets.com\/product\/dog-leash-car-seat-belt\/#primaryimage","url":"https:\/\/qqpets.com\/wp-content\/uploads\/2024\/09\/Car-Seat-Belt.webp","contentUrl":"https:\/\/qqpets.com\/wp-content\/uploads\/2024\/09\/Car-Seat-Belt.webp","width":1486,"height":1500},{"@type":"BreadcrumbList","@id":"https:\/\/qqpets.com\/product\/dog-leash-car-seat-belt\/#breadcrumb","itemListElement":[{"@type":"ListItem","position":1,"name":"Home","item":"https:\/\/qqpets.com\/"},{"@type":"ListItem","position":2,"name":"Products","item":"https:\/\/qqpets.com\/pet-products-manufacturer\/"},{"@type":"ListItem","position":3,"name":"Dog Leash Car Seat Belt"}]},{"@type":"WebSite","@id":"https:\/\/qqpets.com\/#website","url":"https:\/\/qqpets.com\/","name":"QQPETS","description":"QQPETS je tov\u00e1rna na v\u00fdrobky pro dom\u00e1c\u00ed mazl\u00ed\u010dky pro ps\u00ed postroje, obojky, vod\u00edtka a dopl\u0148ky pro psy s profesion\u00e1ln\u00edmi slu\u017ebami na m\u00edru od roku 2005.","publisher":{"@id":"https:\/\/qqpets.com\/#organization"},"potentialAction":[{"@type":"SearchAction","target":{"@type":"EntryPoint","urlTemplate":"https:\/\/qqpets.com\/?s={search_term_string}"},"query-input":{"@type":"PropertyValueSpecification","valueRequired":true,"valueName":"search_term_string"}}],"inLanguage":"cs"},{"@type":"Organization","@id":"https:\/\/qqpets.com\/#organization","name":"QQPETS","url":"https:\/\/qqpets.com\/","logo":{"@type":"ImageObject","inLanguage":"cs","@id":"https:\/\/qqpets.com\/#\/schema\/logo\/image\/","url":"https:\/\/qqpets.com\/wp-content\/uploads\/2023\/09\/cropped-cropped-qqpets-tiktok.jpg","contentUrl":"https:\/\/qqpets.com\/wp-content\/uploads\/2023\/09\/cropped-cropped-qqpets-tiktok.jpg","width":511,"height":511,"caption":"QQPETS"},"image":{"@id":"https:\/\/qqpets.com\/#\/schema\/logo\/image\/"},"sameAs":["https:\/\/www.facebook.com\/QQpetsdogcollars","https:\/\/www.instagram.com\/qqpetscollar\/","https:\/\/www.pinterest.com\/qqpetsdogcollarsfactory\/"]}]}},"_links":{"self":[{"href":"https:\/\/qqpets.com\/cs\/wp-json\/wp\/v2\/product\/8416","targetHints":{"allow":["GET"]}}],"collection":[{"href":"https:\/\/qqpets.com\/cs\/wp-json\/wp\/v2\/product"}],"about":[{"href":"https:\/\/qqpets.com\/cs\/wp-json\/wp\/v2\/types\/product"}],"wp:featuredmedia":[{"embeddable":true,"href":"https:\/\/qqpets.com\/cs\/wp-json\/wp\/v2\/media\/8417"}],"wp:attachment":[{"href":"https:\/\/qqpets.com\/cs\/wp-json\/wp\/v2\/media?parent=8416"}],"wp:term":[{"taxonomy":"product_brand","embeddable":true,"href":"https:\/\/qqpets.com\/cs\/wp-json\/wp\/v2\/product_brand?post=8416"},{"taxonomy":"product_cat","embeddable":true,"href":"https:\/\/qqpets.com\/cs\/wp-json\/wp\/v2\/product_cat?post=8416"},{"taxonomy":"product_tag","embeddable":true,"href":"https:\/\/qqpets.com\/cs\/wp-json\/wp\/v2\/product_tag?post=8416"}],"curies":[{"name":"wp","href":"https:\/\/api.w.org\/{rel}","templated":true}]}}