{"id":8425,"date":"2024-09-30T12:01:12","date_gmt":"2024-09-30T04:01:12","guid":{"rendered":"https:\/\/qqpets.com\/?post_type=product&#038;p=8425"},"modified":"2024-09-30T12:01:12","modified_gmt":"2024-09-30T04:01:12","slug":"nylon-double-two-dog-leash-coupler","status":"publish","type":"product","link":"https:\/\/qqpets.com\/cs\/produkt\/nylon-double-two-dog-leash-coupler\/","title":{"rendered":"Nylonov\u00e9 dvojit\u00e9 vod\u00edtko pro dva psy"},"content":{"rendered":"<p>Objevte pohodl\u00ed p\u0159i ven\u010den\u00ed dvou ps\u016f sou\u010dasn\u011b s nylonov\u00fdm dvojit\u00fdm vod\u00edtkem pro dva psy. Tato spojka je speci\u00e1ln\u011b navr\u017eena pro majitele zv\u00ed\u0159at s v\u00edce psy a umo\u017e\u0148uje plynul\u00e9 a kontrolovan\u00e9 proch\u00e1zky bez nutnosti \u017eonglovat se dv\u011bma samostatn\u00fdmi vod\u00edtky.<\/p>\n<p><strong>Kl\u00ed\u010dov\u00e9 vlastnosti:<\/strong><\/p>\n<ul>\n<li><strong>Vysoce kvalitn\u00ed nylon:<\/strong> Toto vod\u00edtko je vyrobeno z prvot\u0159\u00eddn\u00edho nylonu, je odoln\u00e9 a lehk\u00e9 a je navr\u017eeno tak, aby vydr\u017eelo n\u00e1ro\u010dn\u00e9 zach\u00e1zen\u00ed se dv\u011bma psy najednou.<\/li>\n<li><strong>Nastaviteln\u00e1 d\u00e9lka:<\/strong> Ka\u017edou stranu vod\u00edtka lze nastavit samostatn\u011b, co\u017e umo\u017e\u0148uje p\u0159izp\u016fsobit vzd\u00e1lenost mezi va\u0161imi mazl\u00ed\u010dky podle jejich velikosti a n\u00e1vyk\u016f p\u0159i ch\u016fzi.<\/li>\n<li><strong>Siln\u00e9 oto\u010dn\u00e9 svorky:<\/strong> Tato spojka je vybavena robustn\u00edmi oto\u010dn\u00fdmi sponami a bezpe\u010dn\u011b se p\u0159ipev\u0148uje k obojk\u016fm nebo postroj\u016fm va\u0161ich ps\u016f, aby z\u016fstali bezpe\u010dn\u011b spojeni.<\/li>\n<li><strong>Design bez zamot\u00e1n\u00ed:<\/strong> Jedine\u010dn\u00e1 oto\u010dn\u00e1 konstrukce zabra\u0148uje zamot\u00e1n\u00ed vod\u00edtek, i kdy\u017e psi k\u0159\u00ed\u017e\u00ed cesty, a umo\u017e\u0148uje tak proch\u00e1zky bez stresu.<\/li>\n<li><strong>Pohodln\u00e1 manipulace:<\/strong> M\u00e1 hladkou strukturu, kter\u00e1 je p\u0159\u00edjemn\u00e1 na ruce i p\u0159i del\u0161\u00edch proch\u00e1zk\u00e1ch a zaji\u0161\u0165uje maxim\u00e1ln\u00ed pohodl\u00ed.<\/li>\n<\/ul>\n<p>A\u0165 u\u017e se proch\u00e1z\u00edte parkem nebo se pohybujete po ru\u0161n\u00fdch chodn\u00edc\u00edch, nylonov\u00e9 dvojit\u00e9 vod\u00edtko Coupler pro psy v\u00e1m usnadn\u00ed proch\u00e1zky a udr\u017e\u00ed va\u0161e dom\u00e1c\u00ed mazl\u00ed\u010dky bezpe\u010dn\u011b a pohodln\u011b po va\u0161em boku. Je ide\u00e1ln\u00ed pro v\u0161echna plemena a velikosti ps\u016f a p\u0159edstavuje nezbytnou pom\u016fcku pro majitele dom\u00e1c\u00edch mazl\u00ed\u010dk\u016f, kte\u0159\u00ed si cht\u011bj\u00ed u\u017e\u00edvat venku se sv\u00fdmi chlupat\u00fdmi \u010dleny rodiny.<\/p>\n<p><strong>Jsou dvojit\u00e1 vod\u00edtka pro psy dobr\u00e1?<\/strong><\/p>\n<p>Dvojit\u00e1 vod\u00edtka mohou b\u00fdt vhodn\u00e1 pro ven\u010den\u00ed dvou ps\u016f sou\u010dasn\u011b, proto\u017ee umo\u017e\u0148uj\u00ed lep\u0161\u00ed kontrolu a pohodl\u00ed ne\u017e dv\u011b samostatn\u00e1 vod\u00edtka. Nejl\u00e9pe v\u0161ak funguj\u00ed, pokud jsou psi podobn\u00e9 velikosti a temperamentu.<\/p>\n<p><strong>Pro\u010d lid\u00e9 pou\u017e\u00edvaj\u00ed u ps\u016f dv\u011b vod\u00edtka?<\/strong><\/p>\n<p>Lid\u00e9 pou\u017e\u00edvaj\u00ed u ps\u016f dv\u011b vod\u00edtka, aby m\u011bli lep\u0161\u00ed kontrolu nad ka\u017ed\u00fdm psem, zejm\u00e9na pokud maj\u00ed psi odli\u0161n\u00fd styl ch\u016fze nebo pokud je jeden z nich reaktivn\u011bj\u0161\u00ed ne\u017e druh\u00fd. Toto nastaven\u00ed pom\u00e1h\u00e1 efektivn\u011bji zvl\u00e1dat chov\u00e1n\u00ed ka\u017ed\u00e9ho psa b\u011bhem proch\u00e1zek.<\/p>\n<p><strong>M\u016f\u017eete m\u00edt na vod\u00edtku dva psy spole\u010dn\u011b?<\/strong><\/p>\n<p>Ano, dva psy m\u016f\u017eete vodit spole\u010dn\u011b pomoc\u00ed dvojit\u00e9ho vod\u00edtka pro psy, kter\u00e9 se z jedn\u00e9 rukojeti rozv\u011btv\u00ed na dv\u011b vod\u00edtka a umo\u017en\u00ed v\u00e1m ven\u010dit dva psy jednou rukou. Je d\u016fle\u017eit\u00e9, aby psi byli kompatibiln\u00ed z hlediska velikosti a chov\u00e1n\u00ed p\u0159i ch\u016fzi, aby nedoch\u00e1zelo k zamot\u00e1v\u00e1n\u00ed a tah\u00e1n\u00ed.<\/p>\n<p><strong>Jak pou\u017e\u00edvat dvojit\u00e9 vod\u00edtko pro psy?<\/strong><\/p>\n<p>P\u0159ipevn\u011bte ka\u017ed\u00fd klip na vod\u00edtko k postroji nebo obojku ka\u017ed\u00e9ho psa. P\u0159idr\u017ete jednu rukoje\u0165 a nechte vod\u00edtko rovnom\u011brn\u011b rozlo\u017eit mezi oba psy. Za\u010dn\u011bte s kr\u00e1tk\u00fdmi proch\u00e1zkami, aby si psi zvykli na spole\u010dnou ch\u016fzi a z\u00e1rove\u0148 m\u011bli dostatek prostoru pro pohodlnou ch\u016fzi, ani\u017e by si vz\u00e1jemn\u011b p\u0159ek\u00e1\u017eeli.<\/p>","protected":false},"excerpt":{"rendered":"<p>Toto nylonov\u00e9 dvojit\u00e9 vod\u00edtko je ide\u00e1ln\u00ed pro rodiny s v\u00edce dom\u00e1c\u00edmi mazl\u00ed\u010dky a umo\u017e\u0148uje efektivn\u00ed ven\u010den\u00ed dvou ps\u016f najednou. Je vyrobeno z vysoce pevn\u00e9ho nylonu, nab\u00edz\u00ed odolnost a flexibilitu a zaji\u0161\u0165uje pohodln\u00e9 ven\u010den\u00ed. Nastaviteln\u00e9 popruhy umo\u017e\u0148uj\u00ed p\u0159izp\u016fsobit d\u00e9lku pro ka\u017ed\u00e9ho psa, \u010d\u00edm\u017e zabra\u0148uj\u00ed zamot\u00e1n\u00ed a zaji\u0161\u0165uj\u00ed individu\u00e1ln\u00ed pohodl\u00ed. Jeho odoln\u00e9 oto\u010dn\u00e9 klipy zaji\u0161\u0165uj\u00ed bezpe\u010dn\u00e9 p\u0159ipevn\u011bn\u00ed k obojk\u016fm nebo postroj\u016fm va\u0161ich ps\u016f, tak\u017ee va\u0161e proch\u00e1zky budou bezprobl\u00e9mov\u00e9.<\/p>","protected":false},"featured_media":8426,"template":"","meta":[],"product_brand":[],"product_cat":[27],"product_tag":[],"class_list":{"0":"post-8425","1":"product","2":"type-product","3":"status-publish","4":"has-post-thumbnail","6":"product_cat-dog-leash","7":"pa_brand-qqpets","9":"first","10":"instock","11":"shipping-taxable","12":"product-type-simple"},"yoast_head":"<!-- This site is optimized with the Yoast SEO plugin v26.6 - https:\/\/yoast.com\/wordpress\/plugins\/seo\/ -->\n<title>Nylon Double Two Dog Leash Coupler | QQPETS<\/title>\n<meta name=\"description\" content=\"Walk two dogs simultaneously with ease using our durable Nylon Double Dog Leash Coupler. Ideal for multiple pet owners!\" \/>\n<meta name=\"robots\" content=\"index, follow, max-snippet:-1, max-image-preview:large, max-video-preview:-1\" \/>\n<link rel=\"canonical\" href=\"https:\/\/qqpets.com\/cs\/produkt\/nylon-double-two-dog-leash-coupler\/\" \/>\n<meta property=\"og:locale\" content=\"cs_CZ\" \/>\n<meta property=\"og:type\" content=\"article\" \/>\n<meta property=\"og:title\" content=\"Nylon Double Two Dog Leash Coupler | QQPETS\" \/>\n<meta property=\"og:description\" content=\"Walk two dogs simultaneously with ease using our durable Nylon Double Dog Leash Coupler. Ideal for multiple pet owners!\" \/>\n<meta property=\"og:url\" content=\"https:\/\/qqpets.com\/cs\/produkt\/nylon-double-two-dog-leash-coupler\/\" \/>\n<meta property=\"og:site_name\" content=\"QQPETS\" \/>\n<meta property=\"article:publisher\" content=\"https:\/\/www.facebook.com\/QQpetsdogcollars\" \/>\n<meta property=\"og:image\" content=\"https:\/\/qqpets.com\/wp-content\/uploads\/2024\/09\/two-dog-leash1.webp\" \/>\n\t<meta property=\"og:image:width\" content=\"500\" \/>\n\t<meta property=\"og:image:height\" content=\"500\" \/>\n\t<meta property=\"og:image:type\" content=\"image\/webp\" \/>\n<meta name=\"twitter:card\" content=\"summary_large_image\" \/>\n<meta name=\"twitter:label1\" content=\"Odhadovan\u00e1 doba \u010dten\u00ed\" \/>\n\t<meta name=\"twitter:data1\" content=\"3 minuty\" \/>\n<script type=\"application\/ld+json\" class=\"yoast-schema-graph\">{\"@context\":\"https:\/\/schema.org\",\"@graph\":[{\"@type\":\"WebPage\",\"@id\":\"https:\/\/qqpets.com\/product\/nylon-double-two-dog-leash-coupler\/\",\"url\":\"https:\/\/qqpets.com\/product\/nylon-double-two-dog-leash-coupler\/\",\"name\":\"Nylon Double Two Dog Leash Coupler | QQPETS\",\"isPartOf\":{\"@id\":\"https:\/\/qqpets.com\/#website\"},\"primaryImageOfPage\":{\"@id\":\"https:\/\/qqpets.com\/product\/nylon-double-two-dog-leash-coupler\/#primaryimage\"},\"image\":{\"@id\":\"https:\/\/qqpets.com\/product\/nylon-double-two-dog-leash-coupler\/#primaryimage\"},\"thumbnailUrl\":\"https:\/\/qqpets.com\/wp-content\/uploads\/2024\/09\/two-dog-leash1.webp\",\"datePublished\":\"2024-09-30T04:01:12+00:00\",\"description\":\"Walk two dogs simultaneously with ease using our durable Nylon Double Dog Leash Coupler. Ideal for multiple pet owners!\",\"breadcrumb\":{\"@id\":\"https:\/\/qqpets.com\/product\/nylon-double-two-dog-leash-coupler\/#breadcrumb\"},\"inLanguage\":\"cs\",\"potentialAction\":[{\"@type\":\"ReadAction\",\"target\":[\"https:\/\/qqpets.com\/product\/nylon-double-two-dog-leash-coupler\/\"]}]},{\"@type\":\"ImageObject\",\"inLanguage\":\"cs\",\"@id\":\"https:\/\/qqpets.com\/product\/nylon-double-two-dog-leash-coupler\/#primaryimage\",\"url\":\"https:\/\/qqpets.com\/wp-content\/uploads\/2024\/09\/two-dog-leash1.webp\",\"contentUrl\":\"https:\/\/qqpets.com\/wp-content\/uploads\/2024\/09\/two-dog-leash1.webp\",\"width\":500,\"height\":500},{\"@type\":\"BreadcrumbList\",\"@id\":\"https:\/\/qqpets.com\/product\/nylon-double-two-dog-leash-coupler\/#breadcrumb\",\"itemListElement\":[{\"@type\":\"ListItem\",\"position\":1,\"name\":\"Home\",\"item\":\"https:\/\/qqpets.com\/\"},{\"@type\":\"ListItem\",\"position\":2,\"name\":\"Products\",\"item\":\"https:\/\/qqpets.com\/pet-products-manufacturer\/\"},{\"@type\":\"ListItem\",\"position\":3,\"name\":\"Nylon Double Two Dog Leash Coupler\"}]},{\"@type\":\"WebSite\",\"@id\":\"https:\/\/qqpets.com\/#website\",\"url\":\"https:\/\/qqpets.com\/\",\"name\":\"QQPETS\",\"description\":\"QQPETS is a pet products factory for dog harnesses, dog collars, dog leashes and dog accessories with professional customized service since 2005.\",\"publisher\":{\"@id\":\"https:\/\/qqpets.com\/#organization\"},\"potentialAction\":[{\"@type\":\"SearchAction\",\"target\":{\"@type\":\"EntryPoint\",\"urlTemplate\":\"https:\/\/qqpets.com\/?s={search_term_string}\"},\"query-input\":{\"@type\":\"PropertyValueSpecification\",\"valueRequired\":true,\"valueName\":\"search_term_string\"}}],\"inLanguage\":\"cs\"},{\"@type\":\"Organization\",\"@id\":\"https:\/\/qqpets.com\/#organization\",\"name\":\"QQPETS\",\"url\":\"https:\/\/qqpets.com\/\",\"logo\":{\"@type\":\"ImageObject\",\"inLanguage\":\"cs\",\"@id\":\"https:\/\/qqpets.com\/#\/schema\/logo\/image\/\",\"url\":\"https:\/\/qqpets.com\/wp-content\/uploads\/2023\/09\/cropped-cropped-qqpets-tiktok.jpg\",\"contentUrl\":\"https:\/\/qqpets.com\/wp-content\/uploads\/2023\/09\/cropped-cropped-qqpets-tiktok.jpg\",\"width\":511,\"height\":511,\"caption\":\"QQPETS\"},\"image\":{\"@id\":\"https:\/\/qqpets.com\/#\/schema\/logo\/image\/\"},\"sameAs\":[\"https:\/\/www.facebook.com\/QQpetsdogcollars\",\"https:\/\/www.instagram.com\/qqpetscollar\/\",\"https:\/\/www.pinterest.com\/qqpetsdogcollarsfactory\/\"]}]}<\/script>\n<!-- \/ Yoast SEO plugin. -->","yoast_head_json":{"title":"Nylonov\u00e9 dvojit\u00e9 vod\u00edtko pro dva psy | QQPETS","description":"Snadno vyven\u010dete dva psy najednou pomoc\u00ed na\u0161eho odoln\u00e9ho nylonov\u00e9ho dvojit\u00e9ho vod\u00edtka. Ide\u00e1ln\u00ed pro majitele v\u00edce zv\u00ed\u0159at!","robots":{"index":"index","follow":"follow","max-snippet":"max-snippet:-1","max-image-preview":"max-image-preview:large","max-video-preview":"max-video-preview:-1"},"canonical":"https:\/\/qqpets.com\/cs\/produkt\/nylon-double-two-dog-leash-coupler\/","og_locale":"cs_CZ","og_type":"article","og_title":"Nylon Double Two Dog Leash Coupler | QQPETS","og_description":"Walk two dogs simultaneously with ease using our durable Nylon Double Dog Leash Coupler. Ideal for multiple pet owners!","og_url":"https:\/\/qqpets.com\/cs\/produkt\/nylon-double-two-dog-leash-coupler\/","og_site_name":"QQPETS","article_publisher":"https:\/\/www.facebook.com\/QQpetsdogcollars","og_image":[{"width":500,"height":500,"url":"https:\/\/qqpets.com\/wp-content\/uploads\/2024\/09\/two-dog-leash1.webp","type":"image\/webp"}],"twitter_card":"summary_large_image","twitter_misc":{"Odhadovan\u00e1 doba \u010dten\u00ed":"3 minuty"},"schema":{"@context":"https:\/\/schema.org","@graph":[{"@type":"WebPage","@id":"https:\/\/qqpets.com\/product\/nylon-double-two-dog-leash-coupler\/","url":"https:\/\/qqpets.com\/product\/nylon-double-two-dog-leash-coupler\/","name":"Nylonov\u00e9 dvojit\u00e9 vod\u00edtko pro dva psy | QQPETS","isPartOf":{"@id":"https:\/\/qqpets.com\/#website"},"primaryImageOfPage":{"@id":"https:\/\/qqpets.com\/product\/nylon-double-two-dog-leash-coupler\/#primaryimage"},"image":{"@id":"https:\/\/qqpets.com\/product\/nylon-double-two-dog-leash-coupler\/#primaryimage"},"thumbnailUrl":"https:\/\/qqpets.com\/wp-content\/uploads\/2024\/09\/two-dog-leash1.webp","datePublished":"2024-09-30T04:01:12+00:00","description":"Snadno vyven\u010dete dva psy najednou pomoc\u00ed na\u0161eho odoln\u00e9ho nylonov\u00e9ho dvojit\u00e9ho vod\u00edtka. Ide\u00e1ln\u00ed pro majitele v\u00edce zv\u00ed\u0159at!","breadcrumb":{"@id":"https:\/\/qqpets.com\/product\/nylon-double-two-dog-leash-coupler\/#breadcrumb"},"inLanguage":"cs","potentialAction":[{"@type":"ReadAction","target":["https:\/\/qqpets.com\/product\/nylon-double-two-dog-leash-coupler\/"]}]},{"@type":"ImageObject","inLanguage":"cs","@id":"https:\/\/qqpets.com\/product\/nylon-double-two-dog-leash-coupler\/#primaryimage","url":"https:\/\/qqpets.com\/wp-content\/uploads\/2024\/09\/two-dog-leash1.webp","contentUrl":"https:\/\/qqpets.com\/wp-content\/uploads\/2024\/09\/two-dog-leash1.webp","width":500,"height":500},{"@type":"BreadcrumbList","@id":"https:\/\/qqpets.com\/product\/nylon-double-two-dog-leash-coupler\/#breadcrumb","itemListElement":[{"@type":"ListItem","position":1,"name":"Home","item":"https:\/\/qqpets.com\/"},{"@type":"ListItem","position":2,"name":"Products","item":"https:\/\/qqpets.com\/pet-products-manufacturer\/"},{"@type":"ListItem","position":3,"name":"Nylon Double Two Dog Leash Coupler"}]},{"@type":"WebSite","@id":"https:\/\/qqpets.com\/#website","url":"https:\/\/qqpets.com\/","name":"QQPETS","description":"QQPETS je tov\u00e1rna na v\u00fdrobky pro dom\u00e1c\u00ed mazl\u00ed\u010dky pro ps\u00ed postroje, obojky, vod\u00edtka a dopl\u0148ky pro psy s profesion\u00e1ln\u00edmi slu\u017ebami na m\u00edru od roku 2005.","publisher":{"@id":"https:\/\/qqpets.com\/#organization"},"potentialAction":[{"@type":"SearchAction","target":{"@type":"EntryPoint","urlTemplate":"https:\/\/qqpets.com\/?s={search_term_string}"},"query-input":{"@type":"PropertyValueSpecification","valueRequired":true,"valueName":"search_term_string"}}],"inLanguage":"cs"},{"@type":"Organization","@id":"https:\/\/qqpets.com\/#organization","name":"QQPETS","url":"https:\/\/qqpets.com\/","logo":{"@type":"ImageObject","inLanguage":"cs","@id":"https:\/\/qqpets.com\/#\/schema\/logo\/image\/","url":"https:\/\/qqpets.com\/wp-content\/uploads\/2023\/09\/cropped-cropped-qqpets-tiktok.jpg","contentUrl":"https:\/\/qqpets.com\/wp-content\/uploads\/2023\/09\/cropped-cropped-qqpets-tiktok.jpg","width":511,"height":511,"caption":"QQPETS"},"image":{"@id":"https:\/\/qqpets.com\/#\/schema\/logo\/image\/"},"sameAs":["https:\/\/www.facebook.com\/QQpetsdogcollars","https:\/\/www.instagram.com\/qqpetscollar\/","https:\/\/www.pinterest.com\/qqpetsdogcollarsfactory\/"]}]}},"_links":{"self":[{"href":"https:\/\/qqpets.com\/cs\/wp-json\/wp\/v2\/product\/8425","targetHints":{"allow":["GET"]}}],"collection":[{"href":"https:\/\/qqpets.com\/cs\/wp-json\/wp\/v2\/product"}],"about":[{"href":"https:\/\/qqpets.com\/cs\/wp-json\/wp\/v2\/types\/product"}],"wp:featuredmedia":[{"embeddable":true,"href":"https:\/\/qqpets.com\/cs\/wp-json\/wp\/v2\/media\/8426"}],"wp:attachment":[{"href":"https:\/\/qqpets.com\/cs\/wp-json\/wp\/v2\/media?parent=8425"}],"wp:term":[{"taxonomy":"product_brand","embeddable":true,"href":"https:\/\/qqpets.com\/cs\/wp-json\/wp\/v2\/product_brand?post=8425"},{"taxonomy":"product_cat","embeddable":true,"href":"https:\/\/qqpets.com\/cs\/wp-json\/wp\/v2\/product_cat?post=8425"},{"taxonomy":"product_tag","embeddable":true,"href":"https:\/\/qqpets.com\/cs\/wp-json\/wp\/v2\/product_tag?post=8425"}],"curies":[{"name":"wp","href":"https:\/\/api.w.org\/{rel}","templated":true}]}}