{"id":8430,"date":"2024-09-30T15:30:55","date_gmt":"2024-09-30T07:30:55","guid":{"rendered":"https:\/\/qqpets.com\/?post_type=product&#038;p=8430"},"modified":"2024-09-30T16:21:23","modified_gmt":"2024-09-30T08:21:23","slug":"escape-proof-cat-harness-leash-set","status":"publish","type":"product","link":"https:\/\/qqpets.com\/cs\/produkt\/escape-proof-cat-harness-leash-set\/","title":{"rendered":"Sada postroj\u016f a vod\u00edtek pro ko\u010dky Escape Proof"},"content":{"rendered":"<p>Zajist\u011bte sv\u00e9 ko\u010dce bezpe\u010d\u00ed a pohodl\u00ed p\u0159i prozkoum\u00e1v\u00e1n\u00ed venkovn\u00edho prost\u0159ed\u00ed s na\u0161\u00ed sadou postroj\u016f a vod\u00edtek pro ko\u010dky Escape Proof. Tato promy\u0161len\u011b navr\u017een\u00e1 sada postroj\u016f zajist\u00ed, \u017ee si va\u0161e dobrodru\u017en\u00e1 ko\u010dka bude moci u\u017e\u00edvat venku bez rizika \u00fat\u011bku.<\/p>\n<p><strong>Kl\u00ed\u010dov\u00e9 vlastnosti:<\/strong><\/p>\n<ul>\n<li><strong>P\u0159izp\u016fsoben\u00ed na m\u00edru:<\/strong> Nastaviteln\u00e9 popruhy zaji\u0161\u0165uj\u00ed t\u011bsn\u00e9 a bezpe\u010dn\u00e9 uchycen\u00ed, tak\u017ee postroj z\u016fstane na ko\u010dce i b\u011bhem intenzivn\u00ed aktivity.<\/li>\n<li><strong>Lehk\u00fd materi\u00e1l:<\/strong> Je vyrobena z prody\u0161n\u00e9 a lehk\u00e9 tkaniny, kter\u00e1 ko\u010dku nezat\u011b\u017euje, tak\u017ee je ide\u00e1ln\u00ed pro dlouhodob\u00e9 no\u0161en\u00ed.<\/li>\n<li><strong>Odoln\u00e1 konstrukce:<\/strong> Vysoce kvalitn\u00ed materi\u00e1l je vyroben tak, aby vydr\u017eel ka\u017edodenn\u00ed opot\u0159eben\u00ed a zachoval si sv\u016fj tvar a funk\u010dnost.<\/li>\n<li><strong>Bezpe\u010dnost p\u0159edev\u0161\u00edm:<\/strong> Postroj je vybaven bezpe\u010dnou sponou, kter\u00e1 ho uzamkne na m\u00edst\u011b, a pevnou sponou na vod\u00edtko, kter\u00e1 zajist\u00ed, \u017ee ko\u010dka z\u016fstane bezpe\u010dn\u011b po va\u0161em boku.<\/li>\n<li><strong>Stylov\u00fd design:<\/strong> Je k dispozici v p\u0159\u00edjemn\u00e9 vodov\u00e9 barv\u011b, tak\u017ee nejen\u017ee udr\u017e\u00ed va\u0161i ko\u010dku v bezpe\u010d\u00ed, ale tak\u00e9 skv\u011ble vypad\u00e1, tak\u017ee v\u00e1\u0161 mazl\u00ed\u010dek bude nejstylov\u011bj\u0161\u00ed ko\u010dkou v bloku.<\/li>\n<li><strong>Zv\u00fd\u0161en\u00e1 viditelnost:<\/strong> Jasn\u00e1 barva zvy\u0161uje viditelnost va\u0161\u00ed ko\u010dky a usnad\u0148uje jej\u00ed sledov\u00e1n\u00ed za soumraku a za sv\u00edt\u00e1n\u00ed.<\/li>\n<\/ul>\n<p>Sada postroj\u016f a vod\u00edtek pro ko\u010dky Escape Proof je nezbytn\u00fdm dopl\u0148kem pro ka\u017ed\u00e9ho majitele ko\u010dky, kter\u00fd chce bezpe\u010dn\u011b zp\u0159\u00edjemnit sv\u00e9mu mazl\u00ed\u010dkovi pobyt venku. Je ide\u00e1ln\u00ed na proch\u00e1zky, b\u011bh\u00e1n\u00ed nebo prost\u011b jen na u\u017e\u00edv\u00e1n\u00ed si slune\u010dn\u00e9ho dne na zahrad\u011b. Vybavte svou ko\u010dku touto sadou postroje a vod\u00edtka a u\u017e\u00edvejte si klid s v\u011bdom\u00edm, \u017ee je v bezpe\u010d\u00ed a pohodl\u00ed, a\u0165 u\u017e ji dobrodru\u017estv\u00ed zavede kamkoli.<\/p>\n<h5><strong>Existuje postroj, ze kter\u00e9ho ko\u010dka nem\u016f\u017ee ut\u00e9ct?<\/strong><\/h5>\n<p>A\u010dkoli \u017e\u00e1dn\u00fd postroj nen\u00ed zcela odoln\u00fd proti \u00fat\u011bku, postroje s pevn\u00fdm uchycen\u00edm a bezpe\u010dn\u00fdm zap\u00edn\u00e1n\u00edm minimalizuj\u00ed pravd\u011bpodobnost \u00fat\u011bku ko\u010dky.<\/p>\n<h5><strong>Jak\u00fd je nejlep\u0161\u00ed postroj pro ko\u010dky bez mo\u017enosti \u00fat\u011bku?<\/strong><\/h5>\n<p>Nejlep\u0161\u00ed postroje pro ko\u010dky bez mo\u017enosti \u00fat\u011bku jsou obvykle postroje typu \"H\" nebo vesty vyroben\u00e9 z bezpe\u010dn\u00fdch, nastaviteln\u00fdch materi\u00e1l\u016f, kter\u00e9 dob\u0159e padnou a z\u00e1rove\u0148 umo\u017e\u0148uj\u00ed pohodln\u00fd pohyb.<\/p>\n<h5><strong>Jak vyrobit ko\u010di\u010d\u00ed postroj odoln\u00fd proti \u00fat\u011bku?<\/strong><\/h5>\n<p>Ujist\u011bte se, \u017ee je postroj spr\u00e1vn\u011b p\u0159ipevn\u011bn k t\u011blu ko\u010dky: m\u011bl by b\u00fdt t\u011bsn\u00fd, ale ne p\u0159\u00edli\u0161 t\u011bsn\u00fd, bez mo\u017enosti voln\u00e9ho pohybu ko\u010dky. Pravideln\u011b kontrolujte a upravujte p\u0159il\u00e9havost, zejm\u00e9na kdy\u017e ko\u010dka roste nebo se m\u011bn\u00ed jej\u00ed hmotnost.<\/p>\n<h5><strong>Co d\u011bl\u00e1 postroj odoln\u00fdm proti \u00faniku?<\/strong><\/h5>\n<p>Postroj odoln\u00fd proti \u00fat\u011bku obvykle zahrnuje nastaviteln\u00e9 popruhy, kter\u00e9 t\u011bsn\u011b obep\u00ednaj\u00ed t\u011blo, bezpe\u010dn\u00e9 uz\u00e1v\u011bry, kter\u00e9 zabra\u0148uj\u00ed vyklouznut\u00ed, a odoln\u00e9 materi\u00e1ly, kter\u00e9 vydr\u017e\u00ed tah\u00e1n\u00ed a kroucen\u00ed.<\/p>","protected":false},"excerpt":{"rendered":"<p>Objevte dokonalou kombinaci bezpe\u010dnosti a pohodl\u00ed s na\u0161\u00ed sadou postroj\u016f a vod\u00edtek pro ko\u010dky Escape Proof, kter\u00e1 byla navr\u017eena speci\u00e1ln\u011b pro ko\u010dky. Tato sada obsahuje nastaviteln\u00fd postroj, kter\u00fd dob\u0159e padne a zabr\u00e1n\u00ed ko\u010dce vyklouznout, a odpov\u00eddaj\u00edc\u00ed vod\u00edtko pro bezpe\u010dn\u00e9 prozkoum\u00e1v\u00e1n\u00ed. Je vyroben z odoln\u00e9ho a lehk\u00e9ho materi\u00e1lu a zaji\u0161\u0165uje pohodl\u00ed va\u0161\u00ed ko\u010dky b\u011bhem dlouh\u00fdch proch\u00e1zek. Z\u00e1\u0159iv\u00e1 barva zvy\u0161uje viditelnost, tak\u017ee je praktickou i stylovou volbou pro venkovn\u00ed dobrodru\u017estv\u00ed va\u0161eho mazl\u00ed\u010dka.<\/p>","protected":false},"featured_media":8431,"template":"","meta":[],"product_brand":[],"product_cat":[23],"product_tag":[],"class_list":{"0":"post-8430","1":"product","2":"type-product","3":"status-publish","4":"has-post-thumbnail","6":"product_cat-dog-harness","7":"pa_brand-qqpets","9":"first","10":"instock","11":"shipping-taxable","12":"product-type-simple"},"yoast_head":"<!-- This site is optimized with the Yoast SEO plugin v26.6 - https:\/\/yoast.com\/wordpress\/plugins\/seo\/ -->\n<title>Escape Proof Cat Harness Leash Set | QQPETS<\/title>\n<meta name=\"description\" content=\"Lightweight, secure Escape Proof Cat Harness Leash Set for safe and enjoyable outdoor adventures with your feline.\" \/>\n<meta name=\"robots\" content=\"index, follow, max-snippet:-1, max-image-preview:large, max-video-preview:-1\" \/>\n<link rel=\"canonical\" href=\"https:\/\/qqpets.com\/cs\/produkt\/escape-proof-cat-harness-leash-set\/\" \/>\n<meta property=\"og:locale\" content=\"cs_CZ\" \/>\n<meta property=\"og:type\" content=\"article\" \/>\n<meta property=\"og:title\" content=\"Escape Proof Cat Harness Leash Set | QQPETS\" \/>\n<meta property=\"og:description\" content=\"Lightweight, secure Escape Proof Cat Harness Leash Set for safe and enjoyable outdoor adventures with your feline.\" \/>\n<meta property=\"og:url\" content=\"https:\/\/qqpets.com\/cs\/produkt\/escape-proof-cat-harness-leash-set\/\" \/>\n<meta property=\"og:site_name\" content=\"QQPETS\" \/>\n<meta property=\"article:publisher\" content=\"https:\/\/www.facebook.com\/QQpetsdogcollars\" \/>\n<meta property=\"article:modified_time\" content=\"2024-09-30T08:21:23+00:00\" \/>\n<meta property=\"og:image\" content=\"https:\/\/qqpets.com\/wp-content\/uploads\/2024\/09\/escape-proof-dog-harness-strap.webp\" \/>\n\t<meta property=\"og:image:width\" content=\"1404\" \/>\n\t<meta property=\"og:image:height\" content=\"1500\" \/>\n\t<meta property=\"og:image:type\" content=\"image\/webp\" \/>\n<meta name=\"twitter:card\" content=\"summary_large_image\" \/>\n<meta name=\"twitter:label1\" content=\"Odhadovan\u00e1 doba \u010dten\u00ed\" \/>\n\t<meta name=\"twitter:data1\" content=\"2 minuty\" \/>\n<script type=\"application\/ld+json\" class=\"yoast-schema-graph\">{\"@context\":\"https:\/\/schema.org\",\"@graph\":[{\"@type\":\"WebPage\",\"@id\":\"https:\/\/qqpets.com\/product\/escape-proof-cat-harness-leash-set\/\",\"url\":\"https:\/\/qqpets.com\/product\/escape-proof-cat-harness-leash-set\/\",\"name\":\"Escape Proof Cat Harness Leash Set | QQPETS\",\"isPartOf\":{\"@id\":\"https:\/\/qqpets.com\/#website\"},\"primaryImageOfPage\":{\"@id\":\"https:\/\/qqpets.com\/product\/escape-proof-cat-harness-leash-set\/#primaryimage\"},\"image\":{\"@id\":\"https:\/\/qqpets.com\/product\/escape-proof-cat-harness-leash-set\/#primaryimage\"},\"thumbnailUrl\":\"https:\/\/qqpets.com\/wp-content\/uploads\/2024\/09\/escape-proof-dog-harness-strap.webp\",\"datePublished\":\"2024-09-30T07:30:55+00:00\",\"dateModified\":\"2024-09-30T08:21:23+00:00\",\"description\":\"Lightweight, secure Escape Proof Cat Harness Leash Set for safe and enjoyable outdoor adventures with your feline.\",\"breadcrumb\":{\"@id\":\"https:\/\/qqpets.com\/product\/escape-proof-cat-harness-leash-set\/#breadcrumb\"},\"inLanguage\":\"cs\",\"potentialAction\":[{\"@type\":\"ReadAction\",\"target\":[\"https:\/\/qqpets.com\/product\/escape-proof-cat-harness-leash-set\/\"]}]},{\"@type\":\"ImageObject\",\"inLanguage\":\"cs\",\"@id\":\"https:\/\/qqpets.com\/product\/escape-proof-cat-harness-leash-set\/#primaryimage\",\"url\":\"https:\/\/qqpets.com\/wp-content\/uploads\/2024\/09\/escape-proof-dog-harness-strap.webp\",\"contentUrl\":\"https:\/\/qqpets.com\/wp-content\/uploads\/2024\/09\/escape-proof-dog-harness-strap.webp\",\"width\":1404,\"height\":1500},{\"@type\":\"BreadcrumbList\",\"@id\":\"https:\/\/qqpets.com\/product\/escape-proof-cat-harness-leash-set\/#breadcrumb\",\"itemListElement\":[{\"@type\":\"ListItem\",\"position\":1,\"name\":\"Home\",\"item\":\"https:\/\/qqpets.com\/\"},{\"@type\":\"ListItem\",\"position\":2,\"name\":\"Products\",\"item\":\"https:\/\/qqpets.com\/pet-products-manufacturer\/\"},{\"@type\":\"ListItem\",\"position\":3,\"name\":\"Escape Proof Cat Harness Leash Set\"}]},{\"@type\":\"WebSite\",\"@id\":\"https:\/\/qqpets.com\/#website\",\"url\":\"https:\/\/qqpets.com\/\",\"name\":\"QQPETS\",\"description\":\"QQPETS is a pet products factory for dog harnesses, dog collars, dog leashes and dog accessories with professional customized service since 2005.\",\"publisher\":{\"@id\":\"https:\/\/qqpets.com\/#organization\"},\"potentialAction\":[{\"@type\":\"SearchAction\",\"target\":{\"@type\":\"EntryPoint\",\"urlTemplate\":\"https:\/\/qqpets.com\/?s={search_term_string}\"},\"query-input\":{\"@type\":\"PropertyValueSpecification\",\"valueRequired\":true,\"valueName\":\"search_term_string\"}}],\"inLanguage\":\"cs\"},{\"@type\":\"Organization\",\"@id\":\"https:\/\/qqpets.com\/#organization\",\"name\":\"QQPETS\",\"url\":\"https:\/\/qqpets.com\/\",\"logo\":{\"@type\":\"ImageObject\",\"inLanguage\":\"cs\",\"@id\":\"https:\/\/qqpets.com\/#\/schema\/logo\/image\/\",\"url\":\"https:\/\/qqpets.com\/wp-content\/uploads\/2023\/09\/cropped-cropped-qqpets-tiktok.jpg\",\"contentUrl\":\"https:\/\/qqpets.com\/wp-content\/uploads\/2023\/09\/cropped-cropped-qqpets-tiktok.jpg\",\"width\":511,\"height\":511,\"caption\":\"QQPETS\"},\"image\":{\"@id\":\"https:\/\/qqpets.com\/#\/schema\/logo\/image\/\"},\"sameAs\":[\"https:\/\/www.facebook.com\/QQpetsdogcollars\",\"https:\/\/www.instagram.com\/qqpetscollar\/\",\"https:\/\/www.pinterest.com\/qqpetsdogcollarsfactory\/\"]}]}<\/script>\n<!-- \/ Yoast SEO plugin. -->","yoast_head_json":{"title":"Sada postroj\u016f a vod\u00edtek pro ko\u010dky Escape Proof | QQPETS","description":"Lehk\u00e1 a bezpe\u010dn\u00e1 sada postroj\u016f a vod\u00edtek pro ko\u010dky s ochranou proti \u00fat\u011bku pro bezpe\u010dn\u00e1 a p\u0159\u00edjemn\u00e1 venkovn\u00ed dobrodru\u017estv\u00ed s va\u0161\u00ed ko\u010dkou.","robots":{"index":"index","follow":"follow","max-snippet":"max-snippet:-1","max-image-preview":"max-image-preview:large","max-video-preview":"max-video-preview:-1"},"canonical":"https:\/\/qqpets.com\/cs\/produkt\/escape-proof-cat-harness-leash-set\/","og_locale":"cs_CZ","og_type":"article","og_title":"Escape Proof Cat Harness Leash Set | QQPETS","og_description":"Lightweight, secure Escape Proof Cat Harness Leash Set for safe and enjoyable outdoor adventures with your feline.","og_url":"https:\/\/qqpets.com\/cs\/produkt\/escape-proof-cat-harness-leash-set\/","og_site_name":"QQPETS","article_publisher":"https:\/\/www.facebook.com\/QQpetsdogcollars","article_modified_time":"2024-09-30T08:21:23+00:00","og_image":[{"width":1404,"height":1500,"url":"https:\/\/qqpets.com\/wp-content\/uploads\/2024\/09\/escape-proof-dog-harness-strap.webp","type":"image\/webp"}],"twitter_card":"summary_large_image","twitter_misc":{"Odhadovan\u00e1 doba \u010dten\u00ed":"2 minuty"},"schema":{"@context":"https:\/\/schema.org","@graph":[{"@type":"WebPage","@id":"https:\/\/qqpets.com\/product\/escape-proof-cat-harness-leash-set\/","url":"https:\/\/qqpets.com\/product\/escape-proof-cat-harness-leash-set\/","name":"Sada postroj\u016f a vod\u00edtek pro ko\u010dky Escape Proof | QQPETS","isPartOf":{"@id":"https:\/\/qqpets.com\/#website"},"primaryImageOfPage":{"@id":"https:\/\/qqpets.com\/product\/escape-proof-cat-harness-leash-set\/#primaryimage"},"image":{"@id":"https:\/\/qqpets.com\/product\/escape-proof-cat-harness-leash-set\/#primaryimage"},"thumbnailUrl":"https:\/\/qqpets.com\/wp-content\/uploads\/2024\/09\/escape-proof-dog-harness-strap.webp","datePublished":"2024-09-30T07:30:55+00:00","dateModified":"2024-09-30T08:21:23+00:00","description":"Lehk\u00e1 a bezpe\u010dn\u00e1 sada postroj\u016f a vod\u00edtek pro ko\u010dky s ochranou proti \u00fat\u011bku pro bezpe\u010dn\u00e1 a p\u0159\u00edjemn\u00e1 venkovn\u00ed dobrodru\u017estv\u00ed s va\u0161\u00ed ko\u010dkou.","breadcrumb":{"@id":"https:\/\/qqpets.com\/product\/escape-proof-cat-harness-leash-set\/#breadcrumb"},"inLanguage":"cs","potentialAction":[{"@type":"ReadAction","target":["https:\/\/qqpets.com\/product\/escape-proof-cat-harness-leash-set\/"]}]},{"@type":"ImageObject","inLanguage":"cs","@id":"https:\/\/qqpets.com\/product\/escape-proof-cat-harness-leash-set\/#primaryimage","url":"https:\/\/qqpets.com\/wp-content\/uploads\/2024\/09\/escape-proof-dog-harness-strap.webp","contentUrl":"https:\/\/qqpets.com\/wp-content\/uploads\/2024\/09\/escape-proof-dog-harness-strap.webp","width":1404,"height":1500},{"@type":"BreadcrumbList","@id":"https:\/\/qqpets.com\/product\/escape-proof-cat-harness-leash-set\/#breadcrumb","itemListElement":[{"@type":"ListItem","position":1,"name":"Home","item":"https:\/\/qqpets.com\/"},{"@type":"ListItem","position":2,"name":"Products","item":"https:\/\/qqpets.com\/pet-products-manufacturer\/"},{"@type":"ListItem","position":3,"name":"Escape Proof Cat Harness Leash Set"}]},{"@type":"WebSite","@id":"https:\/\/qqpets.com\/#website","url":"https:\/\/qqpets.com\/","name":"QQPETS","description":"QQPETS je tov\u00e1rna na v\u00fdrobky pro dom\u00e1c\u00ed mazl\u00ed\u010dky pro ps\u00ed postroje, obojky, vod\u00edtka a dopl\u0148ky pro psy s profesion\u00e1ln\u00edmi slu\u017ebami na m\u00edru od roku 2005.","publisher":{"@id":"https:\/\/qqpets.com\/#organization"},"potentialAction":[{"@type":"SearchAction","target":{"@type":"EntryPoint","urlTemplate":"https:\/\/qqpets.com\/?s={search_term_string}"},"query-input":{"@type":"PropertyValueSpecification","valueRequired":true,"valueName":"search_term_string"}}],"inLanguage":"cs"},{"@type":"Organization","@id":"https:\/\/qqpets.com\/#organization","name":"QQPETS","url":"https:\/\/qqpets.com\/","logo":{"@type":"ImageObject","inLanguage":"cs","@id":"https:\/\/qqpets.com\/#\/schema\/logo\/image\/","url":"https:\/\/qqpets.com\/wp-content\/uploads\/2023\/09\/cropped-cropped-qqpets-tiktok.jpg","contentUrl":"https:\/\/qqpets.com\/wp-content\/uploads\/2023\/09\/cropped-cropped-qqpets-tiktok.jpg","width":511,"height":511,"caption":"QQPETS"},"image":{"@id":"https:\/\/qqpets.com\/#\/schema\/logo\/image\/"},"sameAs":["https:\/\/www.facebook.com\/QQpetsdogcollars","https:\/\/www.instagram.com\/qqpetscollar\/","https:\/\/www.pinterest.com\/qqpetsdogcollarsfactory\/"]}]}},"_links":{"self":[{"href":"https:\/\/qqpets.com\/cs\/wp-json\/wp\/v2\/product\/8430","targetHints":{"allow":["GET"]}}],"collection":[{"href":"https:\/\/qqpets.com\/cs\/wp-json\/wp\/v2\/product"}],"about":[{"href":"https:\/\/qqpets.com\/cs\/wp-json\/wp\/v2\/types\/product"}],"wp:featuredmedia":[{"embeddable":true,"href":"https:\/\/qqpets.com\/cs\/wp-json\/wp\/v2\/media\/8431"}],"wp:attachment":[{"href":"https:\/\/qqpets.com\/cs\/wp-json\/wp\/v2\/media?parent=8430"}],"wp:term":[{"taxonomy":"product_brand","embeddable":true,"href":"https:\/\/qqpets.com\/cs\/wp-json\/wp\/v2\/product_brand?post=8430"},{"taxonomy":"product_cat","embeddable":true,"href":"https:\/\/qqpets.com\/cs\/wp-json\/wp\/v2\/product_cat?post=8430"},{"taxonomy":"product_tag","embeddable":true,"href":"https:\/\/qqpets.com\/cs\/wp-json\/wp\/v2\/product_tag?post=8430"}],"curies":[{"name":"wp","href":"https:\/\/api.w.org\/{rel}","templated":true}]}}