{"id":8437,"date":"2024-09-30T15:58:12","date_gmt":"2024-09-30T07:58:12","guid":{"rendered":"https:\/\/qqpets.com\/?post_type=product&#038;p=8437"},"modified":"2024-09-30T15:58:12","modified_gmt":"2024-09-30T07:58:12","slug":"easy-walk-canvas-dog-harness","status":"publish","type":"product","link":"https:\/\/qqpets.com\/cs\/produkt\/easy-walk-canvas-dog-harness\/","title":{"rendered":"Pl\u00e1t\u011bn\u00fd postroj pro psy Easy Walk"},"content":{"rendered":"<p>P\u0159edstavujeme postroj Easy Walk Canvas - va\u0161e \u0159e\u0161en\u00ed pro stylov\u00e9 proch\u00e1zky bez stresu. Tento postroj byl navr\u017een s ohledem na pohodl\u00ed i m\u00f3du a je ide\u00e1ln\u00ed pro ka\u017edodenn\u00ed pou\u017eit\u00ed i speci\u00e1ln\u00ed vych\u00e1zky.<\/p>\n<p><strong>Kl\u00ed\u010dov\u00e9 vlastnosti:<\/strong><\/p>\n<ul>\n<li><strong>Kvalita materi\u00e1lu:<\/strong> Tento postroj je vyroben z odoln\u00e9ho pl\u00e1tna a je navr\u017een tak, aby odolal n\u00e1ro\u010dn\u00fdm podm\u00ednk\u00e1m aktivn\u00edch ps\u016f a \u010dast\u00e9mu pou\u017e\u00edv\u00e1n\u00ed, co\u017e zaru\u010duje dlouhou \u017eivotnost.<\/li>\n<li><strong>Pohodl\u00ed a bezpe\u010dnost:<\/strong> Prody\u0161n\u00e1 pod\u0161\u00edvka ze s\u00ed\u0165oviny zaji\u0161\u0165uje v\u011bt\u0161\u00ed pohodl\u00ed, proto\u017ee sni\u017euje vlhkost a zah\u0159\u00edv\u00e1n\u00ed, tak\u017ee v\u00e1\u0161 pes z\u016fstane v pohodl\u00ed a komfortu za v\u0161ech okolnost\u00ed. Ergonomick\u00fd design zaji\u0161\u0165uje rovnom\u011brn\u00e9 rozlo\u017een\u00ed tlaku, aby se zabr\u00e1nilo tah\u00e1n\u00ed a du\u0161en\u00ed.<\/li>\n<li><strong>Nastavitelnost:<\/strong> Pln\u011b nastaviteln\u00e9 popruhy umo\u017e\u0148uj\u00ed p\u0159izp\u016fsoben\u00ed ps\u016fm v\u0161ech velikost\u00ed. Rychloup\u00ednac\u00ed p\u0159ezka usnad\u0148uje nasazov\u00e1n\u00ed a sund\u00e1v\u00e1n\u00ed a zaji\u0161\u0165uje bezprobl\u00e9mov\u00fd z\u00e1\u017eitek pro zv\u00ed\u0159e i majitele.<\/li>\n<li><strong>Stylov\u00fd design:<\/strong> M\u00e1 vesel\u00fd a \u017eiv\u00fd vzor, kter\u00fd vynikne. D\u00edky modern\u00edmu designu a poutav\u00e9 barv\u011b bude v\u00e1\u0161 pes nejen skv\u011ble vypadat, ale tak\u00e9 se zv\u00fd\u0161\u00ed jeho viditelnost b\u011bhem ve\u010dern\u00edch nebo rann\u00edch proch\u00e1zek.<\/li>\n<li><strong>V\u0161estrannost:<\/strong> Ide\u00e1ln\u00ed pro ka\u017edodenn\u00ed ch\u016fzi, b\u011bh, tr\u00e9nink a jakoukoli rekreaci v p\u0159\u00edrod\u011b. Vhodn\u00e9 pro \u0161t\u011b\u0148ata a\u017e dosp\u011bl\u00e9 psy.<\/li>\n<\/ul>\n<p>S postrojem pro psy Easy Walk Canvas m\u016f\u017eete sv\u00e9mu psovi dop\u0159\u00e1t volnost p\u0159i pohodln\u00e9m a bezpe\u010dn\u00e9m prozkoum\u00e1v\u00e1n\u00ed. Jeho prvot\u0159\u00eddn\u00ed konstrukce a atraktivn\u00ed design z n\u011bj \u010din\u00ed nezbytn\u00fd dopln\u011bk pro ka\u017ed\u00e9ho majitele psa, kter\u00fd chce spojit styl s funk\u010dnost\u00ed.<\/p>","protected":false},"excerpt":{"rendered":"<p>Zlep\u0161ete ka\u017edodenn\u00ed proch\u00e1zky sv\u00e9ho psa s na\u0161\u00edm pl\u00e1t\u011bn\u00fdm postrojem Easy Walk. Tento postroj je vyroben z vysoce kvalitn\u00edho pl\u00e1tna a m\u00e1 pohodln\u00fd a prody\u0161n\u00fd design, kter\u00fd zabra\u0148uje tah\u00e1n\u00ed a zaji\u0161\u0165uje snadn\u00fd pohyb. Jeho nastaviteln\u00e9 popruhy a bezpe\u010dn\u00e1 p\u0159ezka zaji\u0161\u0165uj\u00ed dokonal\u00e9 p\u0159izp\u016fsoben\u00ed, zat\u00edmco stylov\u00fd vzor dod\u00e1 \u0161arm \u0161atn\u00edku va\u0161eho mazl\u00ed\u010dka. Tento postroj, kter\u00fd je ide\u00e1ln\u00ed pro v\u0161echna plemena, kombinuje funk\u010dnost se stylem, tak\u017ee je nezbytn\u00fdm dopl\u0148kem pro zodpov\u011bdn\u00e9 a m\u00f3dn\u00ed majitele ps\u016f.<\/p>","protected":false},"featured_media":8441,"template":"","meta":[],"product_brand":[],"product_cat":[23],"product_tag":[],"class_list":{"0":"post-8437","1":"product","2":"type-product","3":"status-publish","4":"has-post-thumbnail","6":"product_cat-dog-harness","7":"pa_brand-qqpets","9":"first","10":"instock","11":"shipping-taxable","12":"product-type-simple"},"yoast_head":"<!-- This site is optimized with the Yoast SEO plugin v26.6 - https:\/\/yoast.com\/wordpress\/plugins\/seo\/ -->\n<title>Easy Walk Canvas Dog Harness | QQPETS<\/title>\n<meta name=\"description\" content=\"Stylish Easy Walk Canvas Dog Harness, perfect for daily walks with secure and comfortable fit.\" \/>\n<meta name=\"robots\" content=\"index, follow, max-snippet:-1, max-image-preview:large, max-video-preview:-1\" \/>\n<link rel=\"canonical\" href=\"https:\/\/qqpets.com\/cs\/produkt\/easy-walk-canvas-dog-harness\/\" \/>\n<meta property=\"og:locale\" content=\"cs_CZ\" \/>\n<meta property=\"og:type\" content=\"article\" \/>\n<meta property=\"og:title\" content=\"Easy Walk Canvas Dog Harness | QQPETS\" \/>\n<meta property=\"og:description\" content=\"Stylish Easy Walk Canvas Dog Harness, perfect for daily walks with secure and comfortable fit.\" \/>\n<meta property=\"og:url\" content=\"https:\/\/qqpets.com\/cs\/produkt\/easy-walk-canvas-dog-harness\/\" \/>\n<meta property=\"og:site_name\" content=\"QQPETS\" \/>\n<meta property=\"article:publisher\" content=\"https:\/\/www.facebook.com\/QQpetsdogcollars\" \/>\n<meta property=\"og:image\" content=\"https:\/\/qqpets.com\/wp-content\/uploads\/2024\/09\/Canvas-dog-harness1.webp\" \/>\n\t<meta property=\"og:image:width\" content=\"800\" \/>\n\t<meta property=\"og:image:height\" content=\"800\" \/>\n\t<meta property=\"og:image:type\" content=\"image\/webp\" \/>\n<meta name=\"twitter:card\" content=\"summary_large_image\" \/>\n<meta name=\"twitter:label1\" content=\"Odhadovan\u00e1 doba \u010dten\u00ed\" \/>\n\t<meta name=\"twitter:data1\" content=\"2 minuty\" \/>\n<script type=\"application\/ld+json\" class=\"yoast-schema-graph\">{\"@context\":\"https:\/\/schema.org\",\"@graph\":[{\"@type\":\"WebPage\",\"@id\":\"https:\/\/qqpets.com\/product\/easy-walk-canvas-dog-harness\/\",\"url\":\"https:\/\/qqpets.com\/product\/easy-walk-canvas-dog-harness\/\",\"name\":\"Easy Walk Canvas Dog Harness | QQPETS\",\"isPartOf\":{\"@id\":\"https:\/\/qqpets.com\/#website\"},\"primaryImageOfPage\":{\"@id\":\"https:\/\/qqpets.com\/product\/easy-walk-canvas-dog-harness\/#primaryimage\"},\"image\":{\"@id\":\"https:\/\/qqpets.com\/product\/easy-walk-canvas-dog-harness\/#primaryimage\"},\"thumbnailUrl\":\"https:\/\/qqpets.com\/wp-content\/uploads\/2024\/09\/Canvas-dog-harness1.webp\",\"datePublished\":\"2024-09-30T07:58:12+00:00\",\"description\":\"Stylish Easy Walk Canvas Dog Harness, perfect for daily walks with secure and comfortable fit.\",\"breadcrumb\":{\"@id\":\"https:\/\/qqpets.com\/product\/easy-walk-canvas-dog-harness\/#breadcrumb\"},\"inLanguage\":\"cs\",\"potentialAction\":[{\"@type\":\"ReadAction\",\"target\":[\"https:\/\/qqpets.com\/product\/easy-walk-canvas-dog-harness\/\"]}]},{\"@type\":\"ImageObject\",\"inLanguage\":\"cs\",\"@id\":\"https:\/\/qqpets.com\/product\/easy-walk-canvas-dog-harness\/#primaryimage\",\"url\":\"https:\/\/qqpets.com\/wp-content\/uploads\/2024\/09\/Canvas-dog-harness1.webp\",\"contentUrl\":\"https:\/\/qqpets.com\/wp-content\/uploads\/2024\/09\/Canvas-dog-harness1.webp\",\"width\":800,\"height\":800},{\"@type\":\"BreadcrumbList\",\"@id\":\"https:\/\/qqpets.com\/product\/easy-walk-canvas-dog-harness\/#breadcrumb\",\"itemListElement\":[{\"@type\":\"ListItem\",\"position\":1,\"name\":\"Home\",\"item\":\"https:\/\/qqpets.com\/\"},{\"@type\":\"ListItem\",\"position\":2,\"name\":\"Products\",\"item\":\"https:\/\/qqpets.com\/pet-products-manufacturer\/\"},{\"@type\":\"ListItem\",\"position\":3,\"name\":\"Easy Walk Canvas Dog Harness\"}]},{\"@type\":\"WebSite\",\"@id\":\"https:\/\/qqpets.com\/#website\",\"url\":\"https:\/\/qqpets.com\/\",\"name\":\"QQPETS\",\"description\":\"QQPETS is a pet products factory for dog harnesses, dog collars, dog leashes and dog accessories with professional customized service since 2005.\",\"publisher\":{\"@id\":\"https:\/\/qqpets.com\/#organization\"},\"potentialAction\":[{\"@type\":\"SearchAction\",\"target\":{\"@type\":\"EntryPoint\",\"urlTemplate\":\"https:\/\/qqpets.com\/?s={search_term_string}\"},\"query-input\":{\"@type\":\"PropertyValueSpecification\",\"valueRequired\":true,\"valueName\":\"search_term_string\"}}],\"inLanguage\":\"cs\"},{\"@type\":\"Organization\",\"@id\":\"https:\/\/qqpets.com\/#organization\",\"name\":\"QQPETS\",\"url\":\"https:\/\/qqpets.com\/\",\"logo\":{\"@type\":\"ImageObject\",\"inLanguage\":\"cs\",\"@id\":\"https:\/\/qqpets.com\/#\/schema\/logo\/image\/\",\"url\":\"https:\/\/qqpets.com\/wp-content\/uploads\/2023\/09\/cropped-cropped-qqpets-tiktok.jpg\",\"contentUrl\":\"https:\/\/qqpets.com\/wp-content\/uploads\/2023\/09\/cropped-cropped-qqpets-tiktok.jpg\",\"width\":511,\"height\":511,\"caption\":\"QQPETS\"},\"image\":{\"@id\":\"https:\/\/qqpets.com\/#\/schema\/logo\/image\/\"},\"sameAs\":[\"https:\/\/www.facebook.com\/QQpetsdogcollars\",\"https:\/\/www.instagram.com\/qqpetscollar\/\",\"https:\/\/www.pinterest.com\/qqpetsdogcollarsfactory\/\"]}]}<\/script>\n<!-- \/ Yoast SEO plugin. -->","yoast_head_json":{"title":"Pl\u00e1t\u011bn\u00fd postroj pro psy Easy Walk | QQPETS","description":"Stylov\u00fd pl\u00e1t\u011bn\u00fd postroj pro psy Easy Walk, ide\u00e1ln\u00ed pro ka\u017edodenn\u00ed proch\u00e1zky s bezpe\u010dn\u00fdm a pohodln\u00fdm no\u0161en\u00edm.","robots":{"index":"index","follow":"follow","max-snippet":"max-snippet:-1","max-image-preview":"max-image-preview:large","max-video-preview":"max-video-preview:-1"},"canonical":"https:\/\/qqpets.com\/cs\/produkt\/easy-walk-canvas-dog-harness\/","og_locale":"cs_CZ","og_type":"article","og_title":"Easy Walk Canvas Dog Harness | QQPETS","og_description":"Stylish Easy Walk Canvas Dog Harness, perfect for daily walks with secure and comfortable fit.","og_url":"https:\/\/qqpets.com\/cs\/produkt\/easy-walk-canvas-dog-harness\/","og_site_name":"QQPETS","article_publisher":"https:\/\/www.facebook.com\/QQpetsdogcollars","og_image":[{"width":800,"height":800,"url":"https:\/\/qqpets.com\/wp-content\/uploads\/2024\/09\/Canvas-dog-harness1.webp","type":"image\/webp"}],"twitter_card":"summary_large_image","twitter_misc":{"Odhadovan\u00e1 doba \u010dten\u00ed":"2 minuty"},"schema":{"@context":"https:\/\/schema.org","@graph":[{"@type":"WebPage","@id":"https:\/\/qqpets.com\/product\/easy-walk-canvas-dog-harness\/","url":"https:\/\/qqpets.com\/product\/easy-walk-canvas-dog-harness\/","name":"Pl\u00e1t\u011bn\u00fd postroj pro psy Easy Walk | QQPETS","isPartOf":{"@id":"https:\/\/qqpets.com\/#website"},"primaryImageOfPage":{"@id":"https:\/\/qqpets.com\/product\/easy-walk-canvas-dog-harness\/#primaryimage"},"image":{"@id":"https:\/\/qqpets.com\/product\/easy-walk-canvas-dog-harness\/#primaryimage"},"thumbnailUrl":"https:\/\/qqpets.com\/wp-content\/uploads\/2024\/09\/Canvas-dog-harness1.webp","datePublished":"2024-09-30T07:58:12+00:00","description":"Stylov\u00fd pl\u00e1t\u011bn\u00fd postroj pro psy Easy Walk, ide\u00e1ln\u00ed pro ka\u017edodenn\u00ed proch\u00e1zky s bezpe\u010dn\u00fdm a pohodln\u00fdm no\u0161en\u00edm.","breadcrumb":{"@id":"https:\/\/qqpets.com\/product\/easy-walk-canvas-dog-harness\/#breadcrumb"},"inLanguage":"cs","potentialAction":[{"@type":"ReadAction","target":["https:\/\/qqpets.com\/product\/easy-walk-canvas-dog-harness\/"]}]},{"@type":"ImageObject","inLanguage":"cs","@id":"https:\/\/qqpets.com\/product\/easy-walk-canvas-dog-harness\/#primaryimage","url":"https:\/\/qqpets.com\/wp-content\/uploads\/2024\/09\/Canvas-dog-harness1.webp","contentUrl":"https:\/\/qqpets.com\/wp-content\/uploads\/2024\/09\/Canvas-dog-harness1.webp","width":800,"height":800},{"@type":"BreadcrumbList","@id":"https:\/\/qqpets.com\/product\/easy-walk-canvas-dog-harness\/#breadcrumb","itemListElement":[{"@type":"ListItem","position":1,"name":"Home","item":"https:\/\/qqpets.com\/"},{"@type":"ListItem","position":2,"name":"Products","item":"https:\/\/qqpets.com\/pet-products-manufacturer\/"},{"@type":"ListItem","position":3,"name":"Easy Walk Canvas Dog Harness"}]},{"@type":"WebSite","@id":"https:\/\/qqpets.com\/#website","url":"https:\/\/qqpets.com\/","name":"QQPETS","description":"QQPETS je tov\u00e1rna na v\u00fdrobky pro dom\u00e1c\u00ed mazl\u00ed\u010dky pro ps\u00ed postroje, obojky, vod\u00edtka a dopl\u0148ky pro psy s profesion\u00e1ln\u00edmi slu\u017ebami na m\u00edru od roku 2005.","publisher":{"@id":"https:\/\/qqpets.com\/#organization"},"potentialAction":[{"@type":"SearchAction","target":{"@type":"EntryPoint","urlTemplate":"https:\/\/qqpets.com\/?s={search_term_string}"},"query-input":{"@type":"PropertyValueSpecification","valueRequired":true,"valueName":"search_term_string"}}],"inLanguage":"cs"},{"@type":"Organization","@id":"https:\/\/qqpets.com\/#organization","name":"QQPETS","url":"https:\/\/qqpets.com\/","logo":{"@type":"ImageObject","inLanguage":"cs","@id":"https:\/\/qqpets.com\/#\/schema\/logo\/image\/","url":"https:\/\/qqpets.com\/wp-content\/uploads\/2023\/09\/cropped-cropped-qqpets-tiktok.jpg","contentUrl":"https:\/\/qqpets.com\/wp-content\/uploads\/2023\/09\/cropped-cropped-qqpets-tiktok.jpg","width":511,"height":511,"caption":"QQPETS"},"image":{"@id":"https:\/\/qqpets.com\/#\/schema\/logo\/image\/"},"sameAs":["https:\/\/www.facebook.com\/QQpetsdogcollars","https:\/\/www.instagram.com\/qqpetscollar\/","https:\/\/www.pinterest.com\/qqpetsdogcollarsfactory\/"]}]}},"_links":{"self":[{"href":"https:\/\/qqpets.com\/cs\/wp-json\/wp\/v2\/product\/8437","targetHints":{"allow":["GET"]}}],"collection":[{"href":"https:\/\/qqpets.com\/cs\/wp-json\/wp\/v2\/product"}],"about":[{"href":"https:\/\/qqpets.com\/cs\/wp-json\/wp\/v2\/types\/product"}],"wp:featuredmedia":[{"embeddable":true,"href":"https:\/\/qqpets.com\/cs\/wp-json\/wp\/v2\/media\/8441"}],"wp:attachment":[{"href":"https:\/\/qqpets.com\/cs\/wp-json\/wp\/v2\/media?parent=8437"}],"wp:term":[{"taxonomy":"product_brand","embeddable":true,"href":"https:\/\/qqpets.com\/cs\/wp-json\/wp\/v2\/product_brand?post=8437"},{"taxonomy":"product_cat","embeddable":true,"href":"https:\/\/qqpets.com\/cs\/wp-json\/wp\/v2\/product_cat?post=8437"},{"taxonomy":"product_tag","embeddable":true,"href":"https:\/\/qqpets.com\/cs\/wp-json\/wp\/v2\/product_tag?post=8437"}],"curies":[{"name":"wp","href":"https:\/\/api.w.org\/{rel}","templated":true}]}}