{"id":8444,"date":"2024-09-30T16:17:02","date_gmt":"2024-09-30T08:17:02","guid":{"rendered":"https:\/\/qqpets.com\/?post_type=product&#038;p=8444"},"modified":"2024-09-30T16:17:02","modified_gmt":"2024-09-30T08:17:02","slug":"easy-walk-step-in-dog-harness-set","status":"publish","type":"product","link":"https:\/\/qqpets.com\/cs\/produkt\/easy-walk-step-in-dog-harness-set\/","title":{"rendered":"Sada postroj\u016f pro psy Easy Walk Step In"},"content":{"rendered":"<p>P\u0159edstavujeme sadu postroj\u016f Easy Walk Step In - dokonal\u00e9 \u0159e\u0161en\u00ed pro bezprobl\u00e9mov\u00e9 proch\u00e1zky s va\u0161\u00edm milovan\u00fdm mazl\u00ed\u010dkem. Tato sada byla vytvo\u0159ena s ohledem na modern\u00ed majitele dom\u00e1c\u00edch mazl\u00ed\u010dk\u016f a je vybavena postrojem step-in, kter\u00fd eliminuje komplikace tradi\u010dn\u00edch postroj\u016f p\u0159es hlavu a umo\u017e\u0148uje neuv\u011b\u0159iteln\u011b snadn\u00e9 zaji\u0161t\u011bn\u00ed psa bez nepohodl\u00ed.<\/p>\n<p>Postroj je vyroben z vysoce kvalitn\u00ed prody\u0161n\u00e9 tkaniny, kter\u00e1 si zachov\u00e1v\u00e1 sv\u016fj tvar a funk\u010dnost i po opakovan\u00e9m pou\u017eit\u00ed. Nastaviteln\u00e9 popruhy umo\u017e\u0148uj\u00ed p\u0159izp\u016fsobit postroj ka\u017ed\u00e9 velikosti psa, zaji\u0161\u0165uj\u00ed pohodl\u00ed a zabra\u0148uj\u00ed \u00fat\u011bku. Reflexn\u00ed pro\u0161it\u00ed postroje a vod\u00edtka zvy\u0161uje viditelnost p\u0159i rann\u00edch nebo pozdn\u011b ve\u010dern\u00edch proch\u00e1zk\u00e1ch a dod\u00e1v\u00e1 va\u0161emu mazl\u00ed\u010dkovi dal\u0161\u00ed vrstvu bezpe\u010dnosti.<\/p>\n<p>Odpov\u00eddaj\u00edc\u00ed vod\u00edtko je robustn\u00ed a je vybaveno silnou sponou pro bezpe\u010dn\u00e9 p\u0159ipevn\u011bn\u00ed, kter\u00e1 v\u00e1m zajist\u00ed kontrolu p\u0159i proch\u00e1zk\u00e1ch, zat\u00edmco m\u011bkk\u00e1 rukoje\u0165 zajist\u00ed pohodl\u00ed pro va\u0161i ruku. Sada postroj\u016f pro psy Easy Walk Step In je nejen praktick\u00e1, ale tak\u00e9 stylov\u00e1 d\u00edky z\u00e1\u0159iv\u011b r\u016f\u017eov\u00e9mu designu, kter\u00fd odr\u00e1\u017e\u00ed z\u00e1bavnou a \u017eivou osobnost.<\/p>\n<p>Tento v\u00fdrobek je vynikaj\u00edc\u00ed volbou pro majitele dom\u00e1c\u00edch mazl\u00ed\u010dk\u016f, kte\u0159\u00ed hledaj\u00ed kombinaci stylu, bezpe\u010dnosti a pohodl\u00ed. Je ide\u00e1ln\u00ed pro ka\u017edodenn\u00ed proch\u00e1zky, n\u00e1v\u0161t\u011bvy veterin\u00e1\u0159e nebo jak\u00e1koli venkovn\u00ed dobrodru\u017estv\u00ed s va\u0161\u00edm chlupat\u00fdm p\u0159\u00edtelem, proto\u017ee zaji\u0161\u0165uje, aby vypadal skv\u011ble a z\u00e1rove\u0148 byl v bezpe\u010d\u00ed a pohodl\u00ed. Tato sada postroj\u016f, kter\u00e1 je vhodn\u00e1 pro psy v\u0161ech plemen a velikost\u00ed, zjednodu\u0161uje manipulaci se zv\u00ed\u0159etem a je nezbytnou sou\u010d\u00e1st\u00ed sb\u00edrky ps\u00edch dopl\u0148k\u016f.<\/p>\n<h5><strong>Jsou postroje step-in vhodn\u00e9 pro psy?<\/strong><\/h5>\n<p>Ano, stup\u0148ovit\u00e9 postroje jsou pro psy vhodn\u00e9, proto\u017ee se obecn\u011b snadno nasazuj\u00ed a sund\u00e1vaj\u00ed, rovnom\u011brn\u011b rozkl\u00e1daj\u00ed tlak na hrudn\u00edk a ramena a m\u00e9n\u011b \u010dasto zp\u016fsobuj\u00ed p\u0159et\u00ed\u017een\u00ed krku. Jsou v\u00fdhodn\u00e9 zejm\u00e9na pro mal\u00e9 a\u017e st\u0159edn\u011b velk\u00e9 psy.<\/p>\n<h5><strong>Je postroj Easy Walk vhodn\u00fd pro psy?<\/strong><\/h5>\n<p>Ano, postroj Easy Walk je v\u00fdhodn\u00fd pro psy, zejm\u00e9na pro ty, kte\u0159\u00ed t\u00e1hnou, proto\u017ee je vybaven p\u0159edn\u00edm vod\u00edtkem, kter\u00e9 pom\u00e1h\u00e1 p\u0159esm\u011brovat tah psa do strany, nikoli dop\u0159edu, co\u017e usnad\u0148uje ch\u016fzi a zefektiv\u0148uje v\u00fdcvik.<\/p>\n<h5><strong>Jak nasadit postroj na psa Easy Walk?<\/strong><\/h5>\n<p>Postroj polo\u017ete rovn\u011b na zem, ve\u010fte nohy psa do otvor\u016f, pak postroj vyt\u00e1hn\u011bte nahoru a zapn\u011bte sponu na zadn\u00ed stran\u011b. Ujist\u011bte se, \u017ee je hrudn\u00ed popruh vodorovn\u011b a sed\u00ed n\u00edzko p\u0159es hrudn\u00ed kost, nikoliv p\u0159es krk.<\/p>\n<h5><strong>Jak p\u0159im\u011bt psa, aby si zapnul postroj?<\/strong><\/h5>\n<p>Postroj polo\u017ete na zem a pomoc\u00ed pamlsk\u016f nal\u00e1kejte psa, aby vstoupil do ka\u017ed\u00e9ho otvoru pro nohu. Jakmile pes vstoup\u00ed, jemn\u011b mu postroj vyt\u00e1hn\u011bte nahoru a p\u0159es z\u00e1da a zajist\u011bte spony, p\u0159i\u010dem\u017e ho hodn\u011b chvalte a d\u00e1vejte mu pamlsky, abyste mu vytvo\u0159ili pozitivn\u00ed z\u00e1\u017eitek.<\/p>","protected":false},"excerpt":{"rendered":"<p>Na\u0161e sada postroj\u016f Easy Walk Step In je navr\u017eena pro maxim\u00e1ln\u00ed pohodl\u00ed a snadn\u00e9 pou\u017e\u00edv\u00e1n\u00ed. Tato sada \"v\u0161e v jednom\" obsahuje lehk\u00fd postroj step-in a odpov\u00eddaj\u00edc\u00ed vod\u00edtko, ide\u00e1ln\u00ed pro ka\u017edodenn\u00ed proch\u00e1zky. Postroj m\u00e1 konstrukci bez tah\u00e1n\u00ed, kter\u00e1 zabra\u0148uje nam\u00e1h\u00e1n\u00ed krku va\u0161eho psa, zat\u00edmco m\u011bkk\u00e1, prody\u0161n\u00e1 tkanina zaji\u0161\u0165uje pohodl\u00ed i p\u0159i del\u0161\u00edm no\u0161en\u00ed. Rychloup\u00ednac\u00ed p\u0159ezky usnad\u0148uj\u00ed nasazov\u00e1n\u00ed a sund\u00e1v\u00e1n\u00ed a zaji\u0161\u0165uj\u00ed tak poka\u017ed\u00e9 bezprobl\u00e9mov\u00fd z\u00e1\u017eitek. Je ide\u00e1ln\u00ed pro v\u0161echna plemena, kombinuje funk\u010dnost se stylem a dod\u00e1v\u00e1 se v z\u00e1\u0159iv\u011b r\u016f\u017eov\u00e9 barv\u011b, kter\u00e1 zajist\u00ed, \u017ee v\u00e1\u0161 pes vynikne a z\u00e1rove\u0148 z\u016fstane v bezpe\u010d\u00ed.<\/p>","protected":false},"featured_media":8445,"template":"","meta":[],"product_brand":[],"product_cat":[23],"product_tag":[],"class_list":{"0":"post-8444","1":"product","2":"type-product","3":"status-publish","4":"has-post-thumbnail","6":"product_cat-dog-harness","7":"pa_brand-qqpets","9":"first","10":"instock","11":"shipping-taxable","12":"product-type-simple"},"yoast_head":"<!-- This site is optimized with the Yoast SEO plugin v26.6 - https:\/\/yoast.com\/wordpress\/plugins\/seo\/ -->\n<title>Easy Walk Step In Dog Harness Set | QQPETS<\/title>\n<meta name=\"description\" content=\"Enhance your dog&#039;s comfort and safety with our Easy Walk Step In Dog Harness Set, perfect for daily use.\" \/>\n<meta name=\"robots\" content=\"index, follow, max-snippet:-1, max-image-preview:large, max-video-preview:-1\" \/>\n<link rel=\"canonical\" href=\"https:\/\/qqpets.com\/cs\/produkt\/easy-walk-step-in-dog-harness-set\/\" \/>\n<meta property=\"og:locale\" content=\"cs_CZ\" \/>\n<meta property=\"og:type\" content=\"article\" \/>\n<meta property=\"og:title\" content=\"Easy Walk Step In Dog Harness Set | QQPETS\" \/>\n<meta property=\"og:description\" content=\"Enhance your dog&#039;s comfort and safety with our Easy Walk Step In Dog Harness Set, perfect for daily use.\" \/>\n<meta property=\"og:url\" content=\"https:\/\/qqpets.com\/cs\/produkt\/easy-walk-step-in-dog-harness-set\/\" \/>\n<meta property=\"og:site_name\" content=\"QQPETS\" \/>\n<meta property=\"article:publisher\" content=\"https:\/\/www.facebook.com\/QQpetsdogcollars\" \/>\n<meta property=\"og:image\" content=\"https:\/\/qqpets.com\/wp-content\/uploads\/2024\/09\/step-in-dog-harness-set5.webp\" \/>\n\t<meta property=\"og:image:width\" content=\"800\" \/>\n\t<meta property=\"og:image:height\" content=\"800\" \/>\n\t<meta property=\"og:image:type\" content=\"image\/webp\" \/>\n<meta name=\"twitter:card\" content=\"summary_large_image\" \/>\n<meta name=\"twitter:label1\" content=\"Odhadovan\u00e1 doba \u010dten\u00ed\" \/>\n\t<meta name=\"twitter:data1\" content=\"3 minuty\" \/>\n<script type=\"application\/ld+json\" class=\"yoast-schema-graph\">{\"@context\":\"https:\/\/schema.org\",\"@graph\":[{\"@type\":\"WebPage\",\"@id\":\"https:\/\/qqpets.com\/product\/easy-walk-step-in-dog-harness-set\/\",\"url\":\"https:\/\/qqpets.com\/product\/easy-walk-step-in-dog-harness-set\/\",\"name\":\"Easy Walk Step In Dog Harness Set | QQPETS\",\"isPartOf\":{\"@id\":\"https:\/\/qqpets.com\/#website\"},\"primaryImageOfPage\":{\"@id\":\"https:\/\/qqpets.com\/product\/easy-walk-step-in-dog-harness-set\/#primaryimage\"},\"image\":{\"@id\":\"https:\/\/qqpets.com\/product\/easy-walk-step-in-dog-harness-set\/#primaryimage\"},\"thumbnailUrl\":\"https:\/\/qqpets.com\/wp-content\/uploads\/2024\/09\/step-in-dog-harness-set5.webp\",\"datePublished\":\"2024-09-30T08:17:02+00:00\",\"description\":\"Enhance your dog's comfort and safety with our Easy Walk Step In Dog Harness Set, perfect for daily use.\",\"breadcrumb\":{\"@id\":\"https:\/\/qqpets.com\/product\/easy-walk-step-in-dog-harness-set\/#breadcrumb\"},\"inLanguage\":\"cs\",\"potentialAction\":[{\"@type\":\"ReadAction\",\"target\":[\"https:\/\/qqpets.com\/product\/easy-walk-step-in-dog-harness-set\/\"]}]},{\"@type\":\"ImageObject\",\"inLanguage\":\"cs\",\"@id\":\"https:\/\/qqpets.com\/product\/easy-walk-step-in-dog-harness-set\/#primaryimage\",\"url\":\"https:\/\/qqpets.com\/wp-content\/uploads\/2024\/09\/step-in-dog-harness-set5.webp\",\"contentUrl\":\"https:\/\/qqpets.com\/wp-content\/uploads\/2024\/09\/step-in-dog-harness-set5.webp\",\"width\":800,\"height\":800},{\"@type\":\"BreadcrumbList\",\"@id\":\"https:\/\/qqpets.com\/product\/easy-walk-step-in-dog-harness-set\/#breadcrumb\",\"itemListElement\":[{\"@type\":\"ListItem\",\"position\":1,\"name\":\"Home\",\"item\":\"https:\/\/qqpets.com\/\"},{\"@type\":\"ListItem\",\"position\":2,\"name\":\"Products\",\"item\":\"https:\/\/qqpets.com\/pet-products-manufacturer\/\"},{\"@type\":\"ListItem\",\"position\":3,\"name\":\"Easy Walk Step In Dog Harness Set\"}]},{\"@type\":\"WebSite\",\"@id\":\"https:\/\/qqpets.com\/#website\",\"url\":\"https:\/\/qqpets.com\/\",\"name\":\"QQPETS\",\"description\":\"QQPETS is a pet products factory for dog harnesses, dog collars, dog leashes and dog accessories with professional customized service since 2005.\",\"publisher\":{\"@id\":\"https:\/\/qqpets.com\/#organization\"},\"potentialAction\":[{\"@type\":\"SearchAction\",\"target\":{\"@type\":\"EntryPoint\",\"urlTemplate\":\"https:\/\/qqpets.com\/?s={search_term_string}\"},\"query-input\":{\"@type\":\"PropertyValueSpecification\",\"valueRequired\":true,\"valueName\":\"search_term_string\"}}],\"inLanguage\":\"cs\"},{\"@type\":\"Organization\",\"@id\":\"https:\/\/qqpets.com\/#organization\",\"name\":\"QQPETS\",\"url\":\"https:\/\/qqpets.com\/\",\"logo\":{\"@type\":\"ImageObject\",\"inLanguage\":\"cs\",\"@id\":\"https:\/\/qqpets.com\/#\/schema\/logo\/image\/\",\"url\":\"https:\/\/qqpets.com\/wp-content\/uploads\/2023\/09\/cropped-cropped-qqpets-tiktok.jpg\",\"contentUrl\":\"https:\/\/qqpets.com\/wp-content\/uploads\/2023\/09\/cropped-cropped-qqpets-tiktok.jpg\",\"width\":511,\"height\":511,\"caption\":\"QQPETS\"},\"image\":{\"@id\":\"https:\/\/qqpets.com\/#\/schema\/logo\/image\/\"},\"sameAs\":[\"https:\/\/www.facebook.com\/QQpetsdogcollars\",\"https:\/\/www.instagram.com\/qqpetscollar\/\",\"https:\/\/www.pinterest.com\/qqpetsdogcollarsfactory\/\"]}]}<\/script>\n<!-- \/ Yoast SEO plugin. -->","yoast_head_json":{"title":"Sada postroj\u016f pro psy Easy Walk Step In | QQPETS","description":"Zvy\u0161te pohodl\u00ed a bezpe\u010dnost sv\u00e9ho psa s na\u0161\u00ed sadou postroj\u016f Easy Walk Step In, kter\u00e1 je ide\u00e1ln\u00ed pro ka\u017edodenn\u00ed pou\u017e\u00edv\u00e1n\u00ed.","robots":{"index":"index","follow":"follow","max-snippet":"max-snippet:-1","max-image-preview":"max-image-preview:large","max-video-preview":"max-video-preview:-1"},"canonical":"https:\/\/qqpets.com\/cs\/produkt\/easy-walk-step-in-dog-harness-set\/","og_locale":"cs_CZ","og_type":"article","og_title":"Easy Walk Step In Dog Harness Set | QQPETS","og_description":"Enhance your dog's comfort and safety with our Easy Walk Step In Dog Harness Set, perfect for daily use.","og_url":"https:\/\/qqpets.com\/cs\/produkt\/easy-walk-step-in-dog-harness-set\/","og_site_name":"QQPETS","article_publisher":"https:\/\/www.facebook.com\/QQpetsdogcollars","og_image":[{"width":800,"height":800,"url":"https:\/\/qqpets.com\/wp-content\/uploads\/2024\/09\/step-in-dog-harness-set5.webp","type":"image\/webp"}],"twitter_card":"summary_large_image","twitter_misc":{"Odhadovan\u00e1 doba \u010dten\u00ed":"3 minuty"},"schema":{"@context":"https:\/\/schema.org","@graph":[{"@type":"WebPage","@id":"https:\/\/qqpets.com\/product\/easy-walk-step-in-dog-harness-set\/","url":"https:\/\/qqpets.com\/product\/easy-walk-step-in-dog-harness-set\/","name":"Sada postroj\u016f pro psy Easy Walk Step In | QQPETS","isPartOf":{"@id":"https:\/\/qqpets.com\/#website"},"primaryImageOfPage":{"@id":"https:\/\/qqpets.com\/product\/easy-walk-step-in-dog-harness-set\/#primaryimage"},"image":{"@id":"https:\/\/qqpets.com\/product\/easy-walk-step-in-dog-harness-set\/#primaryimage"},"thumbnailUrl":"https:\/\/qqpets.com\/wp-content\/uploads\/2024\/09\/step-in-dog-harness-set5.webp","datePublished":"2024-09-30T08:17:02+00:00","description":"Zvy\u0161te pohodl\u00ed a bezpe\u010dnost sv\u00e9ho psa s na\u0161\u00ed sadou postroj\u016f Easy Walk Step In, kter\u00e1 je ide\u00e1ln\u00ed pro ka\u017edodenn\u00ed pou\u017e\u00edv\u00e1n\u00ed.","breadcrumb":{"@id":"https:\/\/qqpets.com\/product\/easy-walk-step-in-dog-harness-set\/#breadcrumb"},"inLanguage":"cs","potentialAction":[{"@type":"ReadAction","target":["https:\/\/qqpets.com\/product\/easy-walk-step-in-dog-harness-set\/"]}]},{"@type":"ImageObject","inLanguage":"cs","@id":"https:\/\/qqpets.com\/product\/easy-walk-step-in-dog-harness-set\/#primaryimage","url":"https:\/\/qqpets.com\/wp-content\/uploads\/2024\/09\/step-in-dog-harness-set5.webp","contentUrl":"https:\/\/qqpets.com\/wp-content\/uploads\/2024\/09\/step-in-dog-harness-set5.webp","width":800,"height":800},{"@type":"BreadcrumbList","@id":"https:\/\/qqpets.com\/product\/easy-walk-step-in-dog-harness-set\/#breadcrumb","itemListElement":[{"@type":"ListItem","position":1,"name":"Home","item":"https:\/\/qqpets.com\/"},{"@type":"ListItem","position":2,"name":"Products","item":"https:\/\/qqpets.com\/pet-products-manufacturer\/"},{"@type":"ListItem","position":3,"name":"Easy Walk Step In Dog Harness Set"}]},{"@type":"WebSite","@id":"https:\/\/qqpets.com\/#website","url":"https:\/\/qqpets.com\/","name":"QQPETS","description":"QQPETS je tov\u00e1rna na v\u00fdrobky pro dom\u00e1c\u00ed mazl\u00ed\u010dky pro ps\u00ed postroje, obojky, vod\u00edtka a dopl\u0148ky pro psy s profesion\u00e1ln\u00edmi slu\u017ebami na m\u00edru od roku 2005.","publisher":{"@id":"https:\/\/qqpets.com\/#organization"},"potentialAction":[{"@type":"SearchAction","target":{"@type":"EntryPoint","urlTemplate":"https:\/\/qqpets.com\/?s={search_term_string}"},"query-input":{"@type":"PropertyValueSpecification","valueRequired":true,"valueName":"search_term_string"}}],"inLanguage":"cs"},{"@type":"Organization","@id":"https:\/\/qqpets.com\/#organization","name":"QQPETS","url":"https:\/\/qqpets.com\/","logo":{"@type":"ImageObject","inLanguage":"cs","@id":"https:\/\/qqpets.com\/#\/schema\/logo\/image\/","url":"https:\/\/qqpets.com\/wp-content\/uploads\/2023\/09\/cropped-cropped-qqpets-tiktok.jpg","contentUrl":"https:\/\/qqpets.com\/wp-content\/uploads\/2023\/09\/cropped-cropped-qqpets-tiktok.jpg","width":511,"height":511,"caption":"QQPETS"},"image":{"@id":"https:\/\/qqpets.com\/#\/schema\/logo\/image\/"},"sameAs":["https:\/\/www.facebook.com\/QQpetsdogcollars","https:\/\/www.instagram.com\/qqpetscollar\/","https:\/\/www.pinterest.com\/qqpetsdogcollarsfactory\/"]}]}},"_links":{"self":[{"href":"https:\/\/qqpets.com\/cs\/wp-json\/wp\/v2\/product\/8444","targetHints":{"allow":["GET"]}}],"collection":[{"href":"https:\/\/qqpets.com\/cs\/wp-json\/wp\/v2\/product"}],"about":[{"href":"https:\/\/qqpets.com\/cs\/wp-json\/wp\/v2\/types\/product"}],"wp:featuredmedia":[{"embeddable":true,"href":"https:\/\/qqpets.com\/cs\/wp-json\/wp\/v2\/media\/8445"}],"wp:attachment":[{"href":"https:\/\/qqpets.com\/cs\/wp-json\/wp\/v2\/media?parent=8444"}],"wp:term":[{"taxonomy":"product_brand","embeddable":true,"href":"https:\/\/qqpets.com\/cs\/wp-json\/wp\/v2\/product_brand?post=8444"},{"taxonomy":"product_cat","embeddable":true,"href":"https:\/\/qqpets.com\/cs\/wp-json\/wp\/v2\/product_cat?post=8444"},{"taxonomy":"product_tag","embeddable":true,"href":"https:\/\/qqpets.com\/cs\/wp-json\/wp\/v2\/product_tag?post=8444"}],"curies":[{"name":"wp","href":"https:\/\/api.w.org\/{rel}","templated":true}]}}