{"id":8457,"date":"2024-09-30T17:26:38","date_gmt":"2024-09-30T09:26:38","guid":{"rendered":"https:\/\/qqpets.com\/?post_type=product&#038;p=8457"},"modified":"2024-09-30T17:26:38","modified_gmt":"2024-09-30T09:26:38","slug":"cat-collar-with-bell","status":"publish","type":"product","link":"https:\/\/qqpets.com\/cs\/produkt\/cat-collar-with-bell\/","title":{"rendered":"Obojek pro ko\u010dky se zvonkem"},"content":{"rendered":"<p>P\u0159edstavujeme v\u00e1m dokonalou kombinaci funk\u010dnosti a m\u00f3dy v podob\u011b na\u0161eho obojku pro ko\u010dky se zvone\u010dkem. Tento rozko\u0161n\u00fd dopln\u011bk je navr\u017een tak, aby udr\u017eel va\u0161i milovanou ko\u010dku v bezpe\u010d\u00ed a z\u00e1rove\u0148 dodal jej\u00edmu ka\u017edodenn\u00edmu vzhledu \u0161petku elegance.<\/p>\n<p><strong>Kl\u00ed\u010dov\u00e9 vlastnosti:<\/strong><\/p>\n<ul>\n<li><strong>Pohodln\u00e9 no\u0161en\u00ed:<\/strong> N\u00e1\u0161 obojek pro ko\u010dky je vyroben z vysoce kvalitn\u00edch a lehk\u00fdch materi\u00e1l\u016f a je navr\u017een tak, aby zajistil pohodl\u00ed va\u0161\u00ed ko\u010dky po cel\u00fd den a nezp\u016fsoboval j\u00ed \u017e\u00e1dn\u00e9 podr\u00e1\u017ed\u011bn\u00ed.<\/li>\n<li><strong>Bezpe\u010dnostn\u00ed zvonek:<\/strong> Tento obojek je vybaven okouzluj\u00edc\u00edm zvone\u010dkem a pom\u00e1h\u00e1 v\u00e1m sledovat, kde se va\u0161e ko\u010dka nach\u00e1z\u00ed, t\u00edm, \u017ee vyd\u00e1v\u00e1 jemn\u00e9 cink\u00e1n\u00ed. Tato funkce je obzvl\u00e1\u0161t\u011b p\u0159\u00ednosn\u00e1 pro ko\u010dky, kter\u00e9 se r\u00e1dy pl\u00ed\u017e\u00ed a zkoumaj\u00ed, a poskytuje majitel\u016fm klid.<\/li>\n<li><strong>Nastaviteln\u00fd design:<\/strong> Tento obojek je snadno nastaviteln\u00fd pro r\u016fzn\u00e9 velikosti krku a m\u016f\u017ee r\u016fst s va\u0161\u00edm mazl\u00ed\u010dkem od kot\u011bte a\u017e po dosp\u011bl\u00e9ho. Bezpe\u010dn\u00e9 zap\u00edn\u00e1n\u00ed zaji\u0161\u0165uje, \u017ee obojek z\u016fstane na sv\u00e9m m\u00edst\u011b, a p\u0159itom jej lze snadno sundat nebo upravit podle pot\u0159eby.<\/li>\n<li><strong>Odoln\u00e9 a omyvateln\u00e9:<\/strong> Tento obojek je vyroben tak, aby odolal n\u00e1ro\u010dn\u00fdm podm\u00ednk\u00e1m ko\u010di\u010d\u00edho \u017eivota, je odoln\u00fd a snadno se \u010dist\u00ed a zachov\u00e1v\u00e1 si sv\u016fj z\u00e1\u0159iv\u00fd vzhled b\u011bhem nes\u010detn\u00fdch dobrodru\u017estv\u00ed.<\/li>\n<li><strong>Stylov\u00e9 v\u00fdb\u011bry:<\/strong> K dispozici jsou r\u016fzn\u00e9 barvy a vzory, tak\u017ee si m\u016f\u017eete vybrat dokonal\u00fd styl odpov\u00eddaj\u00edc\u00ed osobnosti va\u0161\u00ed ko\u010dky a ud\u011blat z n\u00ed tu nejstylov\u011bj\u0161\u00ed ko\u010dku v bloku.<\/li>\n<\/ul>\n<p>N\u00e1\u0161 obojek pro ko\u010dky se zvonkem nen\u00ed jen dopl\u0148kem, ale i mal\u00fdm detailem, kter\u00fd m\u016f\u017ee v\u00fdrazn\u011b zv\u00fd\u0161it bezpe\u010dnost va\u0161\u00ed ko\u010dky venku. Kombinuje prakti\u010dnost se stylem, tak\u017ee je nezbytn\u00fdm produktem pro ka\u017ed\u00e9ho majitele ko\u010dky, kter\u00fd si cen\u00ed bezpe\u010dnosti a pohodl\u00ed sv\u00e9ho mazl\u00ed\u010dka.<\/p>\n<h5><strong>Jsou obojky se zvone\u010dky vhodn\u00e9 pro ko\u010dky?<\/strong><\/h5>\n<p>Obojky se zvonkem mohou b\u00fdt vhodn\u00e9 pro ko\u010dky, zejm\u00e9na venkovn\u00ed, proto\u017ee zvonek pom\u00e1h\u00e1 upozornit pt\u00e1ky a dal\u0161\u00ed voln\u011b \u017eij\u00edc\u00ed zv\u00ed\u0159ata na p\u0159\u00edtomnost ko\u010dky, co\u017e m\u016f\u017ee sn\u00ed\u017eit \u00fasp\u011b\u0161nost lovu.<\/p>\n<h5><strong>Co znamen\u00e1 zvone\u010dek na ko\u010di\u010d\u00edm obojku?<\/strong><\/h5>\n<p>Zvonek na obojku ko\u010dky obvykle znamen\u00e1, \u017ee ko\u010dka je venkovn\u00ed zv\u00ed\u0159e. Zvonek pom\u00e1h\u00e1 sledovat pohyb ko\u010dky a m\u016f\u017ee varovat ko\u0159ist, nap\u0159\u00edklad pt\u00e1ky a mal\u00e9 savce, p\u0159ed bl\u00ed\u017e\u00edc\u00ed se ko\u010dkou.<\/p>\n<h5><strong>Zabr\u00e1n\u00ed zvonek m\u00e9 ko\u010dce v lovu?<\/strong><\/h5>\n<p>Zvonek sice ko\u010dce v lovu zcela nezabr\u00e1n\u00ed, ale m\u016f\u017ee sn\u00ed\u017eit jej\u00ed \u0161ance na uloven\u00ed ko\u0159isti t\u00edm, \u017ee p\u0159i pohybu ko\u010dky upozorn\u00ed potenci\u00e1ln\u00ed c\u00edle zvukem.<\/p>\n<h5><strong>M\u011bly by ko\u010dky nosit obojky neust\u00e1le?<\/strong><\/h5>\n<p>Ko\u010dky, kter\u00e9 chod\u00ed ven, by m\u011bly m\u00edt z identifika\u010dn\u00edch a bezpe\u010dnostn\u00edch d\u016fvod\u016f neust\u00e1le obojek. Ujist\u011bte se v\u0161ak, \u017ee obojek je odep\u00ednac\u00edho typu, kter\u00fd lze snadno sundat, pokud se o n\u011bco zachyt\u00ed, aby nedo\u0161lo ke zran\u011bn\u00ed. Ko\u010dky chovan\u00e9 uvnit\u0159 nemus\u00ed nosit obojky neust\u00e1le, z\u00e1le\u017e\u00ed na preferenc\u00edch majitele a toleranci ko\u010dky.<\/p>","protected":false},"excerpt":{"rendered":"<p>Zvy\u0161te bezpe\u010dnost a styl sv\u00e9 ko\u010dky pomoc\u00ed na\u0161eho obojku pro ko\u010dky se zvonkem. Tento nastaviteln\u00fd obojek m\u00e1 bezpe\u010dn\u00e9 zap\u00edn\u00e1n\u00ed a \u017eiv\u00fd zvonek, kter\u00fd v\u00e1m pom\u016f\u017ee sledovat pohyb va\u0161eho mazl\u00ed\u010dka. Je vyroben z m\u011bkk\u00fdch a odoln\u00fdch materi\u00e1l\u016f a zaji\u0161\u0165uje pohodl\u00ed a dlouhou \u017eivotnost. Zvonek dod\u00e1v\u00e1 obojku n\u00e1dech rozmarnosti a z\u00e1rove\u0148 slou\u017e\u00ed k praktick\u00e9mu \u00fa\u010delu upozorn\u011bn\u00ed pt\u00e1k\u016f a dal\u0161\u00edch voln\u011b \u017eij\u00edc\u00edch zv\u00ed\u0159at, tak\u017ee je ide\u00e1ln\u00ed volbou pro venkovn\u00ed dobrodruhy nebo pr\u016fzkumn\u00edky v interi\u00e9ru.<\/p>","protected":false},"featured_media":8459,"template":"","meta":[],"product_brand":[],"product_cat":[26],"product_tag":[],"class_list":{"0":"post-8457","1":"product","2":"type-product","3":"status-publish","4":"has-post-thumbnail","6":"product_cat-dog-collar","7":"pa_brand-qqpets","9":"first","10":"instock","11":"shipping-taxable","12":"product-type-simple"},"yoast_head":"<!-- This site is optimized with the Yoast SEO plugin v26.6 - https:\/\/yoast.com\/wordpress\/plugins\/seo\/ -->\n<title>Cat Collar With Bell | QQPETS<\/title>\n<meta name=\"description\" content=\"Charming Cat Collar with Bell, designed for safety and style, perfect for your feline friend.\" \/>\n<meta name=\"robots\" content=\"index, follow, max-snippet:-1, max-image-preview:large, max-video-preview:-1\" \/>\n<link rel=\"canonical\" href=\"https:\/\/qqpets.com\/cs\/produkt\/cat-collar-with-bell\/\" \/>\n<meta property=\"og:locale\" content=\"cs_CZ\" \/>\n<meta property=\"og:type\" content=\"article\" \/>\n<meta property=\"og:title\" content=\"Cat Collar With Bell | QQPETS\" \/>\n<meta property=\"og:description\" content=\"Charming Cat Collar with Bell, designed for safety and style, perfect for your feline friend.\" \/>\n<meta property=\"og:url\" content=\"https:\/\/qqpets.com\/cs\/produkt\/cat-collar-with-bell\/\" \/>\n<meta property=\"og:site_name\" content=\"QQPETS\" \/>\n<meta property=\"article:publisher\" content=\"https:\/\/www.facebook.com\/QQpetsdogcollars\" \/>\n<meta property=\"og:image\" content=\"https:\/\/qqpets.com\/wp-content\/uploads\/2024\/09\/cat-collar-with-bell1.webp\" \/>\n\t<meta property=\"og:image:width\" content=\"800\" \/>\n\t<meta property=\"og:image:height\" content=\"800\" \/>\n\t<meta property=\"og:image:type\" content=\"image\/webp\" \/>\n<meta name=\"twitter:card\" content=\"summary_large_image\" \/>\n<meta name=\"twitter:label1\" content=\"Odhadovan\u00e1 doba \u010dten\u00ed\" \/>\n\t<meta name=\"twitter:data1\" content=\"3 minuty\" \/>\n<script type=\"application\/ld+json\" class=\"yoast-schema-graph\">{\"@context\":\"https:\/\/schema.org\",\"@graph\":[{\"@type\":\"WebPage\",\"@id\":\"https:\/\/qqpets.com\/product\/cat-collar-with-bell\/\",\"url\":\"https:\/\/qqpets.com\/product\/cat-collar-with-bell\/\",\"name\":\"Cat Collar With Bell | QQPETS\",\"isPartOf\":{\"@id\":\"https:\/\/qqpets.com\/#website\"},\"primaryImageOfPage\":{\"@id\":\"https:\/\/qqpets.com\/product\/cat-collar-with-bell\/#primaryimage\"},\"image\":{\"@id\":\"https:\/\/qqpets.com\/product\/cat-collar-with-bell\/#primaryimage\"},\"thumbnailUrl\":\"https:\/\/qqpets.com\/wp-content\/uploads\/2024\/09\/cat-collar-with-bell1.webp\",\"datePublished\":\"2024-09-30T09:26:38+00:00\",\"description\":\"Charming Cat Collar with Bell, designed for safety and style, perfect for your feline friend.\",\"breadcrumb\":{\"@id\":\"https:\/\/qqpets.com\/product\/cat-collar-with-bell\/#breadcrumb\"},\"inLanguage\":\"cs\",\"potentialAction\":[{\"@type\":\"ReadAction\",\"target\":[\"https:\/\/qqpets.com\/product\/cat-collar-with-bell\/\"]}]},{\"@type\":\"ImageObject\",\"inLanguage\":\"cs\",\"@id\":\"https:\/\/qqpets.com\/product\/cat-collar-with-bell\/#primaryimage\",\"url\":\"https:\/\/qqpets.com\/wp-content\/uploads\/2024\/09\/cat-collar-with-bell1.webp\",\"contentUrl\":\"https:\/\/qqpets.com\/wp-content\/uploads\/2024\/09\/cat-collar-with-bell1.webp\",\"width\":800,\"height\":800},{\"@type\":\"BreadcrumbList\",\"@id\":\"https:\/\/qqpets.com\/product\/cat-collar-with-bell\/#breadcrumb\",\"itemListElement\":[{\"@type\":\"ListItem\",\"position\":1,\"name\":\"Home\",\"item\":\"https:\/\/qqpets.com\/\"},{\"@type\":\"ListItem\",\"position\":2,\"name\":\"Products\",\"item\":\"https:\/\/qqpets.com\/pet-products-manufacturer\/\"},{\"@type\":\"ListItem\",\"position\":3,\"name\":\"Cat Collar With Bell\"}]},{\"@type\":\"WebSite\",\"@id\":\"https:\/\/qqpets.com\/#website\",\"url\":\"https:\/\/qqpets.com\/\",\"name\":\"QQPETS\",\"description\":\"QQPETS is a pet products factory for dog harnesses, dog collars, dog leashes and dog accessories with professional customized service since 2005.\",\"publisher\":{\"@id\":\"https:\/\/qqpets.com\/#organization\"},\"potentialAction\":[{\"@type\":\"SearchAction\",\"target\":{\"@type\":\"EntryPoint\",\"urlTemplate\":\"https:\/\/qqpets.com\/?s={search_term_string}\"},\"query-input\":{\"@type\":\"PropertyValueSpecification\",\"valueRequired\":true,\"valueName\":\"search_term_string\"}}],\"inLanguage\":\"cs\"},{\"@type\":\"Organization\",\"@id\":\"https:\/\/qqpets.com\/#organization\",\"name\":\"QQPETS\",\"url\":\"https:\/\/qqpets.com\/\",\"logo\":{\"@type\":\"ImageObject\",\"inLanguage\":\"cs\",\"@id\":\"https:\/\/qqpets.com\/#\/schema\/logo\/image\/\",\"url\":\"https:\/\/qqpets.com\/wp-content\/uploads\/2023\/09\/cropped-cropped-qqpets-tiktok.jpg\",\"contentUrl\":\"https:\/\/qqpets.com\/wp-content\/uploads\/2023\/09\/cropped-cropped-qqpets-tiktok.jpg\",\"width\":511,\"height\":511,\"caption\":\"QQPETS\"},\"image\":{\"@id\":\"https:\/\/qqpets.com\/#\/schema\/logo\/image\/\"},\"sameAs\":[\"https:\/\/www.facebook.com\/QQpetsdogcollars\",\"https:\/\/www.instagram.com\/qqpetscollar\/\",\"https:\/\/www.pinterest.com\/qqpetsdogcollarsfactory\/\"]}]}<\/script>\n<!-- \/ Yoast SEO plugin. -->","yoast_head_json":{"title":"Obojek pro ko\u010dky se zvonkem | QQPETS","description":"Okouzluj\u00edc\u00ed obojek pro ko\u010dky se zvone\u010dkem, navr\u017een\u00fd pro bezpe\u010dnost a styl, ide\u00e1ln\u00ed pro va\u0161eho ko\u010di\u010d\u00edho p\u0159\u00edtele.","robots":{"index":"index","follow":"follow","max-snippet":"max-snippet:-1","max-image-preview":"max-image-preview:large","max-video-preview":"max-video-preview:-1"},"canonical":"https:\/\/qqpets.com\/cs\/produkt\/cat-collar-with-bell\/","og_locale":"cs_CZ","og_type":"article","og_title":"Cat Collar With Bell | QQPETS","og_description":"Charming Cat Collar with Bell, designed for safety and style, perfect for your feline friend.","og_url":"https:\/\/qqpets.com\/cs\/produkt\/cat-collar-with-bell\/","og_site_name":"QQPETS","article_publisher":"https:\/\/www.facebook.com\/QQpetsdogcollars","og_image":[{"width":800,"height":800,"url":"https:\/\/qqpets.com\/wp-content\/uploads\/2024\/09\/cat-collar-with-bell1.webp","type":"image\/webp"}],"twitter_card":"summary_large_image","twitter_misc":{"Odhadovan\u00e1 doba \u010dten\u00ed":"3 minuty"},"schema":{"@context":"https:\/\/schema.org","@graph":[{"@type":"WebPage","@id":"https:\/\/qqpets.com\/product\/cat-collar-with-bell\/","url":"https:\/\/qqpets.com\/product\/cat-collar-with-bell\/","name":"Obojek pro ko\u010dky se zvonkem | QQPETS","isPartOf":{"@id":"https:\/\/qqpets.com\/#website"},"primaryImageOfPage":{"@id":"https:\/\/qqpets.com\/product\/cat-collar-with-bell\/#primaryimage"},"image":{"@id":"https:\/\/qqpets.com\/product\/cat-collar-with-bell\/#primaryimage"},"thumbnailUrl":"https:\/\/qqpets.com\/wp-content\/uploads\/2024\/09\/cat-collar-with-bell1.webp","datePublished":"2024-09-30T09:26:38+00:00","description":"Okouzluj\u00edc\u00ed obojek pro ko\u010dky se zvone\u010dkem, navr\u017een\u00fd pro bezpe\u010dnost a styl, ide\u00e1ln\u00ed pro va\u0161eho ko\u010di\u010d\u00edho p\u0159\u00edtele.","breadcrumb":{"@id":"https:\/\/qqpets.com\/product\/cat-collar-with-bell\/#breadcrumb"},"inLanguage":"cs","potentialAction":[{"@type":"ReadAction","target":["https:\/\/qqpets.com\/product\/cat-collar-with-bell\/"]}]},{"@type":"ImageObject","inLanguage":"cs","@id":"https:\/\/qqpets.com\/product\/cat-collar-with-bell\/#primaryimage","url":"https:\/\/qqpets.com\/wp-content\/uploads\/2024\/09\/cat-collar-with-bell1.webp","contentUrl":"https:\/\/qqpets.com\/wp-content\/uploads\/2024\/09\/cat-collar-with-bell1.webp","width":800,"height":800},{"@type":"BreadcrumbList","@id":"https:\/\/qqpets.com\/product\/cat-collar-with-bell\/#breadcrumb","itemListElement":[{"@type":"ListItem","position":1,"name":"Home","item":"https:\/\/qqpets.com\/"},{"@type":"ListItem","position":2,"name":"Products","item":"https:\/\/qqpets.com\/pet-products-manufacturer\/"},{"@type":"ListItem","position":3,"name":"Cat Collar With Bell"}]},{"@type":"WebSite","@id":"https:\/\/qqpets.com\/#website","url":"https:\/\/qqpets.com\/","name":"QQPETS","description":"QQPETS je tov\u00e1rna na v\u00fdrobky pro dom\u00e1c\u00ed mazl\u00ed\u010dky pro ps\u00ed postroje, obojky, vod\u00edtka a dopl\u0148ky pro psy s profesion\u00e1ln\u00edmi slu\u017ebami na m\u00edru od roku 2005.","publisher":{"@id":"https:\/\/qqpets.com\/#organization"},"potentialAction":[{"@type":"SearchAction","target":{"@type":"EntryPoint","urlTemplate":"https:\/\/qqpets.com\/?s={search_term_string}"},"query-input":{"@type":"PropertyValueSpecification","valueRequired":true,"valueName":"search_term_string"}}],"inLanguage":"cs"},{"@type":"Organization","@id":"https:\/\/qqpets.com\/#organization","name":"QQPETS","url":"https:\/\/qqpets.com\/","logo":{"@type":"ImageObject","inLanguage":"cs","@id":"https:\/\/qqpets.com\/#\/schema\/logo\/image\/","url":"https:\/\/qqpets.com\/wp-content\/uploads\/2023\/09\/cropped-cropped-qqpets-tiktok.jpg","contentUrl":"https:\/\/qqpets.com\/wp-content\/uploads\/2023\/09\/cropped-cropped-qqpets-tiktok.jpg","width":511,"height":511,"caption":"QQPETS"},"image":{"@id":"https:\/\/qqpets.com\/#\/schema\/logo\/image\/"},"sameAs":["https:\/\/www.facebook.com\/QQpetsdogcollars","https:\/\/www.instagram.com\/qqpetscollar\/","https:\/\/www.pinterest.com\/qqpetsdogcollarsfactory\/"]}]}},"_links":{"self":[{"href":"https:\/\/qqpets.com\/cs\/wp-json\/wp\/v2\/product\/8457","targetHints":{"allow":["GET"]}}],"collection":[{"href":"https:\/\/qqpets.com\/cs\/wp-json\/wp\/v2\/product"}],"about":[{"href":"https:\/\/qqpets.com\/cs\/wp-json\/wp\/v2\/types\/product"}],"wp:featuredmedia":[{"embeddable":true,"href":"https:\/\/qqpets.com\/cs\/wp-json\/wp\/v2\/media\/8459"}],"wp:attachment":[{"href":"https:\/\/qqpets.com\/cs\/wp-json\/wp\/v2\/media?parent=8457"}],"wp:term":[{"taxonomy":"product_brand","embeddable":true,"href":"https:\/\/qqpets.com\/cs\/wp-json\/wp\/v2\/product_brand?post=8457"},{"taxonomy":"product_cat","embeddable":true,"href":"https:\/\/qqpets.com\/cs\/wp-json\/wp\/v2\/product_cat?post=8457"},{"taxonomy":"product_tag","embeddable":true,"href":"https:\/\/qqpets.com\/cs\/wp-json\/wp\/v2\/product_tag?post=8457"}],"curies":[{"name":"wp","href":"https:\/\/api.w.org\/{rel}","templated":true}]}}