{"id":8636,"date":"2024-10-17T10:34:30","date_gmt":"2024-10-17T02:34:30","guid":{"rendered":"https:\/\/qqpets.com\/?post_type=product&#038;p=8636"},"modified":"2024-11-14T11:46:25","modified_gmt":"2024-11-14T03:46:25","slug":"dog-tennis-ball","status":"publish","type":"product","link":"https:\/\/qqpets.com\/cs\/produkt\/dog-tennis-ball\/","title":{"rendered":"Ps\u00ed tenisov\u00fd m\u00ed\u010dek"},"content":{"rendered":"<p>P\u0159edstavujeme dokonalou nab\u00eddku pro firmy, kter\u00e9 cht\u011bj\u00ed zv\u00fd\u0161it presti\u017e sv\u00e9 zna\u010dky v oblasti dom\u00e1c\u00edch mazl\u00ed\u010dk\u016f: na\u0161e p\u0159izp\u016fsobiteln\u00e9 tenisov\u00e9 m\u00ed\u010dky pro psy. Ka\u017ed\u00fd m\u00ed\u010dek je vyroben z odoln\u00e9ho gumov\u00e9ho j\u00e1dra a m\u011bkk\u00e9ho plst\u011bn\u00e9ho povrchu, co\u017e zaji\u0161\u0165uje dlouhou \u017eivotnost a jemn\u00fd dotek na zuby a d\u00e1sn\u011b va\u0161eho mazl\u00ed\u010dka. D\u00edky na\u0161\u00ed jedine\u010dn\u00e9 sm\u011bsi materi\u00e1l\u016f jsou nejen odoln\u00e9 a vod\u011bodoln\u00e9, ale tak\u00e9 umo\u017e\u0148uj\u00ed \u017eiv\u00e9 a trvanliv\u00e9 vlastn\u00ed potisky va\u0161eho loga nebo designu.<\/p>\n<p><strong>Kl\u00ed\u010dov\u00e9 vlastnosti:<\/strong><\/p>\n<ul>\n<li><strong>Odolnost<\/strong>: Tyto m\u00ed\u010de jsou vyrobeny ze siln\u00e9ho gumov\u00e9ho m\u011bch\u00fd\u0159e a pota\u017eeny vysoce kvalitn\u00ed plst\u00ed a jsou navr\u017eeny tak, aby vydr\u017eely ka\u017ed\u00e9 aportov\u00e1n\u00ed, h\u00e1zen\u00ed a hran\u00ed.<\/li>\n<li><strong>P\u0159izp\u016fsoben\u00ed<\/strong>: Nab\u00eddn\u011bte jedine\u010dn\u00fd marketingov\u00fd n\u00e1stroj t\u00edm, \u017ee si tyto tenisov\u00e9 m\u00ed\u010dky p\u0159izp\u016fsob\u00edte logu sv\u00e9 spole\u010dnosti, slogan\u016fm nebo jak\u00e9mukoli vzoru, kter\u00fd si p\u0159ejete. Vynikaj\u00edc\u00ed pro firemn\u00ed akce, d\u00e1rky nebo zbo\u017e\u00ed pro obchody s dom\u00e1c\u00edmi mazl\u00ed\u010dky.<\/li>\n<li><strong>Bezpe\u010dnost p\u0159edev\u0161\u00edm<\/strong>: Vyrobeno z neabrazivn\u00edch materi\u00e1l\u016f, kter\u00e9 jsou \u0161etrn\u00e9 k zub\u016fm a d\u00e1sn\u00edm a zaji\u0161\u0165uj\u00ed bezpe\u010dn\u00e9 hran\u00ed.<\/li>\n<li><strong>Viditelnost<\/strong>: K dispozici je \u0159ada jasn\u00fdch barev, abyste je snadno na\u0161li, a\u0165 u\u017e si hrajete v parku nebo na zahrad\u011b.<\/li>\n<li><strong>V\u0161estrann\u00e9 pou\u017eit\u00ed<\/strong>: Ide\u00e1ln\u00ed pro tr\u00e9nink, aportov\u00e1n\u00ed nebo prost\u011b pro to, aby va\u0161i \u010dty\u0159noz\u00ed z\u00e1kazn\u00edci m\u011bli d\u016fvod z\u016fstat aktivn\u00ed a spokojen\u00ed.<\/li>\n<\/ul>\n<p><strong>Ide\u00e1ln\u00ed pro firemn\u00ed pou\u017eit\u00ed:<\/strong> Na\u0161e tenisov\u00e9 m\u00ed\u010dky pro psy, vyroben\u00e9 na m\u00edru pro propagaci zna\u010dky, mohou slou\u017eit jako vynikaj\u00edc\u00ed reklamn\u00ed d\u00e1rek, kter\u00fd udr\u017e\u00ed va\u0161i zna\u010dku na o\u010d\u00edch. Zap\u016fsobte na klienty promy\u0161len\u00fdm, z\u00e1bavn\u00fdm a praktick\u00fdm produktem, kter\u00fd p\u0159inese radost jejich z\u00e1kazn\u00edk\u016fm vlastn\u00edc\u00edm dom\u00e1c\u00ed mazl\u00ed\u010dky.<\/p>\n<p>Objednejte si nyn\u00ed a dodejte sv\u00fdm propaga\u010dn\u00edm aktivit\u00e1m hrav\u00fd a poutav\u00fd n\u00e1boj s na\u0161imi p\u0159izp\u016fsobiteln\u00fdmi ps\u00edmi tenisov\u00fdmi m\u00ed\u010dky. Vybavte svou firmu produktem, kter\u00fd odr\u00e1\u017e\u00ed kvalitu, z\u00e1bavu a v\u00e1\u0161e\u0148 pro dom\u00e1c\u00ed mazl\u00ed\u010dky.<\/p>\n<h5>\u010casto kladen\u00e9 dotazy o tenisov\u00e9m m\u00ed\u010dku pro psy<\/h5>\n<ul>\n<li data-immersive-translate-walked=\"9ff19424-33db-446d-ad13-30d4deb7ee4f\">\n<p data-immersive-translate-walked=\"9ff19424-33db-446d-ad13-30d4deb7ee4f\" data-immersive-translate-paragraph=\"1\"><strong data-immersive-translate-walked=\"9ff19424-33db-446d-ad13-30d4deb7ee4f\" data-immersive-translate-paragraph=\"1\">Mohou m\u00edt psi tenisov\u00e9 m\u00ed\u010dky?<\/strong><br data-immersive-translate-walked=\"9ff19424-33db-446d-ad13-30d4deb7ee4f\" \/>Ano, ale b\u011b\u017en\u00e9 tenisov\u00e9 m\u00ed\u010dky mohou \u010dasem psovi opot\u0159ebovat zuby, proto je lep\u0161\u00ed pou\u017e\u00edvat speci\u00e1ln\u00ed tenisov\u00e9 m\u00ed\u010dky pro psy vyroben\u00e9 z bezpe\u010dn\u011bj\u0161\u00edch materi\u00e1l\u016f.<\/p>\n<\/li>\n<li data-immersive-translate-walked=\"9ff19424-33db-446d-ad13-30d4deb7ee4f\">\n<p data-immersive-translate-walked=\"9ff19424-33db-446d-ad13-30d4deb7ee4f\" data-immersive-translate-paragraph=\"1\"><strong data-immersive-translate-walked=\"9ff19424-33db-446d-ad13-30d4deb7ee4f\" data-immersive-translate-paragraph=\"1\">Je rozd\u00edl mezi ps\u00edmi tenisov\u00fdmi m\u00ed\u010dky a b\u011b\u017en\u00fdmi tenisov\u00fdmi m\u00ed\u010dky?<\/strong><br data-immersive-translate-walked=\"9ff19424-33db-446d-ad13-30d4deb7ee4f\" \/>Ano, ps\u00ed tenisov\u00e9 m\u00ed\u010dky jsou vyrobeny z neabrazivn\u00edch materi\u00e1l\u016f, zat\u00edmco b\u011b\u017en\u00e9 tenisov\u00e9 m\u00ed\u010dky mohou b\u00fdt pro ps\u00ed zuby drsn\u00e9 a mohou obsahovat \u0161kodliv\u00e9 chemick\u00e9 l\u00e1tky.<\/p>\n<\/li>\n<li data-immersive-translate-walked=\"9ff19424-33db-446d-ad13-30d4deb7ee4f\">\n<p data-immersive-translate-walked=\"9ff19424-33db-446d-ad13-30d4deb7ee4f\" data-immersive-translate-paragraph=\"1\"><strong data-immersive-translate-walked=\"9ff19424-33db-446d-ad13-30d4deb7ee4f\" data-immersive-translate-paragraph=\"1\">Pro\u010d maj\u00ed psi tak r\u00e1di tenisov\u00e9 m\u00ed\u010dky?<\/strong><br data-immersive-translate-walked=\"9ff19424-33db-446d-ad13-30d4deb7ee4f\" \/>Psi miluj\u00ed tenisov\u00e9 m\u00ed\u010dky, proto\u017ee jsou sk\u00e1kav\u00e9, snadno se za nimi hon\u00ed a vyvol\u00e1vaj\u00ed jejich ko\u0159istnick\u00fd pud, tak\u017ee je z\u00e1bavn\u00e9 je aportovat a \u017ev\u00fdkat.<\/p>\n<\/li>\n<li data-immersive-translate-walked=\"9ff19424-33db-446d-ad13-30d4deb7ee4f\">\n<p data-immersive-translate-walked=\"9ff19424-33db-446d-ad13-30d4deb7ee4f\" data-immersive-translate-paragraph=\"1\"><strong data-immersive-translate-walked=\"9ff19424-33db-446d-ad13-30d4deb7ee4f\" data-immersive-translate-paragraph=\"1\">Jak\u00e1 je alternativa tenisov\u00e9ho m\u00ed\u010dku pro psy?<\/strong><br data-immersive-translate-walked=\"9ff19424-33db-446d-ad13-30d4deb7ee4f\" \/>Alternativou jsou gumov\u00e9 aportovac\u00ed m\u00ed\u010dky, p\u00edskac\u00ed hra\u010dky nebo provazov\u00e9 hra\u010dky, kter\u00e9 jsou odoln\u00e9 a bezpe\u010dn\u00e9 pro psy.<\/p>\n<\/li>\n<\/ul>","protected":false},"excerpt":{"rendered":"<p>Zpest\u0159ete sv\u00e9mu dom\u00e1c\u00edmu mazl\u00ed\u010dkovi hran\u00ed s na\u0161imi tenisov\u00fdmi m\u00ed\u010dky pro psy, kter\u00e9 jsou navr\u017eeny tak, aby byly odoln\u00e9 a bezpe\u010dn\u00e9. Tyto m\u00ed\u010dky jsou k dispozici v z\u00e1\u0159iv\u00fdch barv\u00e1ch, zaji\u0161\u0165uj\u00ed vysokou viditelnost a jsou vyrobeny z netoxick\u00fdch materi\u00e1l\u016f pro maxim\u00e1ln\u00ed bezpe\u010dnost va\u0161ich dom\u00e1c\u00edch mazl\u00ed\u010dk\u016f. P\u0159izp\u016fsobte si tyto m\u00ed\u010dky logem sv\u00e9 zna\u010dky nebo jedine\u010dn\u00fdmi vzory, aby ka\u017ed\u00fd hod reprezentoval va\u0161i firmu. Tyto tenisov\u00e9 m\u00ed\u010dky, kter\u00e9 jsou ide\u00e1ln\u00ed pro interaktivn\u00ed hru, tr\u00e9nink nebo jako reklamn\u00ed p\u0159edm\u011bty, jsou vyrobeny tak, aby vydr\u017eely n\u00e1strahy nad\u0161en\u00e9 hry i venkovn\u00edch \u017eivl\u016f.<\/p>","protected":false},"featured_media":8628,"template":"","meta":[],"product_brand":[],"product_cat":[58],"product_tag":[],"class_list":{"0":"post-8636","1":"product","2":"type-product","3":"status-publish","4":"has-post-thumbnail","6":"product_cat-accessories","8":"first","9":"instock","10":"shipping-taxable","11":"product-type-simple"},"yoast_head":"<!-- This site is optimized with the Yoast SEO plugin v26.6 - https:\/\/yoast.com\/wordpress\/plugins\/seo\/ -->\n<title>Dog Tennis Ball | QQPETS<\/title>\n<meta name=\"description\" content=\"Customizable Dog Tennis Balls for active play \u2014 perfect for training and fun!\" \/>\n<meta name=\"robots\" content=\"index, follow, max-snippet:-1, max-image-preview:large, max-video-preview:-1\" \/>\n<link rel=\"canonical\" href=\"https:\/\/qqpets.com\/cs\/produkt\/dog-tennis-ball\/\" \/>\n<meta property=\"og:locale\" content=\"cs_CZ\" \/>\n<meta property=\"og:type\" content=\"article\" \/>\n<meta property=\"og:title\" content=\"Dog Tennis Ball | QQPETS\" \/>\n<meta property=\"og:description\" content=\"Customizable Dog Tennis Balls for active play \u2014 perfect for training and fun!\" \/>\n<meta property=\"og:url\" content=\"https:\/\/qqpets.com\/cs\/produkt\/dog-tennis-ball\/\" \/>\n<meta property=\"og:site_name\" content=\"QQPETS\" \/>\n<meta property=\"article:publisher\" content=\"https:\/\/www.facebook.com\/QQpetsdogcollars\" \/>\n<meta property=\"article:modified_time\" content=\"2024-11-14T03:46:25+00:00\" \/>\n<meta property=\"og:image\" content=\"https:\/\/qqpets.com\/wp-content\/uploads\/2024\/10\/dog-tennis-ball1.webp\" \/>\n\t<meta property=\"og:image:width\" content=\"1000\" \/>\n\t<meta property=\"og:image:height\" content=\"1000\" \/>\n\t<meta property=\"og:image:type\" content=\"image\/webp\" \/>\n<meta name=\"twitter:card\" content=\"summary_large_image\" \/>\n<meta name=\"twitter:label1\" content=\"Odhadovan\u00e1 doba \u010dten\u00ed\" \/>\n\t<meta name=\"twitter:data1\" content=\"2 minuty\" \/>\n<script type=\"application\/ld+json\" class=\"yoast-schema-graph\">{\"@context\":\"https:\/\/schema.org\",\"@graph\":[{\"@type\":\"WebPage\",\"@id\":\"https:\/\/qqpets.com\/product\/dog-tennis-ball\/\",\"url\":\"https:\/\/qqpets.com\/product\/dog-tennis-ball\/\",\"name\":\"Dog Tennis Ball | QQPETS\",\"isPartOf\":{\"@id\":\"https:\/\/qqpets.com\/#website\"},\"primaryImageOfPage\":{\"@id\":\"https:\/\/qqpets.com\/product\/dog-tennis-ball\/#primaryimage\"},\"image\":{\"@id\":\"https:\/\/qqpets.com\/product\/dog-tennis-ball\/#primaryimage\"},\"thumbnailUrl\":\"https:\/\/qqpets.com\/wp-content\/uploads\/2024\/10\/dog-tennis-ball1.webp\",\"datePublished\":\"2024-10-17T02:34:30+00:00\",\"dateModified\":\"2024-11-14T03:46:25+00:00\",\"description\":\"Customizable Dog Tennis Balls for active play \u2014 perfect for training and fun!\",\"breadcrumb\":{\"@id\":\"https:\/\/qqpets.com\/product\/dog-tennis-ball\/#breadcrumb\"},\"inLanguage\":\"cs\",\"potentialAction\":[{\"@type\":\"ReadAction\",\"target\":[\"https:\/\/qqpets.com\/product\/dog-tennis-ball\/\"]}]},{\"@type\":\"ImageObject\",\"inLanguage\":\"cs\",\"@id\":\"https:\/\/qqpets.com\/product\/dog-tennis-ball\/#primaryimage\",\"url\":\"https:\/\/qqpets.com\/wp-content\/uploads\/2024\/10\/dog-tennis-ball1.webp\",\"contentUrl\":\"https:\/\/qqpets.com\/wp-content\/uploads\/2024\/10\/dog-tennis-ball1.webp\",\"width\":1000,\"height\":1000},{\"@type\":\"BreadcrumbList\",\"@id\":\"https:\/\/qqpets.com\/product\/dog-tennis-ball\/#breadcrumb\",\"itemListElement\":[{\"@type\":\"ListItem\",\"position\":1,\"name\":\"Home\",\"item\":\"https:\/\/qqpets.com\/\"},{\"@type\":\"ListItem\",\"position\":2,\"name\":\"Products\",\"item\":\"https:\/\/qqpets.com\/pet-products-manufacturer\/\"},{\"@type\":\"ListItem\",\"position\":3,\"name\":\"Dog Tennis Ball\"}]},{\"@type\":\"WebSite\",\"@id\":\"https:\/\/qqpets.com\/#website\",\"url\":\"https:\/\/qqpets.com\/\",\"name\":\"QQPETS\",\"description\":\"QQPETS is a pet products factory for dog harnesses, dog collars, dog leashes and dog accessories with professional customized service since 2005.\",\"publisher\":{\"@id\":\"https:\/\/qqpets.com\/#organization\"},\"potentialAction\":[{\"@type\":\"SearchAction\",\"target\":{\"@type\":\"EntryPoint\",\"urlTemplate\":\"https:\/\/qqpets.com\/?s={search_term_string}\"},\"query-input\":{\"@type\":\"PropertyValueSpecification\",\"valueRequired\":true,\"valueName\":\"search_term_string\"}}],\"inLanguage\":\"cs\"},{\"@type\":\"Organization\",\"@id\":\"https:\/\/qqpets.com\/#organization\",\"name\":\"QQPETS\",\"url\":\"https:\/\/qqpets.com\/\",\"logo\":{\"@type\":\"ImageObject\",\"inLanguage\":\"cs\",\"@id\":\"https:\/\/qqpets.com\/#\/schema\/logo\/image\/\",\"url\":\"https:\/\/qqpets.com\/wp-content\/uploads\/2023\/09\/cropped-cropped-qqpets-tiktok.jpg\",\"contentUrl\":\"https:\/\/qqpets.com\/wp-content\/uploads\/2023\/09\/cropped-cropped-qqpets-tiktok.jpg\",\"width\":511,\"height\":511,\"caption\":\"QQPETS\"},\"image\":{\"@id\":\"https:\/\/qqpets.com\/#\/schema\/logo\/image\/\"},\"sameAs\":[\"https:\/\/www.facebook.com\/QQpetsdogcollars\",\"https:\/\/www.instagram.com\/qqpetscollar\/\",\"https:\/\/www.pinterest.com\/qqpetsdogcollarsfactory\/\"]}]}<\/script>\n<!-- \/ Yoast SEO plugin. -->","yoast_head_json":{"title":"Ps\u00ed tenisov\u00fd m\u00ed\u010dek | QQPETS","description":"P\u0159izp\u016fsobiteln\u00e9 tenisov\u00e9 m\u00ed\u010dky pro psy pro aktivn\u00ed hru - ide\u00e1ln\u00ed pro tr\u00e9nink i z\u00e1bavu!","robots":{"index":"index","follow":"follow","max-snippet":"max-snippet:-1","max-image-preview":"max-image-preview:large","max-video-preview":"max-video-preview:-1"},"canonical":"https:\/\/qqpets.com\/cs\/produkt\/dog-tennis-ball\/","og_locale":"cs_CZ","og_type":"article","og_title":"Dog Tennis Ball | QQPETS","og_description":"Customizable Dog Tennis Balls for active play \u2014 perfect for training and fun!","og_url":"https:\/\/qqpets.com\/cs\/produkt\/dog-tennis-ball\/","og_site_name":"QQPETS","article_publisher":"https:\/\/www.facebook.com\/QQpetsdogcollars","article_modified_time":"2024-11-14T03:46:25+00:00","og_image":[{"width":1000,"height":1000,"url":"https:\/\/qqpets.com\/wp-content\/uploads\/2024\/10\/dog-tennis-ball1.webp","type":"image\/webp"}],"twitter_card":"summary_large_image","twitter_misc":{"Odhadovan\u00e1 doba \u010dten\u00ed":"2 minuty"},"schema":{"@context":"https:\/\/schema.org","@graph":[{"@type":"WebPage","@id":"https:\/\/qqpets.com\/product\/dog-tennis-ball\/","url":"https:\/\/qqpets.com\/product\/dog-tennis-ball\/","name":"Ps\u00ed tenisov\u00fd m\u00ed\u010dek | QQPETS","isPartOf":{"@id":"https:\/\/qqpets.com\/#website"},"primaryImageOfPage":{"@id":"https:\/\/qqpets.com\/product\/dog-tennis-ball\/#primaryimage"},"image":{"@id":"https:\/\/qqpets.com\/product\/dog-tennis-ball\/#primaryimage"},"thumbnailUrl":"https:\/\/qqpets.com\/wp-content\/uploads\/2024\/10\/dog-tennis-ball1.webp","datePublished":"2024-10-17T02:34:30+00:00","dateModified":"2024-11-14T03:46:25+00:00","description":"P\u0159izp\u016fsobiteln\u00e9 tenisov\u00e9 m\u00ed\u010dky pro psy pro aktivn\u00ed hru - ide\u00e1ln\u00ed pro tr\u00e9nink i z\u00e1bavu!","breadcrumb":{"@id":"https:\/\/qqpets.com\/product\/dog-tennis-ball\/#breadcrumb"},"inLanguage":"cs","potentialAction":[{"@type":"ReadAction","target":["https:\/\/qqpets.com\/product\/dog-tennis-ball\/"]}]},{"@type":"ImageObject","inLanguage":"cs","@id":"https:\/\/qqpets.com\/product\/dog-tennis-ball\/#primaryimage","url":"https:\/\/qqpets.com\/wp-content\/uploads\/2024\/10\/dog-tennis-ball1.webp","contentUrl":"https:\/\/qqpets.com\/wp-content\/uploads\/2024\/10\/dog-tennis-ball1.webp","width":1000,"height":1000},{"@type":"BreadcrumbList","@id":"https:\/\/qqpets.com\/product\/dog-tennis-ball\/#breadcrumb","itemListElement":[{"@type":"ListItem","position":1,"name":"Home","item":"https:\/\/qqpets.com\/"},{"@type":"ListItem","position":2,"name":"Products","item":"https:\/\/qqpets.com\/pet-products-manufacturer\/"},{"@type":"ListItem","position":3,"name":"Dog Tennis Ball"}]},{"@type":"WebSite","@id":"https:\/\/qqpets.com\/#website","url":"https:\/\/qqpets.com\/","name":"QQPETS","description":"QQPETS je tov\u00e1rna na v\u00fdrobky pro dom\u00e1c\u00ed mazl\u00ed\u010dky pro ps\u00ed postroje, obojky, vod\u00edtka a dopl\u0148ky pro psy s profesion\u00e1ln\u00edmi slu\u017ebami na m\u00edru od roku 2005.","publisher":{"@id":"https:\/\/qqpets.com\/#organization"},"potentialAction":[{"@type":"SearchAction","target":{"@type":"EntryPoint","urlTemplate":"https:\/\/qqpets.com\/?s={search_term_string}"},"query-input":{"@type":"PropertyValueSpecification","valueRequired":true,"valueName":"search_term_string"}}],"inLanguage":"cs"},{"@type":"Organization","@id":"https:\/\/qqpets.com\/#organization","name":"QQPETS","url":"https:\/\/qqpets.com\/","logo":{"@type":"ImageObject","inLanguage":"cs","@id":"https:\/\/qqpets.com\/#\/schema\/logo\/image\/","url":"https:\/\/qqpets.com\/wp-content\/uploads\/2023\/09\/cropped-cropped-qqpets-tiktok.jpg","contentUrl":"https:\/\/qqpets.com\/wp-content\/uploads\/2023\/09\/cropped-cropped-qqpets-tiktok.jpg","width":511,"height":511,"caption":"QQPETS"},"image":{"@id":"https:\/\/qqpets.com\/#\/schema\/logo\/image\/"},"sameAs":["https:\/\/www.facebook.com\/QQpetsdogcollars","https:\/\/www.instagram.com\/qqpetscollar\/","https:\/\/www.pinterest.com\/qqpetsdogcollarsfactory\/"]}]}},"_links":{"self":[{"href":"https:\/\/qqpets.com\/cs\/wp-json\/wp\/v2\/product\/8636","targetHints":{"allow":["GET"]}}],"collection":[{"href":"https:\/\/qqpets.com\/cs\/wp-json\/wp\/v2\/product"}],"about":[{"href":"https:\/\/qqpets.com\/cs\/wp-json\/wp\/v2\/types\/product"}],"wp:featuredmedia":[{"embeddable":true,"href":"https:\/\/qqpets.com\/cs\/wp-json\/wp\/v2\/media\/8628"}],"wp:attachment":[{"href":"https:\/\/qqpets.com\/cs\/wp-json\/wp\/v2\/media?parent=8636"}],"wp:term":[{"taxonomy":"product_brand","embeddable":true,"href":"https:\/\/qqpets.com\/cs\/wp-json\/wp\/v2\/product_brand?post=8636"},{"taxonomy":"product_cat","embeddable":true,"href":"https:\/\/qqpets.com\/cs\/wp-json\/wp\/v2\/product_cat?post=8636"},{"taxonomy":"product_tag","embeddable":true,"href":"https:\/\/qqpets.com\/cs\/wp-json\/wp\/v2\/product_tag?post=8636"}],"curies":[{"name":"wp","href":"https:\/\/api.w.org\/{rel}","templated":true}]}}