{"id":9254,"date":"2024-11-13T15:32:42","date_gmt":"2024-11-13T07:32:42","guid":{"rendered":"https:\/\/qqpets.com\/?post_type=product&#038;p=9254"},"modified":"2024-11-14T11:45:39","modified_gmt":"2024-11-14T03:45:39","slug":"escape-proof-h-shape-cat-harness","status":"publish","type":"product","link":"https:\/\/qqpets.com\/cs\/produkt\/escape-proof-h-shape-cat-harness\/","title":{"rendered":"Postroj pro ko\u010dky Escape Proof ve tvaru H"},"content":{"rendered":"<p>Nastaviteln\u00fd postroj je nejlep\u0161\u00ed volbou pro zna\u010dky, kter\u00e9 cht\u011bj\u00ed nab\u00eddnout prvot\u0159\u00eddn\u00ed, p\u0159izp\u016fsobiteln\u00e9 p\u0159\u00edslu\u0161enstv\u00ed pro dom\u00e1c\u00ed mazl\u00ed\u010dky. D\u00edky sv\u00e9 univerz\u00e1ln\u00ed konstrukci poskytuje tento postroj bezpe\u010dn\u00e9 a pohodln\u00e9 no\u0161en\u00ed, p\u0159izp\u016fsoben\u00e9 r\u016fzn\u00fdm velikostem a tvar\u016fm ps\u016f. D\u00edky \u010dty\u0159em bod\u016fm nastaven\u00ed zaji\u0161\u0165uje, \u017ee psi b\u011bhem aktivit nepoci\u0165uj\u00ed \u017e\u00e1dn\u00e9 nepohodl\u00ed ani omezen\u00ed. Tento postroj je vyroben z prody\u0161n\u00fdch, ekologick\u00fdch materi\u00e1l\u016f, kter\u00e9 spl\u0148uj\u00ed normy kvality EU, a je tak bezpe\u010dn\u00fd a odoln\u00fd.<\/p>\n<p>Tento postroj byl navr\u017een s ohledem na p\u0159izp\u016fsoben\u00ed a lze jej p\u0159izp\u016fsobit pomoc\u00ed log a vzor\u016f tak, aby odpov\u00eddal identit\u011b va\u0161\u00ed zna\u010dky. Ch\u00e1peme, \u017ee je d\u016fle\u017eit\u00e9 vyniknout na konkuren\u010dn\u00edm trhu s dom\u00e1c\u00edmi mazl\u00ed\u010dky, a n\u00e1\u0161 nastaviteln\u00fd postroj nab\u00edz\u00ed flexibilitu pro vytvo\u0159en\u00ed jedine\u010dn\u00fdch zna\u010dkov\u00fdch produkt\u016f, kter\u00e9 si va\u0161i z\u00e1kazn\u00edci zamiluj\u00ed. Jedn\u00e1 se o produkt ide\u00e1ln\u00ed pro obchody s chovatelsk\u00fdmi pot\u0159ebami, online prodejce a velkoobchody, kter\u00fd spojuje prakti\u010dnost se stylem a zaji\u0161\u0165uje nezapomenuteln\u00e9 z\u00e1\u017eitky z\u00e1kazn\u00edk\u016f a v\u011brn\u00e9 p\u0159\u00edznivce va\u0161\u00ed zna\u010dky.<\/p>","protected":false},"excerpt":{"rendered":"<p>N\u00e1\u0161 nastaviteln\u00fd postroj kombinuje pohodl\u00ed, odolnost a styl, tak\u017ee je ide\u00e1ln\u00ed pro zna\u010dky, kter\u00e9 cht\u011bj\u00ed nab\u00edzet pr\u00e9miov\u00e9 v\u00fdrobky pro dom\u00e1c\u00ed zv\u00ed\u0159ata. Tento postroj je pln\u011b nastaviteln\u00fd, aby dokonale padl ka\u017ed\u00e9mu psovi a zajistil optim\u00e1ln\u00ed pohodl\u00ed a kontrolu p\u0159i proch\u00e1zk\u00e1ch. Je vyroben z vysoce kvalitn\u00edch materi\u00e1l\u016f \u0161etrn\u00fdch k \u017eivotn\u00edmu prost\u0159ed\u00ed, tak\u017ee je \u0161etrn\u00fd k dom\u00e1c\u00edm mazl\u00ed\u010dk\u016fm a z\u00e1rove\u0148 z\u016fst\u00e1v\u00e1 pevn\u00fd. Tento postroj, kter\u00fd lze p\u0159izp\u016fsobit logu va\u0161\u00ed zna\u010dky a jedine\u010dn\u00fdm vzor\u016fm, je ide\u00e1ln\u00ed pro velkoobchodn\u00edky a firmy, jejich\u017e c\u00edlem je vyniknout na trhu s dom\u00e1c\u00edmi mazl\u00ed\u010dky. N\u00e1\u0161 postroj byl navr\u017een s ohledem na pot\u0159eby modern\u00edch majitel\u016f dom\u00e1c\u00edch mazl\u00ed\u010dk\u016f a p\u0159edstavuje dokonalou kombinaci formy a funkce.<\/p>","protected":false},"featured_media":9295,"template":"","meta":[],"product_brand":[],"product_cat":[23],"product_tag":[],"class_list":{"0":"post-9254","1":"product","2":"type-product","3":"status-publish","4":"has-post-thumbnail","6":"product_cat-dog-harness","8":"first","9":"instock","10":"shipping-taxable","11":"product-type-simple"},"yoast_head":"<!-- This site is optimized with the Yoast SEO plugin v26.6 - https:\/\/yoast.com\/wordpress\/plugins\/seo\/ -->\n<title>Escape Proof H shape Cat Harness | QQPETS<\/title>\n<meta name=\"description\" content=\"Discover our customizable Adjustable Harness, designed for maximum comfort and control. Perfect for B2B clients seeking high-quality, custom logo and pattern options.\" \/>\n<meta name=\"robots\" content=\"index, follow, max-snippet:-1, max-image-preview:large, max-video-preview:-1\" \/>\n<link rel=\"canonical\" href=\"https:\/\/qqpets.com\/cs\/produkt\/escape-proof-h-shape-cat-harness\/\" \/>\n<meta property=\"og:locale\" content=\"cs_CZ\" \/>\n<meta property=\"og:type\" content=\"article\" \/>\n<meta property=\"og:title\" content=\"Escape Proof H shape Cat Harness | QQPETS\" \/>\n<meta property=\"og:description\" content=\"Discover our customizable Adjustable Harness, designed for maximum comfort and control. Perfect for B2B clients seeking high-quality, custom logo and pattern options.\" \/>\n<meta property=\"og:url\" content=\"https:\/\/qqpets.com\/cs\/produkt\/escape-proof-h-shape-cat-harness\/\" \/>\n<meta property=\"og:site_name\" content=\"QQPETS\" \/>\n<meta property=\"article:publisher\" content=\"https:\/\/www.facebook.com\/QQpetsdogcollars\" \/>\n<meta property=\"article:modified_time\" content=\"2024-11-14T03:45:39+00:00\" \/>\n<meta property=\"og:image\" content=\"https:\/\/qqpets.com\/wp-content\/uploads\/2024\/11\/cat-harness2.webp\" \/>\n\t<meta property=\"og:image:width\" content=\"800\" \/>\n\t<meta property=\"og:image:height\" content=\"800\" \/>\n\t<meta property=\"og:image:type\" content=\"image\/webp\" \/>\n<meta name=\"twitter:card\" content=\"summary_large_image\" \/>\n<meta name=\"twitter:label1\" content=\"Odhadovan\u00e1 doba \u010dten\u00ed\" \/>\n\t<meta name=\"twitter:data1\" content=\"1 minuta\" \/>\n<script type=\"application\/ld+json\" class=\"yoast-schema-graph\">{\"@context\":\"https:\/\/schema.org\",\"@graph\":[{\"@type\":\"WebPage\",\"@id\":\"https:\/\/qqpets.com\/product\/escape-proof-h-shape-cat-harness\/\",\"url\":\"https:\/\/qqpets.com\/product\/escape-proof-h-shape-cat-harness\/\",\"name\":\"Escape Proof H shape Cat Harness | QQPETS\",\"isPartOf\":{\"@id\":\"https:\/\/qqpets.com\/#website\"},\"primaryImageOfPage\":{\"@id\":\"https:\/\/qqpets.com\/product\/escape-proof-h-shape-cat-harness\/#primaryimage\"},\"image\":{\"@id\":\"https:\/\/qqpets.com\/product\/escape-proof-h-shape-cat-harness\/#primaryimage\"},\"thumbnailUrl\":\"https:\/\/qqpets.com\/wp-content\/uploads\/2024\/11\/cat-harness2.webp\",\"datePublished\":\"2024-11-13T07:32:42+00:00\",\"dateModified\":\"2024-11-14T03:45:39+00:00\",\"description\":\"Discover our customizable Adjustable Harness, designed for maximum comfort and control. Perfect for B2B clients seeking high-quality, custom logo and pattern options.\",\"breadcrumb\":{\"@id\":\"https:\/\/qqpets.com\/product\/escape-proof-h-shape-cat-harness\/#breadcrumb\"},\"inLanguage\":\"cs\",\"potentialAction\":[{\"@type\":\"ReadAction\",\"target\":[\"https:\/\/qqpets.com\/product\/escape-proof-h-shape-cat-harness\/\"]}]},{\"@type\":\"ImageObject\",\"inLanguage\":\"cs\",\"@id\":\"https:\/\/qqpets.com\/product\/escape-proof-h-shape-cat-harness\/#primaryimage\",\"url\":\"https:\/\/qqpets.com\/wp-content\/uploads\/2024\/11\/cat-harness2.webp\",\"contentUrl\":\"https:\/\/qqpets.com\/wp-content\/uploads\/2024\/11\/cat-harness2.webp\",\"width\":800,\"height\":800},{\"@type\":\"BreadcrumbList\",\"@id\":\"https:\/\/qqpets.com\/product\/escape-proof-h-shape-cat-harness\/#breadcrumb\",\"itemListElement\":[{\"@type\":\"ListItem\",\"position\":1,\"name\":\"Home\",\"item\":\"https:\/\/qqpets.com\/\"},{\"@type\":\"ListItem\",\"position\":2,\"name\":\"Products\",\"item\":\"https:\/\/qqpets.com\/pet-products-manufacturer\/\"},{\"@type\":\"ListItem\",\"position\":3,\"name\":\"Escape Proof H shape Cat Harness\"}]},{\"@type\":\"WebSite\",\"@id\":\"https:\/\/qqpets.com\/#website\",\"url\":\"https:\/\/qqpets.com\/\",\"name\":\"QQPETS\",\"description\":\"QQPETS is a pet products factory for dog harnesses, dog collars, dog leashes and dog accessories with professional customized service since 2005.\",\"publisher\":{\"@id\":\"https:\/\/qqpets.com\/#organization\"},\"potentialAction\":[{\"@type\":\"SearchAction\",\"target\":{\"@type\":\"EntryPoint\",\"urlTemplate\":\"https:\/\/qqpets.com\/?s={search_term_string}\"},\"query-input\":{\"@type\":\"PropertyValueSpecification\",\"valueRequired\":true,\"valueName\":\"search_term_string\"}}],\"inLanguage\":\"cs\"},{\"@type\":\"Organization\",\"@id\":\"https:\/\/qqpets.com\/#organization\",\"name\":\"QQPETS\",\"url\":\"https:\/\/qqpets.com\/\",\"logo\":{\"@type\":\"ImageObject\",\"inLanguage\":\"cs\",\"@id\":\"https:\/\/qqpets.com\/#\/schema\/logo\/image\/\",\"url\":\"https:\/\/qqpets.com\/wp-content\/uploads\/2023\/09\/cropped-cropped-qqpets-tiktok.jpg\",\"contentUrl\":\"https:\/\/qqpets.com\/wp-content\/uploads\/2023\/09\/cropped-cropped-qqpets-tiktok.jpg\",\"width\":511,\"height\":511,\"caption\":\"QQPETS\"},\"image\":{\"@id\":\"https:\/\/qqpets.com\/#\/schema\/logo\/image\/\"},\"sameAs\":[\"https:\/\/www.facebook.com\/QQpetsdogcollars\",\"https:\/\/www.instagram.com\/qqpetscollar\/\",\"https:\/\/www.pinterest.com\/qqpetsdogcollarsfactory\/\"]}]}<\/script>\n<!-- \/ Yoast SEO plugin. -->","yoast_head_json":{"title":"Postroj pro ko\u010dky Escape Proof ve tvaru H | QQPETS","description":"Objevte n\u00e1\u0161 nastaviteln\u00fd postroj navr\u017een\u00fd pro maxim\u00e1ln\u00ed pohodl\u00ed a kontrolu. Ide\u00e1ln\u00ed pro B2B klienty, kte\u0159\u00ed hledaj\u00ed vysoce kvalitn\u00ed, vlastn\u00ed logo a vzory.","robots":{"index":"index","follow":"follow","max-snippet":"max-snippet:-1","max-image-preview":"max-image-preview:large","max-video-preview":"max-video-preview:-1"},"canonical":"https:\/\/qqpets.com\/cs\/produkt\/escape-proof-h-shape-cat-harness\/","og_locale":"cs_CZ","og_type":"article","og_title":"Escape Proof H shape Cat Harness | QQPETS","og_description":"Discover our customizable Adjustable Harness, designed for maximum comfort and control. Perfect for B2B clients seeking high-quality, custom logo and pattern options.","og_url":"https:\/\/qqpets.com\/cs\/produkt\/escape-proof-h-shape-cat-harness\/","og_site_name":"QQPETS","article_publisher":"https:\/\/www.facebook.com\/QQpetsdogcollars","article_modified_time":"2024-11-14T03:45:39+00:00","og_image":[{"width":800,"height":800,"url":"https:\/\/qqpets.com\/wp-content\/uploads\/2024\/11\/cat-harness2.webp","type":"image\/webp"}],"twitter_card":"summary_large_image","twitter_misc":{"Odhadovan\u00e1 doba \u010dten\u00ed":"1 minuta"},"schema":{"@context":"https:\/\/schema.org","@graph":[{"@type":"WebPage","@id":"https:\/\/qqpets.com\/product\/escape-proof-h-shape-cat-harness\/","url":"https:\/\/qqpets.com\/product\/escape-proof-h-shape-cat-harness\/","name":"Postroj pro ko\u010dky Escape Proof ve tvaru H | QQPETS","isPartOf":{"@id":"https:\/\/qqpets.com\/#website"},"primaryImageOfPage":{"@id":"https:\/\/qqpets.com\/product\/escape-proof-h-shape-cat-harness\/#primaryimage"},"image":{"@id":"https:\/\/qqpets.com\/product\/escape-proof-h-shape-cat-harness\/#primaryimage"},"thumbnailUrl":"https:\/\/qqpets.com\/wp-content\/uploads\/2024\/11\/cat-harness2.webp","datePublished":"2024-11-13T07:32:42+00:00","dateModified":"2024-11-14T03:45:39+00:00","description":"Objevte n\u00e1\u0161 nastaviteln\u00fd postroj navr\u017een\u00fd pro maxim\u00e1ln\u00ed pohodl\u00ed a kontrolu. Ide\u00e1ln\u00ed pro B2B klienty, kte\u0159\u00ed hledaj\u00ed vysoce kvalitn\u00ed, vlastn\u00ed logo a vzory.","breadcrumb":{"@id":"https:\/\/qqpets.com\/product\/escape-proof-h-shape-cat-harness\/#breadcrumb"},"inLanguage":"cs","potentialAction":[{"@type":"ReadAction","target":["https:\/\/qqpets.com\/product\/escape-proof-h-shape-cat-harness\/"]}]},{"@type":"ImageObject","inLanguage":"cs","@id":"https:\/\/qqpets.com\/product\/escape-proof-h-shape-cat-harness\/#primaryimage","url":"https:\/\/qqpets.com\/wp-content\/uploads\/2024\/11\/cat-harness2.webp","contentUrl":"https:\/\/qqpets.com\/wp-content\/uploads\/2024\/11\/cat-harness2.webp","width":800,"height":800},{"@type":"BreadcrumbList","@id":"https:\/\/qqpets.com\/product\/escape-proof-h-shape-cat-harness\/#breadcrumb","itemListElement":[{"@type":"ListItem","position":1,"name":"Home","item":"https:\/\/qqpets.com\/"},{"@type":"ListItem","position":2,"name":"Products","item":"https:\/\/qqpets.com\/pet-products-manufacturer\/"},{"@type":"ListItem","position":3,"name":"Escape Proof H shape Cat Harness"}]},{"@type":"WebSite","@id":"https:\/\/qqpets.com\/#website","url":"https:\/\/qqpets.com\/","name":"QQPETS","description":"QQPETS je tov\u00e1rna na v\u00fdrobky pro dom\u00e1c\u00ed mazl\u00ed\u010dky pro ps\u00ed postroje, obojky, vod\u00edtka a dopl\u0148ky pro psy s profesion\u00e1ln\u00edmi slu\u017ebami na m\u00edru od roku 2005.","publisher":{"@id":"https:\/\/qqpets.com\/#organization"},"potentialAction":[{"@type":"SearchAction","target":{"@type":"EntryPoint","urlTemplate":"https:\/\/qqpets.com\/?s={search_term_string}"},"query-input":{"@type":"PropertyValueSpecification","valueRequired":true,"valueName":"search_term_string"}}],"inLanguage":"cs"},{"@type":"Organization","@id":"https:\/\/qqpets.com\/#organization","name":"QQPETS","url":"https:\/\/qqpets.com\/","logo":{"@type":"ImageObject","inLanguage":"cs","@id":"https:\/\/qqpets.com\/#\/schema\/logo\/image\/","url":"https:\/\/qqpets.com\/wp-content\/uploads\/2023\/09\/cropped-cropped-qqpets-tiktok.jpg","contentUrl":"https:\/\/qqpets.com\/wp-content\/uploads\/2023\/09\/cropped-cropped-qqpets-tiktok.jpg","width":511,"height":511,"caption":"QQPETS"},"image":{"@id":"https:\/\/qqpets.com\/#\/schema\/logo\/image\/"},"sameAs":["https:\/\/www.facebook.com\/QQpetsdogcollars","https:\/\/www.instagram.com\/qqpetscollar\/","https:\/\/www.pinterest.com\/qqpetsdogcollarsfactory\/"]}]}},"_links":{"self":[{"href":"https:\/\/qqpets.com\/cs\/wp-json\/wp\/v2\/product\/9254","targetHints":{"allow":["GET"]}}],"collection":[{"href":"https:\/\/qqpets.com\/cs\/wp-json\/wp\/v2\/product"}],"about":[{"href":"https:\/\/qqpets.com\/cs\/wp-json\/wp\/v2\/types\/product"}],"wp:featuredmedia":[{"embeddable":true,"href":"https:\/\/qqpets.com\/cs\/wp-json\/wp\/v2\/media\/9295"}],"wp:attachment":[{"href":"https:\/\/qqpets.com\/cs\/wp-json\/wp\/v2\/media?parent=9254"}],"wp:term":[{"taxonomy":"product_brand","embeddable":true,"href":"https:\/\/qqpets.com\/cs\/wp-json\/wp\/v2\/product_brand?post=9254"},{"taxonomy":"product_cat","embeddable":true,"href":"https:\/\/qqpets.com\/cs\/wp-json\/wp\/v2\/product_cat?post=9254"},{"taxonomy":"product_tag","embeddable":true,"href":"https:\/\/qqpets.com\/cs\/wp-json\/wp\/v2\/product_tag?post=9254"}],"curies":[{"name":"wp","href":"https:\/\/api.w.org\/{rel}","templated":true}]}}