{"id":9261,"date":"2024-11-13T16:07:37","date_gmt":"2024-11-13T08:07:37","guid":{"rendered":"https:\/\/qqpets.com\/?post_type=product&#038;p=9261"},"modified":"2024-11-13T16:07:37","modified_gmt":"2024-11-13T08:07:37","slug":"pvc-poop-bag-holder","status":"publish","type":"product","link":"https:\/\/qqpets.com\/cs\/produkt\/pvc-poop-bag-holder\/","title":{"rendered":"Dr\u017e\u00e1k s\u00e1\u010dk\u016f na hov\u00ednka z PVC"},"content":{"rendered":"<p>Dr\u017e\u00e1k na s\u00e1\u010dky na hov\u00ednka z PVC je nezbytn\u00fdm dopl\u0148kem pro majitele dom\u00e1c\u00edch mazl\u00ed\u010dk\u016f, kte\u0159\u00ed oce\u0148uj\u00ed styl i funk\u010dnost. Tento dr\u017e\u00e1k na s\u00e1\u010dky je vyroben z odoln\u00e9ho, ekologick\u00e9ho PVC materi\u00e1lu a je navr\u017een tak, aby vydr\u017eel ka\u017edodenn\u00ed pou\u017e\u00edv\u00e1n\u00ed a z\u00e1rove\u0148 byl lehk\u00fd a snadno p\u0159enosn\u00fd. Jeho vod\u011bodoln\u00fd a snadno \u010distiteln\u00fd povrch zaji\u0161\u0165uje, \u017ee z\u016fstane hygienick\u00fd a praktick\u00fd za ka\u017ed\u00e9ho po\u010das\u00ed, tak\u017ee je ide\u00e1ln\u00ed pro venkovn\u00ed dobrodru\u017estv\u00ed s dom\u00e1c\u00edmi mazl\u00ed\u010dky.<\/p>\n<p>Dr\u017e\u00e1k na s\u00e1\u010dky je navr\u017een s ohledem na pohodl\u00ed a snadno se p\u0159ipev\u0148uje k vod\u00edtk\u016fm, postroj\u016fm, ta\u0161k\u00e1m nebo opask\u016fm, abyste m\u011bli s\u00e1\u010dky na odpadky rychle po ruce. Kompaktn\u00ed a elegantn\u00ed design umo\u017e\u0148uje majitel\u016fm dom\u00e1c\u00edch mazl\u00ed\u010dk\u016f jeho snadn\u00e9 p\u0159en\u00e1\u0161en\u00ed, zat\u00edmco bezpe\u010dn\u00fd uz\u00e1v\u011br udr\u017euje s\u00e1\u010dky bezpe\u010dn\u011b ulo\u017een\u00e9, dokud nejsou pot\u0159eba.<\/p>\n<p>Tento dr\u017e\u00e1k na s\u00e1\u010dky na hov\u00ednka z PVC nab\u00edz\u00ed nekone\u010dn\u00e9 mo\u017enosti p\u0159izp\u016fsoben\u00ed. Podporujeme vlastn\u00ed potisk loga a vzoru, co\u017e umo\u017e\u0148uje zna\u010dk\u00e1m dom\u00e1c\u00edch mazl\u00ed\u010dk\u016f p\u0159izp\u016fsobit dr\u017e\u00e1k zna\u010dkov\u00fdmi prvky, kter\u00e9 ud\u011blaj\u00ed dojem. A\u0165 u\u017e jste obchod se zv\u00ed\u0159aty, online prodejce nebo distributor, tento p\u0159izp\u016fsobiteln\u00fd dr\u017e\u00e1k poskytuje jedine\u010dn\u00e9, zna\u010dkov\u00e9 \u0159e\u0161en\u00ed, kter\u00e9 najde odezvu u modern\u00edch majitel\u016f zv\u00ed\u0159at, kte\u0159\u00ed hledaj\u00ed funk\u010dn\u00ed a z\u00e1rove\u0148 stylov\u00e9 dopl\u0148ky. Roz\u0161i\u0159te svou produktovou \u0159adu o vysoce \u017e\u00e1dan\u00fd, praktick\u00fd p\u0159edm\u011bt, kter\u00fd p\u0159in\u00e1\u0161\u00ed hodnotu a zviditel\u0148uje va\u0161i zna\u010dku.<\/p>","protected":false},"excerpt":{"rendered":"<p>N\u00e1\u0161 dr\u017e\u00e1k s\u00e1\u010dk\u016f na v\u00fdkaly z PVC kombinuje odolnost, pohodl\u00ed a p\u0159izp\u016fsoben\u00ed pro zna\u010dky dom\u00e1c\u00edch mazl\u00ed\u010dk\u016f, kter\u00e9 cht\u011bj\u00ed nab\u00eddnout praktick\u00e9 \u0159e\u0161en\u00ed pro likvidaci zv\u00ed\u0159ec\u00edch v\u00fdkal\u016f. Tento dr\u017e\u00e1k na s\u00e1\u010dky je vyroben z vysoce kvalitn\u00edho PVC, je lehk\u00fd, vod\u011bodoln\u00fd a snadno se \u010dist\u00ed. Bezpe\u010dn\u011b se p\u0159ipev\u0148uje k vod\u00edtk\u016fm, postroj\u016fm nebo s\u00e1\u010dk\u016fm a zaji\u0161\u0165uje, \u017ee majitel\u00e9 dom\u00e1c\u00edch mazl\u00ed\u010dk\u016f maj\u00ed na proch\u00e1zk\u00e1ch s\u00e1\u010dky na odpadky snadno dostupn\u00e9. Tento dr\u017e\u00e1k, kter\u00fd je ide\u00e1ln\u00ed pro B2B klienty, lze p\u0159izp\u016fsobit logy a jedine\u010dn\u00fdmi vzory, co\u017e zvy\u0161uje viditelnost zna\u010dky. Ide\u00e1ln\u00ed pro obchody s dom\u00e1c\u00edmi zv\u00ed\u0159aty, online prodejce a velkoobchodn\u00edky, jejich\u017e c\u00edlem je poskytnout sv\u00fdm z\u00e1kazn\u00edk\u016fm funk\u010dn\u00ed a z\u00e1rove\u0148 stylov\u00fd produkt.<\/p>","protected":false},"featured_media":9262,"template":"","meta":[],"product_brand":[],"product_cat":[58],"product_tag":[],"class_list":{"0":"post-9261","1":"product","2":"type-product","3":"status-publish","4":"has-post-thumbnail","6":"product_cat-accessories","8":"first","9":"instock","10":"shipping-taxable","11":"product-type-simple"},"yoast_head":"<!-- This site is optimized with the Yoast SEO plugin v26.6 - https:\/\/yoast.com\/wordpress\/plugins\/seo\/ -->\n<title>PVC Poop Bag Holder | QQPETS<\/title>\n<meta name=\"description\" content=\"Durable and stylish PVC Poop Bag Holder for pet waste bags. Ideal for B2B buyers seeking custom logos and patterns. Practical, easy-to-carry design for pet owners.\" \/>\n<meta name=\"robots\" content=\"index, follow, max-snippet:-1, max-image-preview:large, max-video-preview:-1\" \/>\n<link rel=\"canonical\" href=\"https:\/\/qqpets.com\/cs\/produkt\/pvc-poop-bag-holder\/\" \/>\n<meta property=\"og:locale\" content=\"cs_CZ\" \/>\n<meta property=\"og:type\" content=\"article\" \/>\n<meta property=\"og:title\" content=\"PVC Poop Bag Holder | QQPETS\" \/>\n<meta property=\"og:description\" content=\"Durable and stylish PVC Poop Bag Holder for pet waste bags. Ideal for B2B buyers seeking custom logos and patterns. Practical, easy-to-carry design for pet owners.\" \/>\n<meta property=\"og:url\" content=\"https:\/\/qqpets.com\/cs\/produkt\/pvc-poop-bag-holder\/\" \/>\n<meta property=\"og:site_name\" content=\"QQPETS\" \/>\n<meta property=\"article:publisher\" content=\"https:\/\/www.facebook.com\/QQpetsdogcollars\" \/>\n<meta property=\"og:image\" content=\"https:\/\/qqpets.com\/wp-content\/uploads\/2024\/11\/1.webp\" \/>\n\t<meta property=\"og:image:width\" content=\"800\" \/>\n\t<meta property=\"og:image:height\" content=\"800\" \/>\n\t<meta property=\"og:image:type\" content=\"image\/webp\" \/>\n<meta name=\"twitter:card\" content=\"summary_large_image\" \/>\n<meta name=\"twitter:label1\" content=\"Odhadovan\u00e1 doba \u010dten\u00ed\" \/>\n\t<meta name=\"twitter:data1\" content=\"1 minuta\" \/>\n<script type=\"application\/ld+json\" class=\"yoast-schema-graph\">{\"@context\":\"https:\/\/schema.org\",\"@graph\":[{\"@type\":\"WebPage\",\"@id\":\"https:\/\/qqpets.com\/product\/pvc-poop-bag-holder\/\",\"url\":\"https:\/\/qqpets.com\/product\/pvc-poop-bag-holder\/\",\"name\":\"PVC Poop Bag Holder | QQPETS\",\"isPartOf\":{\"@id\":\"https:\/\/qqpets.com\/#website\"},\"primaryImageOfPage\":{\"@id\":\"https:\/\/qqpets.com\/product\/pvc-poop-bag-holder\/#primaryimage\"},\"image\":{\"@id\":\"https:\/\/qqpets.com\/product\/pvc-poop-bag-holder\/#primaryimage\"},\"thumbnailUrl\":\"https:\/\/qqpets.com\/wp-content\/uploads\/2024\/11\/1.webp\",\"datePublished\":\"2024-11-13T08:07:37+00:00\",\"description\":\"Durable and stylish PVC Poop Bag Holder for pet waste bags. Ideal for B2B buyers seeking custom logos and patterns. Practical, easy-to-carry design for pet owners.\",\"breadcrumb\":{\"@id\":\"https:\/\/qqpets.com\/product\/pvc-poop-bag-holder\/#breadcrumb\"},\"inLanguage\":\"cs\",\"potentialAction\":[{\"@type\":\"ReadAction\",\"target\":[\"https:\/\/qqpets.com\/product\/pvc-poop-bag-holder\/\"]}]},{\"@type\":\"ImageObject\",\"inLanguage\":\"cs\",\"@id\":\"https:\/\/qqpets.com\/product\/pvc-poop-bag-holder\/#primaryimage\",\"url\":\"https:\/\/qqpets.com\/wp-content\/uploads\/2024\/11\/1.webp\",\"contentUrl\":\"https:\/\/qqpets.com\/wp-content\/uploads\/2024\/11\/1.webp\",\"width\":800,\"height\":800},{\"@type\":\"BreadcrumbList\",\"@id\":\"https:\/\/qqpets.com\/product\/pvc-poop-bag-holder\/#breadcrumb\",\"itemListElement\":[{\"@type\":\"ListItem\",\"position\":1,\"name\":\"Home\",\"item\":\"https:\/\/qqpets.com\/\"},{\"@type\":\"ListItem\",\"position\":2,\"name\":\"Products\",\"item\":\"https:\/\/qqpets.com\/pet-products-manufacturer\/\"},{\"@type\":\"ListItem\",\"position\":3,\"name\":\"PVC Poop Bag Holder\"}]},{\"@type\":\"WebSite\",\"@id\":\"https:\/\/qqpets.com\/#website\",\"url\":\"https:\/\/qqpets.com\/\",\"name\":\"QQPETS\",\"description\":\"QQPETS is a pet products factory for dog harnesses, dog collars, dog leashes and dog accessories with professional customized service since 2005.\",\"publisher\":{\"@id\":\"https:\/\/qqpets.com\/#organization\"},\"potentialAction\":[{\"@type\":\"SearchAction\",\"target\":{\"@type\":\"EntryPoint\",\"urlTemplate\":\"https:\/\/qqpets.com\/?s={search_term_string}\"},\"query-input\":{\"@type\":\"PropertyValueSpecification\",\"valueRequired\":true,\"valueName\":\"search_term_string\"}}],\"inLanguage\":\"cs\"},{\"@type\":\"Organization\",\"@id\":\"https:\/\/qqpets.com\/#organization\",\"name\":\"QQPETS\",\"url\":\"https:\/\/qqpets.com\/\",\"logo\":{\"@type\":\"ImageObject\",\"inLanguage\":\"cs\",\"@id\":\"https:\/\/qqpets.com\/#\/schema\/logo\/image\/\",\"url\":\"https:\/\/qqpets.com\/wp-content\/uploads\/2023\/09\/cropped-cropped-qqpets-tiktok.jpg\",\"contentUrl\":\"https:\/\/qqpets.com\/wp-content\/uploads\/2023\/09\/cropped-cropped-qqpets-tiktok.jpg\",\"width\":511,\"height\":511,\"caption\":\"QQPETS\"},\"image\":{\"@id\":\"https:\/\/qqpets.com\/#\/schema\/logo\/image\/\"},\"sameAs\":[\"https:\/\/www.facebook.com\/QQpetsdogcollars\",\"https:\/\/www.instagram.com\/qqpetscollar\/\",\"https:\/\/www.pinterest.com\/qqpetsdogcollarsfactory\/\"]}]}<\/script>\n<!-- \/ Yoast SEO plugin. -->","yoast_head_json":{"title":"PVC dr\u017e\u00e1k na s\u00e1\u010dky na hov\u00ednka | QQPETS","description":"Odoln\u00fd a stylov\u00fd dr\u017e\u00e1k PVC na s\u00e1\u010dky na v\u00fdkaly pro dom\u00e1c\u00ed mazl\u00ed\u010dky. Ide\u00e1ln\u00ed pro B2B odb\u011bratele, kte\u0159\u00ed hledaj\u00ed vlastn\u00ed loga a vzory. Praktick\u00fd, snadno p\u0159enosn\u00fd design pro majitele dom\u00e1c\u00edch zv\u00ed\u0159at.","robots":{"index":"index","follow":"follow","max-snippet":"max-snippet:-1","max-image-preview":"max-image-preview:large","max-video-preview":"max-video-preview:-1"},"canonical":"https:\/\/qqpets.com\/cs\/produkt\/pvc-poop-bag-holder\/","og_locale":"cs_CZ","og_type":"article","og_title":"PVC Poop Bag Holder | QQPETS","og_description":"Durable and stylish PVC Poop Bag Holder for pet waste bags. Ideal for B2B buyers seeking custom logos and patterns. Practical, easy-to-carry design for pet owners.","og_url":"https:\/\/qqpets.com\/cs\/produkt\/pvc-poop-bag-holder\/","og_site_name":"QQPETS","article_publisher":"https:\/\/www.facebook.com\/QQpetsdogcollars","og_image":[{"width":800,"height":800,"url":"https:\/\/qqpets.com\/wp-content\/uploads\/2024\/11\/1.webp","type":"image\/webp"}],"twitter_card":"summary_large_image","twitter_misc":{"Odhadovan\u00e1 doba \u010dten\u00ed":"1 minuta"},"schema":{"@context":"https:\/\/schema.org","@graph":[{"@type":"WebPage","@id":"https:\/\/qqpets.com\/product\/pvc-poop-bag-holder\/","url":"https:\/\/qqpets.com\/product\/pvc-poop-bag-holder\/","name":"PVC dr\u017e\u00e1k na s\u00e1\u010dky na hov\u00ednka | QQPETS","isPartOf":{"@id":"https:\/\/qqpets.com\/#website"},"primaryImageOfPage":{"@id":"https:\/\/qqpets.com\/product\/pvc-poop-bag-holder\/#primaryimage"},"image":{"@id":"https:\/\/qqpets.com\/product\/pvc-poop-bag-holder\/#primaryimage"},"thumbnailUrl":"https:\/\/qqpets.com\/wp-content\/uploads\/2024\/11\/1.webp","datePublished":"2024-11-13T08:07:37+00:00","description":"Odoln\u00fd a stylov\u00fd dr\u017e\u00e1k PVC na s\u00e1\u010dky na v\u00fdkaly pro dom\u00e1c\u00ed mazl\u00ed\u010dky. Ide\u00e1ln\u00ed pro B2B odb\u011bratele, kte\u0159\u00ed hledaj\u00ed vlastn\u00ed loga a vzory. Praktick\u00fd, snadno p\u0159enosn\u00fd design pro majitele dom\u00e1c\u00edch zv\u00ed\u0159at.","breadcrumb":{"@id":"https:\/\/qqpets.com\/product\/pvc-poop-bag-holder\/#breadcrumb"},"inLanguage":"cs","potentialAction":[{"@type":"ReadAction","target":["https:\/\/qqpets.com\/product\/pvc-poop-bag-holder\/"]}]},{"@type":"ImageObject","inLanguage":"cs","@id":"https:\/\/qqpets.com\/product\/pvc-poop-bag-holder\/#primaryimage","url":"https:\/\/qqpets.com\/wp-content\/uploads\/2024\/11\/1.webp","contentUrl":"https:\/\/qqpets.com\/wp-content\/uploads\/2024\/11\/1.webp","width":800,"height":800},{"@type":"BreadcrumbList","@id":"https:\/\/qqpets.com\/product\/pvc-poop-bag-holder\/#breadcrumb","itemListElement":[{"@type":"ListItem","position":1,"name":"Home","item":"https:\/\/qqpets.com\/"},{"@type":"ListItem","position":2,"name":"Products","item":"https:\/\/qqpets.com\/pet-products-manufacturer\/"},{"@type":"ListItem","position":3,"name":"PVC Poop Bag Holder"}]},{"@type":"WebSite","@id":"https:\/\/qqpets.com\/#website","url":"https:\/\/qqpets.com\/","name":"QQPETS","description":"QQPETS je tov\u00e1rna na v\u00fdrobky pro dom\u00e1c\u00ed mazl\u00ed\u010dky pro ps\u00ed postroje, obojky, vod\u00edtka a dopl\u0148ky pro psy s profesion\u00e1ln\u00edmi slu\u017ebami na m\u00edru od roku 2005.","publisher":{"@id":"https:\/\/qqpets.com\/#organization"},"potentialAction":[{"@type":"SearchAction","target":{"@type":"EntryPoint","urlTemplate":"https:\/\/qqpets.com\/?s={search_term_string}"},"query-input":{"@type":"PropertyValueSpecification","valueRequired":true,"valueName":"search_term_string"}}],"inLanguage":"cs"},{"@type":"Organization","@id":"https:\/\/qqpets.com\/#organization","name":"QQPETS","url":"https:\/\/qqpets.com\/","logo":{"@type":"ImageObject","inLanguage":"cs","@id":"https:\/\/qqpets.com\/#\/schema\/logo\/image\/","url":"https:\/\/qqpets.com\/wp-content\/uploads\/2023\/09\/cropped-cropped-qqpets-tiktok.jpg","contentUrl":"https:\/\/qqpets.com\/wp-content\/uploads\/2023\/09\/cropped-cropped-qqpets-tiktok.jpg","width":511,"height":511,"caption":"QQPETS"},"image":{"@id":"https:\/\/qqpets.com\/#\/schema\/logo\/image\/"},"sameAs":["https:\/\/www.facebook.com\/QQpetsdogcollars","https:\/\/www.instagram.com\/qqpetscollar\/","https:\/\/www.pinterest.com\/qqpetsdogcollarsfactory\/"]}]}},"_links":{"self":[{"href":"https:\/\/qqpets.com\/cs\/wp-json\/wp\/v2\/product\/9261","targetHints":{"allow":["GET"]}}],"collection":[{"href":"https:\/\/qqpets.com\/cs\/wp-json\/wp\/v2\/product"}],"about":[{"href":"https:\/\/qqpets.com\/cs\/wp-json\/wp\/v2\/types\/product"}],"wp:featuredmedia":[{"embeddable":true,"href":"https:\/\/qqpets.com\/cs\/wp-json\/wp\/v2\/media\/9262"}],"wp:attachment":[{"href":"https:\/\/qqpets.com\/cs\/wp-json\/wp\/v2\/media?parent=9261"}],"wp:term":[{"taxonomy":"product_brand","embeddable":true,"href":"https:\/\/qqpets.com\/cs\/wp-json\/wp\/v2\/product_brand?post=9261"},{"taxonomy":"product_cat","embeddable":true,"href":"https:\/\/qqpets.com\/cs\/wp-json\/wp\/v2\/product_cat?post=9261"},{"taxonomy":"product_tag","embeddable":true,"href":"https:\/\/qqpets.com\/cs\/wp-json\/wp\/v2\/product_tag?post=9261"}],"curies":[{"name":"wp","href":"https:\/\/api.w.org\/{rel}","templated":true}]}}