{"id":9267,"date":"2024-11-13T16:17:04","date_gmt":"2024-11-13T08:17:04","guid":{"rendered":"https:\/\/qqpets.com\/?post_type=product&#038;p=9267"},"modified":"2024-11-13T16:17:04","modified_gmt":"2024-11-13T08:17:04","slug":"qr-tag-buckle","status":"publish","type":"product","link":"https:\/\/qqpets.com\/cs\/produkt\/qr-tag-buckle\/","title":{"rendered":"Spona QR Tag"},"content":{"rendered":"<p>QR Tag Buckle je inovativn\u00ed dopln\u011bk pro obojky a postroje pro dom\u00e1c\u00ed mazl\u00ed\u010dky, kter\u00fd je navr\u017een tak, aby zajistil bezpe\u010dnost dom\u00e1c\u00edch mazl\u00ed\u010dk\u016f a z\u00e1rove\u0148 poskytl zna\u010dk\u00e1m novou \u00farove\u0148 p\u0159izp\u016fsoben\u00ed. Tato spona obsahuje sn\u00edmateln\u00fd QR k\u00f3d, kter\u00fd uchov\u00e1v\u00e1 kl\u00ed\u010dov\u00e9 informace, jako je jm\u00e9no zv\u00ed\u0159ete, kontaktn\u00ed \u00fadaje majitele a jak\u00e9koli zvl\u00e1\u0161tn\u00ed pokyny pro n\u00e1lezce v p\u0159\u00edpad\u011b, \u017ee se zv\u00ed\u0159e ztrat\u00ed. Sta\u010d\u00ed k\u00f3d naskenovat a d\u016fle\u017eit\u00e9 \u00fadaje jsou okam\u017eit\u011b k dispozici, co\u017e z n\u00ed \u010din\u00ed neoceniteln\u00fd n\u00e1stroj pro majitele dom\u00e1c\u00edch mazl\u00ed\u010dk\u016f, kte\u0159\u00ed kladou d\u016fraz na bezpe\u010dnost a zabezpe\u010den\u00ed.<\/p>\n<p>Tato spona QR Tag je vyrobena z odoln\u00fdch a vysoce kvalitn\u00edch materi\u00e1l\u016f, tak\u017ee vydr\u017e\u00ed ka\u017edodenn\u00ed no\u0161en\u00ed a z\u00e1rove\u0148 zachov\u00e1v\u00e1 jasnou \u010ditelnost QR k\u00f3du. Spona je lehk\u00e1 a snadno se p\u0159ipev\u0148uje k obojk\u016fm nebo postroj\u016fm, tak\u017ee p\u0159id\u00e1v\u00e1 minim\u00e1ln\u00ed objem a z\u00e1rove\u0148 poskytuje maxim\u00e1ln\u00ed funk\u010dnost. Je tak\u00e9 vod\u011bodoln\u00e1 a odoln\u00e1 proti po\u0161kr\u00e1b\u00e1n\u00ed, co\u017e zaru\u010duje dlouhou \u017eivotnost a spolehlivost.<\/p>\n<p>Pro B2B klienty nab\u00edz\u00ed na\u0161e QR Tag Buckle jedine\u010dnou p\u0159\u00edle\u017eitost pro budov\u00e1n\u00ed zna\u010dky. P\u0159izp\u016fsobte si p\u0159ezku sv\u00e9mu logu nebo specifick\u00fdm vzor\u016fm a zvy\u0161te tak viditelnost zna\u010dky poka\u017ed\u00e9, kdy\u017e jde zv\u00ed\u0159e na proch\u00e1zku. D\u00edky t\u00e9to funkci je ide\u00e1ln\u00ed pro obchody se zv\u00ed\u0159aty, velkoobchody a online prodejce, jejich\u017e c\u00edlem je poskytnout z\u00e1kazn\u00edk\u016fm praktick\u00fd dopln\u011bk zam\u011b\u0159en\u00fd na bezpe\u010dnost, kter\u00fd z\u00e1rove\u0148 podporuje loajalitu ke zna\u010dce.<\/p>","protected":false},"excerpt":{"rendered":"<p>Na\u0161e spona QR Tag je modern\u00edm \u0159e\u0161en\u00edm pro bezpe\u010dnost dom\u00e1c\u00edch mazl\u00ed\u010dk\u016f, kter\u00e9 kombinuje odolnou sponu se sn\u00edmateln\u00fdm QR k\u00f3dem, v n\u011bm\u017e jsou ulo\u017eeny d\u016fle\u017eit\u00e9 informace o dom\u00e1c\u00edm mazl\u00ed\u010dkovi. Tuto p\u0159ezku, kter\u00e1 je ide\u00e1ln\u00ed pro zna\u010dky a firmy, lze p\u0159izp\u016fsobit jedine\u010dn\u00fdm log\u016fm a vzor\u016fm, co\u017e z n\u00ed \u010din\u00ed cenn\u00fd dopln\u011bk pro maloobchodn\u00edky a velkoobchodn\u00edky se zv\u00ed\u0159aty. Tato p\u0159ezka s QR k\u00f3dem je vyrobena z vysoce kvalitn\u00edch materi\u00e1l\u016f a je navr\u017eena pro snadn\u00e9 skenov\u00e1n\u00ed, co\u017e majitel\u016fm dom\u00e1c\u00edch mazl\u00ed\u010dk\u016f poskytuje klid v p\u0159\u00edpad\u011b ztr\u00e1ty zv\u00ed\u0159ete. P\u0159ipevn\u011bte ji na jak\u00fdkoli obojek nebo postroj a je p\u0159ipravena pozvednout va\u0161i produktovou \u0159adu funk\u010dnost\u00ed a stylem.<\/p>","protected":false},"featured_media":9268,"template":"","meta":[],"product_brand":[],"product_cat":[58],"product_tag":[],"class_list":{"0":"post-9267","1":"product","2":"type-product","3":"status-publish","4":"has-post-thumbnail","6":"product_cat-accessories","8":"first","9":"instock","10":"shipping-taxable","11":"product-type-simple"},"yoast_head":"<!-- This site is optimized with the Yoast SEO plugin v26.6 - https:\/\/yoast.com\/wordpress\/plugins\/seo\/ -->\n<title>QR Tag Buckle | QQPETS<\/title>\n<meta name=\"description\" content=\"Durable and customizable QR Tag Buckle for pet collars and harnesses. Easily scanned for pet info, perfect for B2B buyers needing custom logos and patterns.\" \/>\n<meta name=\"robots\" content=\"index, follow, max-snippet:-1, max-image-preview:large, max-video-preview:-1\" \/>\n<link rel=\"canonical\" href=\"https:\/\/qqpets.com\/cs\/produkt\/qr-tag-buckle\/\" \/>\n<meta property=\"og:locale\" content=\"cs_CZ\" \/>\n<meta property=\"og:type\" content=\"article\" \/>\n<meta property=\"og:title\" content=\"QR Tag Buckle | QQPETS\" \/>\n<meta property=\"og:description\" content=\"Durable and customizable QR Tag Buckle for pet collars and harnesses. Easily scanned for pet info, perfect for B2B buyers needing custom logos and patterns.\" \/>\n<meta property=\"og:url\" content=\"https:\/\/qqpets.com\/cs\/produkt\/qr-tag-buckle\/\" \/>\n<meta property=\"og:site_name\" content=\"QQPETS\" \/>\n<meta property=\"article:publisher\" content=\"https:\/\/www.facebook.com\/QQpetsdogcollars\" \/>\n<meta property=\"og:image\" content=\"https:\/\/qqpets.com\/wp-content\/uploads\/2024\/11\/QR-buckle.webp\" \/>\n\t<meta property=\"og:image:width\" content=\"800\" \/>\n\t<meta property=\"og:image:height\" content=\"800\" \/>\n\t<meta property=\"og:image:type\" content=\"image\/webp\" \/>\n<meta name=\"twitter:card\" content=\"summary_large_image\" \/>\n<meta name=\"twitter:label1\" content=\"Odhadovan\u00e1 doba \u010dten\u00ed\" \/>\n\t<meta name=\"twitter:data1\" content=\"2 minuty\" \/>\n<script type=\"application\/ld+json\" class=\"yoast-schema-graph\">{\"@context\":\"https:\/\/schema.org\",\"@graph\":[{\"@type\":\"WebPage\",\"@id\":\"https:\/\/qqpets.com\/product\/qr-tag-buckle\/\",\"url\":\"https:\/\/qqpets.com\/product\/qr-tag-buckle\/\",\"name\":\"QR Tag Buckle | QQPETS\",\"isPartOf\":{\"@id\":\"https:\/\/qqpets.com\/#website\"},\"primaryImageOfPage\":{\"@id\":\"https:\/\/qqpets.com\/product\/qr-tag-buckle\/#primaryimage\"},\"image\":{\"@id\":\"https:\/\/qqpets.com\/product\/qr-tag-buckle\/#primaryimage\"},\"thumbnailUrl\":\"https:\/\/qqpets.com\/wp-content\/uploads\/2024\/11\/QR-buckle.webp\",\"datePublished\":\"2024-11-13T08:17:04+00:00\",\"description\":\"Durable and customizable QR Tag Buckle for pet collars and harnesses. Easily scanned for pet info, perfect for B2B buyers needing custom logos and patterns.\",\"breadcrumb\":{\"@id\":\"https:\/\/qqpets.com\/product\/qr-tag-buckle\/#breadcrumb\"},\"inLanguage\":\"cs\",\"potentialAction\":[{\"@type\":\"ReadAction\",\"target\":[\"https:\/\/qqpets.com\/product\/qr-tag-buckle\/\"]}]},{\"@type\":\"ImageObject\",\"inLanguage\":\"cs\",\"@id\":\"https:\/\/qqpets.com\/product\/qr-tag-buckle\/#primaryimage\",\"url\":\"https:\/\/qqpets.com\/wp-content\/uploads\/2024\/11\/QR-buckle.webp\",\"contentUrl\":\"https:\/\/qqpets.com\/wp-content\/uploads\/2024\/11\/QR-buckle.webp\",\"width\":800,\"height\":800},{\"@type\":\"BreadcrumbList\",\"@id\":\"https:\/\/qqpets.com\/product\/qr-tag-buckle\/#breadcrumb\",\"itemListElement\":[{\"@type\":\"ListItem\",\"position\":1,\"name\":\"Home\",\"item\":\"https:\/\/qqpets.com\/\"},{\"@type\":\"ListItem\",\"position\":2,\"name\":\"Products\",\"item\":\"https:\/\/qqpets.com\/pet-products-manufacturer\/\"},{\"@type\":\"ListItem\",\"position\":3,\"name\":\"QR Tag Buckle\"}]},{\"@type\":\"WebSite\",\"@id\":\"https:\/\/qqpets.com\/#website\",\"url\":\"https:\/\/qqpets.com\/\",\"name\":\"QQPETS\",\"description\":\"QQPETS is a pet products factory for dog harnesses, dog collars, dog leashes and dog accessories with professional customized service since 2005.\",\"publisher\":{\"@id\":\"https:\/\/qqpets.com\/#organization\"},\"potentialAction\":[{\"@type\":\"SearchAction\",\"target\":{\"@type\":\"EntryPoint\",\"urlTemplate\":\"https:\/\/qqpets.com\/?s={search_term_string}\"},\"query-input\":{\"@type\":\"PropertyValueSpecification\",\"valueRequired\":true,\"valueName\":\"search_term_string\"}}],\"inLanguage\":\"cs\"},{\"@type\":\"Organization\",\"@id\":\"https:\/\/qqpets.com\/#organization\",\"name\":\"QQPETS\",\"url\":\"https:\/\/qqpets.com\/\",\"logo\":{\"@type\":\"ImageObject\",\"inLanguage\":\"cs\",\"@id\":\"https:\/\/qqpets.com\/#\/schema\/logo\/image\/\",\"url\":\"https:\/\/qqpets.com\/wp-content\/uploads\/2023\/09\/cropped-cropped-qqpets-tiktok.jpg\",\"contentUrl\":\"https:\/\/qqpets.com\/wp-content\/uploads\/2023\/09\/cropped-cropped-qqpets-tiktok.jpg\",\"width\":511,\"height\":511,\"caption\":\"QQPETS\"},\"image\":{\"@id\":\"https:\/\/qqpets.com\/#\/schema\/logo\/image\/\"},\"sameAs\":[\"https:\/\/www.facebook.com\/QQpetsdogcollars\",\"https:\/\/www.instagram.com\/qqpetscollar\/\",\"https:\/\/www.pinterest.com\/qqpetsdogcollarsfactory\/\"]}]}<\/script>\n<!-- \/ Yoast SEO plugin. -->","yoast_head_json":{"title":"QR Tag p\u0159ezka | QQPETS","description":"Odoln\u00e1 a p\u0159izp\u016fsobiteln\u00e1 spona QR Tag pro obojky a postroje pro dom\u00e1c\u00ed zv\u00ed\u0159ata. Snadno se skenuj\u00ed informace o dom\u00e1c\u00edch mazl\u00ed\u010dc\u00edch, ide\u00e1ln\u00ed pro B2B odb\u011bratele, kte\u0159\u00ed pot\u0159ebuj\u00ed vlastn\u00ed loga a vzory.","robots":{"index":"index","follow":"follow","max-snippet":"max-snippet:-1","max-image-preview":"max-image-preview:large","max-video-preview":"max-video-preview:-1"},"canonical":"https:\/\/qqpets.com\/cs\/produkt\/qr-tag-buckle\/","og_locale":"cs_CZ","og_type":"article","og_title":"QR Tag Buckle | QQPETS","og_description":"Durable and customizable QR Tag Buckle for pet collars and harnesses. Easily scanned for pet info, perfect for B2B buyers needing custom logos and patterns.","og_url":"https:\/\/qqpets.com\/cs\/produkt\/qr-tag-buckle\/","og_site_name":"QQPETS","article_publisher":"https:\/\/www.facebook.com\/QQpetsdogcollars","og_image":[{"width":800,"height":800,"url":"https:\/\/qqpets.com\/wp-content\/uploads\/2024\/11\/QR-buckle.webp","type":"image\/webp"}],"twitter_card":"summary_large_image","twitter_misc":{"Odhadovan\u00e1 doba \u010dten\u00ed":"2 minuty"},"schema":{"@context":"https:\/\/schema.org","@graph":[{"@type":"WebPage","@id":"https:\/\/qqpets.com\/product\/qr-tag-buckle\/","url":"https:\/\/qqpets.com\/product\/qr-tag-buckle\/","name":"QR Tag p\u0159ezka | QQPETS","isPartOf":{"@id":"https:\/\/qqpets.com\/#website"},"primaryImageOfPage":{"@id":"https:\/\/qqpets.com\/product\/qr-tag-buckle\/#primaryimage"},"image":{"@id":"https:\/\/qqpets.com\/product\/qr-tag-buckle\/#primaryimage"},"thumbnailUrl":"https:\/\/qqpets.com\/wp-content\/uploads\/2024\/11\/QR-buckle.webp","datePublished":"2024-11-13T08:17:04+00:00","description":"Odoln\u00e1 a p\u0159izp\u016fsobiteln\u00e1 spona QR Tag pro obojky a postroje pro dom\u00e1c\u00ed zv\u00ed\u0159ata. Snadno se skenuj\u00ed informace o dom\u00e1c\u00edch mazl\u00ed\u010dc\u00edch, ide\u00e1ln\u00ed pro B2B odb\u011bratele, kte\u0159\u00ed pot\u0159ebuj\u00ed vlastn\u00ed loga a vzory.","breadcrumb":{"@id":"https:\/\/qqpets.com\/product\/qr-tag-buckle\/#breadcrumb"},"inLanguage":"cs","potentialAction":[{"@type":"ReadAction","target":["https:\/\/qqpets.com\/product\/qr-tag-buckle\/"]}]},{"@type":"ImageObject","inLanguage":"cs","@id":"https:\/\/qqpets.com\/product\/qr-tag-buckle\/#primaryimage","url":"https:\/\/qqpets.com\/wp-content\/uploads\/2024\/11\/QR-buckle.webp","contentUrl":"https:\/\/qqpets.com\/wp-content\/uploads\/2024\/11\/QR-buckle.webp","width":800,"height":800},{"@type":"BreadcrumbList","@id":"https:\/\/qqpets.com\/product\/qr-tag-buckle\/#breadcrumb","itemListElement":[{"@type":"ListItem","position":1,"name":"Home","item":"https:\/\/qqpets.com\/"},{"@type":"ListItem","position":2,"name":"Products","item":"https:\/\/qqpets.com\/pet-products-manufacturer\/"},{"@type":"ListItem","position":3,"name":"QR Tag Buckle"}]},{"@type":"WebSite","@id":"https:\/\/qqpets.com\/#website","url":"https:\/\/qqpets.com\/","name":"QQPETS","description":"QQPETS je tov\u00e1rna na v\u00fdrobky pro dom\u00e1c\u00ed mazl\u00ed\u010dky pro ps\u00ed postroje, obojky, vod\u00edtka a dopl\u0148ky pro psy s profesion\u00e1ln\u00edmi slu\u017ebami na m\u00edru od roku 2005.","publisher":{"@id":"https:\/\/qqpets.com\/#organization"},"potentialAction":[{"@type":"SearchAction","target":{"@type":"EntryPoint","urlTemplate":"https:\/\/qqpets.com\/?s={search_term_string}"},"query-input":{"@type":"PropertyValueSpecification","valueRequired":true,"valueName":"search_term_string"}}],"inLanguage":"cs"},{"@type":"Organization","@id":"https:\/\/qqpets.com\/#organization","name":"QQPETS","url":"https:\/\/qqpets.com\/","logo":{"@type":"ImageObject","inLanguage":"cs","@id":"https:\/\/qqpets.com\/#\/schema\/logo\/image\/","url":"https:\/\/qqpets.com\/wp-content\/uploads\/2023\/09\/cropped-cropped-qqpets-tiktok.jpg","contentUrl":"https:\/\/qqpets.com\/wp-content\/uploads\/2023\/09\/cropped-cropped-qqpets-tiktok.jpg","width":511,"height":511,"caption":"QQPETS"},"image":{"@id":"https:\/\/qqpets.com\/#\/schema\/logo\/image\/"},"sameAs":["https:\/\/www.facebook.com\/QQpetsdogcollars","https:\/\/www.instagram.com\/qqpetscollar\/","https:\/\/www.pinterest.com\/qqpetsdogcollarsfactory\/"]}]}},"_links":{"self":[{"href":"https:\/\/qqpets.com\/cs\/wp-json\/wp\/v2\/product\/9267","targetHints":{"allow":["GET"]}}],"collection":[{"href":"https:\/\/qqpets.com\/cs\/wp-json\/wp\/v2\/product"}],"about":[{"href":"https:\/\/qqpets.com\/cs\/wp-json\/wp\/v2\/types\/product"}],"wp:featuredmedia":[{"embeddable":true,"href":"https:\/\/qqpets.com\/cs\/wp-json\/wp\/v2\/media\/9268"}],"wp:attachment":[{"href":"https:\/\/qqpets.com\/cs\/wp-json\/wp\/v2\/media?parent=9267"}],"wp:term":[{"taxonomy":"product_brand","embeddable":true,"href":"https:\/\/qqpets.com\/cs\/wp-json\/wp\/v2\/product_brand?post=9267"},{"taxonomy":"product_cat","embeddable":true,"href":"https:\/\/qqpets.com\/cs\/wp-json\/wp\/v2\/product_cat?post=9267"},{"taxonomy":"product_tag","embeddable":true,"href":"https:\/\/qqpets.com\/cs\/wp-json\/wp\/v2\/product_tag?post=9267"}],"curies":[{"name":"wp","href":"https:\/\/api.w.org\/{rel}","templated":true}]}}