{"id":9280,"date":"2024-11-13T17:02:00","date_gmt":"2024-11-13T09:02:00","guid":{"rendered":"https:\/\/qqpets.com\/?post_type=product&#038;p=9280"},"modified":"2024-11-13T17:02:00","modified_gmt":"2024-11-13T09:02:00","slug":"bow-tie-bandana","status":"publish","type":"product","link":"https:\/\/qqpets.com\/cs\/produkt\/bow-tie-bandana\/","title":{"rendered":"\u0160\u00e1tek s mot\u00fdlkem"},"content":{"rendered":"<p>Mot\u00fdlek Bandana je navr\u017een tak, aby do dopl\u0148k\u016f pro dom\u00e1c\u00ed mazl\u00ed\u010dky vnesl styl i v\u0161estrannost. Tento \u0161\u00e1tek je vyroben z prvot\u0159\u00eddn\u00ed m\u011bkk\u00e9 tkaniny, je \u0161etrn\u00fd k poko\u017ece dom\u00e1c\u00edch mazl\u00ed\u010dk\u016f a snadno se nos\u00ed, co\u017e zaji\u0161\u0165uje pohodl\u00ed i p\u0159i dlouhodob\u00e9m pou\u017e\u00edv\u00e1n\u00ed. Okouzluj\u00edc\u00ed prvek mot\u00fdlka dod\u00e1v\u00e1 \u0161\u00e1tku hrav\u00fd a elegantn\u00ed n\u00e1dech, tak\u017ee je skv\u011bl\u00fdm dopl\u0148kem pro dom\u00e1c\u00ed mazl\u00ed\u010dky na sv\u00e1tky, zvl\u00e1\u0161tn\u00ed p\u0159\u00edle\u017eitosti nebo ka\u017edodenn\u00ed vych\u00e1zky.<\/p>\n<p>Tento mot\u00fdlek je dokonale p\u0159izp\u016fsoben pro klienty B2B a lze jej upravit pomoc\u00ed log, vzor\u016f nebo barevn\u00fdch sch\u00e9mat tak, aby odpov\u00eddal estetice va\u0161\u00ed zna\u010dky. A\u0165 u\u017e jste majitelem obchodu s dom\u00e1c\u00edmi mazl\u00ed\u010dky, internetov\u00fdm prodejcem nebo zna\u010dkou, kter\u00e1 chce roz\u0161\u00ed\u0159it nab\u00eddku produkt\u016f pro dom\u00e1c\u00ed mazl\u00ed\u010dky, tato \u0161\u00e1la p\u0159edstavuje jedine\u010dn\u00fd a nezapomenuteln\u00fd zp\u016fsob, jak prezentovat svou zna\u010dku. Na\u0161e technologie tisku na zak\u00e1zku zaji\u0161\u0165uje vysoce kvalitn\u00ed, \u017eiv\u00e9 barvy, kter\u00e9 z\u016fstanou jasn\u00e9 po dlouhou dobu i p\u0159i \u010dast\u00e9m pran\u00ed.<\/p>\n<p>Tento odoln\u00fd, lehk\u00fd a bezpe\u010dn\u011b dr\u017e\u00edc\u00ed \u0161\u00e1tek s mot\u00fdlkem je ide\u00e1ln\u00ed pro ka\u017ed\u00e9ho dom\u00e1c\u00edho mazl\u00ed\u010dka. D\u00edky mo\u017enosti p\u0159izp\u016fsoben\u00ed m\u016f\u017eete z\u00e1kazn\u00edk\u016fm nab\u00eddnout v\u00fdrazn\u00fd, zna\u010dkov\u00fd vzhled, kter\u00fd dod\u00e1 hodnotu a styl. Dodejte sv\u00e9 produktov\u00e9 \u0159ad\u011b n\u00e1skok d\u00edky tomuto m\u00f3dn\u00edmu dopl\u0148ku, kter\u00fd je stejn\u011b okouzluj\u00edc\u00ed jako funk\u010dn\u00ed.<\/p>","protected":false},"excerpt":{"rendered":"<p>N\u00e1\u0161 mot\u00fdlek je dokonal\u00fdm m\u00f3dn\u00edm dopl\u0148kem pro dom\u00e1c\u00ed mazl\u00ed\u010dky, kter\u00fd kombinuje styl a pohodl\u00ed. Tento \u0161\u00e1tek je vyroben z m\u011bkk\u00e9 a odoln\u00e9 tkaniny a jeho sou\u010d\u00e1st\u00ed je roztomil\u00fd mot\u00fdlek, kter\u00fd je ide\u00e1ln\u00ed pro dom\u00e1c\u00ed mazl\u00ed\u010dky pro ka\u017edou p\u0159\u00edle\u017eitost. \u0160\u00e1tek byl navr\u017een s ohledem na B2B klienty a je pln\u011b p\u0159izp\u016fsobiteln\u00fd, co\u017e umo\u017e\u0148uje pou\u017eit\u00ed zna\u010dkov\u00fdch log nebo jedine\u010dn\u00fdch vzor\u016f, kter\u00e9 jsou v souladu s identitou va\u0161\u00ed zna\u010dky. Tato \u0161\u00e1la s mot\u00fdlkem je ide\u00e1ln\u00ed pro obchody s dom\u00e1c\u00edmi mazl\u00ed\u010dky, o\u0161et\u0159ovatele nebo maloobchodn\u00edky a p\u0159edstavuje fantastick\u00fd dopln\u011bk k jak\u00e9koli produktov\u00e9 \u0159ad\u011b. Poskytn\u011bte sv\u00fdm z\u00e1kazn\u00edk\u016fm stylov\u00fd, vysoce kvalitn\u00ed dopln\u011bk, kter\u00fd pozvedne m\u00f3du dom\u00e1c\u00edch mazl\u00ed\u010dk\u016f a z\u00e1rove\u0148 zviditeln\u00ed va\u0161i zna\u010dku.<\/p>","protected":false},"featured_media":9281,"template":"","meta":[],"product_brand":[],"product_cat":[58],"product_tag":[],"class_list":{"0":"post-9280","1":"product","2":"type-product","3":"status-publish","4":"has-post-thumbnail","6":"product_cat-accessories","8":"first","9":"instock","10":"shipping-taxable","11":"product-type-simple"},"yoast_head":"<!-- This site is optimized with the Yoast SEO plugin v26.6 - https:\/\/yoast.com\/wordpress\/plugins\/seo\/ -->\n<title>Bow Tie Bandana | QQPETS<\/title>\n<meta name=\"description\" content=\"Stylish, customizable Bow Tie Bandana for pets, ideal for branding with custom logos or patterns. Perfect for B2B clients looking to enhance their product lineup.\" \/>\n<meta name=\"robots\" content=\"index, follow, max-snippet:-1, max-image-preview:large, max-video-preview:-1\" \/>\n<link rel=\"canonical\" href=\"https:\/\/qqpets.com\/cs\/produkt\/bow-tie-bandana\/\" \/>\n<meta property=\"og:locale\" content=\"cs_CZ\" \/>\n<meta property=\"og:type\" content=\"article\" \/>\n<meta property=\"og:title\" content=\"Bow Tie Bandana | QQPETS\" \/>\n<meta property=\"og:description\" content=\"Stylish, customizable Bow Tie Bandana for pets, ideal for branding with custom logos or patterns. Perfect for B2B clients looking to enhance their product lineup.\" \/>\n<meta property=\"og:url\" content=\"https:\/\/qqpets.com\/cs\/produkt\/bow-tie-bandana\/\" \/>\n<meta property=\"og:site_name\" content=\"QQPETS\" \/>\n<meta property=\"article:publisher\" content=\"https:\/\/www.facebook.com\/QQpetsdogcollars\" \/>\n<meta property=\"og:image\" content=\"https:\/\/qqpets.com\/wp-content\/uploads\/2024\/11\/Bow-Tie-Bandana1.webp\" \/>\n\t<meta property=\"og:image:width\" content=\"1000\" \/>\n\t<meta property=\"og:image:height\" content=\"1000\" \/>\n\t<meta property=\"og:image:type\" content=\"image\/webp\" \/>\n<meta name=\"twitter:card\" content=\"summary_large_image\" \/>\n<meta name=\"twitter:label1\" content=\"Odhadovan\u00e1 doba \u010dten\u00ed\" \/>\n\t<meta name=\"twitter:data1\" content=\"2 minuty\" \/>\n<script type=\"application\/ld+json\" class=\"yoast-schema-graph\">{\"@context\":\"https:\/\/schema.org\",\"@graph\":[{\"@type\":\"WebPage\",\"@id\":\"https:\/\/qqpets.com\/product\/bow-tie-bandana\/\",\"url\":\"https:\/\/qqpets.com\/product\/bow-tie-bandana\/\",\"name\":\"Bow Tie Bandana | QQPETS\",\"isPartOf\":{\"@id\":\"https:\/\/qqpets.com\/#website\"},\"primaryImageOfPage\":{\"@id\":\"https:\/\/qqpets.com\/product\/bow-tie-bandana\/#primaryimage\"},\"image\":{\"@id\":\"https:\/\/qqpets.com\/product\/bow-tie-bandana\/#primaryimage\"},\"thumbnailUrl\":\"https:\/\/qqpets.com\/wp-content\/uploads\/2024\/11\/Bow-Tie-Bandana1.webp\",\"datePublished\":\"2024-11-13T09:02:00+00:00\",\"description\":\"Stylish, customizable Bow Tie Bandana for pets, ideal for branding with custom logos or patterns. Perfect for B2B clients looking to enhance their product lineup.\",\"breadcrumb\":{\"@id\":\"https:\/\/qqpets.com\/product\/bow-tie-bandana\/#breadcrumb\"},\"inLanguage\":\"cs\",\"potentialAction\":[{\"@type\":\"ReadAction\",\"target\":[\"https:\/\/qqpets.com\/product\/bow-tie-bandana\/\"]}]},{\"@type\":\"ImageObject\",\"inLanguage\":\"cs\",\"@id\":\"https:\/\/qqpets.com\/product\/bow-tie-bandana\/#primaryimage\",\"url\":\"https:\/\/qqpets.com\/wp-content\/uploads\/2024\/11\/Bow-Tie-Bandana1.webp\",\"contentUrl\":\"https:\/\/qqpets.com\/wp-content\/uploads\/2024\/11\/Bow-Tie-Bandana1.webp\",\"width\":1000,\"height\":1000},{\"@type\":\"BreadcrumbList\",\"@id\":\"https:\/\/qqpets.com\/product\/bow-tie-bandana\/#breadcrumb\",\"itemListElement\":[{\"@type\":\"ListItem\",\"position\":1,\"name\":\"Home\",\"item\":\"https:\/\/qqpets.com\/\"},{\"@type\":\"ListItem\",\"position\":2,\"name\":\"Products\",\"item\":\"https:\/\/qqpets.com\/pet-products-manufacturer\/\"},{\"@type\":\"ListItem\",\"position\":3,\"name\":\"Bow Tie Bandana\"}]},{\"@type\":\"WebSite\",\"@id\":\"https:\/\/qqpets.com\/#website\",\"url\":\"https:\/\/qqpets.com\/\",\"name\":\"QQPETS\",\"description\":\"QQPETS is a pet products factory for dog harnesses, dog collars, dog leashes and dog accessories with professional customized service since 2005.\",\"publisher\":{\"@id\":\"https:\/\/qqpets.com\/#organization\"},\"potentialAction\":[{\"@type\":\"SearchAction\",\"target\":{\"@type\":\"EntryPoint\",\"urlTemplate\":\"https:\/\/qqpets.com\/?s={search_term_string}\"},\"query-input\":{\"@type\":\"PropertyValueSpecification\",\"valueRequired\":true,\"valueName\":\"search_term_string\"}}],\"inLanguage\":\"cs\"},{\"@type\":\"Organization\",\"@id\":\"https:\/\/qqpets.com\/#organization\",\"name\":\"QQPETS\",\"url\":\"https:\/\/qqpets.com\/\",\"logo\":{\"@type\":\"ImageObject\",\"inLanguage\":\"cs\",\"@id\":\"https:\/\/qqpets.com\/#\/schema\/logo\/image\/\",\"url\":\"https:\/\/qqpets.com\/wp-content\/uploads\/2023\/09\/cropped-cropped-qqpets-tiktok.jpg\",\"contentUrl\":\"https:\/\/qqpets.com\/wp-content\/uploads\/2023\/09\/cropped-cropped-qqpets-tiktok.jpg\",\"width\":511,\"height\":511,\"caption\":\"QQPETS\"},\"image\":{\"@id\":\"https:\/\/qqpets.com\/#\/schema\/logo\/image\/\"},\"sameAs\":[\"https:\/\/www.facebook.com\/QQpetsdogcollars\",\"https:\/\/www.instagram.com\/qqpetscollar\/\",\"https:\/\/www.pinterest.com\/qqpetsdogcollarsfactory\/\"]}]}<\/script>\n<!-- \/ Yoast SEO plugin. -->","yoast_head_json":{"title":"Mot\u00fdlek | QQPETS","description":"Stylov\u00fd, p\u0159izp\u016fsobiteln\u00fd mot\u00fdlek pro dom\u00e1c\u00ed mazl\u00ed\u010dky, ide\u00e1ln\u00ed pro ozna\u010den\u00ed vlastn\u00edm logem nebo vzorem. Ide\u00e1ln\u00ed pro B2B klienty, kte\u0159\u00ed cht\u011bj\u00ed obohatit svou produktovou \u0159adu.","robots":{"index":"index","follow":"follow","max-snippet":"max-snippet:-1","max-image-preview":"max-image-preview:large","max-video-preview":"max-video-preview:-1"},"canonical":"https:\/\/qqpets.com\/cs\/produkt\/bow-tie-bandana\/","og_locale":"cs_CZ","og_type":"article","og_title":"Bow Tie Bandana | QQPETS","og_description":"Stylish, customizable Bow Tie Bandana for pets, ideal for branding with custom logos or patterns. Perfect for B2B clients looking to enhance their product lineup.","og_url":"https:\/\/qqpets.com\/cs\/produkt\/bow-tie-bandana\/","og_site_name":"QQPETS","article_publisher":"https:\/\/www.facebook.com\/QQpetsdogcollars","og_image":[{"width":1000,"height":1000,"url":"https:\/\/qqpets.com\/wp-content\/uploads\/2024\/11\/Bow-Tie-Bandana1.webp","type":"image\/webp"}],"twitter_card":"summary_large_image","twitter_misc":{"Odhadovan\u00e1 doba \u010dten\u00ed":"2 minuty"},"schema":{"@context":"https:\/\/schema.org","@graph":[{"@type":"WebPage","@id":"https:\/\/qqpets.com\/product\/bow-tie-bandana\/","url":"https:\/\/qqpets.com\/product\/bow-tie-bandana\/","name":"Mot\u00fdlek | QQPETS","isPartOf":{"@id":"https:\/\/qqpets.com\/#website"},"primaryImageOfPage":{"@id":"https:\/\/qqpets.com\/product\/bow-tie-bandana\/#primaryimage"},"image":{"@id":"https:\/\/qqpets.com\/product\/bow-tie-bandana\/#primaryimage"},"thumbnailUrl":"https:\/\/qqpets.com\/wp-content\/uploads\/2024\/11\/Bow-Tie-Bandana1.webp","datePublished":"2024-11-13T09:02:00+00:00","description":"Stylov\u00fd, p\u0159izp\u016fsobiteln\u00fd mot\u00fdlek pro dom\u00e1c\u00ed mazl\u00ed\u010dky, ide\u00e1ln\u00ed pro ozna\u010den\u00ed vlastn\u00edm logem nebo vzorem. Ide\u00e1ln\u00ed pro B2B klienty, kte\u0159\u00ed cht\u011bj\u00ed obohatit svou produktovou \u0159adu.","breadcrumb":{"@id":"https:\/\/qqpets.com\/product\/bow-tie-bandana\/#breadcrumb"},"inLanguage":"cs","potentialAction":[{"@type":"ReadAction","target":["https:\/\/qqpets.com\/product\/bow-tie-bandana\/"]}]},{"@type":"ImageObject","inLanguage":"cs","@id":"https:\/\/qqpets.com\/product\/bow-tie-bandana\/#primaryimage","url":"https:\/\/qqpets.com\/wp-content\/uploads\/2024\/11\/Bow-Tie-Bandana1.webp","contentUrl":"https:\/\/qqpets.com\/wp-content\/uploads\/2024\/11\/Bow-Tie-Bandana1.webp","width":1000,"height":1000},{"@type":"BreadcrumbList","@id":"https:\/\/qqpets.com\/product\/bow-tie-bandana\/#breadcrumb","itemListElement":[{"@type":"ListItem","position":1,"name":"Home","item":"https:\/\/qqpets.com\/"},{"@type":"ListItem","position":2,"name":"Products","item":"https:\/\/qqpets.com\/pet-products-manufacturer\/"},{"@type":"ListItem","position":3,"name":"Bow Tie Bandana"}]},{"@type":"WebSite","@id":"https:\/\/qqpets.com\/#website","url":"https:\/\/qqpets.com\/","name":"QQPETS","description":"QQPETS je tov\u00e1rna na v\u00fdrobky pro dom\u00e1c\u00ed mazl\u00ed\u010dky pro ps\u00ed postroje, obojky, vod\u00edtka a dopl\u0148ky pro psy s profesion\u00e1ln\u00edmi slu\u017ebami na m\u00edru od roku 2005.","publisher":{"@id":"https:\/\/qqpets.com\/#organization"},"potentialAction":[{"@type":"SearchAction","target":{"@type":"EntryPoint","urlTemplate":"https:\/\/qqpets.com\/?s={search_term_string}"},"query-input":{"@type":"PropertyValueSpecification","valueRequired":true,"valueName":"search_term_string"}}],"inLanguage":"cs"},{"@type":"Organization","@id":"https:\/\/qqpets.com\/#organization","name":"QQPETS","url":"https:\/\/qqpets.com\/","logo":{"@type":"ImageObject","inLanguage":"cs","@id":"https:\/\/qqpets.com\/#\/schema\/logo\/image\/","url":"https:\/\/qqpets.com\/wp-content\/uploads\/2023\/09\/cropped-cropped-qqpets-tiktok.jpg","contentUrl":"https:\/\/qqpets.com\/wp-content\/uploads\/2023\/09\/cropped-cropped-qqpets-tiktok.jpg","width":511,"height":511,"caption":"QQPETS"},"image":{"@id":"https:\/\/qqpets.com\/#\/schema\/logo\/image\/"},"sameAs":["https:\/\/www.facebook.com\/QQpetsdogcollars","https:\/\/www.instagram.com\/qqpetscollar\/","https:\/\/www.pinterest.com\/qqpetsdogcollarsfactory\/"]}]}},"_links":{"self":[{"href":"https:\/\/qqpets.com\/cs\/wp-json\/wp\/v2\/product\/9280","targetHints":{"allow":["GET"]}}],"collection":[{"href":"https:\/\/qqpets.com\/cs\/wp-json\/wp\/v2\/product"}],"about":[{"href":"https:\/\/qqpets.com\/cs\/wp-json\/wp\/v2\/types\/product"}],"wp:featuredmedia":[{"embeddable":true,"href":"https:\/\/qqpets.com\/cs\/wp-json\/wp\/v2\/media\/9281"}],"wp:attachment":[{"href":"https:\/\/qqpets.com\/cs\/wp-json\/wp\/v2\/media?parent=9280"}],"wp:term":[{"taxonomy":"product_brand","embeddable":true,"href":"https:\/\/qqpets.com\/cs\/wp-json\/wp\/v2\/product_brand?post=9280"},{"taxonomy":"product_cat","embeddable":true,"href":"https:\/\/qqpets.com\/cs\/wp-json\/wp\/v2\/product_cat?post=9280"},{"taxonomy":"product_tag","embeddable":true,"href":"https:\/\/qqpets.com\/cs\/wp-json\/wp\/v2\/product_tag?post=9280"}],"curies":[{"name":"wp","href":"https:\/\/api.w.org\/{rel}","templated":true}]}}