{"id":9285,"date":"2024-11-14T11:39:39","date_gmt":"2024-11-14T03:39:39","guid":{"rendered":"https:\/\/qqpets.com\/?post_type=product&#038;p=9285"},"modified":"2024-11-14T11:39:39","modified_gmt":"2024-11-14T03:39:39","slug":"scrunchie","status":"publish","type":"product","link":"https:\/\/qqpets.com\/cs\/produkt\/scrunchie\/","title":{"rendered":"\u0160\u00e1tek na hlavu"},"content":{"rendered":"<p>Tato p\u0159izp\u016fsobiteln\u00e1 \u0161krabo\u0161ka je vyrobena tak, aby do ka\u017ed\u00e9 \u0159ady dopl\u0148k\u016f pro dom\u00e1c\u00ed mazl\u00ed\u010dky vnesla kombinaci stylu, pohodl\u00ed a identity zna\u010dky. Na\u0161e \u0161krabadla jsou vyrobena z odoln\u00e9, vysoce kvalitn\u00ed tkaniny a zaru\u010duj\u00ed dlouhotrvaj\u00edc\u00ed no\u0161en\u00ed a z\u00e1\u0159iv\u00e9 barvy, kter\u00e9 vydr\u017e\u00ed \u010dast\u00e9 pou\u017e\u00edv\u00e1n\u00ed a pran\u00ed. \u0160krabo\u0161ka je navr\u017eena tak, aby byla \u0161etrn\u00e1 k dom\u00e1c\u00edm mazl\u00ed\u010dk\u016fm i majitel\u016fm, a nab\u00edz\u00ed v\u0161estrannou, stylovou mo\u017enost, kter\u00e1 se bez probl\u00e9m\u016f p\u0159izp\u016fsob\u00ed vizi va\u0161\u00ed zna\u010dky.<\/p>\n<p>Pro z\u00e1kazn\u00edky B2B je gumi\u010dka pln\u011b p\u0159izp\u016fsobiteln\u00e1 - a\u0165 u\u017e chcete p\u0159idat sv\u00e9 logo, specifick\u00e9 barvy nebo jedine\u010dn\u00e9 vzory, je snadn\u00e9 si tento produkt p\u0159izp\u016fsobit. Je ide\u00e1ln\u00ed pro podniky zab\u00fdvaj\u00edc\u00ed se p\u00e9\u010d\u00ed o dom\u00e1c\u00ed mazl\u00ed\u010dky, online butiky nebo jak\u00fdkoli maloobchodn\u00ed obchod, kter\u00fd chce roz\u0161\u00ed\u0159it svou kolekci dopl\u0148k\u016f o elegantn\u00ed a trendy zbo\u017e\u00ed, kter\u00e9 oslov\u00ed jak dom\u00e1c\u00ed mazl\u00ed\u010dky, tak rodi\u010de dom\u00e1c\u00edch mazl\u00ed\u010dk\u016f.<\/p>\n<p>A\u0165 u\u017e ji majitel\u00e9 dom\u00e1c\u00edch mazl\u00ed\u010dk\u016f pou\u017e\u00edvaj\u00ed k oble\u010den\u00ed, jako dopln\u011bk do vlas\u016f nebo jako n\u00e1ramek na z\u00e1p\u011bst\u00ed, tato gumi\u010dka je hrav\u00fdm a m\u00f3dn\u00edm dopl\u0148kem, kter\u00fd jist\u011b upout\u00e1 pozornost. Pozvedn\u011bte svou zna\u010dku pomoc\u00ed t\u00e9to stylov\u00e9 gumi\u010dky, kter\u00e1 z\u00e1kazn\u00edk\u016fm poskytne jedine\u010dn\u00fd zp\u016fsob, jak uk\u00e1zat sv\u016fj osobn\u00ed talent i loajalitu k va\u0161\u00ed zna\u010dce.<\/p>","protected":false},"excerpt":{"rendered":"<p>Na\u0161e p\u0159izp\u016fsobiteln\u00e1 \u0161krabo\u0161ka je univerz\u00e1ln\u00ed stylov\u00fd dopln\u011bk, kter\u00fd je ide\u00e1ln\u00ed pro slad\u011bn\u00ed dom\u00e1c\u00edho mazl\u00ed\u010dka a majitele. Je vyrobena z prvot\u0159\u00eddn\u00ed, odoln\u00e9 tkaniny a je ide\u00e1ln\u00ed pro B2B klienty, kte\u0159\u00ed cht\u011bj\u00ed prezentovat svou zna\u010dku pomoc\u00ed vlastn\u00edch log nebo vzor\u016f. A\u0165 u\u017e jako okouzluj\u00edc\u00ed dopln\u011bk pro dom\u00e1c\u00ed mazl\u00ed\u010dky, nebo jako m\u00f3dn\u00ed m\u00f3dn\u00ed dopln\u011bk, tato \u0161krabo\u0161ka v sob\u011b spojuje pohodl\u00ed a styl. Je navr\u017eena tak, aby byla odoln\u00e1 a zachovala si z\u00e1\u0159iv\u00e9 barvy i po opakovan\u00e9m no\u0161en\u00ed. P\u0159idejte tento hrav\u00fd, m\u00f3dn\u00ed v\u00fdrobek do kolekce sv\u00e9 zna\u010dky a poskytn\u011bte z\u00e1kazn\u00edk\u016fm jedine\u010dn\u00fd zp\u016fsob, jak vyj\u00e1d\u0159it sv\u016fj osobn\u00ed styl a z\u00e1rove\u0148 zd\u016fraznit identitu va\u0161\u00ed zna\u010dky.<\/p>","protected":false},"featured_media":9288,"template":"","meta":[],"product_brand":[],"product_cat":[58],"product_tag":[],"class_list":{"0":"post-9285","1":"product","2":"type-product","3":"status-publish","4":"has-post-thumbnail","6":"product_cat-accessories","8":"first","9":"instock","10":"shipping-taxable","11":"product-type-simple"},"yoast_head":"<!-- This site is optimized with the Yoast SEO plugin v26.6 - https:\/\/yoast.com\/wordpress\/plugins\/seo\/ -->\n<title>Headscarf Scrunchie | QQPETS<\/title>\n<meta name=\"description\" content=\"Customizable scrunchie for pets and owners! High-quality, durable fabric. Perfect for B2B clients wanting branded designs with custom logos or patterns.\" \/>\n<meta name=\"robots\" content=\"index, follow, max-snippet:-1, max-image-preview:large, max-video-preview:-1\" \/>\n<link rel=\"canonical\" href=\"https:\/\/qqpets.com\/cs\/produkt\/scrunchie\/\" \/>\n<meta property=\"og:locale\" content=\"cs_CZ\" \/>\n<meta property=\"og:type\" content=\"article\" \/>\n<meta property=\"og:title\" content=\"Headscarf Scrunchie | QQPETS\" \/>\n<meta property=\"og:description\" content=\"Customizable scrunchie for pets and owners! High-quality, durable fabric. Perfect for B2B clients wanting branded designs with custom logos or patterns.\" \/>\n<meta property=\"og:url\" content=\"https:\/\/qqpets.com\/cs\/produkt\/scrunchie\/\" \/>\n<meta property=\"og:site_name\" content=\"QQPETS\" \/>\n<meta property=\"article:publisher\" content=\"https:\/\/www.facebook.com\/QQpetsdogcollars\" \/>\n<meta property=\"og:image\" content=\"https:\/\/qqpets.com\/wp-content\/uploads\/2024\/11\/Headscarf-Scrunchie1.webp\" \/>\n\t<meta property=\"og:image:width\" content=\"800\" \/>\n\t<meta property=\"og:image:height\" content=\"800\" \/>\n\t<meta property=\"og:image:type\" content=\"image\/webp\" \/>\n<meta name=\"twitter:card\" content=\"summary_large_image\" \/>\n<meta name=\"twitter:label1\" content=\"Odhadovan\u00e1 doba \u010dten\u00ed\" \/>\n\t<meta name=\"twitter:data1\" content=\"1 minuta\" \/>\n<script type=\"application\/ld+json\" class=\"yoast-schema-graph\">{\"@context\":\"https:\/\/schema.org\",\"@graph\":[{\"@type\":\"WebPage\",\"@id\":\"https:\/\/qqpets.com\/product\/scrunchie\/\",\"url\":\"https:\/\/qqpets.com\/product\/scrunchie\/\",\"name\":\"Headscarf Scrunchie | QQPETS\",\"isPartOf\":{\"@id\":\"https:\/\/qqpets.com\/#website\"},\"primaryImageOfPage\":{\"@id\":\"https:\/\/qqpets.com\/product\/scrunchie\/#primaryimage\"},\"image\":{\"@id\":\"https:\/\/qqpets.com\/product\/scrunchie\/#primaryimage\"},\"thumbnailUrl\":\"https:\/\/qqpets.com\/wp-content\/uploads\/2024\/11\/Headscarf-Scrunchie1.webp\",\"datePublished\":\"2024-11-14T03:39:39+00:00\",\"description\":\"Customizable scrunchie for pets and owners! High-quality, durable fabric. Perfect for B2B clients wanting branded designs with custom logos or patterns.\",\"breadcrumb\":{\"@id\":\"https:\/\/qqpets.com\/product\/scrunchie\/#breadcrumb\"},\"inLanguage\":\"cs\",\"potentialAction\":[{\"@type\":\"ReadAction\",\"target\":[\"https:\/\/qqpets.com\/product\/scrunchie\/\"]}]},{\"@type\":\"ImageObject\",\"inLanguage\":\"cs\",\"@id\":\"https:\/\/qqpets.com\/product\/scrunchie\/#primaryimage\",\"url\":\"https:\/\/qqpets.com\/wp-content\/uploads\/2024\/11\/Headscarf-Scrunchie1.webp\",\"contentUrl\":\"https:\/\/qqpets.com\/wp-content\/uploads\/2024\/11\/Headscarf-Scrunchie1.webp\",\"width\":800,\"height\":800},{\"@type\":\"BreadcrumbList\",\"@id\":\"https:\/\/qqpets.com\/product\/scrunchie\/#breadcrumb\",\"itemListElement\":[{\"@type\":\"ListItem\",\"position\":1,\"name\":\"Home\",\"item\":\"https:\/\/qqpets.com\/\"},{\"@type\":\"ListItem\",\"position\":2,\"name\":\"Products\",\"item\":\"https:\/\/qqpets.com\/pet-products-manufacturer\/\"},{\"@type\":\"ListItem\",\"position\":3,\"name\":\"Headscarf Scrunchie\"}]},{\"@type\":\"WebSite\",\"@id\":\"https:\/\/qqpets.com\/#website\",\"url\":\"https:\/\/qqpets.com\/\",\"name\":\"QQPETS\",\"description\":\"QQPETS is a pet products factory for dog harnesses, dog collars, dog leashes and dog accessories with professional customized service since 2005.\",\"publisher\":{\"@id\":\"https:\/\/qqpets.com\/#organization\"},\"potentialAction\":[{\"@type\":\"SearchAction\",\"target\":{\"@type\":\"EntryPoint\",\"urlTemplate\":\"https:\/\/qqpets.com\/?s={search_term_string}\"},\"query-input\":{\"@type\":\"PropertyValueSpecification\",\"valueRequired\":true,\"valueName\":\"search_term_string\"}}],\"inLanguage\":\"cs\"},{\"@type\":\"Organization\",\"@id\":\"https:\/\/qqpets.com\/#organization\",\"name\":\"QQPETS\",\"url\":\"https:\/\/qqpets.com\/\",\"logo\":{\"@type\":\"ImageObject\",\"inLanguage\":\"cs\",\"@id\":\"https:\/\/qqpets.com\/#\/schema\/logo\/image\/\",\"url\":\"https:\/\/qqpets.com\/wp-content\/uploads\/2023\/09\/cropped-cropped-qqpets-tiktok.jpg\",\"contentUrl\":\"https:\/\/qqpets.com\/wp-content\/uploads\/2023\/09\/cropped-cropped-qqpets-tiktok.jpg\",\"width\":511,\"height\":511,\"caption\":\"QQPETS\"},\"image\":{\"@id\":\"https:\/\/qqpets.com\/#\/schema\/logo\/image\/\"},\"sameAs\":[\"https:\/\/www.facebook.com\/QQpetsdogcollars\",\"https:\/\/www.instagram.com\/qqpetscollar\/\",\"https:\/\/www.pinterest.com\/qqpetsdogcollarsfactory\/\"]}]}<\/script>\n<!-- \/ Yoast SEO plugin. -->","yoast_head_json":{"title":"\u0160\u00e1tek na hlavu | QQPETS","description":"P\u0159izp\u016fsobiteln\u00e1 \u0161krabo\u0161ka pro dom\u00e1c\u00ed mazl\u00ed\u010dky a majitele! Vysoce kvalitn\u00ed a odoln\u00e1 tkanina. Ide\u00e1ln\u00ed pro B2B klienty, kte\u0159\u00ed cht\u011bj\u00ed zna\u010dkov\u00e9 vzory s vlastn\u00edmi logy nebo vzory.","robots":{"index":"index","follow":"follow","max-snippet":"max-snippet:-1","max-image-preview":"max-image-preview:large","max-video-preview":"max-video-preview:-1"},"canonical":"https:\/\/qqpets.com\/cs\/produkt\/scrunchie\/","og_locale":"cs_CZ","og_type":"article","og_title":"Headscarf Scrunchie | QQPETS","og_description":"Customizable scrunchie for pets and owners! High-quality, durable fabric. Perfect for B2B clients wanting branded designs with custom logos or patterns.","og_url":"https:\/\/qqpets.com\/cs\/produkt\/scrunchie\/","og_site_name":"QQPETS","article_publisher":"https:\/\/www.facebook.com\/QQpetsdogcollars","og_image":[{"width":800,"height":800,"url":"https:\/\/qqpets.com\/wp-content\/uploads\/2024\/11\/Headscarf-Scrunchie1.webp","type":"image\/webp"}],"twitter_card":"summary_large_image","twitter_misc":{"Odhadovan\u00e1 doba \u010dten\u00ed":"1 minuta"},"schema":{"@context":"https:\/\/schema.org","@graph":[{"@type":"WebPage","@id":"https:\/\/qqpets.com\/product\/scrunchie\/","url":"https:\/\/qqpets.com\/product\/scrunchie\/","name":"\u0160\u00e1tek na hlavu | QQPETS","isPartOf":{"@id":"https:\/\/qqpets.com\/#website"},"primaryImageOfPage":{"@id":"https:\/\/qqpets.com\/product\/scrunchie\/#primaryimage"},"image":{"@id":"https:\/\/qqpets.com\/product\/scrunchie\/#primaryimage"},"thumbnailUrl":"https:\/\/qqpets.com\/wp-content\/uploads\/2024\/11\/Headscarf-Scrunchie1.webp","datePublished":"2024-11-14T03:39:39+00:00","description":"P\u0159izp\u016fsobiteln\u00e1 \u0161krabo\u0161ka pro dom\u00e1c\u00ed mazl\u00ed\u010dky a majitele! Vysoce kvalitn\u00ed a odoln\u00e1 tkanina. Ide\u00e1ln\u00ed pro B2B klienty, kte\u0159\u00ed cht\u011bj\u00ed zna\u010dkov\u00e9 vzory s vlastn\u00edmi logy nebo vzory.","breadcrumb":{"@id":"https:\/\/qqpets.com\/product\/scrunchie\/#breadcrumb"},"inLanguage":"cs","potentialAction":[{"@type":"ReadAction","target":["https:\/\/qqpets.com\/product\/scrunchie\/"]}]},{"@type":"ImageObject","inLanguage":"cs","@id":"https:\/\/qqpets.com\/product\/scrunchie\/#primaryimage","url":"https:\/\/qqpets.com\/wp-content\/uploads\/2024\/11\/Headscarf-Scrunchie1.webp","contentUrl":"https:\/\/qqpets.com\/wp-content\/uploads\/2024\/11\/Headscarf-Scrunchie1.webp","width":800,"height":800},{"@type":"BreadcrumbList","@id":"https:\/\/qqpets.com\/product\/scrunchie\/#breadcrumb","itemListElement":[{"@type":"ListItem","position":1,"name":"Home","item":"https:\/\/qqpets.com\/"},{"@type":"ListItem","position":2,"name":"Products","item":"https:\/\/qqpets.com\/pet-products-manufacturer\/"},{"@type":"ListItem","position":3,"name":"Headscarf Scrunchie"}]},{"@type":"WebSite","@id":"https:\/\/qqpets.com\/#website","url":"https:\/\/qqpets.com\/","name":"QQPETS","description":"QQPETS je tov\u00e1rna na v\u00fdrobky pro dom\u00e1c\u00ed mazl\u00ed\u010dky pro ps\u00ed postroje, obojky, vod\u00edtka a dopl\u0148ky pro psy s profesion\u00e1ln\u00edmi slu\u017ebami na m\u00edru od roku 2005.","publisher":{"@id":"https:\/\/qqpets.com\/#organization"},"potentialAction":[{"@type":"SearchAction","target":{"@type":"EntryPoint","urlTemplate":"https:\/\/qqpets.com\/?s={search_term_string}"},"query-input":{"@type":"PropertyValueSpecification","valueRequired":true,"valueName":"search_term_string"}}],"inLanguage":"cs"},{"@type":"Organization","@id":"https:\/\/qqpets.com\/#organization","name":"QQPETS","url":"https:\/\/qqpets.com\/","logo":{"@type":"ImageObject","inLanguage":"cs","@id":"https:\/\/qqpets.com\/#\/schema\/logo\/image\/","url":"https:\/\/qqpets.com\/wp-content\/uploads\/2023\/09\/cropped-cropped-qqpets-tiktok.jpg","contentUrl":"https:\/\/qqpets.com\/wp-content\/uploads\/2023\/09\/cropped-cropped-qqpets-tiktok.jpg","width":511,"height":511,"caption":"QQPETS"},"image":{"@id":"https:\/\/qqpets.com\/#\/schema\/logo\/image\/"},"sameAs":["https:\/\/www.facebook.com\/QQpetsdogcollars","https:\/\/www.instagram.com\/qqpetscollar\/","https:\/\/www.pinterest.com\/qqpetsdogcollarsfactory\/"]}]}},"_links":{"self":[{"href":"https:\/\/qqpets.com\/cs\/wp-json\/wp\/v2\/product\/9285","targetHints":{"allow":["GET"]}}],"collection":[{"href":"https:\/\/qqpets.com\/cs\/wp-json\/wp\/v2\/product"}],"about":[{"href":"https:\/\/qqpets.com\/cs\/wp-json\/wp\/v2\/types\/product"}],"wp:featuredmedia":[{"embeddable":true,"href":"https:\/\/qqpets.com\/cs\/wp-json\/wp\/v2\/media\/9288"}],"wp:attachment":[{"href":"https:\/\/qqpets.com\/cs\/wp-json\/wp\/v2\/media?parent=9285"}],"wp:term":[{"taxonomy":"product_brand","embeddable":true,"href":"https:\/\/qqpets.com\/cs\/wp-json\/wp\/v2\/product_brand?post=9285"},{"taxonomy":"product_cat","embeddable":true,"href":"https:\/\/qqpets.com\/cs\/wp-json\/wp\/v2\/product_cat?post=9285"},{"taxonomy":"product_tag","embeddable":true,"href":"https:\/\/qqpets.com\/cs\/wp-json\/wp\/v2\/product_tag?post=9285"}],"curies":[{"name":"wp","href":"https:\/\/api.w.org\/{rel}","templated":true}]}}