{"id":9302,"date":"2024-11-14T11:56:30","date_gmt":"2024-11-14T03:56:30","guid":{"rendered":"https:\/\/qqpets.com\/?post_type=product&#038;p=9302"},"modified":"2024-11-14T11:56:30","modified_gmt":"2024-11-14T03:56:30","slug":"dog-bow-tie","status":"publish","type":"product","link":"https:\/\/qqpets.com\/cs\/produkt\/dog-bow-tie\/","title":{"rendered":"Mot\u00fdlek pro psy"},"content":{"rendered":"<p>Tento p\u0159izp\u016fsobiteln\u00fd mot\u00fdlek p\u0159edstavuje stylov\u00fd a praktick\u00fd zp\u016fsob, jak mohou zna\u010dky dom\u00e1c\u00edch mazl\u00ed\u010dk\u016f dodat sv\u00fdm produkt\u016fm n\u00e1dech elegance. Mot\u00fdlek je vyroben z prvot\u0159\u00eddn\u00ed tkaniny a kombinuje odolnost s \u017eiv\u00fdmi, p\u0159izp\u016fsobiteln\u00fdmi mo\u017enostmi designu, kter\u00e9 prezentuj\u00ed jedine\u010dnou identitu va\u0161\u00ed zna\u010dky. A\u0165 u\u017e je tento mot\u00fdlek pou\u017e\u00edv\u00e1n jako sez\u00f3nn\u00ed m\u00f3dn\u00ed dopln\u011bk nebo jako ka\u017edodenn\u00ed dopln\u011bk, je vyroben tak, aby vydr\u017eel, s kvalitn\u00edm pro\u0161it\u00edm a snadno p\u0159ipevniteln\u00fdm designem, kter\u00fd bezpe\u010dn\u011b pasuje na jak\u00fdkoli standardn\u00ed obojek pro dom\u00e1c\u00ed zv\u00ed\u0159ata.<\/p>\n<p>Tento mot\u00fdlek je navr\u017een s ohledem na pohodl\u00ed a styl a je ide\u00e1ln\u00ed pro podniky zab\u00fdvaj\u00edc\u00ed se p\u00e9\u010d\u00ed o dom\u00e1c\u00ed zv\u00ed\u0159ata, online obchody s dopl\u0148ky pro dom\u00e1c\u00ed zv\u00ed\u0159ata nebo pro v\u0161echny prodejce, kte\u0159\u00ed cht\u011bj\u00ed vyniknout jedine\u010dnou zna\u010dkovou nab\u00eddkou. Pro B2B klienty je ide\u00e1ln\u00ed p\u0159\u00edle\u017eitost\u00ed ke zv\u00fd\u0161en\u00ed atraktivity produktu prost\u0159ednictv\u00edm vlastn\u00edch log, barev nebo vzor\u016f, kter\u00e9 jsou v souladu s estetikou va\u0161\u00ed zna\u010dky.<\/p>\n<p>P\u0159id\u00e1n\u00edm tohoto mot\u00fdlka do sv\u00e9 kolekce poskytnete z\u00e1kazn\u00edk\u016fm jedine\u010dnou a m\u00f3dn\u00ed mo\u017enost pro jejich dom\u00e1c\u00ed mazl\u00ed\u010dky. D\u00edky kombinaci elegance a kvality tento dopln\u011bk nejen dopl\u0148uje outfit dom\u00e1c\u00edho mazl\u00ed\u010dka, ale slou\u017e\u00ed tak\u00e9 jako elegantn\u00ed n\u00e1stroj pro budov\u00e1n\u00ed zna\u010dky va\u0161\u00ed firmy.<\/p>","protected":false},"excerpt":{"rendered":"<p>N\u00e1\u0161 p\u0159izp\u016fsobiteln\u00fd mot\u00fdlek je dokonal\u00fdm dopl\u0148kem pro dom\u00e1c\u00ed mazl\u00ed\u010dky, kter\u00fd jim dod\u00e1 sofistikovanost a styl. Tento mot\u00fdlek je vyroben z prvot\u0159\u00eddn\u00ed odoln\u00e9 tkaniny a je ide\u00e1ln\u00ed pro B2B klienty, kte\u0159\u00ed cht\u011bj\u00ed m\u00edt vlastn\u00ed logo nebo jedine\u010dn\u00fd vzor, co\u017e z n\u011bj \u010din\u00ed stylov\u00e9 \u0159e\u0161en\u00ed pro budov\u00e1n\u00ed zna\u010dky. Je pohodln\u00fd a snadno se p\u0159ipev\u0148uje, je navr\u017een tak, aby bezpe\u010dn\u011b sed\u011bl na obojku, a umo\u017enil tak dom\u00e1c\u00edm mazl\u00ed\u010dk\u016fm z\u016fstat stylov\u00ed i v pohodl\u00ed. Tento mot\u00fdlek je skv\u011bl\u00fdm dopl\u0148kem pro zna\u010dky, kter\u00e9 cht\u011bj\u00ed majitel\u016fm dom\u00e1c\u00edch mazl\u00ed\u010dk\u016f poskytnout m\u00f3dn\u00ed a personalizovan\u00e9 dopl\u0148ky vyjad\u0159uj\u00edc\u00ed styl i identitu zna\u010dky.<\/p>\n<p>&nbsp;<\/p>","protected":false},"featured_media":9303,"template":"","meta":[],"product_brand":[],"product_cat":[58],"product_tag":[],"class_list":{"0":"post-9302","1":"product","2":"type-product","3":"status-publish","4":"has-post-thumbnail","6":"product_cat-accessories","8":"first","9":"instock","10":"shipping-taxable","11":"product-type-simple"},"yoast_head":"<!-- This site is optimized with the Yoast SEO plugin v26.6 - https:\/\/yoast.com\/wordpress\/plugins\/seo\/ -->\n<title>Dog Bow Tie | QQPETS<\/title>\n<meta name=\"description\" content=\"Customizable bow tie for pets! Made from premium fabric, perfect for B2B clients needing custom logos or patterns. Elevate any pet brand with style and charm.\" \/>\n<meta name=\"robots\" content=\"index, follow, max-snippet:-1, max-image-preview:large, max-video-preview:-1\" \/>\n<link rel=\"canonical\" href=\"https:\/\/qqpets.com\/cs\/produkt\/dog-bow-tie\/\" \/>\n<meta property=\"og:locale\" content=\"cs_CZ\" \/>\n<meta property=\"og:type\" content=\"article\" \/>\n<meta property=\"og:title\" content=\"Dog Bow Tie | QQPETS\" \/>\n<meta property=\"og:description\" content=\"Customizable bow tie for pets! Made from premium fabric, perfect for B2B clients needing custom logos or patterns. Elevate any pet brand with style and charm.\" \/>\n<meta property=\"og:url\" content=\"https:\/\/qqpets.com\/cs\/produkt\/dog-bow-tie\/\" \/>\n<meta property=\"og:site_name\" content=\"QQPETS\" \/>\n<meta property=\"article:publisher\" content=\"https:\/\/www.facebook.com\/QQpetsdogcollars\" \/>\n<meta property=\"og:image\" content=\"https:\/\/qqpets.com\/wp-content\/uploads\/2024\/11\/bow-tie1.webp\" \/>\n\t<meta property=\"og:image:width\" content=\"800\" \/>\n\t<meta property=\"og:image:height\" content=\"800\" \/>\n\t<meta property=\"og:image:type\" content=\"image\/webp\" \/>\n<meta name=\"twitter:card\" content=\"summary_large_image\" \/>\n<meta name=\"twitter:label1\" content=\"Odhadovan\u00e1 doba \u010dten\u00ed\" \/>\n\t<meta name=\"twitter:data1\" content=\"1 minuta\" \/>\n<script type=\"application\/ld+json\" class=\"yoast-schema-graph\">{\"@context\":\"https:\/\/schema.org\",\"@graph\":[{\"@type\":\"WebPage\",\"@id\":\"https:\/\/qqpets.com\/product\/dog-bow-tie\/\",\"url\":\"https:\/\/qqpets.com\/product\/dog-bow-tie\/\",\"name\":\"Dog Bow Tie | QQPETS\",\"isPartOf\":{\"@id\":\"https:\/\/qqpets.com\/#website\"},\"primaryImageOfPage\":{\"@id\":\"https:\/\/qqpets.com\/product\/dog-bow-tie\/#primaryimage\"},\"image\":{\"@id\":\"https:\/\/qqpets.com\/product\/dog-bow-tie\/#primaryimage\"},\"thumbnailUrl\":\"https:\/\/qqpets.com\/wp-content\/uploads\/2024\/11\/bow-tie1.webp\",\"datePublished\":\"2024-11-14T03:56:30+00:00\",\"description\":\"Customizable bow tie for pets! Made from premium fabric, perfect for B2B clients needing custom logos or patterns. Elevate any pet brand with style and charm.\",\"breadcrumb\":{\"@id\":\"https:\/\/qqpets.com\/product\/dog-bow-tie\/#breadcrumb\"},\"inLanguage\":\"cs\",\"potentialAction\":[{\"@type\":\"ReadAction\",\"target\":[\"https:\/\/qqpets.com\/product\/dog-bow-tie\/\"]}]},{\"@type\":\"ImageObject\",\"inLanguage\":\"cs\",\"@id\":\"https:\/\/qqpets.com\/product\/dog-bow-tie\/#primaryimage\",\"url\":\"https:\/\/qqpets.com\/wp-content\/uploads\/2024\/11\/bow-tie1.webp\",\"contentUrl\":\"https:\/\/qqpets.com\/wp-content\/uploads\/2024\/11\/bow-tie1.webp\",\"width\":800,\"height\":800},{\"@type\":\"BreadcrumbList\",\"@id\":\"https:\/\/qqpets.com\/product\/dog-bow-tie\/#breadcrumb\",\"itemListElement\":[{\"@type\":\"ListItem\",\"position\":1,\"name\":\"Home\",\"item\":\"https:\/\/qqpets.com\/\"},{\"@type\":\"ListItem\",\"position\":2,\"name\":\"Products\",\"item\":\"https:\/\/qqpets.com\/pet-products-manufacturer\/\"},{\"@type\":\"ListItem\",\"position\":3,\"name\":\"Dog Bow Tie\"}]},{\"@type\":\"WebSite\",\"@id\":\"https:\/\/qqpets.com\/#website\",\"url\":\"https:\/\/qqpets.com\/\",\"name\":\"QQPETS\",\"description\":\"QQPETS is a pet products factory for dog harnesses, dog collars, dog leashes and dog accessories with professional customized service since 2005.\",\"publisher\":{\"@id\":\"https:\/\/qqpets.com\/#organization\"},\"potentialAction\":[{\"@type\":\"SearchAction\",\"target\":{\"@type\":\"EntryPoint\",\"urlTemplate\":\"https:\/\/qqpets.com\/?s={search_term_string}\"},\"query-input\":{\"@type\":\"PropertyValueSpecification\",\"valueRequired\":true,\"valueName\":\"search_term_string\"}}],\"inLanguage\":\"cs\"},{\"@type\":\"Organization\",\"@id\":\"https:\/\/qqpets.com\/#organization\",\"name\":\"QQPETS\",\"url\":\"https:\/\/qqpets.com\/\",\"logo\":{\"@type\":\"ImageObject\",\"inLanguage\":\"cs\",\"@id\":\"https:\/\/qqpets.com\/#\/schema\/logo\/image\/\",\"url\":\"https:\/\/qqpets.com\/wp-content\/uploads\/2023\/09\/cropped-cropped-qqpets-tiktok.jpg\",\"contentUrl\":\"https:\/\/qqpets.com\/wp-content\/uploads\/2023\/09\/cropped-cropped-qqpets-tiktok.jpg\",\"width\":511,\"height\":511,\"caption\":\"QQPETS\"},\"image\":{\"@id\":\"https:\/\/qqpets.com\/#\/schema\/logo\/image\/\"},\"sameAs\":[\"https:\/\/www.facebook.com\/QQpetsdogcollars\",\"https:\/\/www.instagram.com\/qqpetscollar\/\",\"https:\/\/www.pinterest.com\/qqpetsdogcollarsfactory\/\"]}]}<\/script>\n<!-- \/ Yoast SEO plugin. -->","yoast_head_json":{"title":"Ps\u00ed mot\u00fdlek | QQPETS","description":"P\u0159izp\u016fsobiteln\u00fd mot\u00fdlek pro dom\u00e1c\u00ed mazl\u00ed\u010dky! Vyrobeno z prvot\u0159\u00eddn\u00ed tkaniny, ide\u00e1ln\u00ed pro B2B klienty, kte\u0159\u00ed pot\u0159ebuj\u00ed vlastn\u00ed loga nebo vzory. Vyzdvihn\u011bte jakoukoli zna\u010dku dom\u00e1c\u00edch mazl\u00ed\u010dk\u016f stylem a \u0161armem.","robots":{"index":"index","follow":"follow","max-snippet":"max-snippet:-1","max-image-preview":"max-image-preview:large","max-video-preview":"max-video-preview:-1"},"canonical":"https:\/\/qqpets.com\/cs\/produkt\/dog-bow-tie\/","og_locale":"cs_CZ","og_type":"article","og_title":"Dog Bow Tie | QQPETS","og_description":"Customizable bow tie for pets! Made from premium fabric, perfect for B2B clients needing custom logos or patterns. Elevate any pet brand with style and charm.","og_url":"https:\/\/qqpets.com\/cs\/produkt\/dog-bow-tie\/","og_site_name":"QQPETS","article_publisher":"https:\/\/www.facebook.com\/QQpetsdogcollars","og_image":[{"width":800,"height":800,"url":"https:\/\/qqpets.com\/wp-content\/uploads\/2024\/11\/bow-tie1.webp","type":"image\/webp"}],"twitter_card":"summary_large_image","twitter_misc":{"Odhadovan\u00e1 doba \u010dten\u00ed":"1 minuta"},"schema":{"@context":"https:\/\/schema.org","@graph":[{"@type":"WebPage","@id":"https:\/\/qqpets.com\/product\/dog-bow-tie\/","url":"https:\/\/qqpets.com\/product\/dog-bow-tie\/","name":"Ps\u00ed mot\u00fdlek | QQPETS","isPartOf":{"@id":"https:\/\/qqpets.com\/#website"},"primaryImageOfPage":{"@id":"https:\/\/qqpets.com\/product\/dog-bow-tie\/#primaryimage"},"image":{"@id":"https:\/\/qqpets.com\/product\/dog-bow-tie\/#primaryimage"},"thumbnailUrl":"https:\/\/qqpets.com\/wp-content\/uploads\/2024\/11\/bow-tie1.webp","datePublished":"2024-11-14T03:56:30+00:00","description":"P\u0159izp\u016fsobiteln\u00fd mot\u00fdlek pro dom\u00e1c\u00ed mazl\u00ed\u010dky! Vyrobeno z prvot\u0159\u00eddn\u00ed tkaniny, ide\u00e1ln\u00ed pro B2B klienty, kte\u0159\u00ed pot\u0159ebuj\u00ed vlastn\u00ed loga nebo vzory. Vyzdvihn\u011bte jakoukoli zna\u010dku dom\u00e1c\u00edch mazl\u00ed\u010dk\u016f stylem a \u0161armem.","breadcrumb":{"@id":"https:\/\/qqpets.com\/product\/dog-bow-tie\/#breadcrumb"},"inLanguage":"cs","potentialAction":[{"@type":"ReadAction","target":["https:\/\/qqpets.com\/product\/dog-bow-tie\/"]}]},{"@type":"ImageObject","inLanguage":"cs","@id":"https:\/\/qqpets.com\/product\/dog-bow-tie\/#primaryimage","url":"https:\/\/qqpets.com\/wp-content\/uploads\/2024\/11\/bow-tie1.webp","contentUrl":"https:\/\/qqpets.com\/wp-content\/uploads\/2024\/11\/bow-tie1.webp","width":800,"height":800},{"@type":"BreadcrumbList","@id":"https:\/\/qqpets.com\/product\/dog-bow-tie\/#breadcrumb","itemListElement":[{"@type":"ListItem","position":1,"name":"Home","item":"https:\/\/qqpets.com\/"},{"@type":"ListItem","position":2,"name":"Products","item":"https:\/\/qqpets.com\/pet-products-manufacturer\/"},{"@type":"ListItem","position":3,"name":"Dog Bow Tie"}]},{"@type":"WebSite","@id":"https:\/\/qqpets.com\/#website","url":"https:\/\/qqpets.com\/","name":"QQPETS","description":"QQPETS je tov\u00e1rna na v\u00fdrobky pro dom\u00e1c\u00ed mazl\u00ed\u010dky pro ps\u00ed postroje, obojky, vod\u00edtka a dopl\u0148ky pro psy s profesion\u00e1ln\u00edmi slu\u017ebami na m\u00edru od roku 2005.","publisher":{"@id":"https:\/\/qqpets.com\/#organization"},"potentialAction":[{"@type":"SearchAction","target":{"@type":"EntryPoint","urlTemplate":"https:\/\/qqpets.com\/?s={search_term_string}"},"query-input":{"@type":"PropertyValueSpecification","valueRequired":true,"valueName":"search_term_string"}}],"inLanguage":"cs"},{"@type":"Organization","@id":"https:\/\/qqpets.com\/#organization","name":"QQPETS","url":"https:\/\/qqpets.com\/","logo":{"@type":"ImageObject","inLanguage":"cs","@id":"https:\/\/qqpets.com\/#\/schema\/logo\/image\/","url":"https:\/\/qqpets.com\/wp-content\/uploads\/2023\/09\/cropped-cropped-qqpets-tiktok.jpg","contentUrl":"https:\/\/qqpets.com\/wp-content\/uploads\/2023\/09\/cropped-cropped-qqpets-tiktok.jpg","width":511,"height":511,"caption":"QQPETS"},"image":{"@id":"https:\/\/qqpets.com\/#\/schema\/logo\/image\/"},"sameAs":["https:\/\/www.facebook.com\/QQpetsdogcollars","https:\/\/www.instagram.com\/qqpetscollar\/","https:\/\/www.pinterest.com\/qqpetsdogcollarsfactory\/"]}]}},"_links":{"self":[{"href":"https:\/\/qqpets.com\/cs\/wp-json\/wp\/v2\/product\/9302","targetHints":{"allow":["GET"]}}],"collection":[{"href":"https:\/\/qqpets.com\/cs\/wp-json\/wp\/v2\/product"}],"about":[{"href":"https:\/\/qqpets.com\/cs\/wp-json\/wp\/v2\/types\/product"}],"wp:featuredmedia":[{"embeddable":true,"href":"https:\/\/qqpets.com\/cs\/wp-json\/wp\/v2\/media\/9303"}],"wp:attachment":[{"href":"https:\/\/qqpets.com\/cs\/wp-json\/wp\/v2\/media?parent=9302"}],"wp:term":[{"taxonomy":"product_brand","embeddable":true,"href":"https:\/\/qqpets.com\/cs\/wp-json\/wp\/v2\/product_brand?post=9302"},{"taxonomy":"product_cat","embeddable":true,"href":"https:\/\/qqpets.com\/cs\/wp-json\/wp\/v2\/product_cat?post=9302"},{"taxonomy":"product_tag","embeddable":true,"href":"https:\/\/qqpets.com\/cs\/wp-json\/wp\/v2\/product_tag?post=9302"}],"curies":[{"name":"wp","href":"https:\/\/api.w.org\/{rel}","templated":true}]}}