{"id":9309,"date":"2024-11-14T13:47:12","date_gmt":"2024-11-14T05:47:12","guid":{"rendered":"https:\/\/qqpets.com\/?post_type=product&#038;p=9309"},"modified":"2024-11-14T13:47:12","modified_gmt":"2024-11-14T05:47:12","slug":"poop-bag","status":"publish","type":"product","link":"https:\/\/qqpets.com\/cs\/produkt\/poop-bag\/","title":{"rendered":"S\u00e1\u010dek na hov\u00ednka"},"content":{"rendered":"<p>Tyto vysoce kvalitn\u00ed, p\u0159izp\u016fsobiteln\u00e9 s\u00e1\u010dky na v\u00fdkaly p\u0159in\u00e1\u0161ej\u00ed udr\u017eiteln\u00e9 a zna\u010dce prosp\u011b\u0161n\u00e9 \u0159e\u0161en\u00ed pro \u010dasto opom\u00edjenou oblast likvidace zv\u00ed\u0159ec\u00edch v\u00fdkal\u016f. Tyto s\u00e1\u010dky jsou vyrobeny z odoln\u00fdch, ekologick\u00fdch materi\u00e1l\u016f a poskytuj\u00ed zna\u010dk\u00e1m dom\u00e1c\u00edch mazl\u00ed\u010dk\u016f p\u0159\u00edle\u017eitost prezentovat sv\u016fj z\u00e1vazek v\u016f\u010di \u017eivotn\u00edmu prost\u0159ed\u00ed a z\u00e1rove\u0148 nab\u00edzej\u00ed praktick\u00fd, ka\u017edodenn\u00ed produkt, na kter\u00fd se majitel\u00e9 dom\u00e1c\u00edch mazl\u00ed\u010dk\u016f spol\u00e9haj\u00ed. Pevn\u00fd materi\u00e1l je odoln\u00fd proti roztr\u017een\u00ed a snadno se odd\u011bluje, tak\u017ee \u00faklid je jednoduch\u00fd a bez nepo\u0159\u00e1dku.<\/p>\n<p>Pro klienty B2B jsou tyto ta\u0161ky pln\u011b p\u0159izp\u016fsobiteln\u00e9 d\u00edky mo\u017enosti volby loga a vzoru, co\u017e umo\u017e\u0148uje zna\u010dce vyniknout p\u0159i ka\u017ed\u00e9m pou\u017eit\u00ed. Jsou ide\u00e1ln\u00ed pro prodejce pot\u0159eb pro dom\u00e1c\u00ed zv\u00ed\u0159ata, kade\u0159nick\u00e9 salony a internetov\u00e9 obchody, kter\u00e9 cht\u011bj\u00ed roz\u0161\u00ed\u0159it sv\u016fj sortiment ekologick\u00fdch v\u00fdrobk\u016f. Krom\u011b toho jsou tyto p\u0159izp\u016fsobiteln\u00e9 s\u00e1\u010dky na hov\u00ednka vynikaj\u00edc\u00ed volbou pro reklamn\u00ed d\u00e1rky, kter\u00e9 posiluj\u00ed loajalitu ke zna\u010dce prost\u0159ednictv\u00edm praktick\u00e9ho, vysoce pou\u017eiteln\u00e9ho v\u00fdrobku. D\u00edky kombinaci kvality a udr\u017eitelnosti pom\u00e1haj\u00ed tyto s\u00e1\u010dky na hov\u00ednka va\u0161\u00ed zna\u010dce u\u010dinit zodpov\u011bdn\u00e9 prohl\u00e1\u0161en\u00ed, kter\u00e9 oslov\u00ed majitele dom\u00e1c\u00edch mazl\u00ed\u010dk\u016f, kte\u0159\u00ed dbaj\u00ed na \u017eivotn\u00ed prost\u0159ed\u00ed a hledaj\u00ed spolehliv\u00e9 a stylov\u00e9 mo\u017enosti likvidace odpadu.<\/p>","protected":false},"excerpt":{"rendered":"<p>Na\u0161e p\u0159izp\u016fsobiteln\u00e9, ekologick\u00e9 s\u00e1\u010dky na v\u00fdkaly jsou ide\u00e1ln\u00ed pro zna\u010dky, kter\u00e9 cht\u011bj\u00ed majitel\u016fm dom\u00e1c\u00edch mazl\u00ed\u010dk\u016f poskytnout spolehliv\u00e9 \u0159e\u0161en\u00ed pro odpad. Tyto s\u00e1\u010dky jsou vyrobeny z odoln\u00fdch, biologicky odbourateln\u00fdch materi\u00e1l\u016f a nab\u00edzej\u00ed mo\u017enost p\u0159izp\u016fsoben\u00ed loga nebo vzoru, co\u017e umo\u017e\u0148uje B2B klient\u016fm zv\u00fd\u0161it viditelnost zna\u010dky a z\u00e1rove\u0148 podpo\u0159it udr\u017eitelnost. Tyto s\u00e1\u010dky jsou pevn\u00e9 a snadno pou\u017eiteln\u00e9 a jsou navr\u017eeny tak, aby bezpe\u010dn\u011b manipulovaly s odpadem, tak\u017ee jsou ide\u00e1ln\u00ed pro maloobchodn\u00ed prodej nebo jako zna\u010dkov\u00fd propaga\u010dn\u00ed p\u0159edm\u011bt. D\u00edky tomuto praktick\u00e9mu a z\u00e1rove\u0148 stylov\u00e9mu p\u0159\u00edstupu k likvidaci odpadu po dom\u00e1c\u00edch mazl\u00ed\u010dc\u00edch m\u016f\u017ee va\u0161e zna\u010dka nab\u00eddnout z\u00e1kazn\u00edk\u016fm jak pohodl\u00ed, tak odpov\u011bdnost k \u017eivotn\u00edmu prost\u0159ed\u00ed.<\/p>","protected":false},"featured_media":9310,"template":"","meta":[],"product_brand":[],"product_cat":[58],"product_tag":[],"class_list":{"0":"post-9309","1":"product","2":"type-product","3":"status-publish","4":"has-post-thumbnail","6":"product_cat-accessories","8":"first","9":"instock","10":"shipping-taxable","11":"product-type-simple"},"yoast_head":"<!-- This site is optimized with the Yoast SEO plugin v26.6 - https:\/\/yoast.com\/wordpress\/plugins\/seo\/ -->\n<title>Poop Bag | QQPETS<\/title>\n<meta name=\"description\" content=\"Eco-friendly, customizable poop bags designed for brands. Perfect for B2B clients needing custom logos or patterns. Convenient, durable, and sustainable waste solution.\" \/>\n<meta name=\"robots\" content=\"index, follow, max-snippet:-1, max-image-preview:large, max-video-preview:-1\" \/>\n<link rel=\"canonical\" href=\"https:\/\/qqpets.com\/cs\/produkt\/poop-bag\/\" \/>\n<meta property=\"og:locale\" content=\"cs_CZ\" \/>\n<meta property=\"og:type\" content=\"article\" \/>\n<meta property=\"og:title\" content=\"Poop Bag | QQPETS\" \/>\n<meta property=\"og:description\" content=\"Eco-friendly, customizable poop bags designed for brands. Perfect for B2B clients needing custom logos or patterns. Convenient, durable, and sustainable waste solution.\" \/>\n<meta property=\"og:url\" content=\"https:\/\/qqpets.com\/cs\/produkt\/poop-bag\/\" \/>\n<meta property=\"og:site_name\" content=\"QQPETS\" \/>\n<meta property=\"article:publisher\" content=\"https:\/\/www.facebook.com\/QQpetsdogcollars\" \/>\n<meta property=\"og:image\" content=\"https:\/\/qqpets.com\/wp-content\/uploads\/2024\/11\/poop-bag1.webp\" \/>\n\t<meta property=\"og:image:width\" content=\"800\" \/>\n\t<meta property=\"og:image:height\" content=\"800\" \/>\n\t<meta property=\"og:image:type\" content=\"image\/webp\" \/>\n<meta name=\"twitter:card\" content=\"summary_large_image\" \/>\n<meta name=\"twitter:label1\" content=\"Odhadovan\u00e1 doba \u010dten\u00ed\" \/>\n\t<meta name=\"twitter:data1\" content=\"1 minuta\" \/>\n<script type=\"application\/ld+json\" class=\"yoast-schema-graph\">{\"@context\":\"https:\/\/schema.org\",\"@graph\":[{\"@type\":\"WebPage\",\"@id\":\"https:\/\/qqpets.com\/product\/poop-bag\/\",\"url\":\"https:\/\/qqpets.com\/product\/poop-bag\/\",\"name\":\"Poop Bag | QQPETS\",\"isPartOf\":{\"@id\":\"https:\/\/qqpets.com\/#website\"},\"primaryImageOfPage\":{\"@id\":\"https:\/\/qqpets.com\/product\/poop-bag\/#primaryimage\"},\"image\":{\"@id\":\"https:\/\/qqpets.com\/product\/poop-bag\/#primaryimage\"},\"thumbnailUrl\":\"https:\/\/qqpets.com\/wp-content\/uploads\/2024\/11\/poop-bag1.webp\",\"datePublished\":\"2024-11-14T05:47:12+00:00\",\"description\":\"Eco-friendly, customizable poop bags designed for brands. Perfect for B2B clients needing custom logos or patterns. Convenient, durable, and sustainable waste solution.\",\"breadcrumb\":{\"@id\":\"https:\/\/qqpets.com\/product\/poop-bag\/#breadcrumb\"},\"inLanguage\":\"cs\",\"potentialAction\":[{\"@type\":\"ReadAction\",\"target\":[\"https:\/\/qqpets.com\/product\/poop-bag\/\"]}]},{\"@type\":\"ImageObject\",\"inLanguage\":\"cs\",\"@id\":\"https:\/\/qqpets.com\/product\/poop-bag\/#primaryimage\",\"url\":\"https:\/\/qqpets.com\/wp-content\/uploads\/2024\/11\/poop-bag1.webp\",\"contentUrl\":\"https:\/\/qqpets.com\/wp-content\/uploads\/2024\/11\/poop-bag1.webp\",\"width\":800,\"height\":800},{\"@type\":\"BreadcrumbList\",\"@id\":\"https:\/\/qqpets.com\/product\/poop-bag\/#breadcrumb\",\"itemListElement\":[{\"@type\":\"ListItem\",\"position\":1,\"name\":\"Home\",\"item\":\"https:\/\/qqpets.com\/\"},{\"@type\":\"ListItem\",\"position\":2,\"name\":\"Products\",\"item\":\"https:\/\/qqpets.com\/pet-products-manufacturer\/\"},{\"@type\":\"ListItem\",\"position\":3,\"name\":\"Poop Bag\"}]},{\"@type\":\"WebSite\",\"@id\":\"https:\/\/qqpets.com\/#website\",\"url\":\"https:\/\/qqpets.com\/\",\"name\":\"QQPETS\",\"description\":\"QQPETS is a pet products factory for dog harnesses, dog collars, dog leashes and dog accessories with professional customized service since 2005.\",\"publisher\":{\"@id\":\"https:\/\/qqpets.com\/#organization\"},\"potentialAction\":[{\"@type\":\"SearchAction\",\"target\":{\"@type\":\"EntryPoint\",\"urlTemplate\":\"https:\/\/qqpets.com\/?s={search_term_string}\"},\"query-input\":{\"@type\":\"PropertyValueSpecification\",\"valueRequired\":true,\"valueName\":\"search_term_string\"}}],\"inLanguage\":\"cs\"},{\"@type\":\"Organization\",\"@id\":\"https:\/\/qqpets.com\/#organization\",\"name\":\"QQPETS\",\"url\":\"https:\/\/qqpets.com\/\",\"logo\":{\"@type\":\"ImageObject\",\"inLanguage\":\"cs\",\"@id\":\"https:\/\/qqpets.com\/#\/schema\/logo\/image\/\",\"url\":\"https:\/\/qqpets.com\/wp-content\/uploads\/2023\/09\/cropped-cropped-qqpets-tiktok.jpg\",\"contentUrl\":\"https:\/\/qqpets.com\/wp-content\/uploads\/2023\/09\/cropped-cropped-qqpets-tiktok.jpg\",\"width\":511,\"height\":511,\"caption\":\"QQPETS\"},\"image\":{\"@id\":\"https:\/\/qqpets.com\/#\/schema\/logo\/image\/\"},\"sameAs\":[\"https:\/\/www.facebook.com\/QQpetsdogcollars\",\"https:\/\/www.instagram.com\/qqpetscollar\/\",\"https:\/\/www.pinterest.com\/qqpetsdogcollarsfactory\/\"]}]}<\/script>\n<!-- \/ Yoast SEO plugin. -->","yoast_head_json":{"title":"S\u00e1\u010dek na hov\u00ednka | QQPETS","description":"Ekologick\u00e9, p\u0159izp\u016fsobiteln\u00e9 s\u00e1\u010dky na hov\u00ednka ur\u010den\u00e9 pro zna\u010dky. Ide\u00e1ln\u00ed pro B2B klienty, kte\u0159\u00ed pot\u0159ebuj\u00ed vlastn\u00ed loga nebo vzory. Pohodln\u00e9, trvanliv\u00e9 a udr\u017eiteln\u00e9 \u0159e\u0161en\u00ed odpadu.","robots":{"index":"index","follow":"follow","max-snippet":"max-snippet:-1","max-image-preview":"max-image-preview:large","max-video-preview":"max-video-preview:-1"},"canonical":"https:\/\/qqpets.com\/cs\/produkt\/poop-bag\/","og_locale":"cs_CZ","og_type":"article","og_title":"Poop Bag | QQPETS","og_description":"Eco-friendly, customizable poop bags designed for brands. Perfect for B2B clients needing custom logos or patterns. Convenient, durable, and sustainable waste solution.","og_url":"https:\/\/qqpets.com\/cs\/produkt\/poop-bag\/","og_site_name":"QQPETS","article_publisher":"https:\/\/www.facebook.com\/QQpetsdogcollars","og_image":[{"width":800,"height":800,"url":"https:\/\/qqpets.com\/wp-content\/uploads\/2024\/11\/poop-bag1.webp","type":"image\/webp"}],"twitter_card":"summary_large_image","twitter_misc":{"Odhadovan\u00e1 doba \u010dten\u00ed":"1 minuta"},"schema":{"@context":"https:\/\/schema.org","@graph":[{"@type":"WebPage","@id":"https:\/\/qqpets.com\/product\/poop-bag\/","url":"https:\/\/qqpets.com\/product\/poop-bag\/","name":"S\u00e1\u010dek na hov\u00ednka | QQPETS","isPartOf":{"@id":"https:\/\/qqpets.com\/#website"},"primaryImageOfPage":{"@id":"https:\/\/qqpets.com\/product\/poop-bag\/#primaryimage"},"image":{"@id":"https:\/\/qqpets.com\/product\/poop-bag\/#primaryimage"},"thumbnailUrl":"https:\/\/qqpets.com\/wp-content\/uploads\/2024\/11\/poop-bag1.webp","datePublished":"2024-11-14T05:47:12+00:00","description":"Ekologick\u00e9, p\u0159izp\u016fsobiteln\u00e9 s\u00e1\u010dky na hov\u00ednka ur\u010den\u00e9 pro zna\u010dky. Ide\u00e1ln\u00ed pro B2B klienty, kte\u0159\u00ed pot\u0159ebuj\u00ed vlastn\u00ed loga nebo vzory. Pohodln\u00e9, trvanliv\u00e9 a udr\u017eiteln\u00e9 \u0159e\u0161en\u00ed odpadu.","breadcrumb":{"@id":"https:\/\/qqpets.com\/product\/poop-bag\/#breadcrumb"},"inLanguage":"cs","potentialAction":[{"@type":"ReadAction","target":["https:\/\/qqpets.com\/product\/poop-bag\/"]}]},{"@type":"ImageObject","inLanguage":"cs","@id":"https:\/\/qqpets.com\/product\/poop-bag\/#primaryimage","url":"https:\/\/qqpets.com\/wp-content\/uploads\/2024\/11\/poop-bag1.webp","contentUrl":"https:\/\/qqpets.com\/wp-content\/uploads\/2024\/11\/poop-bag1.webp","width":800,"height":800},{"@type":"BreadcrumbList","@id":"https:\/\/qqpets.com\/product\/poop-bag\/#breadcrumb","itemListElement":[{"@type":"ListItem","position":1,"name":"Home","item":"https:\/\/qqpets.com\/"},{"@type":"ListItem","position":2,"name":"Products","item":"https:\/\/qqpets.com\/pet-products-manufacturer\/"},{"@type":"ListItem","position":3,"name":"Poop Bag"}]},{"@type":"WebSite","@id":"https:\/\/qqpets.com\/#website","url":"https:\/\/qqpets.com\/","name":"QQPETS","description":"QQPETS je tov\u00e1rna na v\u00fdrobky pro dom\u00e1c\u00ed mazl\u00ed\u010dky pro ps\u00ed postroje, obojky, vod\u00edtka a dopl\u0148ky pro psy s profesion\u00e1ln\u00edmi slu\u017ebami na m\u00edru od roku 2005.","publisher":{"@id":"https:\/\/qqpets.com\/#organization"},"potentialAction":[{"@type":"SearchAction","target":{"@type":"EntryPoint","urlTemplate":"https:\/\/qqpets.com\/?s={search_term_string}"},"query-input":{"@type":"PropertyValueSpecification","valueRequired":true,"valueName":"search_term_string"}}],"inLanguage":"cs"},{"@type":"Organization","@id":"https:\/\/qqpets.com\/#organization","name":"QQPETS","url":"https:\/\/qqpets.com\/","logo":{"@type":"ImageObject","inLanguage":"cs","@id":"https:\/\/qqpets.com\/#\/schema\/logo\/image\/","url":"https:\/\/qqpets.com\/wp-content\/uploads\/2023\/09\/cropped-cropped-qqpets-tiktok.jpg","contentUrl":"https:\/\/qqpets.com\/wp-content\/uploads\/2023\/09\/cropped-cropped-qqpets-tiktok.jpg","width":511,"height":511,"caption":"QQPETS"},"image":{"@id":"https:\/\/qqpets.com\/#\/schema\/logo\/image\/"},"sameAs":["https:\/\/www.facebook.com\/QQpetsdogcollars","https:\/\/www.instagram.com\/qqpetscollar\/","https:\/\/www.pinterest.com\/qqpetsdogcollarsfactory\/"]}]}},"_links":{"self":[{"href":"https:\/\/qqpets.com\/cs\/wp-json\/wp\/v2\/product\/9309","targetHints":{"allow":["GET"]}}],"collection":[{"href":"https:\/\/qqpets.com\/cs\/wp-json\/wp\/v2\/product"}],"about":[{"href":"https:\/\/qqpets.com\/cs\/wp-json\/wp\/v2\/types\/product"}],"wp:featuredmedia":[{"embeddable":true,"href":"https:\/\/qqpets.com\/cs\/wp-json\/wp\/v2\/media\/9310"}],"wp:attachment":[{"href":"https:\/\/qqpets.com\/cs\/wp-json\/wp\/v2\/media?parent=9309"}],"wp:term":[{"taxonomy":"product_brand","embeddable":true,"href":"https:\/\/qqpets.com\/cs\/wp-json\/wp\/v2\/product_brand?post=9309"},{"taxonomy":"product_cat","embeddable":true,"href":"https:\/\/qqpets.com\/cs\/wp-json\/wp\/v2\/product_cat?post=9309"},{"taxonomy":"product_tag","embeddable":true,"href":"https:\/\/qqpets.com\/cs\/wp-json\/wp\/v2\/product_tag?post=9309"}],"curies":[{"name":"wp","href":"https:\/\/api.w.org\/{rel}","templated":true}]}}