{"id":9325,"date":"2024-11-14T14:25:03","date_gmt":"2024-11-14T06:25:03","guid":{"rendered":"https:\/\/qqpets.com\/?post_type=product&#038;p=9325"},"modified":"2024-11-14T14:25:03","modified_gmt":"2024-11-14T06:25:03","slug":"dog-bandana","status":"publish","type":"product","link":"https:\/\/qqpets.com\/cs\/produkt\/dog-bandana\/","title":{"rendered":"\u0160\u00e1tek pro psy"},"content":{"rendered":"<div class=\"flex max-w-full flex-col flex-grow\">\n<div class=\"min-h-8 text-message flex w-full flex-col items-end gap-2 whitespace-normal break-words [.text-message+&amp;]:mt-5\" dir=\"auto\" data-message-author-role=\"assistant\" data-message-id=\"5cf613db-4054-4cf6-ab7d-7b94d3a1313d\" data-message-model-slug=\"gpt-4o\">\n<div class=\"flex w-full flex-col gap-1 empty:hidden first:pt-[3px]\">\n<div class=\"markdown prose w-full break-words dark:prose-invert light\">\n<p>\u0160\u00e1tek pro psy je stylov\u00fd a praktick\u00fd dopln\u011bk, kter\u00fd dod\u00e1 ka\u017ed\u00e9mu dom\u00e1c\u00edmu mazl\u00ed\u010dkovi sv\u011b\u017e\u00ed a z\u00e1bavn\u00fd vzhled. Tyto \u0161\u00e1tky jsou vyrobeny z vysoce kvalitn\u00ed prody\u0161n\u00e9 tkaniny a nab\u00edzej\u00ed pohodl\u00ed i odolnost, tak\u017ee dom\u00e1c\u00ed mazl\u00ed\u010dci vypadaj\u00ed a c\u00edt\u00ed se skv\u011ble. Ka\u017ed\u00e1 \u0161\u00e1la je p\u0159izp\u016fsobena v\u0161em velikostem ps\u016f, snadno se zavazuje kolem krku a okam\u017eit\u011b dod\u00e1 \u0161mrnc jak\u00e9mukoli oble\u010den\u00ed, a\u0165 u\u017e na proch\u00e1zce v parku nebo na akci pro dom\u00e1c\u00ed mazl\u00ed\u010dky.<\/p>\n<p>Pro klienty B2B jsou na\u0161e \u0161\u00e1tky pro psy pln\u011b p\u0159izp\u016fsobiteln\u00e9 a nab\u00edzej\u00ed ide\u00e1ln\u00ed platformu pro vytvo\u0159en\u00ed zna\u010dky s logem va\u0161\u00ed spole\u010dnosti, charakteristick\u00fdmi vzory nebo jedine\u010dn\u00fdmi vzory. Tato funkce je ide\u00e1ln\u00ed pro obchody s dom\u00e1c\u00edmi mazl\u00ed\u010dky, kade\u0159nick\u00e9 salony a firmy, kter\u00e9 hledaj\u00ed vlastn\u00ed propaga\u010dn\u00ed p\u0159edm\u011bty, kter\u00e9 maj\u00ed ohlas u majitel\u016f dom\u00e1c\u00edch mazl\u00ed\u010dk\u016f.<\/p>\n<p>Na\u0161e \u0161\u00e1tky jsou vyrobeny s d\u016frazem na detail, co\u017e zaru\u010duje, \u017ee v\u00fdrobek je vizu\u00e1ln\u011b p\u0159ita\u017eliv\u00fd a dostate\u010dn\u011b odoln\u00fd pro pravideln\u00e9 pou\u017e\u00edv\u00e1n\u00ed. D\u00edky sv\u00e9 \u0161irok\u00e9 p\u0159ita\u017elivosti pom\u00e1haj\u00ed \u0161\u00e1tky na zak\u00e1zku pro psy budovat nezapomenutelnou prezentaci zna\u010dky a z\u00e1rove\u0148 poskytuj\u00ed z\u00e1kazn\u00edk\u016fm stylov\u00fd a praktick\u00fd dopln\u011bk pro jejich dom\u00e1c\u00ed mazl\u00ed\u010dky. Vyu\u017eijte rostouc\u00ed trh s dom\u00e1c\u00edmi mazl\u00ed\u010dky s na\u0161imi p\u0159izp\u016fsobiteln\u00fdmi \u0161\u00e1tky pro psy, kter\u00e9 vyva\u017euj\u00ed m\u00f3du, funk\u010dnost a potenci\u00e1l zna\u010dky.<\/p>\n<\/div>\n<\/div>\n<\/div>\n<\/div>\n<div class=\"mb-2 flex gap-3 empty:hidden -ml-2\">\n<div class=\"items-center justify-start rounded-xl p-1 flex\">\n<div class=\"flex items-center\"><button class=\"rounded-lg text-token-text-secondary hover:bg-token-main-surface-secondary\" aria-label=\"Hlasit\u00e9 \u010dten\u00ed\" data-testid=\"voice-play-turn-action-button\"><\/button><button class=\"rounded-lg text-token-text-secondary hover:bg-token-main-surface-secondary\" aria-label=\"Kop\u00edrovat\" data-testid=\"copy-turn-action-button\"><\/button><\/p>\n<div class=\"flex\"><\/div>\n<div class=\"flex items-center pb-0\"><span class=\"overflow-hidden text-clip whitespace-nowrap text-sm\">4o<\/span><\/div>\n<\/div>\n<\/div>\n<\/div>","protected":false},"excerpt":{"rendered":"<p>Na\u0161e p\u0159izp\u016fsobiteln\u00e9 \u0161\u00e1tky pro psy jsou navr\u017eeny tak, aby dom\u00e1c\u00edm mazl\u00ed\u010dk\u016fm dodaly styl a osobitost a z\u00e1rove\u0148 propagovaly va\u0161i zna\u010dku. Tyto \u0161\u00e1tky jsou vyrobeny z m\u011bkk\u00e9 a odoln\u00e9 tkaniny a mohou b\u00fdt opat\u0159eny vlastn\u00edm logem nebo vzorem, tak\u017ee jsou ide\u00e1ln\u00ed volbou pro firmy, kter\u00e9 cht\u011bj\u00ed jedine\u010dn\u00e9 zna\u010dkov\u00e9 dopl\u0148ky pro dom\u00e1c\u00ed mazl\u00ed\u010dky. Tyto \u0161\u00e1tky, kter\u00e9 se snadno nos\u00ed a jsou vhodn\u00e9 pro v\u0161echny velikosti ps\u016f, dod\u00e1vaj\u00ed okouzluj\u00edc\u00ed vzhled p\u0159i ka\u017edodenn\u00edm no\u0161en\u00ed nebo na r\u016fzn\u00fdch akc\u00edch. Na\u0161e \u0161\u00e1tky pro psy, kter\u00e9 jsou ide\u00e1ln\u00ed pro obchody s chovatelsk\u00fdmi pot\u0159ebami, podniky zab\u00fdvaj\u00edc\u00ed se p\u00e9\u010d\u00ed o zv\u00ed\u0159ata nebo propaga\u010dn\u00ed d\u00e1rky, kombinuj\u00ed styl a funk\u010dnost, aby pomohly va\u0161\u00ed zna\u010dce vyniknout na trhu s dopl\u0148ky pro dom\u00e1c\u00ed zv\u00ed\u0159ata.<\/p>","protected":false},"featured_media":9326,"template":"","meta":[],"product_brand":[],"product_cat":[58],"product_tag":[],"class_list":{"0":"post-9325","1":"product","2":"type-product","3":"status-publish","4":"has-post-thumbnail","6":"product_cat-accessories","8":"first","9":"instock","10":"shipping-taxable","11":"product-type-simple"},"yoast_head":"<!-- This site is optimized with the Yoast SEO plugin v26.6 - https:\/\/yoast.com\/wordpress\/plugins\/seo\/ -->\n<title>Dog Bandana | QQPETS<\/title>\n<meta name=\"description\" content=\"Customizable dog bandanas for branding. Perfect for B2B clients seeking pet accessories with personalized logos or patterns. Stylish, comfortable, and versatile.\" \/>\n<meta name=\"robots\" content=\"index, follow, max-snippet:-1, max-image-preview:large, max-video-preview:-1\" \/>\n<link rel=\"canonical\" href=\"https:\/\/qqpets.com\/cs\/produkt\/dog-bandana\/\" \/>\n<meta property=\"og:locale\" content=\"cs_CZ\" \/>\n<meta property=\"og:type\" content=\"article\" \/>\n<meta property=\"og:title\" content=\"Dog Bandana | QQPETS\" \/>\n<meta property=\"og:description\" content=\"Customizable dog bandanas for branding. Perfect for B2B clients seeking pet accessories with personalized logos or patterns. Stylish, comfortable, and versatile.\" \/>\n<meta property=\"og:url\" content=\"https:\/\/qqpets.com\/cs\/produkt\/dog-bandana\/\" \/>\n<meta property=\"og:site_name\" content=\"QQPETS\" \/>\n<meta property=\"article:publisher\" content=\"https:\/\/www.facebook.com\/QQpetsdogcollars\" \/>\n<meta property=\"og:image\" content=\"https:\/\/qqpets.com\/wp-content\/uploads\/2024\/11\/dog-bandana1.webp\" \/>\n\t<meta property=\"og:image:width\" content=\"800\" \/>\n\t<meta property=\"og:image:height\" content=\"800\" \/>\n\t<meta property=\"og:image:type\" content=\"image\/webp\" \/>\n<meta name=\"twitter:card\" content=\"summary_large_image\" \/>\n<meta name=\"twitter:label1\" content=\"Odhadovan\u00e1 doba \u010dten\u00ed\" \/>\n\t<meta name=\"twitter:data1\" content=\"1 minuta\" \/>\n<script type=\"application\/ld+json\" class=\"yoast-schema-graph\">{\"@context\":\"https:\/\/schema.org\",\"@graph\":[{\"@type\":\"WebPage\",\"@id\":\"https:\/\/qqpets.com\/product\/dog-bandana\/\",\"url\":\"https:\/\/qqpets.com\/product\/dog-bandana\/\",\"name\":\"Dog Bandana | QQPETS\",\"isPartOf\":{\"@id\":\"https:\/\/qqpets.com\/#website\"},\"primaryImageOfPage\":{\"@id\":\"https:\/\/qqpets.com\/product\/dog-bandana\/#primaryimage\"},\"image\":{\"@id\":\"https:\/\/qqpets.com\/product\/dog-bandana\/#primaryimage\"},\"thumbnailUrl\":\"https:\/\/qqpets.com\/wp-content\/uploads\/2024\/11\/dog-bandana1.webp\",\"datePublished\":\"2024-11-14T06:25:03+00:00\",\"description\":\"Customizable dog bandanas for branding. Perfect for B2B clients seeking pet accessories with personalized logos or patterns. Stylish, comfortable, and versatile.\",\"breadcrumb\":{\"@id\":\"https:\/\/qqpets.com\/product\/dog-bandana\/#breadcrumb\"},\"inLanguage\":\"cs\",\"potentialAction\":[{\"@type\":\"ReadAction\",\"target\":[\"https:\/\/qqpets.com\/product\/dog-bandana\/\"]}]},{\"@type\":\"ImageObject\",\"inLanguage\":\"cs\",\"@id\":\"https:\/\/qqpets.com\/product\/dog-bandana\/#primaryimage\",\"url\":\"https:\/\/qqpets.com\/wp-content\/uploads\/2024\/11\/dog-bandana1.webp\",\"contentUrl\":\"https:\/\/qqpets.com\/wp-content\/uploads\/2024\/11\/dog-bandana1.webp\",\"width\":800,\"height\":800},{\"@type\":\"BreadcrumbList\",\"@id\":\"https:\/\/qqpets.com\/product\/dog-bandana\/#breadcrumb\",\"itemListElement\":[{\"@type\":\"ListItem\",\"position\":1,\"name\":\"Home\",\"item\":\"https:\/\/qqpets.com\/\"},{\"@type\":\"ListItem\",\"position\":2,\"name\":\"Products\",\"item\":\"https:\/\/qqpets.com\/pet-products-manufacturer\/\"},{\"@type\":\"ListItem\",\"position\":3,\"name\":\"Dog Bandana\"}]},{\"@type\":\"WebSite\",\"@id\":\"https:\/\/qqpets.com\/#website\",\"url\":\"https:\/\/qqpets.com\/\",\"name\":\"QQPETS\",\"description\":\"QQPETS is a pet products factory for dog harnesses, dog collars, dog leashes and dog accessories with professional customized service since 2005.\",\"publisher\":{\"@id\":\"https:\/\/qqpets.com\/#organization\"},\"potentialAction\":[{\"@type\":\"SearchAction\",\"target\":{\"@type\":\"EntryPoint\",\"urlTemplate\":\"https:\/\/qqpets.com\/?s={search_term_string}\"},\"query-input\":{\"@type\":\"PropertyValueSpecification\",\"valueRequired\":true,\"valueName\":\"search_term_string\"}}],\"inLanguage\":\"cs\"},{\"@type\":\"Organization\",\"@id\":\"https:\/\/qqpets.com\/#organization\",\"name\":\"QQPETS\",\"url\":\"https:\/\/qqpets.com\/\",\"logo\":{\"@type\":\"ImageObject\",\"inLanguage\":\"cs\",\"@id\":\"https:\/\/qqpets.com\/#\/schema\/logo\/image\/\",\"url\":\"https:\/\/qqpets.com\/wp-content\/uploads\/2023\/09\/cropped-cropped-qqpets-tiktok.jpg\",\"contentUrl\":\"https:\/\/qqpets.com\/wp-content\/uploads\/2023\/09\/cropped-cropped-qqpets-tiktok.jpg\",\"width\":511,\"height\":511,\"caption\":\"QQPETS\"},\"image\":{\"@id\":\"https:\/\/qqpets.com\/#\/schema\/logo\/image\/\"},\"sameAs\":[\"https:\/\/www.facebook.com\/QQpetsdogcollars\",\"https:\/\/www.instagram.com\/qqpetscollar\/\",\"https:\/\/www.pinterest.com\/qqpetsdogcollarsfactory\/\"]}]}<\/script>\n<!-- \/ Yoast SEO plugin. -->","yoast_head_json":{"title":"\u0160\u00e1tek pro psy | QQPETS","description":"P\u0159izp\u016fsobiteln\u00e9 \u0161\u00e1tky pro psy pro tvorbu zna\u010dky. Ide\u00e1ln\u00ed pro B2B klienty, kte\u0159\u00ed hledaj\u00ed dopl\u0148ky pro dom\u00e1c\u00ed mazl\u00ed\u010dky s personalizovan\u00fdmi logy nebo vzory. Stylov\u00e9, pohodln\u00e9 a v\u0161estrann\u00e9.","robots":{"index":"index","follow":"follow","max-snippet":"max-snippet:-1","max-image-preview":"max-image-preview:large","max-video-preview":"max-video-preview:-1"},"canonical":"https:\/\/qqpets.com\/cs\/produkt\/dog-bandana\/","og_locale":"cs_CZ","og_type":"article","og_title":"Dog Bandana | QQPETS","og_description":"Customizable dog bandanas for branding. Perfect for B2B clients seeking pet accessories with personalized logos or patterns. Stylish, comfortable, and versatile.","og_url":"https:\/\/qqpets.com\/cs\/produkt\/dog-bandana\/","og_site_name":"QQPETS","article_publisher":"https:\/\/www.facebook.com\/QQpetsdogcollars","og_image":[{"width":800,"height":800,"url":"https:\/\/qqpets.com\/wp-content\/uploads\/2024\/11\/dog-bandana1.webp","type":"image\/webp"}],"twitter_card":"summary_large_image","twitter_misc":{"Odhadovan\u00e1 doba \u010dten\u00ed":"1 minuta"},"schema":{"@context":"https:\/\/schema.org","@graph":[{"@type":"WebPage","@id":"https:\/\/qqpets.com\/product\/dog-bandana\/","url":"https:\/\/qqpets.com\/product\/dog-bandana\/","name":"\u0160\u00e1tek pro psy | QQPETS","isPartOf":{"@id":"https:\/\/qqpets.com\/#website"},"primaryImageOfPage":{"@id":"https:\/\/qqpets.com\/product\/dog-bandana\/#primaryimage"},"image":{"@id":"https:\/\/qqpets.com\/product\/dog-bandana\/#primaryimage"},"thumbnailUrl":"https:\/\/qqpets.com\/wp-content\/uploads\/2024\/11\/dog-bandana1.webp","datePublished":"2024-11-14T06:25:03+00:00","description":"P\u0159izp\u016fsobiteln\u00e9 \u0161\u00e1tky pro psy pro tvorbu zna\u010dky. Ide\u00e1ln\u00ed pro B2B klienty, kte\u0159\u00ed hledaj\u00ed dopl\u0148ky pro dom\u00e1c\u00ed mazl\u00ed\u010dky s personalizovan\u00fdmi logy nebo vzory. Stylov\u00e9, pohodln\u00e9 a v\u0161estrann\u00e9.","breadcrumb":{"@id":"https:\/\/qqpets.com\/product\/dog-bandana\/#breadcrumb"},"inLanguage":"cs","potentialAction":[{"@type":"ReadAction","target":["https:\/\/qqpets.com\/product\/dog-bandana\/"]}]},{"@type":"ImageObject","inLanguage":"cs","@id":"https:\/\/qqpets.com\/product\/dog-bandana\/#primaryimage","url":"https:\/\/qqpets.com\/wp-content\/uploads\/2024\/11\/dog-bandana1.webp","contentUrl":"https:\/\/qqpets.com\/wp-content\/uploads\/2024\/11\/dog-bandana1.webp","width":800,"height":800},{"@type":"BreadcrumbList","@id":"https:\/\/qqpets.com\/product\/dog-bandana\/#breadcrumb","itemListElement":[{"@type":"ListItem","position":1,"name":"Home","item":"https:\/\/qqpets.com\/"},{"@type":"ListItem","position":2,"name":"Products","item":"https:\/\/qqpets.com\/pet-products-manufacturer\/"},{"@type":"ListItem","position":3,"name":"Dog Bandana"}]},{"@type":"WebSite","@id":"https:\/\/qqpets.com\/#website","url":"https:\/\/qqpets.com\/","name":"QQPETS","description":"QQPETS je tov\u00e1rna na v\u00fdrobky pro dom\u00e1c\u00ed mazl\u00ed\u010dky pro ps\u00ed postroje, obojky, vod\u00edtka a dopl\u0148ky pro psy s profesion\u00e1ln\u00edmi slu\u017ebami na m\u00edru od roku 2005.","publisher":{"@id":"https:\/\/qqpets.com\/#organization"},"potentialAction":[{"@type":"SearchAction","target":{"@type":"EntryPoint","urlTemplate":"https:\/\/qqpets.com\/?s={search_term_string}"},"query-input":{"@type":"PropertyValueSpecification","valueRequired":true,"valueName":"search_term_string"}}],"inLanguage":"cs"},{"@type":"Organization","@id":"https:\/\/qqpets.com\/#organization","name":"QQPETS","url":"https:\/\/qqpets.com\/","logo":{"@type":"ImageObject","inLanguage":"cs","@id":"https:\/\/qqpets.com\/#\/schema\/logo\/image\/","url":"https:\/\/qqpets.com\/wp-content\/uploads\/2023\/09\/cropped-cropped-qqpets-tiktok.jpg","contentUrl":"https:\/\/qqpets.com\/wp-content\/uploads\/2023\/09\/cropped-cropped-qqpets-tiktok.jpg","width":511,"height":511,"caption":"QQPETS"},"image":{"@id":"https:\/\/qqpets.com\/#\/schema\/logo\/image\/"},"sameAs":["https:\/\/www.facebook.com\/QQpetsdogcollars","https:\/\/www.instagram.com\/qqpetscollar\/","https:\/\/www.pinterest.com\/qqpetsdogcollarsfactory\/"]}]}},"_links":{"self":[{"href":"https:\/\/qqpets.com\/cs\/wp-json\/wp\/v2\/product\/9325","targetHints":{"allow":["GET"]}}],"collection":[{"href":"https:\/\/qqpets.com\/cs\/wp-json\/wp\/v2\/product"}],"about":[{"href":"https:\/\/qqpets.com\/cs\/wp-json\/wp\/v2\/types\/product"}],"wp:featuredmedia":[{"embeddable":true,"href":"https:\/\/qqpets.com\/cs\/wp-json\/wp\/v2\/media\/9326"}],"wp:attachment":[{"href":"https:\/\/qqpets.com\/cs\/wp-json\/wp\/v2\/media?parent=9325"}],"wp:term":[{"taxonomy":"product_brand","embeddable":true,"href":"https:\/\/qqpets.com\/cs\/wp-json\/wp\/v2\/product_brand?post=9325"},{"taxonomy":"product_cat","embeddable":true,"href":"https:\/\/qqpets.com\/cs\/wp-json\/wp\/v2\/product_cat?post=9325"},{"taxonomy":"product_tag","embeddable":true,"href":"https:\/\/qqpets.com\/cs\/wp-json\/wp\/v2\/product_tag?post=9325"}],"curies":[{"name":"wp","href":"https:\/\/api.w.org\/{rel}","templated":true}]}}