{"id":9332,"date":"2024-11-14T15:31:01","date_gmt":"2024-11-14T07:31:01","guid":{"rendered":"https:\/\/qqpets.com\/?post_type=product&#038;p=9332"},"modified":"2024-11-14T15:31:01","modified_gmt":"2024-11-14T07:31:01","slug":"pvc-dog-collar","status":"publish","type":"product","link":"https:\/\/qqpets.com\/cs\/produkt\/pvc-dog-collar\/","title":{"rendered":"PVC obojek pro psy"},"content":{"rendered":"<p>Obojek pro psy z PVC je vynikaj\u00edc\u00ed volbou pro firmy, kter\u00e9 cht\u011bj\u00ed nab\u00edzet obojky pro dom\u00e1c\u00ed mazl\u00ed\u010dky, kter\u00e9 kombinuj\u00ed styl, odolnost a mo\u017enosti brandingu. Tento obojek je vyroben z vod\u011bodoln\u00e9ho a opot\u0159eben\u00ed odoln\u00e9ho PVC a je ide\u00e1ln\u00ed pro psy v\u0161ech plemen, proto\u017ee je odoln\u00fd v\u016f\u010di pov\u011btrnostn\u00edm vliv\u016fm a ka\u017edodenn\u00edmu no\u0161en\u00ed. PVC je ide\u00e1ln\u00ed materi\u00e1l pro v\u00fdrobky pro dom\u00e1c\u00ed zv\u00ed\u0159ata - snadno se \u010dist\u00ed, je vysoce odoln\u00fd a zaji\u0161\u0165uje pohodl\u00ed pro dom\u00e1c\u00ed zv\u00ed\u0159ata i p\u0159i del\u0161\u00edm no\u0161en\u00ed.<\/p>\n<p>Pro B2B klienty lze na\u0161e obojky pro psy z PVC upravit logem va\u0161\u00ed zna\u010dky, barvami nebo jedine\u010dn\u00fdmi vzory a vytvo\u0159it tak ide\u00e1ln\u00ed propaga\u010dn\u00ed n\u00e1stroj nebo maloobchodn\u00ed produkt. Mo\u017enosti vlastn\u00edho brandingu umo\u017e\u0148uj\u00ed v\u011bt\u0161\u00ed viditelnost a rozpoznatelnost zna\u010dky mezi majiteli dom\u00e1c\u00edch mazl\u00ed\u010dk\u016f a pom\u00e1haj\u00ed va\u0161\u00ed firm\u011b ud\u011blat trval\u00fd dojem na trhu s dom\u00e1c\u00edmi mazl\u00ed\u010dky.<\/p>\n<p>Na\u0161e obojky pro psy z PVC jsou ur\u010deny pro firmy, kter\u00e9 hledaj\u00ed spolehliv\u00e9 a vysoce kvalitn\u00ed v\u00fdrobky, je\u017e vyhovuj\u00ed praktick\u00fdm pot\u0159eb\u00e1m majitel\u016f dom\u00e1c\u00edch mazl\u00ed\u010dk\u016f a z\u00e1rove\u0148 zvy\u0161uj\u00ed presti\u017e zna\u010dky. Tyto obojky nejen\u017ee odol\u00e1vaj\u00ed drsn\u00fdm hr\u00e1m a venkovn\u00edm dobrodru\u017estv\u00edm, ale slou\u017e\u00ed tak\u00e9 jako pl\u00e1tno pro jedine\u010dnou zna\u010dku, co\u017e z nich d\u011bl\u00e1 z\u00e1sadn\u00ed volbu pro obchody s dom\u00e1c\u00edmi mazl\u00ed\u010dky, firemn\u00ed d\u00e1rky nebo jakoukoli spole\u010dnost, kter\u00e1 hled\u00e1 kvalitu v oblasti vlastn\u00edch dopl\u0148k\u016f pro dom\u00e1c\u00ed mazl\u00ed\u010dky.<\/p>","protected":false},"excerpt":{"rendered":"<p>Na\u0161e obojky pro psy z PVC jsou navr\u017eeny tak, aby byly odoln\u00e9, pohodln\u00e9 a snadno se udr\u017eovaly. Tyto obojky jsou vyrobeny z vysoce kvalitn\u00edho, vod\u011bodoln\u00e9ho PVC a jsou ide\u00e1ln\u00ed pro aktivn\u00ed dom\u00e1c\u00ed zv\u00ed\u0159ata a do ka\u017ed\u00e9ho po\u010das\u00ed. D\u00edky mo\u017enostem p\u0159izp\u016fsoben\u00ed loga nebo jedine\u010dn\u00fdch vzor\u016f nab\u00edzej\u00ed tyto obojky efektivn\u00ed \u0159e\u0161en\u00ed pro budov\u00e1n\u00ed zna\u010dky pro firmy dod\u00e1vaj\u00edc\u00ed pot\u0159eby pro dom\u00e1c\u00ed mazl\u00ed\u010dky a firemn\u00ed d\u00e1rky. Jsou odoln\u00e9 proti opot\u0159eben\u00ed a snadno se \u010dist\u00ed, co\u017e zaji\u0161\u0165uje trvalou kvalitu a viditelnost zna\u010dky. Na\u0161e obojky z PVC, kter\u00e9 jsou ide\u00e1ln\u00ed pro B2B z\u00e1kazn\u00edky hledaj\u00edc\u00ed vysoce kvalitn\u00ed zna\u010dkov\u00e9 dopl\u0148ky pro dom\u00e1c\u00ed zv\u00ed\u0159ata, kombinuj\u00ed funk\u010dnost a p\u0159izp\u016fsoben\u00ed a p\u0159edstavuj\u00ed spolehlivou a stylovou volbu v oblasti obojk\u016f pro dom\u00e1c\u00ed zv\u00ed\u0159ata.<\/p>","protected":false},"featured_media":9340,"template":"","meta":[],"product_brand":[],"product_cat":[26],"product_tag":[],"class_list":{"0":"post-9332","1":"product","2":"type-product","3":"status-publish","4":"has-post-thumbnail","6":"product_cat-dog-collar","8":"first","9":"instock","10":"shipping-taxable","11":"product-type-simple"},"yoast_head":"<!-- This site is optimized with the Yoast SEO plugin v26.6 - https:\/\/yoast.com\/wordpress\/plugins\/seo\/ -->\n<title>PVC Dog Collar | QQPETS<\/title>\n<meta name=\"description\" content=\"Durable PVC dog collars, fully customizable for B2B branding. Waterproof, easy-to-clean, and ideal for custom logos or patterns. Perfect for brand visibility.\" \/>\n<meta name=\"robots\" content=\"index, follow, max-snippet:-1, max-image-preview:large, max-video-preview:-1\" \/>\n<link rel=\"canonical\" href=\"https:\/\/qqpets.com\/cs\/produkt\/pvc-dog-collar\/\" \/>\n<meta property=\"og:locale\" content=\"cs_CZ\" \/>\n<meta property=\"og:type\" content=\"article\" \/>\n<meta property=\"og:title\" content=\"PVC Dog Collar | QQPETS\" \/>\n<meta property=\"og:description\" content=\"Durable PVC dog collars, fully customizable for B2B branding. Waterproof, easy-to-clean, and ideal for custom logos or patterns. Perfect for brand visibility.\" \/>\n<meta property=\"og:url\" content=\"https:\/\/qqpets.com\/cs\/produkt\/pvc-dog-collar\/\" \/>\n<meta property=\"og:site_name\" content=\"QQPETS\" \/>\n<meta property=\"article:publisher\" content=\"https:\/\/www.facebook.com\/QQpetsdogcollars\" \/>\n<meta property=\"og:image\" content=\"https:\/\/qqpets.com\/wp-content\/uploads\/2024\/11\/pvc-dog-collar8.webp\" \/>\n\t<meta property=\"og:image:width\" content=\"960\" \/>\n\t<meta property=\"og:image:height\" content=\"960\" \/>\n\t<meta property=\"og:image:type\" content=\"image\/webp\" \/>\n<meta name=\"twitter:card\" content=\"summary_large_image\" \/>\n<meta name=\"twitter:label1\" content=\"Odhadovan\u00e1 doba \u010dten\u00ed\" \/>\n\t<meta name=\"twitter:data1\" content=\"1 minuta\" \/>\n<script type=\"application\/ld+json\" class=\"yoast-schema-graph\">{\"@context\":\"https:\/\/schema.org\",\"@graph\":[{\"@type\":\"WebPage\",\"@id\":\"https:\/\/qqpets.com\/product\/pvc-dog-collar\/\",\"url\":\"https:\/\/qqpets.com\/product\/pvc-dog-collar\/\",\"name\":\"PVC Dog Collar | QQPETS\",\"isPartOf\":{\"@id\":\"https:\/\/qqpets.com\/#website\"},\"primaryImageOfPage\":{\"@id\":\"https:\/\/qqpets.com\/product\/pvc-dog-collar\/#primaryimage\"},\"image\":{\"@id\":\"https:\/\/qqpets.com\/product\/pvc-dog-collar\/#primaryimage\"},\"thumbnailUrl\":\"https:\/\/qqpets.com\/wp-content\/uploads\/2024\/11\/pvc-dog-collar8.webp\",\"datePublished\":\"2024-11-14T07:31:01+00:00\",\"description\":\"Durable PVC dog collars, fully customizable for B2B branding. Waterproof, easy-to-clean, and ideal for custom logos or patterns. Perfect for brand visibility.\",\"breadcrumb\":{\"@id\":\"https:\/\/qqpets.com\/product\/pvc-dog-collar\/#breadcrumb\"},\"inLanguage\":\"cs\",\"potentialAction\":[{\"@type\":\"ReadAction\",\"target\":[\"https:\/\/qqpets.com\/product\/pvc-dog-collar\/\"]}]},{\"@type\":\"ImageObject\",\"inLanguage\":\"cs\",\"@id\":\"https:\/\/qqpets.com\/product\/pvc-dog-collar\/#primaryimage\",\"url\":\"https:\/\/qqpets.com\/wp-content\/uploads\/2024\/11\/pvc-dog-collar8.webp\",\"contentUrl\":\"https:\/\/qqpets.com\/wp-content\/uploads\/2024\/11\/pvc-dog-collar8.webp\",\"width\":960,\"height\":960},{\"@type\":\"BreadcrumbList\",\"@id\":\"https:\/\/qqpets.com\/product\/pvc-dog-collar\/#breadcrumb\",\"itemListElement\":[{\"@type\":\"ListItem\",\"position\":1,\"name\":\"Home\",\"item\":\"https:\/\/qqpets.com\/\"},{\"@type\":\"ListItem\",\"position\":2,\"name\":\"Products\",\"item\":\"https:\/\/qqpets.com\/pet-products-manufacturer\/\"},{\"@type\":\"ListItem\",\"position\":3,\"name\":\"PVC Dog Collar\"}]},{\"@type\":\"WebSite\",\"@id\":\"https:\/\/qqpets.com\/#website\",\"url\":\"https:\/\/qqpets.com\/\",\"name\":\"QQPETS\",\"description\":\"QQPETS is a pet products factory for dog harnesses, dog collars, dog leashes and dog accessories with professional customized service since 2005.\",\"publisher\":{\"@id\":\"https:\/\/qqpets.com\/#organization\"},\"potentialAction\":[{\"@type\":\"SearchAction\",\"target\":{\"@type\":\"EntryPoint\",\"urlTemplate\":\"https:\/\/qqpets.com\/?s={search_term_string}\"},\"query-input\":{\"@type\":\"PropertyValueSpecification\",\"valueRequired\":true,\"valueName\":\"search_term_string\"}}],\"inLanguage\":\"cs\"},{\"@type\":\"Organization\",\"@id\":\"https:\/\/qqpets.com\/#organization\",\"name\":\"QQPETS\",\"url\":\"https:\/\/qqpets.com\/\",\"logo\":{\"@type\":\"ImageObject\",\"inLanguage\":\"cs\",\"@id\":\"https:\/\/qqpets.com\/#\/schema\/logo\/image\/\",\"url\":\"https:\/\/qqpets.com\/wp-content\/uploads\/2023\/09\/cropped-cropped-qqpets-tiktok.jpg\",\"contentUrl\":\"https:\/\/qqpets.com\/wp-content\/uploads\/2023\/09\/cropped-cropped-qqpets-tiktok.jpg\",\"width\":511,\"height\":511,\"caption\":\"QQPETS\"},\"image\":{\"@id\":\"https:\/\/qqpets.com\/#\/schema\/logo\/image\/\"},\"sameAs\":[\"https:\/\/www.facebook.com\/QQpetsdogcollars\",\"https:\/\/www.instagram.com\/qqpetscollar\/\",\"https:\/\/www.pinterest.com\/qqpetsdogcollarsfactory\/\"]}]}<\/script>\n<!-- \/ Yoast SEO plugin. -->","yoast_head_json":{"title":"PVC obojek pro psy | QQPETS","description":"Odoln\u00e9 PVC obojky pro psy, pln\u011b p\u0159izp\u016fsobiteln\u00e9 pro B2B branding. Vod\u011bodoln\u00e9, snadno se \u010dist\u00ed a jsou ide\u00e1ln\u00ed pro vlastn\u00ed loga nebo vzory. Ide\u00e1ln\u00ed pro zviditeln\u011bn\u00ed zna\u010dky.","robots":{"index":"index","follow":"follow","max-snippet":"max-snippet:-1","max-image-preview":"max-image-preview:large","max-video-preview":"max-video-preview:-1"},"canonical":"https:\/\/qqpets.com\/cs\/produkt\/pvc-dog-collar\/","og_locale":"cs_CZ","og_type":"article","og_title":"PVC Dog Collar | QQPETS","og_description":"Durable PVC dog collars, fully customizable for B2B branding. Waterproof, easy-to-clean, and ideal for custom logos or patterns. Perfect for brand visibility.","og_url":"https:\/\/qqpets.com\/cs\/produkt\/pvc-dog-collar\/","og_site_name":"QQPETS","article_publisher":"https:\/\/www.facebook.com\/QQpetsdogcollars","og_image":[{"width":960,"height":960,"url":"https:\/\/qqpets.com\/wp-content\/uploads\/2024\/11\/pvc-dog-collar8.webp","type":"image\/webp"}],"twitter_card":"summary_large_image","twitter_misc":{"Odhadovan\u00e1 doba \u010dten\u00ed":"1 minuta"},"schema":{"@context":"https:\/\/schema.org","@graph":[{"@type":"WebPage","@id":"https:\/\/qqpets.com\/product\/pvc-dog-collar\/","url":"https:\/\/qqpets.com\/product\/pvc-dog-collar\/","name":"PVC obojek pro psy | QQPETS","isPartOf":{"@id":"https:\/\/qqpets.com\/#website"},"primaryImageOfPage":{"@id":"https:\/\/qqpets.com\/product\/pvc-dog-collar\/#primaryimage"},"image":{"@id":"https:\/\/qqpets.com\/product\/pvc-dog-collar\/#primaryimage"},"thumbnailUrl":"https:\/\/qqpets.com\/wp-content\/uploads\/2024\/11\/pvc-dog-collar8.webp","datePublished":"2024-11-14T07:31:01+00:00","description":"Odoln\u00e9 PVC obojky pro psy, pln\u011b p\u0159izp\u016fsobiteln\u00e9 pro B2B branding. Vod\u011bodoln\u00e9, snadno se \u010dist\u00ed a jsou ide\u00e1ln\u00ed pro vlastn\u00ed loga nebo vzory. Ide\u00e1ln\u00ed pro zviditeln\u011bn\u00ed zna\u010dky.","breadcrumb":{"@id":"https:\/\/qqpets.com\/product\/pvc-dog-collar\/#breadcrumb"},"inLanguage":"cs","potentialAction":[{"@type":"ReadAction","target":["https:\/\/qqpets.com\/product\/pvc-dog-collar\/"]}]},{"@type":"ImageObject","inLanguage":"cs","@id":"https:\/\/qqpets.com\/product\/pvc-dog-collar\/#primaryimage","url":"https:\/\/qqpets.com\/wp-content\/uploads\/2024\/11\/pvc-dog-collar8.webp","contentUrl":"https:\/\/qqpets.com\/wp-content\/uploads\/2024\/11\/pvc-dog-collar8.webp","width":960,"height":960},{"@type":"BreadcrumbList","@id":"https:\/\/qqpets.com\/product\/pvc-dog-collar\/#breadcrumb","itemListElement":[{"@type":"ListItem","position":1,"name":"Home","item":"https:\/\/qqpets.com\/"},{"@type":"ListItem","position":2,"name":"Products","item":"https:\/\/qqpets.com\/pet-products-manufacturer\/"},{"@type":"ListItem","position":3,"name":"PVC Dog Collar"}]},{"@type":"WebSite","@id":"https:\/\/qqpets.com\/#website","url":"https:\/\/qqpets.com\/","name":"QQPETS","description":"QQPETS je tov\u00e1rna na v\u00fdrobky pro dom\u00e1c\u00ed mazl\u00ed\u010dky pro ps\u00ed postroje, obojky, vod\u00edtka a dopl\u0148ky pro psy s profesion\u00e1ln\u00edmi slu\u017ebami na m\u00edru od roku 2005.","publisher":{"@id":"https:\/\/qqpets.com\/#organization"},"potentialAction":[{"@type":"SearchAction","target":{"@type":"EntryPoint","urlTemplate":"https:\/\/qqpets.com\/?s={search_term_string}"},"query-input":{"@type":"PropertyValueSpecification","valueRequired":true,"valueName":"search_term_string"}}],"inLanguage":"cs"},{"@type":"Organization","@id":"https:\/\/qqpets.com\/#organization","name":"QQPETS","url":"https:\/\/qqpets.com\/","logo":{"@type":"ImageObject","inLanguage":"cs","@id":"https:\/\/qqpets.com\/#\/schema\/logo\/image\/","url":"https:\/\/qqpets.com\/wp-content\/uploads\/2023\/09\/cropped-cropped-qqpets-tiktok.jpg","contentUrl":"https:\/\/qqpets.com\/wp-content\/uploads\/2023\/09\/cropped-cropped-qqpets-tiktok.jpg","width":511,"height":511,"caption":"QQPETS"},"image":{"@id":"https:\/\/qqpets.com\/#\/schema\/logo\/image\/"},"sameAs":["https:\/\/www.facebook.com\/QQpetsdogcollars","https:\/\/www.instagram.com\/qqpetscollar\/","https:\/\/www.pinterest.com\/qqpetsdogcollarsfactory\/"]}]}},"_links":{"self":[{"href":"https:\/\/qqpets.com\/cs\/wp-json\/wp\/v2\/product\/9332","targetHints":{"allow":["GET"]}}],"collection":[{"href":"https:\/\/qqpets.com\/cs\/wp-json\/wp\/v2\/product"}],"about":[{"href":"https:\/\/qqpets.com\/cs\/wp-json\/wp\/v2\/types\/product"}],"wp:featuredmedia":[{"embeddable":true,"href":"https:\/\/qqpets.com\/cs\/wp-json\/wp\/v2\/media\/9340"}],"wp:attachment":[{"href":"https:\/\/qqpets.com\/cs\/wp-json\/wp\/v2\/media?parent=9332"}],"wp:term":[{"taxonomy":"product_brand","embeddable":true,"href":"https:\/\/qqpets.com\/cs\/wp-json\/wp\/v2\/product_brand?post=9332"},{"taxonomy":"product_cat","embeddable":true,"href":"https:\/\/qqpets.com\/cs\/wp-json\/wp\/v2\/product_cat?post=9332"},{"taxonomy":"product_tag","embeddable":true,"href":"https:\/\/qqpets.com\/cs\/wp-json\/wp\/v2\/product_tag?post=9332"}],"curies":[{"name":"wp","href":"https:\/\/api.w.org\/{rel}","templated":true}]}}