{"id":9378,"date":"2024-11-14T16:42:01","date_gmt":"2024-11-14T08:42:01","guid":{"rendered":"https:\/\/qqpets.com\/?post_type=product&#038;p=9378"},"modified":"2024-11-14T16:42:01","modified_gmt":"2024-11-14T08:42:01","slug":"dual-clip-leash","status":"publish","type":"product","link":"https:\/\/qqpets.com\/cs\/produkt\/dual-clip-leash\/","title":{"rendered":"Vod\u00edtko s dvojit\u00fdm klipem"},"content":{"rendered":"<p>Vod\u00edtko s dvojit\u00fdm klipem je navr\u017eeno tak, aby majitel\u016fm dom\u00e1c\u00edch mazl\u00ed\u010dk\u016f poskytovalo lep\u0161\u00ed kontrolu a p\u0159izp\u016fsobivost, a je vybaveno dv\u011bma praktick\u00fdmi body pro p\u0159ipevn\u011bn\u00ed, kter\u00e9 zvy\u0161uj\u00ed univerz\u00e1lnost. Tato konstrukce se dv\u011bma klipy umo\u017e\u0148uje bezpe\u010dn\u00fd a p\u0159izp\u016fsoben\u00fd styl ven\u010den\u00ed, tak\u017ee je obl\u00edbenou volbou pro v\u00fdcvik i ka\u017edodenn\u00ed proch\u00e1zky. P\u0159\u00eddavn\u00fd klip poskytuje mo\u017enost p\u0159ipevn\u011bn\u00ed k obojku i postroji sou\u010dasn\u011b, \u010d\u00edm\u017e se rozlo\u017e\u00ed tlak a zv\u00fd\u0161\u00ed kontrola i nad t\u011bmi nejenergi\u010dt\u011bj\u0161\u00edmi dom\u00e1c\u00edmi mazl\u00ed\u010dky.<\/p>\n<p>Pro z\u00e1kazn\u00edky B2B je vod\u00edtko s dvojit\u00fdm klipem vytvo\u0159eno s ohledem na p\u0159izp\u016fsoben\u00ed. Toto vod\u00edtko podporuje r\u016fzn\u00e9 mo\u017enosti brandingu, co\u017e umo\u017e\u0148uje bezprobl\u00e9movou integraci log, jedine\u010dn\u00fdch vzor\u016f nebo specifick\u00fdch barevn\u00fdch sch\u00e9mat. Vod\u00edtko je vyrobeno z vysoce kvalitn\u00edch a odoln\u00fdch materi\u00e1l\u016f a je konstruov\u00e1no tak, aby vydr\u017eelo pravideln\u00e9 pou\u017e\u00edv\u00e1n\u00ed a zachovalo si sv\u016fj vzhled v pr\u016fb\u011bhu \u010dasu, co\u017e zaji\u0161\u0165uje dlouhou \u017eivotnost a spokojenost z\u00e1kazn\u00edk\u016f. Bezpe\u010dn\u00e9 spony jsou navr\u017eeny pro snadnou manipulaci, zat\u00edmco lehk\u00e1, ale robustn\u00ed konstrukce vod\u00edtka zaru\u010duje pohodl\u00ed pro zv\u00ed\u0159e i pro jeho obsluhu.<\/p>\n<p>Toto vod\u00edtko je d\u00edky sv\u00e9 p\u0159izp\u016fsobivosti a potenci\u00e1lu pro budov\u00e1n\u00ed zna\u010dky ide\u00e1ln\u00edm produktem pro spole\u010dnosti, kter\u00e9 se sna\u017e\u00ed vyniknout na trhu s dopl\u0148ky pro dom\u00e1c\u00ed zv\u00ed\u0159ata. S vod\u00edtkem Dual Clip mohou firmy nab\u00eddnout majitel\u016fm dom\u00e1c\u00edch mazl\u00ed\u010dk\u016f stylov\u00e9, funk\u010dn\u00ed a zna\u010dku podporuj\u00edc\u00ed \u0159e\u0161en\u00ed pro jejich ka\u017edodenn\u00ed ven\u010den\u00ed a v\u00fdcvik.<\/p>","protected":false},"excerpt":{"rendered":"<p>Vod\u00edtko s dvojit\u00fdm klipem poskytuje vynikaj\u00edc\u00ed kontrolu a flexibilitu d\u00edky dv\u011bma upev\u0148ovac\u00edm bod\u016fm, kter\u00e9 jsou ide\u00e1ln\u00ed pro spr\u00e1vu aktivn\u00edch dom\u00e1c\u00edch mazl\u00ed\u010dk\u016f. Toto vod\u00edtko je ide\u00e1ln\u00ed pro klienty B2B, kte\u0159\u00ed hledaj\u00ed mo\u017enosti p\u0159izp\u016fsoben\u00ed, proto\u017ee je navr\u017eeno tak, aby se na n\u011bj ve\u0161la vlastn\u00ed loga nebo vzory, kter\u00e9 se hod\u00ed k jak\u00e9koli zna\u010dce. Vod\u00edtko je vyrobeno s ohledem na odolnost a pohodl\u00ed a podporuje celou \u0159adu styl\u016f ven\u010den\u00ed, od b\u011b\u017en\u00fdch proch\u00e1zek a\u017e po tr\u00e9ninky. D\u00edky vysoce kvalitn\u00edm materi\u00e1l\u016fm a u\u017eivatelsky p\u0159\u00edv\u011btiv\u00fdm spon\u00e1m spl\u0148uje toto vod\u00edtko estetick\u00e9 i funk\u010dn\u00ed pot\u0159eby, co\u017e z n\u011bj \u010din\u00ed vynikaj\u00edc\u00ed volbu pro zna\u010dky dom\u00e1c\u00edch mazl\u00ed\u010dk\u016f, kter\u00e9 cht\u011bj\u00ed nab\u00eddnout univerz\u00e1ln\u00ed, p\u0159izp\u016fsobiteln\u00fd produkt, jen\u017e by na\u0161el odezvu u majitel\u016f dom\u00e1c\u00edch mazl\u00ed\u010dk\u016f.<\/p>\n<p>&nbsp;<\/p>","protected":false},"featured_media":9383,"template":"","meta":[],"product_brand":[],"product_cat":[27],"product_tag":[],"class_list":{"0":"post-9378","1":"product","2":"type-product","3":"status-publish","4":"has-post-thumbnail","6":"product_cat-dog-leash","8":"first","9":"instock","10":"shipping-taxable","11":"product-type-simple"},"yoast_head":"<!-- This site is optimized with the Yoast SEO plugin v26.6 - https:\/\/yoast.com\/wordpress\/plugins\/seo\/ -->\n<title>Dual Clip Leash | QQPETS<\/title>\n<meta name=\"description\" content=\"Dual Clip Leash offers versatility and control with dual attachment points. Ideal for custom branding, durable, and designed for easy logo or pattern integration.\" \/>\n<meta name=\"robots\" content=\"index, follow, max-snippet:-1, max-image-preview:large, max-video-preview:-1\" \/>\n<link rel=\"canonical\" href=\"https:\/\/qqpets.com\/cs\/produkt\/dual-clip-leash\/\" \/>\n<meta property=\"og:locale\" content=\"cs_CZ\" \/>\n<meta property=\"og:type\" content=\"article\" \/>\n<meta property=\"og:title\" content=\"Dual Clip Leash | QQPETS\" \/>\n<meta property=\"og:description\" content=\"Dual Clip Leash offers versatility and control with dual attachment points. Ideal for custom branding, durable, and designed for easy logo or pattern integration.\" \/>\n<meta property=\"og:url\" content=\"https:\/\/qqpets.com\/cs\/produkt\/dual-clip-leash\/\" \/>\n<meta property=\"og:site_name\" content=\"QQPETS\" \/>\n<meta property=\"article:publisher\" content=\"https:\/\/www.facebook.com\/QQpetsdogcollars\" \/>\n<meta property=\"og:image\" content=\"https:\/\/qqpets.com\/wp-content\/uploads\/2024\/11\/Dual-Clip-Leash5.webp\" \/>\n\t<meta property=\"og:image:width\" content=\"707\" \/>\n\t<meta property=\"og:image:height\" content=\"705\" \/>\n\t<meta property=\"og:image:type\" content=\"image\/webp\" \/>\n<meta name=\"twitter:card\" content=\"summary_large_image\" \/>\n<meta name=\"twitter:label1\" content=\"Odhadovan\u00e1 doba \u010dten\u00ed\" \/>\n\t<meta name=\"twitter:data1\" content=\"2 minuty\" \/>\n<script type=\"application\/ld+json\" class=\"yoast-schema-graph\">{\"@context\":\"https:\/\/schema.org\",\"@graph\":[{\"@type\":\"WebPage\",\"@id\":\"https:\/\/qqpets.com\/product\/dual-clip-leash\/\",\"url\":\"https:\/\/qqpets.com\/product\/dual-clip-leash\/\",\"name\":\"Dual Clip Leash | QQPETS\",\"isPartOf\":{\"@id\":\"https:\/\/qqpets.com\/#website\"},\"primaryImageOfPage\":{\"@id\":\"https:\/\/qqpets.com\/product\/dual-clip-leash\/#primaryimage\"},\"image\":{\"@id\":\"https:\/\/qqpets.com\/product\/dual-clip-leash\/#primaryimage\"},\"thumbnailUrl\":\"https:\/\/qqpets.com\/wp-content\/uploads\/2024\/11\/Dual-Clip-Leash5.webp\",\"datePublished\":\"2024-11-14T08:42:01+00:00\",\"description\":\"Dual Clip Leash offers versatility and control with dual attachment points. Ideal for custom branding, durable, and designed for easy logo or pattern integration.\",\"breadcrumb\":{\"@id\":\"https:\/\/qqpets.com\/product\/dual-clip-leash\/#breadcrumb\"},\"inLanguage\":\"cs\",\"potentialAction\":[{\"@type\":\"ReadAction\",\"target\":[\"https:\/\/qqpets.com\/product\/dual-clip-leash\/\"]}]},{\"@type\":\"ImageObject\",\"inLanguage\":\"cs\",\"@id\":\"https:\/\/qqpets.com\/product\/dual-clip-leash\/#primaryimage\",\"url\":\"https:\/\/qqpets.com\/wp-content\/uploads\/2024\/11\/Dual-Clip-Leash5.webp\",\"contentUrl\":\"https:\/\/qqpets.com\/wp-content\/uploads\/2024\/11\/Dual-Clip-Leash5.webp\",\"width\":707,\"height\":705},{\"@type\":\"BreadcrumbList\",\"@id\":\"https:\/\/qqpets.com\/product\/dual-clip-leash\/#breadcrumb\",\"itemListElement\":[{\"@type\":\"ListItem\",\"position\":1,\"name\":\"Home\",\"item\":\"https:\/\/qqpets.com\/\"},{\"@type\":\"ListItem\",\"position\":2,\"name\":\"Products\",\"item\":\"https:\/\/qqpets.com\/pet-products-manufacturer\/\"},{\"@type\":\"ListItem\",\"position\":3,\"name\":\"Dual Clip Leash\"}]},{\"@type\":\"WebSite\",\"@id\":\"https:\/\/qqpets.com\/#website\",\"url\":\"https:\/\/qqpets.com\/\",\"name\":\"QQPETS\",\"description\":\"QQPETS is a pet products factory for dog harnesses, dog collars, dog leashes and dog accessories with professional customized service since 2005.\",\"publisher\":{\"@id\":\"https:\/\/qqpets.com\/#organization\"},\"potentialAction\":[{\"@type\":\"SearchAction\",\"target\":{\"@type\":\"EntryPoint\",\"urlTemplate\":\"https:\/\/qqpets.com\/?s={search_term_string}\"},\"query-input\":{\"@type\":\"PropertyValueSpecification\",\"valueRequired\":true,\"valueName\":\"search_term_string\"}}],\"inLanguage\":\"cs\"},{\"@type\":\"Organization\",\"@id\":\"https:\/\/qqpets.com\/#organization\",\"name\":\"QQPETS\",\"url\":\"https:\/\/qqpets.com\/\",\"logo\":{\"@type\":\"ImageObject\",\"inLanguage\":\"cs\",\"@id\":\"https:\/\/qqpets.com\/#\/schema\/logo\/image\/\",\"url\":\"https:\/\/qqpets.com\/wp-content\/uploads\/2023\/09\/cropped-cropped-qqpets-tiktok.jpg\",\"contentUrl\":\"https:\/\/qqpets.com\/wp-content\/uploads\/2023\/09\/cropped-cropped-qqpets-tiktok.jpg\",\"width\":511,\"height\":511,\"caption\":\"QQPETS\"},\"image\":{\"@id\":\"https:\/\/qqpets.com\/#\/schema\/logo\/image\/\"},\"sameAs\":[\"https:\/\/www.facebook.com\/QQpetsdogcollars\",\"https:\/\/www.instagram.com\/qqpetscollar\/\",\"https:\/\/www.pinterest.com\/qqpetsdogcollarsfactory\/\"]}]}<\/script>\n<!-- \/ Yoast SEO plugin. -->","yoast_head_json":{"title":"Vod\u00edtko s dvojit\u00fdm klipem | QQPETS","description":"Vod\u00edtko s dvojit\u00fdm klipem nab\u00edz\u00ed v\u0161estrannost a kontrolu d\u00edky dv\u011bma upev\u0148ovac\u00edm bod\u016fm. Je ide\u00e1ln\u00ed pro vlastn\u00ed zna\u010den\u00ed, odoln\u00e9 a navr\u017een\u00e9 pro snadnou integraci loga nebo vzoru.","robots":{"index":"index","follow":"follow","max-snippet":"max-snippet:-1","max-image-preview":"max-image-preview:large","max-video-preview":"max-video-preview:-1"},"canonical":"https:\/\/qqpets.com\/cs\/produkt\/dual-clip-leash\/","og_locale":"cs_CZ","og_type":"article","og_title":"Dual Clip Leash | QQPETS","og_description":"Dual Clip Leash offers versatility and control with dual attachment points. Ideal for custom branding, durable, and designed for easy logo or pattern integration.","og_url":"https:\/\/qqpets.com\/cs\/produkt\/dual-clip-leash\/","og_site_name":"QQPETS","article_publisher":"https:\/\/www.facebook.com\/QQpetsdogcollars","og_image":[{"width":707,"height":705,"url":"https:\/\/qqpets.com\/wp-content\/uploads\/2024\/11\/Dual-Clip-Leash5.webp","type":"image\/webp"}],"twitter_card":"summary_large_image","twitter_misc":{"Odhadovan\u00e1 doba \u010dten\u00ed":"2 minuty"},"schema":{"@context":"https:\/\/schema.org","@graph":[{"@type":"WebPage","@id":"https:\/\/qqpets.com\/product\/dual-clip-leash\/","url":"https:\/\/qqpets.com\/product\/dual-clip-leash\/","name":"Vod\u00edtko s dvojit\u00fdm klipem | QQPETS","isPartOf":{"@id":"https:\/\/qqpets.com\/#website"},"primaryImageOfPage":{"@id":"https:\/\/qqpets.com\/product\/dual-clip-leash\/#primaryimage"},"image":{"@id":"https:\/\/qqpets.com\/product\/dual-clip-leash\/#primaryimage"},"thumbnailUrl":"https:\/\/qqpets.com\/wp-content\/uploads\/2024\/11\/Dual-Clip-Leash5.webp","datePublished":"2024-11-14T08:42:01+00:00","description":"Vod\u00edtko s dvojit\u00fdm klipem nab\u00edz\u00ed v\u0161estrannost a kontrolu d\u00edky dv\u011bma upev\u0148ovac\u00edm bod\u016fm. Je ide\u00e1ln\u00ed pro vlastn\u00ed zna\u010den\u00ed, odoln\u00e9 a navr\u017een\u00e9 pro snadnou integraci loga nebo vzoru.","breadcrumb":{"@id":"https:\/\/qqpets.com\/product\/dual-clip-leash\/#breadcrumb"},"inLanguage":"cs","potentialAction":[{"@type":"ReadAction","target":["https:\/\/qqpets.com\/product\/dual-clip-leash\/"]}]},{"@type":"ImageObject","inLanguage":"cs","@id":"https:\/\/qqpets.com\/product\/dual-clip-leash\/#primaryimage","url":"https:\/\/qqpets.com\/wp-content\/uploads\/2024\/11\/Dual-Clip-Leash5.webp","contentUrl":"https:\/\/qqpets.com\/wp-content\/uploads\/2024\/11\/Dual-Clip-Leash5.webp","width":707,"height":705},{"@type":"BreadcrumbList","@id":"https:\/\/qqpets.com\/product\/dual-clip-leash\/#breadcrumb","itemListElement":[{"@type":"ListItem","position":1,"name":"Home","item":"https:\/\/qqpets.com\/"},{"@type":"ListItem","position":2,"name":"Products","item":"https:\/\/qqpets.com\/pet-products-manufacturer\/"},{"@type":"ListItem","position":3,"name":"Dual Clip Leash"}]},{"@type":"WebSite","@id":"https:\/\/qqpets.com\/#website","url":"https:\/\/qqpets.com\/","name":"QQPETS","description":"QQPETS je tov\u00e1rna na v\u00fdrobky pro dom\u00e1c\u00ed mazl\u00ed\u010dky pro ps\u00ed postroje, obojky, vod\u00edtka a dopl\u0148ky pro psy s profesion\u00e1ln\u00edmi slu\u017ebami na m\u00edru od roku 2005.","publisher":{"@id":"https:\/\/qqpets.com\/#organization"},"potentialAction":[{"@type":"SearchAction","target":{"@type":"EntryPoint","urlTemplate":"https:\/\/qqpets.com\/?s={search_term_string}"},"query-input":{"@type":"PropertyValueSpecification","valueRequired":true,"valueName":"search_term_string"}}],"inLanguage":"cs"},{"@type":"Organization","@id":"https:\/\/qqpets.com\/#organization","name":"QQPETS","url":"https:\/\/qqpets.com\/","logo":{"@type":"ImageObject","inLanguage":"cs","@id":"https:\/\/qqpets.com\/#\/schema\/logo\/image\/","url":"https:\/\/qqpets.com\/wp-content\/uploads\/2023\/09\/cropped-cropped-qqpets-tiktok.jpg","contentUrl":"https:\/\/qqpets.com\/wp-content\/uploads\/2023\/09\/cropped-cropped-qqpets-tiktok.jpg","width":511,"height":511,"caption":"QQPETS"},"image":{"@id":"https:\/\/qqpets.com\/#\/schema\/logo\/image\/"},"sameAs":["https:\/\/www.facebook.com\/QQpetsdogcollars","https:\/\/www.instagram.com\/qqpetscollar\/","https:\/\/www.pinterest.com\/qqpetsdogcollarsfactory\/"]}]}},"_links":{"self":[{"href":"https:\/\/qqpets.com\/cs\/wp-json\/wp\/v2\/product\/9378","targetHints":{"allow":["GET"]}}],"collection":[{"href":"https:\/\/qqpets.com\/cs\/wp-json\/wp\/v2\/product"}],"about":[{"href":"https:\/\/qqpets.com\/cs\/wp-json\/wp\/v2\/types\/product"}],"wp:featuredmedia":[{"embeddable":true,"href":"https:\/\/qqpets.com\/cs\/wp-json\/wp\/v2\/media\/9383"}],"wp:attachment":[{"href":"https:\/\/qqpets.com\/cs\/wp-json\/wp\/v2\/media?parent=9378"}],"wp:term":[{"taxonomy":"product_brand","embeddable":true,"href":"https:\/\/qqpets.com\/cs\/wp-json\/wp\/v2\/product_brand?post=9378"},{"taxonomy":"product_cat","embeddable":true,"href":"https:\/\/qqpets.com\/cs\/wp-json\/wp\/v2\/product_cat?post=9378"},{"taxonomy":"product_tag","embeddable":true,"href":"https:\/\/qqpets.com\/cs\/wp-json\/wp\/v2\/product_tag?post=9378"}],"curies":[{"name":"wp","href":"https:\/\/api.w.org\/{rel}","templated":true}]}}