{"id":9384,"date":"2024-11-14T16:47:51","date_gmt":"2024-11-14T08:47:51","guid":{"rendered":"https:\/\/qqpets.com\/?post_type=product&#038;p=9384"},"modified":"2024-12-12T17:34:57","modified_gmt":"2024-12-12T09:34:57","slug":"running-dog-leash","status":"publish","type":"product","link":"https:\/\/qqpets.com\/cs\/produkt\/running-dog-leash\/","title":{"rendered":"Vod\u00edtko pro b\u011b\u017e\u00edc\u00ed psy"},"content":{"rendered":"<p>Na\u0161e b\u011b\u017eeck\u00e9 vod\u00edtko pro psy je tou nejlep\u0161\u00ed volbou pro majitele zv\u00ed\u0159at, kte\u0159\u00ed se sv\u00fdmi psy r\u00e1di aktivn\u011b tr\u00e1v\u00ed \u010das. Toto vod\u00edtko, kter\u00e9 je navr\u017eeno pro pohodl\u00ed bez pou\u017eit\u00ed rukou, se bezpe\u010dn\u011b obep\u00edn\u00e1 kolem pasu, \u010d\u00edm\u017e v\u00e1m uvol\u0148uje ruce a z\u00e1rove\u0148 zaji\u0161\u0165uje stabiln\u00ed kontrolu nad va\u0161\u00edm mazl\u00ed\u010dkem b\u011bhem b\u011bhu, proch\u00e1zky nebo t\u00fary. Toto vod\u00edtko je vyrobeno z odoln\u00fdch materi\u00e1l\u016f odoln\u00fdch v\u016f\u010di pov\u011btrnostn\u00edm vliv\u016fm a je uzp\u016fsobeno tak, aby zvl\u00e1dlo n\u00e1roky pravideln\u00e9ho pou\u017e\u00edv\u00e1n\u00ed bez ohledu na \u00farove\u0148 aktivity dom\u00e1c\u00edho mazl\u00ed\u010dka.<\/p>\n<p>Konstrukce tohoto vod\u00edtka tlum\u00edc\u00ed n\u00e1razy sni\u017euje z\u00e1t\u011b\u017e b\u011b\u017ece i psa a poskytuje pohodln\u00fd a bezprobl\u00e9mov\u00fd z\u00e1\u017eitek. Pru\u017enost vod\u00edtka d\u00e1le zvy\u0161uje bungee \u010d\u00e1st, kter\u00e1 tlum\u00ed n\u00e1hl\u00e9 \u0161kubnut\u00ed a chr\u00e1n\u00ed psovoda i psa p\u0159ed prudk\u00fdmi pohyby. Reflexn\u00ed pro\u0161it\u00ed pod\u00e9l vod\u00edtka dod\u00e1v\u00e1 dal\u0161\u00ed vrstvu bezpe\u010dnosti a zlep\u0161uje viditelnost za zhor\u0161en\u00fdch sv\u011bteln\u00fdch podm\u00ednek p\u0159i rann\u00edch nebo ve\u010dern\u00edch vych\u00e1zk\u00e1ch.<\/p>\n<p>Pro z\u00e1kazn\u00edky B2B nab\u00edz\u00ed vod\u00edtko pro psy Running ide\u00e1ln\u00ed mo\u017enosti p\u0159izp\u016fsoben\u00ed, kter\u00e9 firm\u00e1m umo\u017e\u0148uj\u00ed p\u0159idat jedine\u010dn\u00e1 loga nebo vzory odr\u00e1\u017eej\u00edc\u00ed identitu jejich zna\u010dky. Vod\u00edtko je k dispozici v r\u016fzn\u00fdch barv\u00e1ch a umo\u017e\u0148uje firm\u00e1m poskytovat odli\u0161n\u00fd produkt pro aktivn\u00ed majitele dom\u00e1c\u00edch mazl\u00ed\u010dk\u016f, kte\u0159\u00ed hledaj\u00ed kombinaci stylu, funk\u010dnosti a odolnosti. Toto vod\u00edtko se dokonale hod\u00ed pro zna\u010dky, kter\u00e9 se sna\u017e\u00ed oslovit aktivn\u00ed trh dbaj\u00edc\u00ed na zdrav\u00ed, a poskytuje pohodl\u00ed i potenci\u00e1l pro budov\u00e1n\u00ed zna\u010dky v jedin\u00e9m univerz\u00e1ln\u00edm v\u00fdrobku.<\/p>","protected":false},"excerpt":{"rendered":"<p>Vod\u00edtko Running Dog Leash je ur\u010deno pro aktivn\u00ed majitele zv\u00ed\u0159at, kte\u0159\u00ed r\u00e1di b\u011bhaj\u00ed a chod\u00ed se sv\u00fdmi psy bez pou\u017eit\u00ed rukou. Toto vod\u00edtko se bezpe\u010dn\u011b upev\u0148uje kolem pasu a umo\u017e\u0148uje plynul\u00fd, kontrolovan\u00fd pohyb bez nutnosti dr\u017eet se rukojeti. Je vyrobeno z pevn\u00fdch a vysoce kvalitn\u00edch materi\u00e1l\u016f a je navr\u017eeno tak, aby vydr\u017eelo ka\u017edodenn\u00ed b\u011bh\u00e1n\u00ed a snadno zvl\u00e1dlo aktivn\u00ed dom\u00e1c\u00ed mazl\u00ed\u010dky. Vod\u00edtko je ide\u00e1ln\u00ed pro B2B klienty, proto\u017ee jej lze upravit logy a vzory podle stylu va\u0161\u00ed zna\u010dky a dodat tak z\u00e1kazn\u00edk\u016fm osobn\u00ed n\u00e1dech. Toto hands-free vod\u00edtko je ide\u00e1ln\u00edm dopl\u0148kem pro jakoukoli zna\u010dku zam\u011b\u0159enou na majitele ps\u016f se zam\u011b\u0159en\u00edm na fitness.<\/p>","protected":false},"featured_media":9386,"template":"","meta":[],"product_brand":[],"product_cat":[27],"product_tag":[],"class_list":{"0":"post-9384","1":"product","2":"type-product","3":"status-publish","4":"has-post-thumbnail","6":"product_cat-dog-leash","8":"first","9":"instock","10":"shipping-taxable","11":"product-type-simple"},"yoast_head":"<!-- This site is optimized with the Yoast SEO plugin v26.6 - https:\/\/yoast.com\/wordpress\/plugins\/seo\/ -->\n<title>Running Dog Leash | QQPETS<\/title>\n<meta name=\"description\" content=\"Running Dog Leash designed for active lifestyles, ideal for hands-free running with pets. Durable, customizable for brand logos and patterns, perfect for B2B customers.\" \/>\n<meta name=\"robots\" content=\"index, follow, max-snippet:-1, max-image-preview:large, max-video-preview:-1\" \/>\n<link rel=\"canonical\" href=\"https:\/\/qqpets.com\/cs\/produkt\/running-dog-leash\/\" \/>\n<meta property=\"og:locale\" content=\"cs_CZ\" \/>\n<meta property=\"og:type\" content=\"article\" \/>\n<meta property=\"og:title\" content=\"Running Dog Leash | QQPETS\" \/>\n<meta property=\"og:description\" content=\"Running Dog Leash designed for active lifestyles, ideal for hands-free running with pets. Durable, customizable for brand logos and patterns, perfect for B2B customers.\" \/>\n<meta property=\"og:url\" content=\"https:\/\/qqpets.com\/cs\/produkt\/running-dog-leash\/\" \/>\n<meta property=\"og:site_name\" content=\"QQPETS\" \/>\n<meta property=\"article:publisher\" content=\"https:\/\/www.facebook.com\/QQpetsdogcollars\" \/>\n<meta property=\"article:modified_time\" content=\"2024-12-12T09:34:57+00:00\" \/>\n<meta property=\"og:image\" content=\"https:\/\/qqpets.com\/wp-content\/uploads\/2024\/11\/running-dog-leash2.webp\" \/>\n\t<meta property=\"og:image:width\" content=\"1024\" \/>\n\t<meta property=\"og:image:height\" content=\"1024\" \/>\n\t<meta property=\"og:image:type\" content=\"image\/webp\" \/>\n<meta name=\"twitter:card\" content=\"summary_large_image\" \/>\n<meta name=\"twitter:label1\" content=\"Odhadovan\u00e1 doba \u010dten\u00ed\" \/>\n\t<meta name=\"twitter:data1\" content=\"2 minuty\" \/>\n<script type=\"application\/ld+json\" class=\"yoast-schema-graph\">{\"@context\":\"https:\/\/schema.org\",\"@graph\":[{\"@type\":\"WebPage\",\"@id\":\"https:\/\/qqpets.com\/product\/running-dog-leash\/\",\"url\":\"https:\/\/qqpets.com\/product\/running-dog-leash\/\",\"name\":\"Running Dog Leash | QQPETS\",\"isPartOf\":{\"@id\":\"https:\/\/qqpets.com\/#website\"},\"primaryImageOfPage\":{\"@id\":\"https:\/\/qqpets.com\/product\/running-dog-leash\/#primaryimage\"},\"image\":{\"@id\":\"https:\/\/qqpets.com\/product\/running-dog-leash\/#primaryimage\"},\"thumbnailUrl\":\"https:\/\/qqpets.com\/wp-content\/uploads\/2024\/11\/running-dog-leash2.webp\",\"datePublished\":\"2024-11-14T08:47:51+00:00\",\"dateModified\":\"2024-12-12T09:34:57+00:00\",\"description\":\"Running Dog Leash designed for active lifestyles, ideal for hands-free running with pets. Durable, customizable for brand logos and patterns, perfect for B2B customers.\",\"breadcrumb\":{\"@id\":\"https:\/\/qqpets.com\/product\/running-dog-leash\/#breadcrumb\"},\"inLanguage\":\"cs\",\"potentialAction\":[{\"@type\":\"ReadAction\",\"target\":[\"https:\/\/qqpets.com\/product\/running-dog-leash\/\"]}]},{\"@type\":\"ImageObject\",\"inLanguage\":\"cs\",\"@id\":\"https:\/\/qqpets.com\/product\/running-dog-leash\/#primaryimage\",\"url\":\"https:\/\/qqpets.com\/wp-content\/uploads\/2024\/11\/running-dog-leash2.webp\",\"contentUrl\":\"https:\/\/qqpets.com\/wp-content\/uploads\/2024\/11\/running-dog-leash2.webp\",\"width\":1024,\"height\":1024},{\"@type\":\"BreadcrumbList\",\"@id\":\"https:\/\/qqpets.com\/product\/running-dog-leash\/#breadcrumb\",\"itemListElement\":[{\"@type\":\"ListItem\",\"position\":1,\"name\":\"Home\",\"item\":\"https:\/\/qqpets.com\/\"},{\"@type\":\"ListItem\",\"position\":2,\"name\":\"Products\",\"item\":\"https:\/\/qqpets.com\/pet-products-manufacturer\/\"},{\"@type\":\"ListItem\",\"position\":3,\"name\":\"Running Dog Leash\"}]},{\"@type\":\"WebSite\",\"@id\":\"https:\/\/qqpets.com\/#website\",\"url\":\"https:\/\/qqpets.com\/\",\"name\":\"QQPETS\",\"description\":\"QQPETS is a pet products factory for dog harnesses, dog collars, dog leashes and dog accessories with professional customized service since 2005.\",\"publisher\":{\"@id\":\"https:\/\/qqpets.com\/#organization\"},\"potentialAction\":[{\"@type\":\"SearchAction\",\"target\":{\"@type\":\"EntryPoint\",\"urlTemplate\":\"https:\/\/qqpets.com\/?s={search_term_string}\"},\"query-input\":{\"@type\":\"PropertyValueSpecification\",\"valueRequired\":true,\"valueName\":\"search_term_string\"}}],\"inLanguage\":\"cs\"},{\"@type\":\"Organization\",\"@id\":\"https:\/\/qqpets.com\/#organization\",\"name\":\"QQPETS\",\"url\":\"https:\/\/qqpets.com\/\",\"logo\":{\"@type\":\"ImageObject\",\"inLanguage\":\"cs\",\"@id\":\"https:\/\/qqpets.com\/#\/schema\/logo\/image\/\",\"url\":\"https:\/\/qqpets.com\/wp-content\/uploads\/2023\/09\/cropped-cropped-qqpets-tiktok.jpg\",\"contentUrl\":\"https:\/\/qqpets.com\/wp-content\/uploads\/2023\/09\/cropped-cropped-qqpets-tiktok.jpg\",\"width\":511,\"height\":511,\"caption\":\"QQPETS\"},\"image\":{\"@id\":\"https:\/\/qqpets.com\/#\/schema\/logo\/image\/\"},\"sameAs\":[\"https:\/\/www.facebook.com\/QQpetsdogcollars\",\"https:\/\/www.instagram.com\/qqpetscollar\/\",\"https:\/\/www.pinterest.com\/qqpetsdogcollarsfactory\/\"]}]}<\/script>\n<!-- \/ Yoast SEO plugin. -->","yoast_head_json":{"title":"Vod\u00edtko pro b\u011b\u017e\u00edc\u00ed psy | QQPETS","description":"B\u011b\u017eeck\u00e9 vod\u00edtko pro psy navr\u017een\u00e9 pro aktivn\u00ed \u017eivotn\u00ed styl, ide\u00e1ln\u00ed pro b\u011bh\u00e1n\u00ed s dom\u00e1c\u00edmi mazl\u00ed\u010dky bez pou\u017eit\u00ed rukou. Odoln\u00e9, p\u0159izp\u016fsobiteln\u00e9 pro loga a vzory zna\u010dek, ide\u00e1ln\u00ed pro B2B z\u00e1kazn\u00edky.","robots":{"index":"index","follow":"follow","max-snippet":"max-snippet:-1","max-image-preview":"max-image-preview:large","max-video-preview":"max-video-preview:-1"},"canonical":"https:\/\/qqpets.com\/cs\/produkt\/running-dog-leash\/","og_locale":"cs_CZ","og_type":"article","og_title":"Running Dog Leash | QQPETS","og_description":"Running Dog Leash designed for active lifestyles, ideal for hands-free running with pets. Durable, customizable for brand logos and patterns, perfect for B2B customers.","og_url":"https:\/\/qqpets.com\/cs\/produkt\/running-dog-leash\/","og_site_name":"QQPETS","article_publisher":"https:\/\/www.facebook.com\/QQpetsdogcollars","article_modified_time":"2024-12-12T09:34:57+00:00","og_image":[{"width":1024,"height":1024,"url":"https:\/\/qqpets.com\/wp-content\/uploads\/2024\/11\/running-dog-leash2.webp","type":"image\/webp"}],"twitter_card":"summary_large_image","twitter_misc":{"Odhadovan\u00e1 doba \u010dten\u00ed":"2 minuty"},"schema":{"@context":"https:\/\/schema.org","@graph":[{"@type":"WebPage","@id":"https:\/\/qqpets.com\/product\/running-dog-leash\/","url":"https:\/\/qqpets.com\/product\/running-dog-leash\/","name":"Vod\u00edtko pro b\u011b\u017e\u00edc\u00ed psy | QQPETS","isPartOf":{"@id":"https:\/\/qqpets.com\/#website"},"primaryImageOfPage":{"@id":"https:\/\/qqpets.com\/product\/running-dog-leash\/#primaryimage"},"image":{"@id":"https:\/\/qqpets.com\/product\/running-dog-leash\/#primaryimage"},"thumbnailUrl":"https:\/\/qqpets.com\/wp-content\/uploads\/2024\/11\/running-dog-leash2.webp","datePublished":"2024-11-14T08:47:51+00:00","dateModified":"2024-12-12T09:34:57+00:00","description":"B\u011b\u017eeck\u00e9 vod\u00edtko pro psy navr\u017een\u00e9 pro aktivn\u00ed \u017eivotn\u00ed styl, ide\u00e1ln\u00ed pro b\u011bh\u00e1n\u00ed s dom\u00e1c\u00edmi mazl\u00ed\u010dky bez pou\u017eit\u00ed rukou. Odoln\u00e9, p\u0159izp\u016fsobiteln\u00e9 pro loga a vzory zna\u010dek, ide\u00e1ln\u00ed pro B2B z\u00e1kazn\u00edky.","breadcrumb":{"@id":"https:\/\/qqpets.com\/product\/running-dog-leash\/#breadcrumb"},"inLanguage":"cs","potentialAction":[{"@type":"ReadAction","target":["https:\/\/qqpets.com\/product\/running-dog-leash\/"]}]},{"@type":"ImageObject","inLanguage":"cs","@id":"https:\/\/qqpets.com\/product\/running-dog-leash\/#primaryimage","url":"https:\/\/qqpets.com\/wp-content\/uploads\/2024\/11\/running-dog-leash2.webp","contentUrl":"https:\/\/qqpets.com\/wp-content\/uploads\/2024\/11\/running-dog-leash2.webp","width":1024,"height":1024},{"@type":"BreadcrumbList","@id":"https:\/\/qqpets.com\/product\/running-dog-leash\/#breadcrumb","itemListElement":[{"@type":"ListItem","position":1,"name":"Home","item":"https:\/\/qqpets.com\/"},{"@type":"ListItem","position":2,"name":"Products","item":"https:\/\/qqpets.com\/pet-products-manufacturer\/"},{"@type":"ListItem","position":3,"name":"Running Dog Leash"}]},{"@type":"WebSite","@id":"https:\/\/qqpets.com\/#website","url":"https:\/\/qqpets.com\/","name":"QQPETS","description":"QQPETS je tov\u00e1rna na v\u00fdrobky pro dom\u00e1c\u00ed mazl\u00ed\u010dky pro ps\u00ed postroje, obojky, vod\u00edtka a dopl\u0148ky pro psy s profesion\u00e1ln\u00edmi slu\u017ebami na m\u00edru od roku 2005.","publisher":{"@id":"https:\/\/qqpets.com\/#organization"},"potentialAction":[{"@type":"SearchAction","target":{"@type":"EntryPoint","urlTemplate":"https:\/\/qqpets.com\/?s={search_term_string}"},"query-input":{"@type":"PropertyValueSpecification","valueRequired":true,"valueName":"search_term_string"}}],"inLanguage":"cs"},{"@type":"Organization","@id":"https:\/\/qqpets.com\/#organization","name":"QQPETS","url":"https:\/\/qqpets.com\/","logo":{"@type":"ImageObject","inLanguage":"cs","@id":"https:\/\/qqpets.com\/#\/schema\/logo\/image\/","url":"https:\/\/qqpets.com\/wp-content\/uploads\/2023\/09\/cropped-cropped-qqpets-tiktok.jpg","contentUrl":"https:\/\/qqpets.com\/wp-content\/uploads\/2023\/09\/cropped-cropped-qqpets-tiktok.jpg","width":511,"height":511,"caption":"QQPETS"},"image":{"@id":"https:\/\/qqpets.com\/#\/schema\/logo\/image\/"},"sameAs":["https:\/\/www.facebook.com\/QQpetsdogcollars","https:\/\/www.instagram.com\/qqpetscollar\/","https:\/\/www.pinterest.com\/qqpetsdogcollarsfactory\/"]}]}},"_links":{"self":[{"href":"https:\/\/qqpets.com\/cs\/wp-json\/wp\/v2\/product\/9384","targetHints":{"allow":["GET"]}}],"collection":[{"href":"https:\/\/qqpets.com\/cs\/wp-json\/wp\/v2\/product"}],"about":[{"href":"https:\/\/qqpets.com\/cs\/wp-json\/wp\/v2\/types\/product"}],"wp:featuredmedia":[{"embeddable":true,"href":"https:\/\/qqpets.com\/cs\/wp-json\/wp\/v2\/media\/9386"}],"wp:attachment":[{"href":"https:\/\/qqpets.com\/cs\/wp-json\/wp\/v2\/media?parent=9384"}],"wp:term":[{"taxonomy":"product_brand","embeddable":true,"href":"https:\/\/qqpets.com\/cs\/wp-json\/wp\/v2\/product_brand?post=9384"},{"taxonomy":"product_cat","embeddable":true,"href":"https:\/\/qqpets.com\/cs\/wp-json\/wp\/v2\/product_cat?post=9384"},{"taxonomy":"product_tag","embeddable":true,"href":"https:\/\/qqpets.com\/cs\/wp-json\/wp\/v2\/product_tag?post=9384"}],"curies":[{"name":"wp","href":"https:\/\/api.w.org\/{rel}","templated":true}]}}