{"id":9390,"date":"2024-11-14T16:53:17","date_gmt":"2024-11-14T08:53:17","guid":{"rendered":"https:\/\/qqpets.com\/?post_type=product&#038;p=9390"},"modified":"2024-11-14T16:53:17","modified_gmt":"2024-11-14T08:53:17","slug":"dual-handle-leash","status":"publish","type":"product","link":"https:\/\/qqpets.com\/cs\/produkt\/dual-handle-leash\/","title":{"rendered":"Vod\u00edtko s dvojitou rukojet\u00ed"},"content":{"rendered":"<p>Vod\u00edtko s dvojitou rukojet\u00ed nab\u00edz\u00ed \u0159e\u0161en\u00ed pro majitele ps\u016f a tren\u00e9ry, kte\u0159\u00ed cht\u011bj\u00ed m\u00edt p\u0159i proch\u00e1zk\u00e1ch a tr\u00e9ninc\u00edch v\u011bt\u0161\u00ed kontrolu. Toto vod\u00edtko m\u00e1 dv\u011b polstrovan\u00e9 rukojeti, z nich\u017e ka\u017ed\u00e1 je um\u00edst\u011bna pro specifick\u00e9 \u00fa\u010dely. Horn\u00ed rukoje\u0165 slou\u017e\u00ed jako standardn\u00ed \u00fachyt pro ka\u017edodenn\u00ed proch\u00e1zky a poskytuje pohodln\u00e9 dr\u017een\u00ed pro uvoln\u011bn\u00fd z\u00e1\u017eitek. Druh\u00e1, spodn\u00ed rukoje\u0165 je um\u00edst\u011bna bl\u00ed\u017ee k obojku psa a nab\u00edz\u00ed dodate\u010dnou kontrolu pro oblasti s velk\u00fdm provozem, v\u00fdcvikov\u00e1 cvi\u010den\u00ed nebo situace, kdy je pot\u0159eba rychl\u00e9 zadr\u017een\u00ed.<\/p>\n<p>Toto vod\u00edtko je vyrobeno z prvot\u0159\u00eddn\u00edch, odoln\u00fdch materi\u00e1l\u016f a je odoln\u00e9 v\u016f\u010di pravideln\u00e9mu opot\u0159eben\u00ed i v n\u00e1ro\u010dn\u00fdch venkovn\u00edch podm\u00ednk\u00e1ch. Zes\u00edlen\u00e9 \u0161vy a tkanina odoln\u00e1 proti pov\u011btrnostn\u00edm vliv\u016fm zaji\u0161\u0165uj\u00ed trvalou kvalitu, tak\u017ee je ide\u00e1ln\u00ed pro psy v\u0161ech velikost\u00ed a \u00farovn\u00ed aktivity. Polstrov\u00e1n\u00ed na obou rukojet\u00edch nav\u00edc sni\u017euje nam\u00e1h\u00e1n\u00ed rukou a umo\u017e\u0148uje pohodlnou manipulaci po del\u0161\u00ed dobu.<\/p>\n<p>Pro na\u0161e B2B klienty je vod\u00edtko s dvojitou rukojet\u00ed p\u0159izp\u016fsobiteln\u00e9, co\u017e v\u00e1m umo\u017en\u00ed za\u010dlenit logo, barvy nebo vzory va\u0161\u00ed zna\u010dky. Toto p\u0159izp\u016fsoben\u00ed dod\u00e1v\u00e1 podnik\u016fm individu\u00e1ln\u00ed n\u00e1dech a d\u00e1v\u00e1 jim mo\u017enost vyniknout a nab\u00eddnout sv\u00fdm z\u00e1kazn\u00edk\u016fm osobit\u00fd produkt. Toto vod\u00edtko, kter\u00e9 je ide\u00e1ln\u00ed pro obchody s chovatelsk\u00fdmi pot\u0159ebami, v\u00fdcvikov\u00e1 za\u0159\u00edzen\u00ed nebo specializovan\u00e9 prodejce, kombinuje prakti\u010dnost, odolnost a potenci\u00e1l pro \u00fa\u010dinn\u00e9 pos\u00edlen\u00ed zna\u010dky v univerz\u00e1ln\u00edm designu.<\/p>","protected":false},"excerpt":{"rendered":"<p>Vod\u00edtko s dvojitou rukojet\u00ed je navr\u017eeno pro lep\u0161\u00ed ovl\u00e1d\u00e1n\u00ed a m\u00e1 dv\u011b strategicky um\u00edst\u011bn\u00e9 rukojeti pro optim\u00e1ln\u00ed veden\u00ed v r\u016fzn\u00fdch situac\u00edch. Toto vod\u00edtko s prim\u00e1rn\u00ed rukojet\u00ed pro standardn\u00ed ch\u016fzi a spodn\u00ed rukojet\u00ed pro bl\u00edzk\u00fd, kontrolovan\u00fd v\u00fdcvik poskytuje v\u0161estrannost a bezpe\u010dnost pro psy v\u0161ech velikost\u00ed. Je vyrobeno z odoln\u00fdch materi\u00e1l\u016f odoln\u00fdch v\u016f\u010di pov\u011btrnostn\u00edm vliv\u016fm a je ide\u00e1ln\u00ed pro aktivn\u00ed a na v\u00fdcvik zam\u011b\u0159en\u00e9 zna\u010dky dom\u00e1c\u00edch mazl\u00ed\u010dk\u016f. Z\u00e1kazn\u00edci B2B si mohou vod\u00edtko p\u0159izp\u016fsobit jedine\u010dn\u00fdmi logy nebo vzory, co\u017e dokonale odpov\u00edd\u00e1 pot\u0159eb\u00e1m jejich zna\u010dky. Toto vod\u00edtko je vynikaj\u00edc\u00edm dopl\u0148kem pro firmy, kter\u00e9 cht\u011bj\u00ed nab\u00edzet praktick\u00e1 a vysoce kvalitn\u00ed \u0159e\u0161en\u00ed pro majitele ps\u016f, kte\u0159\u00ed cht\u011bj\u00ed m\u00edt v\u011bt\u0161\u00ed kontrolu.<\/p>","protected":false},"featured_media":9391,"template":"","meta":[],"product_brand":[],"product_cat":[27],"product_tag":[],"class_list":{"0":"post-9390","1":"product","2":"type-product","3":"status-publish","4":"has-post-thumbnail","6":"product_cat-dog-leash","8":"first","9":"instock","10":"shipping-taxable","11":"product-type-simple"},"yoast_head":"<!-- This site is optimized with the Yoast SEO plugin v26.6 - https:\/\/yoast.com\/wordpress\/plugins\/seo\/ -->\n<title>Dual Handle Leash | QQPETS<\/title>\n<meta name=\"description\" content=\"Dual Handle Leash for ultimate control and comfort, designed for training and active dogs. Customizable for logos and patterns, ideal for B2B branding needs.\" \/>\n<meta name=\"robots\" content=\"index, follow, max-snippet:-1, max-image-preview:large, max-video-preview:-1\" \/>\n<link rel=\"canonical\" href=\"https:\/\/qqpets.com\/cs\/produkt\/dual-handle-leash\/\" \/>\n<meta property=\"og:locale\" content=\"cs_CZ\" \/>\n<meta property=\"og:type\" content=\"article\" \/>\n<meta property=\"og:title\" content=\"Dual Handle Leash | QQPETS\" \/>\n<meta property=\"og:description\" content=\"Dual Handle Leash for ultimate control and comfort, designed for training and active dogs. Customizable for logos and patterns, ideal for B2B branding needs.\" \/>\n<meta property=\"og:url\" content=\"https:\/\/qqpets.com\/cs\/produkt\/dual-handle-leash\/\" \/>\n<meta property=\"og:site_name\" content=\"QQPETS\" \/>\n<meta property=\"article:publisher\" content=\"https:\/\/www.facebook.com\/QQpetsdogcollars\" \/>\n<meta property=\"og:image\" content=\"https:\/\/qqpets.com\/wp-content\/uploads\/2024\/11\/Dual-Handle-Leash1.webp\" \/>\n\t<meta property=\"og:image:width\" content=\"800\" \/>\n\t<meta property=\"og:image:height\" content=\"800\" \/>\n\t<meta property=\"og:image:type\" content=\"image\/webp\" \/>\n<meta name=\"twitter:card\" content=\"summary_large_image\" \/>\n<meta name=\"twitter:label1\" content=\"Odhadovan\u00e1 doba \u010dten\u00ed\" \/>\n\t<meta name=\"twitter:data1\" content=\"2 minuty\" \/>\n<script type=\"application\/ld+json\" class=\"yoast-schema-graph\">{\"@context\":\"https:\/\/schema.org\",\"@graph\":[{\"@type\":\"WebPage\",\"@id\":\"https:\/\/qqpets.com\/product\/dual-handle-leash\/\",\"url\":\"https:\/\/qqpets.com\/product\/dual-handle-leash\/\",\"name\":\"Dual Handle Leash | QQPETS\",\"isPartOf\":{\"@id\":\"https:\/\/qqpets.com\/#website\"},\"primaryImageOfPage\":{\"@id\":\"https:\/\/qqpets.com\/product\/dual-handle-leash\/#primaryimage\"},\"image\":{\"@id\":\"https:\/\/qqpets.com\/product\/dual-handle-leash\/#primaryimage\"},\"thumbnailUrl\":\"https:\/\/qqpets.com\/wp-content\/uploads\/2024\/11\/Dual-Handle-Leash1.webp\",\"datePublished\":\"2024-11-14T08:53:17+00:00\",\"description\":\"Dual Handle Leash for ultimate control and comfort, designed for training and active dogs. Customizable for logos and patterns, ideal for B2B branding needs.\",\"breadcrumb\":{\"@id\":\"https:\/\/qqpets.com\/product\/dual-handle-leash\/#breadcrumb\"},\"inLanguage\":\"cs\",\"potentialAction\":[{\"@type\":\"ReadAction\",\"target\":[\"https:\/\/qqpets.com\/product\/dual-handle-leash\/\"]}]},{\"@type\":\"ImageObject\",\"inLanguage\":\"cs\",\"@id\":\"https:\/\/qqpets.com\/product\/dual-handle-leash\/#primaryimage\",\"url\":\"https:\/\/qqpets.com\/wp-content\/uploads\/2024\/11\/Dual-Handle-Leash1.webp\",\"contentUrl\":\"https:\/\/qqpets.com\/wp-content\/uploads\/2024\/11\/Dual-Handle-Leash1.webp\",\"width\":800,\"height\":800},{\"@type\":\"BreadcrumbList\",\"@id\":\"https:\/\/qqpets.com\/product\/dual-handle-leash\/#breadcrumb\",\"itemListElement\":[{\"@type\":\"ListItem\",\"position\":1,\"name\":\"Home\",\"item\":\"https:\/\/qqpets.com\/\"},{\"@type\":\"ListItem\",\"position\":2,\"name\":\"Products\",\"item\":\"https:\/\/qqpets.com\/pet-products-manufacturer\/\"},{\"@type\":\"ListItem\",\"position\":3,\"name\":\"Dual Handle Leash\"}]},{\"@type\":\"WebSite\",\"@id\":\"https:\/\/qqpets.com\/#website\",\"url\":\"https:\/\/qqpets.com\/\",\"name\":\"QQPETS\",\"description\":\"QQPETS is a pet products factory for dog harnesses, dog collars, dog leashes and dog accessories with professional customized service since 2005.\",\"publisher\":{\"@id\":\"https:\/\/qqpets.com\/#organization\"},\"potentialAction\":[{\"@type\":\"SearchAction\",\"target\":{\"@type\":\"EntryPoint\",\"urlTemplate\":\"https:\/\/qqpets.com\/?s={search_term_string}\"},\"query-input\":{\"@type\":\"PropertyValueSpecification\",\"valueRequired\":true,\"valueName\":\"search_term_string\"}}],\"inLanguage\":\"cs\"},{\"@type\":\"Organization\",\"@id\":\"https:\/\/qqpets.com\/#organization\",\"name\":\"QQPETS\",\"url\":\"https:\/\/qqpets.com\/\",\"logo\":{\"@type\":\"ImageObject\",\"inLanguage\":\"cs\",\"@id\":\"https:\/\/qqpets.com\/#\/schema\/logo\/image\/\",\"url\":\"https:\/\/qqpets.com\/wp-content\/uploads\/2023\/09\/cropped-cropped-qqpets-tiktok.jpg\",\"contentUrl\":\"https:\/\/qqpets.com\/wp-content\/uploads\/2023\/09\/cropped-cropped-qqpets-tiktok.jpg\",\"width\":511,\"height\":511,\"caption\":\"QQPETS\"},\"image\":{\"@id\":\"https:\/\/qqpets.com\/#\/schema\/logo\/image\/\"},\"sameAs\":[\"https:\/\/www.facebook.com\/QQpetsdogcollars\",\"https:\/\/www.instagram.com\/qqpetscollar\/\",\"https:\/\/www.pinterest.com\/qqpetsdogcollarsfactory\/\"]}]}<\/script>\n<!-- \/ Yoast SEO plugin. -->","yoast_head_json":{"title":"Vod\u00edtko s dvojitou rukojet\u00ed | QQPETS","description":"Vod\u00edtko s dvojitou rukojet\u00ed pro maxim\u00e1ln\u00ed kontrolu a pohodl\u00ed, ur\u010den\u00e9 pro v\u00fdcvik a aktivn\u00ed psy. P\u0159izp\u016fsobiteln\u00e9 pro loga a vzory, ide\u00e1ln\u00ed pro pot\u0159eby brandingu B2B.","robots":{"index":"index","follow":"follow","max-snippet":"max-snippet:-1","max-image-preview":"max-image-preview:large","max-video-preview":"max-video-preview:-1"},"canonical":"https:\/\/qqpets.com\/cs\/produkt\/dual-handle-leash\/","og_locale":"cs_CZ","og_type":"article","og_title":"Dual Handle Leash | QQPETS","og_description":"Dual Handle Leash for ultimate control and comfort, designed for training and active dogs. Customizable for logos and patterns, ideal for B2B branding needs.","og_url":"https:\/\/qqpets.com\/cs\/produkt\/dual-handle-leash\/","og_site_name":"QQPETS","article_publisher":"https:\/\/www.facebook.com\/QQpetsdogcollars","og_image":[{"width":800,"height":800,"url":"https:\/\/qqpets.com\/wp-content\/uploads\/2024\/11\/Dual-Handle-Leash1.webp","type":"image\/webp"}],"twitter_card":"summary_large_image","twitter_misc":{"Odhadovan\u00e1 doba \u010dten\u00ed":"2 minuty"},"schema":{"@context":"https:\/\/schema.org","@graph":[{"@type":"WebPage","@id":"https:\/\/qqpets.com\/product\/dual-handle-leash\/","url":"https:\/\/qqpets.com\/product\/dual-handle-leash\/","name":"Vod\u00edtko s dvojitou rukojet\u00ed | QQPETS","isPartOf":{"@id":"https:\/\/qqpets.com\/#website"},"primaryImageOfPage":{"@id":"https:\/\/qqpets.com\/product\/dual-handle-leash\/#primaryimage"},"image":{"@id":"https:\/\/qqpets.com\/product\/dual-handle-leash\/#primaryimage"},"thumbnailUrl":"https:\/\/qqpets.com\/wp-content\/uploads\/2024\/11\/Dual-Handle-Leash1.webp","datePublished":"2024-11-14T08:53:17+00:00","description":"Vod\u00edtko s dvojitou rukojet\u00ed pro maxim\u00e1ln\u00ed kontrolu a pohodl\u00ed, ur\u010den\u00e9 pro v\u00fdcvik a aktivn\u00ed psy. P\u0159izp\u016fsobiteln\u00e9 pro loga a vzory, ide\u00e1ln\u00ed pro pot\u0159eby brandingu B2B.","breadcrumb":{"@id":"https:\/\/qqpets.com\/product\/dual-handle-leash\/#breadcrumb"},"inLanguage":"cs","potentialAction":[{"@type":"ReadAction","target":["https:\/\/qqpets.com\/product\/dual-handle-leash\/"]}]},{"@type":"ImageObject","inLanguage":"cs","@id":"https:\/\/qqpets.com\/product\/dual-handle-leash\/#primaryimage","url":"https:\/\/qqpets.com\/wp-content\/uploads\/2024\/11\/Dual-Handle-Leash1.webp","contentUrl":"https:\/\/qqpets.com\/wp-content\/uploads\/2024\/11\/Dual-Handle-Leash1.webp","width":800,"height":800},{"@type":"BreadcrumbList","@id":"https:\/\/qqpets.com\/product\/dual-handle-leash\/#breadcrumb","itemListElement":[{"@type":"ListItem","position":1,"name":"Home","item":"https:\/\/qqpets.com\/"},{"@type":"ListItem","position":2,"name":"Products","item":"https:\/\/qqpets.com\/pet-products-manufacturer\/"},{"@type":"ListItem","position":3,"name":"Dual Handle Leash"}]},{"@type":"WebSite","@id":"https:\/\/qqpets.com\/#website","url":"https:\/\/qqpets.com\/","name":"QQPETS","description":"QQPETS je tov\u00e1rna na v\u00fdrobky pro dom\u00e1c\u00ed mazl\u00ed\u010dky pro ps\u00ed postroje, obojky, vod\u00edtka a dopl\u0148ky pro psy s profesion\u00e1ln\u00edmi slu\u017ebami na m\u00edru od roku 2005.","publisher":{"@id":"https:\/\/qqpets.com\/#organization"},"potentialAction":[{"@type":"SearchAction","target":{"@type":"EntryPoint","urlTemplate":"https:\/\/qqpets.com\/?s={search_term_string}"},"query-input":{"@type":"PropertyValueSpecification","valueRequired":true,"valueName":"search_term_string"}}],"inLanguage":"cs"},{"@type":"Organization","@id":"https:\/\/qqpets.com\/#organization","name":"QQPETS","url":"https:\/\/qqpets.com\/","logo":{"@type":"ImageObject","inLanguage":"cs","@id":"https:\/\/qqpets.com\/#\/schema\/logo\/image\/","url":"https:\/\/qqpets.com\/wp-content\/uploads\/2023\/09\/cropped-cropped-qqpets-tiktok.jpg","contentUrl":"https:\/\/qqpets.com\/wp-content\/uploads\/2023\/09\/cropped-cropped-qqpets-tiktok.jpg","width":511,"height":511,"caption":"QQPETS"},"image":{"@id":"https:\/\/qqpets.com\/#\/schema\/logo\/image\/"},"sameAs":["https:\/\/www.facebook.com\/QQpetsdogcollars","https:\/\/www.instagram.com\/qqpetscollar\/","https:\/\/www.pinterest.com\/qqpetsdogcollarsfactory\/"]}]}},"_links":{"self":[{"href":"https:\/\/qqpets.com\/cs\/wp-json\/wp\/v2\/product\/9390","targetHints":{"allow":["GET"]}}],"collection":[{"href":"https:\/\/qqpets.com\/cs\/wp-json\/wp\/v2\/product"}],"about":[{"href":"https:\/\/qqpets.com\/cs\/wp-json\/wp\/v2\/types\/product"}],"wp:featuredmedia":[{"embeddable":true,"href":"https:\/\/qqpets.com\/cs\/wp-json\/wp\/v2\/media\/9391"}],"wp:attachment":[{"href":"https:\/\/qqpets.com\/cs\/wp-json\/wp\/v2\/media?parent=9390"}],"wp:term":[{"taxonomy":"product_brand","embeddable":true,"href":"https:\/\/qqpets.com\/cs\/wp-json\/wp\/v2\/product_brand?post=9390"},{"taxonomy":"product_cat","embeddable":true,"href":"https:\/\/qqpets.com\/cs\/wp-json\/wp\/v2\/product_cat?post=9390"},{"taxonomy":"product_tag","embeddable":true,"href":"https:\/\/qqpets.com\/cs\/wp-json\/wp\/v2\/product_tag?post=9390"}],"curies":[{"name":"wp","href":"https:\/\/api.w.org\/{rel}","templated":true}]}}