{"id":9453,"date":"2024-11-25T17:13:19","date_gmt":"2024-11-25T09:13:19","guid":{"rendered":"https:\/\/qqpets.com\/?post_type=product&#038;p=9453"},"modified":"2024-11-25T17:13:19","modified_gmt":"2024-11-25T09:13:19","slug":"luxe-rope-dog-leash","status":"publish","type":"product","link":"https:\/\/qqpets.com\/cs\/produkt\/luxe-rope-dog-leash\/","title":{"rendered":"Luxusn\u00ed lanov\u00e9 vod\u00edtko pro psy"},"content":{"rendered":"<p>Lanov\u00e9 vod\u00edtko pro psy je dokonal\u00fdm dopl\u0148kem pro zna\u010dky dom\u00e1c\u00edch mazl\u00ed\u010dk\u016f, kter\u00e9 hledaj\u00ed kombinaci pevnosti, stylu a mo\u017enosti p\u0159izp\u016fsoben\u00ed. Toto vod\u00edtko je vyrobeno z vysoce kvalitn\u00edch a odoln\u00fdch materi\u00e1l\u016f a je navr\u017eeno tak, aby vydr\u017eelo n\u00e1ro\u010dn\u00e9 ka\u017edodenn\u00ed pou\u017e\u00edv\u00e1n\u00ed, a\u0165 u\u017e p\u0159i b\u011b\u017en\u00fdch proch\u00e1zk\u00e1ch, nebo p\u0159i vysoce energetick\u00fdch venkovn\u00edch aktivit\u00e1ch. Jeho provazov\u00e1 konstrukce zaji\u0161\u0165uje vynikaj\u00edc\u00ed pevnost, tak\u017ee je vhodn\u00e9 pro psy v\u0161ech velikost\u00ed.<\/p>\n<p>Toto vod\u00edtko m\u00e1 m\u011bkkou ergonomickou rukoje\u0165 pro bezpe\u010dn\u00e9 a pohodln\u00e9 dr\u017een\u00ed i p\u0159i dlouh\u00fdch proch\u00e1zk\u00e1ch. Jeho lehk\u00e1, ale robustn\u00ed konstrukce zaji\u0161\u0165uje majitel\u016fm zv\u00ed\u0159at snadn\u00e9 pou\u017e\u00edv\u00e1n\u00ed p\u0159i zachov\u00e1n\u00ed odolnosti pot\u0159ebn\u00e9 pro aktivn\u00ed dom\u00e1c\u00ed zv\u00ed\u0159ata. Sou\u010d\u00e1st\u00ed vod\u00edtka mohou b\u00fdt tak\u00e9 reflexn\u00ed \u0161vy, kter\u00e9 poskytuj\u00ed v\u011bt\u0161\u00ed bezpe\u010dnost p\u0159i no\u010dn\u00edch proch\u00e1zk\u00e1ch.<\/p>\n<p>Pro z\u00e1kazn\u00edky B2B nab\u00edz\u00ed vod\u00edtko pro psy Rope pln\u00e9 mo\u017enosti p\u0159izp\u016fsoben\u00ed. P\u0159id\u00e1n\u00edm loga va\u0161\u00ed zna\u010dky, jedine\u010dn\u00fdch vzor\u016f nebo specifick\u00fdch barev vytvo\u0159\u00edte v\u00fdjime\u010dn\u00fd produkt, kter\u00fd bude m\u00edt u va\u0161ich z\u00e1kazn\u00edk\u016f ohlas. Toto vod\u00edtko je ide\u00e1ln\u00ed pro obchody s dom\u00e1c\u00edmi mazl\u00ed\u010dky, platformy elektronick\u00e9ho obchodov\u00e1n\u00ed a firemn\u00ed brandingov\u00e9 iniciativy a nab\u00edz\u00ed praktick\u00e9 a z\u00e1rove\u0148 stylov\u00e9 \u0159e\u0161en\u00ed, kter\u00e9 zvy\u0161uje viditelnost zna\u010dky.<\/p>\n<p>Lanov\u00e9 vod\u00edtko pro psy, kter\u00e9 je ide\u00e1ln\u00ed kombinac\u00ed funk\u010dnosti a estetick\u00e9ho vzhledu, je v\u0161estrann\u00fdm produktem, kter\u00fd pozvedne ka\u017edou sb\u00edrku dopl\u0148k\u016f pro dom\u00e1c\u00ed mazl\u00ed\u010dky a z\u00e1rove\u0148 spl\u0148uje po\u017eadavky modern\u00edch majitel\u016f zv\u00ed\u0159at.<\/p>","protected":false},"excerpt":{"rendered":"<p>Na\u0161e lanov\u00e9 vod\u00edtko pro psy je odoln\u00e9, stylov\u00e9 a pohodln\u00e9, tak\u017ee je ide\u00e1ln\u00ed volbou pro aktivn\u00ed dom\u00e1c\u00ed mazl\u00ed\u010dky. Toto vod\u00edtko je vyrobeno z prvot\u0159\u00eddn\u00edch materi\u00e1l\u016f odoln\u00fdch proti opot\u0159eben\u00ed a zaji\u0161\u0165uje pevnost a dlouhou \u017eivotnost p\u0159i ka\u017edodenn\u00edch proch\u00e1zk\u00e1ch nebo venkovn\u00edch dobrodru\u017estv\u00edch. Je ur\u010deno pro B2B klienty a nab\u00edz\u00ed pln\u00e9 mo\u017enosti p\u0159izp\u016fsoben\u00ed, tak\u017ee m\u016f\u017eete p\u0159idat loga nebo vzory, kter\u00e9 budou ladit s va\u0161\u00ed zna\u010dkou. M\u011bkk\u00e1, ergonomick\u00e1 rukoje\u0165 poskytuje pohodln\u00e9 uchopen\u00ed, zat\u00edmco stylov\u00fd design dod\u00e1 va\u0161\u00ed produktov\u00e9 \u0159ad\u011b \u0161mrnc. Toto vod\u00edtko je ide\u00e1ln\u00ed pro obchody s dom\u00e1c\u00edmi mazl\u00ed\u010dky, online prodejce nebo propaga\u010dn\u00ed d\u00e1rky a p\u0159edstavuje ide\u00e1ln\u00ed kombinaci funk\u010dnosti a zna\u010dky.<\/p>","protected":false},"featured_media":9455,"template":"","meta":[],"product_brand":[],"product_cat":[27],"product_tag":[],"class_list":{"0":"post-9453","1":"product","2":"type-product","3":"status-publish","4":"has-post-thumbnail","6":"product_cat-dog-leash","8":"first","9":"instock","10":"shipping-taxable","11":"product-type-simple"},"yoast_head":"<!-- This site is optimized with the Yoast SEO plugin v26.6 - https:\/\/yoast.com\/wordpress\/plugins\/seo\/ -->\n<title>Luxe Rope Dog Leash | QQPETS<\/title>\n<meta name=\"description\" content=\"Durable and customizable rope dog leash for active pets. Perfect for B2B clients seeking branded designs with logos or patterns. Comfortable, stylish, and strong.\" \/>\n<meta name=\"robots\" content=\"index, follow, max-snippet:-1, max-image-preview:large, max-video-preview:-1\" \/>\n<link rel=\"canonical\" href=\"https:\/\/qqpets.com\/cs\/produkt\/luxe-rope-dog-leash\/\" \/>\n<meta property=\"og:locale\" content=\"cs_CZ\" \/>\n<meta property=\"og:type\" content=\"article\" \/>\n<meta property=\"og:title\" content=\"Luxe Rope Dog Leash | QQPETS\" \/>\n<meta property=\"og:description\" content=\"Durable and customizable rope dog leash for active pets. Perfect for B2B clients seeking branded designs with logos or patterns. Comfortable, stylish, and strong.\" \/>\n<meta property=\"og:url\" content=\"https:\/\/qqpets.com\/cs\/produkt\/luxe-rope-dog-leash\/\" \/>\n<meta property=\"og:site_name\" content=\"QQPETS\" \/>\n<meta property=\"article:publisher\" content=\"https:\/\/www.facebook.com\/QQpetsdogcollars\" \/>\n<meta property=\"og:image\" content=\"https:\/\/qqpets.com\/wp-content\/uploads\/2024\/11\/rope-dog-leash-Khaki1.webp\" \/>\n\t<meta property=\"og:image:width\" content=\"1000\" \/>\n\t<meta property=\"og:image:height\" content=\"1000\" \/>\n\t<meta property=\"og:image:type\" content=\"image\/webp\" \/>\n<meta name=\"twitter:card\" content=\"summary_large_image\" \/>\n<meta name=\"twitter:label1\" content=\"Odhadovan\u00e1 doba \u010dten\u00ed\" \/>\n\t<meta name=\"twitter:data1\" content=\"2 minuty\" \/>\n<script type=\"application\/ld+json\" class=\"yoast-schema-graph\">{\"@context\":\"https:\/\/schema.org\",\"@graph\":[{\"@type\":\"WebPage\",\"@id\":\"https:\/\/qqpets.com\/product\/luxe-rope-dog-leash\/\",\"url\":\"https:\/\/qqpets.com\/product\/luxe-rope-dog-leash\/\",\"name\":\"Luxe Rope Dog Leash | QQPETS\",\"isPartOf\":{\"@id\":\"https:\/\/qqpets.com\/#website\"},\"primaryImageOfPage\":{\"@id\":\"https:\/\/qqpets.com\/product\/luxe-rope-dog-leash\/#primaryimage\"},\"image\":{\"@id\":\"https:\/\/qqpets.com\/product\/luxe-rope-dog-leash\/#primaryimage\"},\"thumbnailUrl\":\"https:\/\/qqpets.com\/wp-content\/uploads\/2024\/11\/rope-dog-leash-Khaki1.webp\",\"datePublished\":\"2024-11-25T09:13:19+00:00\",\"description\":\"Durable and customizable rope dog leash for active pets. Perfect for B2B clients seeking branded designs with logos or patterns. Comfortable, stylish, and strong.\",\"breadcrumb\":{\"@id\":\"https:\/\/qqpets.com\/product\/luxe-rope-dog-leash\/#breadcrumb\"},\"inLanguage\":\"cs\",\"potentialAction\":[{\"@type\":\"ReadAction\",\"target\":[\"https:\/\/qqpets.com\/product\/luxe-rope-dog-leash\/\"]}]},{\"@type\":\"ImageObject\",\"inLanguage\":\"cs\",\"@id\":\"https:\/\/qqpets.com\/product\/luxe-rope-dog-leash\/#primaryimage\",\"url\":\"https:\/\/qqpets.com\/wp-content\/uploads\/2024\/11\/rope-dog-leash-Khaki1.webp\",\"contentUrl\":\"https:\/\/qqpets.com\/wp-content\/uploads\/2024\/11\/rope-dog-leash-Khaki1.webp\",\"width\":1000,\"height\":1000},{\"@type\":\"BreadcrumbList\",\"@id\":\"https:\/\/qqpets.com\/product\/luxe-rope-dog-leash\/#breadcrumb\",\"itemListElement\":[{\"@type\":\"ListItem\",\"position\":1,\"name\":\"Home\",\"item\":\"https:\/\/qqpets.com\/\"},{\"@type\":\"ListItem\",\"position\":2,\"name\":\"Products\",\"item\":\"https:\/\/qqpets.com\/pet-products-manufacturer\/\"},{\"@type\":\"ListItem\",\"position\":3,\"name\":\"Luxe Rope Dog Leash\"}]},{\"@type\":\"WebSite\",\"@id\":\"https:\/\/qqpets.com\/#website\",\"url\":\"https:\/\/qqpets.com\/\",\"name\":\"QQPETS\",\"description\":\"QQPETS is a pet products factory for dog harnesses, dog collars, dog leashes and dog accessories with professional customized service since 2005.\",\"publisher\":{\"@id\":\"https:\/\/qqpets.com\/#organization\"},\"potentialAction\":[{\"@type\":\"SearchAction\",\"target\":{\"@type\":\"EntryPoint\",\"urlTemplate\":\"https:\/\/qqpets.com\/?s={search_term_string}\"},\"query-input\":{\"@type\":\"PropertyValueSpecification\",\"valueRequired\":true,\"valueName\":\"search_term_string\"}}],\"inLanguage\":\"cs\"},{\"@type\":\"Organization\",\"@id\":\"https:\/\/qqpets.com\/#organization\",\"name\":\"QQPETS\",\"url\":\"https:\/\/qqpets.com\/\",\"logo\":{\"@type\":\"ImageObject\",\"inLanguage\":\"cs\",\"@id\":\"https:\/\/qqpets.com\/#\/schema\/logo\/image\/\",\"url\":\"https:\/\/qqpets.com\/wp-content\/uploads\/2023\/09\/cropped-cropped-qqpets-tiktok.jpg\",\"contentUrl\":\"https:\/\/qqpets.com\/wp-content\/uploads\/2023\/09\/cropped-cropped-qqpets-tiktok.jpg\",\"width\":511,\"height\":511,\"caption\":\"QQPETS\"},\"image\":{\"@id\":\"https:\/\/qqpets.com\/#\/schema\/logo\/image\/\"},\"sameAs\":[\"https:\/\/www.facebook.com\/QQpetsdogcollars\",\"https:\/\/www.instagram.com\/qqpetscollar\/\",\"https:\/\/www.pinterest.com\/qqpetsdogcollarsfactory\/\"]}]}<\/script>\n<!-- \/ Yoast SEO plugin. -->","yoast_head_json":{"title":"Luxusn\u00ed lanov\u00e9 vod\u00edtko pro psy | QQPETS","description":"Odoln\u00e9 a p\u0159izp\u016fsobiteln\u00e9 lanov\u00e9 vod\u00edtko pro aktivn\u00ed dom\u00e1c\u00ed mazl\u00ed\u010dky. Ide\u00e1ln\u00ed pro B2B klienty, kte\u0159\u00ed hledaj\u00ed zna\u010dkov\u00e9 designy s logy nebo vzory. Pohodln\u00e9, stylov\u00e9 a pevn\u00e9.","robots":{"index":"index","follow":"follow","max-snippet":"max-snippet:-1","max-image-preview":"max-image-preview:large","max-video-preview":"max-video-preview:-1"},"canonical":"https:\/\/qqpets.com\/cs\/produkt\/luxe-rope-dog-leash\/","og_locale":"cs_CZ","og_type":"article","og_title":"Luxe Rope Dog Leash | QQPETS","og_description":"Durable and customizable rope dog leash for active pets. Perfect for B2B clients seeking branded designs with logos or patterns. Comfortable, stylish, and strong.","og_url":"https:\/\/qqpets.com\/cs\/produkt\/luxe-rope-dog-leash\/","og_site_name":"QQPETS","article_publisher":"https:\/\/www.facebook.com\/QQpetsdogcollars","og_image":[{"width":1000,"height":1000,"url":"https:\/\/qqpets.com\/wp-content\/uploads\/2024\/11\/rope-dog-leash-Khaki1.webp","type":"image\/webp"}],"twitter_card":"summary_large_image","twitter_misc":{"Odhadovan\u00e1 doba \u010dten\u00ed":"2 minuty"},"schema":{"@context":"https:\/\/schema.org","@graph":[{"@type":"WebPage","@id":"https:\/\/qqpets.com\/product\/luxe-rope-dog-leash\/","url":"https:\/\/qqpets.com\/product\/luxe-rope-dog-leash\/","name":"Luxusn\u00ed lanov\u00e9 vod\u00edtko pro psy | QQPETS","isPartOf":{"@id":"https:\/\/qqpets.com\/#website"},"primaryImageOfPage":{"@id":"https:\/\/qqpets.com\/product\/luxe-rope-dog-leash\/#primaryimage"},"image":{"@id":"https:\/\/qqpets.com\/product\/luxe-rope-dog-leash\/#primaryimage"},"thumbnailUrl":"https:\/\/qqpets.com\/wp-content\/uploads\/2024\/11\/rope-dog-leash-Khaki1.webp","datePublished":"2024-11-25T09:13:19+00:00","description":"Odoln\u00e9 a p\u0159izp\u016fsobiteln\u00e9 lanov\u00e9 vod\u00edtko pro aktivn\u00ed dom\u00e1c\u00ed mazl\u00ed\u010dky. Ide\u00e1ln\u00ed pro B2B klienty, kte\u0159\u00ed hledaj\u00ed zna\u010dkov\u00e9 designy s logy nebo vzory. Pohodln\u00e9, stylov\u00e9 a pevn\u00e9.","breadcrumb":{"@id":"https:\/\/qqpets.com\/product\/luxe-rope-dog-leash\/#breadcrumb"},"inLanguage":"cs","potentialAction":[{"@type":"ReadAction","target":["https:\/\/qqpets.com\/product\/luxe-rope-dog-leash\/"]}]},{"@type":"ImageObject","inLanguage":"cs","@id":"https:\/\/qqpets.com\/product\/luxe-rope-dog-leash\/#primaryimage","url":"https:\/\/qqpets.com\/wp-content\/uploads\/2024\/11\/rope-dog-leash-Khaki1.webp","contentUrl":"https:\/\/qqpets.com\/wp-content\/uploads\/2024\/11\/rope-dog-leash-Khaki1.webp","width":1000,"height":1000},{"@type":"BreadcrumbList","@id":"https:\/\/qqpets.com\/product\/luxe-rope-dog-leash\/#breadcrumb","itemListElement":[{"@type":"ListItem","position":1,"name":"Home","item":"https:\/\/qqpets.com\/"},{"@type":"ListItem","position":2,"name":"Products","item":"https:\/\/qqpets.com\/pet-products-manufacturer\/"},{"@type":"ListItem","position":3,"name":"Luxe Rope Dog Leash"}]},{"@type":"WebSite","@id":"https:\/\/qqpets.com\/#website","url":"https:\/\/qqpets.com\/","name":"QQPETS","description":"QQPETS je tov\u00e1rna na v\u00fdrobky pro dom\u00e1c\u00ed mazl\u00ed\u010dky pro ps\u00ed postroje, obojky, vod\u00edtka a dopl\u0148ky pro psy s profesion\u00e1ln\u00edmi slu\u017ebami na m\u00edru od roku 2005.","publisher":{"@id":"https:\/\/qqpets.com\/#organization"},"potentialAction":[{"@type":"SearchAction","target":{"@type":"EntryPoint","urlTemplate":"https:\/\/qqpets.com\/?s={search_term_string}"},"query-input":{"@type":"PropertyValueSpecification","valueRequired":true,"valueName":"search_term_string"}}],"inLanguage":"cs"},{"@type":"Organization","@id":"https:\/\/qqpets.com\/#organization","name":"QQPETS","url":"https:\/\/qqpets.com\/","logo":{"@type":"ImageObject","inLanguage":"cs","@id":"https:\/\/qqpets.com\/#\/schema\/logo\/image\/","url":"https:\/\/qqpets.com\/wp-content\/uploads\/2023\/09\/cropped-cropped-qqpets-tiktok.jpg","contentUrl":"https:\/\/qqpets.com\/wp-content\/uploads\/2023\/09\/cropped-cropped-qqpets-tiktok.jpg","width":511,"height":511,"caption":"QQPETS"},"image":{"@id":"https:\/\/qqpets.com\/#\/schema\/logo\/image\/"},"sameAs":["https:\/\/www.facebook.com\/QQpetsdogcollars","https:\/\/www.instagram.com\/qqpetscollar\/","https:\/\/www.pinterest.com\/qqpetsdogcollarsfactory\/"]}]}},"_links":{"self":[{"href":"https:\/\/qqpets.com\/cs\/wp-json\/wp\/v2\/product\/9453","targetHints":{"allow":["GET"]}}],"collection":[{"href":"https:\/\/qqpets.com\/cs\/wp-json\/wp\/v2\/product"}],"about":[{"href":"https:\/\/qqpets.com\/cs\/wp-json\/wp\/v2\/types\/product"}],"wp:featuredmedia":[{"embeddable":true,"href":"https:\/\/qqpets.com\/cs\/wp-json\/wp\/v2\/media\/9455"}],"wp:attachment":[{"href":"https:\/\/qqpets.com\/cs\/wp-json\/wp\/v2\/media?parent=9453"}],"wp:term":[{"taxonomy":"product_brand","embeddable":true,"href":"https:\/\/qqpets.com\/cs\/wp-json\/wp\/v2\/product_brand?post=9453"},{"taxonomy":"product_cat","embeddable":true,"href":"https:\/\/qqpets.com\/cs\/wp-json\/wp\/v2\/product_cat?post=9453"},{"taxonomy":"product_tag","embeddable":true,"href":"https:\/\/qqpets.com\/cs\/wp-json\/wp\/v2\/product_tag?post=9453"}],"curies":[{"name":"wp","href":"https:\/\/api.w.org\/{rel}","templated":true}]}}