{"id":4645,"date":"2024-08-30T16:59:56","date_gmt":"2024-08-30T08:59:56","guid":{"rendered":"https:\/\/qqpets.com\/?post_type=product&#038;p=4645"},"modified":"2024-08-31T17:08:46","modified_gmt":"2024-08-31T09:08:46","slug":"reflective-adjustable-step-in-dog-harness","status":"publish","type":"product","link":"https:\/\/qqpets.com\/de\/produkt\/reflective-adjustable-step-in-dog-harness\/","title":{"rendered":"Reflektierendes, einstellbares Hundegeschirr mit Stufen"},"content":{"rendered":"<p>F\u00fchren Sie mit unserem reflektierenden, verstellbaren Step-In-Hundegeschirr ein neues Ma\u00df an Sicherheit und Komfort in die t\u00e4glichen Spazierg\u00e4nge Ihres Haustiers ein. Dieses Geschirr wurde speziell f\u00fcr eine einfache Handhabung und verbesserte Sichtbarkeit bei Nacht entwickelt. Mit seinen leuchtenden Reflexionsstreifen sorgt es daf\u00fcr, dass Ihr Hund auch bei schlechten Lichtverh\u00e4ltnissen f\u00fcr Autofahrer und Fu\u00dfg\u00e4nger sichtbar ist, was die Sicherheit bei abendlichen oder fr\u00fchmorgendlichen Spazierg\u00e4ngen deutlich erh\u00f6ht.<\/p>\n<p>Das \"Step-in\"-Design vereinfacht das Anlegen des Geschirrs und ist damit ideal f\u00fcr Haustiere (und Besitzer!), die ein m\u00fcheloses Erlebnis bevorzugen. Legen Sie das Geschirr einfach flach hin, lassen Sie Ihren Hund hineingehen, schnallen Sie sich an, und schon kann es losgehen. Die Gurte sind vollst\u00e4ndig verstellbar und sorgen f\u00fcr eine bequeme Passform, die sich an Hunde unterschiedlicher Form und Gr\u00f6\u00dfe anpasst.<\/p>\n<p>Dieses Geschirr ist aus hochwertigen, langlebigen Materialien gefertigt und h\u00e4lt den Strapazen des t\u00e4glichen Gebrauchs stand, w\u00e4hrend Ihr Hund sich wohl f\u00fchlt. Das leichte Design sorgt daf\u00fcr, dass Ihr Hund sich frei bewegen kann, ohne sich beschwert zu f\u00fchlen.<\/p>\n<p>Unser reflektierendes, verstellbares Step-In-Hundegeschirr ist nicht nur praktisch, sondern auch stilvoll. Es ist in verschiedenen Farben erh\u00e4ltlich, die zum Stil Ihres Haustiers passen und es zu einer modischen Wahl f\u00fcr Ihre t\u00e4glichen Spazierg\u00e4nge machen. Ganz gleich, ob Sie durch die belebten Stra\u00dfen der Stadt fahren oder einen ruhigen Spaziergang durch den Park genie\u00dfen, dieses Geschirr sorgt daf\u00fcr, dass Ihr Haustier sowohl sicher als auch bequem ist.<\/p>\n<p>R\u00fcsten Sie Ihr Haustier mit unserem Geschirr aus, um die Sichtbarkeit zu verbessern und den Komfort bei jedem Spaziergang zu gew\u00e4hrleisten. Das gibt Ihnen Sicherheit und Ihrem Haustier die Freiheit, sich sicher zu bewegen.<\/p>\n<div class=\"flex max-w-full flex-col flex-grow\">\n<div class=\"min-h-[20px] text-message flex w-full flex-col items-end gap-2 break-words [.text-message+&amp;]:mt-5 overflow-x-auto whitespace-normal\" dir=\"auto\" data-message-author-role=\"assistant\" data-message-id=\"e46110a1-b220-42e7-a97e-37831f310d5a\">\n<div class=\"flex w-full flex-col gap-1 empty:hidden first:pt-[3px]\">\n<div class=\"markdown prose w-full break-words dark:prose-invert light\">\n<h6><strong>Sind Einsteigegeschirre gut f\u00fcr Hunde?<\/strong><\/h6>\n<p>Ja, Schrittgeschirre sind gut f\u00fcr Hunde, da sie leicht anzulegen sind, den Druck gleichm\u00e4\u00dfig auf Brust und Schultern verteilen und f\u00fcr Hunde geeignet sind, die es nicht m\u00f6gen, wenn man ihnen ein Geschirr \u00fcber den Kopf zieht.<\/p>\n<h6><strong>Sind gepolsterte Geschirre besser f\u00fcr Hunde?<\/strong><\/h6>\n<p>Ja, gepolsterte Geschirre sind besser f\u00fcr Hunde, da sie zus\u00e4tzlichen Komfort bieten, das Risiko von Reibung und Scheuerstellen verringern und besonders f\u00fcr Hunde mit empfindlicher Haut oder d\u00fcnnem Fell von Vorteil sind.<\/p>\n<h6><strong>Wie benutzt man ein Einstiegsgeschirr f\u00fcr Hunde?<\/strong><\/h6>\n<p>Legen Sie das Geschirr flach auf den Boden, lassen Sie Ihren Hund in die Bein\u00f6ffnungen treten, ziehen Sie das Geschirr um den K\u00f6rper des Hundes und schlie\u00dfen Sie dann die Schnalle auf dem R\u00fccken des Hundes.<\/p>\n<h6><strong>Was ist ein verstellbares Gurtzeug?<\/strong><\/h6>\n<p>Ein verstellbares Geschirr verf\u00fcgt \u00fcber mehrere Punkte, an denen Sie die Gurte verstellen k\u00f6nnen, um eine bequeme Passform f\u00fcr Ihren Hund zu gew\u00e4hrleisten und \u00c4nderungen der Gr\u00f6\u00dfe oder des Gewichts auszugleichen.<\/p>\n<h6><strong>Warum ein Einstiegsgeschirr verwenden?<\/strong><\/h6>\n<p>Verwenden Sie ein Einsteigegeschirr, um die Handhabung zu erleichtern, insbesondere bei ruhigen Hunden oder solchen, die sich mit Geschirren, die \u00fcber den Kopf gehen, unwohl f\u00fchlen. Sie eignen sich auch hervorragend f\u00fcr einen bequemen Halt, ohne Druck auf den Nacken auszu\u00fcben.<\/p>\n<\/div>\n<\/div>\n<\/div>\n<\/div>\n<div class=\"mt-1 flex gap-3 empty:hidden -ml-2\">\n<div class=\"items-center justify-start rounded-xl p-1 flex\">\n<div class=\"flex items-center\">\n<p>&nbsp;<\/p>\n<div class=\"flex\"><\/div>\n<div class=\"flex items-center pb-0\">\n<div class=\"[&amp;_svg]:h-full [&amp;_svg]:w-full icon-md h-4 w-4\"><\/div>\n<p><span class=\"overflow-hidden text-clip whitespace-nowrap text-sm\">4<\/span><\/p>\n<\/div>\n<\/div>\n<\/div>\n<\/div>","protected":false},"excerpt":{"rendered":"<p>Gehen Sie in Sicherheit mit unserem reflektierenden, verstellbaren Step-In-Hundegeschirr. Dieses Geschirr wurde f\u00fcr eine einfache Anpassung und verbesserte Sichtbarkeit entwickelt und verf\u00fcgt \u00fcber helle reflektierende Streifen, die Ihren Hund bei Nacht sichtbar machen. Das verstellbare Design gew\u00e4hrleistet eine perfekte Passform f\u00fcr jede Hunderasse und sorgt f\u00fcr Komfort und Sicherheit. Das leichte und robuste Geschirr ist ideal f\u00fcr t\u00e4gliche Spazierg\u00e4nge und sorgt daf\u00fcr, dass Ihr Hund auch bei schlechten Lichtverh\u00e4ltnissen gesehen wird.<\/p>","protected":false},"featured_media":7691,"template":"","meta":[],"product_brand":[],"product_cat":[23],"product_tag":[],"class_list":{"0":"post-4645","1":"product","2":"type-product","3":"status-publish","4":"has-post-thumbnail","6":"product_cat-dog-harness","7":"pa_brand-qqpets","9":"first","10":"instock","11":"shipping-taxable","12":"product-type-simple"},"yoast_head":"<!-- This site is optimized with the Yoast SEO plugin v26.6 - https:\/\/yoast.com\/wordpress\/plugins\/seo\/ -->\n<title>Reflective Adjustable Step in Dog Harness | QQPETS<\/title>\n<meta name=\"description\" content=\"Keep your dog safe with our Reflective Adjustable Step In Harness. Perfect for night walks. Secure and stylish!\" \/>\n<meta name=\"robots\" content=\"index, follow, max-snippet:-1, max-image-preview:large, max-video-preview:-1\" \/>\n<link rel=\"canonical\" href=\"https:\/\/qqpets.com\/de\/produkt\/reflective-adjustable-step-in-dog-harness\/\" \/>\n<meta property=\"og:locale\" content=\"de_DE\" \/>\n<meta property=\"og:type\" content=\"article\" \/>\n<meta property=\"og:title\" content=\"Reflective Adjustable Step in Dog Harness | QQPETS\" \/>\n<meta property=\"og:description\" content=\"Keep your dog safe with our Reflective Adjustable Step In Harness. Perfect for night walks. Secure and stylish!\" \/>\n<meta property=\"og:url\" content=\"https:\/\/qqpets.com\/de\/produkt\/reflective-adjustable-step-in-dog-harness\/\" \/>\n<meta property=\"og:site_name\" content=\"QQPETS\" \/>\n<meta property=\"article:publisher\" content=\"https:\/\/www.facebook.com\/QQpetsdogcollars\" \/>\n<meta property=\"article:modified_time\" content=\"2024-08-31T09:08:46+00:00\" \/>\n<meta property=\"og:image\" content=\"https:\/\/qqpets.com\/wp-content\/uploads\/2023\/09\/qqpets-tiktok.jpg\" \/>\n\t<meta property=\"og:image:width\" content=\"800\" \/>\n\t<meta property=\"og:image:height\" content=\"800\" \/>\n\t<meta property=\"og:image:type\" content=\"image\/jpeg\" \/>\n<meta name=\"twitter:card\" content=\"summary_large_image\" \/>\n<meta name=\"twitter:label1\" content=\"Gesch\u00e4tzte Lesezeit\" \/>\n\t<meta name=\"twitter:data1\" content=\"3\u00a0Minuten\" \/>\n<script type=\"application\/ld+json\" class=\"yoast-schema-graph\">{\"@context\":\"https:\/\/schema.org\",\"@graph\":[{\"@type\":\"WebPage\",\"@id\":\"https:\/\/qqpets.com\/product\/reflective-adjustable-step-in-dog-harness\/\",\"url\":\"https:\/\/qqpets.com\/product\/reflective-adjustable-step-in-dog-harness\/\",\"name\":\"Reflective Adjustable Step in Dog Harness | QQPETS\",\"isPartOf\":{\"@id\":\"https:\/\/qqpets.com\/#website\"},\"primaryImageOfPage\":{\"@id\":\"https:\/\/qqpets.com\/product\/reflective-adjustable-step-in-dog-harness\/#primaryimage\"},\"image\":{\"@id\":\"https:\/\/qqpets.com\/product\/reflective-adjustable-step-in-dog-harness\/#primaryimage\"},\"thumbnailUrl\":\"https:\/\/qqpets.com\/wp-content\/uploads\/2024\/08\/3.avif\",\"datePublished\":\"2024-08-30T08:59:56+00:00\",\"dateModified\":\"2024-08-31T09:08:46+00:00\",\"description\":\"Keep your dog safe with our Reflective Adjustable Step In Harness. Perfect for night walks. Secure and stylish!\",\"breadcrumb\":{\"@id\":\"https:\/\/qqpets.com\/product\/reflective-adjustable-step-in-dog-harness\/#breadcrumb\"},\"inLanguage\":\"de\",\"potentialAction\":[{\"@type\":\"ReadAction\",\"target\":[\"https:\/\/qqpets.com\/product\/reflective-adjustable-step-in-dog-harness\/\"]}]},{\"@type\":\"ImageObject\",\"inLanguage\":\"de\",\"@id\":\"https:\/\/qqpets.com\/product\/reflective-adjustable-step-in-dog-harness\/#primaryimage\",\"url\":\"https:\/\/qqpets.com\/wp-content\/uploads\/2024\/08\/3.avif\",\"contentUrl\":\"https:\/\/qqpets.com\/wp-content\/uploads\/2024\/08\/3.avif\",\"width\":800,\"height\":800},{\"@type\":\"BreadcrumbList\",\"@id\":\"https:\/\/qqpets.com\/product\/reflective-adjustable-step-in-dog-harness\/#breadcrumb\",\"itemListElement\":[{\"@type\":\"ListItem\",\"position\":1,\"name\":\"Home\",\"item\":\"https:\/\/qqpets.com\/\"},{\"@type\":\"ListItem\",\"position\":2,\"name\":\"Products\",\"item\":\"https:\/\/qqpets.com\/pet-products-manufacturer\/\"},{\"@type\":\"ListItem\",\"position\":3,\"name\":\"Reflective Adjustable Step in Dog Harness\"}]},{\"@type\":\"WebSite\",\"@id\":\"https:\/\/qqpets.com\/#website\",\"url\":\"https:\/\/qqpets.com\/\",\"name\":\"QQPETS\",\"description\":\"QQPETS is a pet products factory for dog harnesses, dog collars, dog leashes and dog accessories with professional customized service since 2005.\",\"publisher\":{\"@id\":\"https:\/\/qqpets.com\/#organization\"},\"potentialAction\":[{\"@type\":\"SearchAction\",\"target\":{\"@type\":\"EntryPoint\",\"urlTemplate\":\"https:\/\/qqpets.com\/?s={search_term_string}\"},\"query-input\":{\"@type\":\"PropertyValueSpecification\",\"valueRequired\":true,\"valueName\":\"search_term_string\"}}],\"inLanguage\":\"de\"},{\"@type\":\"Organization\",\"@id\":\"https:\/\/qqpets.com\/#organization\",\"name\":\"QQPETS\",\"url\":\"https:\/\/qqpets.com\/\",\"logo\":{\"@type\":\"ImageObject\",\"inLanguage\":\"de\",\"@id\":\"https:\/\/qqpets.com\/#\/schema\/logo\/image\/\",\"url\":\"https:\/\/qqpets.com\/wp-content\/uploads\/2023\/09\/cropped-cropped-qqpets-tiktok.jpg\",\"contentUrl\":\"https:\/\/qqpets.com\/wp-content\/uploads\/2023\/09\/cropped-cropped-qqpets-tiktok.jpg\",\"width\":511,\"height\":511,\"caption\":\"QQPETS\"},\"image\":{\"@id\":\"https:\/\/qqpets.com\/#\/schema\/logo\/image\/\"},\"sameAs\":[\"https:\/\/www.facebook.com\/QQpetsdogcollars\",\"https:\/\/www.instagram.com\/qqpetscollar\/\",\"https:\/\/www.pinterest.com\/qqpetsdogcollarsfactory\/\"]}]}<\/script>\n<!-- \/ Yoast SEO plugin. -->","yoast_head_json":{"title":"Reflektierendes, einstellbares Hundegeschirr mit Schrittfunktion | QQPETS","description":"Sorgen Sie f\u00fcr die Sicherheit Ihres Hundes mit unserem reflektierenden, verstellbaren Step-In-Geschirr. Perfekt f\u00fcr Nachtspazierg\u00e4nge. Sicher und stilvoll!","robots":{"index":"index","follow":"follow","max-snippet":"max-snippet:-1","max-image-preview":"max-image-preview:large","max-video-preview":"max-video-preview:-1"},"canonical":"https:\/\/qqpets.com\/de\/produkt\/reflective-adjustable-step-in-dog-harness\/","og_locale":"de_DE","og_type":"article","og_title":"Reflective Adjustable Step in Dog Harness | QQPETS","og_description":"Keep your dog safe with our Reflective Adjustable Step In Harness. Perfect for night walks. Secure and stylish!","og_url":"https:\/\/qqpets.com\/de\/produkt\/reflective-adjustable-step-in-dog-harness\/","og_site_name":"QQPETS","article_publisher":"https:\/\/www.facebook.com\/QQpetsdogcollars","article_modified_time":"2024-08-31T09:08:46+00:00","og_image":[{"width":800,"height":800,"url":"https:\/\/qqpets.com\/wp-content\/uploads\/2023\/09\/qqpets-tiktok.jpg","type":"image\/jpeg"}],"twitter_card":"summary_large_image","twitter_misc":{"Gesch\u00e4tzte Lesezeit":"3\u00a0Minuten"},"schema":{"@context":"https:\/\/schema.org","@graph":[{"@type":"WebPage","@id":"https:\/\/qqpets.com\/product\/reflective-adjustable-step-in-dog-harness\/","url":"https:\/\/qqpets.com\/product\/reflective-adjustable-step-in-dog-harness\/","name":"Reflektierendes, einstellbares Hundegeschirr mit Schrittfunktion | QQPETS","isPartOf":{"@id":"https:\/\/qqpets.com\/#website"},"primaryImageOfPage":{"@id":"https:\/\/qqpets.com\/product\/reflective-adjustable-step-in-dog-harness\/#primaryimage"},"image":{"@id":"https:\/\/qqpets.com\/product\/reflective-adjustable-step-in-dog-harness\/#primaryimage"},"thumbnailUrl":"https:\/\/qqpets.com\/wp-content\/uploads\/2024\/08\/3.avif","datePublished":"2024-08-30T08:59:56+00:00","dateModified":"2024-08-31T09:08:46+00:00","description":"Sorgen Sie f\u00fcr die Sicherheit Ihres Hundes mit unserem reflektierenden, verstellbaren Step-In-Geschirr. Perfekt f\u00fcr Nachtspazierg\u00e4nge. Sicher und stilvoll!","breadcrumb":{"@id":"https:\/\/qqpets.com\/product\/reflective-adjustable-step-in-dog-harness\/#breadcrumb"},"inLanguage":"de","potentialAction":[{"@type":"ReadAction","target":["https:\/\/qqpets.com\/product\/reflective-adjustable-step-in-dog-harness\/"]}]},{"@type":"ImageObject","inLanguage":"de","@id":"https:\/\/qqpets.com\/product\/reflective-adjustable-step-in-dog-harness\/#primaryimage","url":"https:\/\/qqpets.com\/wp-content\/uploads\/2024\/08\/3.avif","contentUrl":"https:\/\/qqpets.com\/wp-content\/uploads\/2024\/08\/3.avif","width":800,"height":800},{"@type":"BreadcrumbList","@id":"https:\/\/qqpets.com\/product\/reflective-adjustable-step-in-dog-harness\/#breadcrumb","itemListElement":[{"@type":"ListItem","position":1,"name":"Home","item":"https:\/\/qqpets.com\/"},{"@type":"ListItem","position":2,"name":"Products","item":"https:\/\/qqpets.com\/pet-products-manufacturer\/"},{"@type":"ListItem","position":3,"name":"Reflective Adjustable Step in Dog Harness"}]},{"@type":"WebSite","@id":"https:\/\/qqpets.com\/#website","url":"https:\/\/qqpets.com\/","name":"QQPETS","description":"QQPETS ist eine Fabrik f\u00fcr Haustierprodukte f\u00fcr Hundegeschirre, Hundehalsb\u00e4nder, Hundeleinen und Hundezubeh\u00f6r mit professionellem, individuellem Service seit 2005.","publisher":{"@id":"https:\/\/qqpets.com\/#organization"},"potentialAction":[{"@type":"SearchAction","target":{"@type":"EntryPoint","urlTemplate":"https:\/\/qqpets.com\/?s={search_term_string}"},"query-input":{"@type":"PropertyValueSpecification","valueRequired":true,"valueName":"search_term_string"}}],"inLanguage":"de"},{"@type":"Organization","@id":"https:\/\/qqpets.com\/#organization","name":"QQPETS","url":"https:\/\/qqpets.com\/","logo":{"@type":"ImageObject","inLanguage":"de","@id":"https:\/\/qqpets.com\/#\/schema\/logo\/image\/","url":"https:\/\/qqpets.com\/wp-content\/uploads\/2023\/09\/cropped-cropped-qqpets-tiktok.jpg","contentUrl":"https:\/\/qqpets.com\/wp-content\/uploads\/2023\/09\/cropped-cropped-qqpets-tiktok.jpg","width":511,"height":511,"caption":"QQPETS"},"image":{"@id":"https:\/\/qqpets.com\/#\/schema\/logo\/image\/"},"sameAs":["https:\/\/www.facebook.com\/QQpetsdogcollars","https:\/\/www.instagram.com\/qqpetscollar\/","https:\/\/www.pinterest.com\/qqpetsdogcollarsfactory\/"]}]}},"_links":{"self":[{"href":"https:\/\/qqpets.com\/de\/wp-json\/wp\/v2\/product\/4645","targetHints":{"allow":["GET"]}}],"collection":[{"href":"https:\/\/qqpets.com\/de\/wp-json\/wp\/v2\/product"}],"about":[{"href":"https:\/\/qqpets.com\/de\/wp-json\/wp\/v2\/types\/product"}],"wp:featuredmedia":[{"embeddable":true,"href":"https:\/\/qqpets.com\/de\/wp-json\/wp\/v2\/media\/7691"}],"wp:attachment":[{"href":"https:\/\/qqpets.com\/de\/wp-json\/wp\/v2\/media?parent=4645"}],"wp:term":[{"taxonomy":"product_brand","embeddable":true,"href":"https:\/\/qqpets.com\/de\/wp-json\/wp\/v2\/product_brand?post=4645"},{"taxonomy":"product_cat","embeddable":true,"href":"https:\/\/qqpets.com\/de\/wp-json\/wp\/v2\/product_cat?post=4645"},{"taxonomy":"product_tag","embeddable":true,"href":"https:\/\/qqpets.com\/de\/wp-json\/wp\/v2\/product_tag?post=4645"}],"curies":[{"name":"wp","href":"https:\/\/api.w.org\/{rel}","templated":true}]}}