{"id":4950,"date":"2024-03-14T10:00:15","date_gmt":"2024-03-14T02:00:15","guid":{"rendered":"https:\/\/qqpets.com\/?post_type=product&#038;p=4950"},"modified":"2024-11-11T15:15:16","modified_gmt":"2024-11-11T07:15:16","slug":"hands-free-no-pull-dog-leash","status":"publish","type":"product","link":"https:\/\/qqpets.com\/de\/produkt\/hands-free-no-pull-dog-leash\/","title":{"rendered":"Hands Free No Pull Hundeleine"},"content":{"rendered":"<p>Erh\u00f6hen Sie die Sicherheit Ihres Haustieres und Ihren eigenen Komfort mit unserer innovativen Hands Free Hundeleine f\u00fcr Spazierg\u00e4nge und zum Laufen, die \u00fcber einen integrierten Sicherheitsgurt f\u00fcr Autositze und ein sto\u00dfd\u00e4mpfendes Gummiband verf\u00fcgt. Mit dieser multifunktionalen Leine k\u00f6nnen Sie einen aktiven Lebensstil beibehalten und gleichzeitig die Sicherheit und den Komfort Ihres Haustieres bei jeder Aktivit\u00e4t gew\u00e4hrleisten - ob Sie nun im Park joggen oder zu Ihrem n\u00e4chsten Abenteuer fahren.<\/p>\n<p>Das Hauptmerkmal dieser Leine ist ihre Elastizit\u00e4t, dank des sto\u00dfd\u00e4mpfenden Gummibands, das ein Ruckeln und Ziehen verhindert und so die Belastung f\u00fcr Sie und Ihr Haustier reduziert. Sie l\u00e4sst sich nahtlos von einem Spaziergangs- und Laufzubeh\u00f6r in einen Sicherheitsgurt f\u00fcr das Auto umwandeln, um Ihr Haustier w\u00e4hrend der Fahrt sicher zu verankern und Ablenkungen zu reduzieren, damit Sie sicherer fahren k\u00f6nnen.<\/p>\n<p>Unsere Leine ist praktisch und verf\u00fcgt \u00fcber einen freih\u00e4ndig verstellbaren H\u00fcftgurt, der sich an eine Vielzahl von Gr\u00f6\u00dfen anpassen l\u00e4sst. So k\u00f6nnen Sie laufen, gehen oder sich frei bewegen, ohne sich an einer Leine festhalten zu m\u00fcssen. Die reflektierenden N\u00e4hte an der Leine sorgen f\u00fcr gute Sichtbarkeit bei schlechten Lichtverh\u00e4ltnissen und erh\u00f6hen die Sicherheit bei Spazierg\u00e4ngen am fr\u00fchen Morgen oder am Abend.<\/p>\n<p>Die aus robusten, witterungsbest\u00e4ndigen Materialien gefertigte Leine h\u00e4lt sowohl den Strapazen des Au\u00dfeneinsatzes als auch den t\u00e4glichen Fahrten stand. Die universelle Kompatibilit\u00e4t mit den meisten Sicherheitsgurtsystemen in Fahrzeugen erm\u00f6glicht eine schnelle und problemlose Installation, so dass Sie im Handumdrehen startklar sind.<\/p>\n<p>Egal, ob Sie ein begeisterter L\u00e4ufer, ein t\u00e4glicher Pendler oder jemand sind, der gerne lange Wanderungen mit seinem Hund unternimmt - unsere Hands Free Hundeleine mit Autosicherheitsgurt und sto\u00dfd\u00e4mpfendem Bungee ist die perfekte Wahl f\u00fcr sicherheitsbewusste Tierhalter, die keine Kompromisse bei Funktionalit\u00e4t und Stil eingehen wollen.<\/p>\n<h6><strong>Sind Bungee-Leinen gut f\u00fcr Hunde?<\/strong><\/h6>\n<p>Bungee-Leinen k\u00f6nnen f\u00fcr Hunde gut sein, da sie Ersch\u00fctterungen durch pl\u00f6tzliche Bewegungen und Ziehen reduzieren und so Spazierg\u00e4nge f\u00fcr Hund und Halter angenehmer machen. Sie sind jedoch m\u00f6glicherweise nicht f\u00fcr sehr starke oder reaktive Hunde geeignet, da die Elastizit\u00e4t das Ziehen f\u00f6rdern k\u00f6nnte.<\/p>\n<h6><strong>Wie verwendet man eine Bungee-Hundeleine?<\/strong><\/h6>\n<p>Befestigen Sie den Clip der Bungee-Leine am Geschirr oder Halsband Ihres Hundes. Halten Sie den Griff fest, damit der Bungee-Teil St\u00f6\u00dfe und Zerrungen w\u00e4hrend des Spaziergangs abfedern kann. Dies ist besonders n\u00fctzlich beim Joggen oder Wandern, wo Sie auf pl\u00f6tzliche Z\u00fcge sto\u00dfen k\u00f6nnten.<\/p>\n<h6><strong>Welche Leinenl\u00e4nge f\u00fcr das Laufen mit Hund?<\/strong><\/h6>\n<p>F\u00fcr das Laufen wird in der Regel eine Leine mit einer L\u00e4nge von etwa 4 bis 6 Fu\u00df empfohlen, da sie genug Platz f\u00fcr eine bequeme Schrittl\u00e4nge bietet, aber kurz genug ist, um die Kontrolle \u00fcber Ihren Hund zu behalten.<\/p>\n<h6><strong>H\u00f6ren Bungee-Leinen auf zu ziehen?<\/strong><\/h6>\n<p>Nein, Bungee-Leinen verhindern nicht das Ziehen. Sie k\u00f6nnen die Auswirkungen des Ziehens aufgrund ihrer elastischen Beschaffenheit verringern, aber sie entmutigen das Verhalten selbst nicht.<\/p>\n<h6><strong>Welche Leine eignet sich am besten f\u00fcr einen Hund, der zieht?<\/strong><\/h6>\n<p>F\u00fcr einen Hund, der zieht, eignet sich am besten ein Geschirr, das nicht zieht, in Kombination mit einer starken, nicht elastischen Leine. Das Geschirr verhindert das Ziehen, indem es den Hund zu Ihnen zur\u00fcckf\u00fchrt, w\u00e4hrend die stabile Leine f\u00fcr Kontrolle sorgt, ohne das Ziehen durch Dehnung zu f\u00f6rdern.<\/p>","protected":false},"excerpt":{"rendered":"<p>Ver\u00e4ndern Sie Ihre Ausfl\u00fcge mit unserer Hands Free Hundeleine, die mit einem Sicherheitsgurt und einem sto\u00dfd\u00e4mpfenden Gummiband ausgestattet ist. Sie ist ideal zum Spazierengehen, Laufen oder Autofahren und gew\u00e4hrleistet die Sicherheit Ihres Hundes bei gleichzeitiger Bewegungsfreiheit. Die verstellbare, reflektierende Leine erh\u00f6ht die Sichtbarkeit und Flexibilit\u00e4t und eignet sich somit perfekt f\u00fcr den Einsatz bei Tag und Nacht. Sie ist aus langlebigen, hochwertigen Materialien gefertigt und wurde f\u00fcr aktive Tierhalter entwickelt, die Komfort suchen, ohne Kompromisse bei der Sicherheit einzugehen. Die Leine ist einfach zu handhaben und universell mit den meisten Fahrzeugen kompatibel, sodass jede Fahrt mit Ihrem Haustier zum Kinderspiel wird.<\/p>","protected":false},"featured_media":4951,"template":"","meta":[],"product_brand":[],"product_cat":[27],"product_tag":[],"class_list":{"0":"post-4950","1":"product","2":"type-product","3":"status-publish","4":"has-post-thumbnail","6":"product_cat-dog-leash","7":"pa_brand-qqpets","9":"first","10":"instock","11":"shipping-taxable","12":"product-type-simple"},"yoast_head":"<!-- This site is optimized with the Yoast SEO plugin v26.6 - https:\/\/yoast.com\/wordpress\/plugins\/seo\/ -->\n<title>Hands Free No Pull Dog Leash | QQPETS<\/title>\n<meta name=\"description\" content=\"Shop our Hands Free Dog Leash with Car Seat Belt for safe, shock-absorbing walks and runs. Perfect for active pet owners!\" \/>\n<meta name=\"robots\" content=\"index, follow, max-snippet:-1, max-image-preview:large, max-video-preview:-1\" \/>\n<link rel=\"canonical\" href=\"https:\/\/qqpets.com\/de\/produkt\/hands-free-no-pull-dog-leash\/\" \/>\n<meta property=\"og:locale\" content=\"de_DE\" \/>\n<meta property=\"og:type\" content=\"article\" \/>\n<meta property=\"og:title\" content=\"Hands Free No Pull Dog Leash | QQPETS\" \/>\n<meta property=\"og:description\" content=\"Shop our Hands Free Dog Leash with Car Seat Belt for safe, shock-absorbing walks and runs. Perfect for active pet owners!\" \/>\n<meta property=\"og:url\" content=\"https:\/\/qqpets.com\/de\/produkt\/hands-free-no-pull-dog-leash\/\" \/>\n<meta property=\"og:site_name\" content=\"QQPETS\" \/>\n<meta property=\"article:publisher\" content=\"https:\/\/www.facebook.com\/QQpetsdogcollars\" \/>\n<meta property=\"article:modified_time\" content=\"2024-11-11T07:15:16+00:00\" \/>\n<meta property=\"og:image\" content=\"https:\/\/qqpets.com\/wp-content\/uploads\/2024\/03\/1.webp\" \/>\n\t<meta property=\"og:image:width\" content=\"1000\" \/>\n\t<meta property=\"og:image:height\" content=\"1000\" \/>\n\t<meta property=\"og:image:type\" content=\"image\/webp\" \/>\n<meta name=\"twitter:card\" content=\"summary_large_image\" \/>\n<meta name=\"twitter:label1\" content=\"Gesch\u00e4tzte Lesezeit\" \/>\n\t<meta name=\"twitter:data1\" content=\"3\u00a0Minuten\" \/>\n<script type=\"application\/ld+json\" class=\"yoast-schema-graph\">{\"@context\":\"https:\/\/schema.org\",\"@graph\":[{\"@type\":\"WebPage\",\"@id\":\"https:\/\/qqpets.com\/product\/hands-free-no-pull-dog-leash\/\",\"url\":\"https:\/\/qqpets.com\/product\/hands-free-no-pull-dog-leash\/\",\"name\":\"Hands Free No Pull Dog Leash | QQPETS\",\"isPartOf\":{\"@id\":\"https:\/\/qqpets.com\/#website\"},\"primaryImageOfPage\":{\"@id\":\"https:\/\/qqpets.com\/product\/hands-free-no-pull-dog-leash\/#primaryimage\"},\"image\":{\"@id\":\"https:\/\/qqpets.com\/product\/hands-free-no-pull-dog-leash\/#primaryimage\"},\"thumbnailUrl\":\"https:\/\/qqpets.com\/wp-content\/uploads\/2024\/03\/1.webp\",\"datePublished\":\"2024-03-14T02:00:15+00:00\",\"dateModified\":\"2024-11-11T07:15:16+00:00\",\"description\":\"Shop our Hands Free Dog Leash with Car Seat Belt for safe, shock-absorbing walks and runs. Perfect for active pet owners!\",\"breadcrumb\":{\"@id\":\"https:\/\/qqpets.com\/product\/hands-free-no-pull-dog-leash\/#breadcrumb\"},\"inLanguage\":\"de\",\"potentialAction\":[{\"@type\":\"ReadAction\",\"target\":[\"https:\/\/qqpets.com\/product\/hands-free-no-pull-dog-leash\/\"]}]},{\"@type\":\"ImageObject\",\"inLanguage\":\"de\",\"@id\":\"https:\/\/qqpets.com\/product\/hands-free-no-pull-dog-leash\/#primaryimage\",\"url\":\"https:\/\/qqpets.com\/wp-content\/uploads\/2024\/03\/1.webp\",\"contentUrl\":\"https:\/\/qqpets.com\/wp-content\/uploads\/2024\/03\/1.webp\",\"width\":1000,\"height\":1000,\"caption\":\"car sear belt bungee dog leash\"},{\"@type\":\"BreadcrumbList\",\"@id\":\"https:\/\/qqpets.com\/product\/hands-free-no-pull-dog-leash\/#breadcrumb\",\"itemListElement\":[{\"@type\":\"ListItem\",\"position\":1,\"name\":\"Home\",\"item\":\"https:\/\/qqpets.com\/\"},{\"@type\":\"ListItem\",\"position\":2,\"name\":\"Products\",\"item\":\"https:\/\/qqpets.com\/pet-products-manufacturer\/\"},{\"@type\":\"ListItem\",\"position\":3,\"name\":\"Hands Free No Pull Dog Leash\"}]},{\"@type\":\"WebSite\",\"@id\":\"https:\/\/qqpets.com\/#website\",\"url\":\"https:\/\/qqpets.com\/\",\"name\":\"QQPETS\",\"description\":\"QQPETS is a pet products factory for dog harnesses, dog collars, dog leashes and dog accessories with professional customized service since 2005.\",\"publisher\":{\"@id\":\"https:\/\/qqpets.com\/#organization\"},\"potentialAction\":[{\"@type\":\"SearchAction\",\"target\":{\"@type\":\"EntryPoint\",\"urlTemplate\":\"https:\/\/qqpets.com\/?s={search_term_string}\"},\"query-input\":{\"@type\":\"PropertyValueSpecification\",\"valueRequired\":true,\"valueName\":\"search_term_string\"}}],\"inLanguage\":\"de\"},{\"@type\":\"Organization\",\"@id\":\"https:\/\/qqpets.com\/#organization\",\"name\":\"QQPETS\",\"url\":\"https:\/\/qqpets.com\/\",\"logo\":{\"@type\":\"ImageObject\",\"inLanguage\":\"de\",\"@id\":\"https:\/\/qqpets.com\/#\/schema\/logo\/image\/\",\"url\":\"https:\/\/qqpets.com\/wp-content\/uploads\/2023\/09\/cropped-cropped-qqpets-tiktok.jpg\",\"contentUrl\":\"https:\/\/qqpets.com\/wp-content\/uploads\/2023\/09\/cropped-cropped-qqpets-tiktok.jpg\",\"width\":511,\"height\":511,\"caption\":\"QQPETS\"},\"image\":{\"@id\":\"https:\/\/qqpets.com\/#\/schema\/logo\/image\/\"},\"sameAs\":[\"https:\/\/www.facebook.com\/QQpetsdogcollars\",\"https:\/\/www.instagram.com\/qqpetscollar\/\",\"https:\/\/www.pinterest.com\/qqpetsdogcollarsfactory\/\"]}]}<\/script>\n<!-- \/ Yoast SEO plugin. -->","yoast_head_json":{"title":"Hands Free No Pull Hundeleine | QQPETS","description":"Kaufen Sie unsere Hands Free Hundeleine mit Autositzgurt f\u00fcr sichere, sto\u00dfd\u00e4mpfende Spazierg\u00e4nge und Ausl\u00e4ufe. Perfekt f\u00fcr aktive Tierhalter!","robots":{"index":"index","follow":"follow","max-snippet":"max-snippet:-1","max-image-preview":"max-image-preview:large","max-video-preview":"max-video-preview:-1"},"canonical":"https:\/\/qqpets.com\/de\/produkt\/hands-free-no-pull-dog-leash\/","og_locale":"de_DE","og_type":"article","og_title":"Hands Free No Pull Dog Leash | QQPETS","og_description":"Shop our Hands Free Dog Leash with Car Seat Belt for safe, shock-absorbing walks and runs. Perfect for active pet owners!","og_url":"https:\/\/qqpets.com\/de\/produkt\/hands-free-no-pull-dog-leash\/","og_site_name":"QQPETS","article_publisher":"https:\/\/www.facebook.com\/QQpetsdogcollars","article_modified_time":"2024-11-11T07:15:16+00:00","og_image":[{"width":1000,"height":1000,"url":"https:\/\/qqpets.com\/wp-content\/uploads\/2024\/03\/1.webp","type":"image\/webp"}],"twitter_card":"summary_large_image","twitter_misc":{"Gesch\u00e4tzte Lesezeit":"3\u00a0Minuten"},"schema":{"@context":"https:\/\/schema.org","@graph":[{"@type":"WebPage","@id":"https:\/\/qqpets.com\/product\/hands-free-no-pull-dog-leash\/","url":"https:\/\/qqpets.com\/product\/hands-free-no-pull-dog-leash\/","name":"Hands Free No Pull Hundeleine | QQPETS","isPartOf":{"@id":"https:\/\/qqpets.com\/#website"},"primaryImageOfPage":{"@id":"https:\/\/qqpets.com\/product\/hands-free-no-pull-dog-leash\/#primaryimage"},"image":{"@id":"https:\/\/qqpets.com\/product\/hands-free-no-pull-dog-leash\/#primaryimage"},"thumbnailUrl":"https:\/\/qqpets.com\/wp-content\/uploads\/2024\/03\/1.webp","datePublished":"2024-03-14T02:00:15+00:00","dateModified":"2024-11-11T07:15:16+00:00","description":"Kaufen Sie unsere Hands Free Hundeleine mit Autositzgurt f\u00fcr sichere, sto\u00dfd\u00e4mpfende Spazierg\u00e4nge und Ausl\u00e4ufe. Perfekt f\u00fcr aktive Tierhalter!","breadcrumb":{"@id":"https:\/\/qqpets.com\/product\/hands-free-no-pull-dog-leash\/#breadcrumb"},"inLanguage":"de","potentialAction":[{"@type":"ReadAction","target":["https:\/\/qqpets.com\/product\/hands-free-no-pull-dog-leash\/"]}]},{"@type":"ImageObject","inLanguage":"de","@id":"https:\/\/qqpets.com\/product\/hands-free-no-pull-dog-leash\/#primaryimage","url":"https:\/\/qqpets.com\/wp-content\/uploads\/2024\/03\/1.webp","contentUrl":"https:\/\/qqpets.com\/wp-content\/uploads\/2024\/03\/1.webp","width":1000,"height":1000,"caption":"car sear belt bungee dog leash"},{"@type":"BreadcrumbList","@id":"https:\/\/qqpets.com\/product\/hands-free-no-pull-dog-leash\/#breadcrumb","itemListElement":[{"@type":"ListItem","position":1,"name":"Home","item":"https:\/\/qqpets.com\/"},{"@type":"ListItem","position":2,"name":"Products","item":"https:\/\/qqpets.com\/pet-products-manufacturer\/"},{"@type":"ListItem","position":3,"name":"Hands Free No Pull Dog Leash"}]},{"@type":"WebSite","@id":"https:\/\/qqpets.com\/#website","url":"https:\/\/qqpets.com\/","name":"QQPETS","description":"QQPETS ist eine Fabrik f\u00fcr Haustierprodukte f\u00fcr Hundegeschirre, Hundehalsb\u00e4nder, Hundeleinen und Hundezubeh\u00f6r mit professionellem, individuellem Service seit 2005.","publisher":{"@id":"https:\/\/qqpets.com\/#organization"},"potentialAction":[{"@type":"SearchAction","target":{"@type":"EntryPoint","urlTemplate":"https:\/\/qqpets.com\/?s={search_term_string}"},"query-input":{"@type":"PropertyValueSpecification","valueRequired":true,"valueName":"search_term_string"}}],"inLanguage":"de"},{"@type":"Organization","@id":"https:\/\/qqpets.com\/#organization","name":"QQPETS","url":"https:\/\/qqpets.com\/","logo":{"@type":"ImageObject","inLanguage":"de","@id":"https:\/\/qqpets.com\/#\/schema\/logo\/image\/","url":"https:\/\/qqpets.com\/wp-content\/uploads\/2023\/09\/cropped-cropped-qqpets-tiktok.jpg","contentUrl":"https:\/\/qqpets.com\/wp-content\/uploads\/2023\/09\/cropped-cropped-qqpets-tiktok.jpg","width":511,"height":511,"caption":"QQPETS"},"image":{"@id":"https:\/\/qqpets.com\/#\/schema\/logo\/image\/"},"sameAs":["https:\/\/www.facebook.com\/QQpetsdogcollars","https:\/\/www.instagram.com\/qqpetscollar\/","https:\/\/www.pinterest.com\/qqpetsdogcollarsfactory\/"]}]}},"_links":{"self":[{"href":"https:\/\/qqpets.com\/de\/wp-json\/wp\/v2\/product\/4950","targetHints":{"allow":["GET"]}}],"collection":[{"href":"https:\/\/qqpets.com\/de\/wp-json\/wp\/v2\/product"}],"about":[{"href":"https:\/\/qqpets.com\/de\/wp-json\/wp\/v2\/types\/product"}],"wp:featuredmedia":[{"embeddable":true,"href":"https:\/\/qqpets.com\/de\/wp-json\/wp\/v2\/media\/4951"}],"wp:attachment":[{"href":"https:\/\/qqpets.com\/de\/wp-json\/wp\/v2\/media?parent=4950"}],"wp:term":[{"taxonomy":"product_brand","embeddable":true,"href":"https:\/\/qqpets.com\/de\/wp-json\/wp\/v2\/product_brand?post=4950"},{"taxonomy":"product_cat","embeddable":true,"href":"https:\/\/qqpets.com\/de\/wp-json\/wp\/v2\/product_cat?post=4950"},{"taxonomy":"product_tag","embeddable":true,"href":"https:\/\/qqpets.com\/de\/wp-json\/wp\/v2\/product_tag?post=4950"}],"curies":[{"name":"wp","href":"https:\/\/api.w.org\/{rel}","templated":true}]}}