{"id":7695,"date":"2024-08-31T17:24:16","date_gmt":"2024-08-31T09:24:16","guid":{"rendered":"https:\/\/qqpets.com\/?post_type=product&#038;p=7695"},"modified":"2024-08-31T17:25:22","modified_gmt":"2024-08-31T09:25:22","slug":"mesh-step-in-dog-harness","status":"publish","type":"product","link":"https:\/\/qqpets.com\/de\/produkt\/mesh-step-in-dog-harness\/","title":{"rendered":"Mesh Step in Hundegeschirr"},"content":{"rendered":"<p>Bringen Sie Ihrem Hund Komfort und Bequemlichkeit mit unserem Mesh Step In Hundegeschirr, das f\u00fcr eine m\u00fchelose Passform und au\u00dfergew\u00f6hnliche Atmungsaktivit\u00e4t zugeschnitten ist. Dieses Geschirr wurde entwickelt, um Ihre t\u00e4glichen Ausfl\u00fcge reibungsloser und angenehmer f\u00fcr Sie und Ihren Hund zu gestalten. Dank des Step-In-Designs m\u00fcssen Sie das Geschirr nicht mehr \u00fcber den Kopf Ihres Hundes ziehen, was das Anlegen schnell und stressfrei macht.<\/p>\n<p>Das Geschirr ist aus weichem, leichtem Netzmaterial gefertigt und sorgt daf\u00fcr, dass Ihr Hund auch bei w\u00e4rmerem Wetter k\u00fchl und bequem bleibt. Das atmungsaktive Mesh-Material erm\u00f6glicht eine ausreichende Luftzirkulation, verhindert \u00dcberhitzung und sorgt daf\u00fcr, dass sich Ihr Hund w\u00e4hrend des gesamten Spaziergangs frisch f\u00fchlt.<\/p>\n<p>Die Verstellbarkeit ist der Schl\u00fcssel zu unserem Geschirr. Mit den einfach zu handhabenden Riemen k\u00f6nnen Sie eine individuelle Passform schaffen, die sowohl sicher als auch bequem f\u00fcr Ihren Hund ist. Diese Passform verhindert, dass das Geschirr reibt oder scheuert, und bietet dennoch ausreichend Halt und Kontrolle bei Spazierg\u00e4ngen.<\/p>\n<p>Unser Mesh Step In Hundegeschirr ist nicht nur funktional, sondern auch stilvoll. Es ist in einer Vielzahl von Farben und Gr\u00f6\u00dfen erh\u00e4ltlich und eignet sich perfekt f\u00fcr Haustiere aller Formen und Rassen. Ob f\u00fcr einen kurzen Spaziergang um den Block oder ein l\u00e4ngeres Abenteuer im Park, dieses Geschirr kombiniert Haltbarkeit, Stil und Komfort zu einem unverzichtbaren Accessoire f\u00fcr Ihren Hund.<\/p>\n<p>R\u00fcsten Sie Ihren Hund mit unserem Mesh Step In Hundegeschirr aus, damit er jeden Ausflug mit Komfort und Leichtigkeit genie\u00dfen kann, w\u00e4hrend Sie die Einfachheit und Effektivit\u00e4t eines gut durchdachten Geschirrs genie\u00dfen.<\/p>\n<div class=\"flex max-w-full flex-col flex-grow\">\n<div class=\"min-h-[20px] text-message flex w-full flex-col items-end gap-2 break-words [.text-message+&amp;]:mt-5 overflow-x-auto whitespace-normal\" dir=\"auto\" data-message-author-role=\"assistant\" data-message-id=\"ef04834b-61b9-4d06-98fe-1d0d44d63bf5\">\n<div class=\"flex w-full flex-col gap-1 empty:hidden first:pt-[3px]\">\n<div class=\"markdown prose w-full break-words dark:prose-invert light\">\n<h6><strong>Sind Netzgeschirre gut f\u00fcr Hunde?<\/strong><\/h6>\n<p>Ja, Netzgeschirre sind gut f\u00fcr Hunde, denn sie bieten Atmungsaktivit\u00e4t und Komfort, vor allem in w\u00e4rmeren Klimazonen, und sind gleichzeitig leicht.<\/p>\n<h6><strong>Sind Einsteigegeschirre gut f\u00fcr Hunde?<\/strong><\/h6>\n<p>Ja, Einstiegsgeschirre sind f\u00fcr Hunde von Vorteil, da sie leicht anzulegen sind und den Druck gleichm\u00e4\u00dfig auf Brust und Schultern verteilen, wodurch sie f\u00fcr die meisten Hunde bequem sind.<\/p>\n<h6><strong>K\u00f6nnen Hunde aus dem Schrittgeschirr entkommen?<\/strong><\/h6>\n<p>Wenn das Geschirr nicht richtig angelegt ist, kann der Hund aus dem Geschirr entkommen. Es ist wichtig, dass das Geschirr eng anliegt und richtig eingestellt ist, um ein Entweichen zu verhindern.<\/p>\n<h6><strong>Wie benutzt man ein Einstiegsgeschirr f\u00fcr Hunde?<\/strong><\/h6>\n<p>Legen Sie das Geschirr flach auf den Boden, f\u00fchren Sie die Vorderbeine Ihres Hundes in die \u00d6ffnungen, ziehen Sie das Geschirr dann nach oben und um den Oberk\u00f6rper herum und schlie\u00dfen Sie die Schnalle am R\u00fccken.<\/p>\n<h6><strong>Was ist ein Hundenetz?<\/strong><\/h6>\n<p>Der Begriff \"Hundenetz\" bezieht sich auf eine Art von Gewebe, das in Produkten f\u00fcr Haustiere verwendet wird, insbesondere in Geschirren und Tragesystemen. Es handelt sich dabei um ein atmungsaktives, leichtes Material, das die Luftzirkulation erm\u00f6glicht und somit f\u00fcr den Hund bequem ist.<\/p>\n<h6><strong>Welche Art von Geschirr ist f\u00fcr einen Hund am besten geeignet?<\/strong><\/h6>\n<p>Welche Art von Geschirr f\u00fcr einen Hund am besten geeignet ist, h\u00e4ngt im Allgemeinen von der Gr\u00f6\u00dfe, der Rasse und dem Verhalten des Hundes ab. F\u00fcr die meisten Hunde, insbesondere f\u00fcr solche, die ziehen, ist ein Geschirr ohne Zugfunktion mit einer Frontleinenbefestigung ideal, da es eine bessere Kontrolle w\u00e4hrend des Spaziergangs bietet und den Nacken und R\u00fccken des Hundes entlastet.<\/p>\n<\/div>\n<\/div>\n<\/div>\n<\/div>","protected":false},"excerpt":{"rendered":"<p>Erleben Sie den ultimativen Komfort mit unserem Mesh Step In Hundegeschirr, das f\u00fcr einfaches Tragen und atmungsaktiven Komfort entwickelt wurde. Dieses leichte Geschirr verf\u00fcgt \u00fcber ein Step-in-Design f\u00fcr eine problemlose Anpassung und ein Netzgewebe, das Ihren Hund auch an warmen Tagen k\u00fchl h\u00e4lt. Die verstellbaren Riemen sorgen f\u00fcr eine perfekte Passform, w\u00e4hrend die robuste Konstruktion Zuverl\u00e4ssigkeit bei Spazierg\u00e4ngen bietet. Ideal f\u00fcr aktive Hunde und Besitzer, die Wert auf Bequemlichkeit und Komfort legen.<\/p>","protected":false},"featured_media":7697,"template":"","meta":[],"product_brand":[],"product_cat":[23],"product_tag":[],"class_list":{"0":"post-7695","1":"product","2":"type-product","3":"status-publish","4":"has-post-thumbnail","6":"product_cat-dog-harness","7":"pa_brand-qqpets","9":"first","10":"instock","11":"shipping-taxable","12":"product-type-simple"},"yoast_head":"<!-- This site is optimized with the Yoast SEO plugin v26.6 - https:\/\/yoast.com\/wordpress\/plugins\/seo\/ -->\n<title>Mesh Step in Dog Harness | QQPETS<\/title>\n<meta name=\"description\" content=\"Explore our Mesh Step In Dog Harness for breathable comfort. Perfect fit, easy to use. Shop now for quality!\" \/>\n<meta name=\"robots\" content=\"index, follow, max-snippet:-1, max-image-preview:large, max-video-preview:-1\" \/>\n<link rel=\"canonical\" href=\"https:\/\/qqpets.com\/de\/produkt\/mesh-step-in-dog-harness\/\" \/>\n<meta property=\"og:locale\" content=\"de_DE\" \/>\n<meta property=\"og:type\" content=\"article\" \/>\n<meta property=\"og:title\" content=\"Mesh Step in Dog Harness | QQPETS\" \/>\n<meta property=\"og:description\" content=\"Explore our Mesh Step In Dog Harness for breathable comfort. Perfect fit, easy to use. Shop now for quality!\" \/>\n<meta property=\"og:url\" content=\"https:\/\/qqpets.com\/de\/produkt\/mesh-step-in-dog-harness\/\" \/>\n<meta property=\"og:site_name\" content=\"QQPETS\" \/>\n<meta property=\"article:publisher\" content=\"https:\/\/www.facebook.com\/QQpetsdogcollars\" \/>\n<meta property=\"article:modified_time\" content=\"2024-08-31T09:25:22+00:00\" \/>\n<meta property=\"og:image\" content=\"https:\/\/qqpets.com\/wp-content\/uploads\/2024\/08\/step-in-dog-harness1.webp\" \/>\n\t<meta property=\"og:image:width\" content=\"1600\" \/>\n\t<meta property=\"og:image:height\" content=\"1600\" \/>\n\t<meta property=\"og:image:type\" content=\"image\/webp\" \/>\n<meta name=\"twitter:card\" content=\"summary_large_image\" \/>\n<meta name=\"twitter:label1\" content=\"Gesch\u00e4tzte Lesezeit\" \/>\n\t<meta name=\"twitter:data1\" content=\"3\u00a0Minuten\" \/>\n<script type=\"application\/ld+json\" class=\"yoast-schema-graph\">{\"@context\":\"https:\/\/schema.org\",\"@graph\":[{\"@type\":\"WebPage\",\"@id\":\"https:\/\/qqpets.com\/product\/mesh-step-in-dog-harness\/\",\"url\":\"https:\/\/qqpets.com\/product\/mesh-step-in-dog-harness\/\",\"name\":\"Mesh Step in Dog Harness | QQPETS\",\"isPartOf\":{\"@id\":\"https:\/\/qqpets.com\/#website\"},\"primaryImageOfPage\":{\"@id\":\"https:\/\/qqpets.com\/product\/mesh-step-in-dog-harness\/#primaryimage\"},\"image\":{\"@id\":\"https:\/\/qqpets.com\/product\/mesh-step-in-dog-harness\/#primaryimage\"},\"thumbnailUrl\":\"https:\/\/qqpets.com\/wp-content\/uploads\/2024\/08\/step-in-dog-harness1.webp\",\"datePublished\":\"2024-08-31T09:24:16+00:00\",\"dateModified\":\"2024-08-31T09:25:22+00:00\",\"description\":\"Explore our Mesh Step In Dog Harness for breathable comfort. Perfect fit, easy to use. Shop now for quality!\",\"breadcrumb\":{\"@id\":\"https:\/\/qqpets.com\/product\/mesh-step-in-dog-harness\/#breadcrumb\"},\"inLanguage\":\"de\",\"potentialAction\":[{\"@type\":\"ReadAction\",\"target\":[\"https:\/\/qqpets.com\/product\/mesh-step-in-dog-harness\/\"]}]},{\"@type\":\"ImageObject\",\"inLanguage\":\"de\",\"@id\":\"https:\/\/qqpets.com\/product\/mesh-step-in-dog-harness\/#primaryimage\",\"url\":\"https:\/\/qqpets.com\/wp-content\/uploads\/2024\/08\/step-in-dog-harness1.webp\",\"contentUrl\":\"https:\/\/qqpets.com\/wp-content\/uploads\/2024\/08\/step-in-dog-harness1.webp\",\"width\":1600,\"height\":1600},{\"@type\":\"BreadcrumbList\",\"@id\":\"https:\/\/qqpets.com\/product\/mesh-step-in-dog-harness\/#breadcrumb\",\"itemListElement\":[{\"@type\":\"ListItem\",\"position\":1,\"name\":\"Home\",\"item\":\"https:\/\/qqpets.com\/\"},{\"@type\":\"ListItem\",\"position\":2,\"name\":\"Products\",\"item\":\"https:\/\/qqpets.com\/pet-products-manufacturer\/\"},{\"@type\":\"ListItem\",\"position\":3,\"name\":\"Mesh Step in Dog Harness\"}]},{\"@type\":\"WebSite\",\"@id\":\"https:\/\/qqpets.com\/#website\",\"url\":\"https:\/\/qqpets.com\/\",\"name\":\"QQPETS\",\"description\":\"QQPETS is a pet products factory for dog harnesses, dog collars, dog leashes and dog accessories with professional customized service since 2005.\",\"publisher\":{\"@id\":\"https:\/\/qqpets.com\/#organization\"},\"potentialAction\":[{\"@type\":\"SearchAction\",\"target\":{\"@type\":\"EntryPoint\",\"urlTemplate\":\"https:\/\/qqpets.com\/?s={search_term_string}\"},\"query-input\":{\"@type\":\"PropertyValueSpecification\",\"valueRequired\":true,\"valueName\":\"search_term_string\"}}],\"inLanguage\":\"de\"},{\"@type\":\"Organization\",\"@id\":\"https:\/\/qqpets.com\/#organization\",\"name\":\"QQPETS\",\"url\":\"https:\/\/qqpets.com\/\",\"logo\":{\"@type\":\"ImageObject\",\"inLanguage\":\"de\",\"@id\":\"https:\/\/qqpets.com\/#\/schema\/logo\/image\/\",\"url\":\"https:\/\/qqpets.com\/wp-content\/uploads\/2023\/09\/cropped-cropped-qqpets-tiktok.jpg\",\"contentUrl\":\"https:\/\/qqpets.com\/wp-content\/uploads\/2023\/09\/cropped-cropped-qqpets-tiktok.jpg\",\"width\":511,\"height\":511,\"caption\":\"QQPETS\"},\"image\":{\"@id\":\"https:\/\/qqpets.com\/#\/schema\/logo\/image\/\"},\"sameAs\":[\"https:\/\/www.facebook.com\/QQpetsdogcollars\",\"https:\/\/www.instagram.com\/qqpetscollar\/\",\"https:\/\/www.pinterest.com\/qqpetsdogcollarsfactory\/\"]}]}<\/script>\n<!-- \/ Yoast SEO plugin. -->","yoast_head_json":{"title":"Mesh Schritt in Hundegeschirr | QQPETS","description":"Entdecken Sie unser Mesh Step In Hundegeschirr f\u00fcr atmungsaktiven Komfort. Perfekte Passform, einfach zu bedienen. Kaufen Sie jetzt f\u00fcr Qualit\u00e4t!","robots":{"index":"index","follow":"follow","max-snippet":"max-snippet:-1","max-image-preview":"max-image-preview:large","max-video-preview":"max-video-preview:-1"},"canonical":"https:\/\/qqpets.com\/de\/produkt\/mesh-step-in-dog-harness\/","og_locale":"de_DE","og_type":"article","og_title":"Mesh Step in Dog Harness | QQPETS","og_description":"Explore our Mesh Step In Dog Harness for breathable comfort. Perfect fit, easy to use. Shop now for quality!","og_url":"https:\/\/qqpets.com\/de\/produkt\/mesh-step-in-dog-harness\/","og_site_name":"QQPETS","article_publisher":"https:\/\/www.facebook.com\/QQpetsdogcollars","article_modified_time":"2024-08-31T09:25:22+00:00","og_image":[{"width":1600,"height":1600,"url":"https:\/\/qqpets.com\/wp-content\/uploads\/2024\/08\/step-in-dog-harness1.webp","type":"image\/webp"}],"twitter_card":"summary_large_image","twitter_misc":{"Gesch\u00e4tzte Lesezeit":"3\u00a0Minuten"},"schema":{"@context":"https:\/\/schema.org","@graph":[{"@type":"WebPage","@id":"https:\/\/qqpets.com\/product\/mesh-step-in-dog-harness\/","url":"https:\/\/qqpets.com\/product\/mesh-step-in-dog-harness\/","name":"Mesh Schritt in Hundegeschirr | QQPETS","isPartOf":{"@id":"https:\/\/qqpets.com\/#website"},"primaryImageOfPage":{"@id":"https:\/\/qqpets.com\/product\/mesh-step-in-dog-harness\/#primaryimage"},"image":{"@id":"https:\/\/qqpets.com\/product\/mesh-step-in-dog-harness\/#primaryimage"},"thumbnailUrl":"https:\/\/qqpets.com\/wp-content\/uploads\/2024\/08\/step-in-dog-harness1.webp","datePublished":"2024-08-31T09:24:16+00:00","dateModified":"2024-08-31T09:25:22+00:00","description":"Entdecken Sie unser Mesh Step In Hundegeschirr f\u00fcr atmungsaktiven Komfort. Perfekte Passform, einfach zu bedienen. Kaufen Sie jetzt f\u00fcr Qualit\u00e4t!","breadcrumb":{"@id":"https:\/\/qqpets.com\/product\/mesh-step-in-dog-harness\/#breadcrumb"},"inLanguage":"de","potentialAction":[{"@type":"ReadAction","target":["https:\/\/qqpets.com\/product\/mesh-step-in-dog-harness\/"]}]},{"@type":"ImageObject","inLanguage":"de","@id":"https:\/\/qqpets.com\/product\/mesh-step-in-dog-harness\/#primaryimage","url":"https:\/\/qqpets.com\/wp-content\/uploads\/2024\/08\/step-in-dog-harness1.webp","contentUrl":"https:\/\/qqpets.com\/wp-content\/uploads\/2024\/08\/step-in-dog-harness1.webp","width":1600,"height":1600},{"@type":"BreadcrumbList","@id":"https:\/\/qqpets.com\/product\/mesh-step-in-dog-harness\/#breadcrumb","itemListElement":[{"@type":"ListItem","position":1,"name":"Home","item":"https:\/\/qqpets.com\/"},{"@type":"ListItem","position":2,"name":"Products","item":"https:\/\/qqpets.com\/pet-products-manufacturer\/"},{"@type":"ListItem","position":3,"name":"Mesh Step in Dog Harness"}]},{"@type":"WebSite","@id":"https:\/\/qqpets.com\/#website","url":"https:\/\/qqpets.com\/","name":"QQPETS","description":"QQPETS ist eine Fabrik f\u00fcr Haustierprodukte f\u00fcr Hundegeschirre, Hundehalsb\u00e4nder, Hundeleinen und Hundezubeh\u00f6r mit professionellem, individuellem Service seit 2005.","publisher":{"@id":"https:\/\/qqpets.com\/#organization"},"potentialAction":[{"@type":"SearchAction","target":{"@type":"EntryPoint","urlTemplate":"https:\/\/qqpets.com\/?s={search_term_string}"},"query-input":{"@type":"PropertyValueSpecification","valueRequired":true,"valueName":"search_term_string"}}],"inLanguage":"de"},{"@type":"Organization","@id":"https:\/\/qqpets.com\/#organization","name":"QQPETS","url":"https:\/\/qqpets.com\/","logo":{"@type":"ImageObject","inLanguage":"de","@id":"https:\/\/qqpets.com\/#\/schema\/logo\/image\/","url":"https:\/\/qqpets.com\/wp-content\/uploads\/2023\/09\/cropped-cropped-qqpets-tiktok.jpg","contentUrl":"https:\/\/qqpets.com\/wp-content\/uploads\/2023\/09\/cropped-cropped-qqpets-tiktok.jpg","width":511,"height":511,"caption":"QQPETS"},"image":{"@id":"https:\/\/qqpets.com\/#\/schema\/logo\/image\/"},"sameAs":["https:\/\/www.facebook.com\/QQpetsdogcollars","https:\/\/www.instagram.com\/qqpetscollar\/","https:\/\/www.pinterest.com\/qqpetsdogcollarsfactory\/"]}]}},"_links":{"self":[{"href":"https:\/\/qqpets.com\/de\/wp-json\/wp\/v2\/product\/7695","targetHints":{"allow":["GET"]}}],"collection":[{"href":"https:\/\/qqpets.com\/de\/wp-json\/wp\/v2\/product"}],"about":[{"href":"https:\/\/qqpets.com\/de\/wp-json\/wp\/v2\/types\/product"}],"wp:featuredmedia":[{"embeddable":true,"href":"https:\/\/qqpets.com\/de\/wp-json\/wp\/v2\/media\/7697"}],"wp:attachment":[{"href":"https:\/\/qqpets.com\/de\/wp-json\/wp\/v2\/media?parent=7695"}],"wp:term":[{"taxonomy":"product_brand","embeddable":true,"href":"https:\/\/qqpets.com\/de\/wp-json\/wp\/v2\/product_brand?post=7695"},{"taxonomy":"product_cat","embeddable":true,"href":"https:\/\/qqpets.com\/de\/wp-json\/wp\/v2\/product_cat?post=7695"},{"taxonomy":"product_tag","embeddable":true,"href":"https:\/\/qqpets.com\/de\/wp-json\/wp\/v2\/product_tag?post=7695"}],"curies":[{"name":"wp","href":"https:\/\/api.w.org\/{rel}","templated":true}]}}