{"id":7748,"date":"2024-09-02T15:40:07","date_gmt":"2024-09-02T07:40:07","guid":{"rendered":"https:\/\/qqpets.com\/?post_type=product&#038;p=7748"},"modified":"2024-09-03T16:47:29","modified_gmt":"2024-09-03T08:47:29","slug":"reflective-dog-collar","status":"publish","type":"product","link":"https:\/\/qqpets.com\/de\/produkt\/reflective-dog-collar\/","title":{"rendered":"Reflektierendes Hundehalsband"},"content":{"rendered":"<p>Wir stellen unser reflektierendes Hundehalsband vor, ein unverzichtbares Sicherheitszubeh\u00f6r f\u00fcr jedes Haustier, das am Abend oder am fr\u00fchen Morgen aktiv ist. Dieses Halsband wurde entwickelt, um die Sichtbarkeit Ihres Hundes bei schlechten Lichtverh\u00e4ltnissen zu maximieren. Das hochwertige, reflektierende Material f\u00e4ngt das Licht von Stra\u00dfenlaternen und Scheinwerfern ein und sorgt daf\u00fcr, dass Ihr Hund schon von weitem gesehen wird.<\/p>\n<p>Das Halsband ist aus strapazierf\u00e4higen, hochfesten Materialien gefertigt und h\u00e4lt den Strapazen des t\u00e4glichen Gebrauchs stand, ohne an Komfort einzub\u00fc\u00dfen. Das verstellbare Design erm\u00f6glicht eine individuelle Passform und sorgt daf\u00fcr, dass das Halsband eng anliegt und dennoch bequem f\u00fcr Ihren Hund ist, um ein Verrutschen und Scheuern zu verhindern.<\/p>\n<p>Zus\u00e4tzlich zu seinen reflektierenden Eigenschaften ist dieses Halsband mit einer strapazierf\u00e4higen Schnalle f\u00fcr einen sicheren Verschluss und einem robusten D-Ring f\u00fcr eine zuverl\u00e4ssige Leinenbefestigung ausgestattet. Ob bei einem gem\u00fctlichen Abendspaziergang oder einer Joggingrunde am fr\u00fchen Morgen, dieses Halsband sorgt daf\u00fcr, dass Ihr Haustier immer sichtbar und sicher ist.<\/p>\n<p>Unser reflektierendes Hundehalsband ist nicht nur funktional, sondern auch stilvoll. Es ist in einer Vielzahl von Farben erh\u00e4ltlich, so dass Sie die perfekte Kombination f\u00fcr die Pers\u00f6nlichkeit und den Stil Ihres Hundes w\u00e4hlen k\u00f6nnen, was es zu einer gro\u00dfartigen Erg\u00e4nzung seiner Garderobe macht. Es ist die ideale Wahl f\u00fcr alle, die die Sicherheit ihres Hundes bei seinen t\u00e4glichen Aktivit\u00e4ten erh\u00f6hen m\u00f6chten und bietet eine Mischung aus Sicherheit, Stil und Seelenfrieden.<\/p>\n<h5><strong>Sind reflektierende Halsb\u00e4nder gut f\u00fcr Hunde?<\/strong><\/h5>\n<p>Ja, reflektierende Halsb\u00e4nder sind gut f\u00fcr Hunde, da sie die Sichtbarkeit bei schlechten Lichtverh\u00e4ltnissen, z. B. bei abendlichen Spazierg\u00e4ngen oder bei Nebel, verbessern und die Sicherheit erh\u00f6hen, da der Hund f\u00fcr Autofahrer und andere Personen besser sichtbar ist.<\/p>\n<h5><strong>Kann man ein Hundehalsband reflektierend gestalten?<\/strong><\/h5>\n<p>Ja, Sie k\u00f6nnen ein Hundehalsband reflektierend machen, indem Sie reflektierendes Klebeband anbringen oder ansteckbare Lichter oder reflektierende Anh\u00e4nger kaufen, die am Halsband befestigt werden.<\/p>\n<h5><strong>Sind leuchtende Hundehalsb\u00e4nder sicher?<\/strong><\/h5>\n<p>Ja, beleuchtete Hundehalsb\u00e4nder sind im Allgemeinen sicher. Sie tragen dazu bei, dass Ihr Hund bei Dunkelheit sichtbar bleibt. Achten Sie jedoch darauf, dass das Halsband richtig angelegt ist, die Leuchtkomponenten sicher befestigt sind und das Batteriegeh\u00e4use wasserdicht und manipulationssicher ist, damit Ihr Hund keinen Zugang zu den Batterien hat.<\/p>\n<h5><strong>Lohnen sich Peilsender f\u00fcr Hunde?<\/strong><\/h5>\n<p>Hundeortungshalsb\u00e4nder k\u00f6nnen sich lohnen, vor allem f\u00fcr Tierhalter, die in l\u00e4ndlichen Gebieten leben oder deren Hunde dazu neigen, umherzustreifen oder zu entkommen. Diese Halsb\u00e4nder nutzen GPS oder andere Technologien, um Ihren Hund zu orten, wenn er sich verirrt hat.<\/p>\n<h5><strong>Ist es in Ordnung, wenn Hunde st\u00e4ndig Halsb\u00e4nder tragen?<\/strong><\/h5>\n<p>Im Allgemeinen ist es f\u00fcr Hunde unbedenklich, Halsb\u00e4nder st\u00e4ndig zu tragen, solange das Halsband gut sitzt, bequem ist und aus nicht reizendem Material besteht. Es ist jedoch wichtig, das Halsband gelegentlich auf Anzeichen von Abnutzung oder Reizung zu \u00fcberpr\u00fcfen und es in einer sicheren, geschlossenen Umgebung abzunehmen, wenn die Gefahr besteht, dass es sich verheddert.<\/p>\n<h5><strong>Welches ist das beste Halsband f\u00fcr einen Hund?<\/strong><\/h5>\n<p>Welches Halsband f\u00fcr einen Hund am besten geeignet ist, h\u00e4ngt von den spezifischen Bed\u00fcrfnissen und Aktivit\u00e4ten des Hundes ab. F\u00fcr den allgemeinen Gebrauch wird h\u00e4ufig ein flaches, verstellbares Halsband aus Nylon oder Leder empfohlen, da es haltbar, bequem und einfach zu handhaben ist. Es sollte eine sichere Schnalle und einen Ring zum Anbringen von Erkennungsmarken und einer Leine haben.<\/p>","protected":false},"excerpt":{"rendered":"<p>Erh\u00f6hen Sie die Sicherheit Ihres Hundes in der Nacht mit unserem reflektierenden Hundehalsband. Dieses Halsband wurde f\u00fcr hohe Sichtbarkeit entwickelt und verf\u00fcgt \u00fcber helles, reflektierendes Material, das daf\u00fcr sorgt, dass Ihr Hund auch bei schlechten Lichtverh\u00e4ltnissen gesehen wird. Es ist f\u00fcr eine perfekte Passform verstellbar und aus langlebigen Materialien gefertigt. Das Halsband ist ideal f\u00fcr abendliche Spazierg\u00e4nge und verbindet Sicherheit mit Komfort, sodass Sie sich bei jedem Spaziergang sicher f\u00fchlen k\u00f6nnen.<\/p>","protected":false},"featured_media":7673,"template":"","meta":[],"product_brand":[],"product_cat":[26],"product_tag":[],"class_list":{"0":"post-7748","1":"product","2":"type-product","3":"status-publish","4":"has-post-thumbnail","6":"product_cat-dog-collar","7":"pa_brand-qqpets","9":"first","10":"instock","11":"shipping-taxable","12":"product-type-simple"},"yoast_head":"<!-- This site is optimized with the Yoast SEO plugin v26.6 - https:\/\/yoast.com\/wordpress\/plugins\/seo\/ -->\n<title>Reflective Dog Collar | QQPETS<\/title>\n<meta name=\"description\" content=\"Boost nighttime safety with our Reflective Dog Collar. High visibility for evening walks. Secure and stylish!\" \/>\n<meta name=\"robots\" content=\"index, follow, max-snippet:-1, max-image-preview:large, max-video-preview:-1\" \/>\n<link rel=\"canonical\" href=\"https:\/\/qqpets.com\/de\/produkt\/reflective-dog-collar\/\" \/>\n<meta property=\"og:locale\" content=\"de_DE\" \/>\n<meta property=\"og:type\" content=\"article\" \/>\n<meta property=\"og:title\" content=\"Reflective Dog Collar | QQPETS\" \/>\n<meta property=\"og:description\" content=\"Boost nighttime safety with our Reflective Dog Collar. High visibility for evening walks. Secure and stylish!\" \/>\n<meta property=\"og:url\" content=\"https:\/\/qqpets.com\/de\/produkt\/reflective-dog-collar\/\" \/>\n<meta property=\"og:site_name\" content=\"QQPETS\" \/>\n<meta property=\"article:publisher\" content=\"https:\/\/www.facebook.com\/QQpetsdogcollars\" \/>\n<meta property=\"article:modified_time\" content=\"2024-09-03T08:47:29+00:00\" \/>\n<meta property=\"og:image\" content=\"https:\/\/qqpets.com\/wp-content\/uploads\/2024\/08\/Adjustable-Print-Basic-Dog-Collar-1.webp\" \/>\n\t<meta property=\"og:image:width\" content=\"1600\" \/>\n\t<meta property=\"og:image:height\" content=\"1600\" \/>\n\t<meta property=\"og:image:type\" content=\"image\/webp\" \/>\n<meta name=\"twitter:card\" content=\"summary_large_image\" \/>\n<meta name=\"twitter:label1\" content=\"Gesch\u00e4tzte Lesezeit\" \/>\n\t<meta name=\"twitter:data1\" content=\"3\u00a0Minuten\" \/>\n<script type=\"application\/ld+json\" class=\"yoast-schema-graph\">{\"@context\":\"https:\/\/schema.org\",\"@graph\":[{\"@type\":\"WebPage\",\"@id\":\"https:\/\/qqpets.com\/product\/reflective-dog-collar\/\",\"url\":\"https:\/\/qqpets.com\/product\/reflective-dog-collar\/\",\"name\":\"Reflective Dog Collar | QQPETS\",\"isPartOf\":{\"@id\":\"https:\/\/qqpets.com\/#website\"},\"primaryImageOfPage\":{\"@id\":\"https:\/\/qqpets.com\/product\/reflective-dog-collar\/#primaryimage\"},\"image\":{\"@id\":\"https:\/\/qqpets.com\/product\/reflective-dog-collar\/#primaryimage\"},\"thumbnailUrl\":\"https:\/\/qqpets.com\/wp-content\/uploads\/2024\/08\/Adjustable-Print-Basic-Dog-Collar-1.webp\",\"datePublished\":\"2024-09-02T07:40:07+00:00\",\"dateModified\":\"2024-09-03T08:47:29+00:00\",\"description\":\"Boost nighttime safety with our Reflective Dog Collar. High visibility for evening walks. Secure and stylish!\",\"breadcrumb\":{\"@id\":\"https:\/\/qqpets.com\/product\/reflective-dog-collar\/#breadcrumb\"},\"inLanguage\":\"de\",\"potentialAction\":[{\"@type\":\"ReadAction\",\"target\":[\"https:\/\/qqpets.com\/product\/reflective-dog-collar\/\"]}]},{\"@type\":\"ImageObject\",\"inLanguage\":\"de\",\"@id\":\"https:\/\/qqpets.com\/product\/reflective-dog-collar\/#primaryimage\",\"url\":\"https:\/\/qqpets.com\/wp-content\/uploads\/2024\/08\/Adjustable-Print-Basic-Dog-Collar-1.webp\",\"contentUrl\":\"https:\/\/qqpets.com\/wp-content\/uploads\/2024\/08\/Adjustable-Print-Basic-Dog-Collar-1.webp\",\"width\":1600,\"height\":1600},{\"@type\":\"BreadcrumbList\",\"@id\":\"https:\/\/qqpets.com\/product\/reflective-dog-collar\/#breadcrumb\",\"itemListElement\":[{\"@type\":\"ListItem\",\"position\":1,\"name\":\"Home\",\"item\":\"https:\/\/qqpets.com\/\"},{\"@type\":\"ListItem\",\"position\":2,\"name\":\"Products\",\"item\":\"https:\/\/qqpets.com\/pet-products-manufacturer\/\"},{\"@type\":\"ListItem\",\"position\":3,\"name\":\"Reflective Dog Collar\"}]},{\"@type\":\"WebSite\",\"@id\":\"https:\/\/qqpets.com\/#website\",\"url\":\"https:\/\/qqpets.com\/\",\"name\":\"QQPETS\",\"description\":\"QQPETS is a pet products factory for dog harnesses, dog collars, dog leashes and dog accessories with professional customized service since 2005.\",\"publisher\":{\"@id\":\"https:\/\/qqpets.com\/#organization\"},\"potentialAction\":[{\"@type\":\"SearchAction\",\"target\":{\"@type\":\"EntryPoint\",\"urlTemplate\":\"https:\/\/qqpets.com\/?s={search_term_string}\"},\"query-input\":{\"@type\":\"PropertyValueSpecification\",\"valueRequired\":true,\"valueName\":\"search_term_string\"}}],\"inLanguage\":\"de\"},{\"@type\":\"Organization\",\"@id\":\"https:\/\/qqpets.com\/#organization\",\"name\":\"QQPETS\",\"url\":\"https:\/\/qqpets.com\/\",\"logo\":{\"@type\":\"ImageObject\",\"inLanguage\":\"de\",\"@id\":\"https:\/\/qqpets.com\/#\/schema\/logo\/image\/\",\"url\":\"https:\/\/qqpets.com\/wp-content\/uploads\/2023\/09\/cropped-cropped-qqpets-tiktok.jpg\",\"contentUrl\":\"https:\/\/qqpets.com\/wp-content\/uploads\/2023\/09\/cropped-cropped-qqpets-tiktok.jpg\",\"width\":511,\"height\":511,\"caption\":\"QQPETS\"},\"image\":{\"@id\":\"https:\/\/qqpets.com\/#\/schema\/logo\/image\/\"},\"sameAs\":[\"https:\/\/www.facebook.com\/QQpetsdogcollars\",\"https:\/\/www.instagram.com\/qqpetscollar\/\",\"https:\/\/www.pinterest.com\/qqpetsdogcollarsfactory\/\"]}]}<\/script>\n<!-- \/ Yoast SEO plugin. -->","yoast_head_json":{"title":"Reflektierendes Hundehalsband | QQPETS","description":"Erh\u00f6hen Sie die Sicherheit in der Nacht mit unserem reflektierenden Hundehalsband. Hohe Sichtbarkeit f\u00fcr abendliche Spazierg\u00e4nge. Sicher und stilvoll!","robots":{"index":"index","follow":"follow","max-snippet":"max-snippet:-1","max-image-preview":"max-image-preview:large","max-video-preview":"max-video-preview:-1"},"canonical":"https:\/\/qqpets.com\/de\/produkt\/reflective-dog-collar\/","og_locale":"de_DE","og_type":"article","og_title":"Reflective Dog Collar | QQPETS","og_description":"Boost nighttime safety with our Reflective Dog Collar. High visibility for evening walks. Secure and stylish!","og_url":"https:\/\/qqpets.com\/de\/produkt\/reflective-dog-collar\/","og_site_name":"QQPETS","article_publisher":"https:\/\/www.facebook.com\/QQpetsdogcollars","article_modified_time":"2024-09-03T08:47:29+00:00","og_image":[{"width":1600,"height":1600,"url":"https:\/\/qqpets.com\/wp-content\/uploads\/2024\/08\/Adjustable-Print-Basic-Dog-Collar-1.webp","type":"image\/webp"}],"twitter_card":"summary_large_image","twitter_misc":{"Gesch\u00e4tzte Lesezeit":"3\u00a0Minuten"},"schema":{"@context":"https:\/\/schema.org","@graph":[{"@type":"WebPage","@id":"https:\/\/qqpets.com\/product\/reflective-dog-collar\/","url":"https:\/\/qqpets.com\/product\/reflective-dog-collar\/","name":"Reflektierendes Hundehalsband | QQPETS","isPartOf":{"@id":"https:\/\/qqpets.com\/#website"},"primaryImageOfPage":{"@id":"https:\/\/qqpets.com\/product\/reflective-dog-collar\/#primaryimage"},"image":{"@id":"https:\/\/qqpets.com\/product\/reflective-dog-collar\/#primaryimage"},"thumbnailUrl":"https:\/\/qqpets.com\/wp-content\/uploads\/2024\/08\/Adjustable-Print-Basic-Dog-Collar-1.webp","datePublished":"2024-09-02T07:40:07+00:00","dateModified":"2024-09-03T08:47:29+00:00","description":"Erh\u00f6hen Sie die Sicherheit in der Nacht mit unserem reflektierenden Hundehalsband. Hohe Sichtbarkeit f\u00fcr abendliche Spazierg\u00e4nge. Sicher und stilvoll!","breadcrumb":{"@id":"https:\/\/qqpets.com\/product\/reflective-dog-collar\/#breadcrumb"},"inLanguage":"de","potentialAction":[{"@type":"ReadAction","target":["https:\/\/qqpets.com\/product\/reflective-dog-collar\/"]}]},{"@type":"ImageObject","inLanguage":"de","@id":"https:\/\/qqpets.com\/product\/reflective-dog-collar\/#primaryimage","url":"https:\/\/qqpets.com\/wp-content\/uploads\/2024\/08\/Adjustable-Print-Basic-Dog-Collar-1.webp","contentUrl":"https:\/\/qqpets.com\/wp-content\/uploads\/2024\/08\/Adjustable-Print-Basic-Dog-Collar-1.webp","width":1600,"height":1600},{"@type":"BreadcrumbList","@id":"https:\/\/qqpets.com\/product\/reflective-dog-collar\/#breadcrumb","itemListElement":[{"@type":"ListItem","position":1,"name":"Home","item":"https:\/\/qqpets.com\/"},{"@type":"ListItem","position":2,"name":"Products","item":"https:\/\/qqpets.com\/pet-products-manufacturer\/"},{"@type":"ListItem","position":3,"name":"Reflective Dog Collar"}]},{"@type":"WebSite","@id":"https:\/\/qqpets.com\/#website","url":"https:\/\/qqpets.com\/","name":"QQPETS","description":"QQPETS ist eine Fabrik f\u00fcr Haustierprodukte f\u00fcr Hundegeschirre, Hundehalsb\u00e4nder, Hundeleinen und Hundezubeh\u00f6r mit professionellem, individuellem Service seit 2005.","publisher":{"@id":"https:\/\/qqpets.com\/#organization"},"potentialAction":[{"@type":"SearchAction","target":{"@type":"EntryPoint","urlTemplate":"https:\/\/qqpets.com\/?s={search_term_string}"},"query-input":{"@type":"PropertyValueSpecification","valueRequired":true,"valueName":"search_term_string"}}],"inLanguage":"de"},{"@type":"Organization","@id":"https:\/\/qqpets.com\/#organization","name":"QQPETS","url":"https:\/\/qqpets.com\/","logo":{"@type":"ImageObject","inLanguage":"de","@id":"https:\/\/qqpets.com\/#\/schema\/logo\/image\/","url":"https:\/\/qqpets.com\/wp-content\/uploads\/2023\/09\/cropped-cropped-qqpets-tiktok.jpg","contentUrl":"https:\/\/qqpets.com\/wp-content\/uploads\/2023\/09\/cropped-cropped-qqpets-tiktok.jpg","width":511,"height":511,"caption":"QQPETS"},"image":{"@id":"https:\/\/qqpets.com\/#\/schema\/logo\/image\/"},"sameAs":["https:\/\/www.facebook.com\/QQpetsdogcollars","https:\/\/www.instagram.com\/qqpetscollar\/","https:\/\/www.pinterest.com\/qqpetsdogcollarsfactory\/"]}]}},"_links":{"self":[{"href":"https:\/\/qqpets.com\/de\/wp-json\/wp\/v2\/product\/7748","targetHints":{"allow":["GET"]}}],"collection":[{"href":"https:\/\/qqpets.com\/de\/wp-json\/wp\/v2\/product"}],"about":[{"href":"https:\/\/qqpets.com\/de\/wp-json\/wp\/v2\/types\/product"}],"wp:featuredmedia":[{"embeddable":true,"href":"https:\/\/qqpets.com\/de\/wp-json\/wp\/v2\/media\/7673"}],"wp:attachment":[{"href":"https:\/\/qqpets.com\/de\/wp-json\/wp\/v2\/media?parent=7748"}],"wp:term":[{"taxonomy":"product_brand","embeddable":true,"href":"https:\/\/qqpets.com\/de\/wp-json\/wp\/v2\/product_brand?post=7748"},{"taxonomy":"product_cat","embeddable":true,"href":"https:\/\/qqpets.com\/de\/wp-json\/wp\/v2\/product_cat?post=7748"},{"taxonomy":"product_tag","embeddable":true,"href":"https:\/\/qqpets.com\/de\/wp-json\/wp\/v2\/product_tag?post=7748"}],"curies":[{"name":"wp","href":"https:\/\/api.w.org\/{rel}","templated":true}]}}