{"id":7780,"date":"2024-09-02T17:55:49","date_gmt":"2024-09-02T09:55:49","guid":{"rendered":"https:\/\/qqpets.com\/?post_type=product&#038;p=7780"},"modified":"2024-09-24T17:44:04","modified_gmt":"2024-09-24T09:44:04","slug":"gentle-leader-no-pull-dog-head-collar","status":"publish","type":"product","link":"https:\/\/qqpets.com\/de\/produkt\/gentle-leader-no-pull-dog-head-collar\/","title":{"rendered":"Gentle Leader No Pull Hundekopfhalsband"},"content":{"rendered":"<p>F\u00fchren Sie eine Revolution im Training und beim Gassigehen mit Ihrem Hund ein - mit unserem Gentle Leader No Pull Hundehalsband. Dieses innovative Ger\u00e4t wurde speziell entwickelt, um eine sofortige, sanfte Kontrolle ohne Gewaltanwendung zu erm\u00f6glichen. Indem es den Kopf Ihres Hundes lenkt, f\u00fchrt es seinen K\u00f6rper auf nat\u00fcrliche Weise, verhindert das Ziehen und gibt Ihnen die vollst\u00e4ndige Kontrolle bei Spazierg\u00e4ngen, Trainingseinheiten oder bei aggressivem Verhalten.<\/p>\n<p>Im Gegensatz zu herk\u00f6mmlichen Halsb\u00e4ndern \u00fcbt das Gentle Leader Head Collar Druck auf den Nacken und nicht auf den Hals aus, was f\u00fcr Ihren Hund humaner und schmerzfreier ist. Die Nasenschlaufe ist gepolstert, um maximalen Komfort zu gew\u00e4hrleisten und Irritationen oder Unbehagen zu vermeiden.<\/p>\n<p>Dieses Halsband ist besonders effektiv f\u00fcr Hunde, die aggressiv ziehen oder leicht abzulenken sind. Es erm\u00f6glicht Ihnen, sie mit minimalem Aufwand in die gew\u00fcnschte Richtung zu lenken und ihre Aufmerksamkeit wieder auf Sie zu lenken. Es wird von Tier\u00e4rzten und Trainern als sichere und effektive Methode zur Kontrolle von Hunden empfohlen, ohne Stress oder Angst zu verursachen.<\/p>\n<p>Der Gentle Leader ist leicht anzupassen und kann auf alle Gr\u00f6\u00dfen und Rassen eingestellt werden. Das Design sorgt daf\u00fcr, dass es an Ort und Stelle bleibt, ohne zu verrutschen oder unn\u00f6tig festzuziehen, was f\u00fcr eine effektive Kommunikation und Kontrolle unerl\u00e4sslich ist.<\/p>\n<p>Egal, ob Sie mit einem Welpen zu tun haben, der lernt, an der Leine zu gehen, oder mit einem erwachsenen Hund mit Verhaltensproblemen, unser Gentle Leader No Pull Hundehalsband ist ein unsch\u00e4tzbares Hilfsmittel, um ein positives Spaziergangserlebnis zu f\u00f6rdern. Es f\u00f6rdert das h\u00f6fliche Gehen und hilft bei der \u00dcberwindung von leinenbedingten Verhaltensproblemen, so dass Ihre Spazierg\u00e4nge angenehm und stressfrei werden.<\/p>\n<div class=\"flex-shrink-0 flex flex-col relative items-end\">\n<div>\n<div class=\"pt-0\">\n<div class=\"gizmo-bot-avatar flex h-8 w-8 items-center justify-center overflow-hidden rounded-full\">\n<div class=\"relative p-1 rounded-sm flex items-center justify-center bg-token-main-surface-primary text-token-text-primary h-8 w-8\"><\/div>\n<\/div>\n<\/div>\n<\/div>\n<\/div>\n<div class=\"group\/conversation-turn relative flex w-full min-w-0 flex-col agent-turn\">\n<div class=\"flex-col gap-1 md:gap-3\">\n<div class=\"flex max-w-full flex-col flex-grow\">\n<div class=\"min-h-[20px] text-message flex w-full flex-col items-end gap-2 break-words [.text-message+&amp;]:mt-5 overflow-x-auto whitespace-normal\" dir=\"auto\" data-message-author-role=\"assistant\" data-message-id=\"c98a0c2a-7b64-4805-8feb-b84270904e09\">\n<div class=\"flex w-full flex-col gap-1 empty:hidden first:pt-[3px]\">\n<div class=\"markdown prose w-full break-words dark:prose-invert light\">\n<h5><strong>Sind sanfte F\u00fchrer gut f\u00fcr Hunde, die ziehen?<\/strong><\/h5>\n<p>Ja, Gentle Leaders sind bei ziehenden Hunden wirksam. Sie funktionieren, indem sie den Kopf des Hundes zu Ihnen umlenken, wenn er versucht zu ziehen, und es ihm so erschweren, seine ganze K\u00f6rperkraft einzusetzen, um nach vorne zu ziehen. Dies erm\u00f6glicht eine bessere Kontrolle und hilft dabei, dem Hund das Ziehen abzugew\u00f6hnen.<\/p>\n<h5><strong>Wie bringe ich meinen Hund dazu, nicht mehr an der sanften Leine zu ziehen?<\/strong><\/h5>\n<p>Um Ihrem Hund zu helfen, mit dem Ziehen aufzuh\u00f6ren, w\u00e4hrend Sie einen Gentle Leader verwenden, f\u00fchren Sie seinen Kopf immer wieder sanft zu Ihnen zur\u00fcck, wenn er zu ziehen beginnt. Verbinden Sie diese Umlenkung mit positiver Verst\u00e4rkung wie Leckerlis oder Lob, wenn Ihr Hund brav l\u00e4uft, ohne zu ziehen. Es ist auch wichtig, dass der Gentle Leader Ihrem Hund richtig und bequem angelegt ist.<\/p>\n<h5><strong>Ist ein sanfter F\u00fchrer besser als ein Halti?<\/strong><\/h5>\n<p>Sowohl der Gentle Leader als auch das Halti bieten \u00e4hnliche Vorteile, indem sie den Kopf des Hundes kontrollieren, um das Ziehen zu reduzieren. Die Wahl zwischen den beiden kann davon abh\u00e4ngen, welches Band besser auf den Kopf Ihres Hundes passt und wie er darauf reagiert. Einige Hunde reagieren vielleicht besser auf den Gentle Leader, w\u00e4hrend andere den Halti bequemer finden.<\/p>\n<h5><strong>Wie lange kann man einen sanften F\u00fchrer an einem Hund lassen?<\/strong><\/h5>\n<p>Ein Gentle Leader sollte nur bei beaufsichtigten Aktivit\u00e4ten wie Spazierg\u00e4ngen oder Training getragen werden und nicht f\u00fcr l\u00e4ngere Zeit angelegt werden. Es ist nicht f\u00fcr das ganzt\u00e4gige Tragen konzipiert, da es bei zu langem Tragen zu Unbehagen oder Reizungen f\u00fchren kann, insbesondere wenn der Hund nicht aktiv ist.<\/p>\n<\/div>\n<\/div>\n<\/div>\n<\/div>\n<\/div>\n<\/div>","protected":false},"excerpt":{"rendered":"<p>Ver\u00e4ndern Sie Ihre Spazierg\u00e4nge mit dem Gentle Leader No Pull Dog Head Collar. Dieses Kopfhalsband \u00fcbt sanften Druck aus, um \u00fcberaktives Verhalten zu beruhigen und das Ziehen an der Leine zu reduzieren. Die gepolsterte Nasenschlaufe sorgt f\u00fcr Komfort und gew\u00e4hrleistet, dass es sowohl effektiv als auch human ist. Dieses Halsband ist ideal f\u00fcr das Training, ohne Ihren Hund in Bedr\u00e4ngnis zu bringen. Es hilft, Ihr Haustier auf nat\u00fcrliche Weise mit Kopfbewegungen zu f\u00fchren, was eine bessere Kommunikation und Verhaltenskorrektur erm\u00f6glicht.<\/p>","protected":false},"featured_media":8230,"template":"","meta":[],"product_brand":[],"product_cat":[26],"product_tag":[],"class_list":{"0":"post-7780","1":"product","2":"type-product","3":"status-publish","4":"has-post-thumbnail","6":"product_cat-dog-collar","7":"pa_brand-qqpets","9":"first","10":"instock","11":"shipping-taxable","12":"product-type-simple"},"yoast_head":"<!-- This site is optimized with the Yoast SEO plugin v26.6 - https:\/\/yoast.com\/wordpress\/plugins\/seo\/ -->\n<title>Gentle Leader No Pull Dog Head Collar | QQPETS<\/title>\n<meta name=\"description\" content=\"Master gentle control with our No Pull Dog Head Collar. Train with ease and comfort. Effective and humane!\" \/>\n<meta name=\"robots\" content=\"index, follow, max-snippet:-1, max-image-preview:large, max-video-preview:-1\" \/>\n<link rel=\"canonical\" href=\"https:\/\/qqpets.com\/de\/produkt\/gentle-leader-no-pull-dog-head-collar\/\" \/>\n<meta property=\"og:locale\" content=\"de_DE\" \/>\n<meta property=\"og:type\" content=\"article\" \/>\n<meta property=\"og:title\" content=\"Gentle Leader No Pull Dog Head Collar | QQPETS\" \/>\n<meta property=\"og:description\" content=\"Master gentle control with our No Pull Dog Head Collar. Train with ease and comfort. Effective and humane!\" \/>\n<meta property=\"og:url\" content=\"https:\/\/qqpets.com\/de\/produkt\/gentle-leader-no-pull-dog-head-collar\/\" \/>\n<meta property=\"og:site_name\" content=\"QQPETS\" \/>\n<meta property=\"article:publisher\" content=\"https:\/\/www.facebook.com\/QQpetsdogcollars\" \/>\n<meta property=\"article:modified_time\" content=\"2024-09-24T09:44:04+00:00\" \/>\n<meta property=\"og:image\" content=\"https:\/\/qqpets.com\/wp-content\/uploads\/2024\/09\/Dog-Head-Collar.webp\" \/>\n\t<meta property=\"og:image:width\" content=\"700\" \/>\n\t<meta property=\"og:image:height\" content=\"700\" \/>\n\t<meta property=\"og:image:type\" content=\"image\/webp\" \/>\n<meta name=\"twitter:card\" content=\"summary_large_image\" \/>\n<meta name=\"twitter:label1\" content=\"Gesch\u00e4tzte Lesezeit\" \/>\n\t<meta name=\"twitter:data1\" content=\"3\u00a0Minuten\" \/>\n<script type=\"application\/ld+json\" class=\"yoast-schema-graph\">{\"@context\":\"https:\/\/schema.org\",\"@graph\":[{\"@type\":\"WebPage\",\"@id\":\"https:\/\/qqpets.com\/product\/gentle-leader-no-pull-dog-head-collar\/\",\"url\":\"https:\/\/qqpets.com\/product\/gentle-leader-no-pull-dog-head-collar\/\",\"name\":\"Gentle Leader No Pull Dog Head Collar | QQPETS\",\"isPartOf\":{\"@id\":\"https:\/\/qqpets.com\/#website\"},\"primaryImageOfPage\":{\"@id\":\"https:\/\/qqpets.com\/product\/gentle-leader-no-pull-dog-head-collar\/#primaryimage\"},\"image\":{\"@id\":\"https:\/\/qqpets.com\/product\/gentle-leader-no-pull-dog-head-collar\/#primaryimage\"},\"thumbnailUrl\":\"https:\/\/qqpets.com\/wp-content\/uploads\/2024\/09\/Dog-Head-Collar.webp\",\"datePublished\":\"2024-09-02T09:55:49+00:00\",\"dateModified\":\"2024-09-24T09:44:04+00:00\",\"description\":\"Master gentle control with our No Pull Dog Head Collar. Train with ease and comfort. Effective and humane!\",\"breadcrumb\":{\"@id\":\"https:\/\/qqpets.com\/product\/gentle-leader-no-pull-dog-head-collar\/#breadcrumb\"},\"inLanguage\":\"de\",\"potentialAction\":[{\"@type\":\"ReadAction\",\"target\":[\"https:\/\/qqpets.com\/product\/gentle-leader-no-pull-dog-head-collar\/\"]}]},{\"@type\":\"ImageObject\",\"inLanguage\":\"de\",\"@id\":\"https:\/\/qqpets.com\/product\/gentle-leader-no-pull-dog-head-collar\/#primaryimage\",\"url\":\"https:\/\/qqpets.com\/wp-content\/uploads\/2024\/09\/Dog-Head-Collar.webp\",\"contentUrl\":\"https:\/\/qqpets.com\/wp-content\/uploads\/2024\/09\/Dog-Head-Collar.webp\",\"width\":700,\"height\":700,\"caption\":\"Dog-Head-Collar\"},{\"@type\":\"BreadcrumbList\",\"@id\":\"https:\/\/qqpets.com\/product\/gentle-leader-no-pull-dog-head-collar\/#breadcrumb\",\"itemListElement\":[{\"@type\":\"ListItem\",\"position\":1,\"name\":\"Home\",\"item\":\"https:\/\/qqpets.com\/\"},{\"@type\":\"ListItem\",\"position\":2,\"name\":\"Products\",\"item\":\"https:\/\/qqpets.com\/pet-products-manufacturer\/\"},{\"@type\":\"ListItem\",\"position\":3,\"name\":\"Gentle Leader No Pull Dog Head Collar\"}]},{\"@type\":\"WebSite\",\"@id\":\"https:\/\/qqpets.com\/#website\",\"url\":\"https:\/\/qqpets.com\/\",\"name\":\"QQPETS\",\"description\":\"QQPETS is a pet products factory for dog harnesses, dog collars, dog leashes and dog accessories with professional customized service since 2005.\",\"publisher\":{\"@id\":\"https:\/\/qqpets.com\/#organization\"},\"potentialAction\":[{\"@type\":\"SearchAction\",\"target\":{\"@type\":\"EntryPoint\",\"urlTemplate\":\"https:\/\/qqpets.com\/?s={search_term_string}\"},\"query-input\":{\"@type\":\"PropertyValueSpecification\",\"valueRequired\":true,\"valueName\":\"search_term_string\"}}],\"inLanguage\":\"de\"},{\"@type\":\"Organization\",\"@id\":\"https:\/\/qqpets.com\/#organization\",\"name\":\"QQPETS\",\"url\":\"https:\/\/qqpets.com\/\",\"logo\":{\"@type\":\"ImageObject\",\"inLanguage\":\"de\",\"@id\":\"https:\/\/qqpets.com\/#\/schema\/logo\/image\/\",\"url\":\"https:\/\/qqpets.com\/wp-content\/uploads\/2023\/09\/cropped-cropped-qqpets-tiktok.jpg\",\"contentUrl\":\"https:\/\/qqpets.com\/wp-content\/uploads\/2023\/09\/cropped-cropped-qqpets-tiktok.jpg\",\"width\":511,\"height\":511,\"caption\":\"QQPETS\"},\"image\":{\"@id\":\"https:\/\/qqpets.com\/#\/schema\/logo\/image\/\"},\"sameAs\":[\"https:\/\/www.facebook.com\/QQpetsdogcollars\",\"https:\/\/www.instagram.com\/qqpetscollar\/\",\"https:\/\/www.pinterest.com\/qqpetsdogcollarsfactory\/\"]}]}<\/script>\n<!-- \/ Yoast SEO plugin. -->","yoast_head_json":{"title":"Gentle Leader No Pull Hundehalsband | QQPETS","description":"Meistern Sie die sanfte Kontrolle mit unserem No Pull Hundehalsband. Trainieren Sie mit Leichtigkeit und Komfort. Effektiv und human!","robots":{"index":"index","follow":"follow","max-snippet":"max-snippet:-1","max-image-preview":"max-image-preview:large","max-video-preview":"max-video-preview:-1"},"canonical":"https:\/\/qqpets.com\/de\/produkt\/gentle-leader-no-pull-dog-head-collar\/","og_locale":"de_DE","og_type":"article","og_title":"Gentle Leader No Pull Dog Head Collar | QQPETS","og_description":"Master gentle control with our No Pull Dog Head Collar. Train with ease and comfort. Effective and humane!","og_url":"https:\/\/qqpets.com\/de\/produkt\/gentle-leader-no-pull-dog-head-collar\/","og_site_name":"QQPETS","article_publisher":"https:\/\/www.facebook.com\/QQpetsdogcollars","article_modified_time":"2024-09-24T09:44:04+00:00","og_image":[{"width":700,"height":700,"url":"https:\/\/qqpets.com\/wp-content\/uploads\/2024\/09\/Dog-Head-Collar.webp","type":"image\/webp"}],"twitter_card":"summary_large_image","twitter_misc":{"Gesch\u00e4tzte Lesezeit":"3\u00a0Minuten"},"schema":{"@context":"https:\/\/schema.org","@graph":[{"@type":"WebPage","@id":"https:\/\/qqpets.com\/product\/gentle-leader-no-pull-dog-head-collar\/","url":"https:\/\/qqpets.com\/product\/gentle-leader-no-pull-dog-head-collar\/","name":"Gentle Leader No Pull Hundehalsband | QQPETS","isPartOf":{"@id":"https:\/\/qqpets.com\/#website"},"primaryImageOfPage":{"@id":"https:\/\/qqpets.com\/product\/gentle-leader-no-pull-dog-head-collar\/#primaryimage"},"image":{"@id":"https:\/\/qqpets.com\/product\/gentle-leader-no-pull-dog-head-collar\/#primaryimage"},"thumbnailUrl":"https:\/\/qqpets.com\/wp-content\/uploads\/2024\/09\/Dog-Head-Collar.webp","datePublished":"2024-09-02T09:55:49+00:00","dateModified":"2024-09-24T09:44:04+00:00","description":"Meistern Sie die sanfte Kontrolle mit unserem No Pull Hundehalsband. Trainieren Sie mit Leichtigkeit und Komfort. Effektiv und human!","breadcrumb":{"@id":"https:\/\/qqpets.com\/product\/gentle-leader-no-pull-dog-head-collar\/#breadcrumb"},"inLanguage":"de","potentialAction":[{"@type":"ReadAction","target":["https:\/\/qqpets.com\/product\/gentle-leader-no-pull-dog-head-collar\/"]}]},{"@type":"ImageObject","inLanguage":"de","@id":"https:\/\/qqpets.com\/product\/gentle-leader-no-pull-dog-head-collar\/#primaryimage","url":"https:\/\/qqpets.com\/wp-content\/uploads\/2024\/09\/Dog-Head-Collar.webp","contentUrl":"https:\/\/qqpets.com\/wp-content\/uploads\/2024\/09\/Dog-Head-Collar.webp","width":700,"height":700,"caption":"Dog-Head-Collar"},{"@type":"BreadcrumbList","@id":"https:\/\/qqpets.com\/product\/gentle-leader-no-pull-dog-head-collar\/#breadcrumb","itemListElement":[{"@type":"ListItem","position":1,"name":"Home","item":"https:\/\/qqpets.com\/"},{"@type":"ListItem","position":2,"name":"Products","item":"https:\/\/qqpets.com\/pet-products-manufacturer\/"},{"@type":"ListItem","position":3,"name":"Gentle Leader No Pull Dog Head Collar"}]},{"@type":"WebSite","@id":"https:\/\/qqpets.com\/#website","url":"https:\/\/qqpets.com\/","name":"QQPETS","description":"QQPETS ist eine Fabrik f\u00fcr Haustierprodukte f\u00fcr Hundegeschirre, Hundehalsb\u00e4nder, Hundeleinen und Hundezubeh\u00f6r mit professionellem, individuellem Service seit 2005.","publisher":{"@id":"https:\/\/qqpets.com\/#organization"},"potentialAction":[{"@type":"SearchAction","target":{"@type":"EntryPoint","urlTemplate":"https:\/\/qqpets.com\/?s={search_term_string}"},"query-input":{"@type":"PropertyValueSpecification","valueRequired":true,"valueName":"search_term_string"}}],"inLanguage":"de"},{"@type":"Organization","@id":"https:\/\/qqpets.com\/#organization","name":"QQPETS","url":"https:\/\/qqpets.com\/","logo":{"@type":"ImageObject","inLanguage":"de","@id":"https:\/\/qqpets.com\/#\/schema\/logo\/image\/","url":"https:\/\/qqpets.com\/wp-content\/uploads\/2023\/09\/cropped-cropped-qqpets-tiktok.jpg","contentUrl":"https:\/\/qqpets.com\/wp-content\/uploads\/2023\/09\/cropped-cropped-qqpets-tiktok.jpg","width":511,"height":511,"caption":"QQPETS"},"image":{"@id":"https:\/\/qqpets.com\/#\/schema\/logo\/image\/"},"sameAs":["https:\/\/www.facebook.com\/QQpetsdogcollars","https:\/\/www.instagram.com\/qqpetscollar\/","https:\/\/www.pinterest.com\/qqpetsdogcollarsfactory\/"]}]}},"_links":{"self":[{"href":"https:\/\/qqpets.com\/de\/wp-json\/wp\/v2\/product\/7780","targetHints":{"allow":["GET"]}}],"collection":[{"href":"https:\/\/qqpets.com\/de\/wp-json\/wp\/v2\/product"}],"about":[{"href":"https:\/\/qqpets.com\/de\/wp-json\/wp\/v2\/types\/product"}],"wp:featuredmedia":[{"embeddable":true,"href":"https:\/\/qqpets.com\/de\/wp-json\/wp\/v2\/media\/8230"}],"wp:attachment":[{"href":"https:\/\/qqpets.com\/de\/wp-json\/wp\/v2\/media?parent=7780"}],"wp:term":[{"taxonomy":"product_brand","embeddable":true,"href":"https:\/\/qqpets.com\/de\/wp-json\/wp\/v2\/product_brand?post=7780"},{"taxonomy":"product_cat","embeddable":true,"href":"https:\/\/qqpets.com\/de\/wp-json\/wp\/v2\/product_cat?post=7780"},{"taxonomy":"product_tag","embeddable":true,"href":"https:\/\/qqpets.com\/de\/wp-json\/wp\/v2\/product_tag?post=7780"}],"curies":[{"name":"wp","href":"https:\/\/api.w.org\/{rel}","templated":true}]}}